{"id":9667,"date":"2021-04-06T11:01:42","date_gmt":"2021-04-06T10:01:42","guid":{"rendered":"https:\/\/oller-pintures.c.wetopi.com\/producte\/esmalte-de-poliuretano-2-componentes-blatem-ceramico-blanco-500ml-125ml\/"},"modified":"2021-06-09T10:08:25","modified_gmt":"2021-06-09T09:08:25","slug":"esmalte-de-poliuretano-2-componentes-blatem-ceramico-blanco-500ml-125ml","status":"publish","type":"product","link":"https:\/\/ollerpintures.com\/es\/producto\/esmalte-de-poliuretano-2-componentes-blatem-ceramico-blanco-500ml-125ml\/","title":{"rendered":"Esmalte de poliuretano 2 componentes BLATEM Cer\u00e1mico Blanco 500ml + 125ml"},"content":{"rendered":"<p>Esmalte de poliuretano acr\u00edlico de dos componentes. Es un producto especial para pintar ba\u00f1os, ba\u00f1eras, baldosas, cer\u00e1mica, gres, etc. \u00a1Conseguir\u00e1s un acabado excelente con un color blanco puro!<\/p>\n<p>&nbsp;<\/p>\n<p>Es apto para uso interior y exterior y ofrece gran resistencia a los agentes atmosf\u00e9ricos.<\/p>\n<p>&nbsp;<\/p>\n<p><em><strong>\u00a1Lee todas las caracter\u00edsticas en la ficha t\u00e9cnica adjunta!<\/strong><\/em><\/p>\n","protected":false},"excerpt":{"rendered":"<p>Esmalte de poliuretano acr\u00edlico de dos componentes. Es un producto especial para pintar ba\u00f1os, ba\u00f1eras, baldosas, cer\u00e1mica, gres, etc. \u00a1Conseguir\u00e1s un acabado excelente con un &#8230; <\/p>\n<p class=\"read-more-container\"><a title=\"Esmalte de poliuretano 2 componentes BLATEM Cer\u00e1mico Blanco 500ml + 125ml\" class=\"read-more button\" href=\"https:\/\/ollerpintures.com\/es\/producto\/esmalte-de-poliuretano-2-componentes-blatem-ceramico-blanco-500ml-125ml\/#more-9667\" aria-label=\"Leer m\u00e1s sobre Esmalte de poliuretano 2 componentes BLATEM Cer\u00e1mico Blanco 500ml + 125ml\">Leer m\u00e1s<\/a><\/p>\n","protected":false},"featured_media":9665,"template":"","meta":{"_acf_changed":false},"pwb-brand":[786],"product_brand":[],"product_cat":[201,202,206,240],"product_tag":[330,746,238,214,213,215],"class_list":{"0":"post-9667","1":"product","2":"type-product","3":"status-publish","4":"has-post-thumbnail","6":"pwb-brand-blatem-es","7":"product_cat-pintura-es","8":"product_cat-pintura-exterior","9":"product_cat-interior","10":"product_cat-pintura-para-azulejos","11":"product_tag-azulejo-es-2","12":"product_tag-bano","13":"product_tag-blatem-es","14":"product_tag-exterior-es","15":"product_tag-interior-es","16":"product_tag-pintura-es","17":"no-featured-image-padding","18":"resize-featured-image","19":"sales-flash-overlay","20":"woocommerce-text-align-left","21":"woocommerce-image-align-center","22":"do-quantity-buttons","23":"wc-has-gallery","25":"first","26":"instock","27":"shipping-taxable","28":"purchasable","29":"product-type-simple"},"acf":[],"yoast_head":"<!-- This site is optimized with the Yoast SEO plugin v27.1.1 - https:\/\/yoast.com\/product\/yoast-seo-wordpress\/ -->\n<title>Esmalte de poliuretano 2 componentes BLATEM Cer\u00e1mico Blanco 500ml + 125ml - Oller Pinturas y revestimientos<\/title>\n<meta name=\"description\" content=\"Esmalte de poliuretano acr\u00edlico de dos componentes. Es un producto especial para pintar ba\u00f1os, ba\u00f1eras, baldosas, cer\u00e1mica, gres, etc. \u00a1Conseguir\u00e1s un\" \/>\n<meta name=\"robots\" content=\"index, follow, max-snippet:-1, max-image-preview:large, max-video-preview:-1\" \/>\n<link rel=\"canonical\" href=\"https:\/\/ollerpintures.com\/es\/producto\/esmalte-de-poliuretano-2-componentes-blatem-ceramico-blanco-500ml-125ml\/\" \/>\n<meta property=\"og:locale\" content=\"es_ES\" \/>\n<meta property=\"og:type\" content=\"article\" \/>\n<meta property=\"og:title\" content=\"Esmalte de poliuretano 2 componentes BLATEM Cer\u00e1mico Blanco 500ml + 125ml - Oller Pinturas y revestimientos\" \/>\n<meta property=\"og:description\" content=\"Esmalte de poliuretano acr\u00edlico de dos componentes. Es un producto especial para pintar ba\u00f1os, ba\u00f1eras, baldosas, cer\u00e1mica, gres, etc. \u00a1Conseguir\u00e1s un\" \/>\n<meta property=\"og:url\" content=\"https:\/\/ollerpintures.com\/es\/producto\/esmalte-de-poliuretano-2-componentes-blatem-ceramico-blanco-500ml-125ml\/\" \/>\n<meta property=\"og:site_name\" content=\"Oller Pinturas y revestimientos\" \/>\n<meta property=\"article:publisher\" content=\"https:\/\/www.facebook.com\/people\/Oller-Pintures\/100063652056709\/\" \/>\n<meta property=\"article:modified_time\" content=\"2021-06-09T09:08:25+00:00\" \/>\n<meta property=\"og:image\" content=\"https:\/\/ollerpintures.com\/wp-content\/uploads\/2021\/04\/esmalte-poliuretano-acrilico-2-comp-bcosat-blatem-500ml125ml-comprar-online-oller-baneras-2.jpg\" \/>\n\t<meta property=\"og:image:width\" content=\"1080\" \/>\n\t<meta property=\"og:image:height\" content=\"1080\" \/>\n\t<meta property=\"og:image:type\" content=\"image\/jpeg\" \/>\n<meta name=\"twitter:card\" content=\"summary_large_image\" \/>\n<script type=\"application\/ld+json\" class=\"yoast-schema-graph\">{\"@context\":\"https:\/\/schema.org\",\"@graph\":[{\"@type\":\"WebPage\",\"@id\":\"https:\/\/ollerpintures.com\/es\/producto\/esmalte-de-poliuretano-2-componentes-blatem-ceramico-blanco-500ml-125ml\/\",\"url\":\"https:\/\/ollerpintures.com\/es\/producto\/esmalte-de-poliuretano-2-componentes-blatem-ceramico-blanco-500ml-125ml\/\",\"name\":\"Esmalte de poliuretano 2 componentes BLATEM Cer\u00e1mico Blanco 500ml + 125ml - Oller Pinturas y revestimientos\",\"isPartOf\":{\"@id\":\"https:\/\/ollerpintures.com\/es\/#website\"},\"primaryImageOfPage\":{\"@id\":\"https:\/\/ollerpintures.com\/es\/producto\/esmalte-de-poliuretano-2-componentes-blatem-ceramico-blanco-500ml-125ml\/#primaryimage\"},\"image\":{\"@id\":\"https:\/\/ollerpintures.com\/es\/producto\/esmalte-de-poliuretano-2-componentes-blatem-ceramico-blanco-500ml-125ml\/#primaryimage\"},\"thumbnailUrl\":\"https:\/\/ollerpintures.com\/wp-content\/uploads\/2021\/04\/esmalte-poliuretano-acrilico-2-comp-bcosat-blatem-500ml125ml-comprar-online-oller-baneras-2.jpg\",\"datePublished\":\"2021-04-06T10:01:42+00:00\",\"dateModified\":\"2021-06-09T09:08:25+00:00\",\"description\":\"Esmalte de poliuretano acr\u00edlico de dos componentes. Es un producto especial para pintar ba\u00f1os, ba\u00f1eras, baldosas, cer\u00e1mica, gres, etc. \u00a1Conseguir\u00e1s un\",\"breadcrumb\":{\"@id\":\"https:\/\/ollerpintures.com\/es\/producto\/esmalte-de-poliuretano-2-componentes-blatem-ceramico-blanco-500ml-125ml\/#breadcrumb\"},\"inLanguage\":\"es\",\"potentialAction\":[{\"@type\":\"ReadAction\",\"target\":[\"https:\/\/ollerpintures.com\/es\/producto\/esmalte-de-poliuretano-2-componentes-blatem-ceramico-blanco-500ml-125ml\/\"]}]},{\"@type\":\"ImageObject\",\"inLanguage\":\"es\",\"@id\":\"https:\/\/ollerpintures.com\/es\/producto\/esmalte-de-poliuretano-2-componentes-blatem-ceramico-blanco-500ml-125ml\/#primaryimage\",\"url\":\"https:\/\/ollerpintures.com\/wp-content\/uploads\/2021\/04\/esmalte-poliuretano-acrilico-2-comp-bcosat-blatem-500ml125ml-comprar-online-oller-baneras-2.jpg\",\"contentUrl\":\"https:\/\/ollerpintures.com\/wp-content\/uploads\/2021\/04\/esmalte-poliuretano-acrilico-2-comp-bcosat-blatem-500ml125ml-comprar-online-oller-baneras-2.jpg\",\"width\":1080,\"height\":1080,\"caption\":\"Esmalte poliuretano BLATEM Cer\u00e1mico Blanco\"},{\"@type\":\"BreadcrumbList\",\"@id\":\"https:\/\/ollerpintures.com\/es\/producto\/esmalte-de-poliuretano-2-componentes-blatem-ceramico-blanco-500ml-125ml\/#breadcrumb\",\"itemListElement\":[{\"@type\":\"ListItem\",\"position\":1,\"name\":\"Inici\",\"item\":\"https:\/\/ollerpintures.com\/es\/\"},{\"@type\":\"ListItem\",\"position\":2,\"name\":\"Tienda\",\"item\":\"https:\/\/ollerpintures.com\/es\/tienda\/\"},{\"@type\":\"ListItem\",\"position\":3,\"name\":\"Esmalte de poliuretano 2 componentes BLATEM Cer\u00e1mico Blanco 500ml + 125ml\"}]},{\"@type\":\"WebSite\",\"@id\":\"https:\/\/ollerpintures.com\/es\/#website\",\"url\":\"https:\/\/ollerpintures.com\/es\/\",\"name\":\"Oller Pinturas y Revestimientos\",\"description\":\"M\u00e1s de 50 a\u00f1os acompa\u00f1ando a profesionales y particulares con soluciones de pintura duraderas y sostenibles, seis tiendas de proximidad con servicio tintom\u00e9trico propio y un compromiso real con el oficio y las nuevas generaciones.\",\"publisher\":{\"@id\":\"https:\/\/ollerpintures.com\/es\/#organization\"},\"alternateName\":\"Oller Grup\",\"potentialAction\":[{\"@type\":\"SearchAction\",\"target\":{\"@type\":\"EntryPoint\",\"urlTemplate\":\"https:\/\/ollerpintures.com\/es\/?s={search_term_string}\"},\"query-input\":{\"@type\":\"PropertyValueSpecification\",\"valueRequired\":true,\"valueName\":\"search_term_string\"}}],\"inLanguage\":\"es\"},{\"@type\":\"Organization\",\"@id\":\"https:\/\/ollerpintures.com\/es\/#organization\",\"name\":\"Oller Pintures i Revestiments\",\"alternateName\":\"Oller Grup\",\"url\":\"https:\/\/ollerpintures.com\/es\/\",\"logo\":{\"@type\":\"ImageObject\",\"inLanguage\":\"es\",\"@id\":\"https:\/\/ollerpintures.com\/es\/#\/schema\/logo\/image\/\",\"url\":\"https:\/\/ollerpintures.com\/wp-content\/uploads\/2024\/05\/newLogo.png\",\"contentUrl\":\"https:\/\/ollerpintures.com\/wp-content\/uploads\/2024\/05\/newLogo.png\",\"width\":483,\"height\":244,\"caption\":\"Oller Pintures i Revestiments\"},\"image\":{\"@id\":\"https:\/\/ollerpintures.com\/es\/#\/schema\/logo\/image\/\"},\"sameAs\":[\"https:\/\/www.facebook.com\/people\/Oller-Pintures\/100063652056709\/\",\"https:\/\/www.instagram.com\/ollerpintures\/\",\"https:\/\/descriptor.es\/organization\/oller-grup\/\"]}]}<\/script>\n<!-- \/ Yoast SEO plugin. -->","yoast_head_json":{"title":"Esmalte de poliuretano 2 componentes BLATEM Cer\u00e1mico Blanco 500ml + 125ml - Oller Pinturas y revestimientos","description":"Esmalte de poliuretano acr\u00edlico de dos componentes. Es un producto especial para pintar ba\u00f1os, ba\u00f1eras, baldosas, cer\u00e1mica, gres, etc. \u00a1Conseguir\u00e1s un","robots":{"index":"index","follow":"follow","max-snippet":"max-snippet:-1","max-image-preview":"max-image-preview:large","max-video-preview":"max-video-preview:-1"},"canonical":"https:\/\/ollerpintures.com\/es\/producto\/esmalte-de-poliuretano-2-componentes-blatem-ceramico-blanco-500ml-125ml\/","og_locale":"es_ES","og_type":"article","og_title":"Esmalte de poliuretano 2 componentes BLATEM Cer\u00e1mico Blanco 500ml + 125ml - Oller Pinturas y revestimientos","og_description":"Esmalte de poliuretano acr\u00edlico de dos componentes. Es un producto especial para pintar ba\u00f1os, ba\u00f1eras, baldosas, cer\u00e1mica, gres, etc. \u00a1Conseguir\u00e1s un","og_url":"https:\/\/ollerpintures.com\/es\/producto\/esmalte-de-poliuretano-2-componentes-blatem-ceramico-blanco-500ml-125ml\/","og_site_name":"Oller Pinturas y revestimientos","article_publisher":"https:\/\/www.facebook.com\/people\/Oller-Pintures\/100063652056709\/","article_modified_time":"2021-06-09T09:08:25+00:00","og_image":[{"width":1080,"height":1080,"url":"https:\/\/ollerpintures.com\/wp-content\/uploads\/2021\/04\/esmalte-poliuretano-acrilico-2-comp-bcosat-blatem-500ml125ml-comprar-online-oller-baneras-2.jpg","type":"image\/jpeg"}],"twitter_card":"summary_large_image","schema":{"@context":"https:\/\/schema.org","@graph":[{"@type":"WebPage","@id":"https:\/\/ollerpintures.com\/es\/producto\/esmalte-de-poliuretano-2-componentes-blatem-ceramico-blanco-500ml-125ml\/","url":"https:\/\/ollerpintures.com\/es\/producto\/esmalte-de-poliuretano-2-componentes-blatem-ceramico-blanco-500ml-125ml\/","name":"Esmalte de poliuretano 2 componentes BLATEM Cer\u00e1mico Blanco 500ml + 125ml - Oller Pinturas y revestimientos","isPartOf":{"@id":"https:\/\/ollerpintures.com\/es\/#website"},"primaryImageOfPage":{"@id":"https:\/\/ollerpintures.com\/es\/producto\/esmalte-de-poliuretano-2-componentes-blatem-ceramico-blanco-500ml-125ml\/#primaryimage"},"image":{"@id":"https:\/\/ollerpintures.com\/es\/producto\/esmalte-de-poliuretano-2-componentes-blatem-ceramico-blanco-500ml-125ml\/#primaryimage"},"thumbnailUrl":"https:\/\/ollerpintures.com\/wp-content\/uploads\/2021\/04\/esmalte-poliuretano-acrilico-2-comp-bcosat-blatem-500ml125ml-comprar-online-oller-baneras-2.jpg","datePublished":"2021-04-06T10:01:42+00:00","dateModified":"2021-06-09T09:08:25+00:00","description":"Esmalte de poliuretano acr\u00edlico de dos componentes. Es un producto especial para pintar ba\u00f1os, ba\u00f1eras, baldosas, cer\u00e1mica, gres, etc. \u00a1Conseguir\u00e1s un","breadcrumb":{"@id":"https:\/\/ollerpintures.com\/es\/producto\/esmalte-de-poliuretano-2-componentes-blatem-ceramico-blanco-500ml-125ml\/#breadcrumb"},"inLanguage":"es","potentialAction":[{"@type":"ReadAction","target":["https:\/\/ollerpintures.com\/es\/producto\/esmalte-de-poliuretano-2-componentes-blatem-ceramico-blanco-500ml-125ml\/"]}]},{"@type":"ImageObject","inLanguage":"es","@id":"https:\/\/ollerpintures.com\/es\/producto\/esmalte-de-poliuretano-2-componentes-blatem-ceramico-blanco-500ml-125ml\/#primaryimage","url":"https:\/\/ollerpintures.com\/wp-content\/uploads\/2021\/04\/esmalte-poliuretano-acrilico-2-comp-bcosat-blatem-500ml125ml-comprar-online-oller-baneras-2.jpg","contentUrl":"https:\/\/ollerpintures.com\/wp-content\/uploads\/2021\/04\/esmalte-poliuretano-acrilico-2-comp-bcosat-blatem-500ml125ml-comprar-online-oller-baneras-2.jpg","width":1080,"height":1080,"caption":"Esmalte poliuretano BLATEM Cer\u00e1mico Blanco"},{"@type":"BreadcrumbList","@id":"https:\/\/ollerpintures.com\/es\/producto\/esmalte-de-poliuretano-2-componentes-blatem-ceramico-blanco-500ml-125ml\/#breadcrumb","itemListElement":[{"@type":"ListItem","position":1,"name":"Inici","item":"https:\/\/ollerpintures.com\/es\/"},{"@type":"ListItem","position":2,"name":"Tienda","item":"https:\/\/ollerpintures.com\/es\/tienda\/"},{"@type":"ListItem","position":3,"name":"Esmalte de poliuretano 2 componentes BLATEM Cer\u00e1mico Blanco 500ml + 125ml"}]},{"@type":"WebSite","@id":"https:\/\/ollerpintures.com\/es\/#website","url":"https:\/\/ollerpintures.com\/es\/","name":"Oller Pinturas y Revestimientos","description":"M\u00e1s de 50 a\u00f1os acompa\u00f1ando a profesionales y particulares con soluciones de pintura duraderas y sostenibles, seis tiendas de proximidad con servicio tintom\u00e9trico propio y un compromiso real con el oficio y las nuevas generaciones.","publisher":{"@id":"https:\/\/ollerpintures.com\/es\/#organization"},"alternateName":"Oller Grup","potentialAction":[{"@type":"SearchAction","target":{"@type":"EntryPoint","urlTemplate":"https:\/\/ollerpintures.com\/es\/?s={search_term_string}"},"query-input":{"@type":"PropertyValueSpecification","valueRequired":true,"valueName":"search_term_string"}}],"inLanguage":"es"},{"@type":"Organization","@id":"https:\/\/ollerpintures.com\/es\/#organization","name":"Oller Pintures i Revestiments","alternateName":"Oller Grup","url":"https:\/\/ollerpintures.com\/es\/","logo":{"@type":"ImageObject","inLanguage":"es","@id":"https:\/\/ollerpintures.com\/es\/#\/schema\/logo\/image\/","url":"https:\/\/ollerpintures.com\/wp-content\/uploads\/2024\/05\/newLogo.png","contentUrl":"https:\/\/ollerpintures.com\/wp-content\/uploads\/2024\/05\/newLogo.png","width":483,"height":244,"caption":"Oller Pintures i Revestiments"},"image":{"@id":"https:\/\/ollerpintures.com\/es\/#\/schema\/logo\/image\/"},"sameAs":["https:\/\/www.facebook.com\/people\/Oller-Pintures\/100063652056709\/","https:\/\/www.instagram.com\/ollerpintures\/","https:\/\/descriptor.es\/organization\/oller-grup\/"]}]}},"brands":[{"id":786,"name":"Blatem","slug":"blatem-es"}],"_links":{"self":[{"href":"https:\/\/ollerpintures.com\/es\/wp-json\/wp\/v2\/product\/9667","targetHints":{"allow":["GET"]}}],"collection":[{"href":"https:\/\/ollerpintures.com\/es\/wp-json\/wp\/v2\/product"}],"about":[{"href":"https:\/\/ollerpintures.com\/es\/wp-json\/wp\/v2\/types\/product"}],"wp:featuredmedia":[{"embeddable":true,"href":"https:\/\/ollerpintures.com\/es\/wp-json\/wp\/v2\/media\/9665"}],"wp:attachment":[{"href":"https:\/\/ollerpintures.com\/es\/wp-json\/wp\/v2\/media?parent=9667"}],"wp:term":[{"taxonomy":"pwb-brand","embeddable":true,"href":"https:\/\/ollerpintures.com\/es\/wp-json\/wp\/v2\/pwb-brand?post=9667"},{"taxonomy":"product_brand","embeddable":true,"href":"https:\/\/ollerpintures.com\/es\/wp-json\/wp\/v2\/product_brand?post=9667"},{"taxonomy":"product_cat","embeddable":true,"href":"https:\/\/ollerpintures.com\/es\/wp-json\/wp\/v2\/product_cat?post=9667"},{"taxonomy":"product_tag","embeddable":true,"href":"https:\/\/ollerpintures.com\/es\/wp-json\/wp\/v2\/product_tag?post=9667"}],"curies":[{"name":"wp","href":"https:\/\/api.w.org\/{rel}","templated":true}]}}