{"id":9487,"date":"2021-03-15T10:09:53","date_gmt":"2021-03-15T09:09:53","guid":{"rendered":"https:\/\/oller-pintures.c.wetopi.com\/producte\/pack-2-recambios-pad-madera-hilo-largo\/"},"modified":"2025-04-05T18:08:14","modified_gmt":"2025-04-05T17:08:14","slug":"pack-2-recambios-pad-madera-hilo-largo","status":"publish","type":"product","link":"https:\/\/ollerpintures.com\/es\/producto\/pack-2-recambios-pad-madera-hilo-largo\/","title":{"rendered":"Pack 2 recambios PAD Madera Hilo Largo"},"content":{"rendered":"<p>Es el sistema m\u00e1s productivo para aplicar tratamientos penetrantes en madera. Este PAD Madera Hilo Largo te proporcionar\u00e1 una experiencia con total comodidad, rapidez y resultado \u00f3ptimo. Si quieres pintar tarimas de madera, \u00a1este es el producto que necesitas! Gana en productividad y acabado cuando apliques pintura en tarimas de teca o superficies horizontales.<\/p>\n<h4>Caracter\u00edsticas<\/h4>\n<ul>\n<li>Evita sobre-espesores y no crea espuma<\/li>\n<li>Rosca c\u00f3nica para utilizar alargo de rosca italo-espa\u00f1ola<\/li>\n<li>Montado sobre capa de espuma para obtener mayor suavidad en la aplicaci\u00f3n<\/li>\n<li>Fibras acr\u00edlicas largas<\/li>\n<li>22,5 x 8,5cm<\/li>\n<\/ul>\n","protected":false},"excerpt":{"rendered":"<p>Es el sistema m\u00e1s productivo para aplicar tratamientos penetrantes en madera. Este PAD Madera Hilo Largo te proporcionar\u00e1 una experiencia con total comodidad, rapidez y &#8230; <\/p>\n<p class=\"read-more-container\"><a title=\"Pack 2 recambios PAD Madera Hilo Largo\" class=\"read-more button\" href=\"https:\/\/ollerpintures.com\/es\/producto\/pack-2-recambios-pad-madera-hilo-largo\/#more-9487\" aria-label=\"Leer m\u00e1s sobre Pack 2 recambios PAD Madera Hilo Largo\">Leer m\u00e1s<\/a><\/p>\n","protected":false},"featured_media":9461,"template":"","meta":{"_acf_changed":false},"pwb-brand":[],"product_brand":[],"product_cat":[202,112,199],"product_tag":[214,210,213,738,537,436,743],"class_list":{"0":"post-9487","1":"product","2":"type-product","3":"status-publish","4":"has-post-thumbnail","6":"product_cat-pintura-exterior","7":"product_cat-herramientas-y-complementos","8":"product_cat-para-pintar","9":"product_tag-exterior-es","10":"product_tag-herramientas","11":"product_tag-interior-es","12":"product_tag-jardin","13":"product_tag-madera","14":"product_tag-packs-es","15":"product_tag-tratamiento-para-madera","16":"no-featured-image-padding","17":"resize-featured-image","18":"sales-flash-overlay","19":"woocommerce-text-align-left","20":"woocommerce-image-align-center","21":"do-quantity-buttons","23":"first","24":"instock","25":"shipping-taxable","26":"purchasable","27":"product-type-simple"},"acf":[],"yoast_head":"<!-- This site is optimized with the Yoast SEO plugin v27.1.1 - https:\/\/yoast.com\/product\/yoast-seo-wordpress\/ -->\n<title>Pack 2 recambios PAD Madera Hilo Largo - Oller Pinturas y revestimientos<\/title>\n<meta name=\"description\" content=\"Es el sistema m\u00e1s productivo para aplicar tratamientos penetrantes en madera. Este PAD Madera Hilo Largo te proporcionar\u00e1 una experiencia con total\" \/>\n<meta name=\"robots\" content=\"index, follow, max-snippet:-1, max-image-preview:large, max-video-preview:-1\" \/>\n<link rel=\"canonical\" href=\"https:\/\/ollerpintures.com\/es\/producto\/pack-2-recambios-pad-madera-hilo-largo\/\" \/>\n<meta property=\"og:locale\" content=\"es_ES\" \/>\n<meta property=\"og:type\" content=\"article\" \/>\n<meta property=\"og:title\" content=\"Pack 2 recambios PAD Madera Hilo Largo - Oller Pinturas y revestimientos\" \/>\n<meta property=\"og:description\" content=\"Es el sistema m\u00e1s productivo para aplicar tratamientos penetrantes en madera. Este PAD Madera Hilo Largo te proporcionar\u00e1 una experiencia con total\" \/>\n<meta property=\"og:url\" content=\"https:\/\/ollerpintures.com\/es\/producto\/pack-2-recambios-pad-madera-hilo-largo\/\" \/>\n<meta property=\"og:site_name\" content=\"Oller Pinturas y revestimientos\" \/>\n<meta property=\"article:publisher\" content=\"https:\/\/www.facebook.com\/people\/Oller-Pintures\/100063652056709\/\" \/>\n<meta property=\"article:modified_time\" content=\"2025-04-05T17:08:14+00:00\" \/>\n<meta property=\"og:image\" content=\"https:\/\/ollerpintures.com\/wp-content\/uploads\/2021\/03\/pack-2-recambios-pad-madera-hilo-largo-comprar-online-oller-pintura.jpg\" \/>\n\t<meta property=\"og:image:width\" content=\"800\" \/>\n\t<meta property=\"og:image:height\" content=\"800\" \/>\n\t<meta property=\"og:image:type\" content=\"image\/jpeg\" \/>\n<meta name=\"twitter:card\" content=\"summary_large_image\" \/>\n<script type=\"application\/ld+json\" class=\"yoast-schema-graph\">{\"@context\":\"https:\/\/schema.org\",\"@graph\":[{\"@type\":\"WebPage\",\"@id\":\"https:\/\/ollerpintures.com\/es\/producto\/pack-2-recambios-pad-madera-hilo-largo\/\",\"url\":\"https:\/\/ollerpintures.com\/es\/producto\/pack-2-recambios-pad-madera-hilo-largo\/\",\"name\":\"Pack 2 recambios PAD Madera Hilo Largo - Oller Pinturas y revestimientos\",\"isPartOf\":{\"@id\":\"https:\/\/ollerpintures.com\/es\/#website\"},\"primaryImageOfPage\":{\"@id\":\"https:\/\/ollerpintures.com\/es\/producto\/pack-2-recambios-pad-madera-hilo-largo\/#primaryimage\"},\"image\":{\"@id\":\"https:\/\/ollerpintures.com\/es\/producto\/pack-2-recambios-pad-madera-hilo-largo\/#primaryimage\"},\"thumbnailUrl\":\"https:\/\/ollerpintures.com\/wp-content\/uploads\/2021\/03\/pack-2-recambios-pad-madera-hilo-largo-comprar-online-oller-pintura.jpg\",\"datePublished\":\"2021-03-15T09:09:53+00:00\",\"dateModified\":\"2025-04-05T17:08:14+00:00\",\"description\":\"Es el sistema m\u00e1s productivo para aplicar tratamientos penetrantes en madera. Este PAD Madera Hilo Largo te proporcionar\u00e1 una experiencia con total\",\"breadcrumb\":{\"@id\":\"https:\/\/ollerpintures.com\/es\/producto\/pack-2-recambios-pad-madera-hilo-largo\/#breadcrumb\"},\"inLanguage\":\"es\",\"potentialAction\":[{\"@type\":\"ReadAction\",\"target\":[\"https:\/\/ollerpintures.com\/es\/producto\/pack-2-recambios-pad-madera-hilo-largo\/\"]}]},{\"@type\":\"ImageObject\",\"inLanguage\":\"es\",\"@id\":\"https:\/\/ollerpintures.com\/es\/producto\/pack-2-recambios-pad-madera-hilo-largo\/#primaryimage\",\"url\":\"https:\/\/ollerpintures.com\/wp-content\/uploads\/2021\/03\/pack-2-recambios-pad-madera-hilo-largo-comprar-online-oller-pintura.jpg\",\"contentUrl\":\"https:\/\/ollerpintures.com\/wp-content\/uploads\/2021\/03\/pack-2-recambios-pad-madera-hilo-largo-comprar-online-oller-pintura.jpg\",\"width\":800,\"height\":800,\"caption\":\"PAD Madera Hilo Largo recambios\"},{\"@type\":\"BreadcrumbList\",\"@id\":\"https:\/\/ollerpintures.com\/es\/producto\/pack-2-recambios-pad-madera-hilo-largo\/#breadcrumb\",\"itemListElement\":[{\"@type\":\"ListItem\",\"position\":1,\"name\":\"Inici\",\"item\":\"https:\/\/ollerpintures.com\/es\/\"},{\"@type\":\"ListItem\",\"position\":2,\"name\":\"Tienda\",\"item\":\"https:\/\/ollerpintures.com\/es\/tienda\/\"},{\"@type\":\"ListItem\",\"position\":3,\"name\":\"Pack 2 recambios PAD Madera Hilo Largo\"}]},{\"@type\":\"WebSite\",\"@id\":\"https:\/\/ollerpintures.com\/es\/#website\",\"url\":\"https:\/\/ollerpintures.com\/es\/\",\"name\":\"Oller Pinturas y Revestimientos\",\"description\":\"M\u00e1s de 50 a\u00f1os acompa\u00f1ando a profesionales y particulares con soluciones de pintura duraderas y sostenibles, seis tiendas de proximidad con servicio tintom\u00e9trico propio y un compromiso real con el oficio y las nuevas generaciones.\",\"publisher\":{\"@id\":\"https:\/\/ollerpintures.com\/es\/#organization\"},\"alternateName\":\"Oller Grup\",\"potentialAction\":[{\"@type\":\"SearchAction\",\"target\":{\"@type\":\"EntryPoint\",\"urlTemplate\":\"https:\/\/ollerpintures.com\/es\/?s={search_term_string}\"},\"query-input\":{\"@type\":\"PropertyValueSpecification\",\"valueRequired\":true,\"valueName\":\"search_term_string\"}}],\"inLanguage\":\"es\"},{\"@type\":\"Organization\",\"@id\":\"https:\/\/ollerpintures.com\/es\/#organization\",\"name\":\"Oller Pintures i Revestiments\",\"alternateName\":\"Oller Grup\",\"url\":\"https:\/\/ollerpintures.com\/es\/\",\"logo\":{\"@type\":\"ImageObject\",\"inLanguage\":\"es\",\"@id\":\"https:\/\/ollerpintures.com\/es\/#\/schema\/logo\/image\/\",\"url\":\"https:\/\/ollerpintures.com\/wp-content\/uploads\/2024\/05\/newLogo.png\",\"contentUrl\":\"https:\/\/ollerpintures.com\/wp-content\/uploads\/2024\/05\/newLogo.png\",\"width\":483,\"height\":244,\"caption\":\"Oller Pintures i Revestiments\"},\"image\":{\"@id\":\"https:\/\/ollerpintures.com\/es\/#\/schema\/logo\/image\/\"},\"sameAs\":[\"https:\/\/www.facebook.com\/people\/Oller-Pintures\/100063652056709\/\",\"https:\/\/www.instagram.com\/ollerpintures\/\",\"https:\/\/descriptor.es\/organization\/oller-grup\/\"]}]}<\/script>\n<!-- \/ Yoast SEO plugin. -->","yoast_head_json":{"title":"Pack 2 recambios PAD Madera Hilo Largo - Oller Pinturas y revestimientos","description":"Es el sistema m\u00e1s productivo para aplicar tratamientos penetrantes en madera. Este PAD Madera Hilo Largo te proporcionar\u00e1 una experiencia con total","robots":{"index":"index","follow":"follow","max-snippet":"max-snippet:-1","max-image-preview":"max-image-preview:large","max-video-preview":"max-video-preview:-1"},"canonical":"https:\/\/ollerpintures.com\/es\/producto\/pack-2-recambios-pad-madera-hilo-largo\/","og_locale":"es_ES","og_type":"article","og_title":"Pack 2 recambios PAD Madera Hilo Largo - Oller Pinturas y revestimientos","og_description":"Es el sistema m\u00e1s productivo para aplicar tratamientos penetrantes en madera. Este PAD Madera Hilo Largo te proporcionar\u00e1 una experiencia con total","og_url":"https:\/\/ollerpintures.com\/es\/producto\/pack-2-recambios-pad-madera-hilo-largo\/","og_site_name":"Oller Pinturas y revestimientos","article_publisher":"https:\/\/www.facebook.com\/people\/Oller-Pintures\/100063652056709\/","article_modified_time":"2025-04-05T17:08:14+00:00","og_image":[{"width":800,"height":800,"url":"https:\/\/ollerpintures.com\/wp-content\/uploads\/2021\/03\/pack-2-recambios-pad-madera-hilo-largo-comprar-online-oller-pintura.jpg","type":"image\/jpeg"}],"twitter_card":"summary_large_image","schema":{"@context":"https:\/\/schema.org","@graph":[{"@type":"WebPage","@id":"https:\/\/ollerpintures.com\/es\/producto\/pack-2-recambios-pad-madera-hilo-largo\/","url":"https:\/\/ollerpintures.com\/es\/producto\/pack-2-recambios-pad-madera-hilo-largo\/","name":"Pack 2 recambios PAD Madera Hilo Largo - Oller Pinturas y revestimientos","isPartOf":{"@id":"https:\/\/ollerpintures.com\/es\/#website"},"primaryImageOfPage":{"@id":"https:\/\/ollerpintures.com\/es\/producto\/pack-2-recambios-pad-madera-hilo-largo\/#primaryimage"},"image":{"@id":"https:\/\/ollerpintures.com\/es\/producto\/pack-2-recambios-pad-madera-hilo-largo\/#primaryimage"},"thumbnailUrl":"https:\/\/ollerpintures.com\/wp-content\/uploads\/2021\/03\/pack-2-recambios-pad-madera-hilo-largo-comprar-online-oller-pintura.jpg","datePublished":"2021-03-15T09:09:53+00:00","dateModified":"2025-04-05T17:08:14+00:00","description":"Es el sistema m\u00e1s productivo para aplicar tratamientos penetrantes en madera. Este PAD Madera Hilo Largo te proporcionar\u00e1 una experiencia con total","breadcrumb":{"@id":"https:\/\/ollerpintures.com\/es\/producto\/pack-2-recambios-pad-madera-hilo-largo\/#breadcrumb"},"inLanguage":"es","potentialAction":[{"@type":"ReadAction","target":["https:\/\/ollerpintures.com\/es\/producto\/pack-2-recambios-pad-madera-hilo-largo\/"]}]},{"@type":"ImageObject","inLanguage":"es","@id":"https:\/\/ollerpintures.com\/es\/producto\/pack-2-recambios-pad-madera-hilo-largo\/#primaryimage","url":"https:\/\/ollerpintures.com\/wp-content\/uploads\/2021\/03\/pack-2-recambios-pad-madera-hilo-largo-comprar-online-oller-pintura.jpg","contentUrl":"https:\/\/ollerpintures.com\/wp-content\/uploads\/2021\/03\/pack-2-recambios-pad-madera-hilo-largo-comprar-online-oller-pintura.jpg","width":800,"height":800,"caption":"PAD Madera Hilo Largo recambios"},{"@type":"BreadcrumbList","@id":"https:\/\/ollerpintures.com\/es\/producto\/pack-2-recambios-pad-madera-hilo-largo\/#breadcrumb","itemListElement":[{"@type":"ListItem","position":1,"name":"Inici","item":"https:\/\/ollerpintures.com\/es\/"},{"@type":"ListItem","position":2,"name":"Tienda","item":"https:\/\/ollerpintures.com\/es\/tienda\/"},{"@type":"ListItem","position":3,"name":"Pack 2 recambios PAD Madera Hilo Largo"}]},{"@type":"WebSite","@id":"https:\/\/ollerpintures.com\/es\/#website","url":"https:\/\/ollerpintures.com\/es\/","name":"Oller Pinturas y Revestimientos","description":"M\u00e1s de 50 a\u00f1os acompa\u00f1ando a profesionales y particulares con soluciones de pintura duraderas y sostenibles, seis tiendas de proximidad con servicio tintom\u00e9trico propio y un compromiso real con el oficio y las nuevas generaciones.","publisher":{"@id":"https:\/\/ollerpintures.com\/es\/#organization"},"alternateName":"Oller Grup","potentialAction":[{"@type":"SearchAction","target":{"@type":"EntryPoint","urlTemplate":"https:\/\/ollerpintures.com\/es\/?s={search_term_string}"},"query-input":{"@type":"PropertyValueSpecification","valueRequired":true,"valueName":"search_term_string"}}],"inLanguage":"es"},{"@type":"Organization","@id":"https:\/\/ollerpintures.com\/es\/#organization","name":"Oller Pintures i Revestiments","alternateName":"Oller Grup","url":"https:\/\/ollerpintures.com\/es\/","logo":{"@type":"ImageObject","inLanguage":"es","@id":"https:\/\/ollerpintures.com\/es\/#\/schema\/logo\/image\/","url":"https:\/\/ollerpintures.com\/wp-content\/uploads\/2024\/05\/newLogo.png","contentUrl":"https:\/\/ollerpintures.com\/wp-content\/uploads\/2024\/05\/newLogo.png","width":483,"height":244,"caption":"Oller Pintures i Revestiments"},"image":{"@id":"https:\/\/ollerpintures.com\/es\/#\/schema\/logo\/image\/"},"sameAs":["https:\/\/www.facebook.com\/people\/Oller-Pintures\/100063652056709\/","https:\/\/www.instagram.com\/ollerpintures\/","https:\/\/descriptor.es\/organization\/oller-grup\/"]}]}},"brands":[],"_links":{"self":[{"href":"https:\/\/ollerpintures.com\/es\/wp-json\/wp\/v2\/product\/9487","targetHints":{"allow":["GET"]}}],"collection":[{"href":"https:\/\/ollerpintures.com\/es\/wp-json\/wp\/v2\/product"}],"about":[{"href":"https:\/\/ollerpintures.com\/es\/wp-json\/wp\/v2\/types\/product"}],"wp:featuredmedia":[{"embeddable":true,"href":"https:\/\/ollerpintures.com\/es\/wp-json\/wp\/v2\/media\/9461"}],"wp:attachment":[{"href":"https:\/\/ollerpintures.com\/es\/wp-json\/wp\/v2\/media?parent=9487"}],"wp:term":[{"taxonomy":"pwb-brand","embeddable":true,"href":"https:\/\/ollerpintures.com\/es\/wp-json\/wp\/v2\/pwb-brand?post=9487"},{"taxonomy":"product_brand","embeddable":true,"href":"https:\/\/ollerpintures.com\/es\/wp-json\/wp\/v2\/product_brand?post=9487"},{"taxonomy":"product_cat","embeddable":true,"href":"https:\/\/ollerpintures.com\/es\/wp-json\/wp\/v2\/product_cat?post=9487"},{"taxonomy":"product_tag","embeddable":true,"href":"https:\/\/ollerpintures.com\/es\/wp-json\/wp\/v2\/product_tag?post=9487"}],"curies":[{"name":"wp","href":"https:\/\/api.w.org\/{rel}","templated":true}]}}