{"id":9420,"date":"2021-03-12T10:58:08","date_gmt":"2021-03-12T09:58:08","guid":{"rendered":"https:\/\/oller-pintures.c.wetopi.com\/producte\/pintura-para-piscinas-bruguer-neptuno-azul-mar-egeo-4l\/"},"modified":"2025-05-12T21:48:51","modified_gmt":"2025-05-12T20:48:51","slug":"pintura-para-piscinas-bruguer-azul-4l","status":"publish","type":"product","link":"https:\/\/ollerpintures.com\/es\/producto\/pintura-para-piscinas-bruguer-azul-4l\/","title":{"rendered":"Pintura Azul piscina para piscinas de cemento Bruguer 4L"},"content":{"rendered":"<p>Consigue un perfecto tono <em>azul piscina<\/em> con pintura para piscinas BRUGUER Azul 4L, pon todo nuestro asesoramiento y experiencia al servicio de tu piscina.<\/p>\n<p><strong>Pintura para piscinas de cemento<\/strong> hecha a base de resinas de caucho acr\u00edlico.<br \/>\nEste color azul piscina de Bruguer era a<em>nteriormente conocido como Azul Neptuno Mar Egeo<\/em>.<\/p>\n<h4>Caracter\u00edsticas de la pintura azul piscina:<\/h4>\n<ul>\n<li>Buena resistencia al agua dulce y salada<\/li>\n<li><strong>Total resistencia a los agentes de depuraci\u00f3n de las piscinas<\/strong><\/li>\n<li><strong>Con conservante anti-algas y anti-moho<\/strong><\/li>\n<li>Muy buena adherencia sobre superficies de cemento<\/li>\n<li>Secado muy r\u00e1pido<\/li>\n<\/ul>\n<p><em><strong>\u00a1Consulta m\u00e1s informaci\u00f3n en la ficha t\u00e9cnica adjunta!<\/strong><\/em><\/p>\n<blockquote><p><strong><span style=\"color: #ff6600;\">O<\/span>K Product:<\/strong>\u00a0son productos que los profesionales de Oller Pintures recomendamos, por sus caracter\u00edsticas y funcionalidades y la gran relaci\u00f3n calidad-precio.<\/p><\/blockquote>\n<p>&nbsp;<\/p>\n<p>Lectura recomendada: <a href=\"https:\/\/ollerpintures.com\/es\/impermeabilizacion-de-piscinas-de-obra\/\">Impermeabilizar piscinas de obra<\/a>.<\/p>\n","protected":false},"excerpt":{"rendered":"<p>Consigue un perfecto tono azul piscina con pintura para piscinas BRUGUER Azul 4L, pon todo nuestro asesoramiento y experiencia al servicio de tu piscina. Pintura &#8230; <\/p>\n<p class=\"read-more-container\"><a title=\"Pintura Azul piscina para piscinas de cemento Bruguer 4L\" class=\"read-more button\" href=\"https:\/\/ollerpintures.com\/es\/producto\/pintura-para-piscinas-bruguer-azul-4l\/#more-9420\" aria-label=\"Leer m\u00e1s sobre Pintura Azul piscina para piscinas de cemento Bruguer 4L\">Leer m\u00e1s<\/a><\/p>\n","protected":false},"featured_media":11462,"template":"","meta":{"_acf_changed":false},"pwb-brand":[785],"product_brand":[],"product_cat":[201,735,202],"product_tag":[217,214,213,738,588,215,739,740],"class_list":{"0":"post-9420","1":"product","2":"type-product","3":"status-publish","4":"has-post-thumbnail","6":"pwb-brand-bruguer","7":"product_cat-pintura-es","8":"product_cat-pintura-para-piscinas","9":"product_cat-pintura-exterior","10":"product_tag-bruguer-es","11":"product_tag-exterior-es","12":"product_tag-interior-es","13":"product_tag-jardin","14":"product_tag-ok-product-es","15":"product_tag-pintura-es","16":"product_tag-pintura-para-piscina","17":"product_tag-piscina-es","18":"no-featured-image-padding","19":"resize-featured-image","20":"sales-flash-overlay","21":"woocommerce-text-align-left","22":"woocommerce-image-align-center","23":"do-quantity-buttons","24":"wc-has-gallery","26":"first","27":"outofstock","28":"featured","29":"shipping-taxable","30":"purchasable","31":"product-type-simple"},"acf":[],"yoast_head":"<!-- This site is optimized with the Yoast SEO plugin v27.1.1 - https:\/\/yoast.com\/product\/yoast-seo-wordpress\/ -->\n<title>Pintura Azul piscina para piscinas de cemento Bruguer 4L | Oller<\/title>\n<meta name=\"description\" content=\"Consigue un perfecto tono azul piscina con pintura para piscinas BRUGUER Azul 4L, pon todo nuestro asesoramiento y experiencia al servicio de tu piscina.\" \/>\n<meta name=\"robots\" content=\"index, follow, max-snippet:-1, max-image-preview:large, max-video-preview:-1\" \/>\n<link rel=\"canonical\" href=\"https:\/\/ollerpintures.com\/es\/producto\/pintura-para-piscinas-bruguer-azul-4l\/\" \/>\n<meta property=\"og:locale\" content=\"es_ES\" \/>\n<meta property=\"og:type\" content=\"article\" \/>\n<meta property=\"og:title\" content=\"Pintura Azul piscina para piscinas de cemento Bruguer 4L | Oller\" \/>\n<meta property=\"og:description\" content=\"Consigue un perfecto tono azul piscina con pintura para piscinas BRUGUER Azul 4L, pon todo nuestro asesoramiento y experiencia al servicio de tu piscina.\" \/>\n<meta property=\"og:url\" content=\"https:\/\/ollerpintures.com\/es\/producto\/pintura-para-piscinas-bruguer-azul-4l\/\" \/>\n<meta property=\"og:site_name\" content=\"Oller Pinturas y revestimientos\" \/>\n<meta property=\"article:publisher\" content=\"https:\/\/www.facebook.com\/people\/Oller-Pintures\/100063652056709\/\" \/>\n<meta property=\"article:modified_time\" content=\"2025-05-12T20:48:51+00:00\" \/>\n<meta property=\"og:image\" content=\"https:\/\/ollerpintures.com\/wp-content\/uploads\/2021\/03\/pintura-para-piscina-azul-online-bruguer-neptuno-oller.jpg\" \/>\n\t<meta property=\"og:image:width\" content=\"1080\" \/>\n\t<meta property=\"og:image:height\" content=\"1080\" \/>\n\t<meta property=\"og:image:type\" content=\"image\/jpeg\" \/>\n<meta name=\"twitter:card\" content=\"summary_large_image\" \/>\n<meta name=\"twitter:label1\" content=\"Tiempo de lectura\" \/>\n\t<meta name=\"twitter:data1\" content=\"1 minuto\" \/>\n<script type=\"application\/ld+json\" class=\"yoast-schema-graph\">{\"@context\":\"https:\/\/schema.org\",\"@graph\":[{\"@type\":\"WebPage\",\"@id\":\"https:\/\/ollerpintures.com\/es\/producto\/pintura-para-piscinas-bruguer-azul-4l\/\",\"url\":\"https:\/\/ollerpintures.com\/es\/producto\/pintura-para-piscinas-bruguer-azul-4l\/\",\"name\":\"Pintura Azul piscina para piscinas de cemento Bruguer 4L | Oller\",\"isPartOf\":{\"@id\":\"https:\/\/ollerpintures.com\/es\/#website\"},\"primaryImageOfPage\":{\"@id\":\"https:\/\/ollerpintures.com\/es\/producto\/pintura-para-piscinas-bruguer-azul-4l\/#primaryimage\"},\"image\":{\"@id\":\"https:\/\/ollerpintures.com\/es\/producto\/pintura-para-piscinas-bruguer-azul-4l\/#primaryimage\"},\"thumbnailUrl\":\"https:\/\/ollerpintures.com\/wp-content\/uploads\/2021\/03\/pintura-para-piscina-azul-online-bruguer-neptuno-oller.jpg\",\"datePublished\":\"2021-03-12T09:58:08+00:00\",\"dateModified\":\"2025-05-12T20:48:51+00:00\",\"description\":\"Consigue un perfecto tono azul piscina con pintura para piscinas BRUGUER Azul 4L, pon todo nuestro asesoramiento y experiencia al servicio de tu piscina.\",\"breadcrumb\":{\"@id\":\"https:\/\/ollerpintures.com\/es\/producto\/pintura-para-piscinas-bruguer-azul-4l\/#breadcrumb\"},\"inLanguage\":\"es\",\"potentialAction\":[{\"@type\":\"ReadAction\",\"target\":[\"https:\/\/ollerpintures.com\/es\/producto\/pintura-para-piscinas-bruguer-azul-4l\/\"]}]},{\"@type\":\"ImageObject\",\"inLanguage\":\"es\",\"@id\":\"https:\/\/ollerpintures.com\/es\/producto\/pintura-para-piscinas-bruguer-azul-4l\/#primaryimage\",\"url\":\"https:\/\/ollerpintures.com\/wp-content\/uploads\/2021\/03\/pintura-para-piscina-azul-online-bruguer-neptuno-oller.jpg\",\"contentUrl\":\"https:\/\/ollerpintures.com\/wp-content\/uploads\/2021\/03\/pintura-para-piscina-azul-online-bruguer-neptuno-oller.jpg\",\"width\":1080,\"height\":1080,\"caption\":\"Consigue un perfecto tono azul piscina con pintura para piscinas BRUGUER Azul 4L, pon todo nuestro asesoramiento y experiencia al servicio de tu piscina.\"},{\"@type\":\"BreadcrumbList\",\"@id\":\"https:\/\/ollerpintures.com\/es\/producto\/pintura-para-piscinas-bruguer-azul-4l\/#breadcrumb\",\"itemListElement\":[{\"@type\":\"ListItem\",\"position\":1,\"name\":\"Inici\",\"item\":\"https:\/\/ollerpintures.com\/es\/\"},{\"@type\":\"ListItem\",\"position\":2,\"name\":\"Tienda\",\"item\":\"https:\/\/ollerpintures.com\/es\/tienda\/\"},{\"@type\":\"ListItem\",\"position\":3,\"name\":\"Pintura Azul piscina para piscinas de cemento Bruguer 4L\"}]},{\"@type\":\"WebSite\",\"@id\":\"https:\/\/ollerpintures.com\/es\/#website\",\"url\":\"https:\/\/ollerpintures.com\/es\/\",\"name\":\"Oller Pinturas y Revestimientos\",\"description\":\"M\u00e1s de 50 a\u00f1os acompa\u00f1ando a profesionales y particulares con soluciones de pintura duraderas y sostenibles, seis tiendas de proximidad con servicio tintom\u00e9trico propio y un compromiso real con el oficio y las nuevas generaciones.\",\"publisher\":{\"@id\":\"https:\/\/ollerpintures.com\/es\/#organization\"},\"alternateName\":\"Oller Grup\",\"potentialAction\":[{\"@type\":\"SearchAction\",\"target\":{\"@type\":\"EntryPoint\",\"urlTemplate\":\"https:\/\/ollerpintures.com\/es\/?s={search_term_string}\"},\"query-input\":{\"@type\":\"PropertyValueSpecification\",\"valueRequired\":true,\"valueName\":\"search_term_string\"}}],\"inLanguage\":\"es\"},{\"@type\":\"Organization\",\"@id\":\"https:\/\/ollerpintures.com\/es\/#organization\",\"name\":\"Oller Pintures i Revestiments\",\"alternateName\":\"Oller Grup\",\"url\":\"https:\/\/ollerpintures.com\/es\/\",\"logo\":{\"@type\":\"ImageObject\",\"inLanguage\":\"es\",\"@id\":\"https:\/\/ollerpintures.com\/es\/#\/schema\/logo\/image\/\",\"url\":\"https:\/\/ollerpintures.com\/wp-content\/uploads\/2024\/05\/newLogo.png\",\"contentUrl\":\"https:\/\/ollerpintures.com\/wp-content\/uploads\/2024\/05\/newLogo.png\",\"width\":483,\"height\":244,\"caption\":\"Oller Pintures i Revestiments\"},\"image\":{\"@id\":\"https:\/\/ollerpintures.com\/es\/#\/schema\/logo\/image\/\"},\"sameAs\":[\"https:\/\/www.facebook.com\/people\/Oller-Pintures\/100063652056709\/\",\"https:\/\/www.instagram.com\/ollerpintures\/\",\"https:\/\/descriptor.es\/organization\/oller-grup\/\"]}]}<\/script>\n<!-- \/ Yoast SEO plugin. -->","yoast_head_json":{"title":"Pintura Azul piscina para piscinas de cemento Bruguer 4L | Oller","description":"Consigue un perfecto tono azul piscina con pintura para piscinas BRUGUER Azul 4L, pon todo nuestro asesoramiento y experiencia al servicio de tu piscina.","robots":{"index":"index","follow":"follow","max-snippet":"max-snippet:-1","max-image-preview":"max-image-preview:large","max-video-preview":"max-video-preview:-1"},"canonical":"https:\/\/ollerpintures.com\/es\/producto\/pintura-para-piscinas-bruguer-azul-4l\/","og_locale":"es_ES","og_type":"article","og_title":"Pintura Azul piscina para piscinas de cemento Bruguer 4L | Oller","og_description":"Consigue un perfecto tono azul piscina con pintura para piscinas BRUGUER Azul 4L, pon todo nuestro asesoramiento y experiencia al servicio de tu piscina.","og_url":"https:\/\/ollerpintures.com\/es\/producto\/pintura-para-piscinas-bruguer-azul-4l\/","og_site_name":"Oller Pinturas y revestimientos","article_publisher":"https:\/\/www.facebook.com\/people\/Oller-Pintures\/100063652056709\/","article_modified_time":"2025-05-12T20:48:51+00:00","og_image":[{"width":1080,"height":1080,"url":"https:\/\/ollerpintures.com\/wp-content\/uploads\/2021\/03\/pintura-para-piscina-azul-online-bruguer-neptuno-oller.jpg","type":"image\/jpeg"}],"twitter_card":"summary_large_image","twitter_misc":{"Tiempo de lectura":"1 minuto"},"schema":{"@context":"https:\/\/schema.org","@graph":[{"@type":"WebPage","@id":"https:\/\/ollerpintures.com\/es\/producto\/pintura-para-piscinas-bruguer-azul-4l\/","url":"https:\/\/ollerpintures.com\/es\/producto\/pintura-para-piscinas-bruguer-azul-4l\/","name":"Pintura Azul piscina para piscinas de cemento Bruguer 4L | Oller","isPartOf":{"@id":"https:\/\/ollerpintures.com\/es\/#website"},"primaryImageOfPage":{"@id":"https:\/\/ollerpintures.com\/es\/producto\/pintura-para-piscinas-bruguer-azul-4l\/#primaryimage"},"image":{"@id":"https:\/\/ollerpintures.com\/es\/producto\/pintura-para-piscinas-bruguer-azul-4l\/#primaryimage"},"thumbnailUrl":"https:\/\/ollerpintures.com\/wp-content\/uploads\/2021\/03\/pintura-para-piscina-azul-online-bruguer-neptuno-oller.jpg","datePublished":"2021-03-12T09:58:08+00:00","dateModified":"2025-05-12T20:48:51+00:00","description":"Consigue un perfecto tono azul piscina con pintura para piscinas BRUGUER Azul 4L, pon todo nuestro asesoramiento y experiencia al servicio de tu piscina.","breadcrumb":{"@id":"https:\/\/ollerpintures.com\/es\/producto\/pintura-para-piscinas-bruguer-azul-4l\/#breadcrumb"},"inLanguage":"es","potentialAction":[{"@type":"ReadAction","target":["https:\/\/ollerpintures.com\/es\/producto\/pintura-para-piscinas-bruguer-azul-4l\/"]}]},{"@type":"ImageObject","inLanguage":"es","@id":"https:\/\/ollerpintures.com\/es\/producto\/pintura-para-piscinas-bruguer-azul-4l\/#primaryimage","url":"https:\/\/ollerpintures.com\/wp-content\/uploads\/2021\/03\/pintura-para-piscina-azul-online-bruguer-neptuno-oller.jpg","contentUrl":"https:\/\/ollerpintures.com\/wp-content\/uploads\/2021\/03\/pintura-para-piscina-azul-online-bruguer-neptuno-oller.jpg","width":1080,"height":1080,"caption":"Consigue un perfecto tono azul piscina con pintura para piscinas BRUGUER Azul 4L, pon todo nuestro asesoramiento y experiencia al servicio de tu piscina."},{"@type":"BreadcrumbList","@id":"https:\/\/ollerpintures.com\/es\/producto\/pintura-para-piscinas-bruguer-azul-4l\/#breadcrumb","itemListElement":[{"@type":"ListItem","position":1,"name":"Inici","item":"https:\/\/ollerpintures.com\/es\/"},{"@type":"ListItem","position":2,"name":"Tienda","item":"https:\/\/ollerpintures.com\/es\/tienda\/"},{"@type":"ListItem","position":3,"name":"Pintura Azul piscina para piscinas de cemento Bruguer 4L"}]},{"@type":"WebSite","@id":"https:\/\/ollerpintures.com\/es\/#website","url":"https:\/\/ollerpintures.com\/es\/","name":"Oller Pinturas y Revestimientos","description":"M\u00e1s de 50 a\u00f1os acompa\u00f1ando a profesionales y particulares con soluciones de pintura duraderas y sostenibles, seis tiendas de proximidad con servicio tintom\u00e9trico propio y un compromiso real con el oficio y las nuevas generaciones.","publisher":{"@id":"https:\/\/ollerpintures.com\/es\/#organization"},"alternateName":"Oller Grup","potentialAction":[{"@type":"SearchAction","target":{"@type":"EntryPoint","urlTemplate":"https:\/\/ollerpintures.com\/es\/?s={search_term_string}"},"query-input":{"@type":"PropertyValueSpecification","valueRequired":true,"valueName":"search_term_string"}}],"inLanguage":"es"},{"@type":"Organization","@id":"https:\/\/ollerpintures.com\/es\/#organization","name":"Oller Pintures i Revestiments","alternateName":"Oller Grup","url":"https:\/\/ollerpintures.com\/es\/","logo":{"@type":"ImageObject","inLanguage":"es","@id":"https:\/\/ollerpintures.com\/es\/#\/schema\/logo\/image\/","url":"https:\/\/ollerpintures.com\/wp-content\/uploads\/2024\/05\/newLogo.png","contentUrl":"https:\/\/ollerpintures.com\/wp-content\/uploads\/2024\/05\/newLogo.png","width":483,"height":244,"caption":"Oller Pintures i Revestiments"},"image":{"@id":"https:\/\/ollerpintures.com\/es\/#\/schema\/logo\/image\/"},"sameAs":["https:\/\/www.facebook.com\/people\/Oller-Pintures\/100063652056709\/","https:\/\/www.instagram.com\/ollerpintures\/","https:\/\/descriptor.es\/organization\/oller-grup\/"]}]}},"brands":[{"id":785,"name":"Bruguer","slug":"bruguer"}],"_links":{"self":[{"href":"https:\/\/ollerpintures.com\/es\/wp-json\/wp\/v2\/product\/9420","targetHints":{"allow":["GET"]}}],"collection":[{"href":"https:\/\/ollerpintures.com\/es\/wp-json\/wp\/v2\/product"}],"about":[{"href":"https:\/\/ollerpintures.com\/es\/wp-json\/wp\/v2\/types\/product"}],"wp:featuredmedia":[{"embeddable":true,"href":"https:\/\/ollerpintures.com\/es\/wp-json\/wp\/v2\/media\/11462"}],"wp:attachment":[{"href":"https:\/\/ollerpintures.com\/es\/wp-json\/wp\/v2\/media?parent=9420"}],"wp:term":[{"taxonomy":"pwb-brand","embeddable":true,"href":"https:\/\/ollerpintures.com\/es\/wp-json\/wp\/v2\/pwb-brand?post=9420"},{"taxonomy":"product_brand","embeddable":true,"href":"https:\/\/ollerpintures.com\/es\/wp-json\/wp\/v2\/product_brand?post=9420"},{"taxonomy":"product_cat","embeddable":true,"href":"https:\/\/ollerpintures.com\/es\/wp-json\/wp\/v2\/product_cat?post=9420"},{"taxonomy":"product_tag","embeddable":true,"href":"https:\/\/ollerpintures.com\/es\/wp-json\/wp\/v2\/product_tag?post=9420"}],"curies":[{"name":"wp","href":"https:\/\/api.w.org\/{rel}","templated":true}]}}