{"id":9385,"date":"2021-03-11T10:33:11","date_gmt":"2021-03-11T09:33:11","guid":{"rendered":"https:\/\/oller-pintures.c.wetopi.com\/producte\/esmalte-brillante-para-piscinas-de-fibra-blatempur-piscinas-poliester-azul-4l\/"},"modified":"2024-04-20T15:39:09","modified_gmt":"2024-04-20T14:39:09","slug":"esmalte-brillante-para-piscinas-de-fibra-blatempur-piscinas-poliester-azul-4l","status":"publish","type":"product","link":"https:\/\/ollerpintures.com\/es\/producto\/esmalte-brillante-para-piscinas-de-fibra-blatempur-piscinas-poliester-azul-4l\/","title":{"rendered":"Esmalte brillante para piscinas de fibra BLATEMPUR Piscinas Poliester Azul 4L"},"content":{"rendered":"<p>\u00a1Esta pintura para piscina de poli\u00e9ster es uno de los productos estrella si tienes una piscina de fibra de vidrio!<\/p>\n<p>Es un esmalte brillante poliuretano acr\u00edlico de dos componentes que te ofrece la mejor soluci\u00f3n para <strong>aplicaciones sobre superficies con problemas de adherencia<\/strong> y te dar\u00e1 las m\u00e1ximas prestaciones con el mejor acabado. Este esmalte es un producto especial para aplicar sobre poli\u00e9ster de fibra de vidrio.<\/p>\n<h4>Caracter\u00edsticas<\/h4>\n<ul>\n<li>Tiempo \u00fatil desde que se mezcla: m\u00e1s de 8h<\/li>\n<li>Secado en 20-50 minutos<\/li>\n<li>Repintado en 18-24h<\/li>\n<\/ul>\n<h4>Aplicaci\u00f3n<\/h4>\n<ul>\n<li>Aseg\u00farate de limpiar bien la superficie previamente\n<ul>\n<li>Recomendamos fregar con papel de lijar totalmente la superficie, eliminando las partes mal adheridas y defectuosas. Procurad eliminar a la perfecci\u00f3n el polvo del lijado antes de pintar.<\/li>\n<li>Utiliza el <a href=\"https:\/\/ollerpintures.com\/es\/producto\/disolvente-poliuretano-1l\/\" target=\"_blank\" rel=\"noopener\">Disolvente Poliuretano<\/a> para limpiar la piscina previamente a la perfecci\u00f3n<\/li>\n<\/ul>\n<\/li>\n<li>Perfecta aplicaci\u00f3n sobre poli\u00e9ster fibra de vidrio<\/li>\n<li>Pintar con brocha, rodillo o pistola<\/li>\n<li>No aplicar superficies recalentadas por rayos solares<\/li>\n<li>Aplica capas delgadas \u00a1y respeta los tiempos de repintado!<\/li>\n<\/ul>\n<h4>Especialidad<\/h4>\n<ul>\n<li>Pintura para piscinas de poli\u00e9ster de fibra de vidrio<\/li>\n<\/ul>\n<p>Puede interesarte el <a href=\"https:\/\/ollerpintures.com\/es\/producto\/kit-pintura-para-piscinas-poliester\/\">pack completo para pintar piscinas<\/a>.<\/p>\n","protected":false},"excerpt":{"rendered":"<p>Es un esmalte brillante poliuretano acr\u00edlico de dos componentes que ofrece la mejor soluci\u00f3n para <strong>aplicaciones sobre superficies con problemas de adherencia<\/strong> ya que es un producto especial para aplicar sobre poli\u00e9ster de fibra de vidrio.<\/p>\n","protected":false},"featured_media":9403,"template":"","meta":{"_acf_changed":false},"pwb-brand":[786],"product_brand":[],"product_cat":[735],"product_tag":[238,214,213,738,215,739,740,590],"class_list":{"0":"post-9385","1":"product","2":"type-product","3":"status-publish","4":"has-post-thumbnail","6":"pwb-brand-blatem-es","7":"product_cat-pintura-para-piscinas","8":"product_tag-blatem-es","9":"product_tag-exterior-es","10":"product_tag-interior-es","11":"product_tag-jardin","12":"product_tag-pintura-es","13":"product_tag-pintura-para-piscina","14":"product_tag-piscina-es","15":"product_tag-professional-quality-es","16":"no-featured-image-padding","17":"resize-featured-image","18":"sales-flash-overlay","19":"woocommerce-text-align-left","20":"woocommerce-image-align-center","21":"do-quantity-buttons","22":"wc-has-gallery","24":"first","25":"instock","26":"featured","27":"shipping-taxable","28":"purchasable","29":"product-type-simple"},"acf":[],"yoast_head":"<!-- This site is optimized with the Yoast SEO plugin v27.1.1 - https:\/\/yoast.com\/product\/yoast-seo-wordpress\/ -->\n<title>Pintura para piscina de poli\u00e9ster BLATEMPUR Azul 4L | Oller<\/title>\n<meta name=\"description\" content=\"Esta pintura para piscina de poli\u00e9ster de fibra de vidrio es la mejor soluci\u00f3n para superficies con problemas de adherencia \u00a1pru\u00e9bala!\" \/>\n<meta name=\"robots\" content=\"index, follow, max-snippet:-1, max-image-preview:large, max-video-preview:-1\" \/>\n<link rel=\"canonical\" href=\"https:\/\/ollerpintures.com\/es\/producto\/esmalte-brillante-para-piscinas-de-fibra-blatempur-piscinas-poliester-azul-4l\/\" \/>\n<meta property=\"og:locale\" content=\"es_ES\" \/>\n<meta property=\"og:type\" content=\"article\" \/>\n<meta property=\"og:title\" content=\"Pintura para piscina de poli\u00e9ster BLATEMPUR Azul 4L | Oller\" \/>\n<meta property=\"og:description\" content=\"Esta pintura para piscina de poli\u00e9ster de fibra de vidrio es la mejor soluci\u00f3n para superficies con problemas de adherencia \u00a1pru\u00e9bala!\" \/>\n<meta property=\"og:url\" content=\"https:\/\/ollerpintures.com\/es\/producto\/esmalte-brillante-para-piscinas-de-fibra-blatempur-piscinas-poliester-azul-4l\/\" \/>\n<meta property=\"og:site_name\" content=\"Oller Pinturas y revestimientos\" \/>\n<meta property=\"article:publisher\" content=\"https:\/\/www.facebook.com\/people\/Oller-Pintures\/100063652056709\/\" \/>\n<meta property=\"article:modified_time\" content=\"2024-04-20T14:39:09+00:00\" \/>\n<meta property=\"og:image\" content=\"https:\/\/ollerpintures.com\/wp-content\/uploads\/2021\/03\/pintura-piscina-de-fibra-blatempur-poliester-blatem-online-oller-1.jpg\" \/>\n\t<meta property=\"og:image:width\" content=\"1080\" \/>\n\t<meta property=\"og:image:height\" content=\"1080\" \/>\n\t<meta property=\"og:image:type\" content=\"image\/jpeg\" \/>\n<meta name=\"twitter:card\" content=\"summary_large_image\" \/>\n<meta name=\"twitter:label1\" content=\"Tiempo de lectura\" \/>\n\t<meta name=\"twitter:data1\" content=\"2 minutos\" \/>\n<script type=\"application\/ld+json\" class=\"yoast-schema-graph\">{\"@context\":\"https:\/\/schema.org\",\"@graph\":[{\"@type\":\"WebPage\",\"@id\":\"https:\/\/ollerpintures.com\/es\/producto\/esmalte-brillante-para-piscinas-de-fibra-blatempur-piscinas-poliester-azul-4l\/\",\"url\":\"https:\/\/ollerpintures.com\/es\/producto\/esmalte-brillante-para-piscinas-de-fibra-blatempur-piscinas-poliester-azul-4l\/\",\"name\":\"Pintura para piscina de poli\u00e9ster BLATEMPUR Azul 4L | Oller\",\"isPartOf\":{\"@id\":\"https:\/\/ollerpintures.com\/es\/#website\"},\"primaryImageOfPage\":{\"@id\":\"https:\/\/ollerpintures.com\/es\/producto\/esmalte-brillante-para-piscinas-de-fibra-blatempur-piscinas-poliester-azul-4l\/#primaryimage\"},\"image\":{\"@id\":\"https:\/\/ollerpintures.com\/es\/producto\/esmalte-brillante-para-piscinas-de-fibra-blatempur-piscinas-poliester-azul-4l\/#primaryimage\"},\"thumbnailUrl\":\"https:\/\/ollerpintures.com\/wp-content\/uploads\/2021\/03\/pintura-piscina-de-fibra-blatempur-poliester-blatem-online-oller-1.jpg\",\"datePublished\":\"2021-03-11T09:33:11+00:00\",\"dateModified\":\"2024-04-20T14:39:09+00:00\",\"description\":\"Esta pintura para piscina de poli\u00e9ster de fibra de vidrio es la mejor soluci\u00f3n para superficies con problemas de adherencia \u00a1pru\u00e9bala!\",\"breadcrumb\":{\"@id\":\"https:\/\/ollerpintures.com\/es\/producto\/esmalte-brillante-para-piscinas-de-fibra-blatempur-piscinas-poliester-azul-4l\/#breadcrumb\"},\"inLanguage\":\"es\",\"potentialAction\":[{\"@type\":\"ReadAction\",\"target\":[\"https:\/\/ollerpintures.com\/es\/producto\/esmalte-brillante-para-piscinas-de-fibra-blatempur-piscinas-poliester-azul-4l\/\"]}]},{\"@type\":\"ImageObject\",\"inLanguage\":\"es\",\"@id\":\"https:\/\/ollerpintures.com\/es\/producto\/esmalte-brillante-para-piscinas-de-fibra-blatempur-piscinas-poliester-azul-4l\/#primaryimage\",\"url\":\"https:\/\/ollerpintures.com\/wp-content\/uploads\/2021\/03\/pintura-piscina-de-fibra-blatempur-poliester-blatem-online-oller-1.jpg\",\"contentUrl\":\"https:\/\/ollerpintures.com\/wp-content\/uploads\/2021\/03\/pintura-piscina-de-fibra-blatempur-poliester-blatem-online-oller-1.jpg\",\"width\":1080,\"height\":1080,\"caption\":\"Pintura BLATEMPUR POLIESTER piscina fibra vidrio\"},{\"@type\":\"BreadcrumbList\",\"@id\":\"https:\/\/ollerpintures.com\/es\/producto\/esmalte-brillante-para-piscinas-de-fibra-blatempur-piscinas-poliester-azul-4l\/#breadcrumb\",\"itemListElement\":[{\"@type\":\"ListItem\",\"position\":1,\"name\":\"Inici\",\"item\":\"https:\/\/ollerpintures.com\/es\/\"},{\"@type\":\"ListItem\",\"position\":2,\"name\":\"Tienda\",\"item\":\"https:\/\/ollerpintures.com\/es\/tienda\/\"},{\"@type\":\"ListItem\",\"position\":3,\"name\":\"Esmalte brillante para piscinas de fibra BLATEMPUR Piscinas Poliester Azul 4L\"}]},{\"@type\":\"WebSite\",\"@id\":\"https:\/\/ollerpintures.com\/es\/#website\",\"url\":\"https:\/\/ollerpintures.com\/es\/\",\"name\":\"Oller Pinturas y Revestimientos\",\"description\":\"M\u00e1s de 50 a\u00f1os acompa\u00f1ando a profesionales y particulares con soluciones de pintura duraderas y sostenibles, seis tiendas de proximidad con servicio tintom\u00e9trico propio y un compromiso real con el oficio y las nuevas generaciones.\",\"publisher\":{\"@id\":\"https:\/\/ollerpintures.com\/es\/#organization\"},\"alternateName\":\"Oller Grup\",\"potentialAction\":[{\"@type\":\"SearchAction\",\"target\":{\"@type\":\"EntryPoint\",\"urlTemplate\":\"https:\/\/ollerpintures.com\/es\/?s={search_term_string}\"},\"query-input\":{\"@type\":\"PropertyValueSpecification\",\"valueRequired\":true,\"valueName\":\"search_term_string\"}}],\"inLanguage\":\"es\"},{\"@type\":\"Organization\",\"@id\":\"https:\/\/ollerpintures.com\/es\/#organization\",\"name\":\"Oller Pintures i Revestiments\",\"alternateName\":\"Oller Grup\",\"url\":\"https:\/\/ollerpintures.com\/es\/\",\"logo\":{\"@type\":\"ImageObject\",\"inLanguage\":\"es\",\"@id\":\"https:\/\/ollerpintures.com\/es\/#\/schema\/logo\/image\/\",\"url\":\"https:\/\/ollerpintures.com\/wp-content\/uploads\/2024\/05\/newLogo.png\",\"contentUrl\":\"https:\/\/ollerpintures.com\/wp-content\/uploads\/2024\/05\/newLogo.png\",\"width\":483,\"height\":244,\"caption\":\"Oller Pintures i Revestiments\"},\"image\":{\"@id\":\"https:\/\/ollerpintures.com\/es\/#\/schema\/logo\/image\/\"},\"sameAs\":[\"https:\/\/www.facebook.com\/people\/Oller-Pintures\/100063652056709\/\",\"https:\/\/www.instagram.com\/ollerpintures\/\",\"https:\/\/descriptor.es\/organization\/oller-grup\/\"]}]}<\/script>\n<!-- \/ Yoast SEO plugin. -->","yoast_head_json":{"title":"Pintura para piscina de poli\u00e9ster BLATEMPUR Azul 4L | Oller","description":"Esta pintura para piscina de poli\u00e9ster de fibra de vidrio es la mejor soluci\u00f3n para superficies con problemas de adherencia \u00a1pru\u00e9bala!","robots":{"index":"index","follow":"follow","max-snippet":"max-snippet:-1","max-image-preview":"max-image-preview:large","max-video-preview":"max-video-preview:-1"},"canonical":"https:\/\/ollerpintures.com\/es\/producto\/esmalte-brillante-para-piscinas-de-fibra-blatempur-piscinas-poliester-azul-4l\/","og_locale":"es_ES","og_type":"article","og_title":"Pintura para piscina de poli\u00e9ster BLATEMPUR Azul 4L | Oller","og_description":"Esta pintura para piscina de poli\u00e9ster de fibra de vidrio es la mejor soluci\u00f3n para superficies con problemas de adherencia \u00a1pru\u00e9bala!","og_url":"https:\/\/ollerpintures.com\/es\/producto\/esmalte-brillante-para-piscinas-de-fibra-blatempur-piscinas-poliester-azul-4l\/","og_site_name":"Oller Pinturas y revestimientos","article_publisher":"https:\/\/www.facebook.com\/people\/Oller-Pintures\/100063652056709\/","article_modified_time":"2024-04-20T14:39:09+00:00","og_image":[{"width":1080,"height":1080,"url":"https:\/\/ollerpintures.com\/wp-content\/uploads\/2021\/03\/pintura-piscina-de-fibra-blatempur-poliester-blatem-online-oller-1.jpg","type":"image\/jpeg"}],"twitter_card":"summary_large_image","twitter_misc":{"Tiempo de lectura":"2 minutos"},"schema":{"@context":"https:\/\/schema.org","@graph":[{"@type":"WebPage","@id":"https:\/\/ollerpintures.com\/es\/producto\/esmalte-brillante-para-piscinas-de-fibra-blatempur-piscinas-poliester-azul-4l\/","url":"https:\/\/ollerpintures.com\/es\/producto\/esmalte-brillante-para-piscinas-de-fibra-blatempur-piscinas-poliester-azul-4l\/","name":"Pintura para piscina de poli\u00e9ster BLATEMPUR Azul 4L | Oller","isPartOf":{"@id":"https:\/\/ollerpintures.com\/es\/#website"},"primaryImageOfPage":{"@id":"https:\/\/ollerpintures.com\/es\/producto\/esmalte-brillante-para-piscinas-de-fibra-blatempur-piscinas-poliester-azul-4l\/#primaryimage"},"image":{"@id":"https:\/\/ollerpintures.com\/es\/producto\/esmalte-brillante-para-piscinas-de-fibra-blatempur-piscinas-poliester-azul-4l\/#primaryimage"},"thumbnailUrl":"https:\/\/ollerpintures.com\/wp-content\/uploads\/2021\/03\/pintura-piscina-de-fibra-blatempur-poliester-blatem-online-oller-1.jpg","datePublished":"2021-03-11T09:33:11+00:00","dateModified":"2024-04-20T14:39:09+00:00","description":"Esta pintura para piscina de poli\u00e9ster de fibra de vidrio es la mejor soluci\u00f3n para superficies con problemas de adherencia \u00a1pru\u00e9bala!","breadcrumb":{"@id":"https:\/\/ollerpintures.com\/es\/producto\/esmalte-brillante-para-piscinas-de-fibra-blatempur-piscinas-poliester-azul-4l\/#breadcrumb"},"inLanguage":"es","potentialAction":[{"@type":"ReadAction","target":["https:\/\/ollerpintures.com\/es\/producto\/esmalte-brillante-para-piscinas-de-fibra-blatempur-piscinas-poliester-azul-4l\/"]}]},{"@type":"ImageObject","inLanguage":"es","@id":"https:\/\/ollerpintures.com\/es\/producto\/esmalte-brillante-para-piscinas-de-fibra-blatempur-piscinas-poliester-azul-4l\/#primaryimage","url":"https:\/\/ollerpintures.com\/wp-content\/uploads\/2021\/03\/pintura-piscina-de-fibra-blatempur-poliester-blatem-online-oller-1.jpg","contentUrl":"https:\/\/ollerpintures.com\/wp-content\/uploads\/2021\/03\/pintura-piscina-de-fibra-blatempur-poliester-blatem-online-oller-1.jpg","width":1080,"height":1080,"caption":"Pintura BLATEMPUR POLIESTER piscina fibra vidrio"},{"@type":"BreadcrumbList","@id":"https:\/\/ollerpintures.com\/es\/producto\/esmalte-brillante-para-piscinas-de-fibra-blatempur-piscinas-poliester-azul-4l\/#breadcrumb","itemListElement":[{"@type":"ListItem","position":1,"name":"Inici","item":"https:\/\/ollerpintures.com\/es\/"},{"@type":"ListItem","position":2,"name":"Tienda","item":"https:\/\/ollerpintures.com\/es\/tienda\/"},{"@type":"ListItem","position":3,"name":"Esmalte brillante para piscinas de fibra BLATEMPUR Piscinas Poliester Azul 4L"}]},{"@type":"WebSite","@id":"https:\/\/ollerpintures.com\/es\/#website","url":"https:\/\/ollerpintures.com\/es\/","name":"Oller Pinturas y Revestimientos","description":"M\u00e1s de 50 a\u00f1os acompa\u00f1ando a profesionales y particulares con soluciones de pintura duraderas y sostenibles, seis tiendas de proximidad con servicio tintom\u00e9trico propio y un compromiso real con el oficio y las nuevas generaciones.","publisher":{"@id":"https:\/\/ollerpintures.com\/es\/#organization"},"alternateName":"Oller Grup","potentialAction":[{"@type":"SearchAction","target":{"@type":"EntryPoint","urlTemplate":"https:\/\/ollerpintures.com\/es\/?s={search_term_string}"},"query-input":{"@type":"PropertyValueSpecification","valueRequired":true,"valueName":"search_term_string"}}],"inLanguage":"es"},{"@type":"Organization","@id":"https:\/\/ollerpintures.com\/es\/#organization","name":"Oller Pintures i Revestiments","alternateName":"Oller Grup","url":"https:\/\/ollerpintures.com\/es\/","logo":{"@type":"ImageObject","inLanguage":"es","@id":"https:\/\/ollerpintures.com\/es\/#\/schema\/logo\/image\/","url":"https:\/\/ollerpintures.com\/wp-content\/uploads\/2024\/05\/newLogo.png","contentUrl":"https:\/\/ollerpintures.com\/wp-content\/uploads\/2024\/05\/newLogo.png","width":483,"height":244,"caption":"Oller Pintures i Revestiments"},"image":{"@id":"https:\/\/ollerpintures.com\/es\/#\/schema\/logo\/image\/"},"sameAs":["https:\/\/www.facebook.com\/people\/Oller-Pintures\/100063652056709\/","https:\/\/www.instagram.com\/ollerpintures\/","https:\/\/descriptor.es\/organization\/oller-grup\/"]}]}},"brands":[{"id":786,"name":"Blatem","slug":"blatem-es"}],"_links":{"self":[{"href":"https:\/\/ollerpintures.com\/es\/wp-json\/wp\/v2\/product\/9385","targetHints":{"allow":["GET"]}}],"collection":[{"href":"https:\/\/ollerpintures.com\/es\/wp-json\/wp\/v2\/product"}],"about":[{"href":"https:\/\/ollerpintures.com\/es\/wp-json\/wp\/v2\/types\/product"}],"wp:featuredmedia":[{"embeddable":true,"href":"https:\/\/ollerpintures.com\/es\/wp-json\/wp\/v2\/media\/9403"}],"wp:attachment":[{"href":"https:\/\/ollerpintures.com\/es\/wp-json\/wp\/v2\/media?parent=9385"}],"wp:term":[{"taxonomy":"pwb-brand","embeddable":true,"href":"https:\/\/ollerpintures.com\/es\/wp-json\/wp\/v2\/pwb-brand?post=9385"},{"taxonomy":"product_brand","embeddable":true,"href":"https:\/\/ollerpintures.com\/es\/wp-json\/wp\/v2\/product_brand?post=9385"},{"taxonomy":"product_cat","embeddable":true,"href":"https:\/\/ollerpintures.com\/es\/wp-json\/wp\/v2\/product_cat?post=9385"},{"taxonomy":"product_tag","embeddable":true,"href":"https:\/\/ollerpintures.com\/es\/wp-json\/wp\/v2\/product_tag?post=9385"}],"curies":[{"name":"wp","href":"https:\/\/api.w.org\/{rel}","templated":true}]}}