{"id":9383,"date":"2021-03-11T10:02:41","date_gmt":"2021-03-11T09:02:41","guid":{"rendered":"https:\/\/oller-pintures.c.wetopi.com\/producte\/pintura-para-piscinas-blatem-acrilica-blanca-5l\/"},"modified":"2025-11-05T19:18:33","modified_gmt":"2025-11-05T18:18:33","slug":"pintura-para-piscinas-blatem-acrilica-blanca-5l","status":"publish","type":"product","link":"https:\/\/ollerpintures.com\/es\/producto\/pintura-para-piscinas-blatem-acrilica-blanca-5l\/","title":{"rendered":"Pintura para piscinas BLATEM Acr\u00edlica Blanca 5L"},"content":{"rendered":"<p>Pintura acr\u00edlica al agua, <strong>ideal para piscinas de obra nueva o que hayan sido pintadas en ocasiones anteriores con pintura acr\u00edlica al agua.\u00a0<\/strong><\/p>\n<p>Destaca por su adherencia, cubrici\u00f3n y c\u00f3moda aplicaci\u00f3n. Sobre todo, <strong>\u00a1aseg\u00farate de limpiar bien la superficie antes de pintarla!<\/strong><\/p>\n<p>Para obtener un resultado \u00f3ptimo, no esperes hasta \u00faltima hora para pintar: deber\u00edas dejar reposar la pintura un m\u00ednimo de 7 d\u00edas antes de llenar la piscina.<\/p>\n<h4>M\u00e1s informaci\u00f3n:<\/h4>\n<div style=\"text-align: center;\">\n<div style=\"margin: 8px 0px 4px;\"><\/div>\n<p><iframe loading=\"lazy\" style=\"margin: 0 auto;\" src=\"\/\/v.calameo.com\/?bkcode=00386592495da491cee57&amp;mode=mini\" width=\"480\" height=\"300\" frameborder=\"0\" scrolling=\"no\" allowfullscreen=\"allowfullscreen\"><\/iframe><\/p>\n<div style=\"margin: 4px 0px 8px;\"><\/div>\n<\/div>\n<p>&nbsp;<\/p>\n","protected":false},"excerpt":{"rendered":"<p>Pintura acr\u00edlica al agua, ideal para piscinas de obra nueva o que hayan sido pintadas en ocasiones anteriores con pintura acr\u00edlica al agua.\u00a0 Destaca por &#8230; <\/p>\n<p class=\"read-more-container\"><a title=\"Pintura para piscinas BLATEM Acr\u00edlica Blanca 5L\" class=\"read-more button\" href=\"https:\/\/ollerpintures.com\/es\/producto\/pintura-para-piscinas-blatem-acrilica-blanca-5l\/#more-9383\" aria-label=\"Leer m\u00e1s sobre Pintura para piscinas BLATEM Acr\u00edlica Blanca 5L\">Leer m\u00e1s<\/a><\/p>\n","protected":false},"featured_media":9354,"template":"","meta":{"_acf_changed":false},"pwb-brand":[786],"product_brand":[],"product_cat":[735],"product_tag":[238,214,738,215,739,740],"class_list":{"0":"post-9383","1":"product","2":"type-product","3":"status-publish","4":"has-post-thumbnail","6":"pwb-brand-blatem-es","7":"product_cat-pintura-para-piscinas","8":"product_tag-blatem-es","9":"product_tag-exterior-es","10":"product_tag-jardin","11":"product_tag-pintura-es","12":"product_tag-pintura-para-piscina","13":"product_tag-piscina-es","14":"no-featured-image-padding","15":"resize-featured-image","16":"sales-flash-overlay","17":"woocommerce-text-align-left","18":"woocommerce-image-align-center","19":"do-quantity-buttons","20":"wc-has-gallery","22":"first","23":"instock","24":"featured","25":"shipping-taxable","26":"purchasable","27":"product-type-simple"},"acf":[],"yoast_head":"<!-- This site is optimized with the Yoast SEO plugin v27.1.1 - https:\/\/yoast.com\/product\/yoast-seo-wordpress\/ -->\n<title>Pintura para piscinas BLATEM Acr\u00edlica Blanca 5L | Oller Pinturas<\/title>\n<meta name=\"description\" content=\"Pintura para piscinas BLATEM Acr\u00edlica Blanca 5L. Para piscinas de obra nueva o que hayan sido pintadas con pintura acr\u00edlica al agua.\" \/>\n<meta name=\"robots\" content=\"index, follow, max-snippet:-1, max-image-preview:large, max-video-preview:-1\" \/>\n<link rel=\"canonical\" href=\"https:\/\/ollerpintures.com\/es\/producto\/pintura-para-piscinas-blatem-acrilica-blanca-5l\/\" \/>\n<meta property=\"og:locale\" content=\"es_ES\" \/>\n<meta property=\"og:type\" content=\"article\" \/>\n<meta property=\"og:title\" content=\"Pintura para piscinas BLATEM Acr\u00edlica Blanca 5L | Oller Pinturas\" \/>\n<meta property=\"og:description\" content=\"Pintura para piscinas BLATEM Acr\u00edlica Blanca 5L. Para piscinas de obra nueva o que hayan sido pintadas con pintura acr\u00edlica al agua.\" \/>\n<meta property=\"og:url\" content=\"https:\/\/ollerpintures.com\/es\/producto\/pintura-para-piscinas-blatem-acrilica-blanca-5l\/\" \/>\n<meta property=\"og:site_name\" content=\"Oller Pinturas y revestimientos\" \/>\n<meta property=\"article:publisher\" content=\"https:\/\/www.facebook.com\/people\/Oller-Pintures\/100063652056709\/\" \/>\n<meta property=\"article:modified_time\" content=\"2025-11-05T18:18:33+00:00\" \/>\n<meta property=\"og:image\" content=\"https:\/\/ollerpintures.com\/wp-content\/uploads\/2021\/03\/pintura-piscina-acrilica-piscinas-blatem-jardin-agua-blanco-comprar-online-oller.png\" \/>\n\t<meta property=\"og:image:width\" content=\"1080\" \/>\n\t<meta property=\"og:image:height\" content=\"1080\" \/>\n\t<meta property=\"og:image:type\" content=\"image\/png\" \/>\n<meta name=\"twitter:card\" content=\"summary_large_image\" \/>\n<meta name=\"twitter:label1\" content=\"Tiempo de lectura\" \/>\n\t<meta name=\"twitter:data1\" content=\"1 minuto\" \/>\n<script type=\"application\/ld+json\" class=\"yoast-schema-graph\">{\"@context\":\"https:\/\/schema.org\",\"@graph\":[{\"@type\":\"WebPage\",\"@id\":\"https:\/\/ollerpintures.com\/es\/producto\/pintura-para-piscinas-blatem-acrilica-blanca-5l\/\",\"url\":\"https:\/\/ollerpintures.com\/es\/producto\/pintura-para-piscinas-blatem-acrilica-blanca-5l\/\",\"name\":\"Pintura para piscinas BLATEM Acr\u00edlica Blanca 5L | Oller Pinturas\",\"isPartOf\":{\"@id\":\"https:\/\/ollerpintures.com\/es\/#website\"},\"primaryImageOfPage\":{\"@id\":\"https:\/\/ollerpintures.com\/es\/producto\/pintura-para-piscinas-blatem-acrilica-blanca-5l\/#primaryimage\"},\"image\":{\"@id\":\"https:\/\/ollerpintures.com\/es\/producto\/pintura-para-piscinas-blatem-acrilica-blanca-5l\/#primaryimage\"},\"thumbnailUrl\":\"https:\/\/ollerpintures.com\/wp-content\/uploads\/2021\/03\/pintura-piscina-acrilica-piscinas-blatem-jardin-agua-blanco-comprar-online-oller.png\",\"datePublished\":\"2021-03-11T09:02:41+00:00\",\"dateModified\":\"2025-11-05T18:18:33+00:00\",\"description\":\"Pintura para piscinas BLATEM Acr\u00edlica Blanca 5L. Para piscinas de obra nueva o que hayan sido pintadas con pintura acr\u00edlica al agua.\",\"breadcrumb\":{\"@id\":\"https:\/\/ollerpintures.com\/es\/producto\/pintura-para-piscinas-blatem-acrilica-blanca-5l\/#breadcrumb\"},\"inLanguage\":\"es\",\"potentialAction\":[{\"@type\":\"ReadAction\",\"target\":[\"https:\/\/ollerpintures.com\/es\/producto\/pintura-para-piscinas-blatem-acrilica-blanca-5l\/\"]}]},{\"@type\":\"ImageObject\",\"inLanguage\":\"es\",\"@id\":\"https:\/\/ollerpintures.com\/es\/producto\/pintura-para-piscinas-blatem-acrilica-blanca-5l\/#primaryimage\",\"url\":\"https:\/\/ollerpintures.com\/wp-content\/uploads\/2021\/03\/pintura-piscina-acrilica-piscinas-blatem-jardin-agua-blanco-comprar-online-oller.png\",\"contentUrl\":\"https:\/\/ollerpintures.com\/wp-content\/uploads\/2021\/03\/pintura-piscina-acrilica-piscinas-blatem-jardin-agua-blanco-comprar-online-oller.png\",\"width\":1080,\"height\":1080,\"caption\":\"Pintura piscina BLATEM acrilica blanca\"},{\"@type\":\"BreadcrumbList\",\"@id\":\"https:\/\/ollerpintures.com\/es\/producto\/pintura-para-piscinas-blatem-acrilica-blanca-5l\/#breadcrumb\",\"itemListElement\":[{\"@type\":\"ListItem\",\"position\":1,\"name\":\"Inici\",\"item\":\"https:\/\/ollerpintures.com\/es\/\"},{\"@type\":\"ListItem\",\"position\":2,\"name\":\"Tienda\",\"item\":\"https:\/\/ollerpintures.com\/es\/tienda\/\"},{\"@type\":\"ListItem\",\"position\":3,\"name\":\"Pintura para piscinas BLATEM Acr\u00edlica Blanca 5L\"}]},{\"@type\":\"WebSite\",\"@id\":\"https:\/\/ollerpintures.com\/es\/#website\",\"url\":\"https:\/\/ollerpintures.com\/es\/\",\"name\":\"Oller Pinturas y Revestimientos\",\"description\":\"M\u00e1s de 50 a\u00f1os acompa\u00f1ando a profesionales y particulares con soluciones de pintura duraderas y sostenibles, seis tiendas de proximidad con servicio tintom\u00e9trico propio y un compromiso real con el oficio y las nuevas generaciones.\",\"publisher\":{\"@id\":\"https:\/\/ollerpintures.com\/es\/#organization\"},\"alternateName\":\"Oller Grup\",\"potentialAction\":[{\"@type\":\"SearchAction\",\"target\":{\"@type\":\"EntryPoint\",\"urlTemplate\":\"https:\/\/ollerpintures.com\/es\/?s={search_term_string}\"},\"query-input\":{\"@type\":\"PropertyValueSpecification\",\"valueRequired\":true,\"valueName\":\"search_term_string\"}}],\"inLanguage\":\"es\"},{\"@type\":\"Organization\",\"@id\":\"https:\/\/ollerpintures.com\/es\/#organization\",\"name\":\"Oller Pintures i Revestiments\",\"alternateName\":\"Oller Grup\",\"url\":\"https:\/\/ollerpintures.com\/es\/\",\"logo\":{\"@type\":\"ImageObject\",\"inLanguage\":\"es\",\"@id\":\"https:\/\/ollerpintures.com\/es\/#\/schema\/logo\/image\/\",\"url\":\"https:\/\/ollerpintures.com\/wp-content\/uploads\/2024\/05\/newLogo.png\",\"contentUrl\":\"https:\/\/ollerpintures.com\/wp-content\/uploads\/2024\/05\/newLogo.png\",\"width\":483,\"height\":244,\"caption\":\"Oller Pintures i Revestiments\"},\"image\":{\"@id\":\"https:\/\/ollerpintures.com\/es\/#\/schema\/logo\/image\/\"},\"sameAs\":[\"https:\/\/www.facebook.com\/people\/Oller-Pintures\/100063652056709\/\",\"https:\/\/www.instagram.com\/ollerpintures\/\",\"https:\/\/descriptor.es\/organization\/oller-grup\/\"]}]}<\/script>\n<!-- \/ Yoast SEO plugin. -->","yoast_head_json":{"title":"Pintura para piscinas BLATEM Acr\u00edlica Blanca 5L | Oller Pinturas","description":"Pintura para piscinas BLATEM Acr\u00edlica Blanca 5L. Para piscinas de obra nueva o que hayan sido pintadas con pintura acr\u00edlica al agua.","robots":{"index":"index","follow":"follow","max-snippet":"max-snippet:-1","max-image-preview":"max-image-preview:large","max-video-preview":"max-video-preview:-1"},"canonical":"https:\/\/ollerpintures.com\/es\/producto\/pintura-para-piscinas-blatem-acrilica-blanca-5l\/","og_locale":"es_ES","og_type":"article","og_title":"Pintura para piscinas BLATEM Acr\u00edlica Blanca 5L | Oller Pinturas","og_description":"Pintura para piscinas BLATEM Acr\u00edlica Blanca 5L. Para piscinas de obra nueva o que hayan sido pintadas con pintura acr\u00edlica al agua.","og_url":"https:\/\/ollerpintures.com\/es\/producto\/pintura-para-piscinas-blatem-acrilica-blanca-5l\/","og_site_name":"Oller Pinturas y revestimientos","article_publisher":"https:\/\/www.facebook.com\/people\/Oller-Pintures\/100063652056709\/","article_modified_time":"2025-11-05T18:18:33+00:00","og_image":[{"width":1080,"height":1080,"url":"https:\/\/ollerpintures.com\/wp-content\/uploads\/2021\/03\/pintura-piscina-acrilica-piscinas-blatem-jardin-agua-blanco-comprar-online-oller.png","type":"image\/png"}],"twitter_card":"summary_large_image","twitter_misc":{"Tiempo de lectura":"1 minuto"},"schema":{"@context":"https:\/\/schema.org","@graph":[{"@type":"WebPage","@id":"https:\/\/ollerpintures.com\/es\/producto\/pintura-para-piscinas-blatem-acrilica-blanca-5l\/","url":"https:\/\/ollerpintures.com\/es\/producto\/pintura-para-piscinas-blatem-acrilica-blanca-5l\/","name":"Pintura para piscinas BLATEM Acr\u00edlica Blanca 5L | Oller Pinturas","isPartOf":{"@id":"https:\/\/ollerpintures.com\/es\/#website"},"primaryImageOfPage":{"@id":"https:\/\/ollerpintures.com\/es\/producto\/pintura-para-piscinas-blatem-acrilica-blanca-5l\/#primaryimage"},"image":{"@id":"https:\/\/ollerpintures.com\/es\/producto\/pintura-para-piscinas-blatem-acrilica-blanca-5l\/#primaryimage"},"thumbnailUrl":"https:\/\/ollerpintures.com\/wp-content\/uploads\/2021\/03\/pintura-piscina-acrilica-piscinas-blatem-jardin-agua-blanco-comprar-online-oller.png","datePublished":"2021-03-11T09:02:41+00:00","dateModified":"2025-11-05T18:18:33+00:00","description":"Pintura para piscinas BLATEM Acr\u00edlica Blanca 5L. Para piscinas de obra nueva o que hayan sido pintadas con pintura acr\u00edlica al agua.","breadcrumb":{"@id":"https:\/\/ollerpintures.com\/es\/producto\/pintura-para-piscinas-blatem-acrilica-blanca-5l\/#breadcrumb"},"inLanguage":"es","potentialAction":[{"@type":"ReadAction","target":["https:\/\/ollerpintures.com\/es\/producto\/pintura-para-piscinas-blatem-acrilica-blanca-5l\/"]}]},{"@type":"ImageObject","inLanguage":"es","@id":"https:\/\/ollerpintures.com\/es\/producto\/pintura-para-piscinas-blatem-acrilica-blanca-5l\/#primaryimage","url":"https:\/\/ollerpintures.com\/wp-content\/uploads\/2021\/03\/pintura-piscina-acrilica-piscinas-blatem-jardin-agua-blanco-comprar-online-oller.png","contentUrl":"https:\/\/ollerpintures.com\/wp-content\/uploads\/2021\/03\/pintura-piscina-acrilica-piscinas-blatem-jardin-agua-blanco-comprar-online-oller.png","width":1080,"height":1080,"caption":"Pintura piscina BLATEM acrilica blanca"},{"@type":"BreadcrumbList","@id":"https:\/\/ollerpintures.com\/es\/producto\/pintura-para-piscinas-blatem-acrilica-blanca-5l\/#breadcrumb","itemListElement":[{"@type":"ListItem","position":1,"name":"Inici","item":"https:\/\/ollerpintures.com\/es\/"},{"@type":"ListItem","position":2,"name":"Tienda","item":"https:\/\/ollerpintures.com\/es\/tienda\/"},{"@type":"ListItem","position":3,"name":"Pintura para piscinas BLATEM Acr\u00edlica Blanca 5L"}]},{"@type":"WebSite","@id":"https:\/\/ollerpintures.com\/es\/#website","url":"https:\/\/ollerpintures.com\/es\/","name":"Oller Pinturas y Revestimientos","description":"M\u00e1s de 50 a\u00f1os acompa\u00f1ando a profesionales y particulares con soluciones de pintura duraderas y sostenibles, seis tiendas de proximidad con servicio tintom\u00e9trico propio y un compromiso real con el oficio y las nuevas generaciones.","publisher":{"@id":"https:\/\/ollerpintures.com\/es\/#organization"},"alternateName":"Oller Grup","potentialAction":[{"@type":"SearchAction","target":{"@type":"EntryPoint","urlTemplate":"https:\/\/ollerpintures.com\/es\/?s={search_term_string}"},"query-input":{"@type":"PropertyValueSpecification","valueRequired":true,"valueName":"search_term_string"}}],"inLanguage":"es"},{"@type":"Organization","@id":"https:\/\/ollerpintures.com\/es\/#organization","name":"Oller Pintures i Revestiments","alternateName":"Oller Grup","url":"https:\/\/ollerpintures.com\/es\/","logo":{"@type":"ImageObject","inLanguage":"es","@id":"https:\/\/ollerpintures.com\/es\/#\/schema\/logo\/image\/","url":"https:\/\/ollerpintures.com\/wp-content\/uploads\/2024\/05\/newLogo.png","contentUrl":"https:\/\/ollerpintures.com\/wp-content\/uploads\/2024\/05\/newLogo.png","width":483,"height":244,"caption":"Oller Pintures i Revestiments"},"image":{"@id":"https:\/\/ollerpintures.com\/es\/#\/schema\/logo\/image\/"},"sameAs":["https:\/\/www.facebook.com\/people\/Oller-Pintures\/100063652056709\/","https:\/\/www.instagram.com\/ollerpintures\/","https:\/\/descriptor.es\/organization\/oller-grup\/"]}]}},"brands":[{"id":786,"name":"Blatem","slug":"blatem-es"}],"_links":{"self":[{"href":"https:\/\/ollerpintures.com\/es\/wp-json\/wp\/v2\/product\/9383","targetHints":{"allow":["GET"]}}],"collection":[{"href":"https:\/\/ollerpintures.com\/es\/wp-json\/wp\/v2\/product"}],"about":[{"href":"https:\/\/ollerpintures.com\/es\/wp-json\/wp\/v2\/types\/product"}],"wp:featuredmedia":[{"embeddable":true,"href":"https:\/\/ollerpintures.com\/es\/wp-json\/wp\/v2\/media\/9354"}],"wp:attachment":[{"href":"https:\/\/ollerpintures.com\/es\/wp-json\/wp\/v2\/media?parent=9383"}],"wp:term":[{"taxonomy":"pwb-brand","embeddable":true,"href":"https:\/\/ollerpintures.com\/es\/wp-json\/wp\/v2\/pwb-brand?post=9383"},{"taxonomy":"product_brand","embeddable":true,"href":"https:\/\/ollerpintures.com\/es\/wp-json\/wp\/v2\/product_brand?post=9383"},{"taxonomy":"product_cat","embeddable":true,"href":"https:\/\/ollerpintures.com\/es\/wp-json\/wp\/v2\/product_cat?post=9383"},{"taxonomy":"product_tag","embeddable":true,"href":"https:\/\/ollerpintures.com\/es\/wp-json\/wp\/v2\/product_tag?post=9383"}],"curies":[{"name":"wp","href":"https:\/\/api.w.org\/{rel}","templated":true}]}}