{"id":8565,"date":"2021-02-11T12:20:42","date_gmt":"2021-02-11T11:20:42","guid":{"rendered":"https:\/\/oller-pintures.c.wetopi.com\/producte\/spray-anticalorico-barniz-trade-therm-600oc-400ml\/"},"modified":"2021-02-11T12:20:42","modified_gmt":"2021-02-11T11:20:42","slug":"spray-anticalorico-barniz-trade-therm-600oc-400ml","status":"publish","type":"product","link":"https:\/\/ollerpintures.com\/es\/producto\/spray-anticalorico-barniz-trade-therm-600oc-400ml\/","title":{"rendered":"Spray Antical\u00f3rico Barniz TRADE-THERM 600\u00baC 400ml"},"content":{"rendered":"","protected":false},"excerpt":{"rendered":"","protected":false},"featured_media":8552,"template":"","meta":{"_acf_changed":false},"pwb-brand":[792],"product_brand":[],"product_cat":[630,633,634],"product_tag":[632,524,214,213,329],"class_list":{"0":"post-8565","1":"product","2":"type-product","3":"status-publish","4":"has-post-thumbnail","6":"pwb-brand-trade-therm-es","7":"product_cat-pintura-anticalorica-es","8":"product_cat-sprays-es","9":"product_cat-spray-anticalorico","10":"product_tag-anticalorica-es","11":"product_tag-barniz","12":"product_tag-exterior-es","13":"product_tag-interior-es","14":"product_tag-spray-es","15":"no-featured-image-padding","16":"resize-featured-image","17":"sales-flash-overlay","18":"woocommerce-text-align-left","19":"woocommerce-image-align-center","20":"do-quantity-buttons","21":"wc-has-gallery","23":"first","24":"instock","25":"shipping-taxable","26":"purchasable","27":"product-type-simple"},"acf":[],"yoast_head":"<!-- This site is optimized with the Yoast SEO plugin v27.1.1 - https:\/\/yoast.com\/product\/yoast-seo-wordpress\/ -->\n<title>Spray Antical\u00f3rico Barniz TRADE-THERM 600\u00baC 400ml - Oller Pinturas y revestimientos<\/title>\n<meta name=\"robots\" content=\"index, follow, max-snippet:-1, max-image-preview:large, max-video-preview:-1\" \/>\n<link rel=\"canonical\" href=\"https:\/\/ollerpintures.com\/es\/producto\/spray-anticalorico-barniz-trade-therm-600oc-400ml\/\" \/>\n<meta property=\"og:locale\" content=\"es_ES\" \/>\n<meta property=\"og:type\" content=\"article\" \/>\n<meta property=\"og:title\" content=\"Spray Antical\u00f3rico Barniz TRADE-THERM 600\u00baC 400ml - Oller Pinturas y revestimientos\" \/>\n<meta property=\"og:url\" content=\"https:\/\/ollerpintures.com\/es\/producto\/spray-anticalorico-barniz-trade-therm-600oc-400ml\/\" \/>\n<meta property=\"og:site_name\" content=\"Oller Pinturas y revestimientos\" \/>\n<meta property=\"article:publisher\" content=\"https:\/\/www.facebook.com\/people\/Oller-Pintures\/100063652056709\/\" \/>\n<meta property=\"og:image\" content=\"https:\/\/ollerpintures.com\/wp-content\/uploads\/2021\/02\/spray-anticalorico-tradetherm-comprar-online-oller-para-chimenea.png\" \/>\n\t<meta property=\"og:image:width\" content=\"1080\" \/>\n\t<meta property=\"og:image:height\" content=\"1080\" \/>\n\t<meta property=\"og:image:type\" content=\"image\/png\" \/>\n<meta name=\"twitter:card\" content=\"summary_large_image\" \/>\n<script type=\"application\/ld+json\" class=\"yoast-schema-graph\">{\"@context\":\"https:\/\/schema.org\",\"@graph\":[{\"@type\":\"WebPage\",\"@id\":\"https:\/\/ollerpintures.com\/es\/producto\/spray-anticalorico-barniz-trade-therm-600oc-400ml\/\",\"url\":\"https:\/\/ollerpintures.com\/es\/producto\/spray-anticalorico-barniz-trade-therm-600oc-400ml\/\",\"name\":\"Spray Antical\u00f3rico Barniz TRADE-THERM 600\u00baC 400ml - Oller Pinturas y revestimientos\",\"isPartOf\":{\"@id\":\"https:\/\/ollerpintures.com\/es\/#website\"},\"primaryImageOfPage\":{\"@id\":\"https:\/\/ollerpintures.com\/es\/producto\/spray-anticalorico-barniz-trade-therm-600oc-400ml\/#primaryimage\"},\"image\":{\"@id\":\"https:\/\/ollerpintures.com\/es\/producto\/spray-anticalorico-barniz-trade-therm-600oc-400ml\/#primaryimage\"},\"thumbnailUrl\":\"https:\/\/ollerpintures.com\/wp-content\/uploads\/2021\/02\/spray-anticalorico-tradetherm-comprar-online-oller-para-chimenea.png\",\"datePublished\":\"2021-02-11T11:20:42+00:00\",\"breadcrumb\":{\"@id\":\"https:\/\/ollerpintures.com\/es\/producto\/spray-anticalorico-barniz-trade-therm-600oc-400ml\/#breadcrumb\"},\"inLanguage\":\"es\",\"potentialAction\":[{\"@type\":\"ReadAction\",\"target\":[\"https:\/\/ollerpintures.com\/es\/producto\/spray-anticalorico-barniz-trade-therm-600oc-400ml\/\"]}]},{\"@type\":\"ImageObject\",\"inLanguage\":\"es\",\"@id\":\"https:\/\/ollerpintures.com\/es\/producto\/spray-anticalorico-barniz-trade-therm-600oc-400ml\/#primaryimage\",\"url\":\"https:\/\/ollerpintures.com\/wp-content\/uploads\/2021\/02\/spray-anticalorico-tradetherm-comprar-online-oller-para-chimenea.png\",\"contentUrl\":\"https:\/\/ollerpintures.com\/wp-content\/uploads\/2021\/02\/spray-anticalorico-tradetherm-comprar-online-oller-para-chimenea.png\",\"width\":1080,\"height\":1080,\"caption\":\"Spray Antical\u00f3rico Barniz TRADE-THERM 600\u00baC 400ml\"},{\"@type\":\"BreadcrumbList\",\"@id\":\"https:\/\/ollerpintures.com\/es\/producto\/spray-anticalorico-barniz-trade-therm-600oc-400ml\/#breadcrumb\",\"itemListElement\":[{\"@type\":\"ListItem\",\"position\":1,\"name\":\"Inici\",\"item\":\"https:\/\/ollerpintures.com\/es\/\"},{\"@type\":\"ListItem\",\"position\":2,\"name\":\"Tienda\",\"item\":\"https:\/\/ollerpintures.com\/es\/tienda\/\"},{\"@type\":\"ListItem\",\"position\":3,\"name\":\"Spray Antical\u00f3rico Barniz TRADE-THERM 600\u00baC 400ml\"}]},{\"@type\":\"WebSite\",\"@id\":\"https:\/\/ollerpintures.com\/es\/#website\",\"url\":\"https:\/\/ollerpintures.com\/es\/\",\"name\":\"Oller Pinturas y Revestimientos\",\"description\":\"M\u00e1s de 50 a\u00f1os acompa\u00f1ando a profesionales y particulares con soluciones de pintura duraderas y sostenibles, seis tiendas de proximidad con servicio tintom\u00e9trico propio y un compromiso real con el oficio y las nuevas generaciones.\",\"publisher\":{\"@id\":\"https:\/\/ollerpintures.com\/es\/#organization\"},\"alternateName\":\"Oller Grup\",\"potentialAction\":[{\"@type\":\"SearchAction\",\"target\":{\"@type\":\"EntryPoint\",\"urlTemplate\":\"https:\/\/ollerpintures.com\/es\/?s={search_term_string}\"},\"query-input\":{\"@type\":\"PropertyValueSpecification\",\"valueRequired\":true,\"valueName\":\"search_term_string\"}}],\"inLanguage\":\"es\"},{\"@type\":\"Organization\",\"@id\":\"https:\/\/ollerpintures.com\/es\/#organization\",\"name\":\"Oller Pintures i Revestiments\",\"alternateName\":\"Oller Grup\",\"url\":\"https:\/\/ollerpintures.com\/es\/\",\"logo\":{\"@type\":\"ImageObject\",\"inLanguage\":\"es\",\"@id\":\"https:\/\/ollerpintures.com\/es\/#\/schema\/logo\/image\/\",\"url\":\"https:\/\/ollerpintures.com\/wp-content\/uploads\/2024\/05\/newLogo.png\",\"contentUrl\":\"https:\/\/ollerpintures.com\/wp-content\/uploads\/2024\/05\/newLogo.png\",\"width\":483,\"height\":244,\"caption\":\"Oller Pintures i Revestiments\"},\"image\":{\"@id\":\"https:\/\/ollerpintures.com\/es\/#\/schema\/logo\/image\/\"},\"sameAs\":[\"https:\/\/www.facebook.com\/people\/Oller-Pintures\/100063652056709\/\",\"https:\/\/www.instagram.com\/ollerpintures\/\",\"https:\/\/descriptor.es\/organization\/oller-grup\/\"]}]}<\/script>\n<!-- \/ Yoast SEO plugin. -->","yoast_head_json":{"title":"Spray Antical\u00f3rico Barniz TRADE-THERM 600\u00baC 400ml - Oller Pinturas y revestimientos","robots":{"index":"index","follow":"follow","max-snippet":"max-snippet:-1","max-image-preview":"max-image-preview:large","max-video-preview":"max-video-preview:-1"},"canonical":"https:\/\/ollerpintures.com\/es\/producto\/spray-anticalorico-barniz-trade-therm-600oc-400ml\/","og_locale":"es_ES","og_type":"article","og_title":"Spray Antical\u00f3rico Barniz TRADE-THERM 600\u00baC 400ml - Oller Pinturas y revestimientos","og_url":"https:\/\/ollerpintures.com\/es\/producto\/spray-anticalorico-barniz-trade-therm-600oc-400ml\/","og_site_name":"Oller Pinturas y revestimientos","article_publisher":"https:\/\/www.facebook.com\/people\/Oller-Pintures\/100063652056709\/","og_image":[{"width":1080,"height":1080,"url":"https:\/\/ollerpintures.com\/wp-content\/uploads\/2021\/02\/spray-anticalorico-tradetherm-comprar-online-oller-para-chimenea.png","type":"image\/png"}],"twitter_card":"summary_large_image","schema":{"@context":"https:\/\/schema.org","@graph":[{"@type":"WebPage","@id":"https:\/\/ollerpintures.com\/es\/producto\/spray-anticalorico-barniz-trade-therm-600oc-400ml\/","url":"https:\/\/ollerpintures.com\/es\/producto\/spray-anticalorico-barniz-trade-therm-600oc-400ml\/","name":"Spray Antical\u00f3rico Barniz TRADE-THERM 600\u00baC 400ml - Oller Pinturas y revestimientos","isPartOf":{"@id":"https:\/\/ollerpintures.com\/es\/#website"},"primaryImageOfPage":{"@id":"https:\/\/ollerpintures.com\/es\/producto\/spray-anticalorico-barniz-trade-therm-600oc-400ml\/#primaryimage"},"image":{"@id":"https:\/\/ollerpintures.com\/es\/producto\/spray-anticalorico-barniz-trade-therm-600oc-400ml\/#primaryimage"},"thumbnailUrl":"https:\/\/ollerpintures.com\/wp-content\/uploads\/2021\/02\/spray-anticalorico-tradetherm-comprar-online-oller-para-chimenea.png","datePublished":"2021-02-11T11:20:42+00:00","breadcrumb":{"@id":"https:\/\/ollerpintures.com\/es\/producto\/spray-anticalorico-barniz-trade-therm-600oc-400ml\/#breadcrumb"},"inLanguage":"es","potentialAction":[{"@type":"ReadAction","target":["https:\/\/ollerpintures.com\/es\/producto\/spray-anticalorico-barniz-trade-therm-600oc-400ml\/"]}]},{"@type":"ImageObject","inLanguage":"es","@id":"https:\/\/ollerpintures.com\/es\/producto\/spray-anticalorico-barniz-trade-therm-600oc-400ml\/#primaryimage","url":"https:\/\/ollerpintures.com\/wp-content\/uploads\/2021\/02\/spray-anticalorico-tradetherm-comprar-online-oller-para-chimenea.png","contentUrl":"https:\/\/ollerpintures.com\/wp-content\/uploads\/2021\/02\/spray-anticalorico-tradetherm-comprar-online-oller-para-chimenea.png","width":1080,"height":1080,"caption":"Spray Antical\u00f3rico Barniz TRADE-THERM 600\u00baC 400ml"},{"@type":"BreadcrumbList","@id":"https:\/\/ollerpintures.com\/es\/producto\/spray-anticalorico-barniz-trade-therm-600oc-400ml\/#breadcrumb","itemListElement":[{"@type":"ListItem","position":1,"name":"Inici","item":"https:\/\/ollerpintures.com\/es\/"},{"@type":"ListItem","position":2,"name":"Tienda","item":"https:\/\/ollerpintures.com\/es\/tienda\/"},{"@type":"ListItem","position":3,"name":"Spray Antical\u00f3rico Barniz TRADE-THERM 600\u00baC 400ml"}]},{"@type":"WebSite","@id":"https:\/\/ollerpintures.com\/es\/#website","url":"https:\/\/ollerpintures.com\/es\/","name":"Oller Pinturas y Revestimientos","description":"M\u00e1s de 50 a\u00f1os acompa\u00f1ando a profesionales y particulares con soluciones de pintura duraderas y sostenibles, seis tiendas de proximidad con servicio tintom\u00e9trico propio y un compromiso real con el oficio y las nuevas generaciones.","publisher":{"@id":"https:\/\/ollerpintures.com\/es\/#organization"},"alternateName":"Oller Grup","potentialAction":[{"@type":"SearchAction","target":{"@type":"EntryPoint","urlTemplate":"https:\/\/ollerpintures.com\/es\/?s={search_term_string}"},"query-input":{"@type":"PropertyValueSpecification","valueRequired":true,"valueName":"search_term_string"}}],"inLanguage":"es"},{"@type":"Organization","@id":"https:\/\/ollerpintures.com\/es\/#organization","name":"Oller Pintures i Revestiments","alternateName":"Oller Grup","url":"https:\/\/ollerpintures.com\/es\/","logo":{"@type":"ImageObject","inLanguage":"es","@id":"https:\/\/ollerpintures.com\/es\/#\/schema\/logo\/image\/","url":"https:\/\/ollerpintures.com\/wp-content\/uploads\/2024\/05\/newLogo.png","contentUrl":"https:\/\/ollerpintures.com\/wp-content\/uploads\/2024\/05\/newLogo.png","width":483,"height":244,"caption":"Oller Pintures i Revestiments"},"image":{"@id":"https:\/\/ollerpintures.com\/es\/#\/schema\/logo\/image\/"},"sameAs":["https:\/\/www.facebook.com\/people\/Oller-Pintures\/100063652056709\/","https:\/\/www.instagram.com\/ollerpintures\/","https:\/\/descriptor.es\/organization\/oller-grup\/"]}]}},"brands":[{"id":792,"name":"Trade-Therm","slug":"trade-therm-es"}],"_links":{"self":[{"href":"https:\/\/ollerpintures.com\/es\/wp-json\/wp\/v2\/product\/8565","targetHints":{"allow":["GET"]}}],"collection":[{"href":"https:\/\/ollerpintures.com\/es\/wp-json\/wp\/v2\/product"}],"about":[{"href":"https:\/\/ollerpintures.com\/es\/wp-json\/wp\/v2\/types\/product"}],"wp:featuredmedia":[{"embeddable":true,"href":"https:\/\/ollerpintures.com\/es\/wp-json\/wp\/v2\/media\/8552"}],"wp:attachment":[{"href":"https:\/\/ollerpintures.com\/es\/wp-json\/wp\/v2\/media?parent=8565"}],"wp:term":[{"taxonomy":"pwb-brand","embeddable":true,"href":"https:\/\/ollerpintures.com\/es\/wp-json\/wp\/v2\/pwb-brand?post=8565"},{"taxonomy":"product_brand","embeddable":true,"href":"https:\/\/ollerpintures.com\/es\/wp-json\/wp\/v2\/product_brand?post=8565"},{"taxonomy":"product_cat","embeddable":true,"href":"https:\/\/ollerpintures.com\/es\/wp-json\/wp\/v2\/product_cat?post=8565"},{"taxonomy":"product_tag","embeddable":true,"href":"https:\/\/ollerpintures.com\/es\/wp-json\/wp\/v2\/product_tag?post=8565"}],"curies":[{"name":"wp","href":"https:\/\/api.w.org\/{rel}","templated":true}]}}