{"id":8553,"date":"2021-02-11T09:56:21","date_gmt":"2021-02-11T08:56:21","guid":{"rendered":"https:\/\/oller-pintures.c.wetopi.com\/producte\/esmalte-antioxidante-blatem-oxi-stop-liso-plata\/"},"modified":"2025-05-29T21:43:47","modified_gmt":"2025-05-29T20:43:47","slug":"esmalte-antioxidante-blatem-oxi-stop-liso-plata","status":"publish","type":"product","link":"https:\/\/ollerpintures.com\/es\/producto\/esmalte-antioxidante-blatem-oxi-stop-liso-plata\/","title":{"rendered":"Esmalte Antioxidante BLATEM Oxi-Stop Liso Plata"},"content":{"rendered":"<p>Oxi-Stop Liso Plata es un esmalte ideal <strong>para pintar toda clase de <a href=\"https:\/\/ollerpintures.com\/es\/categoria-producto\/pintura-es\/pintura-para-hierro\/esmaltes-para-hierro\/\">superficies de hierro<\/a> tanto en interior como en exterior.<\/strong> Podr\u00e1s aplicarlo directamente a la superficie sin necesidad de imprimaci\u00f3n previa, incluso sobre metal oxidado, gracias a su excelente resistencia. Obtendr\u00e1s un <strong>acabado liso y brillante<\/strong> con gran cubrici\u00f3n, dureza y resistencia a la corrosi\u00f3n. Adem\u00e1s,<strong> \u00a1tendr\u00e1s la superficie seca en muy poco tiempo!<\/strong><\/p>\n","protected":false},"excerpt":{"rendered":"<p>Oxi-Stop Liso Plata es un esmalte ideal para pintar toda clase de superficies de hierro tanto en interior como en exterior. Podr\u00e1s aplicarlo directamente a &#8230; <\/p>\n<p class=\"read-more-container\"><a title=\"Esmalte Antioxidante BLATEM Oxi-Stop Liso Plata\" class=\"read-more button\" href=\"https:\/\/ollerpintures.com\/es\/producto\/esmalte-antioxidante-blatem-oxi-stop-liso-plata\/#more-8553\" aria-label=\"Leer m\u00e1s sobre Esmalte Antioxidante BLATEM Oxi-Stop Liso Plata\">Leer m\u00e1s<\/a><\/p>\n","protected":false},"featured_media":8521,"template":"","meta":{"_acf_changed":false},"pwb-brand":[786],"product_brand":[],"product_cat":[202,206,205,848],"product_tag":[495,238,225,214,213],"class_list":{"0":"post-8553","1":"product","2":"type-product","3":"status-publish","4":"has-post-thumbnail","6":"pwb-brand-blatem-es","7":"product_cat-pintura-exterior","8":"product_cat-interior","9":"product_cat-pintura-para-hierro","10":"product_cat-esmaltes-para-hierro","11":"product_tag-antioxidante","12":"product_tag-blatem-es","13":"product_tag-esmalte","14":"product_tag-exterior-es","15":"product_tag-interior-es","16":"no-featured-image-padding","17":"resize-featured-image","18":"sales-flash-overlay","19":"woocommerce-text-align-left","20":"woocommerce-image-align-center","21":"do-quantity-buttons","23":"first","24":"instock","25":"shipping-taxable","26":"purchasable","27":"product-type-variable"},"acf":[],"yoast_head":"<!-- This site is optimized with the Yoast SEO plugin v27.1.1 - https:\/\/yoast.com\/product\/yoast-seo-wordpress\/ -->\n<title>Esmalte Antioxidante BLATEM Oxi-Stop Liso Plata - Oller Pinturas y revestimientos<\/title>\n<meta name=\"description\" content=\"Oxi-Stop Liso Plata es un esmalte ideal para pintar toda clase de superficies de hierro tanto en interior como en exterior. Podr\u00e1s aplicarlo directamente\" \/>\n<meta name=\"robots\" content=\"index, follow, max-snippet:-1, max-image-preview:large, max-video-preview:-1\" \/>\n<link rel=\"canonical\" href=\"https:\/\/ollerpintures.com\/es\/producto\/esmalte-antioxidante-blatem-oxi-stop-liso-plata\/\" \/>\n<meta property=\"og:locale\" content=\"es_ES\" \/>\n<meta property=\"og:type\" content=\"article\" \/>\n<meta property=\"og:title\" content=\"Esmalte Antioxidante BLATEM Oxi-Stop Liso Plata - Oller Pinturas y revestimientos\" \/>\n<meta property=\"og:description\" content=\"Oxi-Stop Liso Plata es un esmalte ideal para pintar toda clase de superficies de hierro tanto en interior como en exterior. Podr\u00e1s aplicarlo directamente\" \/>\n<meta property=\"og:url\" content=\"https:\/\/ollerpintures.com\/es\/producto\/esmalte-antioxidante-blatem-oxi-stop-liso-plata\/\" \/>\n<meta property=\"og:site_name\" content=\"Oller Pinturas y revestimientos\" \/>\n<meta property=\"article:publisher\" content=\"https:\/\/www.facebook.com\/people\/Oller-Pintures\/100063652056709\/\" \/>\n<meta property=\"article:modified_time\" content=\"2025-05-29T20:43:47+00:00\" \/>\n<meta property=\"og:image\" content=\"https:\/\/ollerpintures.com\/wp-content\/uploads\/2021\/02\/esmalte-antioxidante-blatem-oxistop-liso-plata-comprar-online-oller-pintura.png\" \/>\n\t<meta property=\"og:image:width\" content=\"1080\" \/>\n\t<meta property=\"og:image:height\" content=\"1080\" \/>\n\t<meta property=\"og:image:type\" content=\"image\/png\" \/>\n<meta name=\"twitter:card\" content=\"summary_large_image\" \/>\n<meta name=\"twitter:label1\" content=\"Tiempo de lectura\" \/>\n\t<meta name=\"twitter:data1\" content=\"1 minuto\" \/>\n<script type=\"application\/ld+json\" class=\"yoast-schema-graph\">{\"@context\":\"https:\/\/schema.org\",\"@graph\":[{\"@type\":\"WebPage\",\"@id\":\"https:\/\/ollerpintures.com\/es\/producto\/esmalte-antioxidante-blatem-oxi-stop-liso-plata\/\",\"url\":\"https:\/\/ollerpintures.com\/es\/producto\/esmalte-antioxidante-blatem-oxi-stop-liso-plata\/\",\"name\":\"Esmalte Antioxidante BLATEM Oxi-Stop Liso Plata - Oller Pinturas y revestimientos\",\"isPartOf\":{\"@id\":\"https:\/\/ollerpintures.com\/es\/#website\"},\"primaryImageOfPage\":{\"@id\":\"https:\/\/ollerpintures.com\/es\/producto\/esmalte-antioxidante-blatem-oxi-stop-liso-plata\/#primaryimage\"},\"image\":{\"@id\":\"https:\/\/ollerpintures.com\/es\/producto\/esmalte-antioxidante-blatem-oxi-stop-liso-plata\/#primaryimage\"},\"thumbnailUrl\":\"https:\/\/ollerpintures.com\/wp-content\/uploads\/2021\/02\/esmalte-antioxidante-blatem-oxistop-liso-plata-comprar-online-oller-pintura.png\",\"datePublished\":\"2021-02-11T08:56:21+00:00\",\"dateModified\":\"2025-05-29T20:43:47+00:00\",\"description\":\"Oxi-Stop Liso Plata es un esmalte ideal para pintar toda clase de superficies de hierro tanto en interior como en exterior. Podr\u00e1s aplicarlo directamente\",\"breadcrumb\":{\"@id\":\"https:\/\/ollerpintures.com\/es\/producto\/esmalte-antioxidante-blatem-oxi-stop-liso-plata\/#breadcrumb\"},\"inLanguage\":\"es\",\"potentialAction\":[{\"@type\":\"ReadAction\",\"target\":[\"https:\/\/ollerpintures.com\/es\/producto\/esmalte-antioxidante-blatem-oxi-stop-liso-plata\/\"]}]},{\"@type\":\"ImageObject\",\"inLanguage\":\"es\",\"@id\":\"https:\/\/ollerpintures.com\/es\/producto\/esmalte-antioxidante-blatem-oxi-stop-liso-plata\/#primaryimage\",\"url\":\"https:\/\/ollerpintures.com\/wp-content\/uploads\/2021\/02\/esmalte-antioxidante-blatem-oxistop-liso-plata-comprar-online-oller-pintura.png\",\"contentUrl\":\"https:\/\/ollerpintures.com\/wp-content\/uploads\/2021\/02\/esmalte-antioxidante-blatem-oxistop-liso-plata-comprar-online-oller-pintura.png\",\"width\":1080,\"height\":1080,\"caption\":\"Esmalte Antioxidante BLATEM Oxi-Stop Liso Plata\"},{\"@type\":\"BreadcrumbList\",\"@id\":\"https:\/\/ollerpintures.com\/es\/producto\/esmalte-antioxidante-blatem-oxi-stop-liso-plata\/#breadcrumb\",\"itemListElement\":[{\"@type\":\"ListItem\",\"position\":1,\"name\":\"Inici\",\"item\":\"https:\/\/ollerpintures.com\/es\/\"},{\"@type\":\"ListItem\",\"position\":2,\"name\":\"Tienda\",\"item\":\"https:\/\/ollerpintures.com\/es\/tienda\/\"},{\"@type\":\"ListItem\",\"position\":3,\"name\":\"Esmalte Antioxidante BLATEM Oxi-Stop Liso Plata\"}]},{\"@type\":\"WebSite\",\"@id\":\"https:\/\/ollerpintures.com\/es\/#website\",\"url\":\"https:\/\/ollerpintures.com\/es\/\",\"name\":\"Oller Pinturas y Revestimientos\",\"description\":\"M\u00e1s de 50 a\u00f1os acompa\u00f1ando a profesionales y particulares con soluciones de pintura duraderas y sostenibles, seis tiendas de proximidad con servicio tintom\u00e9trico propio y un compromiso real con el oficio y las nuevas generaciones.\",\"publisher\":{\"@id\":\"https:\/\/ollerpintures.com\/es\/#organization\"},\"alternateName\":\"Oller Grup\",\"potentialAction\":[{\"@type\":\"SearchAction\",\"target\":{\"@type\":\"EntryPoint\",\"urlTemplate\":\"https:\/\/ollerpintures.com\/es\/?s={search_term_string}\"},\"query-input\":{\"@type\":\"PropertyValueSpecification\",\"valueRequired\":true,\"valueName\":\"search_term_string\"}}],\"inLanguage\":\"es\"},{\"@type\":\"Organization\",\"@id\":\"https:\/\/ollerpintures.com\/es\/#organization\",\"name\":\"Oller Pintures i Revestiments\",\"alternateName\":\"Oller Grup\",\"url\":\"https:\/\/ollerpintures.com\/es\/\",\"logo\":{\"@type\":\"ImageObject\",\"inLanguage\":\"es\",\"@id\":\"https:\/\/ollerpintures.com\/es\/#\/schema\/logo\/image\/\",\"url\":\"https:\/\/ollerpintures.com\/wp-content\/uploads\/2024\/05\/newLogo.png\",\"contentUrl\":\"https:\/\/ollerpintures.com\/wp-content\/uploads\/2024\/05\/newLogo.png\",\"width\":483,\"height\":244,\"caption\":\"Oller Pintures i Revestiments\"},\"image\":{\"@id\":\"https:\/\/ollerpintures.com\/es\/#\/schema\/logo\/image\/\"},\"sameAs\":[\"https:\/\/www.facebook.com\/people\/Oller-Pintures\/100063652056709\/\",\"https:\/\/www.instagram.com\/ollerpintures\/\",\"https:\/\/descriptor.es\/organization\/oller-grup\/\"]}]}<\/script>\n<!-- \/ Yoast SEO plugin. -->","yoast_head_json":{"title":"Esmalte Antioxidante BLATEM Oxi-Stop Liso Plata - Oller Pinturas y revestimientos","description":"Oxi-Stop Liso Plata es un esmalte ideal para pintar toda clase de superficies de hierro tanto en interior como en exterior. Podr\u00e1s aplicarlo directamente","robots":{"index":"index","follow":"follow","max-snippet":"max-snippet:-1","max-image-preview":"max-image-preview:large","max-video-preview":"max-video-preview:-1"},"canonical":"https:\/\/ollerpintures.com\/es\/producto\/esmalte-antioxidante-blatem-oxi-stop-liso-plata\/","og_locale":"es_ES","og_type":"article","og_title":"Esmalte Antioxidante BLATEM Oxi-Stop Liso Plata - Oller Pinturas y revestimientos","og_description":"Oxi-Stop Liso Plata es un esmalte ideal para pintar toda clase de superficies de hierro tanto en interior como en exterior. Podr\u00e1s aplicarlo directamente","og_url":"https:\/\/ollerpintures.com\/es\/producto\/esmalte-antioxidante-blatem-oxi-stop-liso-plata\/","og_site_name":"Oller Pinturas y revestimientos","article_publisher":"https:\/\/www.facebook.com\/people\/Oller-Pintures\/100063652056709\/","article_modified_time":"2025-05-29T20:43:47+00:00","og_image":[{"width":1080,"height":1080,"url":"https:\/\/ollerpintures.com\/wp-content\/uploads\/2021\/02\/esmalte-antioxidante-blatem-oxistop-liso-plata-comprar-online-oller-pintura.png","type":"image\/png"}],"twitter_card":"summary_large_image","twitter_misc":{"Tiempo de lectura":"1 minuto"},"schema":{"@context":"https:\/\/schema.org","@graph":[{"@type":"WebPage","@id":"https:\/\/ollerpintures.com\/es\/producto\/esmalte-antioxidante-blatem-oxi-stop-liso-plata\/","url":"https:\/\/ollerpintures.com\/es\/producto\/esmalte-antioxidante-blatem-oxi-stop-liso-plata\/","name":"Esmalte Antioxidante BLATEM Oxi-Stop Liso Plata - Oller Pinturas y revestimientos","isPartOf":{"@id":"https:\/\/ollerpintures.com\/es\/#website"},"primaryImageOfPage":{"@id":"https:\/\/ollerpintures.com\/es\/producto\/esmalte-antioxidante-blatem-oxi-stop-liso-plata\/#primaryimage"},"image":{"@id":"https:\/\/ollerpintures.com\/es\/producto\/esmalte-antioxidante-blatem-oxi-stop-liso-plata\/#primaryimage"},"thumbnailUrl":"https:\/\/ollerpintures.com\/wp-content\/uploads\/2021\/02\/esmalte-antioxidante-blatem-oxistop-liso-plata-comprar-online-oller-pintura.png","datePublished":"2021-02-11T08:56:21+00:00","dateModified":"2025-05-29T20:43:47+00:00","description":"Oxi-Stop Liso Plata es un esmalte ideal para pintar toda clase de superficies de hierro tanto en interior como en exterior. Podr\u00e1s aplicarlo directamente","breadcrumb":{"@id":"https:\/\/ollerpintures.com\/es\/producto\/esmalte-antioxidante-blatem-oxi-stop-liso-plata\/#breadcrumb"},"inLanguage":"es","potentialAction":[{"@type":"ReadAction","target":["https:\/\/ollerpintures.com\/es\/producto\/esmalte-antioxidante-blatem-oxi-stop-liso-plata\/"]}]},{"@type":"ImageObject","inLanguage":"es","@id":"https:\/\/ollerpintures.com\/es\/producto\/esmalte-antioxidante-blatem-oxi-stop-liso-plata\/#primaryimage","url":"https:\/\/ollerpintures.com\/wp-content\/uploads\/2021\/02\/esmalte-antioxidante-blatem-oxistop-liso-plata-comprar-online-oller-pintura.png","contentUrl":"https:\/\/ollerpintures.com\/wp-content\/uploads\/2021\/02\/esmalte-antioxidante-blatem-oxistop-liso-plata-comprar-online-oller-pintura.png","width":1080,"height":1080,"caption":"Esmalte Antioxidante BLATEM Oxi-Stop Liso Plata"},{"@type":"BreadcrumbList","@id":"https:\/\/ollerpintures.com\/es\/producto\/esmalte-antioxidante-blatem-oxi-stop-liso-plata\/#breadcrumb","itemListElement":[{"@type":"ListItem","position":1,"name":"Inici","item":"https:\/\/ollerpintures.com\/es\/"},{"@type":"ListItem","position":2,"name":"Tienda","item":"https:\/\/ollerpintures.com\/es\/tienda\/"},{"@type":"ListItem","position":3,"name":"Esmalte Antioxidante BLATEM Oxi-Stop Liso Plata"}]},{"@type":"WebSite","@id":"https:\/\/ollerpintures.com\/es\/#website","url":"https:\/\/ollerpintures.com\/es\/","name":"Oller Pinturas y Revestimientos","description":"M\u00e1s de 50 a\u00f1os acompa\u00f1ando a profesionales y particulares con soluciones de pintura duraderas y sostenibles, seis tiendas de proximidad con servicio tintom\u00e9trico propio y un compromiso real con el oficio y las nuevas generaciones.","publisher":{"@id":"https:\/\/ollerpintures.com\/es\/#organization"},"alternateName":"Oller Grup","potentialAction":[{"@type":"SearchAction","target":{"@type":"EntryPoint","urlTemplate":"https:\/\/ollerpintures.com\/es\/?s={search_term_string}"},"query-input":{"@type":"PropertyValueSpecification","valueRequired":true,"valueName":"search_term_string"}}],"inLanguage":"es"},{"@type":"Organization","@id":"https:\/\/ollerpintures.com\/es\/#organization","name":"Oller Pintures i Revestiments","alternateName":"Oller Grup","url":"https:\/\/ollerpintures.com\/es\/","logo":{"@type":"ImageObject","inLanguage":"es","@id":"https:\/\/ollerpintures.com\/es\/#\/schema\/logo\/image\/","url":"https:\/\/ollerpintures.com\/wp-content\/uploads\/2024\/05\/newLogo.png","contentUrl":"https:\/\/ollerpintures.com\/wp-content\/uploads\/2024\/05\/newLogo.png","width":483,"height":244,"caption":"Oller Pintures i Revestiments"},"image":{"@id":"https:\/\/ollerpintures.com\/es\/#\/schema\/logo\/image\/"},"sameAs":["https:\/\/www.facebook.com\/people\/Oller-Pintures\/100063652056709\/","https:\/\/www.instagram.com\/ollerpintures\/","https:\/\/descriptor.es\/organization\/oller-grup\/"]}]}},"brands":[{"id":786,"name":"Blatem","slug":"blatem-es"}],"_links":{"self":[{"href":"https:\/\/ollerpintures.com\/es\/wp-json\/wp\/v2\/product\/8553","targetHints":{"allow":["GET"]}}],"collection":[{"href":"https:\/\/ollerpintures.com\/es\/wp-json\/wp\/v2\/product"}],"about":[{"href":"https:\/\/ollerpintures.com\/es\/wp-json\/wp\/v2\/types\/product"}],"wp:featuredmedia":[{"embeddable":true,"href":"https:\/\/ollerpintures.com\/es\/wp-json\/wp\/v2\/media\/8521"}],"wp:attachment":[{"href":"https:\/\/ollerpintures.com\/es\/wp-json\/wp\/v2\/media?parent=8553"}],"wp:term":[{"taxonomy":"pwb-brand","embeddable":true,"href":"https:\/\/ollerpintures.com\/es\/wp-json\/wp\/v2\/pwb-brand?post=8553"},{"taxonomy":"product_brand","embeddable":true,"href":"https:\/\/ollerpintures.com\/es\/wp-json\/wp\/v2\/product_brand?post=8553"},{"taxonomy":"product_cat","embeddable":true,"href":"https:\/\/ollerpintures.com\/es\/wp-json\/wp\/v2\/product_cat?post=8553"},{"taxonomy":"product_tag","embeddable":true,"href":"https:\/\/ollerpintures.com\/es\/wp-json\/wp\/v2\/product_tag?post=8553"}],"curies":[{"name":"wp","href":"https:\/\/api.w.org\/{rel}","templated":true}]}}