{"id":8153,"date":"2021-02-05T11:25:54","date_gmt":"2021-02-05T10:25:54","guid":{"rendered":"https:\/\/oller-pintures.c.wetopi.com\/producte\/imprimacion-multiusos-blatem-blanca\/"},"modified":"2021-02-05T11:25:54","modified_gmt":"2021-02-05T10:25:54","slug":"imprimacion-multiusos-blatem-blanca","status":"publish","type":"product","link":"https:\/\/ollerpintures.com\/es\/producto\/imprimacion-multiusos-blatem-blanca\/","title":{"rendered":"Imprimaci\u00f3n Multiusos BLATEM Blanca"},"content":{"rendered":"<p>Imprimaci\u00f3n multiusos para superficies de dif\u00edcil adherencia: hierro galvanizado, aluminio, cobre, PVC, etc. Puede ser repintado con esmaltes sint\u00e9ticos, esmaltes al agua, poliuretanos, epoxis y pinturas al agua.<\/p>\n","protected":false},"excerpt":{"rendered":"<p>Imprimaci\u00f3n multiusos para superficies de dif\u00edcil adherencia: hierro galvanizado, aluminio, cobre, PVC, etc. Puede ser repintado con esmaltes sint\u00e9ticos, esmaltes al agua, poliuretanos, epoxis y &#8230; <\/p>\n<p class=\"read-more-container\"><a title=\"Imprimaci\u00f3n Multiusos BLATEM Blanca\" class=\"read-more button\" href=\"https:\/\/ollerpintures.com\/es\/producto\/imprimacion-multiusos-blatem-blanca\/#more-8153\" aria-label=\"Leer m\u00e1s sobre Imprimaci\u00f3n Multiusos BLATEM Blanca\">Leer m\u00e1s<\/a><\/p>\n","protected":false},"featured_media":8096,"template":"","meta":{"_acf_changed":false},"pwb-brand":[60,786],"product_brand":[],"product_cat":[201,24,546,553,586,582,112,77,867,862],"product_tag":[81,238,63,214,84,321,591,583,213,62],"class_list":{"0":"post-8153","1":"product","2":"type-product","3":"status-publish","4":"has-post-thumbnail","6":"pwb-brand-blatem","7":"pwb-brand-blatem-es","8":"product_cat-pintura-es","9":"product_cat-pintura","10":"product_cat-abans-de-pintar","11":"product_cat-antes-de-pintar","12":"product_cat-imprimaciones","13":"product_cat-imprimacions","14":"product_cat-herramientas-y-complementos","15":"product_cat-eines","16":"product_cat-imprimaciones-es","17":"product_cat-imprimacions-2","18":"product_tag-blatem","19":"product_tag-blatem-es","20":"product_tag-exterior","21":"product_tag-exterior-es","22":"product_tag-ferro","23":"product_tag-ferro-es","24":"product_tag-imprimaciones-es","25":"product_tag-imprimacions","26":"product_tag-interior-es","27":"product_tag-interior","28":"no-featured-image-padding","29":"resize-featured-image","30":"sales-flash-overlay","31":"woocommerce-text-align-left","32":"woocommerce-image-align-center","33":"do-quantity-buttons","35":"first","36":"instock","37":"shipping-taxable","38":"purchasable","39":"product-type-variable"},"acf":{"json-ld":"","dctermstitle":"","dctermsdescription":"","dctermsabstract":"","dctermsreferences":"https:\/\/ollerpintures.com\/es\/"},"yoast_head":"<!-- This site is optimized with the Yoast SEO plugin v27.1.1 - https:\/\/yoast.com\/product\/yoast-seo-wordpress\/ -->\n<title>Imprimaci\u00f3n Multiusos BLATEM Blanca - Oller Pinturas y revestimientos<\/title>\n<meta name=\"description\" content=\"Imprimaci\u00f3n multiusos para superficies de dif\u00edcil adherencia: hierro galvanizado, aluminio, cobre, PVC, etc. Puede ser repintado con esmaltes sint\u00e9ticos,\" \/>\n<meta name=\"robots\" content=\"index, follow, max-snippet:-1, max-image-preview:large, max-video-preview:-1\" \/>\n<link rel=\"canonical\" href=\"https:\/\/ollerpintures.com\/es\/producto\/imprimacion-multiusos-blatem-blanca\/\" \/>\n<meta property=\"og:locale\" content=\"es_ES\" \/>\n<meta property=\"og:type\" content=\"article\" \/>\n<meta property=\"og:title\" content=\"Imprimaci\u00f3n Multiusos BLATEM Blanca - Oller Pinturas y revestimientos\" \/>\n<meta property=\"og:description\" content=\"Imprimaci\u00f3n multiusos para superficies de dif\u00edcil adherencia: hierro galvanizado, aluminio, cobre, PVC, etc. Puede ser repintado con esmaltes sint\u00e9ticos,\" \/>\n<meta property=\"og:url\" content=\"https:\/\/ollerpintures.com\/es\/producto\/imprimacion-multiusos-blatem-blanca\/\" \/>\n<meta property=\"og:site_name\" content=\"Oller Pinturas y revestimientos\" \/>\n<meta property=\"article:publisher\" content=\"https:\/\/www.facebook.com\/people\/Oller-Pintures\/100063652056709\/\" \/>\n<meta property=\"og:image\" content=\"https:\/\/ollerpintures.com\/wp-content\/uploads\/2021\/02\/imprimacion-multiuso-blatem-comprar-online-oller-pintura.png\" \/>\n\t<meta property=\"og:image:width\" content=\"567\" \/>\n\t<meta property=\"og:image:height\" content=\"567\" \/>\n\t<meta property=\"og:image:type\" content=\"image\/png\" \/>\n<meta name=\"twitter:card\" content=\"summary_large_image\" \/>\n<script type=\"application\/ld+json\" class=\"yoast-schema-graph\">{\"@context\":\"https:\/\/schema.org\",\"@graph\":[{\"@type\":\"WebPage\",\"@id\":\"https:\/\/ollerpintures.com\/es\/producto\/imprimacion-multiusos-blatem-blanca\/\",\"url\":\"https:\/\/ollerpintures.com\/es\/producto\/imprimacion-multiusos-blatem-blanca\/\",\"name\":\"Imprimaci\u00f3n Multiusos BLATEM Blanca - Oller Pinturas y revestimientos\",\"isPartOf\":{\"@id\":\"https:\/\/ollerpintures.com\/es\/#website\"},\"primaryImageOfPage\":{\"@id\":\"https:\/\/ollerpintures.com\/es\/producto\/imprimacion-multiusos-blatem-blanca\/#primaryimage\"},\"image\":{\"@id\":\"https:\/\/ollerpintures.com\/es\/producto\/imprimacion-multiusos-blatem-blanca\/#primaryimage\"},\"thumbnailUrl\":\"https:\/\/ollerpintures.com\/wp-content\/uploads\/2021\/02\/imprimacion-multiuso-blatem-comprar-online-oller-pintura.png\",\"datePublished\":\"2021-02-05T10:25:54+00:00\",\"description\":\"Imprimaci\u00f3n multiusos para superficies de dif\u00edcil adherencia: hierro galvanizado, aluminio, cobre, PVC, etc. Puede ser repintado con esmaltes sint\u00e9ticos,\",\"breadcrumb\":{\"@id\":\"https:\/\/ollerpintures.com\/es\/producto\/imprimacion-multiusos-blatem-blanca\/#breadcrumb\"},\"inLanguage\":\"es\",\"potentialAction\":[{\"@type\":\"ReadAction\",\"target\":[\"https:\/\/ollerpintures.com\/es\/producto\/imprimacion-multiusos-blatem-blanca\/\"]}]},{\"@type\":\"ImageObject\",\"inLanguage\":\"es\",\"@id\":\"https:\/\/ollerpintures.com\/es\/producto\/imprimacion-multiusos-blatem-blanca\/#primaryimage\",\"url\":\"https:\/\/ollerpintures.com\/wp-content\/uploads\/2021\/02\/imprimacion-multiuso-blatem-comprar-online-oller-pintura.png\",\"contentUrl\":\"https:\/\/ollerpintures.com\/wp-content\/uploads\/2021\/02\/imprimacion-multiuso-blatem-comprar-online-oller-pintura.png\",\"width\":567,\"height\":567,\"caption\":\"Imprimaci\u00f3n Multiusos BLATEM Blanca\"},{\"@type\":\"BreadcrumbList\",\"@id\":\"https:\/\/ollerpintures.com\/es\/producto\/imprimacion-multiusos-blatem-blanca\/#breadcrumb\",\"itemListElement\":[{\"@type\":\"ListItem\",\"position\":1,\"name\":\"Inici\",\"item\":\"https:\/\/ollerpintures.com\/es\/\"},{\"@type\":\"ListItem\",\"position\":2,\"name\":\"Tienda\",\"item\":\"https:\/\/ollerpintures.com\/es\/tienda\/\"},{\"@type\":\"ListItem\",\"position\":3,\"name\":\"Imprimaci\u00f3n Multiusos BLATEM Blanca\"}]},{\"@type\":\"WebSite\",\"@id\":\"https:\/\/ollerpintures.com\/es\/#website\",\"url\":\"https:\/\/ollerpintures.com\/es\/\",\"name\":\"Oller Pinturas y Revestimientos\",\"description\":\"M\u00e1s de 50 a\u00f1os acompa\u00f1ando a profesionales y particulares con soluciones de pintura duraderas y sostenibles, seis tiendas de proximidad con servicio tintom\u00e9trico propio y un compromiso real con el oficio y las nuevas generaciones.\",\"publisher\":{\"@id\":\"https:\/\/ollerpintures.com\/es\/#organization\"},\"alternateName\":\"Oller Grup\",\"potentialAction\":[{\"@type\":\"SearchAction\",\"target\":{\"@type\":\"EntryPoint\",\"urlTemplate\":\"https:\/\/ollerpintures.com\/es\/?s={search_term_string}\"},\"query-input\":{\"@type\":\"PropertyValueSpecification\",\"valueRequired\":true,\"valueName\":\"search_term_string\"}}],\"inLanguage\":\"es\"},{\"@type\":\"Organization\",\"@id\":\"https:\/\/ollerpintures.com\/es\/#organization\",\"name\":\"Oller Pintures i Revestiments\",\"alternateName\":\"Oller Grup\",\"url\":\"https:\/\/ollerpintures.com\/es\/\",\"logo\":{\"@type\":\"ImageObject\",\"inLanguage\":\"es\",\"@id\":\"https:\/\/ollerpintures.com\/es\/#\/schema\/logo\/image\/\",\"url\":\"https:\/\/ollerpintures.com\/wp-content\/uploads\/2024\/05\/newLogo.png\",\"contentUrl\":\"https:\/\/ollerpintures.com\/wp-content\/uploads\/2024\/05\/newLogo.png\",\"width\":483,\"height\":244,\"caption\":\"Oller Pintures i Revestiments\"},\"image\":{\"@id\":\"https:\/\/ollerpintures.com\/es\/#\/schema\/logo\/image\/\"},\"sameAs\":[\"https:\/\/www.facebook.com\/people\/Oller-Pintures\/100063652056709\/\",\"https:\/\/www.instagram.com\/ollerpintures\/\",\"https:\/\/descriptor.es\/organization\/oller-grup\/\"]}]}<\/script>\n<!-- \/ Yoast SEO plugin. -->","yoast_head_json":{"title":"Imprimaci\u00f3n Multiusos BLATEM Blanca - Oller Pinturas y revestimientos","description":"Imprimaci\u00f3n multiusos para superficies de dif\u00edcil adherencia: hierro galvanizado, aluminio, cobre, PVC, etc. Puede ser repintado con esmaltes sint\u00e9ticos,","robots":{"index":"index","follow":"follow","max-snippet":"max-snippet:-1","max-image-preview":"max-image-preview:large","max-video-preview":"max-video-preview:-1"},"canonical":"https:\/\/ollerpintures.com\/es\/producto\/imprimacion-multiusos-blatem-blanca\/","og_locale":"es_ES","og_type":"article","og_title":"Imprimaci\u00f3n Multiusos BLATEM Blanca - Oller Pinturas y revestimientos","og_description":"Imprimaci\u00f3n multiusos para superficies de dif\u00edcil adherencia: hierro galvanizado, aluminio, cobre, PVC, etc. Puede ser repintado con esmaltes sint\u00e9ticos,","og_url":"https:\/\/ollerpintures.com\/es\/producto\/imprimacion-multiusos-blatem-blanca\/","og_site_name":"Oller Pinturas y revestimientos","article_publisher":"https:\/\/www.facebook.com\/people\/Oller-Pintures\/100063652056709\/","og_image":[{"width":567,"height":567,"url":"https:\/\/ollerpintures.com\/wp-content\/uploads\/2021\/02\/imprimacion-multiuso-blatem-comprar-online-oller-pintura.png","type":"image\/png"}],"twitter_card":"summary_large_image","schema":{"@context":"https:\/\/schema.org","@graph":[{"@type":"WebPage","@id":"https:\/\/ollerpintures.com\/es\/producto\/imprimacion-multiusos-blatem-blanca\/","url":"https:\/\/ollerpintures.com\/es\/producto\/imprimacion-multiusos-blatem-blanca\/","name":"Imprimaci\u00f3n Multiusos BLATEM Blanca - Oller Pinturas y revestimientos","isPartOf":{"@id":"https:\/\/ollerpintures.com\/es\/#website"},"primaryImageOfPage":{"@id":"https:\/\/ollerpintures.com\/es\/producto\/imprimacion-multiusos-blatem-blanca\/#primaryimage"},"image":{"@id":"https:\/\/ollerpintures.com\/es\/producto\/imprimacion-multiusos-blatem-blanca\/#primaryimage"},"thumbnailUrl":"https:\/\/ollerpintures.com\/wp-content\/uploads\/2021\/02\/imprimacion-multiuso-blatem-comprar-online-oller-pintura.png","datePublished":"2021-02-05T10:25:54+00:00","description":"Imprimaci\u00f3n multiusos para superficies de dif\u00edcil adherencia: hierro galvanizado, aluminio, cobre, PVC, etc. Puede ser repintado con esmaltes sint\u00e9ticos,","breadcrumb":{"@id":"https:\/\/ollerpintures.com\/es\/producto\/imprimacion-multiusos-blatem-blanca\/#breadcrumb"},"inLanguage":"es","potentialAction":[{"@type":"ReadAction","target":["https:\/\/ollerpintures.com\/es\/producto\/imprimacion-multiusos-blatem-blanca\/"]}]},{"@type":"ImageObject","inLanguage":"es","@id":"https:\/\/ollerpintures.com\/es\/producto\/imprimacion-multiusos-blatem-blanca\/#primaryimage","url":"https:\/\/ollerpintures.com\/wp-content\/uploads\/2021\/02\/imprimacion-multiuso-blatem-comprar-online-oller-pintura.png","contentUrl":"https:\/\/ollerpintures.com\/wp-content\/uploads\/2021\/02\/imprimacion-multiuso-blatem-comprar-online-oller-pintura.png","width":567,"height":567,"caption":"Imprimaci\u00f3n Multiusos BLATEM Blanca"},{"@type":"BreadcrumbList","@id":"https:\/\/ollerpintures.com\/es\/producto\/imprimacion-multiusos-blatem-blanca\/#breadcrumb","itemListElement":[{"@type":"ListItem","position":1,"name":"Inici","item":"https:\/\/ollerpintures.com\/es\/"},{"@type":"ListItem","position":2,"name":"Tienda","item":"https:\/\/ollerpintures.com\/es\/tienda\/"},{"@type":"ListItem","position":3,"name":"Imprimaci\u00f3n Multiusos BLATEM Blanca"}]},{"@type":"WebSite","@id":"https:\/\/ollerpintures.com\/es\/#website","url":"https:\/\/ollerpintures.com\/es\/","name":"Oller Pinturas y Revestimientos","description":"M\u00e1s de 50 a\u00f1os acompa\u00f1ando a profesionales y particulares con soluciones de pintura duraderas y sostenibles, seis tiendas de proximidad con servicio tintom\u00e9trico propio y un compromiso real con el oficio y las nuevas generaciones.","publisher":{"@id":"https:\/\/ollerpintures.com\/es\/#organization"},"alternateName":"Oller Grup","potentialAction":[{"@type":"SearchAction","target":{"@type":"EntryPoint","urlTemplate":"https:\/\/ollerpintures.com\/es\/?s={search_term_string}"},"query-input":{"@type":"PropertyValueSpecification","valueRequired":true,"valueName":"search_term_string"}}],"inLanguage":"es"},{"@type":"Organization","@id":"https:\/\/ollerpintures.com\/es\/#organization","name":"Oller Pintures i Revestiments","alternateName":"Oller Grup","url":"https:\/\/ollerpintures.com\/es\/","logo":{"@type":"ImageObject","inLanguage":"es","@id":"https:\/\/ollerpintures.com\/es\/#\/schema\/logo\/image\/","url":"https:\/\/ollerpintures.com\/wp-content\/uploads\/2024\/05\/newLogo.png","contentUrl":"https:\/\/ollerpintures.com\/wp-content\/uploads\/2024\/05\/newLogo.png","width":483,"height":244,"caption":"Oller Pintures i Revestiments"},"image":{"@id":"https:\/\/ollerpintures.com\/es\/#\/schema\/logo\/image\/"},"sameAs":["https:\/\/www.facebook.com\/people\/Oller-Pintures\/100063652056709\/","https:\/\/www.instagram.com\/ollerpintures\/","https:\/\/descriptor.es\/organization\/oller-grup\/"]}]}},"brands":[{"id":60,"name":"Blatem","slug":"blatem"},{"id":786,"name":"Blatem","slug":"blatem-es"}],"_links":{"self":[{"href":"https:\/\/ollerpintures.com\/es\/wp-json\/wp\/v2\/product\/8153","targetHints":{"allow":["GET"]}}],"collection":[{"href":"https:\/\/ollerpintures.com\/es\/wp-json\/wp\/v2\/product"}],"about":[{"href":"https:\/\/ollerpintures.com\/es\/wp-json\/wp\/v2\/types\/product"}],"wp:featuredmedia":[{"embeddable":true,"href":"https:\/\/ollerpintures.com\/es\/wp-json\/wp\/v2\/media\/8096"}],"wp:attachment":[{"href":"https:\/\/ollerpintures.com\/es\/wp-json\/wp\/v2\/media?parent=8153"}],"wp:term":[{"taxonomy":"pwb-brand","embeddable":true,"href":"https:\/\/ollerpintures.com\/es\/wp-json\/wp\/v2\/pwb-brand?post=8153"},{"taxonomy":"product_brand","embeddable":true,"href":"https:\/\/ollerpintures.com\/es\/wp-json\/wp\/v2\/product_brand?post=8153"},{"taxonomy":"product_cat","embeddable":true,"href":"https:\/\/ollerpintures.com\/es\/wp-json\/wp\/v2\/product_cat?post=8153"},{"taxonomy":"product_tag","embeddable":true,"href":"https:\/\/ollerpintures.com\/es\/wp-json\/wp\/v2\/product_tag?post=8153"}],"curies":[{"name":"wp","href":"https:\/\/api.w.org\/{rel}","templated":true}]}}