{"id":8149,"date":"2021-02-05T12:33:19","date_gmt":"2021-02-05T11:33:19","guid":{"rendered":"https:\/\/oller-pintures.c.wetopi.com\/producte\/spray-anticalorico-bruguer-aluminio-400ml\/"},"modified":"2021-02-12T12:01:03","modified_gmt":"2021-02-12T11:01:03","slug":"spray-anticalorico-bruguer-aluminio-400ml","status":"publish","type":"product","link":"https:\/\/ollerpintures.com\/es\/producto\/spray-anticalorico-bruguer-aluminio-400ml\/","title":{"rendered":"Spray Antical\u00f3rico BRUGUER Aluminio 400ml"},"content":{"rendered":"<p>Esta pintura en spray te facilitar\u00e1 la aplicaci\u00f3n del antical\u00f3rico sobre superficies que alcancen temperaturas de hasta 600\u00baC.<\/p>\n<h4>\u00bfC\u00f3mo aplicarlo a la superficie?<\/h4>\n<ul>\n<li>Aseg\u00farate de que la temperatura ambiente m\u00ednima sea de 8\u00baC y que haya una humedad m\u00e1xima relativa al 85%.<\/li>\n<li>Antes de aplicar, agita bien el envase. Aproximadamente durante un minuto despu\u00e9s de haber o\u00eddo el ruido del mezclador.<\/li>\n<li>Aseg\u00farate de que la superficie donde se aplicar\u00e1 est\u00e1 perfectamente limpia y seca.\n<ul>\n<li>Para preparar la superficie: elimina la corrosi\u00f3n y prev\u00e9 una imprimaci\u00f3n previa antioxidante si se considera necesario.<\/li>\n<\/ul>\n<\/li>\n<li>Aplica el producto procurando crear capas finas para obtener un mejor resultado.<\/li>\n<li>Podr\u00e1s repintar sobre la superficie ya aplicada cuando pasen 5 minutos (con el mismo producto)<\/li>\n<li><strong>ATENCI\u00d3N<\/strong>: no aplicar el producto sobre equipos conectados y ventilar muy bien el ambiente.<\/li>\n<\/ul>\n<p><em><strong>\u00a1Lee con atenci\u00f3n la ficha t\u00e9cnica de este spray antical\u00f3rico para tener m\u00e1s informaci\u00f3n!<\/strong><\/em><\/p>\n","protected":false},"excerpt":{"rendered":"<p>Esta pintura en spray te facilitar\u00e1 la aplicaci\u00f3n del antical\u00f3rico sobre superficies que alcancen temperaturas de hasta 600\u00baC. \u00bfC\u00f3mo aplicarlo a la superficie? Aseg\u00farate de &#8230; <\/p>\n<p class=\"read-more-container\"><a title=\"Spray Antical\u00f3rico BRUGUER Aluminio 400ml\" class=\"read-more button\" href=\"https:\/\/ollerpintures.com\/es\/producto\/spray-anticalorico-bruguer-aluminio-400ml\/#more-8149\" aria-label=\"Leer m\u00e1s sobre Spray Antical\u00f3rico BRUGUER Aluminio 400ml\">Leer m\u00e1s<\/a><\/p>\n","protected":false},"featured_media":8123,"template":"","meta":{"_acf_changed":false},"pwb-brand":[785],"product_brand":[],"product_cat":[630,633,634],"product_tag":[632,217,214,213,329],"class_list":{"0":"post-8149","1":"product","2":"type-product","3":"status-publish","4":"has-post-thumbnail","6":"pwb-brand-bruguer","7":"product_cat-pintura-anticalorica-es","8":"product_cat-sprays-es","9":"product_cat-spray-anticalorico","10":"product_tag-anticalorica-es","11":"product_tag-bruguer-es","12":"product_tag-exterior-es","13":"product_tag-interior-es","14":"product_tag-spray-es","15":"no-featured-image-padding","16":"resize-featured-image","17":"sales-flash-overlay","18":"woocommerce-text-align-left","19":"woocommerce-image-align-center","20":"do-quantity-buttons","21":"wc-has-gallery","23":"first","24":"instock","25":"shipping-taxable","26":"purchasable","27":"product-type-simple"},"acf":[],"yoast_head":"<!-- This site is optimized with the Yoast SEO plugin v27.1.1 - https:\/\/yoast.com\/product\/yoast-seo-wordpress\/ -->\n<title>Spray Antical\u00f3rico BRUGUER Aluminio 400ml - Oller Pinturas y revestimientos<\/title>\n<meta name=\"description\" content=\"Esta pintura en spray te facilitar\u00e1 la aplicaci\u00f3n del antical\u00f3rico sobre superficies que alcancen temperaturas de hasta 600\u00baC. \u00bfC\u00f3mo aplicarlo a la\" \/>\n<meta name=\"robots\" content=\"index, follow, max-snippet:-1, max-image-preview:large, max-video-preview:-1\" \/>\n<link rel=\"canonical\" href=\"https:\/\/ollerpintures.com\/es\/producto\/spray-anticalorico-bruguer-aluminio-400ml\/\" \/>\n<meta property=\"og:locale\" content=\"es_ES\" \/>\n<meta property=\"og:type\" content=\"article\" \/>\n<meta property=\"og:title\" content=\"Spray Antical\u00f3rico BRUGUER Aluminio 400ml - Oller Pinturas y revestimientos\" \/>\n<meta property=\"og:description\" content=\"Esta pintura en spray te facilitar\u00e1 la aplicaci\u00f3n del antical\u00f3rico sobre superficies que alcancen temperaturas de hasta 600\u00baC. \u00bfC\u00f3mo aplicarlo a la\" \/>\n<meta property=\"og:url\" content=\"https:\/\/ollerpintures.com\/es\/producto\/spray-anticalorico-bruguer-aluminio-400ml\/\" \/>\n<meta property=\"og:site_name\" content=\"Oller Pinturas y revestimientos\" \/>\n<meta property=\"article:publisher\" content=\"https:\/\/www.facebook.com\/people\/Oller-Pintures\/100063652056709\/\" \/>\n<meta property=\"article:modified_time\" content=\"2021-02-12T11:01:03+00:00\" \/>\n<meta property=\"og:image\" content=\"https:\/\/ollerpintures.com\/wp-content\/uploads\/2021\/02\/spray-anticalorico-bruguer-comprar-online-oller-aluminio.png\" \/>\n\t<meta property=\"og:image:width\" content=\"1080\" \/>\n\t<meta property=\"og:image:height\" content=\"1080\" \/>\n\t<meta property=\"og:image:type\" content=\"image\/png\" \/>\n<meta name=\"twitter:card\" content=\"summary_large_image\" \/>\n<meta name=\"twitter:label1\" content=\"Tiempo de lectura\" \/>\n\t<meta name=\"twitter:data1\" content=\"1 minuto\" \/>\n<script type=\"application\/ld+json\" class=\"yoast-schema-graph\">{\"@context\":\"https:\/\/schema.org\",\"@graph\":[{\"@type\":\"WebPage\",\"@id\":\"https:\/\/ollerpintures.com\/es\/producto\/spray-anticalorico-bruguer-aluminio-400ml\/\",\"url\":\"https:\/\/ollerpintures.com\/es\/producto\/spray-anticalorico-bruguer-aluminio-400ml\/\",\"name\":\"Spray Antical\u00f3rico BRUGUER Aluminio 400ml - Oller Pinturas y revestimientos\",\"isPartOf\":{\"@id\":\"https:\/\/ollerpintures.com\/es\/#website\"},\"primaryImageOfPage\":{\"@id\":\"https:\/\/ollerpintures.com\/es\/producto\/spray-anticalorico-bruguer-aluminio-400ml\/#primaryimage\"},\"image\":{\"@id\":\"https:\/\/ollerpintures.com\/es\/producto\/spray-anticalorico-bruguer-aluminio-400ml\/#primaryimage\"},\"thumbnailUrl\":\"https:\/\/ollerpintures.com\/wp-content\/uploads\/2021\/02\/spray-anticalorico-bruguer-comprar-online-oller-aluminio.png\",\"datePublished\":\"2021-02-05T11:33:19+00:00\",\"dateModified\":\"2021-02-12T11:01:03+00:00\",\"description\":\"Esta pintura en spray te facilitar\u00e1 la aplicaci\u00f3n del antical\u00f3rico sobre superficies que alcancen temperaturas de hasta 600\u00baC. \u00bfC\u00f3mo aplicarlo a la\",\"breadcrumb\":{\"@id\":\"https:\/\/ollerpintures.com\/es\/producto\/spray-anticalorico-bruguer-aluminio-400ml\/#breadcrumb\"},\"inLanguage\":\"es\",\"potentialAction\":[{\"@type\":\"ReadAction\",\"target\":[\"https:\/\/ollerpintures.com\/es\/producto\/spray-anticalorico-bruguer-aluminio-400ml\/\"]}]},{\"@type\":\"ImageObject\",\"inLanguage\":\"es\",\"@id\":\"https:\/\/ollerpintures.com\/es\/producto\/spray-anticalorico-bruguer-aluminio-400ml\/#primaryimage\",\"url\":\"https:\/\/ollerpintures.com\/wp-content\/uploads\/2021\/02\/spray-anticalorico-bruguer-comprar-online-oller-aluminio.png\",\"contentUrl\":\"https:\/\/ollerpintures.com\/wp-content\/uploads\/2021\/02\/spray-anticalorico-bruguer-comprar-online-oller-aluminio.png\",\"width\":1080,\"height\":1080,\"caption\":\"Spray Antical\u00f3rico BRUGUER Aluminio 400ml\"},{\"@type\":\"BreadcrumbList\",\"@id\":\"https:\/\/ollerpintures.com\/es\/producto\/spray-anticalorico-bruguer-aluminio-400ml\/#breadcrumb\",\"itemListElement\":[{\"@type\":\"ListItem\",\"position\":1,\"name\":\"Inici\",\"item\":\"https:\/\/ollerpintures.com\/es\/\"},{\"@type\":\"ListItem\",\"position\":2,\"name\":\"Tienda\",\"item\":\"https:\/\/ollerpintures.com\/es\/tienda\/\"},{\"@type\":\"ListItem\",\"position\":3,\"name\":\"Spray Antical\u00f3rico BRUGUER Aluminio 400ml\"}]},{\"@type\":\"WebSite\",\"@id\":\"https:\/\/ollerpintures.com\/es\/#website\",\"url\":\"https:\/\/ollerpintures.com\/es\/\",\"name\":\"Oller Pinturas y Revestimientos\",\"description\":\"M\u00e1s de 50 a\u00f1os acompa\u00f1ando a profesionales y particulares con soluciones de pintura duraderas y sostenibles, seis tiendas de proximidad con servicio tintom\u00e9trico propio y un compromiso real con el oficio y las nuevas generaciones.\",\"publisher\":{\"@id\":\"https:\/\/ollerpintures.com\/es\/#organization\"},\"alternateName\":\"Oller Grup\",\"potentialAction\":[{\"@type\":\"SearchAction\",\"target\":{\"@type\":\"EntryPoint\",\"urlTemplate\":\"https:\/\/ollerpintures.com\/es\/?s={search_term_string}\"},\"query-input\":{\"@type\":\"PropertyValueSpecification\",\"valueRequired\":true,\"valueName\":\"search_term_string\"}}],\"inLanguage\":\"es\"},{\"@type\":\"Organization\",\"@id\":\"https:\/\/ollerpintures.com\/es\/#organization\",\"name\":\"Oller Pintures i Revestiments\",\"alternateName\":\"Oller Grup\",\"url\":\"https:\/\/ollerpintures.com\/es\/\",\"logo\":{\"@type\":\"ImageObject\",\"inLanguage\":\"es\",\"@id\":\"https:\/\/ollerpintures.com\/es\/#\/schema\/logo\/image\/\",\"url\":\"https:\/\/ollerpintures.com\/wp-content\/uploads\/2024\/05\/newLogo.png\",\"contentUrl\":\"https:\/\/ollerpintures.com\/wp-content\/uploads\/2024\/05\/newLogo.png\",\"width\":483,\"height\":244,\"caption\":\"Oller Pintures i Revestiments\"},\"image\":{\"@id\":\"https:\/\/ollerpintures.com\/es\/#\/schema\/logo\/image\/\"},\"sameAs\":[\"https:\/\/www.facebook.com\/people\/Oller-Pintures\/100063652056709\/\",\"https:\/\/www.instagram.com\/ollerpintures\/\",\"https:\/\/descriptor.es\/organization\/oller-grup\/\"]}]}<\/script>\n<!-- \/ Yoast SEO plugin. -->","yoast_head_json":{"title":"Spray Antical\u00f3rico BRUGUER Aluminio 400ml - Oller Pinturas y revestimientos","description":"Esta pintura en spray te facilitar\u00e1 la aplicaci\u00f3n del antical\u00f3rico sobre superficies que alcancen temperaturas de hasta 600\u00baC. \u00bfC\u00f3mo aplicarlo a la","robots":{"index":"index","follow":"follow","max-snippet":"max-snippet:-1","max-image-preview":"max-image-preview:large","max-video-preview":"max-video-preview:-1"},"canonical":"https:\/\/ollerpintures.com\/es\/producto\/spray-anticalorico-bruguer-aluminio-400ml\/","og_locale":"es_ES","og_type":"article","og_title":"Spray Antical\u00f3rico BRUGUER Aluminio 400ml - Oller Pinturas y revestimientos","og_description":"Esta pintura en spray te facilitar\u00e1 la aplicaci\u00f3n del antical\u00f3rico sobre superficies que alcancen temperaturas de hasta 600\u00baC. \u00bfC\u00f3mo aplicarlo a la","og_url":"https:\/\/ollerpintures.com\/es\/producto\/spray-anticalorico-bruguer-aluminio-400ml\/","og_site_name":"Oller Pinturas y revestimientos","article_publisher":"https:\/\/www.facebook.com\/people\/Oller-Pintures\/100063652056709\/","article_modified_time":"2021-02-12T11:01:03+00:00","og_image":[{"width":1080,"height":1080,"url":"https:\/\/ollerpintures.com\/wp-content\/uploads\/2021\/02\/spray-anticalorico-bruguer-comprar-online-oller-aluminio.png","type":"image\/png"}],"twitter_card":"summary_large_image","twitter_misc":{"Tiempo de lectura":"1 minuto"},"schema":{"@context":"https:\/\/schema.org","@graph":[{"@type":"WebPage","@id":"https:\/\/ollerpintures.com\/es\/producto\/spray-anticalorico-bruguer-aluminio-400ml\/","url":"https:\/\/ollerpintures.com\/es\/producto\/spray-anticalorico-bruguer-aluminio-400ml\/","name":"Spray Antical\u00f3rico BRUGUER Aluminio 400ml - Oller Pinturas y revestimientos","isPartOf":{"@id":"https:\/\/ollerpintures.com\/es\/#website"},"primaryImageOfPage":{"@id":"https:\/\/ollerpintures.com\/es\/producto\/spray-anticalorico-bruguer-aluminio-400ml\/#primaryimage"},"image":{"@id":"https:\/\/ollerpintures.com\/es\/producto\/spray-anticalorico-bruguer-aluminio-400ml\/#primaryimage"},"thumbnailUrl":"https:\/\/ollerpintures.com\/wp-content\/uploads\/2021\/02\/spray-anticalorico-bruguer-comprar-online-oller-aluminio.png","datePublished":"2021-02-05T11:33:19+00:00","dateModified":"2021-02-12T11:01:03+00:00","description":"Esta pintura en spray te facilitar\u00e1 la aplicaci\u00f3n del antical\u00f3rico sobre superficies que alcancen temperaturas de hasta 600\u00baC. \u00bfC\u00f3mo aplicarlo a la","breadcrumb":{"@id":"https:\/\/ollerpintures.com\/es\/producto\/spray-anticalorico-bruguer-aluminio-400ml\/#breadcrumb"},"inLanguage":"es","potentialAction":[{"@type":"ReadAction","target":["https:\/\/ollerpintures.com\/es\/producto\/spray-anticalorico-bruguer-aluminio-400ml\/"]}]},{"@type":"ImageObject","inLanguage":"es","@id":"https:\/\/ollerpintures.com\/es\/producto\/spray-anticalorico-bruguer-aluminio-400ml\/#primaryimage","url":"https:\/\/ollerpintures.com\/wp-content\/uploads\/2021\/02\/spray-anticalorico-bruguer-comprar-online-oller-aluminio.png","contentUrl":"https:\/\/ollerpintures.com\/wp-content\/uploads\/2021\/02\/spray-anticalorico-bruguer-comprar-online-oller-aluminio.png","width":1080,"height":1080,"caption":"Spray Antical\u00f3rico BRUGUER Aluminio 400ml"},{"@type":"BreadcrumbList","@id":"https:\/\/ollerpintures.com\/es\/producto\/spray-anticalorico-bruguer-aluminio-400ml\/#breadcrumb","itemListElement":[{"@type":"ListItem","position":1,"name":"Inici","item":"https:\/\/ollerpintures.com\/es\/"},{"@type":"ListItem","position":2,"name":"Tienda","item":"https:\/\/ollerpintures.com\/es\/tienda\/"},{"@type":"ListItem","position":3,"name":"Spray Antical\u00f3rico BRUGUER Aluminio 400ml"}]},{"@type":"WebSite","@id":"https:\/\/ollerpintures.com\/es\/#website","url":"https:\/\/ollerpintures.com\/es\/","name":"Oller Pinturas y Revestimientos","description":"M\u00e1s de 50 a\u00f1os acompa\u00f1ando a profesionales y particulares con soluciones de pintura duraderas y sostenibles, seis tiendas de proximidad con servicio tintom\u00e9trico propio y un compromiso real con el oficio y las nuevas generaciones.","publisher":{"@id":"https:\/\/ollerpintures.com\/es\/#organization"},"alternateName":"Oller Grup","potentialAction":[{"@type":"SearchAction","target":{"@type":"EntryPoint","urlTemplate":"https:\/\/ollerpintures.com\/es\/?s={search_term_string}"},"query-input":{"@type":"PropertyValueSpecification","valueRequired":true,"valueName":"search_term_string"}}],"inLanguage":"es"},{"@type":"Organization","@id":"https:\/\/ollerpintures.com\/es\/#organization","name":"Oller Pintures i Revestiments","alternateName":"Oller Grup","url":"https:\/\/ollerpintures.com\/es\/","logo":{"@type":"ImageObject","inLanguage":"es","@id":"https:\/\/ollerpintures.com\/es\/#\/schema\/logo\/image\/","url":"https:\/\/ollerpintures.com\/wp-content\/uploads\/2024\/05\/newLogo.png","contentUrl":"https:\/\/ollerpintures.com\/wp-content\/uploads\/2024\/05\/newLogo.png","width":483,"height":244,"caption":"Oller Pintures i Revestiments"},"image":{"@id":"https:\/\/ollerpintures.com\/es\/#\/schema\/logo\/image\/"},"sameAs":["https:\/\/www.facebook.com\/people\/Oller-Pintures\/100063652056709\/","https:\/\/www.instagram.com\/ollerpintures\/","https:\/\/descriptor.es\/organization\/oller-grup\/"]}]}},"brands":[{"id":785,"name":"Bruguer","slug":"bruguer"}],"_links":{"self":[{"href":"https:\/\/ollerpintures.com\/es\/wp-json\/wp\/v2\/product\/8149","targetHints":{"allow":["GET"]}}],"collection":[{"href":"https:\/\/ollerpintures.com\/es\/wp-json\/wp\/v2\/product"}],"about":[{"href":"https:\/\/ollerpintures.com\/es\/wp-json\/wp\/v2\/types\/product"}],"wp:featuredmedia":[{"embeddable":true,"href":"https:\/\/ollerpintures.com\/es\/wp-json\/wp\/v2\/media\/8123"}],"wp:attachment":[{"href":"https:\/\/ollerpintures.com\/es\/wp-json\/wp\/v2\/media?parent=8149"}],"wp:term":[{"taxonomy":"pwb-brand","embeddable":true,"href":"https:\/\/ollerpintures.com\/es\/wp-json\/wp\/v2\/pwb-brand?post=8149"},{"taxonomy":"product_brand","embeddable":true,"href":"https:\/\/ollerpintures.com\/es\/wp-json\/wp\/v2\/product_brand?post=8149"},{"taxonomy":"product_cat","embeddable":true,"href":"https:\/\/ollerpintures.com\/es\/wp-json\/wp\/v2\/product_cat?post=8149"},{"taxonomy":"product_tag","embeddable":true,"href":"https:\/\/ollerpintures.com\/es\/wp-json\/wp\/v2\/product_tag?post=8149"}],"curies":[{"name":"wp","href":"https:\/\/api.w.org\/{rel}","templated":true}]}}