{"id":8039,"date":"2021-01-28T10:20:36","date_gmt":"2021-01-28T09:20:36","guid":{"rendered":"https:\/\/oller-pintures.c.wetopi.com\/producte\/esmalt-sintetico-brillante-dkor\/"},"modified":"2024-01-17T09:55:51","modified_gmt":"2024-01-17T08:55:51","slug":"esmalt-sintetico-brillante-zenko","status":"publish","type":"product","link":"https:\/\/ollerpintures.com\/es\/producto\/esmalt-sintetico-brillante-zenko\/","title":{"rendered":"Esmalte Sint\u00e9tico Brillante ZENKO"},"content":{"rendered":"<p><strong>Pintura para madera y hierro<\/strong>. Esmalte adecuado para pintar toda clase de superficies de hierro y madera, debidamente preparadas tanto en interior como exterior. \u00a1Escoge el color que m\u00e1s te guste!<\/p>\n<p><strong>Carta colores esmalte ZENKO:<\/strong><\/p>\n<ul>\n<li>Esmalte<a href=\"https:\/\/ollerpintures.com\/es\/producto\/sigmadur-550-ral-1028-amarillo-melon\/\" target=\"_blank\" rel=\"noopener\"><strong> RAL 1028<\/strong><\/a> &#8211; ZENKO Amarillo Medio<\/li>\n<li>Esmalte <strong>RAL 5013<\/strong> &#8211; ZENKO Azul Cobalto<\/li>\n<li>Esmalte <a href=\"https:\/\/ollerpintures.com\/es\/producto\/sigmadur-550-ral-3020-rojo-trafico\/\" target=\"_blank\" rel=\"noopener\"><strong>RAL 3020<\/strong><\/a> &#8211; ZENKO Bermell\u00f3n<\/li>\n<li>Esmalte <a href=\"https:\/\/ollerpintures.com\/es\/producto\/sigmadur-550-ral-7016-gris-antracita\/\" target=\"_blank\" rel=\"noopener\"><strong>RAL 7016<\/strong><\/a> &#8211; ZENKO Gris Medio<\/li>\n<li>Esmalte <a href=\"https:\/\/ollerpintures.com\/es\/producto\/sigmadur-550-ral-7040-gris-ventana\/\" target=\"_blank\" rel=\"noopener\"><strong>RAL 7040<\/strong><\/a> &#8211; ZENKO Gris Perla<\/li>\n<li>Esmalte <strong>RAL 3005<\/strong> &#8211; ZENKO Rojo Carruajes<\/li>\n<li>Esmalte <strong>RAL 8019<\/strong> &#8211; ZENKO Tabaco<\/li>\n<li>Esmalte <strong>RAL 6009<\/strong> &#8211; ZENKO Verde Carruajes<\/li>\n<li>ZENKO Verde Mayo 1318<\/li>\n<li>ZENKO Pardo 1307<\/li>\n<li>ZENKO Crema 1303<\/li>\n<\/ul>\n","protected":false},"excerpt":{"rendered":"<p><strong>Carta colores Esmalte ZENKO:\u00a0<\/strong><\/p>\n<ul>\n<li>Esmalte <strong>RAL 1028<\/strong> &#8211; ZENKO Amarillo Medio<\/li>\n<li>Esmalte <strong>RAL 5013<\/strong> &#8211; ZENKO Azul Cobalto<\/li>\n<li>Esmalte <strong>RAL 3020<\/strong> &#8211; ZENKO Bermell\u00f3n<\/li>\n<li>Esmalte <strong>RAL<\/strong> <strong>7016<\/strong> &#8211; ZENKO Gris Medio<\/li>\n<li>Esmalte <strong>RAL<\/strong> <strong>7040<\/strong> &#8211; ZENKO Gris Perla<\/li>\n<li>Esmalte <strong>RAL<\/strong> <strong>3005<\/strong> &#8211; ZENKO Rojo Carruajes<\/li>\n<li>Esmalte <strong>RAL 8019<\/strong> &#8211; ZENKO Tabaco<\/li>\n<li>Esmalte <strong>RAL<\/strong> <strong>6009 <\/strong>&#8211; ZENKO Verde Carruajes<\/li>\n<li>ZENKO Verde Mayo 1318<\/li>\n<li>ZENKO Pardo 1307<\/li>\n<li>ZENKO Crema 1303<\/li>\n<\/ul>\n","protected":false},"featured_media":26147,"template":"","meta":{"_acf_changed":false},"pwb-brand":[788],"product_brand":[],"product_cat":[201,202,541,206,205,848,849],"product_tag":[589,225,214,321,213,537,551],"class_list":{"0":"post-8039","1":"product","2":"type-product","3":"status-publish","4":"has-post-thumbnail","6":"pwb-brand-zenko-es","7":"product_cat-pintura-es","8":"product_cat-pintura-exterior","9":"product_cat-pintura-para-madera","10":"product_cat-interior","11":"product_cat-pintura-para-hierro","12":"product_cat-esmaltes-para-hierro","13":"product_cat-esmaltes-para-madera","14":"product_tag-dkor-es","15":"product_tag-esmalte","16":"product_tag-exterior-es","17":"product_tag-ferro-es","18":"product_tag-interior-es","19":"product_tag-madera","20":"product_tag-zenko-es","21":"no-featured-image-padding","22":"resize-featured-image","23":"sales-flash-overlay","24":"woocommerce-text-align-left","25":"woocommerce-image-align-center","26":"do-quantity-buttons","27":"wc-has-gallery","29":"first","30":"instock","31":"shipping-taxable","32":"purchasable","33":"product-type-variable"},"acf":[],"yoast_head":"<!-- This site is optimized with the Yoast SEO plugin v27.1.1 - https:\/\/yoast.com\/product\/yoast-seo-wordpress\/ -->\n<title>Esmalte Sint\u00e9tico Brillante ZENKO - Oller Pinturas<\/title>\n<meta name=\"description\" content=\"Esmalte Sint\u00e9tico Brillante de ZENKO, colores profundos y duraderos en una amplia gama de colores RAL disponibles en tiendas Oller Pinturas y compra online.\" \/>\n<meta name=\"robots\" content=\"index, follow, max-snippet:-1, max-image-preview:large, max-video-preview:-1\" \/>\n<link rel=\"canonical\" href=\"https:\/\/ollerpintures.com\/es\/producto\/esmalt-sintetico-brillante-zenko\/\" \/>\n<meta property=\"og:locale\" content=\"es_ES\" \/>\n<meta property=\"og:type\" content=\"article\" \/>\n<meta property=\"og:title\" content=\"Esmalte Sint\u00e9tico Brillante ZENKO - Oller Pinturas\" \/>\n<meta property=\"og:description\" content=\"Esmalte Sint\u00e9tico Brillante de ZENKO, colores profundos y duraderos en una amplia gama de colores RAL disponibles en tiendas Oller Pinturas y compra online.\" \/>\n<meta property=\"og:url\" content=\"https:\/\/ollerpintures.com\/es\/producto\/esmalt-sintetico-brillante-zenko\/\" \/>\n<meta property=\"og:site_name\" content=\"Oller Pinturas y revestimientos\" \/>\n<meta property=\"article:publisher\" content=\"https:\/\/www.facebook.com\/people\/Oller-Pintures\/100063652056709\/\" \/>\n<meta property=\"article:modified_time\" content=\"2024-01-17T08:55:51+00:00\" \/>\n<meta property=\"og:image\" content=\"https:\/\/ollerpintures.com\/wp-content\/uploads\/2021\/01\/esmalte-sintetico-dkor-oller-pintures.jpg\" \/>\n\t<meta property=\"og:image:width\" content=\"1080\" \/>\n\t<meta property=\"og:image:height\" content=\"1080\" \/>\n\t<meta property=\"og:image:type\" content=\"image\/jpeg\" \/>\n<meta name=\"twitter:card\" content=\"summary_large_image\" \/>\n<meta name=\"twitter:label1\" content=\"Tiempo de lectura\" \/>\n\t<meta name=\"twitter:data1\" content=\"1 minuto\" \/>\n<script type=\"application\/ld+json\" class=\"yoast-schema-graph\">{\"@context\":\"https:\/\/schema.org\",\"@graph\":[{\"@type\":\"WebPage\",\"@id\":\"https:\/\/ollerpintures.com\/es\/producto\/esmalt-sintetico-brillante-zenko\/\",\"url\":\"https:\/\/ollerpintures.com\/es\/producto\/esmalt-sintetico-brillante-zenko\/\",\"name\":\"Esmalte Sint\u00e9tico Brillante ZENKO - Oller Pinturas\",\"isPartOf\":{\"@id\":\"https:\/\/ollerpintures.com\/es\/#website\"},\"primaryImageOfPage\":{\"@id\":\"https:\/\/ollerpintures.com\/es\/producto\/esmalt-sintetico-brillante-zenko\/#primaryimage\"},\"image\":{\"@id\":\"https:\/\/ollerpintures.com\/es\/producto\/esmalt-sintetico-brillante-zenko\/#primaryimage\"},\"thumbnailUrl\":\"https:\/\/ollerpintures.com\/wp-content\/uploads\/2021\/01\/esmalte-sintetico-dkor-oller-pintures.jpg\",\"datePublished\":\"2021-01-28T09:20:36+00:00\",\"dateModified\":\"2024-01-17T08:55:51+00:00\",\"description\":\"Esmalte Sint\u00e9tico Brillante de ZENKO, colores profundos y duraderos en una amplia gama de colores RAL disponibles en tiendas Oller Pinturas y compra online.\",\"breadcrumb\":{\"@id\":\"https:\/\/ollerpintures.com\/es\/producto\/esmalt-sintetico-brillante-zenko\/#breadcrumb\"},\"inLanguage\":\"es\",\"potentialAction\":[{\"@type\":\"ReadAction\",\"target\":[\"https:\/\/ollerpintures.com\/es\/producto\/esmalt-sintetico-brillante-zenko\/\"]}]},{\"@type\":\"ImageObject\",\"inLanguage\":\"es\",\"@id\":\"https:\/\/ollerpintures.com\/es\/producto\/esmalt-sintetico-brillante-zenko\/#primaryimage\",\"url\":\"https:\/\/ollerpintures.com\/wp-content\/uploads\/2021\/01\/esmalte-sintetico-dkor-oller-pintures.jpg\",\"contentUrl\":\"https:\/\/ollerpintures.com\/wp-content\/uploads\/2021\/01\/esmalte-sintetico-dkor-oller-pintures.jpg\",\"width\":1080,\"height\":1080,\"caption\":\"Esmalte Sint\u00e9tico Brillante ZENKO pro\"},{\"@type\":\"BreadcrumbList\",\"@id\":\"https:\/\/ollerpintures.com\/es\/producto\/esmalt-sintetico-brillante-zenko\/#breadcrumb\",\"itemListElement\":[{\"@type\":\"ListItem\",\"position\":1,\"name\":\"Inici\",\"item\":\"https:\/\/ollerpintures.com\/es\/\"},{\"@type\":\"ListItem\",\"position\":2,\"name\":\"Tienda\",\"item\":\"https:\/\/ollerpintures.com\/es\/tienda\/\"},{\"@type\":\"ListItem\",\"position\":3,\"name\":\"Esmalte Sint\u00e9tico Brillante ZENKO\"}]},{\"@type\":\"WebSite\",\"@id\":\"https:\/\/ollerpintures.com\/es\/#website\",\"url\":\"https:\/\/ollerpintures.com\/es\/\",\"name\":\"Oller Pinturas y Revestimientos\",\"description\":\"M\u00e1s de 50 a\u00f1os acompa\u00f1ando a profesionales y particulares con soluciones de pintura duraderas y sostenibles, seis tiendas de proximidad con servicio tintom\u00e9trico propio y un compromiso real con el oficio y las nuevas generaciones.\",\"publisher\":{\"@id\":\"https:\/\/ollerpintures.com\/es\/#organization\"},\"alternateName\":\"Oller Grup\",\"potentialAction\":[{\"@type\":\"SearchAction\",\"target\":{\"@type\":\"EntryPoint\",\"urlTemplate\":\"https:\/\/ollerpintures.com\/es\/?s={search_term_string}\"},\"query-input\":{\"@type\":\"PropertyValueSpecification\",\"valueRequired\":true,\"valueName\":\"search_term_string\"}}],\"inLanguage\":\"es\"},{\"@type\":\"Organization\",\"@id\":\"https:\/\/ollerpintures.com\/es\/#organization\",\"name\":\"Oller Pintures i Revestiments\",\"alternateName\":\"Oller Grup\",\"url\":\"https:\/\/ollerpintures.com\/es\/\",\"logo\":{\"@type\":\"ImageObject\",\"inLanguage\":\"es\",\"@id\":\"https:\/\/ollerpintures.com\/es\/#\/schema\/logo\/image\/\",\"url\":\"https:\/\/ollerpintures.com\/wp-content\/uploads\/2024\/05\/newLogo.png\",\"contentUrl\":\"https:\/\/ollerpintures.com\/wp-content\/uploads\/2024\/05\/newLogo.png\",\"width\":483,\"height\":244,\"caption\":\"Oller Pintures i Revestiments\"},\"image\":{\"@id\":\"https:\/\/ollerpintures.com\/es\/#\/schema\/logo\/image\/\"},\"sameAs\":[\"https:\/\/www.facebook.com\/people\/Oller-Pintures\/100063652056709\/\",\"https:\/\/www.instagram.com\/ollerpintures\/\",\"https:\/\/descriptor.es\/organization\/oller-grup\/\"]}]}<\/script>\n<!-- \/ Yoast SEO plugin. -->","yoast_head_json":{"title":"Esmalte Sint\u00e9tico Brillante ZENKO - Oller Pinturas","description":"Esmalte Sint\u00e9tico Brillante de ZENKO, colores profundos y duraderos en una amplia gama de colores RAL disponibles en tiendas Oller Pinturas y compra online.","robots":{"index":"index","follow":"follow","max-snippet":"max-snippet:-1","max-image-preview":"max-image-preview:large","max-video-preview":"max-video-preview:-1"},"canonical":"https:\/\/ollerpintures.com\/es\/producto\/esmalt-sintetico-brillante-zenko\/","og_locale":"es_ES","og_type":"article","og_title":"Esmalte Sint\u00e9tico Brillante ZENKO - Oller Pinturas","og_description":"Esmalte Sint\u00e9tico Brillante de ZENKO, colores profundos y duraderos en una amplia gama de colores RAL disponibles en tiendas Oller Pinturas y compra online.","og_url":"https:\/\/ollerpintures.com\/es\/producto\/esmalt-sintetico-brillante-zenko\/","og_site_name":"Oller Pinturas y revestimientos","article_publisher":"https:\/\/www.facebook.com\/people\/Oller-Pintures\/100063652056709\/","article_modified_time":"2024-01-17T08:55:51+00:00","og_image":[{"width":1080,"height":1080,"url":"https:\/\/ollerpintures.com\/wp-content\/uploads\/2021\/01\/esmalte-sintetico-dkor-oller-pintures.jpg","type":"image\/jpeg"}],"twitter_card":"summary_large_image","twitter_misc":{"Tiempo de lectura":"1 minuto"},"schema":{"@context":"https:\/\/schema.org","@graph":[{"@type":"WebPage","@id":"https:\/\/ollerpintures.com\/es\/producto\/esmalt-sintetico-brillante-zenko\/","url":"https:\/\/ollerpintures.com\/es\/producto\/esmalt-sintetico-brillante-zenko\/","name":"Esmalte Sint\u00e9tico Brillante ZENKO - Oller Pinturas","isPartOf":{"@id":"https:\/\/ollerpintures.com\/es\/#website"},"primaryImageOfPage":{"@id":"https:\/\/ollerpintures.com\/es\/producto\/esmalt-sintetico-brillante-zenko\/#primaryimage"},"image":{"@id":"https:\/\/ollerpintures.com\/es\/producto\/esmalt-sintetico-brillante-zenko\/#primaryimage"},"thumbnailUrl":"https:\/\/ollerpintures.com\/wp-content\/uploads\/2021\/01\/esmalte-sintetico-dkor-oller-pintures.jpg","datePublished":"2021-01-28T09:20:36+00:00","dateModified":"2024-01-17T08:55:51+00:00","description":"Esmalte Sint\u00e9tico Brillante de ZENKO, colores profundos y duraderos en una amplia gama de colores RAL disponibles en tiendas Oller Pinturas y compra online.","breadcrumb":{"@id":"https:\/\/ollerpintures.com\/es\/producto\/esmalt-sintetico-brillante-zenko\/#breadcrumb"},"inLanguage":"es","potentialAction":[{"@type":"ReadAction","target":["https:\/\/ollerpintures.com\/es\/producto\/esmalt-sintetico-brillante-zenko\/"]}]},{"@type":"ImageObject","inLanguage":"es","@id":"https:\/\/ollerpintures.com\/es\/producto\/esmalt-sintetico-brillante-zenko\/#primaryimage","url":"https:\/\/ollerpintures.com\/wp-content\/uploads\/2021\/01\/esmalte-sintetico-dkor-oller-pintures.jpg","contentUrl":"https:\/\/ollerpintures.com\/wp-content\/uploads\/2021\/01\/esmalte-sintetico-dkor-oller-pintures.jpg","width":1080,"height":1080,"caption":"Esmalte Sint\u00e9tico Brillante ZENKO pro"},{"@type":"BreadcrumbList","@id":"https:\/\/ollerpintures.com\/es\/producto\/esmalt-sintetico-brillante-zenko\/#breadcrumb","itemListElement":[{"@type":"ListItem","position":1,"name":"Inici","item":"https:\/\/ollerpintures.com\/es\/"},{"@type":"ListItem","position":2,"name":"Tienda","item":"https:\/\/ollerpintures.com\/es\/tienda\/"},{"@type":"ListItem","position":3,"name":"Esmalte Sint\u00e9tico Brillante ZENKO"}]},{"@type":"WebSite","@id":"https:\/\/ollerpintures.com\/es\/#website","url":"https:\/\/ollerpintures.com\/es\/","name":"Oller Pinturas y Revestimientos","description":"M\u00e1s de 50 a\u00f1os acompa\u00f1ando a profesionales y particulares con soluciones de pintura duraderas y sostenibles, seis tiendas de proximidad con servicio tintom\u00e9trico propio y un compromiso real con el oficio y las nuevas generaciones.","publisher":{"@id":"https:\/\/ollerpintures.com\/es\/#organization"},"alternateName":"Oller Grup","potentialAction":[{"@type":"SearchAction","target":{"@type":"EntryPoint","urlTemplate":"https:\/\/ollerpintures.com\/es\/?s={search_term_string}"},"query-input":{"@type":"PropertyValueSpecification","valueRequired":true,"valueName":"search_term_string"}}],"inLanguage":"es"},{"@type":"Organization","@id":"https:\/\/ollerpintures.com\/es\/#organization","name":"Oller Pintures i Revestiments","alternateName":"Oller Grup","url":"https:\/\/ollerpintures.com\/es\/","logo":{"@type":"ImageObject","inLanguage":"es","@id":"https:\/\/ollerpintures.com\/es\/#\/schema\/logo\/image\/","url":"https:\/\/ollerpintures.com\/wp-content\/uploads\/2024\/05\/newLogo.png","contentUrl":"https:\/\/ollerpintures.com\/wp-content\/uploads\/2024\/05\/newLogo.png","width":483,"height":244,"caption":"Oller Pintures i Revestiments"},"image":{"@id":"https:\/\/ollerpintures.com\/es\/#\/schema\/logo\/image\/"},"sameAs":["https:\/\/www.facebook.com\/people\/Oller-Pintures\/100063652056709\/","https:\/\/www.instagram.com\/ollerpintures\/","https:\/\/descriptor.es\/organization\/oller-grup\/"]}]}},"brands":[{"id":788,"name":"Zenko","slug":"zenko-es"}],"_links":{"self":[{"href":"https:\/\/ollerpintures.com\/es\/wp-json\/wp\/v2\/product\/8039","targetHints":{"allow":["GET"]}}],"collection":[{"href":"https:\/\/ollerpintures.com\/es\/wp-json\/wp\/v2\/product"}],"about":[{"href":"https:\/\/ollerpintures.com\/es\/wp-json\/wp\/v2\/types\/product"}],"wp:featuredmedia":[{"embeddable":true,"href":"https:\/\/ollerpintures.com\/es\/wp-json\/wp\/v2\/media\/26147"}],"wp:attachment":[{"href":"https:\/\/ollerpintures.com\/es\/wp-json\/wp\/v2\/media?parent=8039"}],"wp:term":[{"taxonomy":"pwb-brand","embeddable":true,"href":"https:\/\/ollerpintures.com\/es\/wp-json\/wp\/v2\/pwb-brand?post=8039"},{"taxonomy":"product_brand","embeddable":true,"href":"https:\/\/ollerpintures.com\/es\/wp-json\/wp\/v2\/product_brand?post=8039"},{"taxonomy":"product_cat","embeddable":true,"href":"https:\/\/ollerpintures.com\/es\/wp-json\/wp\/v2\/product_cat?post=8039"},{"taxonomy":"product_tag","embeddable":true,"href":"https:\/\/ollerpintures.com\/es\/wp-json\/wp\/v2\/product_tag?post=8039"}],"curies":[{"name":"wp","href":"https:\/\/api.w.org\/{rel}","templated":true}]}}