{"id":7417,"date":"2021-01-25T12:15:21","date_gmt":"2021-01-25T11:15:21","guid":{"rendered":"https:\/\/oller-pintures.c.wetopi.com\/?post_type=product&#038;p=7417"},"modified":"2024-04-29T06:55:22","modified_gmt":"2024-04-29T05:55:22","slug":"pintura-revestimiento-para-fachadas-renovatherm-procolor-15l-outlet","status":"publish","type":"product","link":"https:\/\/ollerpintures.com\/es\/producto\/pintura-revestimiento-para-fachadas-renovatherm-procolor-15l-outlet\/","title":{"rendered":"Pintura Revestimiento para fachadas Renovatherm PROCOLOR Blanco 15L"},"content":{"rendered":"<p>Renovatherm Blanco 15L de Procolor es un producto Premium para fachadas, ya que nos ofrece la mejor soluci\u00f3n y condiciones. Es, sin duda, la mejor pintura acr\u00edlica para fachadas que hemos probado nunca y, adem\u00e1s, gracias a su capacidad de reducir la temperatura de la superficie, \u00a1notar\u00e1s mejoras en el ahorro energ\u00e9tico!<\/p>\n<p>Renovatherm Blanco 15L de Procolor est\u00e1 especialmente dise\u00f1ado para los profesionales que buscan eficiencia y efectividad en grandes proyectos de renovaci\u00f3n y mantenimiento de fachadas. Este producto de alta calidad asegura una cobertura superior y duradera, ideal para aplicaciones en exteriores donde se requiere un rendimiento excepcional frente a las condiciones ambientales adversas.<\/p>\n<p>Caracter\u00edsticas Destacadas<\/p>\n<ul>\n<li>M\u00e1xima durabilidad: 12 a\u00f1os<\/li>\n<li>Anticarbonataci\u00f3n C1 (<a href=\"https:\/\/es.wikipedia.org\/wiki\/Carbonataci%C3%B3n\" target=\"_blank\" rel=\"noopener\">\u2192<\/a>)<\/li>\n<li>Marcado CE<\/li>\n<li>Reduce hasta un 20% la temperatura de la superficie en climas c\u00e1lidos &#8211; gran ahorro energ\u00e9tico<\/li>\n<li>Impermeable W3<\/li>\n<li>Transpirable V2<\/li>\n<li>Pintura el\u00e1stica<\/li>\n<\/ul>\n<p>Renovatherm Blanco de Procolor en su envase de 15 litros es perfecto para trabajos extensivos que demandan un acabado blanco puro y uniforme.<\/p>\n<p>La formulaci\u00f3n avanzada de esta pintura acr\u00edlica para fachadas no solo ofrece una excelente adhesi\u00f3n y resistencia a la intemperie, sino que tambi\u00e9n incorpora tecnolog\u00eda de aislamiento t\u00e9rmico, ayudando a mejorar la eficiencia energ\u00e9tica de los edificios.<\/p>\n<p>Este producto es ideal para profesionales que necesitan una pintura que contribuya tanto a la est\u00e9tica como a la funcionalidad de las estructuras.<\/p>\n<p>Elija Renovatherm Blanco 15L para sus pr\u00f3ximos proyectos y disfrute de un material que no solo embellece sino que tambi\u00e9n protege y mejora las propiedades que trata. Su uso asegura una fachada con acabado impecable y duradero, resistente a los factores clim\u00e1ticos y con beneficios de ahorro energ\u00e9tico a largo plazo.<\/p>\n<p>Lecturas complementarias: <a href=\"https:\/\/ollerpintures.com\/es\/sate-aislamiento-termico-subvencionado-fondos-next-generation\/\">Sistemas de Aislamiento T\u00e9rmino Exterior (SATE)<\/a><\/p>\n","protected":false},"excerpt":{"rendered":"<p>Renovatherm Blanco 15L de Procolor es un producto Premium para fachadas, ya que nos ofrece la mejor soluci\u00f3n y condiciones. Es, sin duda, la mejor &#8230; <\/p>\n<p class=\"read-more-container\"><a title=\"Pintura Revestimiento para fachadas Renovatherm PROCOLOR Blanco 15L\" class=\"read-more button\" href=\"https:\/\/ollerpintures.com\/es\/producto\/pintura-revestimiento-para-fachadas-renovatherm-procolor-15l-outlet\/#more-7417\" aria-label=\"Leer m\u00e1s sobre Pintura Revestimiento para fachadas Renovatherm PROCOLOR Blanco 15L\">Leer m\u00e1s<\/a><\/p>\n","protected":false},"featured_media":8741,"template":"","meta":{"_acf_changed":false},"pwb-brand":[787],"product_brand":[],"product_cat":[201,202,204],"product_tag":[214,218,215,231,590],"class_list":{"0":"post-7417","1":"product","2":"type-product","3":"status-publish","4":"has-post-thumbnail","6":"pwb-brand-procolor-es","7":"product_cat-pintura-es","8":"product_cat-pintura-exterior","9":"product_cat-pintura-para-fachadas","10":"product_tag-exterior-es","11":"product_tag-fachada","12":"product_tag-pintura-es","13":"product_tag-procolor-es","14":"product_tag-professional-quality-es","15":"no-featured-image-padding","16":"resize-featured-image","17":"sales-flash-overlay","18":"woocommerce-text-align-left","19":"woocommerce-image-align-center","20":"do-quantity-buttons","21":"wc-has-gallery","23":"first","24":"instock","25":"shipping-taxable","26":"purchasable","27":"product-type-simple"},"acf":[],"yoast_head":"<!-- This site is optimized with the Yoast SEO plugin v27.1.1 - https:\/\/yoast.com\/product\/yoast-seo-wordpress\/ -->\n<title>Pintura acr\u00edlica para fachadas Renovatherm Blanca - Oller Pinturas<\/title>\n<meta name=\"description\" content=\"Renovatherm PROCOLOR Blanco 15L es la mejor pintura acr\u00edlica para fachadas que hemos probado, reduce la temperatura de la superficie para ahorro energ\u00e9tico.\" \/>\n<meta name=\"robots\" content=\"index, follow, max-snippet:-1, max-image-preview:large, max-video-preview:-1\" \/>\n<link rel=\"canonical\" href=\"https:\/\/ollerpintures.com\/es\/producto\/pintura-revestimiento-para-fachadas-renovatherm-procolor-15l-outlet\/\" \/>\n<meta property=\"og:locale\" content=\"es_ES\" \/>\n<meta property=\"og:type\" content=\"article\" \/>\n<meta property=\"og:title\" content=\"Pintura acr\u00edlica para fachadas Renovatherm Blanca - Oller Pinturas\" \/>\n<meta property=\"og:description\" content=\"Renovatherm PROCOLOR Blanco 15L es la mejor pintura acr\u00edlica para fachadas que hemos probado, reduce la temperatura de la superficie para ahorro energ\u00e9tico.\" \/>\n<meta property=\"og:url\" content=\"https:\/\/ollerpintures.com\/es\/producto\/pintura-revestimiento-para-fachadas-renovatherm-procolor-15l-outlet\/\" \/>\n<meta property=\"og:site_name\" content=\"Oller Pinturas y revestimientos\" \/>\n<meta property=\"article:publisher\" content=\"https:\/\/www.facebook.com\/people\/Oller-Pintures\/100063652056709\/\" \/>\n<meta property=\"article:modified_time\" content=\"2024-04-29T05:55:22+00:00\" \/>\n<meta property=\"og:image\" content=\"https:\/\/ollerpintures.com\/wp-content\/uploads\/2021\/01\/pintura-fachadas-renovatherm-comprar-online-oller-1.png\" \/>\n\t<meta property=\"og:image:width\" content=\"1080\" \/>\n\t<meta property=\"og:image:height\" content=\"1080\" \/>\n\t<meta property=\"og:image:type\" content=\"image\/png\" \/>\n<meta name=\"twitter:card\" content=\"summary_large_image\" \/>\n<meta name=\"twitter:label1\" content=\"Tiempo de lectura\" \/>\n\t<meta name=\"twitter:data1\" content=\"2 minutos\" \/>\n<script type=\"application\/ld+json\" class=\"yoast-schema-graph\">{\"@context\":\"https:\/\/schema.org\",\"@graph\":[{\"@type\":\"WebPage\",\"@id\":\"https:\/\/ollerpintures.com\/es\/producto\/pintura-revestimiento-para-fachadas-renovatherm-procolor-15l-outlet\/\",\"url\":\"https:\/\/ollerpintures.com\/es\/producto\/pintura-revestimiento-para-fachadas-renovatherm-procolor-15l-outlet\/\",\"name\":\"Pintura acr\u00edlica para fachadas Renovatherm Blanca - Oller Pinturas\",\"isPartOf\":{\"@id\":\"https:\/\/ollerpintures.com\/es\/#website\"},\"primaryImageOfPage\":{\"@id\":\"https:\/\/ollerpintures.com\/es\/producto\/pintura-revestimiento-para-fachadas-renovatherm-procolor-15l-outlet\/#primaryimage\"},\"image\":{\"@id\":\"https:\/\/ollerpintures.com\/es\/producto\/pintura-revestimiento-para-fachadas-renovatherm-procolor-15l-outlet\/#primaryimage\"},\"thumbnailUrl\":\"https:\/\/ollerpintures.com\/wp-content\/uploads\/2021\/01\/pintura-fachadas-renovatherm-comprar-online-oller-1.png\",\"datePublished\":\"2021-01-25T11:15:21+00:00\",\"dateModified\":\"2024-04-29T05:55:22+00:00\",\"description\":\"Renovatherm PROCOLOR Blanco 15L es la mejor pintura acr\u00edlica para fachadas que hemos probado, reduce la temperatura de la superficie para ahorro energ\u00e9tico.\",\"breadcrumb\":{\"@id\":\"https:\/\/ollerpintures.com\/es\/producto\/pintura-revestimiento-para-fachadas-renovatherm-procolor-15l-outlet\/#breadcrumb\"},\"inLanguage\":\"es\",\"potentialAction\":[{\"@type\":\"ReadAction\",\"target\":[\"https:\/\/ollerpintures.com\/es\/producto\/pintura-revestimiento-para-fachadas-renovatherm-procolor-15l-outlet\/\"]}]},{\"@type\":\"ImageObject\",\"inLanguage\":\"es\",\"@id\":\"https:\/\/ollerpintures.com\/es\/producto\/pintura-revestimiento-para-fachadas-renovatherm-procolor-15l-outlet\/#primaryimage\",\"url\":\"https:\/\/ollerpintures.com\/wp-content\/uploads\/2021\/01\/pintura-fachadas-renovatherm-comprar-online-oller-1.png\",\"contentUrl\":\"https:\/\/ollerpintures.com\/wp-content\/uploads\/2021\/01\/pintura-fachadas-renovatherm-comprar-online-oller-1.png\",\"width\":1080,\"height\":1080,\"caption\":\"Pintura acr\u00edlica para fachadas Renovatherm PROCOLOR Blanco 15L\"},{\"@type\":\"BreadcrumbList\",\"@id\":\"https:\/\/ollerpintures.com\/es\/producto\/pintura-revestimiento-para-fachadas-renovatherm-procolor-15l-outlet\/#breadcrumb\",\"itemListElement\":[{\"@type\":\"ListItem\",\"position\":1,\"name\":\"Inici\",\"item\":\"https:\/\/ollerpintures.com\/es\/\"},{\"@type\":\"ListItem\",\"position\":2,\"name\":\"Tienda\",\"item\":\"https:\/\/ollerpintures.com\/es\/tienda\/\"},{\"@type\":\"ListItem\",\"position\":3,\"name\":\"Pintura Revestimiento para fachadas Renovatherm PROCOLOR Blanco 15L\"}]},{\"@type\":\"WebSite\",\"@id\":\"https:\/\/ollerpintures.com\/es\/#website\",\"url\":\"https:\/\/ollerpintures.com\/es\/\",\"name\":\"Oller Pinturas y Revestimientos\",\"description\":\"M\u00e1s de 50 a\u00f1os acompa\u00f1ando a profesionales y particulares con soluciones de pintura duraderas y sostenibles, seis tiendas de proximidad con servicio tintom\u00e9trico propio y un compromiso real con el oficio y las nuevas generaciones.\",\"publisher\":{\"@id\":\"https:\/\/ollerpintures.com\/es\/#organization\"},\"alternateName\":\"Oller Grup\",\"potentialAction\":[{\"@type\":\"SearchAction\",\"target\":{\"@type\":\"EntryPoint\",\"urlTemplate\":\"https:\/\/ollerpintures.com\/es\/?s={search_term_string}\"},\"query-input\":{\"@type\":\"PropertyValueSpecification\",\"valueRequired\":true,\"valueName\":\"search_term_string\"}}],\"inLanguage\":\"es\"},{\"@type\":\"Organization\",\"@id\":\"https:\/\/ollerpintures.com\/es\/#organization\",\"name\":\"Oller Pintures i Revestiments\",\"alternateName\":\"Oller Grup\",\"url\":\"https:\/\/ollerpintures.com\/es\/\",\"logo\":{\"@type\":\"ImageObject\",\"inLanguage\":\"es\",\"@id\":\"https:\/\/ollerpintures.com\/es\/#\/schema\/logo\/image\/\",\"url\":\"https:\/\/ollerpintures.com\/wp-content\/uploads\/2024\/05\/newLogo.png\",\"contentUrl\":\"https:\/\/ollerpintures.com\/wp-content\/uploads\/2024\/05\/newLogo.png\",\"width\":483,\"height\":244,\"caption\":\"Oller Pintures i Revestiments\"},\"image\":{\"@id\":\"https:\/\/ollerpintures.com\/es\/#\/schema\/logo\/image\/\"},\"sameAs\":[\"https:\/\/www.facebook.com\/people\/Oller-Pintures\/100063652056709\/\",\"https:\/\/www.instagram.com\/ollerpintures\/\",\"https:\/\/descriptor.es\/organization\/oller-grup\/\"]}]}<\/script>\n<!-- \/ Yoast SEO plugin. -->","yoast_head_json":{"title":"Pintura acr\u00edlica para fachadas Renovatherm Blanca - Oller Pinturas","description":"Renovatherm PROCOLOR Blanco 15L es la mejor pintura acr\u00edlica para fachadas que hemos probado, reduce la temperatura de la superficie para ahorro energ\u00e9tico.","robots":{"index":"index","follow":"follow","max-snippet":"max-snippet:-1","max-image-preview":"max-image-preview:large","max-video-preview":"max-video-preview:-1"},"canonical":"https:\/\/ollerpintures.com\/es\/producto\/pintura-revestimiento-para-fachadas-renovatherm-procolor-15l-outlet\/","og_locale":"es_ES","og_type":"article","og_title":"Pintura acr\u00edlica para fachadas Renovatherm Blanca - Oller Pinturas","og_description":"Renovatherm PROCOLOR Blanco 15L es la mejor pintura acr\u00edlica para fachadas que hemos probado, reduce la temperatura de la superficie para ahorro energ\u00e9tico.","og_url":"https:\/\/ollerpintures.com\/es\/producto\/pintura-revestimiento-para-fachadas-renovatherm-procolor-15l-outlet\/","og_site_name":"Oller Pinturas y revestimientos","article_publisher":"https:\/\/www.facebook.com\/people\/Oller-Pintures\/100063652056709\/","article_modified_time":"2024-04-29T05:55:22+00:00","og_image":[{"width":1080,"height":1080,"url":"https:\/\/ollerpintures.com\/wp-content\/uploads\/2021\/01\/pintura-fachadas-renovatherm-comprar-online-oller-1.png","type":"image\/png"}],"twitter_card":"summary_large_image","twitter_misc":{"Tiempo de lectura":"2 minutos"},"schema":{"@context":"https:\/\/schema.org","@graph":[{"@type":"WebPage","@id":"https:\/\/ollerpintures.com\/es\/producto\/pintura-revestimiento-para-fachadas-renovatherm-procolor-15l-outlet\/","url":"https:\/\/ollerpintures.com\/es\/producto\/pintura-revestimiento-para-fachadas-renovatherm-procolor-15l-outlet\/","name":"Pintura acr\u00edlica para fachadas Renovatherm Blanca - Oller Pinturas","isPartOf":{"@id":"https:\/\/ollerpintures.com\/es\/#website"},"primaryImageOfPage":{"@id":"https:\/\/ollerpintures.com\/es\/producto\/pintura-revestimiento-para-fachadas-renovatherm-procolor-15l-outlet\/#primaryimage"},"image":{"@id":"https:\/\/ollerpintures.com\/es\/producto\/pintura-revestimiento-para-fachadas-renovatherm-procolor-15l-outlet\/#primaryimage"},"thumbnailUrl":"https:\/\/ollerpintures.com\/wp-content\/uploads\/2021\/01\/pintura-fachadas-renovatherm-comprar-online-oller-1.png","datePublished":"2021-01-25T11:15:21+00:00","dateModified":"2024-04-29T05:55:22+00:00","description":"Renovatherm PROCOLOR Blanco 15L es la mejor pintura acr\u00edlica para fachadas que hemos probado, reduce la temperatura de la superficie para ahorro energ\u00e9tico.","breadcrumb":{"@id":"https:\/\/ollerpintures.com\/es\/producto\/pintura-revestimiento-para-fachadas-renovatherm-procolor-15l-outlet\/#breadcrumb"},"inLanguage":"es","potentialAction":[{"@type":"ReadAction","target":["https:\/\/ollerpintures.com\/es\/producto\/pintura-revestimiento-para-fachadas-renovatherm-procolor-15l-outlet\/"]}]},{"@type":"ImageObject","inLanguage":"es","@id":"https:\/\/ollerpintures.com\/es\/producto\/pintura-revestimiento-para-fachadas-renovatherm-procolor-15l-outlet\/#primaryimage","url":"https:\/\/ollerpintures.com\/wp-content\/uploads\/2021\/01\/pintura-fachadas-renovatherm-comprar-online-oller-1.png","contentUrl":"https:\/\/ollerpintures.com\/wp-content\/uploads\/2021\/01\/pintura-fachadas-renovatherm-comprar-online-oller-1.png","width":1080,"height":1080,"caption":"Pintura acr\u00edlica para fachadas Renovatherm PROCOLOR Blanco 15L"},{"@type":"BreadcrumbList","@id":"https:\/\/ollerpintures.com\/es\/producto\/pintura-revestimiento-para-fachadas-renovatherm-procolor-15l-outlet\/#breadcrumb","itemListElement":[{"@type":"ListItem","position":1,"name":"Inici","item":"https:\/\/ollerpintures.com\/es\/"},{"@type":"ListItem","position":2,"name":"Tienda","item":"https:\/\/ollerpintures.com\/es\/tienda\/"},{"@type":"ListItem","position":3,"name":"Pintura Revestimiento para fachadas Renovatherm PROCOLOR Blanco 15L"}]},{"@type":"WebSite","@id":"https:\/\/ollerpintures.com\/es\/#website","url":"https:\/\/ollerpintures.com\/es\/","name":"Oller Pinturas y Revestimientos","description":"M\u00e1s de 50 a\u00f1os acompa\u00f1ando a profesionales y particulares con soluciones de pintura duraderas y sostenibles, seis tiendas de proximidad con servicio tintom\u00e9trico propio y un compromiso real con el oficio y las nuevas generaciones.","publisher":{"@id":"https:\/\/ollerpintures.com\/es\/#organization"},"alternateName":"Oller Grup","potentialAction":[{"@type":"SearchAction","target":{"@type":"EntryPoint","urlTemplate":"https:\/\/ollerpintures.com\/es\/?s={search_term_string}"},"query-input":{"@type":"PropertyValueSpecification","valueRequired":true,"valueName":"search_term_string"}}],"inLanguage":"es"},{"@type":"Organization","@id":"https:\/\/ollerpintures.com\/es\/#organization","name":"Oller Pintures i Revestiments","alternateName":"Oller Grup","url":"https:\/\/ollerpintures.com\/es\/","logo":{"@type":"ImageObject","inLanguage":"es","@id":"https:\/\/ollerpintures.com\/es\/#\/schema\/logo\/image\/","url":"https:\/\/ollerpintures.com\/wp-content\/uploads\/2024\/05\/newLogo.png","contentUrl":"https:\/\/ollerpintures.com\/wp-content\/uploads\/2024\/05\/newLogo.png","width":483,"height":244,"caption":"Oller Pintures i Revestiments"},"image":{"@id":"https:\/\/ollerpintures.com\/es\/#\/schema\/logo\/image\/"},"sameAs":["https:\/\/www.facebook.com\/people\/Oller-Pintures\/100063652056709\/","https:\/\/www.instagram.com\/ollerpintures\/","https:\/\/descriptor.es\/organization\/oller-grup\/"]}]}},"brands":[{"id":787,"name":"Procolor","slug":"procolor-es"}],"_links":{"self":[{"href":"https:\/\/ollerpintures.com\/es\/wp-json\/wp\/v2\/product\/7417","targetHints":{"allow":["GET"]}}],"collection":[{"href":"https:\/\/ollerpintures.com\/es\/wp-json\/wp\/v2\/product"}],"about":[{"href":"https:\/\/ollerpintures.com\/es\/wp-json\/wp\/v2\/types\/product"}],"wp:featuredmedia":[{"embeddable":true,"href":"https:\/\/ollerpintures.com\/es\/wp-json\/wp\/v2\/media\/8741"}],"wp:attachment":[{"href":"https:\/\/ollerpintures.com\/es\/wp-json\/wp\/v2\/media?parent=7417"}],"wp:term":[{"taxonomy":"pwb-brand","embeddable":true,"href":"https:\/\/ollerpintures.com\/es\/wp-json\/wp\/v2\/pwb-brand?post=7417"},{"taxonomy":"product_brand","embeddable":true,"href":"https:\/\/ollerpintures.com\/es\/wp-json\/wp\/v2\/product_brand?post=7417"},{"taxonomy":"product_cat","embeddable":true,"href":"https:\/\/ollerpintures.com\/es\/wp-json\/wp\/v2\/product_cat?post=7417"},{"taxonomy":"product_tag","embeddable":true,"href":"https:\/\/ollerpintures.com\/es\/wp-json\/wp\/v2\/product_tag?post=7417"}],"curies":[{"name":"wp","href":"https:\/\/api.w.org\/{rel}","templated":true}]}}