{"id":7354,"date":"2021-01-22T12:18:04","date_gmt":"2021-01-22T11:18:04","guid":{"rendered":"https:\/\/oller-pintures.c.wetopi.com\/producte\/esmalte-blatemlux-brillante-blatem-blanco-nieve\/"},"modified":"2021-01-22T12:18:04","modified_gmt":"2021-01-22T11:18:04","slug":"esmalte-blatemlux-brillante-blatem-blanco-nieve","status":"publish","type":"product","link":"https:\/\/ollerpintures.com\/es\/producto\/esmalte-blatemlux-brillante-blatem-blanco-nieve\/","title":{"rendered":"Esmalte Blatemlux Brillante BLATEM Blanco Nieve"},"content":{"rendered":"<p>Esmalte sint\u00e9tico brillante, de extraordinaria calidad para interiores y exteriores, formulada con la tecnolog\u00eda m\u00e1s avanzada, para ofrecer las mejores prestaciones. Adem\u00e1s, es pintura ign\u00edfuga.<\/p>\n<p>Aplicable sobre madera y hierro:<strong> muebles, ventanas, puertas, estanter\u00edas, vallas, paredes de cocina y cuartos de ba\u00f1o, etc.\u00a0<\/strong><\/p>\n<p>Por su excelente resistencia en exteriores lo recomendamos especialmente para la protecci\u00f3n de acero, como acabado.<\/p>\n<p><em><strong>\u00a1Consulta m\u00e1s informaci\u00f3n en la ficha t\u00e9cnica adjunta!<\/strong><\/em><\/p>\n<p>&nbsp;<\/p>\n","protected":false},"excerpt":{"rendered":"<p>Esmalte sint\u00e9tico brillante, de extraordinaria calidad para interiores y exteriores, formulada con la tecnolog\u00eda m\u00e1s avanzada, para ofrecer las mejores prestaciones. Adem\u00e1s, es pintura ign\u00edfuga.<\/p>\n<p>Aplicable sobre madera y hierro:<strong> muebles, ventanas, puertas, estanter\u00edas, vallas, paredes de cocina y cuartos de ba\u00f1o, etc.\u00a0<\/strong><\/p>\n","protected":false},"featured_media":7353,"template":"","meta":{"_acf_changed":false},"pwb-brand":[786,60],"product_brand":[],"product_cat":[201,24,202,70,539,541,42,206,205,85,848,846,849,847],"product_tag":[81,238,83,225,63,214,84,518,321,213,62,537],"class_list":{"0":"post-7354","1":"product","2":"type-product","3":"status-publish","4":"has-post-thumbnail","6":"pwb-brand-blatem-es","7":"pwb-brand-blatem","8":"product_cat-pintura-es","9":"product_cat-pintura","10":"product_cat-pintura-exterior","11":"product_cat-pinturaexterior","12":"product_cat-pintura-per-fusta","13":"product_cat-pintura-para-madera","14":"product_cat-interiorpintura","15":"product_cat-interior","16":"product_cat-pintura-para-hierro","17":"product_cat-ferro-esmalt-pintures","18":"product_cat-esmaltes-para-hierro","19":"product_cat-pintura-per-ferro-2","20":"product_cat-esmaltes-para-madera","21":"product_cat-esmalts-per-fusta","22":"product_tag-blatem","23":"product_tag-blatem-es","24":"product_tag-esmalt","25":"product_tag-esmalte","26":"product_tag-exterior","27":"product_tag-exterior-es","28":"product_tag-ferro","29":"product_tag-fusta","30":"product_tag-ferro-es","31":"product_tag-interior-es","32":"product_tag-interior","33":"product_tag-madera","34":"no-featured-image-padding","35":"resize-featured-image","36":"sales-flash-overlay","37":"woocommerce-text-align-left","38":"woocommerce-image-align-center","39":"do-quantity-buttons","41":"first","42":"instock","43":"shipping-taxable","44":"purchasable","45":"product-type-variable"},"acf":[],"yoast_head":"<!-- This site is optimized with the Yoast SEO plugin v27.1.1 - https:\/\/yoast.com\/product\/yoast-seo-wordpress\/ -->\n<title>Esmalte Blatemlux Brillante BLATEM Blanco Nieve - Oller Pinturas y revestimientos<\/title>\n<meta name=\"description\" content=\"Esmalte sint\u00e9tico brillante, de extraordinaria calidad para interiores y exteriores, formulada con la tecnolog\u00eda m\u00e1s avanzada, para ofrecer las mejores prestaciones. Adem\u00e1s, es pintura ign\u00edfuga.  Aplicable sobre madera y hierro: muebles, ventanas, puertas, estanter\u00edas, vallas, paredes de cocina y cuartos de ba\u00f1o, etc.\u00a0\" \/>\n<meta name=\"robots\" content=\"index, follow, max-snippet:-1, max-image-preview:large, max-video-preview:-1\" \/>\n<link rel=\"canonical\" href=\"https:\/\/ollerpintures.com\/es\/producto\/esmalte-blatemlux-brillante-blatem-blanco-nieve\/\" \/>\n<meta property=\"og:locale\" content=\"es_ES\" \/>\n<meta property=\"og:type\" content=\"article\" \/>\n<meta property=\"og:title\" content=\"Esmalte Blatemlux Brillante BLATEM Blanco Nieve - Oller Pinturas y revestimientos\" \/>\n<meta property=\"og:description\" content=\"Esmalte sint\u00e9tico brillante, de extraordinaria calidad para interiores y exteriores, formulada con la tecnolog\u00eda m\u00e1s avanzada, para ofrecer las mejores prestaciones. Adem\u00e1s, es pintura ign\u00edfuga.  Aplicable sobre madera y hierro: muebles, ventanas, puertas, estanter\u00edas, vallas, paredes de cocina y cuartos de ba\u00f1o, etc.\u00a0\" \/>\n<meta property=\"og:url\" content=\"https:\/\/ollerpintures.com\/es\/producto\/esmalte-blatemlux-brillante-blatem-blanco-nieve\/\" \/>\n<meta property=\"og:site_name\" content=\"Oller Pinturas y revestimientos\" \/>\n<meta property=\"article:publisher\" content=\"https:\/\/www.facebook.com\/people\/Oller-Pintures\/100063652056709\/\" \/>\n<meta property=\"og:image\" content=\"https:\/\/ollerpintures.com\/wp-content\/uploads\/2021\/01\/esmalte-blatemlux-blanco-nieve-blatem-hierro-madera-comprar-online-oller-e1611314747152.png\" \/>\n\t<meta property=\"og:image:width\" content=\"680\" \/>\n\t<meta property=\"og:image:height\" content=\"625\" \/>\n\t<meta property=\"og:image:type\" content=\"image\/png\" \/>\n<meta name=\"twitter:card\" content=\"summary_large_image\" \/>\n<script type=\"application\/ld+json\" class=\"yoast-schema-graph\">{\"@context\":\"https:\/\/schema.org\",\"@graph\":[{\"@type\":\"WebPage\",\"@id\":\"https:\/\/ollerpintures.com\/es\/producto\/esmalte-blatemlux-brillante-blatem-blanco-nieve\/\",\"url\":\"https:\/\/ollerpintures.com\/es\/producto\/esmalte-blatemlux-brillante-blatem-blanco-nieve\/\",\"name\":\"Esmalte Blatemlux Brillante BLATEM Blanco Nieve - Oller Pinturas y revestimientos\",\"isPartOf\":{\"@id\":\"https:\/\/ollerpintures.com\/es\/#website\"},\"primaryImageOfPage\":{\"@id\":\"https:\/\/ollerpintures.com\/es\/producto\/esmalte-blatemlux-brillante-blatem-blanco-nieve\/#primaryimage\"},\"image\":{\"@id\":\"https:\/\/ollerpintures.com\/es\/producto\/esmalte-blatemlux-brillante-blatem-blanco-nieve\/#primaryimage\"},\"thumbnailUrl\":\"https:\/\/ollerpintures.com\/wp-content\/uploads\/2021\/01\/esmalte-blatemlux-blanco-nieve-blatem-hierro-madera-comprar-online-oller-e1611314747152.png\",\"datePublished\":\"2021-01-22T11:18:04+00:00\",\"description\":\"Esmalte sint\u00e9tico brillante, de extraordinaria calidad para interiores y exteriores, formulada con la tecnolog\u00eda m\u00e1s avanzada, para ofrecer las mejores prestaciones. Adem\u00e1s, es pintura ign\u00edfuga. Aplicable sobre madera y hierro: muebles, ventanas, puertas, estanter\u00edas, vallas, paredes de cocina y cuartos de ba\u00f1o, etc.\u00a0\",\"breadcrumb\":{\"@id\":\"https:\/\/ollerpintures.com\/es\/producto\/esmalte-blatemlux-brillante-blatem-blanco-nieve\/#breadcrumb\"},\"inLanguage\":\"es\",\"potentialAction\":[{\"@type\":\"ReadAction\",\"target\":[\"https:\/\/ollerpintures.com\/es\/producto\/esmalte-blatemlux-brillante-blatem-blanco-nieve\/\"]}]},{\"@type\":\"ImageObject\",\"inLanguage\":\"es\",\"@id\":\"https:\/\/ollerpintures.com\/es\/producto\/esmalte-blatemlux-brillante-blatem-blanco-nieve\/#primaryimage\",\"url\":\"https:\/\/ollerpintures.com\/wp-content\/uploads\/2021\/01\/esmalte-blatemlux-blanco-nieve-blatem-hierro-madera-comprar-online-oller-e1611314747152.png\",\"contentUrl\":\"https:\/\/ollerpintures.com\/wp-content\/uploads\/2021\/01\/esmalte-blatemlux-blanco-nieve-blatem-hierro-madera-comprar-online-oller-e1611314747152.png\",\"width\":680,\"height\":625,\"caption\":\"Esmalte Blatemlux Brillante BLATEM Blanco Nieve\"},{\"@type\":\"BreadcrumbList\",\"@id\":\"https:\/\/ollerpintures.com\/es\/producto\/esmalte-blatemlux-brillante-blatem-blanco-nieve\/#breadcrumb\",\"itemListElement\":[{\"@type\":\"ListItem\",\"position\":1,\"name\":\"Inici\",\"item\":\"https:\/\/ollerpintures.com\/es\/\"},{\"@type\":\"ListItem\",\"position\":2,\"name\":\"Tienda\",\"item\":\"https:\/\/ollerpintures.com\/es\/tienda\/\"},{\"@type\":\"ListItem\",\"position\":3,\"name\":\"Esmalte Blatemlux Brillante BLATEM Blanco Nieve\"}]},{\"@type\":\"WebSite\",\"@id\":\"https:\/\/ollerpintures.com\/es\/#website\",\"url\":\"https:\/\/ollerpintures.com\/es\/\",\"name\":\"Oller Pinturas y Revestimientos\",\"description\":\"M\u00e1s de 50 a\u00f1os acompa\u00f1ando a profesionales y particulares con soluciones de pintura duraderas y sostenibles, seis tiendas de proximidad con servicio tintom\u00e9trico propio y un compromiso real con el oficio y las nuevas generaciones.\",\"publisher\":{\"@id\":\"https:\/\/ollerpintures.com\/es\/#organization\"},\"alternateName\":\"Oller Grup\",\"potentialAction\":[{\"@type\":\"SearchAction\",\"target\":{\"@type\":\"EntryPoint\",\"urlTemplate\":\"https:\/\/ollerpintures.com\/es\/?s={search_term_string}\"},\"query-input\":{\"@type\":\"PropertyValueSpecification\",\"valueRequired\":true,\"valueName\":\"search_term_string\"}}],\"inLanguage\":\"es\"},{\"@type\":\"Organization\",\"@id\":\"https:\/\/ollerpintures.com\/es\/#organization\",\"name\":\"Oller Pintures i Revestiments\",\"alternateName\":\"Oller Grup\",\"url\":\"https:\/\/ollerpintures.com\/es\/\",\"logo\":{\"@type\":\"ImageObject\",\"inLanguage\":\"es\",\"@id\":\"https:\/\/ollerpintures.com\/es\/#\/schema\/logo\/image\/\",\"url\":\"https:\/\/ollerpintures.com\/wp-content\/uploads\/2024\/05\/newLogo.png\",\"contentUrl\":\"https:\/\/ollerpintures.com\/wp-content\/uploads\/2024\/05\/newLogo.png\",\"width\":483,\"height\":244,\"caption\":\"Oller Pintures i Revestiments\"},\"image\":{\"@id\":\"https:\/\/ollerpintures.com\/es\/#\/schema\/logo\/image\/\"},\"sameAs\":[\"https:\/\/www.facebook.com\/people\/Oller-Pintures\/100063652056709\/\",\"https:\/\/www.instagram.com\/ollerpintures\/\",\"https:\/\/descriptor.es\/organization\/oller-grup\/\"]}]}<\/script>\n<!-- \/ Yoast SEO plugin. -->","yoast_head_json":{"title":"Esmalte Blatemlux Brillante BLATEM Blanco Nieve - Oller Pinturas y revestimientos","description":"Esmalte sint\u00e9tico brillante, de extraordinaria calidad para interiores y exteriores, formulada con la tecnolog\u00eda m\u00e1s avanzada, para ofrecer las mejores prestaciones. Adem\u00e1s, es pintura ign\u00edfuga.  Aplicable sobre madera y hierro: muebles, ventanas, puertas, estanter\u00edas, vallas, paredes de cocina y cuartos de ba\u00f1o, etc.\u00a0","robots":{"index":"index","follow":"follow","max-snippet":"max-snippet:-1","max-image-preview":"max-image-preview:large","max-video-preview":"max-video-preview:-1"},"canonical":"https:\/\/ollerpintures.com\/es\/producto\/esmalte-blatemlux-brillante-blatem-blanco-nieve\/","og_locale":"es_ES","og_type":"article","og_title":"Esmalte Blatemlux Brillante BLATEM Blanco Nieve - Oller Pinturas y revestimientos","og_description":"Esmalte sint\u00e9tico brillante, de extraordinaria calidad para interiores y exteriores, formulada con la tecnolog\u00eda m\u00e1s avanzada, para ofrecer las mejores prestaciones. Adem\u00e1s, es pintura ign\u00edfuga.  Aplicable sobre madera y hierro: muebles, ventanas, puertas, estanter\u00edas, vallas, paredes de cocina y cuartos de ba\u00f1o, etc.\u00a0","og_url":"https:\/\/ollerpintures.com\/es\/producto\/esmalte-blatemlux-brillante-blatem-blanco-nieve\/","og_site_name":"Oller Pinturas y revestimientos","article_publisher":"https:\/\/www.facebook.com\/people\/Oller-Pintures\/100063652056709\/","og_image":[{"width":680,"height":625,"url":"https:\/\/ollerpintures.com\/wp-content\/uploads\/2021\/01\/esmalte-blatemlux-blanco-nieve-blatem-hierro-madera-comprar-online-oller-e1611314747152.png","type":"image\/png"}],"twitter_card":"summary_large_image","schema":{"@context":"https:\/\/schema.org","@graph":[{"@type":"WebPage","@id":"https:\/\/ollerpintures.com\/es\/producto\/esmalte-blatemlux-brillante-blatem-blanco-nieve\/","url":"https:\/\/ollerpintures.com\/es\/producto\/esmalte-blatemlux-brillante-blatem-blanco-nieve\/","name":"Esmalte Blatemlux Brillante BLATEM Blanco Nieve - Oller Pinturas y revestimientos","isPartOf":{"@id":"https:\/\/ollerpintures.com\/es\/#website"},"primaryImageOfPage":{"@id":"https:\/\/ollerpintures.com\/es\/producto\/esmalte-blatemlux-brillante-blatem-blanco-nieve\/#primaryimage"},"image":{"@id":"https:\/\/ollerpintures.com\/es\/producto\/esmalte-blatemlux-brillante-blatem-blanco-nieve\/#primaryimage"},"thumbnailUrl":"https:\/\/ollerpintures.com\/wp-content\/uploads\/2021\/01\/esmalte-blatemlux-blanco-nieve-blatem-hierro-madera-comprar-online-oller-e1611314747152.png","datePublished":"2021-01-22T11:18:04+00:00","description":"Esmalte sint\u00e9tico brillante, de extraordinaria calidad para interiores y exteriores, formulada con la tecnolog\u00eda m\u00e1s avanzada, para ofrecer las mejores prestaciones. Adem\u00e1s, es pintura ign\u00edfuga. Aplicable sobre madera y hierro: muebles, ventanas, puertas, estanter\u00edas, vallas, paredes de cocina y cuartos de ba\u00f1o, etc.\u00a0","breadcrumb":{"@id":"https:\/\/ollerpintures.com\/es\/producto\/esmalte-blatemlux-brillante-blatem-blanco-nieve\/#breadcrumb"},"inLanguage":"es","potentialAction":[{"@type":"ReadAction","target":["https:\/\/ollerpintures.com\/es\/producto\/esmalte-blatemlux-brillante-blatem-blanco-nieve\/"]}]},{"@type":"ImageObject","inLanguage":"es","@id":"https:\/\/ollerpintures.com\/es\/producto\/esmalte-blatemlux-brillante-blatem-blanco-nieve\/#primaryimage","url":"https:\/\/ollerpintures.com\/wp-content\/uploads\/2021\/01\/esmalte-blatemlux-blanco-nieve-blatem-hierro-madera-comprar-online-oller-e1611314747152.png","contentUrl":"https:\/\/ollerpintures.com\/wp-content\/uploads\/2021\/01\/esmalte-blatemlux-blanco-nieve-blatem-hierro-madera-comprar-online-oller-e1611314747152.png","width":680,"height":625,"caption":"Esmalte Blatemlux Brillante BLATEM Blanco Nieve"},{"@type":"BreadcrumbList","@id":"https:\/\/ollerpintures.com\/es\/producto\/esmalte-blatemlux-brillante-blatem-blanco-nieve\/#breadcrumb","itemListElement":[{"@type":"ListItem","position":1,"name":"Inici","item":"https:\/\/ollerpintures.com\/es\/"},{"@type":"ListItem","position":2,"name":"Tienda","item":"https:\/\/ollerpintures.com\/es\/tienda\/"},{"@type":"ListItem","position":3,"name":"Esmalte Blatemlux Brillante BLATEM Blanco Nieve"}]},{"@type":"WebSite","@id":"https:\/\/ollerpintures.com\/es\/#website","url":"https:\/\/ollerpintures.com\/es\/","name":"Oller Pinturas y Revestimientos","description":"M\u00e1s de 50 a\u00f1os acompa\u00f1ando a profesionales y particulares con soluciones de pintura duraderas y sostenibles, seis tiendas de proximidad con servicio tintom\u00e9trico propio y un compromiso real con el oficio y las nuevas generaciones.","publisher":{"@id":"https:\/\/ollerpintures.com\/es\/#organization"},"alternateName":"Oller Grup","potentialAction":[{"@type":"SearchAction","target":{"@type":"EntryPoint","urlTemplate":"https:\/\/ollerpintures.com\/es\/?s={search_term_string}"},"query-input":{"@type":"PropertyValueSpecification","valueRequired":true,"valueName":"search_term_string"}}],"inLanguage":"es"},{"@type":"Organization","@id":"https:\/\/ollerpintures.com\/es\/#organization","name":"Oller Pintures i Revestiments","alternateName":"Oller Grup","url":"https:\/\/ollerpintures.com\/es\/","logo":{"@type":"ImageObject","inLanguage":"es","@id":"https:\/\/ollerpintures.com\/es\/#\/schema\/logo\/image\/","url":"https:\/\/ollerpintures.com\/wp-content\/uploads\/2024\/05\/newLogo.png","contentUrl":"https:\/\/ollerpintures.com\/wp-content\/uploads\/2024\/05\/newLogo.png","width":483,"height":244,"caption":"Oller Pintures i Revestiments"},"image":{"@id":"https:\/\/ollerpintures.com\/es\/#\/schema\/logo\/image\/"},"sameAs":["https:\/\/www.facebook.com\/people\/Oller-Pintures\/100063652056709\/","https:\/\/www.instagram.com\/ollerpintures\/","https:\/\/descriptor.es\/organization\/oller-grup\/"]}]}},"brands":[{"id":786,"name":"Blatem","slug":"blatem-es"},{"id":60,"name":"Blatem","slug":"blatem"}],"_links":{"self":[{"href":"https:\/\/ollerpintures.com\/es\/wp-json\/wp\/v2\/product\/7354","targetHints":{"allow":["GET"]}}],"collection":[{"href":"https:\/\/ollerpintures.com\/es\/wp-json\/wp\/v2\/product"}],"about":[{"href":"https:\/\/ollerpintures.com\/es\/wp-json\/wp\/v2\/types\/product"}],"wp:featuredmedia":[{"embeddable":true,"href":"https:\/\/ollerpintures.com\/es\/wp-json\/wp\/v2\/media\/7353"}],"wp:attachment":[{"href":"https:\/\/ollerpintures.com\/es\/wp-json\/wp\/v2\/media?parent=7354"}],"wp:term":[{"taxonomy":"pwb-brand","embeddable":true,"href":"https:\/\/ollerpintures.com\/es\/wp-json\/wp\/v2\/pwb-brand?post=7354"},{"taxonomy":"product_brand","embeddable":true,"href":"https:\/\/ollerpintures.com\/es\/wp-json\/wp\/v2\/product_brand?post=7354"},{"taxonomy":"product_cat","embeddable":true,"href":"https:\/\/ollerpintures.com\/es\/wp-json\/wp\/v2\/product_cat?post=7354"},{"taxonomy":"product_tag","embeddable":true,"href":"https:\/\/ollerpintures.com\/es\/wp-json\/wp\/v2\/product_tag?post=7354"}],"curies":[{"name":"wp","href":"https:\/\/api.w.org\/{rel}","templated":true}]}}