{"id":7325,"date":"2021-01-22T11:09:50","date_gmt":"2021-01-22T10:09:50","guid":{"rendered":"https:\/\/oller-pintures.c.wetopi.com\/producte\/cera-oscura-chalk-paint-blatem-150ml\/"},"modified":"2025-06-17T14:52:02","modified_gmt":"2025-06-17T13:52:02","slug":"cera-oscura-chalk-paint-blatem-150ml","status":"publish","type":"product","link":"https:\/\/ollerpintures.com\/es\/producto\/cera-oscura-chalk-paint-blatem-150ml\/","title":{"rendered":"Cera oscura Chalk Paint BLATEM 150ml"},"content":{"rendered":"<h6><strong>\u00a1Utiliza la Cera Oscura Chalk Paint BLATEM si quieres conseguir un acabado con especto envejecido!\u00a0<\/strong><\/h6>\n<p><strong>Cera al agua<\/strong> en forma l\u00edquida cremosa, perfecta para conseguir un acabado artesanal con un trato agradable que protege la pintura. <strong>El complemento perfecto para la pintura Chalk Paint<\/strong>: \u00a1apl\u00edcala encima y tendr\u00e1s un resultado a\u00fan mejor!<\/p>\n<p>Recuerda preparar la superficie antes de su aplicaci\u00f3n: tiene que estar seca y limpia para una mejor experiencia.<\/p>\n<h4><strong>C\u00f3mo aplicarla:<\/strong><\/h4>\n<p>La aplicaci\u00f3n de la cera Chalk Paint de BLATEM es muy sencilla: utiliza una brocha, esponja o trapo de algod\u00f3n\/lana. Una vez aplicada, lustra con un trapo hasta obtener el brillante deseado.<\/p>\n<p>&nbsp;<\/p>\n<p>&nbsp;<\/p>\n<p><strong><em>Consulta toda la informaci\u00f3n en la ficha t\u00e9cnica adjunta!\u00a0<\/em><\/strong><\/p>\n","protected":false},"excerpt":{"rendered":"<p>Cera al agua en forma l\u00edquida cremosa, perfecta para conseguir un acabado artesanal con un tacto agradable que protege la pintura. \u00a1El ideal para conseguir el efecto envejecido en tus muebles!<\/p>\n<p>&nbsp;<\/p>\n","protected":false},"featured_media":8727,"template":"","meta":{"_acf_changed":false},"pwb-brand":[786],"product_brand":[],"product_cat":[2354,201,202,850,708,854],"product_tag":[525,523,214,213,227],"class_list":{"0":"post-7325","1":"product","2":"type-product","3":"status-publish","4":"has-post-thumbnail","6":"pwb-brand-blatem-es","7":"product_cat-pintura-a-la-tiza-chalk-paint","8":"product_cat-pintura-es","9":"product_cat-pintura-exterior","10":"product_cat-pintura-decorativa-es","11":"product_cat-chalk-paint-es-2","12":"product_cat-pinturas-especiales","13":"product_tag-cera-es","14":"product_tag-chalk-paint-es","15":"product_tag-exterior-es","16":"product_tag-interior-es","17":"product_tag-multisuperficie-es","18":"no-featured-image-padding","19":"resize-featured-image","20":"sales-flash-overlay","21":"woocommerce-text-align-left","22":"woocommerce-image-align-center","23":"do-quantity-buttons","25":"first","26":"instock","27":"shipping-taxable","28":"purchasable","29":"product-type-simple"},"acf":[],"yoast_head":"<!-- This site is optimized with the Yoast SEO plugin v27.1.1 - https:\/\/yoast.com\/product\/yoast-seo-wordpress\/ -->\n<title>Cera oscura Chalk Paint BLATEM 150ml - Oller Pinturas y revestimientos<\/title>\n<meta name=\"description\" content=\"Cera al agua en forma l\u00edquida cremosa, perfecta para conseguir un acabado artesanal con un tacto agradable que protege la pintura. \u00a1El ideal para conseguir el efecto envejecido en tus muebles!  &nbsp;\" \/>\n<meta name=\"robots\" content=\"index, follow, max-snippet:-1, max-image-preview:large, max-video-preview:-1\" \/>\n<link rel=\"canonical\" href=\"https:\/\/ollerpintures.com\/es\/producto\/cera-oscura-chalk-paint-blatem-150ml\/\" \/>\n<meta property=\"og:locale\" content=\"es_ES\" \/>\n<meta property=\"og:type\" content=\"article\" \/>\n<meta property=\"og:title\" content=\"Cera oscura Chalk Paint BLATEM 150ml - Oller Pinturas y revestimientos\" \/>\n<meta property=\"og:description\" content=\"Cera al agua en forma l\u00edquida cremosa, perfecta para conseguir un acabado artesanal con un tacto agradable que protege la pintura. \u00a1El ideal para conseguir el efecto envejecido en tus muebles!  &nbsp;\" \/>\n<meta property=\"og:url\" content=\"https:\/\/ollerpintures.com\/es\/producto\/cera-oscura-chalk-paint-blatem-150ml\/\" \/>\n<meta property=\"og:site_name\" content=\"Oller Pinturas y revestimientos\" \/>\n<meta property=\"article:publisher\" content=\"https:\/\/www.facebook.com\/people\/Oller-Pintures\/100063652056709\/\" \/>\n<meta property=\"article:modified_time\" content=\"2025-06-17T13:52:02+00:00\" \/>\n<meta property=\"og:image\" content=\"https:\/\/ollerpintures.com\/wp-content\/uploads\/2021\/01\/blatem-chalk-paint-comprar-online-oller-pintura-cera-oscura.png\" \/>\n\t<meta property=\"og:image:width\" content=\"1080\" \/>\n\t<meta property=\"og:image:height\" content=\"1080\" \/>\n\t<meta property=\"og:image:type\" content=\"image\/png\" \/>\n<meta name=\"twitter:card\" content=\"summary_large_image\" \/>\n<meta name=\"twitter:label1\" content=\"Tiempo de lectura\" \/>\n\t<meta name=\"twitter:data1\" content=\"1 minuto\" \/>\n<script type=\"application\/ld+json\" class=\"yoast-schema-graph\">{\"@context\":\"https:\/\/schema.org\",\"@graph\":[{\"@type\":\"WebPage\",\"@id\":\"https:\/\/ollerpintures.com\/es\/producto\/cera-oscura-chalk-paint-blatem-150ml\/\",\"url\":\"https:\/\/ollerpintures.com\/es\/producto\/cera-oscura-chalk-paint-blatem-150ml\/\",\"name\":\"Cera oscura Chalk Paint BLATEM 150ml - Oller Pinturas y revestimientos\",\"isPartOf\":{\"@id\":\"https:\/\/ollerpintures.com\/es\/#website\"},\"primaryImageOfPage\":{\"@id\":\"https:\/\/ollerpintures.com\/es\/producto\/cera-oscura-chalk-paint-blatem-150ml\/#primaryimage\"},\"image\":{\"@id\":\"https:\/\/ollerpintures.com\/es\/producto\/cera-oscura-chalk-paint-blatem-150ml\/#primaryimage\"},\"thumbnailUrl\":\"https:\/\/ollerpintures.com\/wp-content\/uploads\/2021\/01\/blatem-chalk-paint-comprar-online-oller-pintura-cera-oscura.png\",\"datePublished\":\"2021-01-22T10:09:50+00:00\",\"dateModified\":\"2025-06-17T13:52:02+00:00\",\"description\":\"Cera al agua en forma l\u00edquida cremosa, perfecta para conseguir un acabado artesanal con un tacto agradable que protege la pintura. \u00a1El ideal para conseguir el efecto envejecido en tus muebles! &nbsp;\",\"breadcrumb\":{\"@id\":\"https:\/\/ollerpintures.com\/es\/producto\/cera-oscura-chalk-paint-blatem-150ml\/#breadcrumb\"},\"inLanguage\":\"es\",\"potentialAction\":[{\"@type\":\"ReadAction\",\"target\":[\"https:\/\/ollerpintures.com\/es\/producto\/cera-oscura-chalk-paint-blatem-150ml\/\"]}]},{\"@type\":\"ImageObject\",\"inLanguage\":\"es\",\"@id\":\"https:\/\/ollerpintures.com\/es\/producto\/cera-oscura-chalk-paint-blatem-150ml\/#primaryimage\",\"url\":\"https:\/\/ollerpintures.com\/wp-content\/uploads\/2021\/01\/blatem-chalk-paint-comprar-online-oller-pintura-cera-oscura.png\",\"contentUrl\":\"https:\/\/ollerpintures.com\/wp-content\/uploads\/2021\/01\/blatem-chalk-paint-comprar-online-oller-pintura-cera-oscura.png\",\"width\":1080,\"height\":1080,\"caption\":\"Blatem Chalk Paint Cera Oscura\"},{\"@type\":\"BreadcrumbList\",\"@id\":\"https:\/\/ollerpintures.com\/es\/producto\/cera-oscura-chalk-paint-blatem-150ml\/#breadcrumb\",\"itemListElement\":[{\"@type\":\"ListItem\",\"position\":1,\"name\":\"Inici\",\"item\":\"https:\/\/ollerpintures.com\/es\/\"},{\"@type\":\"ListItem\",\"position\":2,\"name\":\"Tienda\",\"item\":\"https:\/\/ollerpintures.com\/es\/tienda\/\"},{\"@type\":\"ListItem\",\"position\":3,\"name\":\"Cera oscura Chalk Paint BLATEM 150ml\"}]},{\"@type\":\"WebSite\",\"@id\":\"https:\/\/ollerpintures.com\/es\/#website\",\"url\":\"https:\/\/ollerpintures.com\/es\/\",\"name\":\"Oller Pinturas y Revestimientos\",\"description\":\"M\u00e1s de 50 a\u00f1os acompa\u00f1ando a profesionales y particulares con soluciones de pintura duraderas y sostenibles, seis tiendas de proximidad con servicio tintom\u00e9trico propio y un compromiso real con el oficio y las nuevas generaciones.\",\"publisher\":{\"@id\":\"https:\/\/ollerpintures.com\/es\/#organization\"},\"alternateName\":\"Oller Grup\",\"potentialAction\":[{\"@type\":\"SearchAction\",\"target\":{\"@type\":\"EntryPoint\",\"urlTemplate\":\"https:\/\/ollerpintures.com\/es\/?s={search_term_string}\"},\"query-input\":{\"@type\":\"PropertyValueSpecification\",\"valueRequired\":true,\"valueName\":\"search_term_string\"}}],\"inLanguage\":\"es\"},{\"@type\":\"Organization\",\"@id\":\"https:\/\/ollerpintures.com\/es\/#organization\",\"name\":\"Oller Pintures i Revestiments\",\"alternateName\":\"Oller Grup\",\"url\":\"https:\/\/ollerpintures.com\/es\/\",\"logo\":{\"@type\":\"ImageObject\",\"inLanguage\":\"es\",\"@id\":\"https:\/\/ollerpintures.com\/es\/#\/schema\/logo\/image\/\",\"url\":\"https:\/\/ollerpintures.com\/wp-content\/uploads\/2024\/05\/newLogo.png\",\"contentUrl\":\"https:\/\/ollerpintures.com\/wp-content\/uploads\/2024\/05\/newLogo.png\",\"width\":483,\"height\":244,\"caption\":\"Oller Pintures i Revestiments\"},\"image\":{\"@id\":\"https:\/\/ollerpintures.com\/es\/#\/schema\/logo\/image\/\"},\"sameAs\":[\"https:\/\/www.facebook.com\/people\/Oller-Pintures\/100063652056709\/\",\"https:\/\/www.instagram.com\/ollerpintures\/\",\"https:\/\/descriptor.es\/organization\/oller-grup\/\"]}]}<\/script>\n<!-- \/ Yoast SEO plugin. -->","yoast_head_json":{"title":"Cera oscura Chalk Paint BLATEM 150ml - Oller Pinturas y revestimientos","description":"Cera al agua en forma l\u00edquida cremosa, perfecta para conseguir un acabado artesanal con un tacto agradable que protege la pintura. \u00a1El ideal para conseguir el efecto envejecido en tus muebles!  &nbsp;","robots":{"index":"index","follow":"follow","max-snippet":"max-snippet:-1","max-image-preview":"max-image-preview:large","max-video-preview":"max-video-preview:-1"},"canonical":"https:\/\/ollerpintures.com\/es\/producto\/cera-oscura-chalk-paint-blatem-150ml\/","og_locale":"es_ES","og_type":"article","og_title":"Cera oscura Chalk Paint BLATEM 150ml - Oller Pinturas y revestimientos","og_description":"Cera al agua en forma l\u00edquida cremosa, perfecta para conseguir un acabado artesanal con un tacto agradable que protege la pintura. \u00a1El ideal para conseguir el efecto envejecido en tus muebles!  &nbsp;","og_url":"https:\/\/ollerpintures.com\/es\/producto\/cera-oscura-chalk-paint-blatem-150ml\/","og_site_name":"Oller Pinturas y revestimientos","article_publisher":"https:\/\/www.facebook.com\/people\/Oller-Pintures\/100063652056709\/","article_modified_time":"2025-06-17T13:52:02+00:00","og_image":[{"width":1080,"height":1080,"url":"https:\/\/ollerpintures.com\/wp-content\/uploads\/2021\/01\/blatem-chalk-paint-comprar-online-oller-pintura-cera-oscura.png","type":"image\/png"}],"twitter_card":"summary_large_image","twitter_misc":{"Tiempo de lectura":"1 minuto"},"schema":{"@context":"https:\/\/schema.org","@graph":[{"@type":"WebPage","@id":"https:\/\/ollerpintures.com\/es\/producto\/cera-oscura-chalk-paint-blatem-150ml\/","url":"https:\/\/ollerpintures.com\/es\/producto\/cera-oscura-chalk-paint-blatem-150ml\/","name":"Cera oscura Chalk Paint BLATEM 150ml - Oller Pinturas y revestimientos","isPartOf":{"@id":"https:\/\/ollerpintures.com\/es\/#website"},"primaryImageOfPage":{"@id":"https:\/\/ollerpintures.com\/es\/producto\/cera-oscura-chalk-paint-blatem-150ml\/#primaryimage"},"image":{"@id":"https:\/\/ollerpintures.com\/es\/producto\/cera-oscura-chalk-paint-blatem-150ml\/#primaryimage"},"thumbnailUrl":"https:\/\/ollerpintures.com\/wp-content\/uploads\/2021\/01\/blatem-chalk-paint-comprar-online-oller-pintura-cera-oscura.png","datePublished":"2021-01-22T10:09:50+00:00","dateModified":"2025-06-17T13:52:02+00:00","description":"Cera al agua en forma l\u00edquida cremosa, perfecta para conseguir un acabado artesanal con un tacto agradable que protege la pintura. \u00a1El ideal para conseguir el efecto envejecido en tus muebles! &nbsp;","breadcrumb":{"@id":"https:\/\/ollerpintures.com\/es\/producto\/cera-oscura-chalk-paint-blatem-150ml\/#breadcrumb"},"inLanguage":"es","potentialAction":[{"@type":"ReadAction","target":["https:\/\/ollerpintures.com\/es\/producto\/cera-oscura-chalk-paint-blatem-150ml\/"]}]},{"@type":"ImageObject","inLanguage":"es","@id":"https:\/\/ollerpintures.com\/es\/producto\/cera-oscura-chalk-paint-blatem-150ml\/#primaryimage","url":"https:\/\/ollerpintures.com\/wp-content\/uploads\/2021\/01\/blatem-chalk-paint-comprar-online-oller-pintura-cera-oscura.png","contentUrl":"https:\/\/ollerpintures.com\/wp-content\/uploads\/2021\/01\/blatem-chalk-paint-comprar-online-oller-pintura-cera-oscura.png","width":1080,"height":1080,"caption":"Blatem Chalk Paint Cera Oscura"},{"@type":"BreadcrumbList","@id":"https:\/\/ollerpintures.com\/es\/producto\/cera-oscura-chalk-paint-blatem-150ml\/#breadcrumb","itemListElement":[{"@type":"ListItem","position":1,"name":"Inici","item":"https:\/\/ollerpintures.com\/es\/"},{"@type":"ListItem","position":2,"name":"Tienda","item":"https:\/\/ollerpintures.com\/es\/tienda\/"},{"@type":"ListItem","position":3,"name":"Cera oscura Chalk Paint BLATEM 150ml"}]},{"@type":"WebSite","@id":"https:\/\/ollerpintures.com\/es\/#website","url":"https:\/\/ollerpintures.com\/es\/","name":"Oller Pinturas y Revestimientos","description":"M\u00e1s de 50 a\u00f1os acompa\u00f1ando a profesionales y particulares con soluciones de pintura duraderas y sostenibles, seis tiendas de proximidad con servicio tintom\u00e9trico propio y un compromiso real con el oficio y las nuevas generaciones.","publisher":{"@id":"https:\/\/ollerpintures.com\/es\/#organization"},"alternateName":"Oller Grup","potentialAction":[{"@type":"SearchAction","target":{"@type":"EntryPoint","urlTemplate":"https:\/\/ollerpintures.com\/es\/?s={search_term_string}"},"query-input":{"@type":"PropertyValueSpecification","valueRequired":true,"valueName":"search_term_string"}}],"inLanguage":"es"},{"@type":"Organization","@id":"https:\/\/ollerpintures.com\/es\/#organization","name":"Oller Pintures i Revestiments","alternateName":"Oller Grup","url":"https:\/\/ollerpintures.com\/es\/","logo":{"@type":"ImageObject","inLanguage":"es","@id":"https:\/\/ollerpintures.com\/es\/#\/schema\/logo\/image\/","url":"https:\/\/ollerpintures.com\/wp-content\/uploads\/2024\/05\/newLogo.png","contentUrl":"https:\/\/ollerpintures.com\/wp-content\/uploads\/2024\/05\/newLogo.png","width":483,"height":244,"caption":"Oller Pintures i Revestiments"},"image":{"@id":"https:\/\/ollerpintures.com\/es\/#\/schema\/logo\/image\/"},"sameAs":["https:\/\/www.facebook.com\/people\/Oller-Pintures\/100063652056709\/","https:\/\/www.instagram.com\/ollerpintures\/","https:\/\/descriptor.es\/organization\/oller-grup\/"]}]}},"brands":[{"id":786,"name":"Blatem","slug":"blatem-es"}],"_links":{"self":[{"href":"https:\/\/ollerpintures.com\/es\/wp-json\/wp\/v2\/product\/7325","targetHints":{"allow":["GET"]}}],"collection":[{"href":"https:\/\/ollerpintures.com\/es\/wp-json\/wp\/v2\/product"}],"about":[{"href":"https:\/\/ollerpintures.com\/es\/wp-json\/wp\/v2\/types\/product"}],"wp:featuredmedia":[{"embeddable":true,"href":"https:\/\/ollerpintures.com\/es\/wp-json\/wp\/v2\/media\/8727"}],"wp:attachment":[{"href":"https:\/\/ollerpintures.com\/es\/wp-json\/wp\/v2\/media?parent=7325"}],"wp:term":[{"taxonomy":"pwb-brand","embeddable":true,"href":"https:\/\/ollerpintures.com\/es\/wp-json\/wp\/v2\/pwb-brand?post=7325"},{"taxonomy":"product_brand","embeddable":true,"href":"https:\/\/ollerpintures.com\/es\/wp-json\/wp\/v2\/product_brand?post=7325"},{"taxonomy":"product_cat","embeddable":true,"href":"https:\/\/ollerpintures.com\/es\/wp-json\/wp\/v2\/product_cat?post=7325"},{"taxonomy":"product_tag","embeddable":true,"href":"https:\/\/ollerpintures.com\/es\/wp-json\/wp\/v2\/product_tag?post=7325"}],"curies":[{"name":"wp","href":"https:\/\/api.w.org\/{rel}","templated":true}]}}