{"id":7202,"date":"2021-01-19T11:31:55","date_gmt":"2021-01-19T10:31:55","guid":{"rendered":"https:\/\/oller-pintures.c.wetopi.com\/producte\/esmalte-antioxidante-procofer-expert-forja-procolor\/"},"modified":"2022-11-29T20:39:36","modified_gmt":"2022-11-29T19:39:36","slug":"esmalte-antioxidante-procofer-expert-forja-procolor","status":"publish","type":"product","link":"https:\/\/ollerpintures.com\/es\/producto\/esmalte-antioxidante-procofer-expert-forja-procolor\/","title":{"rendered":"Esmalte antioxidante Procofer Expert Forja PROCOLOR"},"content":{"rendered":"<p>Esmalte para hierro con <strong>excelente poder antioxidante<\/strong> (Nano plus Protect 10). Podr\u00e1s aplicarlo directamente al metal\/\u00f3xido <strong>sin necesidad de utilizar<\/strong> <strong>imprimaci\u00f3n previa<\/strong>. Adecuado para la decoraci\u00f3n y protecci\u00f3n de hierro y acero. Ideal para crear un<strong> aspecto forjado con textura muy fina<\/strong>, tambi\u00e9n conocida con el t\u00e9rmino <strong><em>pavonado<\/em><\/strong>. <strong>Probablemente la m\u00e1s fina del mercado.\u00a0<\/strong><\/p>\n<p>&nbsp;<\/p>\n<h4>Caracter\u00edsticas<\/h4>\n<ul>\n<li>Alta protecci\u00f3n antioxidante<\/li>\n<li>Nanotecnolog\u00eda<\/li>\n<li>Secado en 3 horas<\/li>\n<li>Repintado en 18h-24h<\/li>\n<li>Aplicaci\u00f3n directa al metal\/\u00f3xido<\/li>\n<\/ul>\n","protected":false},"excerpt":{"rendered":"<p>Esmalte para hierro con excelente poder antioxidante (Nano plus Protect 10). Podr\u00e1s aplicarlo directamente al metal\/\u00f3xido sin necesidad de utilizar imprimaci\u00f3n previa. Adecuado para la &#8230; <\/p>\n<p class=\"read-more-container\"><a title=\"Esmalte antioxidante Procofer Expert Forja PROCOLOR\" class=\"read-more button\" href=\"https:\/\/ollerpintures.com\/es\/producto\/esmalte-antioxidante-procofer-expert-forja-procolor\/#more-7202\" aria-label=\"Leer m\u00e1s sobre Esmalte antioxidante Procofer Expert Forja PROCOLOR\">Leer m\u00e1s<\/a><\/p>\n","protected":false},"featured_media":8164,"template":"","meta":{"_acf_changed":false},"pwb-brand":[61,787],"product_brand":[],"product_cat":[201,24,546,553,202,70,42,206,205,85,848,846],"product_tag":[449,495,83,225,63,214,450,493,213,62,590,585],"class_list":{"0":"post-7202","1":"product","2":"type-product","3":"status-publish","4":"has-post-thumbnail","6":"pwb-brand-procolor","7":"pwb-brand-procolor-es","8":"product_cat-pintura-es","9":"product_cat-pintura","10":"product_cat-abans-de-pintar","11":"product_cat-antes-de-pintar","12":"product_cat-pintura-exterior","13":"product_cat-pinturaexterior","14":"product_cat-interiorpintura","15":"product_cat-interior","16":"product_cat-pintura-para-hierro","17":"product_cat-ferro-esmalt-pintures","18":"product_cat-esmaltes-para-hierro","19":"product_cat-pintura-per-ferro-2","20":"product_tag-antioxidant","21":"product_tag-antioxidante","22":"product_tag-esmalt","23":"product_tag-esmalte","24":"product_tag-exterior","25":"product_tag-exterior-es","26":"product_tag-forja","27":"product_tag-forja-es","28":"product_tag-interior-es","29":"product_tag-interior","30":"product_tag-professional-quality-es","31":"product_tag-professional-quality","32":"no-featured-image-padding","33":"resize-featured-image","34":"sales-flash-overlay","35":"woocommerce-text-align-left","36":"woocommerce-image-align-center","37":"do-quantity-buttons","39":"first","40":"instock","41":"shipping-taxable","42":"purchasable","43":"product-type-variable"},"acf":[],"yoast_head":"<!-- This site is optimized with the Yoast SEO plugin v27.1.1 - https:\/\/yoast.com\/product\/yoast-seo-wordpress\/ -->\n<title>Esmalte antioxidante Procofer Expert Forja PROCOLOR - Oller Pinturas y revestimientos<\/title>\n<meta name=\"description\" content=\"Esmalte para hierro con excelente poder antioxidante (Nano plus Protect 10). Podr\u00e1s aplicarlo directamente al metal\/\u00f3xido sin necesidad de utilizar\" \/>\n<meta name=\"robots\" content=\"index, follow, max-snippet:-1, max-image-preview:large, max-video-preview:-1\" \/>\n<link rel=\"canonical\" href=\"https:\/\/ollerpintures.com\/es\/producto\/esmalte-antioxidante-procofer-expert-forja-procolor\/\" \/>\n<meta property=\"og:locale\" content=\"es_ES\" \/>\n<meta property=\"og:type\" content=\"article\" \/>\n<meta property=\"og:title\" content=\"Esmalte antioxidante Procofer Expert Forja PROCOLOR - Oller Pinturas y revestimientos\" \/>\n<meta property=\"og:description\" content=\"Esmalte para hierro con excelente poder antioxidante (Nano plus Protect 10). Podr\u00e1s aplicarlo directamente al metal\/\u00f3xido sin necesidad de utilizar\" \/>\n<meta property=\"og:url\" content=\"https:\/\/ollerpintures.com\/es\/producto\/esmalte-antioxidante-procofer-expert-forja-procolor\/\" \/>\n<meta property=\"og:site_name\" content=\"Oller Pinturas y revestimientos\" \/>\n<meta property=\"article:publisher\" content=\"https:\/\/www.facebook.com\/people\/Oller-Pintures\/100063652056709\/\" \/>\n<meta property=\"article:modified_time\" content=\"2022-11-29T19:39:36+00:00\" \/>\n<meta property=\"og:image\" content=\"https:\/\/ollerpintures.com\/wp-content\/uploads\/2021\/01\/esmalte-antioxidante-forja-procofer-expert-procolor-comprar-online-oller-profesional-quality.png\" \/>\n\t<meta property=\"og:image:width\" content=\"1080\" \/>\n\t<meta property=\"og:image:height\" content=\"1080\" \/>\n\t<meta property=\"og:image:type\" content=\"image\/png\" \/>\n<meta name=\"twitter:card\" content=\"summary_large_image\" \/>\n<script type=\"application\/ld+json\" class=\"yoast-schema-graph\">{\"@context\":\"https:\/\/schema.org\",\"@graph\":[{\"@type\":\"WebPage\",\"@id\":\"https:\/\/ollerpintures.com\/es\/producto\/esmalte-antioxidante-procofer-expert-forja-procolor\/\",\"url\":\"https:\/\/ollerpintures.com\/es\/producto\/esmalte-antioxidante-procofer-expert-forja-procolor\/\",\"name\":\"Esmalte antioxidante Procofer Expert Forja PROCOLOR - Oller Pinturas y revestimientos\",\"isPartOf\":{\"@id\":\"https:\/\/ollerpintures.com\/es\/#website\"},\"primaryImageOfPage\":{\"@id\":\"https:\/\/ollerpintures.com\/es\/producto\/esmalte-antioxidante-procofer-expert-forja-procolor\/#primaryimage\"},\"image\":{\"@id\":\"https:\/\/ollerpintures.com\/es\/producto\/esmalte-antioxidante-procofer-expert-forja-procolor\/#primaryimage\"},\"thumbnailUrl\":\"https:\/\/ollerpintures.com\/wp-content\/uploads\/2021\/01\/esmalte-antioxidante-forja-procofer-expert-procolor-comprar-online-oller-profesional-quality.png\",\"datePublished\":\"2021-01-19T10:31:55+00:00\",\"dateModified\":\"2022-11-29T19:39:36+00:00\",\"description\":\"Esmalte para hierro con excelente poder antioxidante (Nano plus Protect 10). Podr\u00e1s aplicarlo directamente al metal\/\u00f3xido sin necesidad de utilizar\",\"breadcrumb\":{\"@id\":\"https:\/\/ollerpintures.com\/es\/producto\/esmalte-antioxidante-procofer-expert-forja-procolor\/#breadcrumb\"},\"inLanguage\":\"es\",\"potentialAction\":[{\"@type\":\"ReadAction\",\"target\":[\"https:\/\/ollerpintures.com\/es\/producto\/esmalte-antioxidante-procofer-expert-forja-procolor\/\"]}]},{\"@type\":\"ImageObject\",\"inLanguage\":\"es\",\"@id\":\"https:\/\/ollerpintures.com\/es\/producto\/esmalte-antioxidante-procofer-expert-forja-procolor\/#primaryimage\",\"url\":\"https:\/\/ollerpintures.com\/wp-content\/uploads\/2021\/01\/esmalte-antioxidante-forja-procofer-expert-procolor-comprar-online-oller-profesional-quality.png\",\"contentUrl\":\"https:\/\/ollerpintures.com\/wp-content\/uploads\/2021\/01\/esmalte-antioxidante-forja-procofer-expert-procolor-comprar-online-oller-profesional-quality.png\",\"width\":1080,\"height\":1080,\"caption\":\"Esmalte Antioxidante PROCOFER Expert Forja\"},{\"@type\":\"BreadcrumbList\",\"@id\":\"https:\/\/ollerpintures.com\/es\/producto\/esmalte-antioxidante-procofer-expert-forja-procolor\/#breadcrumb\",\"itemListElement\":[{\"@type\":\"ListItem\",\"position\":1,\"name\":\"Inici\",\"item\":\"https:\/\/ollerpintures.com\/es\/\"},{\"@type\":\"ListItem\",\"position\":2,\"name\":\"Tienda\",\"item\":\"https:\/\/ollerpintures.com\/es\/tienda\/\"},{\"@type\":\"ListItem\",\"position\":3,\"name\":\"Esmalte antioxidante Procofer Expert Forja PROCOLOR\"}]},{\"@type\":\"WebSite\",\"@id\":\"https:\/\/ollerpintures.com\/es\/#website\",\"url\":\"https:\/\/ollerpintures.com\/es\/\",\"name\":\"Oller Pinturas y Revestimientos\",\"description\":\"M\u00e1s de 50 a\u00f1os acompa\u00f1ando a profesionales y particulares con soluciones de pintura duraderas y sostenibles, seis tiendas de proximidad con servicio tintom\u00e9trico propio y un compromiso real con el oficio y las nuevas generaciones.\",\"publisher\":{\"@id\":\"https:\/\/ollerpintures.com\/es\/#organization\"},\"alternateName\":\"Oller Grup\",\"potentialAction\":[{\"@type\":\"SearchAction\",\"target\":{\"@type\":\"EntryPoint\",\"urlTemplate\":\"https:\/\/ollerpintures.com\/es\/?s={search_term_string}\"},\"query-input\":{\"@type\":\"PropertyValueSpecification\",\"valueRequired\":true,\"valueName\":\"search_term_string\"}}],\"inLanguage\":\"es\"},{\"@type\":\"Organization\",\"@id\":\"https:\/\/ollerpintures.com\/es\/#organization\",\"name\":\"Oller Pintures i Revestiments\",\"alternateName\":\"Oller Grup\",\"url\":\"https:\/\/ollerpintures.com\/es\/\",\"logo\":{\"@type\":\"ImageObject\",\"inLanguage\":\"es\",\"@id\":\"https:\/\/ollerpintures.com\/es\/#\/schema\/logo\/image\/\",\"url\":\"https:\/\/ollerpintures.com\/wp-content\/uploads\/2024\/05\/newLogo.png\",\"contentUrl\":\"https:\/\/ollerpintures.com\/wp-content\/uploads\/2024\/05\/newLogo.png\",\"width\":483,\"height\":244,\"caption\":\"Oller Pintures i Revestiments\"},\"image\":{\"@id\":\"https:\/\/ollerpintures.com\/es\/#\/schema\/logo\/image\/\"},\"sameAs\":[\"https:\/\/www.facebook.com\/people\/Oller-Pintures\/100063652056709\/\",\"https:\/\/www.instagram.com\/ollerpintures\/\",\"https:\/\/descriptor.es\/organization\/oller-grup\/\"]}]}<\/script>\n<!-- \/ Yoast SEO plugin. -->","yoast_head_json":{"title":"Esmalte antioxidante Procofer Expert Forja PROCOLOR - Oller Pinturas y revestimientos","description":"Esmalte para hierro con excelente poder antioxidante (Nano plus Protect 10). Podr\u00e1s aplicarlo directamente al metal\/\u00f3xido sin necesidad de utilizar","robots":{"index":"index","follow":"follow","max-snippet":"max-snippet:-1","max-image-preview":"max-image-preview:large","max-video-preview":"max-video-preview:-1"},"canonical":"https:\/\/ollerpintures.com\/es\/producto\/esmalte-antioxidante-procofer-expert-forja-procolor\/","og_locale":"es_ES","og_type":"article","og_title":"Esmalte antioxidante Procofer Expert Forja PROCOLOR - Oller Pinturas y revestimientos","og_description":"Esmalte para hierro con excelente poder antioxidante (Nano plus Protect 10). Podr\u00e1s aplicarlo directamente al metal\/\u00f3xido sin necesidad de utilizar","og_url":"https:\/\/ollerpintures.com\/es\/producto\/esmalte-antioxidante-procofer-expert-forja-procolor\/","og_site_name":"Oller Pinturas y revestimientos","article_publisher":"https:\/\/www.facebook.com\/people\/Oller-Pintures\/100063652056709\/","article_modified_time":"2022-11-29T19:39:36+00:00","og_image":[{"width":1080,"height":1080,"url":"https:\/\/ollerpintures.com\/wp-content\/uploads\/2021\/01\/esmalte-antioxidante-forja-procofer-expert-procolor-comprar-online-oller-profesional-quality.png","type":"image\/png"}],"twitter_card":"summary_large_image","schema":{"@context":"https:\/\/schema.org","@graph":[{"@type":"WebPage","@id":"https:\/\/ollerpintures.com\/es\/producto\/esmalte-antioxidante-procofer-expert-forja-procolor\/","url":"https:\/\/ollerpintures.com\/es\/producto\/esmalte-antioxidante-procofer-expert-forja-procolor\/","name":"Esmalte antioxidante Procofer Expert Forja PROCOLOR - Oller Pinturas y revestimientos","isPartOf":{"@id":"https:\/\/ollerpintures.com\/es\/#website"},"primaryImageOfPage":{"@id":"https:\/\/ollerpintures.com\/es\/producto\/esmalte-antioxidante-procofer-expert-forja-procolor\/#primaryimage"},"image":{"@id":"https:\/\/ollerpintures.com\/es\/producto\/esmalte-antioxidante-procofer-expert-forja-procolor\/#primaryimage"},"thumbnailUrl":"https:\/\/ollerpintures.com\/wp-content\/uploads\/2021\/01\/esmalte-antioxidante-forja-procofer-expert-procolor-comprar-online-oller-profesional-quality.png","datePublished":"2021-01-19T10:31:55+00:00","dateModified":"2022-11-29T19:39:36+00:00","description":"Esmalte para hierro con excelente poder antioxidante (Nano plus Protect 10). Podr\u00e1s aplicarlo directamente al metal\/\u00f3xido sin necesidad de utilizar","breadcrumb":{"@id":"https:\/\/ollerpintures.com\/es\/producto\/esmalte-antioxidante-procofer-expert-forja-procolor\/#breadcrumb"},"inLanguage":"es","potentialAction":[{"@type":"ReadAction","target":["https:\/\/ollerpintures.com\/es\/producto\/esmalte-antioxidante-procofer-expert-forja-procolor\/"]}]},{"@type":"ImageObject","inLanguage":"es","@id":"https:\/\/ollerpintures.com\/es\/producto\/esmalte-antioxidante-procofer-expert-forja-procolor\/#primaryimage","url":"https:\/\/ollerpintures.com\/wp-content\/uploads\/2021\/01\/esmalte-antioxidante-forja-procofer-expert-procolor-comprar-online-oller-profesional-quality.png","contentUrl":"https:\/\/ollerpintures.com\/wp-content\/uploads\/2021\/01\/esmalte-antioxidante-forja-procofer-expert-procolor-comprar-online-oller-profesional-quality.png","width":1080,"height":1080,"caption":"Esmalte Antioxidante PROCOFER Expert Forja"},{"@type":"BreadcrumbList","@id":"https:\/\/ollerpintures.com\/es\/producto\/esmalte-antioxidante-procofer-expert-forja-procolor\/#breadcrumb","itemListElement":[{"@type":"ListItem","position":1,"name":"Inici","item":"https:\/\/ollerpintures.com\/es\/"},{"@type":"ListItem","position":2,"name":"Tienda","item":"https:\/\/ollerpintures.com\/es\/tienda\/"},{"@type":"ListItem","position":3,"name":"Esmalte antioxidante Procofer Expert Forja PROCOLOR"}]},{"@type":"WebSite","@id":"https:\/\/ollerpintures.com\/es\/#website","url":"https:\/\/ollerpintures.com\/es\/","name":"Oller Pinturas y Revestimientos","description":"M\u00e1s de 50 a\u00f1os acompa\u00f1ando a profesionales y particulares con soluciones de pintura duraderas y sostenibles, seis tiendas de proximidad con servicio tintom\u00e9trico propio y un compromiso real con el oficio y las nuevas generaciones.","publisher":{"@id":"https:\/\/ollerpintures.com\/es\/#organization"},"alternateName":"Oller Grup","potentialAction":[{"@type":"SearchAction","target":{"@type":"EntryPoint","urlTemplate":"https:\/\/ollerpintures.com\/es\/?s={search_term_string}"},"query-input":{"@type":"PropertyValueSpecification","valueRequired":true,"valueName":"search_term_string"}}],"inLanguage":"es"},{"@type":"Organization","@id":"https:\/\/ollerpintures.com\/es\/#organization","name":"Oller Pintures i Revestiments","alternateName":"Oller Grup","url":"https:\/\/ollerpintures.com\/es\/","logo":{"@type":"ImageObject","inLanguage":"es","@id":"https:\/\/ollerpintures.com\/es\/#\/schema\/logo\/image\/","url":"https:\/\/ollerpintures.com\/wp-content\/uploads\/2024\/05\/newLogo.png","contentUrl":"https:\/\/ollerpintures.com\/wp-content\/uploads\/2024\/05\/newLogo.png","width":483,"height":244,"caption":"Oller Pintures i Revestiments"},"image":{"@id":"https:\/\/ollerpintures.com\/es\/#\/schema\/logo\/image\/"},"sameAs":["https:\/\/www.facebook.com\/people\/Oller-Pintures\/100063652056709\/","https:\/\/www.instagram.com\/ollerpintures\/","https:\/\/descriptor.es\/organization\/oller-grup\/"]}]}},"brands":[{"id":61,"name":"Procolor","slug":"procolor"},{"id":787,"name":"Procolor","slug":"procolor-es"}],"_links":{"self":[{"href":"https:\/\/ollerpintures.com\/es\/wp-json\/wp\/v2\/product\/7202","targetHints":{"allow":["GET"]}}],"collection":[{"href":"https:\/\/ollerpintures.com\/es\/wp-json\/wp\/v2\/product"}],"about":[{"href":"https:\/\/ollerpintures.com\/es\/wp-json\/wp\/v2\/types\/product"}],"wp:featuredmedia":[{"embeddable":true,"href":"https:\/\/ollerpintures.com\/es\/wp-json\/wp\/v2\/media\/8164"}],"wp:attachment":[{"href":"https:\/\/ollerpintures.com\/es\/wp-json\/wp\/v2\/media?parent=7202"}],"wp:term":[{"taxonomy":"pwb-brand","embeddable":true,"href":"https:\/\/ollerpintures.com\/es\/wp-json\/wp\/v2\/pwb-brand?post=7202"},{"taxonomy":"product_brand","embeddable":true,"href":"https:\/\/ollerpintures.com\/es\/wp-json\/wp\/v2\/product_brand?post=7202"},{"taxonomy":"product_cat","embeddable":true,"href":"https:\/\/ollerpintures.com\/es\/wp-json\/wp\/v2\/product_cat?post=7202"},{"taxonomy":"product_tag","embeddable":true,"href":"https:\/\/ollerpintures.com\/es\/wp-json\/wp\/v2\/product_tag?post=7202"}],"curies":[{"name":"wp","href":"https:\/\/api.w.org\/{rel}","templated":true}]}}