{"id":7199,"date":"2021-01-19T12:15:28","date_gmt":"2021-01-19T11:15:28","guid":{"rendered":"https:\/\/oller-pintures.c.wetopi.com\/producte\/esmalte-antioxidante-procofer-expert-efecto-forja-procolor-liso-negro\/"},"modified":"2021-02-08T12:25:55","modified_gmt":"2021-02-08T11:25:55","slug":"esmalte-antioxidante-procofer-expert-efecto-forja-procolor-liso-negro","status":"publish","type":"product","link":"https:\/\/ollerpintures.com\/es\/producto\/esmalte-antioxidante-procofer-expert-efecto-forja-procolor-liso-negro\/","title":{"rendered":"Esmalte antioxidante Procofer Expert Efecto Forja PROCOLOR &#8211; liso negro"},"content":{"rendered":"<p>Este es un esmalte de <strong>Calidad Profesional.<\/strong> Con alto poder <strong>antioxidante<\/strong>, no te har\u00e1 falta aplicar una imprimaci\u00f3n previa sobre la superficie de hierro. Dar\u00e1 un aspecto de <strong>hierro forjado<\/strong> con un <strong>acabado totalmente liso y mate.\u00a0<\/strong>Es el <strong>producto ideal para pintar barandillas<\/strong>, podr\u00e1s limpiarlas sin que se peguen los trapos.<\/p>\n<p>Esmalte antioxidante liso efecto forja, directo al metal\/\u00f3xido. Adecuado para la decoraci\u00f3n y protecci\u00f3n de hierro y acero, sin necesidad de aplicar imprimaciones previas.<\/p>\n<ul>\n<li>Aspecto forja con textura lisa<\/li>\n<li>Secado r\u00e1pido<\/li>\n<li>Aplicar directo al metal\/\u00f3xido<\/li>\n<li>Adecuado para Interior y Exterior<\/li>\n<li>Antioxidante<\/li>\n<li>Excelente poder anticorrosivo<\/li>\n<li>F\u00e1cil limpieza<\/li>\n<\/ul>\n","protected":false},"excerpt":{"rendered":"<p>Este es un esmalte de Calidad Profesional. Con alto poder antioxidante, no te har\u00e1 falta aplicar una imprimaci\u00f3n previa sobre la superficie de hierro. Dar\u00e1 &#8230; <\/p>\n<p class=\"read-more-container\"><a title=\"Esmalte antioxidante Procofer Expert Efecto Forja PROCOLOR &#8211; liso negro\" class=\"read-more button\" href=\"https:\/\/ollerpintures.com\/es\/producto\/esmalte-antioxidante-procofer-expert-efecto-forja-procolor-liso-negro\/#more-7199\" aria-label=\"Leer m\u00e1s sobre Esmalte antioxidante Procofer Expert Efecto Forja PROCOLOR &#8211; liso negro\">Leer m\u00e1s<\/a><\/p>\n","protected":false},"featured_media":8162,"template":"","meta":{"_acf_changed":false},"pwb-brand":[787,61],"product_brand":[],"product_cat":[201,24,202,70,42,206,205,85,848,846],"product_tag":[449,495,452,496,83,225,214,63,84,321,213,62,82,231,590,585],"class_list":{"0":"post-7199","1":"product","2":"type-product","3":"status-publish","4":"has-post-thumbnail","6":"pwb-brand-procolor-es","7":"pwb-brand-procolor","8":"product_cat-pintura-es","9":"product_cat-pintura","10":"product_cat-pintura-exterior","11":"product_cat-pinturaexterior","12":"product_cat-interiorpintura","13":"product_cat-interior","14":"product_cat-pintura-para-hierro","15":"product_cat-ferro-esmalt-pintures","16":"product_cat-esmaltes-para-hierro","17":"product_cat-pintura-per-ferro-2","18":"product_tag-antioxidant","19":"product_tag-antioxidante","20":"product_tag-efecto-forja","21":"product_tag-efecto-forja-es","22":"product_tag-esmalt","23":"product_tag-esmalte","24":"product_tag-exterior-es","25":"product_tag-exterior","26":"product_tag-ferro","27":"product_tag-ferro-es","28":"product_tag-interior-es","29":"product_tag-interior","30":"product_tag-procolor","31":"product_tag-procolor-es","32":"product_tag-professional-quality-es","33":"product_tag-professional-quality","34":"no-featured-image-padding","35":"resize-featured-image","36":"sales-flash-overlay","37":"woocommerce-text-align-left","38":"woocommerce-image-align-center","39":"do-quantity-buttons","40":"wc-has-gallery","42":"first","43":"instock","44":"featured","45":"shipping-taxable","46":"purchasable","47":"product-type-variable"},"acf":[],"yoast_head":"<!-- This site is optimized with the Yoast SEO plugin v27.1.1 - https:\/\/yoast.com\/product\/yoast-seo-wordpress\/ -->\n<title>Esmalte antioxidante Procofer Expert Efecto Forja PROCOLOR - liso negro - Oller Pinturas y revestimientos<\/title>\n<meta name=\"description\" content=\"Este es un esmalte de Calidad Profesional. Con alto poder antioxidante, no te har\u00e1 falta aplicar una imprimaci\u00f3n previa sobre la superficie de hierro.\" \/>\n<meta name=\"robots\" content=\"index, follow, max-snippet:-1, max-image-preview:large, max-video-preview:-1\" \/>\n<link rel=\"canonical\" href=\"https:\/\/ollerpintures.com\/es\/producto\/esmalte-antioxidante-procofer-expert-efecto-forja-procolor-liso-negro\/\" \/>\n<meta property=\"og:locale\" content=\"es_ES\" \/>\n<meta property=\"og:type\" content=\"article\" \/>\n<meta property=\"og:title\" content=\"Esmalte antioxidante Procofer Expert Efecto Forja PROCOLOR - liso negro - Oller Pinturas y revestimientos\" \/>\n<meta property=\"og:description\" content=\"Este es un esmalte de Calidad Profesional. Con alto poder antioxidante, no te har\u00e1 falta aplicar una imprimaci\u00f3n previa sobre la superficie de hierro.\" \/>\n<meta property=\"og:url\" content=\"https:\/\/ollerpintures.com\/es\/producto\/esmalte-antioxidante-procofer-expert-efecto-forja-procolor-liso-negro\/\" \/>\n<meta property=\"og:site_name\" content=\"Oller Pinturas y revestimientos\" \/>\n<meta property=\"article:publisher\" content=\"https:\/\/www.facebook.com\/people\/Oller-Pintures\/100063652056709\/\" \/>\n<meta property=\"article:modified_time\" content=\"2021-02-08T11:25:55+00:00\" \/>\n<meta property=\"og:image\" content=\"https:\/\/ollerpintures.com\/wp-content\/uploads\/2021\/01\/esmalte-antioxidante-efecto-forja-procofer-liso-negro-comprar-online-oller-PQ.png\" \/>\n\t<meta property=\"og:image:width\" content=\"1080\" \/>\n\t<meta property=\"og:image:height\" content=\"1080\" \/>\n\t<meta property=\"og:image:type\" content=\"image\/png\" \/>\n<meta name=\"twitter:card\" content=\"summary_large_image\" \/>\n<meta name=\"twitter:label1\" content=\"Tiempo de lectura\" \/>\n\t<meta name=\"twitter:data1\" content=\"1 minuto\" \/>\n<script type=\"application\/ld+json\" class=\"yoast-schema-graph\">{\"@context\":\"https:\/\/schema.org\",\"@graph\":[{\"@type\":\"WebPage\",\"@id\":\"https:\/\/ollerpintures.com\/es\/producto\/esmalte-antioxidante-procofer-expert-efecto-forja-procolor-liso-negro\/\",\"url\":\"https:\/\/ollerpintures.com\/es\/producto\/esmalte-antioxidante-procofer-expert-efecto-forja-procolor-liso-negro\/\",\"name\":\"Esmalte antioxidante Procofer Expert Efecto Forja PROCOLOR - liso negro - Oller Pinturas y revestimientos\",\"isPartOf\":{\"@id\":\"https:\/\/ollerpintures.com\/es\/#website\"},\"primaryImageOfPage\":{\"@id\":\"https:\/\/ollerpintures.com\/es\/producto\/esmalte-antioxidante-procofer-expert-efecto-forja-procolor-liso-negro\/#primaryimage\"},\"image\":{\"@id\":\"https:\/\/ollerpintures.com\/es\/producto\/esmalte-antioxidante-procofer-expert-efecto-forja-procolor-liso-negro\/#primaryimage\"},\"thumbnailUrl\":\"https:\/\/ollerpintures.com\/wp-content\/uploads\/2021\/01\/esmalte-antioxidante-efecto-forja-procofer-liso-negro-comprar-online-oller-PQ.png\",\"datePublished\":\"2021-01-19T11:15:28+00:00\",\"dateModified\":\"2021-02-08T11:25:55+00:00\",\"description\":\"Este es un esmalte de Calidad Profesional. Con alto poder antioxidante, no te har\u00e1 falta aplicar una imprimaci\u00f3n previa sobre la superficie de hierro.\",\"breadcrumb\":{\"@id\":\"https:\/\/ollerpintures.com\/es\/producto\/esmalte-antioxidante-procofer-expert-efecto-forja-procolor-liso-negro\/#breadcrumb\"},\"inLanguage\":\"es\",\"potentialAction\":[{\"@type\":\"ReadAction\",\"target\":[\"https:\/\/ollerpintures.com\/es\/producto\/esmalte-antioxidante-procofer-expert-efecto-forja-procolor-liso-negro\/\"]}]},{\"@type\":\"ImageObject\",\"inLanguage\":\"es\",\"@id\":\"https:\/\/ollerpintures.com\/es\/producto\/esmalte-antioxidante-procofer-expert-efecto-forja-procolor-liso-negro\/#primaryimage\",\"url\":\"https:\/\/ollerpintures.com\/wp-content\/uploads\/2021\/01\/esmalte-antioxidante-efecto-forja-procofer-liso-negro-comprar-online-oller-PQ.png\",\"contentUrl\":\"https:\/\/ollerpintures.com\/wp-content\/uploads\/2021\/01\/esmalte-antioxidante-efecto-forja-procofer-liso-negro-comprar-online-oller-PQ.png\",\"width\":1080,\"height\":1080,\"caption\":\"Procofer Expert Efecto Forja liso Negro\"},{\"@type\":\"BreadcrumbList\",\"@id\":\"https:\/\/ollerpintures.com\/es\/producto\/esmalte-antioxidante-procofer-expert-efecto-forja-procolor-liso-negro\/#breadcrumb\",\"itemListElement\":[{\"@type\":\"ListItem\",\"position\":1,\"name\":\"Inici\",\"item\":\"https:\/\/ollerpintures.com\/es\/\"},{\"@type\":\"ListItem\",\"position\":2,\"name\":\"Tienda\",\"item\":\"https:\/\/ollerpintures.com\/es\/tienda\/\"},{\"@type\":\"ListItem\",\"position\":3,\"name\":\"Esmalte antioxidante Procofer Expert Efecto Forja PROCOLOR &#8211; liso negro\"}]},{\"@type\":\"WebSite\",\"@id\":\"https:\/\/ollerpintures.com\/es\/#website\",\"url\":\"https:\/\/ollerpintures.com\/es\/\",\"name\":\"Oller Pinturas y Revestimientos\",\"description\":\"M\u00e1s de 50 a\u00f1os acompa\u00f1ando a profesionales y particulares con soluciones de pintura duraderas y sostenibles, seis tiendas de proximidad con servicio tintom\u00e9trico propio y un compromiso real con el oficio y las nuevas generaciones.\",\"publisher\":{\"@id\":\"https:\/\/ollerpintures.com\/es\/#organization\"},\"alternateName\":\"Oller Grup\",\"potentialAction\":[{\"@type\":\"SearchAction\",\"target\":{\"@type\":\"EntryPoint\",\"urlTemplate\":\"https:\/\/ollerpintures.com\/es\/?s={search_term_string}\"},\"query-input\":{\"@type\":\"PropertyValueSpecification\",\"valueRequired\":true,\"valueName\":\"search_term_string\"}}],\"inLanguage\":\"es\"},{\"@type\":\"Organization\",\"@id\":\"https:\/\/ollerpintures.com\/es\/#organization\",\"name\":\"Oller Pintures i Revestiments\",\"alternateName\":\"Oller Grup\",\"url\":\"https:\/\/ollerpintures.com\/es\/\",\"logo\":{\"@type\":\"ImageObject\",\"inLanguage\":\"es\",\"@id\":\"https:\/\/ollerpintures.com\/es\/#\/schema\/logo\/image\/\",\"url\":\"https:\/\/ollerpintures.com\/wp-content\/uploads\/2024\/05\/newLogo.png\",\"contentUrl\":\"https:\/\/ollerpintures.com\/wp-content\/uploads\/2024\/05\/newLogo.png\",\"width\":483,\"height\":244,\"caption\":\"Oller Pintures i Revestiments\"},\"image\":{\"@id\":\"https:\/\/ollerpintures.com\/es\/#\/schema\/logo\/image\/\"},\"sameAs\":[\"https:\/\/www.facebook.com\/people\/Oller-Pintures\/100063652056709\/\",\"https:\/\/www.instagram.com\/ollerpintures\/\",\"https:\/\/descriptor.es\/organization\/oller-grup\/\"]}]}<\/script>\n<!-- \/ Yoast SEO plugin. -->","yoast_head_json":{"title":"Esmalte antioxidante Procofer Expert Efecto Forja PROCOLOR - liso negro - Oller Pinturas y revestimientos","description":"Este es un esmalte de Calidad Profesional. Con alto poder antioxidante, no te har\u00e1 falta aplicar una imprimaci\u00f3n previa sobre la superficie de hierro.","robots":{"index":"index","follow":"follow","max-snippet":"max-snippet:-1","max-image-preview":"max-image-preview:large","max-video-preview":"max-video-preview:-1"},"canonical":"https:\/\/ollerpintures.com\/es\/producto\/esmalte-antioxidante-procofer-expert-efecto-forja-procolor-liso-negro\/","og_locale":"es_ES","og_type":"article","og_title":"Esmalte antioxidante Procofer Expert Efecto Forja PROCOLOR - liso negro - Oller Pinturas y revestimientos","og_description":"Este es un esmalte de Calidad Profesional. Con alto poder antioxidante, no te har\u00e1 falta aplicar una imprimaci\u00f3n previa sobre la superficie de hierro.","og_url":"https:\/\/ollerpintures.com\/es\/producto\/esmalte-antioxidante-procofer-expert-efecto-forja-procolor-liso-negro\/","og_site_name":"Oller Pinturas y revestimientos","article_publisher":"https:\/\/www.facebook.com\/people\/Oller-Pintures\/100063652056709\/","article_modified_time":"2021-02-08T11:25:55+00:00","og_image":[{"width":1080,"height":1080,"url":"https:\/\/ollerpintures.com\/wp-content\/uploads\/2021\/01\/esmalte-antioxidante-efecto-forja-procofer-liso-negro-comprar-online-oller-PQ.png","type":"image\/png"}],"twitter_card":"summary_large_image","twitter_misc":{"Tiempo de lectura":"1 minuto"},"schema":{"@context":"https:\/\/schema.org","@graph":[{"@type":"WebPage","@id":"https:\/\/ollerpintures.com\/es\/producto\/esmalte-antioxidante-procofer-expert-efecto-forja-procolor-liso-negro\/","url":"https:\/\/ollerpintures.com\/es\/producto\/esmalte-antioxidante-procofer-expert-efecto-forja-procolor-liso-negro\/","name":"Esmalte antioxidante Procofer Expert Efecto Forja PROCOLOR - liso negro - Oller Pinturas y revestimientos","isPartOf":{"@id":"https:\/\/ollerpintures.com\/es\/#website"},"primaryImageOfPage":{"@id":"https:\/\/ollerpintures.com\/es\/producto\/esmalte-antioxidante-procofer-expert-efecto-forja-procolor-liso-negro\/#primaryimage"},"image":{"@id":"https:\/\/ollerpintures.com\/es\/producto\/esmalte-antioxidante-procofer-expert-efecto-forja-procolor-liso-negro\/#primaryimage"},"thumbnailUrl":"https:\/\/ollerpintures.com\/wp-content\/uploads\/2021\/01\/esmalte-antioxidante-efecto-forja-procofer-liso-negro-comprar-online-oller-PQ.png","datePublished":"2021-01-19T11:15:28+00:00","dateModified":"2021-02-08T11:25:55+00:00","description":"Este es un esmalte de Calidad Profesional. Con alto poder antioxidante, no te har\u00e1 falta aplicar una imprimaci\u00f3n previa sobre la superficie de hierro.","breadcrumb":{"@id":"https:\/\/ollerpintures.com\/es\/producto\/esmalte-antioxidante-procofer-expert-efecto-forja-procolor-liso-negro\/#breadcrumb"},"inLanguage":"es","potentialAction":[{"@type":"ReadAction","target":["https:\/\/ollerpintures.com\/es\/producto\/esmalte-antioxidante-procofer-expert-efecto-forja-procolor-liso-negro\/"]}]},{"@type":"ImageObject","inLanguage":"es","@id":"https:\/\/ollerpintures.com\/es\/producto\/esmalte-antioxidante-procofer-expert-efecto-forja-procolor-liso-negro\/#primaryimage","url":"https:\/\/ollerpintures.com\/wp-content\/uploads\/2021\/01\/esmalte-antioxidante-efecto-forja-procofer-liso-negro-comprar-online-oller-PQ.png","contentUrl":"https:\/\/ollerpintures.com\/wp-content\/uploads\/2021\/01\/esmalte-antioxidante-efecto-forja-procofer-liso-negro-comprar-online-oller-PQ.png","width":1080,"height":1080,"caption":"Procofer Expert Efecto Forja liso Negro"},{"@type":"BreadcrumbList","@id":"https:\/\/ollerpintures.com\/es\/producto\/esmalte-antioxidante-procofer-expert-efecto-forja-procolor-liso-negro\/#breadcrumb","itemListElement":[{"@type":"ListItem","position":1,"name":"Inici","item":"https:\/\/ollerpintures.com\/es\/"},{"@type":"ListItem","position":2,"name":"Tienda","item":"https:\/\/ollerpintures.com\/es\/tienda\/"},{"@type":"ListItem","position":3,"name":"Esmalte antioxidante Procofer Expert Efecto Forja PROCOLOR &#8211; liso negro"}]},{"@type":"WebSite","@id":"https:\/\/ollerpintures.com\/es\/#website","url":"https:\/\/ollerpintures.com\/es\/","name":"Oller Pinturas y Revestimientos","description":"M\u00e1s de 50 a\u00f1os acompa\u00f1ando a profesionales y particulares con soluciones de pintura duraderas y sostenibles, seis tiendas de proximidad con servicio tintom\u00e9trico propio y un compromiso real con el oficio y las nuevas generaciones.","publisher":{"@id":"https:\/\/ollerpintures.com\/es\/#organization"},"alternateName":"Oller Grup","potentialAction":[{"@type":"SearchAction","target":{"@type":"EntryPoint","urlTemplate":"https:\/\/ollerpintures.com\/es\/?s={search_term_string}"},"query-input":{"@type":"PropertyValueSpecification","valueRequired":true,"valueName":"search_term_string"}}],"inLanguage":"es"},{"@type":"Organization","@id":"https:\/\/ollerpintures.com\/es\/#organization","name":"Oller Pintures i Revestiments","alternateName":"Oller Grup","url":"https:\/\/ollerpintures.com\/es\/","logo":{"@type":"ImageObject","inLanguage":"es","@id":"https:\/\/ollerpintures.com\/es\/#\/schema\/logo\/image\/","url":"https:\/\/ollerpintures.com\/wp-content\/uploads\/2024\/05\/newLogo.png","contentUrl":"https:\/\/ollerpintures.com\/wp-content\/uploads\/2024\/05\/newLogo.png","width":483,"height":244,"caption":"Oller Pintures i Revestiments"},"image":{"@id":"https:\/\/ollerpintures.com\/es\/#\/schema\/logo\/image\/"},"sameAs":["https:\/\/www.facebook.com\/people\/Oller-Pintures\/100063652056709\/","https:\/\/www.instagram.com\/ollerpintures\/","https:\/\/descriptor.es\/organization\/oller-grup\/"]}]}},"brands":[{"id":787,"name":"Procolor","slug":"procolor-es"},{"id":61,"name":"Procolor","slug":"procolor"}],"_links":{"self":[{"href":"https:\/\/ollerpintures.com\/es\/wp-json\/wp\/v2\/product\/7199","targetHints":{"allow":["GET"]}}],"collection":[{"href":"https:\/\/ollerpintures.com\/es\/wp-json\/wp\/v2\/product"}],"about":[{"href":"https:\/\/ollerpintures.com\/es\/wp-json\/wp\/v2\/types\/product"}],"wp:featuredmedia":[{"embeddable":true,"href":"https:\/\/ollerpintures.com\/es\/wp-json\/wp\/v2\/media\/8162"}],"wp:attachment":[{"href":"https:\/\/ollerpintures.com\/es\/wp-json\/wp\/v2\/media?parent=7199"}],"wp:term":[{"taxonomy":"pwb-brand","embeddable":true,"href":"https:\/\/ollerpintures.com\/es\/wp-json\/wp\/v2\/pwb-brand?post=7199"},{"taxonomy":"product_brand","embeddable":true,"href":"https:\/\/ollerpintures.com\/es\/wp-json\/wp\/v2\/product_brand?post=7199"},{"taxonomy":"product_cat","embeddable":true,"href":"https:\/\/ollerpintures.com\/es\/wp-json\/wp\/v2\/product_cat?post=7199"},{"taxonomy":"product_tag","embeddable":true,"href":"https:\/\/ollerpintures.com\/es\/wp-json\/wp\/v2\/product_tag?post=7199"}],"curies":[{"name":"wp","href":"https:\/\/api.w.org\/{rel}","templated":true}]}}