{"id":6929,"date":"2021-01-13T12:27:08","date_gmt":"2021-01-13T11:27:08","guid":{"rendered":"https:\/\/oller-pintures.c.wetopi.com\/producte\/brocha-redonda-competidor-serie-315\/"},"modified":"2025-10-17T08:05:08","modified_gmt":"2025-10-17T07:05:08","slug":"brocha-redonda-serie-315","status":"publish","type":"product","link":"https:\/\/ollerpintures.com\/es\/producto\/brocha-redonda-serie-315\/","title":{"rendered":"Brocha redonda serie 315"},"content":{"rendered":"<p>Brocha redonda, perfecta para aplicar<strong> pintura pl\u00e1stica<\/strong> tanto en <strong>interior<\/strong> como <strong>exterior<\/strong>. \u00a1Es una herramienta que te dar\u00e1 una soluci\u00f3n <strong>muy pr\u00e1ctica<\/strong> y <strong>econ\u00f3mica<\/strong> para pintar las superficies que desees!<\/p>\n","protected":false},"excerpt":{"rendered":"<p>Brocha redonda, perfecta para aplicar pintura pl\u00e1stica tanto en interior como exterior. \u00a1Es una herramienta que te dar\u00e1 una soluci\u00f3n muy pr\u00e1ctica y econ\u00f3mica para &#8230; <\/p>\n<p class=\"read-more-container\"><a title=\"Brocha redonda serie 315\" class=\"read-more button\" href=\"https:\/\/ollerpintures.com\/es\/producto\/brocha-redonda-serie-315\/#more-6929\" aria-label=\"Leer m\u00e1s sobre Brocha redonda serie 315\">Leer m\u00e1s<\/a><\/p>\n","protected":false},"featured_media":6627,"template":"","meta":{"_acf_changed":false},"pwb-brand":[],"product_brand":[],"product_cat":[112,199,370],"product_tag":[367,210],"class_list":{"0":"post-6929","1":"product","2":"type-product","3":"status-publish","4":"has-post-thumbnail","6":"product_cat-herramientas-y-complementos","7":"product_cat-para-pintar","8":"product_cat-brochas-y-pinceles","9":"product_tag-brocha","10":"product_tag-herramientas","11":"no-featured-image-padding","12":"resize-featured-image","13":"sales-flash-overlay","14":"woocommerce-text-align-left","15":"woocommerce-image-align-center","16":"do-quantity-buttons","18":"first","19":"instock","20":"shipping-taxable","21":"purchasable","22":"product-type-variable"},"acf":[],"yoast_head":"<!-- This site is optimized with the Yoast SEO plugin v27.1.1 - https:\/\/yoast.com\/product\/yoast-seo-wordpress\/ -->\n<title>Brocha redonda serie 315 - Oller Pinturas y revestimientos<\/title>\n<meta name=\"description\" content=\"Brocha redonda, perfecta para aplicar pintura pl\u00e1stica tanto en interior como exterior. \u00a1Es una herramienta que te dar\u00e1 una soluci\u00f3n muy pr\u00e1ctica y\" \/>\n<meta name=\"robots\" content=\"index, follow, max-snippet:-1, max-image-preview:large, max-video-preview:-1\" \/>\n<link rel=\"canonical\" href=\"https:\/\/ollerpintures.com\/es\/producto\/brocha-redonda-serie-315\/\" \/>\n<meta property=\"og:locale\" content=\"es_ES\" \/>\n<meta property=\"og:type\" content=\"article\" \/>\n<meta property=\"og:title\" content=\"Brocha redonda serie 315 - Oller Pinturas y revestimientos\" \/>\n<meta property=\"og:description\" content=\"Brocha redonda, perfecta para aplicar pintura pl\u00e1stica tanto en interior como exterior. \u00a1Es una herramienta que te dar\u00e1 una soluci\u00f3n muy pr\u00e1ctica y\" \/>\n<meta property=\"og:url\" content=\"https:\/\/ollerpintures.com\/es\/producto\/brocha-redonda-serie-315\/\" \/>\n<meta property=\"og:site_name\" content=\"Oller Pinturas y revestimientos\" \/>\n<meta property=\"article:publisher\" content=\"https:\/\/www.facebook.com\/people\/Oller-Pintures\/100063652056709\/\" \/>\n<meta property=\"article:modified_time\" content=\"2025-10-17T07:05:08+00:00\" \/>\n<meta property=\"og:image\" content=\"https:\/\/ollerpintures.com\/wp-content\/uploads\/2021\/01\/brocha-redonda-ollerpintures.jpg\" \/>\n\t<meta property=\"og:image:width\" content=\"400\" \/>\n\t<meta property=\"og:image:height\" content=\"400\" \/>\n\t<meta property=\"og:image:type\" content=\"image\/jpeg\" \/>\n<meta name=\"twitter:card\" content=\"summary_large_image\" \/>\n<script type=\"application\/ld+json\" class=\"yoast-schema-graph\">{\"@context\":\"https:\/\/schema.org\",\"@graph\":[{\"@type\":\"WebPage\",\"@id\":\"https:\/\/ollerpintures.com\/es\/producto\/brocha-redonda-serie-315\/\",\"url\":\"https:\/\/ollerpintures.com\/es\/producto\/brocha-redonda-serie-315\/\",\"name\":\"Brocha redonda serie 315 - Oller Pinturas y revestimientos\",\"isPartOf\":{\"@id\":\"https:\/\/ollerpintures.com\/es\/#website\"},\"primaryImageOfPage\":{\"@id\":\"https:\/\/ollerpintures.com\/es\/producto\/brocha-redonda-serie-315\/#primaryimage\"},\"image\":{\"@id\":\"https:\/\/ollerpintures.com\/es\/producto\/brocha-redonda-serie-315\/#primaryimage\"},\"thumbnailUrl\":\"https:\/\/ollerpintures.com\/wp-content\/uploads\/2021\/01\/brocha-redonda-ollerpintures.jpg\",\"datePublished\":\"2021-01-13T11:27:08+00:00\",\"dateModified\":\"2025-10-17T07:05:08+00:00\",\"description\":\"Brocha redonda, perfecta para aplicar pintura pl\u00e1stica tanto en interior como exterior. \u00a1Es una herramienta que te dar\u00e1 una soluci\u00f3n muy pr\u00e1ctica y\",\"breadcrumb\":{\"@id\":\"https:\/\/ollerpintures.com\/es\/producto\/brocha-redonda-serie-315\/#breadcrumb\"},\"inLanguage\":\"es\",\"potentialAction\":[{\"@type\":\"ReadAction\",\"target\":[\"https:\/\/ollerpintures.com\/es\/producto\/brocha-redonda-serie-315\/\"]}]},{\"@type\":\"ImageObject\",\"inLanguage\":\"es\",\"@id\":\"https:\/\/ollerpintures.com\/es\/producto\/brocha-redonda-serie-315\/#primaryimage\",\"url\":\"https:\/\/ollerpintures.com\/wp-content\/uploads\/2021\/01\/brocha-redonda-ollerpintures.jpg\",\"contentUrl\":\"https:\/\/ollerpintures.com\/wp-content\/uploads\/2021\/01\/brocha-redonda-ollerpintures.jpg\",\"width\":400,\"height\":400,\"caption\":\"brocha redonda\"},{\"@type\":\"BreadcrumbList\",\"@id\":\"https:\/\/ollerpintures.com\/es\/producto\/brocha-redonda-serie-315\/#breadcrumb\",\"itemListElement\":[{\"@type\":\"ListItem\",\"position\":1,\"name\":\"Inici\",\"item\":\"https:\/\/ollerpintures.com\/es\/\"},{\"@type\":\"ListItem\",\"position\":2,\"name\":\"Tienda\",\"item\":\"https:\/\/ollerpintures.com\/es\/tienda\/\"},{\"@type\":\"ListItem\",\"position\":3,\"name\":\"Brocha redonda serie 315\"}]},{\"@type\":\"WebSite\",\"@id\":\"https:\/\/ollerpintures.com\/es\/#website\",\"url\":\"https:\/\/ollerpintures.com\/es\/\",\"name\":\"Oller Pinturas y Revestimientos\",\"description\":\"M\u00e1s de 50 a\u00f1os acompa\u00f1ando a profesionales y particulares con soluciones de pintura duraderas y sostenibles, seis tiendas de proximidad con servicio tintom\u00e9trico propio y un compromiso real con el oficio y las nuevas generaciones.\",\"publisher\":{\"@id\":\"https:\/\/ollerpintures.com\/es\/#organization\"},\"alternateName\":\"Oller Grup\",\"potentialAction\":[{\"@type\":\"SearchAction\",\"target\":{\"@type\":\"EntryPoint\",\"urlTemplate\":\"https:\/\/ollerpintures.com\/es\/?s={search_term_string}\"},\"query-input\":{\"@type\":\"PropertyValueSpecification\",\"valueRequired\":true,\"valueName\":\"search_term_string\"}}],\"inLanguage\":\"es\"},{\"@type\":\"Organization\",\"@id\":\"https:\/\/ollerpintures.com\/es\/#organization\",\"name\":\"Oller Pintures i Revestiments\",\"alternateName\":\"Oller Grup\",\"url\":\"https:\/\/ollerpintures.com\/es\/\",\"logo\":{\"@type\":\"ImageObject\",\"inLanguage\":\"es\",\"@id\":\"https:\/\/ollerpintures.com\/es\/#\/schema\/logo\/image\/\",\"url\":\"https:\/\/ollerpintures.com\/wp-content\/uploads\/2024\/05\/newLogo.png\",\"contentUrl\":\"https:\/\/ollerpintures.com\/wp-content\/uploads\/2024\/05\/newLogo.png\",\"width\":483,\"height\":244,\"caption\":\"Oller Pintures i Revestiments\"},\"image\":{\"@id\":\"https:\/\/ollerpintures.com\/es\/#\/schema\/logo\/image\/\"},\"sameAs\":[\"https:\/\/www.facebook.com\/people\/Oller-Pintures\/100063652056709\/\",\"https:\/\/www.instagram.com\/ollerpintures\/\",\"https:\/\/descriptor.es\/organization\/oller-grup\/\"]}]}<\/script>\n<!-- \/ Yoast SEO plugin. -->","yoast_head_json":{"title":"Brocha redonda serie 315 - Oller Pinturas y revestimientos","description":"Brocha redonda, perfecta para aplicar pintura pl\u00e1stica tanto en interior como exterior. \u00a1Es una herramienta que te dar\u00e1 una soluci\u00f3n muy pr\u00e1ctica y","robots":{"index":"index","follow":"follow","max-snippet":"max-snippet:-1","max-image-preview":"max-image-preview:large","max-video-preview":"max-video-preview:-1"},"canonical":"https:\/\/ollerpintures.com\/es\/producto\/brocha-redonda-serie-315\/","og_locale":"es_ES","og_type":"article","og_title":"Brocha redonda serie 315 - Oller Pinturas y revestimientos","og_description":"Brocha redonda, perfecta para aplicar pintura pl\u00e1stica tanto en interior como exterior. \u00a1Es una herramienta que te dar\u00e1 una soluci\u00f3n muy pr\u00e1ctica y","og_url":"https:\/\/ollerpintures.com\/es\/producto\/brocha-redonda-serie-315\/","og_site_name":"Oller Pinturas y revestimientos","article_publisher":"https:\/\/www.facebook.com\/people\/Oller-Pintures\/100063652056709\/","article_modified_time":"2025-10-17T07:05:08+00:00","og_image":[{"width":400,"height":400,"url":"https:\/\/ollerpintures.com\/wp-content\/uploads\/2021\/01\/brocha-redonda-ollerpintures.jpg","type":"image\/jpeg"}],"twitter_card":"summary_large_image","schema":{"@context":"https:\/\/schema.org","@graph":[{"@type":"WebPage","@id":"https:\/\/ollerpintures.com\/es\/producto\/brocha-redonda-serie-315\/","url":"https:\/\/ollerpintures.com\/es\/producto\/brocha-redonda-serie-315\/","name":"Brocha redonda serie 315 - Oller Pinturas y revestimientos","isPartOf":{"@id":"https:\/\/ollerpintures.com\/es\/#website"},"primaryImageOfPage":{"@id":"https:\/\/ollerpintures.com\/es\/producto\/brocha-redonda-serie-315\/#primaryimage"},"image":{"@id":"https:\/\/ollerpintures.com\/es\/producto\/brocha-redonda-serie-315\/#primaryimage"},"thumbnailUrl":"https:\/\/ollerpintures.com\/wp-content\/uploads\/2021\/01\/brocha-redonda-ollerpintures.jpg","datePublished":"2021-01-13T11:27:08+00:00","dateModified":"2025-10-17T07:05:08+00:00","description":"Brocha redonda, perfecta para aplicar pintura pl\u00e1stica tanto en interior como exterior. \u00a1Es una herramienta que te dar\u00e1 una soluci\u00f3n muy pr\u00e1ctica y","breadcrumb":{"@id":"https:\/\/ollerpintures.com\/es\/producto\/brocha-redonda-serie-315\/#breadcrumb"},"inLanguage":"es","potentialAction":[{"@type":"ReadAction","target":["https:\/\/ollerpintures.com\/es\/producto\/brocha-redonda-serie-315\/"]}]},{"@type":"ImageObject","inLanguage":"es","@id":"https:\/\/ollerpintures.com\/es\/producto\/brocha-redonda-serie-315\/#primaryimage","url":"https:\/\/ollerpintures.com\/wp-content\/uploads\/2021\/01\/brocha-redonda-ollerpintures.jpg","contentUrl":"https:\/\/ollerpintures.com\/wp-content\/uploads\/2021\/01\/brocha-redonda-ollerpintures.jpg","width":400,"height":400,"caption":"brocha redonda"},{"@type":"BreadcrumbList","@id":"https:\/\/ollerpintures.com\/es\/producto\/brocha-redonda-serie-315\/#breadcrumb","itemListElement":[{"@type":"ListItem","position":1,"name":"Inici","item":"https:\/\/ollerpintures.com\/es\/"},{"@type":"ListItem","position":2,"name":"Tienda","item":"https:\/\/ollerpintures.com\/es\/tienda\/"},{"@type":"ListItem","position":3,"name":"Brocha redonda serie 315"}]},{"@type":"WebSite","@id":"https:\/\/ollerpintures.com\/es\/#website","url":"https:\/\/ollerpintures.com\/es\/","name":"Oller Pinturas y Revestimientos","description":"M\u00e1s de 50 a\u00f1os acompa\u00f1ando a profesionales y particulares con soluciones de pintura duraderas y sostenibles, seis tiendas de proximidad con servicio tintom\u00e9trico propio y un compromiso real con el oficio y las nuevas generaciones.","publisher":{"@id":"https:\/\/ollerpintures.com\/es\/#organization"},"alternateName":"Oller Grup","potentialAction":[{"@type":"SearchAction","target":{"@type":"EntryPoint","urlTemplate":"https:\/\/ollerpintures.com\/es\/?s={search_term_string}"},"query-input":{"@type":"PropertyValueSpecification","valueRequired":true,"valueName":"search_term_string"}}],"inLanguage":"es"},{"@type":"Organization","@id":"https:\/\/ollerpintures.com\/es\/#organization","name":"Oller Pintures i Revestiments","alternateName":"Oller Grup","url":"https:\/\/ollerpintures.com\/es\/","logo":{"@type":"ImageObject","inLanguage":"es","@id":"https:\/\/ollerpintures.com\/es\/#\/schema\/logo\/image\/","url":"https:\/\/ollerpintures.com\/wp-content\/uploads\/2024\/05\/newLogo.png","contentUrl":"https:\/\/ollerpintures.com\/wp-content\/uploads\/2024\/05\/newLogo.png","width":483,"height":244,"caption":"Oller Pintures i Revestiments"},"image":{"@id":"https:\/\/ollerpintures.com\/es\/#\/schema\/logo\/image\/"},"sameAs":["https:\/\/www.facebook.com\/people\/Oller-Pintures\/100063652056709\/","https:\/\/www.instagram.com\/ollerpintures\/","https:\/\/descriptor.es\/organization\/oller-grup\/"]}]}},"brands":[],"_links":{"self":[{"href":"https:\/\/ollerpintures.com\/es\/wp-json\/wp\/v2\/product\/6929","targetHints":{"allow":["GET"]}}],"collection":[{"href":"https:\/\/ollerpintures.com\/es\/wp-json\/wp\/v2\/product"}],"about":[{"href":"https:\/\/ollerpintures.com\/es\/wp-json\/wp\/v2\/types\/product"}],"wp:featuredmedia":[{"embeddable":true,"href":"https:\/\/ollerpintures.com\/es\/wp-json\/wp\/v2\/media\/6627"}],"wp:attachment":[{"href":"https:\/\/ollerpintures.com\/es\/wp-json\/wp\/v2\/media?parent=6929"}],"wp:term":[{"taxonomy":"pwb-brand","embeddable":true,"href":"https:\/\/ollerpintures.com\/es\/wp-json\/wp\/v2\/pwb-brand?post=6929"},{"taxonomy":"product_brand","embeddable":true,"href":"https:\/\/ollerpintures.com\/es\/wp-json\/wp\/v2\/product_brand?post=6929"},{"taxonomy":"product_cat","embeddable":true,"href":"https:\/\/ollerpintures.com\/es\/wp-json\/wp\/v2\/product_cat?post=6929"},{"taxonomy":"product_tag","embeddable":true,"href":"https:\/\/ollerpintures.com\/es\/wp-json\/wp\/v2\/product_tag?post=6929"}],"curies":[{"name":"wp","href":"https:\/\/api.w.org\/{rel}","templated":true}]}}