{"id":6908,"date":"2021-01-15T12:55:35","date_gmt":"2021-01-15T11:55:35","guid":{"rendered":"https:\/\/oller-pintures.c.wetopi.com\/producte\/mango-profesional-largo-bm-11cm\/"},"modified":"2025-03-30T08:44:28","modified_gmt":"2025-03-30T07:44:28","slug":"mango-profesional-largo-bm-11cm","status":"publish","type":"product","link":"https:\/\/ollerpintures.com\/es\/producto\/mango-profesional-largo-bm-11cm\/","title":{"rendered":"Mango profesional largo BM 11cm"},"content":{"rendered":"<p>Con este mango largo para rodillos <strong>podr\u00e1s pintar los radiadores sin tener que descolgarlos,<\/strong> si est\u00e1n ligeramente separados. Es <strong>perfecto para peque\u00f1as superficies con altura y de dif\u00edcil acceso.\u00a0<\/strong><\/p>\n<p>Te recomendamos que lo utilices con el <a href=\"https:\/\/ollerpintures.com\/producto\/recambio-rodillo-antigota-midi-o30-11cm\/\" target=\"_blank\" rel=\"noopener\"><strong>Recambio rodillo antigota midi \u00d830 11cm (08200758100)<\/strong><\/a><\/p>\n<p class=\"price\">\n","protected":false},"excerpt":{"rendered":"<p>Con este mango largo para rodillos podr\u00e1s pintar los radiadores sin tener que descolgarlos, si est\u00e1n ligeramente separados. Es perfecto para peque\u00f1as superficies con altura &#8230; <\/p>\n<p class=\"read-more-container\"><a title=\"Mango profesional largo BM 11cm\" class=\"read-more button\" href=\"https:\/\/ollerpintures.com\/es\/producto\/mango-profesional-largo-bm-11cm\/#more-6908\" aria-label=\"Leer m\u00e1s sobre Mango profesional largo BM 11cm\">Leer m\u00e1s<\/a><\/p>\n","protected":false},"featured_media":6768,"template":"","meta":{"_acf_changed":false},"pwb-brand":[],"product_brand":[],"product_cat":[112,199,200],"product_tag":[210,435,209],"class_list":{"0":"post-6908","1":"product","2":"type-product","3":"status-publish","4":"has-post-thumbnail","6":"product_cat-herramientas-y-complementos","7":"product_cat-para-pintar","8":"product_cat-rodillos","9":"product_tag-herramientas","10":"product_tag-manecs-es","11":"product_tag-rodillo","12":"no-featured-image-padding","13":"resize-featured-image","14":"sales-flash-overlay","15":"woocommerce-text-align-left","16":"woocommerce-image-align-center","17":"do-quantity-buttons","19":"first","20":"instock","21":"shipping-taxable","22":"purchasable","23":"product-type-simple"},"acf":[],"yoast_head":"<!-- This site is optimized with the Yoast SEO plugin v27.1.1 - https:\/\/yoast.com\/product\/yoast-seo-wordpress\/ -->\n<title>Mango profesional largo BM 11cm - Oller Pinturas y revestimientos<\/title>\n<meta name=\"description\" content=\"Con este mango largo para rodillos podr\u00e1s pintar los radiadores sin tener que descolgarlos, si est\u00e1n ligeramente separados. Es perfecto para peque\u00f1as\" \/>\n<meta name=\"robots\" content=\"index, follow, max-snippet:-1, max-image-preview:large, max-video-preview:-1\" \/>\n<link rel=\"canonical\" href=\"https:\/\/ollerpintures.com\/es\/producto\/mango-profesional-largo-bm-11cm\/\" \/>\n<meta property=\"og:locale\" content=\"es_ES\" \/>\n<meta property=\"og:type\" content=\"article\" \/>\n<meta property=\"og:title\" content=\"Mango profesional largo BM 11cm - Oller Pinturas y revestimientos\" \/>\n<meta property=\"og:description\" content=\"Con este mango largo para rodillos podr\u00e1s pintar los radiadores sin tener que descolgarlos, si est\u00e1n ligeramente separados. Es perfecto para peque\u00f1as\" \/>\n<meta property=\"og:url\" content=\"https:\/\/ollerpintures.com\/es\/producto\/mango-profesional-largo-bm-11cm\/\" \/>\n<meta property=\"og:site_name\" content=\"Oller Pinturas y revestimientos\" \/>\n<meta property=\"article:publisher\" content=\"https:\/\/www.facebook.com\/people\/Oller-Pintures\/100063652056709\/\" \/>\n<meta property=\"article:modified_time\" content=\"2025-03-30T07:44:28+00:00\" \/>\n<meta property=\"og:image\" content=\"https:\/\/ollerpintures.com\/wp-content\/uploads\/2021\/01\/mango-rodillo-largo-profesional-parapintar.jpg\" \/>\n\t<meta property=\"og:image:width\" content=\"900\" \/>\n\t<meta property=\"og:image:height\" content=\"900\" \/>\n\t<meta property=\"og:image:type\" content=\"image\/jpeg\" \/>\n<meta name=\"twitter:card\" content=\"summary_large_image\" \/>\n<script type=\"application\/ld+json\" class=\"yoast-schema-graph\">{\"@context\":\"https:\/\/schema.org\",\"@graph\":[{\"@type\":\"WebPage\",\"@id\":\"https:\/\/ollerpintures.com\/es\/producto\/mango-profesional-largo-bm-11cm\/\",\"url\":\"https:\/\/ollerpintures.com\/es\/producto\/mango-profesional-largo-bm-11cm\/\",\"name\":\"Mango profesional largo BM 11cm - Oller Pinturas y revestimientos\",\"isPartOf\":{\"@id\":\"https:\/\/ollerpintures.com\/es\/#website\"},\"primaryImageOfPage\":{\"@id\":\"https:\/\/ollerpintures.com\/es\/producto\/mango-profesional-largo-bm-11cm\/#primaryimage\"},\"image\":{\"@id\":\"https:\/\/ollerpintures.com\/es\/producto\/mango-profesional-largo-bm-11cm\/#primaryimage\"},\"thumbnailUrl\":\"https:\/\/ollerpintures.com\/wp-content\/uploads\/2021\/01\/mango-rodillo-largo-profesional-parapintar.jpg\",\"datePublished\":\"2021-01-15T11:55:35+00:00\",\"dateModified\":\"2025-03-30T07:44:28+00:00\",\"description\":\"Con este mango largo para rodillos podr\u00e1s pintar los radiadores sin tener que descolgarlos, si est\u00e1n ligeramente separados. Es perfecto para peque\u00f1as\",\"breadcrumb\":{\"@id\":\"https:\/\/ollerpintures.com\/es\/producto\/mango-profesional-largo-bm-11cm\/#breadcrumb\"},\"inLanguage\":\"es\",\"potentialAction\":[{\"@type\":\"ReadAction\",\"target\":[\"https:\/\/ollerpintures.com\/es\/producto\/mango-profesional-largo-bm-11cm\/\"]}]},{\"@type\":\"ImageObject\",\"inLanguage\":\"es\",\"@id\":\"https:\/\/ollerpintures.com\/es\/producto\/mango-profesional-largo-bm-11cm\/#primaryimage\",\"url\":\"https:\/\/ollerpintures.com\/wp-content\/uploads\/2021\/01\/mango-rodillo-largo-profesional-parapintar.jpg\",\"contentUrl\":\"https:\/\/ollerpintures.com\/wp-content\/uploads\/2021\/01\/mango-rodillo-largo-profesional-parapintar.jpg\",\"width\":900,\"height\":900,\"caption\":\"Mango rodillo profesional 11cm largo\"},{\"@type\":\"BreadcrumbList\",\"@id\":\"https:\/\/ollerpintures.com\/es\/producto\/mango-profesional-largo-bm-11cm\/#breadcrumb\",\"itemListElement\":[{\"@type\":\"ListItem\",\"position\":1,\"name\":\"Inici\",\"item\":\"https:\/\/ollerpintures.com\/es\/\"},{\"@type\":\"ListItem\",\"position\":2,\"name\":\"Tienda\",\"item\":\"https:\/\/ollerpintures.com\/es\/tienda\/\"},{\"@type\":\"ListItem\",\"position\":3,\"name\":\"Mango profesional largo BM 11cm\"}]},{\"@type\":\"WebSite\",\"@id\":\"https:\/\/ollerpintures.com\/es\/#website\",\"url\":\"https:\/\/ollerpintures.com\/es\/\",\"name\":\"Oller Pinturas y Revestimientos\",\"description\":\"M\u00e1s de 50 a\u00f1os acompa\u00f1ando a profesionales y particulares con soluciones de pintura duraderas y sostenibles, seis tiendas de proximidad con servicio tintom\u00e9trico propio y un compromiso real con el oficio y las nuevas generaciones.\",\"publisher\":{\"@id\":\"https:\/\/ollerpintures.com\/es\/#organization\"},\"alternateName\":\"Oller Grup\",\"potentialAction\":[{\"@type\":\"SearchAction\",\"target\":{\"@type\":\"EntryPoint\",\"urlTemplate\":\"https:\/\/ollerpintures.com\/es\/?s={search_term_string}\"},\"query-input\":{\"@type\":\"PropertyValueSpecification\",\"valueRequired\":true,\"valueName\":\"search_term_string\"}}],\"inLanguage\":\"es\"},{\"@type\":\"Organization\",\"@id\":\"https:\/\/ollerpintures.com\/es\/#organization\",\"name\":\"Oller Pintures i Revestiments\",\"alternateName\":\"Oller Grup\",\"url\":\"https:\/\/ollerpintures.com\/es\/\",\"logo\":{\"@type\":\"ImageObject\",\"inLanguage\":\"es\",\"@id\":\"https:\/\/ollerpintures.com\/es\/#\/schema\/logo\/image\/\",\"url\":\"https:\/\/ollerpintures.com\/wp-content\/uploads\/2024\/05\/newLogo.png\",\"contentUrl\":\"https:\/\/ollerpintures.com\/wp-content\/uploads\/2024\/05\/newLogo.png\",\"width\":483,\"height\":244,\"caption\":\"Oller Pintures i Revestiments\"},\"image\":{\"@id\":\"https:\/\/ollerpintures.com\/es\/#\/schema\/logo\/image\/\"},\"sameAs\":[\"https:\/\/www.facebook.com\/people\/Oller-Pintures\/100063652056709\/\",\"https:\/\/www.instagram.com\/ollerpintures\/\",\"https:\/\/descriptor.es\/organization\/oller-grup\/\"]}]}<\/script>\n<!-- \/ Yoast SEO plugin. -->","yoast_head_json":{"title":"Mango profesional largo BM 11cm - Oller Pinturas y revestimientos","description":"Con este mango largo para rodillos podr\u00e1s pintar los radiadores sin tener que descolgarlos, si est\u00e1n ligeramente separados. Es perfecto para peque\u00f1as","robots":{"index":"index","follow":"follow","max-snippet":"max-snippet:-1","max-image-preview":"max-image-preview:large","max-video-preview":"max-video-preview:-1"},"canonical":"https:\/\/ollerpintures.com\/es\/producto\/mango-profesional-largo-bm-11cm\/","og_locale":"es_ES","og_type":"article","og_title":"Mango profesional largo BM 11cm - Oller Pinturas y revestimientos","og_description":"Con este mango largo para rodillos podr\u00e1s pintar los radiadores sin tener que descolgarlos, si est\u00e1n ligeramente separados. Es perfecto para peque\u00f1as","og_url":"https:\/\/ollerpintures.com\/es\/producto\/mango-profesional-largo-bm-11cm\/","og_site_name":"Oller Pinturas y revestimientos","article_publisher":"https:\/\/www.facebook.com\/people\/Oller-Pintures\/100063652056709\/","article_modified_time":"2025-03-30T07:44:28+00:00","og_image":[{"width":900,"height":900,"url":"https:\/\/ollerpintures.com\/wp-content\/uploads\/2021\/01\/mango-rodillo-largo-profesional-parapintar.jpg","type":"image\/jpeg"}],"twitter_card":"summary_large_image","schema":{"@context":"https:\/\/schema.org","@graph":[{"@type":"WebPage","@id":"https:\/\/ollerpintures.com\/es\/producto\/mango-profesional-largo-bm-11cm\/","url":"https:\/\/ollerpintures.com\/es\/producto\/mango-profesional-largo-bm-11cm\/","name":"Mango profesional largo BM 11cm - Oller Pinturas y revestimientos","isPartOf":{"@id":"https:\/\/ollerpintures.com\/es\/#website"},"primaryImageOfPage":{"@id":"https:\/\/ollerpintures.com\/es\/producto\/mango-profesional-largo-bm-11cm\/#primaryimage"},"image":{"@id":"https:\/\/ollerpintures.com\/es\/producto\/mango-profesional-largo-bm-11cm\/#primaryimage"},"thumbnailUrl":"https:\/\/ollerpintures.com\/wp-content\/uploads\/2021\/01\/mango-rodillo-largo-profesional-parapintar.jpg","datePublished":"2021-01-15T11:55:35+00:00","dateModified":"2025-03-30T07:44:28+00:00","description":"Con este mango largo para rodillos podr\u00e1s pintar los radiadores sin tener que descolgarlos, si est\u00e1n ligeramente separados. Es perfecto para peque\u00f1as","breadcrumb":{"@id":"https:\/\/ollerpintures.com\/es\/producto\/mango-profesional-largo-bm-11cm\/#breadcrumb"},"inLanguage":"es","potentialAction":[{"@type":"ReadAction","target":["https:\/\/ollerpintures.com\/es\/producto\/mango-profesional-largo-bm-11cm\/"]}]},{"@type":"ImageObject","inLanguage":"es","@id":"https:\/\/ollerpintures.com\/es\/producto\/mango-profesional-largo-bm-11cm\/#primaryimage","url":"https:\/\/ollerpintures.com\/wp-content\/uploads\/2021\/01\/mango-rodillo-largo-profesional-parapintar.jpg","contentUrl":"https:\/\/ollerpintures.com\/wp-content\/uploads\/2021\/01\/mango-rodillo-largo-profesional-parapintar.jpg","width":900,"height":900,"caption":"Mango rodillo profesional 11cm largo"},{"@type":"BreadcrumbList","@id":"https:\/\/ollerpintures.com\/es\/producto\/mango-profesional-largo-bm-11cm\/#breadcrumb","itemListElement":[{"@type":"ListItem","position":1,"name":"Inici","item":"https:\/\/ollerpintures.com\/es\/"},{"@type":"ListItem","position":2,"name":"Tienda","item":"https:\/\/ollerpintures.com\/es\/tienda\/"},{"@type":"ListItem","position":3,"name":"Mango profesional largo BM 11cm"}]},{"@type":"WebSite","@id":"https:\/\/ollerpintures.com\/es\/#website","url":"https:\/\/ollerpintures.com\/es\/","name":"Oller Pinturas y Revestimientos","description":"M\u00e1s de 50 a\u00f1os acompa\u00f1ando a profesionales y particulares con soluciones de pintura duraderas y sostenibles, seis tiendas de proximidad con servicio tintom\u00e9trico propio y un compromiso real con el oficio y las nuevas generaciones.","publisher":{"@id":"https:\/\/ollerpintures.com\/es\/#organization"},"alternateName":"Oller Grup","potentialAction":[{"@type":"SearchAction","target":{"@type":"EntryPoint","urlTemplate":"https:\/\/ollerpintures.com\/es\/?s={search_term_string}"},"query-input":{"@type":"PropertyValueSpecification","valueRequired":true,"valueName":"search_term_string"}}],"inLanguage":"es"},{"@type":"Organization","@id":"https:\/\/ollerpintures.com\/es\/#organization","name":"Oller Pintures i Revestiments","alternateName":"Oller Grup","url":"https:\/\/ollerpintures.com\/es\/","logo":{"@type":"ImageObject","inLanguage":"es","@id":"https:\/\/ollerpintures.com\/es\/#\/schema\/logo\/image\/","url":"https:\/\/ollerpintures.com\/wp-content\/uploads\/2024\/05\/newLogo.png","contentUrl":"https:\/\/ollerpintures.com\/wp-content\/uploads\/2024\/05\/newLogo.png","width":483,"height":244,"caption":"Oller Pintures i Revestiments"},"image":{"@id":"https:\/\/ollerpintures.com\/es\/#\/schema\/logo\/image\/"},"sameAs":["https:\/\/www.facebook.com\/people\/Oller-Pintures\/100063652056709\/","https:\/\/www.instagram.com\/ollerpintures\/","https:\/\/descriptor.es\/organization\/oller-grup\/"]}]}},"brands":[],"_links":{"self":[{"href":"https:\/\/ollerpintures.com\/es\/wp-json\/wp\/v2\/product\/6908","targetHints":{"allow":["GET"]}}],"collection":[{"href":"https:\/\/ollerpintures.com\/es\/wp-json\/wp\/v2\/product"}],"about":[{"href":"https:\/\/ollerpintures.com\/es\/wp-json\/wp\/v2\/types\/product"}],"wp:featuredmedia":[{"embeddable":true,"href":"https:\/\/ollerpintures.com\/es\/wp-json\/wp\/v2\/media\/6768"}],"wp:attachment":[{"href":"https:\/\/ollerpintures.com\/es\/wp-json\/wp\/v2\/media?parent=6908"}],"wp:term":[{"taxonomy":"pwb-brand","embeddable":true,"href":"https:\/\/ollerpintures.com\/es\/wp-json\/wp\/v2\/pwb-brand?post=6908"},{"taxonomy":"product_brand","embeddable":true,"href":"https:\/\/ollerpintures.com\/es\/wp-json\/wp\/v2\/product_brand?post=6908"},{"taxonomy":"product_cat","embeddable":true,"href":"https:\/\/ollerpintures.com\/es\/wp-json\/wp\/v2\/product_cat?post=6908"},{"taxonomy":"product_tag","embeddable":true,"href":"https:\/\/ollerpintures.com\/es\/wp-json\/wp\/v2\/product_tag?post=6908"}],"curies":[{"name":"wp","href":"https:\/\/api.w.org\/{rel}","templated":true}]}}