{"id":6905,"date":"2021-01-15T12:59:03","date_gmt":"2021-01-15T11:59:03","guid":{"rendered":"https:\/\/oller-pintures.c.wetopi.com\/producte\/bolsa-2-recambios-espuma-rodillo-poro-0\/"},"modified":"2022-01-30T22:51:26","modified_gmt":"2022-01-30T21:51:26","slug":"bolsa-2-recambios-espuma-rodillo-poro-0","status":"publish","type":"product","link":"https:\/\/ollerpintures.com\/es\/producto\/bolsa-2-recambios-espuma-rodillo-poro-0\/","title":{"rendered":"Bolsa 2 recambios espuma rodillo poro 0"},"content":{"rendered":"<p>Si eres de los\/las que buscan la versi\u00f3n <strong>original<\/strong>, \u00a1esta es la mejor opci\u00f3n para ti!<\/p>\n<p>Con estos recambios de espuma para el rodillo poro 0 podr\u00e1s pintar a la perfecci\u00f3n con <strong>esmaltes<\/strong> y <strong>aprovechar<\/strong> <strong>al m\u00e1ximo<\/strong> <strong>la<\/strong> <strong>pintura<\/strong>. <strong>Deja una micro textura en la superficie y permite estirar mucho el producto.\u00a0<\/strong><\/p>\n<p>Te llevar\u00e1s la opci\u00f3n m\u00e1s econ\u00f3mica y con muy buen resultado. <strong>\u00a1Recuerda complementarlo con su mango!<\/strong><\/p>\n<hr \/>\n<h4><span style=\"color: #ff6600;\">Consejo Oller:<\/span>\u00a0Para determinar qu\u00e9 rodillo es el m\u00e1s adecuado para el proyecto, necesitamos saber qu\u00e9 material queremos pintar (hierro, madera o pared), la extensi\u00f3n de la superficie (m2) y los acabados y calidad que queremos conseguir. \u00a1Con estos datos, pod\u00e9is valorar cual es el mejor rodillo para cada caso, siguiendo las recomendaciones que os dejamos en las descripciones de los productos!<\/h4>\n<hr \/>\n<h4><\/h4>\n","protected":false},"excerpt":{"rendered":"<p>Si eres de los\/las que buscan la versi\u00f3n original, \u00a1esta es la mejor opci\u00f3n para ti! Con estos recambios de espuma para el rodillo poro &#8230; <\/p>\n<p class=\"read-more-container\"><a title=\"Bolsa 2 recambios espuma rodillo poro 0\" class=\"read-more button\" href=\"https:\/\/ollerpintures.com\/es\/producto\/bolsa-2-recambios-espuma-rodillo-poro-0\/#more-6905\" aria-label=\"Leer m\u00e1s sobre Bolsa 2 recambios espuma rodillo poro 0\">Leer m\u00e1s<\/a><\/p>\n","protected":false},"featured_media":6770,"template":"","meta":{"_acf_changed":false},"pwb-brand":[],"product_brand":[],"product_cat":[112,77,95,199,99,200],"product_tag":[97,96,210,439,378,209],"class_list":{"0":"post-6905","1":"product","2":"type-product","3":"status-publish","4":"has-post-thumbnail","6":"product_cat-herramientas-y-complementos","7":"product_cat-eines","8":"product_cat-per-pintar","9":"product_cat-para-pintar","10":"product_cat-corrons-rodillos","11":"product_cat-rodillos","12":"product_tag-corro","13":"product_tag-eines","14":"product_tag-herramientas","15":"product_tag-recanvis-es","16":"product_tag-recanvis","17":"product_tag-rodillo","18":"no-featured-image-padding","19":"resize-featured-image","20":"sales-flash-overlay","21":"woocommerce-text-align-left","22":"woocommerce-image-align-center","23":"do-quantity-buttons","25":"first","26":"instock","27":"shipping-taxable","28":"purchasable","29":"product-type-variable"},"acf":[],"yoast_head":"<!-- This site is optimized with the Yoast SEO plugin v27.1.1 - https:\/\/yoast.com\/product\/yoast-seo-wordpress\/ -->\n<title>Bolsa 2 recambios espuma rodillo poro 0 - Oller Pinturas y revestimientos<\/title>\n<meta name=\"description\" content=\"Si eres de los\/las que buscan la versi\u00f3n original, \u00a1esta es la mejor opci\u00f3n para ti! Con estos recambios de espuma para el rodillo poro 0 podr\u00e1s pintar a\" \/>\n<meta name=\"robots\" content=\"index, follow, max-snippet:-1, max-image-preview:large, max-video-preview:-1\" \/>\n<link rel=\"canonical\" href=\"https:\/\/ollerpintures.com\/es\/producto\/bolsa-2-recambios-espuma-rodillo-poro-0\/\" \/>\n<meta property=\"og:locale\" content=\"es_ES\" \/>\n<meta property=\"og:type\" content=\"article\" \/>\n<meta property=\"og:title\" content=\"Bolsa 2 recambios espuma rodillo poro 0 - Oller Pinturas y revestimientos\" \/>\n<meta property=\"og:description\" content=\"Si eres de los\/las que buscan la versi\u00f3n original, \u00a1esta es la mejor opci\u00f3n para ti! Con estos recambios de espuma para el rodillo poro 0 podr\u00e1s pintar a\" \/>\n<meta property=\"og:url\" content=\"https:\/\/ollerpintures.com\/es\/producto\/bolsa-2-recambios-espuma-rodillo-poro-0\/\" \/>\n<meta property=\"og:site_name\" content=\"Oller Pinturas y revestimientos\" \/>\n<meta property=\"article:publisher\" content=\"https:\/\/www.facebook.com\/people\/Oller-Pintures\/100063652056709\/\" \/>\n<meta property=\"article:modified_time\" content=\"2022-01-30T21:51:26+00:00\" \/>\n<meta property=\"og:image\" content=\"https:\/\/ollerpintures.com\/wp-content\/uploads\/2021\/01\/recambio-rodillo-espuma-poro-0-para-pintar-oller-tienda-online.jpg\" \/>\n\t<meta property=\"og:image:width\" content=\"470\" \/>\n\t<meta property=\"og:image:height\" content=\"470\" \/>\n\t<meta property=\"og:image:type\" content=\"image\/jpeg\" \/>\n<meta name=\"twitter:card\" content=\"summary_large_image\" \/>\n<meta name=\"twitter:label1\" content=\"Tiempo de lectura\" \/>\n\t<meta name=\"twitter:data1\" content=\"1 minuto\" \/>\n<script type=\"application\/ld+json\" class=\"yoast-schema-graph\">{\"@context\":\"https:\/\/schema.org\",\"@graph\":[{\"@type\":\"WebPage\",\"@id\":\"https:\/\/ollerpintures.com\/es\/producto\/bolsa-2-recambios-espuma-rodillo-poro-0\/\",\"url\":\"https:\/\/ollerpintures.com\/es\/producto\/bolsa-2-recambios-espuma-rodillo-poro-0\/\",\"name\":\"Bolsa 2 recambios espuma rodillo poro 0 - Oller Pinturas y revestimientos\",\"isPartOf\":{\"@id\":\"https:\/\/ollerpintures.com\/es\/#website\"},\"primaryImageOfPage\":{\"@id\":\"https:\/\/ollerpintures.com\/es\/producto\/bolsa-2-recambios-espuma-rodillo-poro-0\/#primaryimage\"},\"image\":{\"@id\":\"https:\/\/ollerpintures.com\/es\/producto\/bolsa-2-recambios-espuma-rodillo-poro-0\/#primaryimage\"},\"thumbnailUrl\":\"https:\/\/ollerpintures.com\/wp-content\/uploads\/2021\/01\/recambio-rodillo-espuma-poro-0-para-pintar-oller-tienda-online.jpg\",\"datePublished\":\"2021-01-15T11:59:03+00:00\",\"dateModified\":\"2022-01-30T21:51:26+00:00\",\"description\":\"Si eres de los\/las que buscan la versi\u00f3n original, \u00a1esta es la mejor opci\u00f3n para ti! Con estos recambios de espuma para el rodillo poro 0 podr\u00e1s pintar a\",\"breadcrumb\":{\"@id\":\"https:\/\/ollerpintures.com\/es\/producto\/bolsa-2-recambios-espuma-rodillo-poro-0\/#breadcrumb\"},\"inLanguage\":\"es\",\"potentialAction\":[{\"@type\":\"ReadAction\",\"target\":[\"https:\/\/ollerpintures.com\/es\/producto\/bolsa-2-recambios-espuma-rodillo-poro-0\/\"]}]},{\"@type\":\"ImageObject\",\"inLanguage\":\"es\",\"@id\":\"https:\/\/ollerpintures.com\/es\/producto\/bolsa-2-recambios-espuma-rodillo-poro-0\/#primaryimage\",\"url\":\"https:\/\/ollerpintures.com\/wp-content\/uploads\/2021\/01\/recambio-rodillo-espuma-poro-0-para-pintar-oller-tienda-online.jpg\",\"contentUrl\":\"https:\/\/ollerpintures.com\/wp-content\/uploads\/2021\/01\/recambio-rodillo-espuma-poro-0-para-pintar-oller-tienda-online.jpg\",\"width\":470,\"height\":470,\"caption\":\"Bolsa 2 recambios espuma poro 0 para rodillo\"},{\"@type\":\"BreadcrumbList\",\"@id\":\"https:\/\/ollerpintures.com\/es\/producto\/bolsa-2-recambios-espuma-rodillo-poro-0\/#breadcrumb\",\"itemListElement\":[{\"@type\":\"ListItem\",\"position\":1,\"name\":\"Inici\",\"item\":\"https:\/\/ollerpintures.com\/es\/\"},{\"@type\":\"ListItem\",\"position\":2,\"name\":\"Tienda\",\"item\":\"https:\/\/ollerpintures.com\/es\/tienda\/\"},{\"@type\":\"ListItem\",\"position\":3,\"name\":\"Bolsa 2 recambios espuma rodillo poro 0\"}]},{\"@type\":\"WebSite\",\"@id\":\"https:\/\/ollerpintures.com\/es\/#website\",\"url\":\"https:\/\/ollerpintures.com\/es\/\",\"name\":\"Oller Pinturas y Revestimientos\",\"description\":\"M\u00e1s de 50 a\u00f1os acompa\u00f1ando a profesionales y particulares con soluciones de pintura duraderas y sostenibles, seis tiendas de proximidad con servicio tintom\u00e9trico propio y un compromiso real con el oficio y las nuevas generaciones.\",\"publisher\":{\"@id\":\"https:\/\/ollerpintures.com\/es\/#organization\"},\"alternateName\":\"Oller Grup\",\"potentialAction\":[{\"@type\":\"SearchAction\",\"target\":{\"@type\":\"EntryPoint\",\"urlTemplate\":\"https:\/\/ollerpintures.com\/es\/?s={search_term_string}\"},\"query-input\":{\"@type\":\"PropertyValueSpecification\",\"valueRequired\":true,\"valueName\":\"search_term_string\"}}],\"inLanguage\":\"es\"},{\"@type\":\"Organization\",\"@id\":\"https:\/\/ollerpintures.com\/es\/#organization\",\"name\":\"Oller Pintures i Revestiments\",\"alternateName\":\"Oller Grup\",\"url\":\"https:\/\/ollerpintures.com\/es\/\",\"logo\":{\"@type\":\"ImageObject\",\"inLanguage\":\"es\",\"@id\":\"https:\/\/ollerpintures.com\/es\/#\/schema\/logo\/image\/\",\"url\":\"https:\/\/ollerpintures.com\/wp-content\/uploads\/2024\/05\/newLogo.png\",\"contentUrl\":\"https:\/\/ollerpintures.com\/wp-content\/uploads\/2024\/05\/newLogo.png\",\"width\":483,\"height\":244,\"caption\":\"Oller Pintures i Revestiments\"},\"image\":{\"@id\":\"https:\/\/ollerpintures.com\/es\/#\/schema\/logo\/image\/\"},\"sameAs\":[\"https:\/\/www.facebook.com\/people\/Oller-Pintures\/100063652056709\/\",\"https:\/\/www.instagram.com\/ollerpintures\/\",\"https:\/\/descriptor.es\/organization\/oller-grup\/\"]}]}<\/script>\n<!-- \/ Yoast SEO plugin. -->","yoast_head_json":{"title":"Bolsa 2 recambios espuma rodillo poro 0 - Oller Pinturas y revestimientos","description":"Si eres de los\/las que buscan la versi\u00f3n original, \u00a1esta es la mejor opci\u00f3n para ti! Con estos recambios de espuma para el rodillo poro 0 podr\u00e1s pintar a","robots":{"index":"index","follow":"follow","max-snippet":"max-snippet:-1","max-image-preview":"max-image-preview:large","max-video-preview":"max-video-preview:-1"},"canonical":"https:\/\/ollerpintures.com\/es\/producto\/bolsa-2-recambios-espuma-rodillo-poro-0\/","og_locale":"es_ES","og_type":"article","og_title":"Bolsa 2 recambios espuma rodillo poro 0 - Oller Pinturas y revestimientos","og_description":"Si eres de los\/las que buscan la versi\u00f3n original, \u00a1esta es la mejor opci\u00f3n para ti! Con estos recambios de espuma para el rodillo poro 0 podr\u00e1s pintar a","og_url":"https:\/\/ollerpintures.com\/es\/producto\/bolsa-2-recambios-espuma-rodillo-poro-0\/","og_site_name":"Oller Pinturas y revestimientos","article_publisher":"https:\/\/www.facebook.com\/people\/Oller-Pintures\/100063652056709\/","article_modified_time":"2022-01-30T21:51:26+00:00","og_image":[{"width":470,"height":470,"url":"https:\/\/ollerpintures.com\/wp-content\/uploads\/2021\/01\/recambio-rodillo-espuma-poro-0-para-pintar-oller-tienda-online.jpg","type":"image\/jpeg"}],"twitter_card":"summary_large_image","twitter_misc":{"Tiempo de lectura":"1 minuto"},"schema":{"@context":"https:\/\/schema.org","@graph":[{"@type":"WebPage","@id":"https:\/\/ollerpintures.com\/es\/producto\/bolsa-2-recambios-espuma-rodillo-poro-0\/","url":"https:\/\/ollerpintures.com\/es\/producto\/bolsa-2-recambios-espuma-rodillo-poro-0\/","name":"Bolsa 2 recambios espuma rodillo poro 0 - Oller Pinturas y revestimientos","isPartOf":{"@id":"https:\/\/ollerpintures.com\/es\/#website"},"primaryImageOfPage":{"@id":"https:\/\/ollerpintures.com\/es\/producto\/bolsa-2-recambios-espuma-rodillo-poro-0\/#primaryimage"},"image":{"@id":"https:\/\/ollerpintures.com\/es\/producto\/bolsa-2-recambios-espuma-rodillo-poro-0\/#primaryimage"},"thumbnailUrl":"https:\/\/ollerpintures.com\/wp-content\/uploads\/2021\/01\/recambio-rodillo-espuma-poro-0-para-pintar-oller-tienda-online.jpg","datePublished":"2021-01-15T11:59:03+00:00","dateModified":"2022-01-30T21:51:26+00:00","description":"Si eres de los\/las que buscan la versi\u00f3n original, \u00a1esta es la mejor opci\u00f3n para ti! Con estos recambios de espuma para el rodillo poro 0 podr\u00e1s pintar a","breadcrumb":{"@id":"https:\/\/ollerpintures.com\/es\/producto\/bolsa-2-recambios-espuma-rodillo-poro-0\/#breadcrumb"},"inLanguage":"es","potentialAction":[{"@type":"ReadAction","target":["https:\/\/ollerpintures.com\/es\/producto\/bolsa-2-recambios-espuma-rodillo-poro-0\/"]}]},{"@type":"ImageObject","inLanguage":"es","@id":"https:\/\/ollerpintures.com\/es\/producto\/bolsa-2-recambios-espuma-rodillo-poro-0\/#primaryimage","url":"https:\/\/ollerpintures.com\/wp-content\/uploads\/2021\/01\/recambio-rodillo-espuma-poro-0-para-pintar-oller-tienda-online.jpg","contentUrl":"https:\/\/ollerpintures.com\/wp-content\/uploads\/2021\/01\/recambio-rodillo-espuma-poro-0-para-pintar-oller-tienda-online.jpg","width":470,"height":470,"caption":"Bolsa 2 recambios espuma poro 0 para rodillo"},{"@type":"BreadcrumbList","@id":"https:\/\/ollerpintures.com\/es\/producto\/bolsa-2-recambios-espuma-rodillo-poro-0\/#breadcrumb","itemListElement":[{"@type":"ListItem","position":1,"name":"Inici","item":"https:\/\/ollerpintures.com\/es\/"},{"@type":"ListItem","position":2,"name":"Tienda","item":"https:\/\/ollerpintures.com\/es\/tienda\/"},{"@type":"ListItem","position":3,"name":"Bolsa 2 recambios espuma rodillo poro 0"}]},{"@type":"WebSite","@id":"https:\/\/ollerpintures.com\/es\/#website","url":"https:\/\/ollerpintures.com\/es\/","name":"Oller Pinturas y Revestimientos","description":"M\u00e1s de 50 a\u00f1os acompa\u00f1ando a profesionales y particulares con soluciones de pintura duraderas y sostenibles, seis tiendas de proximidad con servicio tintom\u00e9trico propio y un compromiso real con el oficio y las nuevas generaciones.","publisher":{"@id":"https:\/\/ollerpintures.com\/es\/#organization"},"alternateName":"Oller Grup","potentialAction":[{"@type":"SearchAction","target":{"@type":"EntryPoint","urlTemplate":"https:\/\/ollerpintures.com\/es\/?s={search_term_string}"},"query-input":{"@type":"PropertyValueSpecification","valueRequired":true,"valueName":"search_term_string"}}],"inLanguage":"es"},{"@type":"Organization","@id":"https:\/\/ollerpintures.com\/es\/#organization","name":"Oller Pintures i Revestiments","alternateName":"Oller Grup","url":"https:\/\/ollerpintures.com\/es\/","logo":{"@type":"ImageObject","inLanguage":"es","@id":"https:\/\/ollerpintures.com\/es\/#\/schema\/logo\/image\/","url":"https:\/\/ollerpintures.com\/wp-content\/uploads\/2024\/05\/newLogo.png","contentUrl":"https:\/\/ollerpintures.com\/wp-content\/uploads\/2024\/05\/newLogo.png","width":483,"height":244,"caption":"Oller Pintures i Revestiments"},"image":{"@id":"https:\/\/ollerpintures.com\/es\/#\/schema\/logo\/image\/"},"sameAs":["https:\/\/www.facebook.com\/people\/Oller-Pintures\/100063652056709\/","https:\/\/www.instagram.com\/ollerpintures\/","https:\/\/descriptor.es\/organization\/oller-grup\/"]}]}},"brands":[],"_links":{"self":[{"href":"https:\/\/ollerpintures.com\/es\/wp-json\/wp\/v2\/product\/6905","targetHints":{"allow":["GET"]}}],"collection":[{"href":"https:\/\/ollerpintures.com\/es\/wp-json\/wp\/v2\/product"}],"about":[{"href":"https:\/\/ollerpintures.com\/es\/wp-json\/wp\/v2\/types\/product"}],"wp:featuredmedia":[{"embeddable":true,"href":"https:\/\/ollerpintures.com\/es\/wp-json\/wp\/v2\/media\/6770"}],"wp:attachment":[{"href":"https:\/\/ollerpintures.com\/es\/wp-json\/wp\/v2\/media?parent=6905"}],"wp:term":[{"taxonomy":"pwb-brand","embeddable":true,"href":"https:\/\/ollerpintures.com\/es\/wp-json\/wp\/v2\/pwb-brand?post=6905"},{"taxonomy":"product_brand","embeddable":true,"href":"https:\/\/ollerpintures.com\/es\/wp-json\/wp\/v2\/product_brand?post=6905"},{"taxonomy":"product_cat","embeddable":true,"href":"https:\/\/ollerpintures.com\/es\/wp-json\/wp\/v2\/product_cat?post=6905"},{"taxonomy":"product_tag","embeddable":true,"href":"https:\/\/ollerpintures.com\/es\/wp-json\/wp\/v2\/product_tag?post=6905"}],"curies":[{"name":"wp","href":"https:\/\/api.w.org\/{rel}","templated":true}]}}