{"id":6902,"date":"2021-01-18T09:42:07","date_gmt":"2021-01-18T08:42:07","guid":{"rendered":"https:\/\/oller-pintures.c.wetopi.com\/producte\/bolsa-2-recambios-espuma-rodillo-antigota-para-paredes-y-techos\/"},"modified":"2021-02-05T10:03:01","modified_gmt":"2021-02-05T09:03:01","slug":"bolsa-2-recambios-espuma-rodillo-antigota-para-paredes-y-techos","status":"publish","type":"product","link":"https:\/\/ollerpintures.com\/es\/producto\/bolsa-2-recambios-espuma-rodillo-antigota-para-paredes-y-techos\/","title":{"rendered":"Bolsa 2 recambios rodillo antigota para paredes y techos"},"content":{"rendered":"<p>Rodillo especial para <strong>pintura pl\u00e1stica y pinturas al agua<\/strong>. Te lo recomendamos si lo que quieres es <strong>pintar superficies lisas o peque\u00f1os rincones<\/strong> (detr\u00e1s de los radiadores, por ejemplo). Es una soluci\u00f3n muy pr\u00e1ctica y econ\u00f3mica. Adem\u00e1s, <strong>no salpica<\/strong> y, gracias a su peque\u00f1o tama\u00f1o, \u00a1podr\u00e1s pintar los m\u00e1rgenes y esquinas de las paredes y techos sin necesidad de ensuciar una brocha extra!<\/p>\n<p>&nbsp;<\/p>\n<p><strong>\u00a1Recuerda completar su compra con el mango!<\/strong><\/p>\n<hr \/>\n<h4><span style=\"color: #ff6600;\">Consejo Oller<\/span>:\u00a0Para determinar qu\u00e9 rodillo es el m\u00e1s adecuado para el proyecto, necesitamos saber qu\u00e9 material queremos pintar (hierro, madera o pared), la extensi\u00f3n de la superficie (m2) y los acabados y calidad que queremos conseguir. \u00a1Con estos datos, pod\u00e9is valorar cual es el mejor rodillo para cada caso, siguiendo las recomendaciones que os dejamos en las descripciones de los productos!<\/h4>\n<hr \/>\n<h4><\/h4>\n","protected":false},"excerpt":{"rendered":"<p>Rodillo especial para pintura pl\u00e1stica y pinturas al agua. Te lo recomendamos si lo que quieres es pintar superficies lisas o peque\u00f1os rincones (detr\u00e1s de &#8230; <\/p>\n<p class=\"read-more-container\"><a title=\"Bolsa 2 recambios rodillo antigota para paredes y techos\" class=\"read-more button\" href=\"https:\/\/ollerpintures.com\/es\/producto\/bolsa-2-recambios-espuma-rodillo-antigota-para-paredes-y-techos\/#more-6902\" aria-label=\"Leer m\u00e1s sobre Bolsa 2 recambios rodillo antigota para paredes y techos\">Leer m\u00e1s<\/a><\/p>\n","protected":false},"featured_media":6777,"template":"","meta":{"_acf_changed":false},"pwb-brand":[],"product_brand":[],"product_cat":[112,77,95,199,99,200],"product_tag":[97,96,380,433,210,216,71,439,378,209,379,440],"class_list":{"0":"post-6902","1":"product","2":"type-product","3":"status-publish","4":"has-post-thumbnail","6":"product_cat-herramientas-y-complementos","7":"product_cat-eines","8":"product_cat-per-pintar","9":"product_cat-para-pintar","10":"product_cat-corrons-rodillos","11":"product_cat-rodillos","12":"product_tag-corro","13":"product_tag-eines","14":"product_tag-escuma","15":"product_tag-escuma-es","16":"product_tag-herramientas","17":"product_tag-pared","18":"product_tag-paret","19":"product_tag-recanvis-es","20":"product_tag-recanvis","21":"product_tag-rodillo","22":"product_tag-sostre","23":"product_tag-techo","24":"no-featured-image-padding","25":"resize-featured-image","26":"sales-flash-overlay","27":"woocommerce-text-align-left","28":"woocommerce-image-align-center","29":"do-quantity-buttons","30":"wc-has-gallery","32":"first","33":"instock","34":"shipping-taxable","35":"purchasable","36":"product-type-variable"},"acf":[],"yoast_head":"<!-- This site is optimized with the Yoast SEO plugin v27.1.1 - https:\/\/yoast.com\/product\/yoast-seo-wordpress\/ -->\n<title>Bolsa 2 recambios rodillo antigota para paredes y techos - Oller Pinturas y revestimientos<\/title>\n<meta name=\"description\" content=\"Rodillo especial para pintura pl\u00e1stica y pinturas al agua. Te lo recomendamos si lo que quieres es pintar superficies lisas o peque\u00f1os rincones (detr\u00e1s de\" \/>\n<meta name=\"robots\" content=\"index, follow, max-snippet:-1, max-image-preview:large, max-video-preview:-1\" \/>\n<link rel=\"canonical\" href=\"https:\/\/ollerpintures.com\/es\/producto\/bolsa-2-recambios-espuma-rodillo-antigota-para-paredes-y-techos\/\" \/>\n<meta property=\"og:locale\" content=\"es_ES\" \/>\n<meta property=\"og:type\" content=\"article\" \/>\n<meta property=\"og:title\" content=\"Bolsa 2 recambios rodillo antigota para paredes y techos - Oller Pinturas y revestimientos\" \/>\n<meta property=\"og:description\" content=\"Rodillo especial para pintura pl\u00e1stica y pinturas al agua. Te lo recomendamos si lo que quieres es pintar superficies lisas o peque\u00f1os rincones (detr\u00e1s de\" \/>\n<meta property=\"og:url\" content=\"https:\/\/ollerpintures.com\/es\/producto\/bolsa-2-recambios-espuma-rodillo-antigota-para-paredes-y-techos\/\" \/>\n<meta property=\"og:site_name\" content=\"Oller Pinturas y revestimientos\" \/>\n<meta property=\"article:publisher\" content=\"https:\/\/www.facebook.com\/people\/Oller-Pintures\/100063652056709\/\" \/>\n<meta property=\"article:modified_time\" content=\"2021-02-05T09:03:01+00:00\" \/>\n<meta property=\"og:image\" content=\"https:\/\/ollerpintures.com\/wp-content\/uploads\/2021\/01\/rodillo-antigota-recambio-espuma-ollerpintures.jpg\" \/>\n\t<meta property=\"og:image:width\" content=\"800\" \/>\n\t<meta property=\"og:image:height\" content=\"800\" \/>\n\t<meta property=\"og:image:type\" content=\"image\/jpeg\" \/>\n<meta name=\"twitter:card\" content=\"summary_large_image\" \/>\n<meta name=\"twitter:label1\" content=\"Tiempo de lectura\" \/>\n\t<meta name=\"twitter:data1\" content=\"1 minuto\" \/>\n<script type=\"application\/ld+json\" class=\"yoast-schema-graph\">{\"@context\":\"https:\/\/schema.org\",\"@graph\":[{\"@type\":\"WebPage\",\"@id\":\"https:\/\/ollerpintures.com\/es\/producto\/bolsa-2-recambios-espuma-rodillo-antigota-para-paredes-y-techos\/\",\"url\":\"https:\/\/ollerpintures.com\/es\/producto\/bolsa-2-recambios-espuma-rodillo-antigota-para-paredes-y-techos\/\",\"name\":\"Bolsa 2 recambios rodillo antigota para paredes y techos - Oller Pinturas y revestimientos\",\"isPartOf\":{\"@id\":\"https:\/\/ollerpintures.com\/es\/#website\"},\"primaryImageOfPage\":{\"@id\":\"https:\/\/ollerpintures.com\/es\/producto\/bolsa-2-recambios-espuma-rodillo-antigota-para-paredes-y-techos\/#primaryimage\"},\"image\":{\"@id\":\"https:\/\/ollerpintures.com\/es\/producto\/bolsa-2-recambios-espuma-rodillo-antigota-para-paredes-y-techos\/#primaryimage\"},\"thumbnailUrl\":\"https:\/\/ollerpintures.com\/wp-content\/uploads\/2021\/01\/rodillo-antigota-recambio-espuma-ollerpintures.jpg\",\"datePublished\":\"2021-01-18T08:42:07+00:00\",\"dateModified\":\"2021-02-05T09:03:01+00:00\",\"description\":\"Rodillo especial para pintura pl\u00e1stica y pinturas al agua. Te lo recomendamos si lo que quieres es pintar superficies lisas o peque\u00f1os rincones (detr\u00e1s de\",\"breadcrumb\":{\"@id\":\"https:\/\/ollerpintures.com\/es\/producto\/bolsa-2-recambios-espuma-rodillo-antigota-para-paredes-y-techos\/#breadcrumb\"},\"inLanguage\":\"es\",\"potentialAction\":[{\"@type\":\"ReadAction\",\"target\":[\"https:\/\/ollerpintures.com\/es\/producto\/bolsa-2-recambios-espuma-rodillo-antigota-para-paredes-y-techos\/\"]}]},{\"@type\":\"ImageObject\",\"inLanguage\":\"es\",\"@id\":\"https:\/\/ollerpintures.com\/es\/producto\/bolsa-2-recambios-espuma-rodillo-antigota-para-paredes-y-techos\/#primaryimage\",\"url\":\"https:\/\/ollerpintures.com\/wp-content\/uploads\/2021\/01\/rodillo-antigota-recambio-espuma-ollerpintures.jpg\",\"contentUrl\":\"https:\/\/ollerpintures.com\/wp-content\/uploads\/2021\/01\/rodillo-antigota-recambio-espuma-ollerpintures.jpg\",\"width\":800,\"height\":800,\"caption\":\"Recambio rodillo antigota paredes y techos\"},{\"@type\":\"BreadcrumbList\",\"@id\":\"https:\/\/ollerpintures.com\/es\/producto\/bolsa-2-recambios-espuma-rodillo-antigota-para-paredes-y-techos\/#breadcrumb\",\"itemListElement\":[{\"@type\":\"ListItem\",\"position\":1,\"name\":\"Inici\",\"item\":\"https:\/\/ollerpintures.com\/es\/\"},{\"@type\":\"ListItem\",\"position\":2,\"name\":\"Tienda\",\"item\":\"https:\/\/ollerpintures.com\/es\/tienda\/\"},{\"@type\":\"ListItem\",\"position\":3,\"name\":\"Bolsa 2 recambios rodillo antigota para paredes y techos\"}]},{\"@type\":\"WebSite\",\"@id\":\"https:\/\/ollerpintures.com\/es\/#website\",\"url\":\"https:\/\/ollerpintures.com\/es\/\",\"name\":\"Oller Pinturas y Revestimientos\",\"description\":\"M\u00e1s de 50 a\u00f1os acompa\u00f1ando a profesionales y particulares con soluciones de pintura duraderas y sostenibles, seis tiendas de proximidad con servicio tintom\u00e9trico propio y un compromiso real con el oficio y las nuevas generaciones.\",\"publisher\":{\"@id\":\"https:\/\/ollerpintures.com\/es\/#organization\"},\"alternateName\":\"Oller Grup\",\"potentialAction\":[{\"@type\":\"SearchAction\",\"target\":{\"@type\":\"EntryPoint\",\"urlTemplate\":\"https:\/\/ollerpintures.com\/es\/?s={search_term_string}\"},\"query-input\":{\"@type\":\"PropertyValueSpecification\",\"valueRequired\":true,\"valueName\":\"search_term_string\"}}],\"inLanguage\":\"es\"},{\"@type\":\"Organization\",\"@id\":\"https:\/\/ollerpintures.com\/es\/#organization\",\"name\":\"Oller Pintures i Revestiments\",\"alternateName\":\"Oller Grup\",\"url\":\"https:\/\/ollerpintures.com\/es\/\",\"logo\":{\"@type\":\"ImageObject\",\"inLanguage\":\"es\",\"@id\":\"https:\/\/ollerpintures.com\/es\/#\/schema\/logo\/image\/\",\"url\":\"https:\/\/ollerpintures.com\/wp-content\/uploads\/2024\/05\/newLogo.png\",\"contentUrl\":\"https:\/\/ollerpintures.com\/wp-content\/uploads\/2024\/05\/newLogo.png\",\"width\":483,\"height\":244,\"caption\":\"Oller Pintures i Revestiments\"},\"image\":{\"@id\":\"https:\/\/ollerpintures.com\/es\/#\/schema\/logo\/image\/\"},\"sameAs\":[\"https:\/\/www.facebook.com\/people\/Oller-Pintures\/100063652056709\/\",\"https:\/\/www.instagram.com\/ollerpintures\/\",\"https:\/\/descriptor.es\/organization\/oller-grup\/\"]}]}<\/script>\n<!-- \/ Yoast SEO plugin. -->","yoast_head_json":{"title":"Bolsa 2 recambios rodillo antigota para paredes y techos - Oller Pinturas y revestimientos","description":"Rodillo especial para pintura pl\u00e1stica y pinturas al agua. Te lo recomendamos si lo que quieres es pintar superficies lisas o peque\u00f1os rincones (detr\u00e1s de","robots":{"index":"index","follow":"follow","max-snippet":"max-snippet:-1","max-image-preview":"max-image-preview:large","max-video-preview":"max-video-preview:-1"},"canonical":"https:\/\/ollerpintures.com\/es\/producto\/bolsa-2-recambios-espuma-rodillo-antigota-para-paredes-y-techos\/","og_locale":"es_ES","og_type":"article","og_title":"Bolsa 2 recambios rodillo antigota para paredes y techos - Oller Pinturas y revestimientos","og_description":"Rodillo especial para pintura pl\u00e1stica y pinturas al agua. Te lo recomendamos si lo que quieres es pintar superficies lisas o peque\u00f1os rincones (detr\u00e1s de","og_url":"https:\/\/ollerpintures.com\/es\/producto\/bolsa-2-recambios-espuma-rodillo-antigota-para-paredes-y-techos\/","og_site_name":"Oller Pinturas y revestimientos","article_publisher":"https:\/\/www.facebook.com\/people\/Oller-Pintures\/100063652056709\/","article_modified_time":"2021-02-05T09:03:01+00:00","og_image":[{"width":800,"height":800,"url":"https:\/\/ollerpintures.com\/wp-content\/uploads\/2021\/01\/rodillo-antigota-recambio-espuma-ollerpintures.jpg","type":"image\/jpeg"}],"twitter_card":"summary_large_image","twitter_misc":{"Tiempo de lectura":"1 minuto"},"schema":{"@context":"https:\/\/schema.org","@graph":[{"@type":"WebPage","@id":"https:\/\/ollerpintures.com\/es\/producto\/bolsa-2-recambios-espuma-rodillo-antigota-para-paredes-y-techos\/","url":"https:\/\/ollerpintures.com\/es\/producto\/bolsa-2-recambios-espuma-rodillo-antigota-para-paredes-y-techos\/","name":"Bolsa 2 recambios rodillo antigota para paredes y techos - Oller Pinturas y revestimientos","isPartOf":{"@id":"https:\/\/ollerpintures.com\/es\/#website"},"primaryImageOfPage":{"@id":"https:\/\/ollerpintures.com\/es\/producto\/bolsa-2-recambios-espuma-rodillo-antigota-para-paredes-y-techos\/#primaryimage"},"image":{"@id":"https:\/\/ollerpintures.com\/es\/producto\/bolsa-2-recambios-espuma-rodillo-antigota-para-paredes-y-techos\/#primaryimage"},"thumbnailUrl":"https:\/\/ollerpintures.com\/wp-content\/uploads\/2021\/01\/rodillo-antigota-recambio-espuma-ollerpintures.jpg","datePublished":"2021-01-18T08:42:07+00:00","dateModified":"2021-02-05T09:03:01+00:00","description":"Rodillo especial para pintura pl\u00e1stica y pinturas al agua. Te lo recomendamos si lo que quieres es pintar superficies lisas o peque\u00f1os rincones (detr\u00e1s de","breadcrumb":{"@id":"https:\/\/ollerpintures.com\/es\/producto\/bolsa-2-recambios-espuma-rodillo-antigota-para-paredes-y-techos\/#breadcrumb"},"inLanguage":"es","potentialAction":[{"@type":"ReadAction","target":["https:\/\/ollerpintures.com\/es\/producto\/bolsa-2-recambios-espuma-rodillo-antigota-para-paredes-y-techos\/"]}]},{"@type":"ImageObject","inLanguage":"es","@id":"https:\/\/ollerpintures.com\/es\/producto\/bolsa-2-recambios-espuma-rodillo-antigota-para-paredes-y-techos\/#primaryimage","url":"https:\/\/ollerpintures.com\/wp-content\/uploads\/2021\/01\/rodillo-antigota-recambio-espuma-ollerpintures.jpg","contentUrl":"https:\/\/ollerpintures.com\/wp-content\/uploads\/2021\/01\/rodillo-antigota-recambio-espuma-ollerpintures.jpg","width":800,"height":800,"caption":"Recambio rodillo antigota paredes y techos"},{"@type":"BreadcrumbList","@id":"https:\/\/ollerpintures.com\/es\/producto\/bolsa-2-recambios-espuma-rodillo-antigota-para-paredes-y-techos\/#breadcrumb","itemListElement":[{"@type":"ListItem","position":1,"name":"Inici","item":"https:\/\/ollerpintures.com\/es\/"},{"@type":"ListItem","position":2,"name":"Tienda","item":"https:\/\/ollerpintures.com\/es\/tienda\/"},{"@type":"ListItem","position":3,"name":"Bolsa 2 recambios rodillo antigota para paredes y techos"}]},{"@type":"WebSite","@id":"https:\/\/ollerpintures.com\/es\/#website","url":"https:\/\/ollerpintures.com\/es\/","name":"Oller Pinturas y Revestimientos","description":"M\u00e1s de 50 a\u00f1os acompa\u00f1ando a profesionales y particulares con soluciones de pintura duraderas y sostenibles, seis tiendas de proximidad con servicio tintom\u00e9trico propio y un compromiso real con el oficio y las nuevas generaciones.","publisher":{"@id":"https:\/\/ollerpintures.com\/es\/#organization"},"alternateName":"Oller Grup","potentialAction":[{"@type":"SearchAction","target":{"@type":"EntryPoint","urlTemplate":"https:\/\/ollerpintures.com\/es\/?s={search_term_string}"},"query-input":{"@type":"PropertyValueSpecification","valueRequired":true,"valueName":"search_term_string"}}],"inLanguage":"es"},{"@type":"Organization","@id":"https:\/\/ollerpintures.com\/es\/#organization","name":"Oller Pintures i Revestiments","alternateName":"Oller Grup","url":"https:\/\/ollerpintures.com\/es\/","logo":{"@type":"ImageObject","inLanguage":"es","@id":"https:\/\/ollerpintures.com\/es\/#\/schema\/logo\/image\/","url":"https:\/\/ollerpintures.com\/wp-content\/uploads\/2024\/05\/newLogo.png","contentUrl":"https:\/\/ollerpintures.com\/wp-content\/uploads\/2024\/05\/newLogo.png","width":483,"height":244,"caption":"Oller Pintures i Revestiments"},"image":{"@id":"https:\/\/ollerpintures.com\/es\/#\/schema\/logo\/image\/"},"sameAs":["https:\/\/www.facebook.com\/people\/Oller-Pintures\/100063652056709\/","https:\/\/www.instagram.com\/ollerpintures\/","https:\/\/descriptor.es\/organization\/oller-grup\/"]}]}},"brands":[],"_links":{"self":[{"href":"https:\/\/ollerpintures.com\/es\/wp-json\/wp\/v2\/product\/6902","targetHints":{"allow":["GET"]}}],"collection":[{"href":"https:\/\/ollerpintures.com\/es\/wp-json\/wp\/v2\/product"}],"about":[{"href":"https:\/\/ollerpintures.com\/es\/wp-json\/wp\/v2\/types\/product"}],"wp:featuredmedia":[{"embeddable":true,"href":"https:\/\/ollerpintures.com\/es\/wp-json\/wp\/v2\/media\/6777"}],"wp:attachment":[{"href":"https:\/\/ollerpintures.com\/es\/wp-json\/wp\/v2\/media?parent=6902"}],"wp:term":[{"taxonomy":"pwb-brand","embeddable":true,"href":"https:\/\/ollerpintures.com\/es\/wp-json\/wp\/v2\/pwb-brand?post=6902"},{"taxonomy":"product_brand","embeddable":true,"href":"https:\/\/ollerpintures.com\/es\/wp-json\/wp\/v2\/product_brand?post=6902"},{"taxonomy":"product_cat","embeddable":true,"href":"https:\/\/ollerpintures.com\/es\/wp-json\/wp\/v2\/product_cat?post=6902"},{"taxonomy":"product_tag","embeddable":true,"href":"https:\/\/ollerpintures.com\/es\/wp-json\/wp\/v2\/product_tag?post=6902"}],"curies":[{"name":"wp","href":"https:\/\/api.w.org\/{rel}","templated":true}]}}