{"id":6895,"date":"2021-01-18T10:18:13","date_gmt":"2021-01-18T09:18:13","guid":{"rendered":"https:\/\/oller-pintures.c.wetopi.com\/producte\/recambio-rodillo-midi-plus-bicolor-o40-15cm\/"},"modified":"2021-02-03T12:27:20","modified_gmt":"2021-02-03T11:27:20","slug":"recambio-rodillo-midi-plus-bicolor-o40-15cm","status":"publish","type":"product","link":"https:\/\/ollerpintures.com\/es\/producto\/recambio-rodillo-midi-plus-bicolor-o40-15cm\/","title":{"rendered":"Recambio rodillo midi plus bicolor \u00d840 15cm"},"content":{"rendered":"<p>Rodillo especial para <strong>fachadas y paredes rugosas<\/strong>. Si quieres pintar una <strong>terraza<\/strong>, paredes con <strong>gotel\u00e9<\/strong> o peque\u00f1as superficies, este es el producto que te dar\u00e1 mejor rendimiento. <strong>Muy adecuado si has comprado un bote de pintura de 4L.\u00a0<\/strong><\/p>\n<p>&nbsp;<\/p>\n<p><strong>\u00a1Recuerda complementar su compra con el mango adecuado!<\/strong><\/p>\n<blockquote><p><strong><span style=\"color: #ff6600;\">O<\/span>K Product:<\/strong> son productos que los profesionales de Oller Pintures recomendamos, por sus caracter\u00edsticas y funcionalidades y la gran relaci\u00f3n calidad-precio.<\/p><\/blockquote>\n<hr \/>\n<h4><span style=\"color: #ff6600;\">Consejo Oller: <span style=\"color: #000000;\">Para determinar qu\u00e9 rodillo es el m\u00e1s adecuado para el proyecto, necesitamos saber qu\u00e9 material queremos pintar (hierro, madera o pared), la extensi\u00f3n de la superficie (m2) y los acabados y calidad que queremos conseguir. \u00a1Con estos datos, pod\u00e9is valorar cual es el mejor rodillo para cada caso, siguiendo las recomendaciones que os dejamos en las descripciones de los productos!<\/span><\/span><\/h4>\n<hr \/>\n<h4><\/h4>\n","protected":false},"excerpt":{"rendered":"<p>Rodillo especial para fachadas y paredes rugosas. Si quieres pintar una terraza, paredes con gotel\u00e9 o peque\u00f1as superficies, este es el producto que te dar\u00e1 &#8230; <\/p>\n<p class=\"read-more-container\"><a title=\"Recambio rodillo midi plus bicolor \u00d840 15cm\" class=\"read-more button\" href=\"https:\/\/ollerpintures.com\/es\/producto\/recambio-rodillo-midi-plus-bicolor-o40-15cm\/#more-6895\" aria-label=\"Leer m\u00e1s sobre Recambio rodillo midi plus bicolor \u00d840 15cm\">Leer m\u00e1s<\/a><\/p>\n","protected":false},"featured_media":7923,"template":"","meta":{"_acf_changed":false},"pwb-brand":[],"product_brand":[],"product_cat":[112,199,200],"product_tag":[210,588,439,209],"class_list":{"0":"post-6895","1":"product","2":"type-product","3":"status-publish","4":"has-post-thumbnail","6":"product_cat-herramientas-y-complementos","7":"product_cat-para-pintar","8":"product_cat-rodillos","9":"product_tag-herramientas","10":"product_tag-ok-product-es","11":"product_tag-recanvis-es","12":"product_tag-rodillo","13":"no-featured-image-padding","14":"resize-featured-image","15":"sales-flash-overlay","16":"woocommerce-text-align-left","17":"woocommerce-image-align-center","18":"do-quantity-buttons","19":"wc-has-gallery","21":"first","22":"instock","23":"shipping-taxable","24":"purchasable","25":"product-type-simple"},"acf":[],"yoast_head":"<!-- This site is optimized with the Yoast SEO plugin v27.1.1 - https:\/\/yoast.com\/product\/yoast-seo-wordpress\/ -->\n<title>Recambio rodillo midi plus bicolor \u00d840 15cm - Oller Pinturas y revestimientos<\/title>\n<meta name=\"description\" content=\"Rodillo especial para fachadas y paredes rugosas. Si quieres pintar una terraza, paredes con gotel\u00e9 o peque\u00f1as superficies, este es el producto que te\" \/>\n<meta name=\"robots\" content=\"index, follow, max-snippet:-1, max-image-preview:large, max-video-preview:-1\" \/>\n<link rel=\"canonical\" href=\"https:\/\/ollerpintures.com\/es\/producto\/recambio-rodillo-midi-plus-bicolor-o40-15cm\/\" \/>\n<meta property=\"og:locale\" content=\"es_ES\" \/>\n<meta property=\"og:type\" content=\"article\" \/>\n<meta property=\"og:title\" content=\"Recambio rodillo midi plus bicolor \u00d840 15cm - Oller Pinturas y revestimientos\" \/>\n<meta property=\"og:description\" content=\"Rodillo especial para fachadas y paredes rugosas. Si quieres pintar una terraza, paredes con gotel\u00e9 o peque\u00f1as superficies, este es el producto que te\" \/>\n<meta property=\"og:url\" content=\"https:\/\/ollerpintures.com\/es\/producto\/recambio-rodillo-midi-plus-bicolor-o40-15cm\/\" \/>\n<meta property=\"og:site_name\" content=\"Oller Pinturas y revestimientos\" \/>\n<meta property=\"article:publisher\" content=\"https:\/\/www.facebook.com\/people\/Oller-Pintures\/100063652056709\/\" \/>\n<meta property=\"article:modified_time\" content=\"2021-02-03T11:27:20+00:00\" \/>\n<meta property=\"og:image\" content=\"https:\/\/ollerpintures.com\/wp-content\/uploads\/2021\/01\/rodillo-recambio-comprar-online-oller-bicolor.png\" \/>\n\t<meta property=\"og:image:width\" content=\"1080\" \/>\n\t<meta property=\"og:image:height\" content=\"1080\" \/>\n\t<meta property=\"og:image:type\" content=\"image\/png\" \/>\n<meta name=\"twitter:card\" content=\"summary_large_image\" \/>\n<meta name=\"twitter:label1\" content=\"Tiempo de lectura\" \/>\n\t<meta name=\"twitter:data1\" content=\"1 minuto\" \/>\n<script type=\"application\/ld+json\" class=\"yoast-schema-graph\">{\"@context\":\"https:\/\/schema.org\",\"@graph\":[{\"@type\":\"WebPage\",\"@id\":\"https:\/\/ollerpintures.com\/es\/producto\/recambio-rodillo-midi-plus-bicolor-o40-15cm\/\",\"url\":\"https:\/\/ollerpintures.com\/es\/producto\/recambio-rodillo-midi-plus-bicolor-o40-15cm\/\",\"name\":\"Recambio rodillo midi plus bicolor \u00d840 15cm - Oller Pinturas y revestimientos\",\"isPartOf\":{\"@id\":\"https:\/\/ollerpintures.com\/es\/#website\"},\"primaryImageOfPage\":{\"@id\":\"https:\/\/ollerpintures.com\/es\/producto\/recambio-rodillo-midi-plus-bicolor-o40-15cm\/#primaryimage\"},\"image\":{\"@id\":\"https:\/\/ollerpintures.com\/es\/producto\/recambio-rodillo-midi-plus-bicolor-o40-15cm\/#primaryimage\"},\"thumbnailUrl\":\"https:\/\/ollerpintures.com\/wp-content\/uploads\/2021\/01\/rodillo-recambio-comprar-online-oller-bicolor.png\",\"datePublished\":\"2021-01-18T09:18:13+00:00\",\"dateModified\":\"2021-02-03T11:27:20+00:00\",\"description\":\"Rodillo especial para fachadas y paredes rugosas. Si quieres pintar una terraza, paredes con gotel\u00e9 o peque\u00f1as superficies, este es el producto que te\",\"breadcrumb\":{\"@id\":\"https:\/\/ollerpintures.com\/es\/producto\/recambio-rodillo-midi-plus-bicolor-o40-15cm\/#breadcrumb\"},\"inLanguage\":\"es\",\"potentialAction\":[{\"@type\":\"ReadAction\",\"target\":[\"https:\/\/ollerpintures.com\/es\/producto\/recambio-rodillo-midi-plus-bicolor-o40-15cm\/\"]}]},{\"@type\":\"ImageObject\",\"inLanguage\":\"es\",\"@id\":\"https:\/\/ollerpintures.com\/es\/producto\/recambio-rodillo-midi-plus-bicolor-o40-15cm\/#primaryimage\",\"url\":\"https:\/\/ollerpintures.com\/wp-content\/uploads\/2021\/01\/rodillo-recambio-comprar-online-oller-bicolor.png\",\"contentUrl\":\"https:\/\/ollerpintures.com\/wp-content\/uploads\/2021\/01\/rodillo-recambio-comprar-online-oller-bicolor.png\",\"width\":1080,\"height\":1080,\"caption\":\"Recambio rodillo Bicolor\"},{\"@type\":\"BreadcrumbList\",\"@id\":\"https:\/\/ollerpintures.com\/es\/producto\/recambio-rodillo-midi-plus-bicolor-o40-15cm\/#breadcrumb\",\"itemListElement\":[{\"@type\":\"ListItem\",\"position\":1,\"name\":\"Inici\",\"item\":\"https:\/\/ollerpintures.com\/es\/\"},{\"@type\":\"ListItem\",\"position\":2,\"name\":\"Tienda\",\"item\":\"https:\/\/ollerpintures.com\/es\/tienda\/\"},{\"@type\":\"ListItem\",\"position\":3,\"name\":\"Recambio rodillo midi plus bicolor \u00d840 15cm\"}]},{\"@type\":\"WebSite\",\"@id\":\"https:\/\/ollerpintures.com\/es\/#website\",\"url\":\"https:\/\/ollerpintures.com\/es\/\",\"name\":\"Oller Pinturas y Revestimientos\",\"description\":\"M\u00e1s de 50 a\u00f1os acompa\u00f1ando a profesionales y particulares con soluciones de pintura duraderas y sostenibles, seis tiendas de proximidad con servicio tintom\u00e9trico propio y un compromiso real con el oficio y las nuevas generaciones.\",\"publisher\":{\"@id\":\"https:\/\/ollerpintures.com\/es\/#organization\"},\"alternateName\":\"Oller Grup\",\"potentialAction\":[{\"@type\":\"SearchAction\",\"target\":{\"@type\":\"EntryPoint\",\"urlTemplate\":\"https:\/\/ollerpintures.com\/es\/?s={search_term_string}\"},\"query-input\":{\"@type\":\"PropertyValueSpecification\",\"valueRequired\":true,\"valueName\":\"search_term_string\"}}],\"inLanguage\":\"es\"},{\"@type\":\"Organization\",\"@id\":\"https:\/\/ollerpintures.com\/es\/#organization\",\"name\":\"Oller Pintures i Revestiments\",\"alternateName\":\"Oller Grup\",\"url\":\"https:\/\/ollerpintures.com\/es\/\",\"logo\":{\"@type\":\"ImageObject\",\"inLanguage\":\"es\",\"@id\":\"https:\/\/ollerpintures.com\/es\/#\/schema\/logo\/image\/\",\"url\":\"https:\/\/ollerpintures.com\/wp-content\/uploads\/2024\/05\/newLogo.png\",\"contentUrl\":\"https:\/\/ollerpintures.com\/wp-content\/uploads\/2024\/05\/newLogo.png\",\"width\":483,\"height\":244,\"caption\":\"Oller Pintures i Revestiments\"},\"image\":{\"@id\":\"https:\/\/ollerpintures.com\/es\/#\/schema\/logo\/image\/\"},\"sameAs\":[\"https:\/\/www.facebook.com\/people\/Oller-Pintures\/100063652056709\/\",\"https:\/\/www.instagram.com\/ollerpintures\/\",\"https:\/\/descriptor.es\/organization\/oller-grup\/\"]}]}<\/script>\n<!-- \/ Yoast SEO plugin. -->","yoast_head_json":{"title":"Recambio rodillo midi plus bicolor \u00d840 15cm - Oller Pinturas y revestimientos","description":"Rodillo especial para fachadas y paredes rugosas. Si quieres pintar una terraza, paredes con gotel\u00e9 o peque\u00f1as superficies, este es el producto que te","robots":{"index":"index","follow":"follow","max-snippet":"max-snippet:-1","max-image-preview":"max-image-preview:large","max-video-preview":"max-video-preview:-1"},"canonical":"https:\/\/ollerpintures.com\/es\/producto\/recambio-rodillo-midi-plus-bicolor-o40-15cm\/","og_locale":"es_ES","og_type":"article","og_title":"Recambio rodillo midi plus bicolor \u00d840 15cm - Oller Pinturas y revestimientos","og_description":"Rodillo especial para fachadas y paredes rugosas. Si quieres pintar una terraza, paredes con gotel\u00e9 o peque\u00f1as superficies, este es el producto que te","og_url":"https:\/\/ollerpintures.com\/es\/producto\/recambio-rodillo-midi-plus-bicolor-o40-15cm\/","og_site_name":"Oller Pinturas y revestimientos","article_publisher":"https:\/\/www.facebook.com\/people\/Oller-Pintures\/100063652056709\/","article_modified_time":"2021-02-03T11:27:20+00:00","og_image":[{"width":1080,"height":1080,"url":"https:\/\/ollerpintures.com\/wp-content\/uploads\/2021\/01\/rodillo-recambio-comprar-online-oller-bicolor.png","type":"image\/png"}],"twitter_card":"summary_large_image","twitter_misc":{"Tiempo de lectura":"1 minuto"},"schema":{"@context":"https:\/\/schema.org","@graph":[{"@type":"WebPage","@id":"https:\/\/ollerpintures.com\/es\/producto\/recambio-rodillo-midi-plus-bicolor-o40-15cm\/","url":"https:\/\/ollerpintures.com\/es\/producto\/recambio-rodillo-midi-plus-bicolor-o40-15cm\/","name":"Recambio rodillo midi plus bicolor \u00d840 15cm - Oller Pinturas y revestimientos","isPartOf":{"@id":"https:\/\/ollerpintures.com\/es\/#website"},"primaryImageOfPage":{"@id":"https:\/\/ollerpintures.com\/es\/producto\/recambio-rodillo-midi-plus-bicolor-o40-15cm\/#primaryimage"},"image":{"@id":"https:\/\/ollerpintures.com\/es\/producto\/recambio-rodillo-midi-plus-bicolor-o40-15cm\/#primaryimage"},"thumbnailUrl":"https:\/\/ollerpintures.com\/wp-content\/uploads\/2021\/01\/rodillo-recambio-comprar-online-oller-bicolor.png","datePublished":"2021-01-18T09:18:13+00:00","dateModified":"2021-02-03T11:27:20+00:00","description":"Rodillo especial para fachadas y paredes rugosas. Si quieres pintar una terraza, paredes con gotel\u00e9 o peque\u00f1as superficies, este es el producto que te","breadcrumb":{"@id":"https:\/\/ollerpintures.com\/es\/producto\/recambio-rodillo-midi-plus-bicolor-o40-15cm\/#breadcrumb"},"inLanguage":"es","potentialAction":[{"@type":"ReadAction","target":["https:\/\/ollerpintures.com\/es\/producto\/recambio-rodillo-midi-plus-bicolor-o40-15cm\/"]}]},{"@type":"ImageObject","inLanguage":"es","@id":"https:\/\/ollerpintures.com\/es\/producto\/recambio-rodillo-midi-plus-bicolor-o40-15cm\/#primaryimage","url":"https:\/\/ollerpintures.com\/wp-content\/uploads\/2021\/01\/rodillo-recambio-comprar-online-oller-bicolor.png","contentUrl":"https:\/\/ollerpintures.com\/wp-content\/uploads\/2021\/01\/rodillo-recambio-comprar-online-oller-bicolor.png","width":1080,"height":1080,"caption":"Recambio rodillo Bicolor"},{"@type":"BreadcrumbList","@id":"https:\/\/ollerpintures.com\/es\/producto\/recambio-rodillo-midi-plus-bicolor-o40-15cm\/#breadcrumb","itemListElement":[{"@type":"ListItem","position":1,"name":"Inici","item":"https:\/\/ollerpintures.com\/es\/"},{"@type":"ListItem","position":2,"name":"Tienda","item":"https:\/\/ollerpintures.com\/es\/tienda\/"},{"@type":"ListItem","position":3,"name":"Recambio rodillo midi plus bicolor \u00d840 15cm"}]},{"@type":"WebSite","@id":"https:\/\/ollerpintures.com\/es\/#website","url":"https:\/\/ollerpintures.com\/es\/","name":"Oller Pinturas y Revestimientos","description":"M\u00e1s de 50 a\u00f1os acompa\u00f1ando a profesionales y particulares con soluciones de pintura duraderas y sostenibles, seis tiendas de proximidad con servicio tintom\u00e9trico propio y un compromiso real con el oficio y las nuevas generaciones.","publisher":{"@id":"https:\/\/ollerpintures.com\/es\/#organization"},"alternateName":"Oller Grup","potentialAction":[{"@type":"SearchAction","target":{"@type":"EntryPoint","urlTemplate":"https:\/\/ollerpintures.com\/es\/?s={search_term_string}"},"query-input":{"@type":"PropertyValueSpecification","valueRequired":true,"valueName":"search_term_string"}}],"inLanguage":"es"},{"@type":"Organization","@id":"https:\/\/ollerpintures.com\/es\/#organization","name":"Oller Pintures i Revestiments","alternateName":"Oller Grup","url":"https:\/\/ollerpintures.com\/es\/","logo":{"@type":"ImageObject","inLanguage":"es","@id":"https:\/\/ollerpintures.com\/es\/#\/schema\/logo\/image\/","url":"https:\/\/ollerpintures.com\/wp-content\/uploads\/2024\/05\/newLogo.png","contentUrl":"https:\/\/ollerpintures.com\/wp-content\/uploads\/2024\/05\/newLogo.png","width":483,"height":244,"caption":"Oller Pintures i Revestiments"},"image":{"@id":"https:\/\/ollerpintures.com\/es\/#\/schema\/logo\/image\/"},"sameAs":["https:\/\/www.facebook.com\/people\/Oller-Pintures\/100063652056709\/","https:\/\/www.instagram.com\/ollerpintures\/","https:\/\/descriptor.es\/organization\/oller-grup\/"]}]}},"brands":[],"_links":{"self":[{"href":"https:\/\/ollerpintures.com\/es\/wp-json\/wp\/v2\/product\/6895","targetHints":{"allow":["GET"]}}],"collection":[{"href":"https:\/\/ollerpintures.com\/es\/wp-json\/wp\/v2\/product"}],"about":[{"href":"https:\/\/ollerpintures.com\/es\/wp-json\/wp\/v2\/types\/product"}],"wp:featuredmedia":[{"embeddable":true,"href":"https:\/\/ollerpintures.com\/es\/wp-json\/wp\/v2\/media\/7923"}],"wp:attachment":[{"href":"https:\/\/ollerpintures.com\/es\/wp-json\/wp\/v2\/media?parent=6895"}],"wp:term":[{"taxonomy":"pwb-brand","embeddable":true,"href":"https:\/\/ollerpintures.com\/es\/wp-json\/wp\/v2\/pwb-brand?post=6895"},{"taxonomy":"product_brand","embeddable":true,"href":"https:\/\/ollerpintures.com\/es\/wp-json\/wp\/v2\/product_brand?post=6895"},{"taxonomy":"product_cat","embeddable":true,"href":"https:\/\/ollerpintures.com\/es\/wp-json\/wp\/v2\/product_cat?post=6895"},{"taxonomy":"product_tag","embeddable":true,"href":"https:\/\/ollerpintures.com\/es\/wp-json\/wp\/v2\/product_tag?post=6895"}],"curies":[{"name":"wp","href":"https:\/\/api.w.org\/{rel}","templated":true}]}}