{"id":6889,"date":"2021-01-18T10:29:22","date_gmt":"2021-01-18T09:29:22","guid":{"rendered":"https:\/\/oller-pintures.c.wetopi.com\/producte\/cinta-protectora\/"},"modified":"2022-04-26T10:03:42","modified_gmt":"2022-04-26T09:03:42","slug":"cinta-protectora","status":"publish","type":"product","link":"https:\/\/ollerpintures.com\/es\/producto\/cinta-protectora\/","title":{"rendered":"Cinta protectora"},"content":{"rendered":"<p>\u00a1Producto importante e <strong>imprescindible<\/strong>! Antes de empezar a pintar cualquier superficie, \u00a1protege el entorno! Esta cinta protectora es ideal para cubrir <strong>marcos, z\u00f3calos, puertas, pomos y aluminios.\u00a0<\/strong><\/p>\n","protected":false},"excerpt":{"rendered":"<p>\u00a1Producto importante e imprescindible! Antes de empezar a pintar cualquier superficie, \u00a1protege el entorno! Esta cinta protectora es ideal para cubrir marcos, z\u00f3calos, puertas, pomos &#8230; <\/p>\n<p class=\"read-more-container\"><a title=\"Cinta protectora\" class=\"read-more button\" href=\"https:\/\/ollerpintures.com\/es\/producto\/cinta-protectora\/#more-6889\" aria-label=\"Leer m\u00e1s sobre Cinta protectora\">Leer m\u00e1s<\/a><\/p>\n","protected":false},"featured_media":6801,"template":"","meta":{"_acf_changed":false},"pwb-brand":[],"product_brand":[],"product_cat":[112,77,100,198,868,857],"product_tag":[388,432,96,210,387,438],"class_list":{"0":"post-6889","1":"product","2":"type-product","3":"status-publish","4":"has-post-thumbnail","6":"product_cat-herramientas-y-complementos","7":"product_cat-eines","8":"product_cat-preparacio-de-superficies","9":"product_cat-antes-de-pintar-prepara-la-superficie","10":"product_cat-cintas-y-plasticos-protectores","11":"product_cat-cintes-i-plastics-protectors","12":"product_tag-cinta","13":"product_tag-cinta-es","14":"product_tag-eines","15":"product_tag-herramientas","16":"product_tag-proteccio","17":"product_tag-proteccio-es","18":"no-featured-image-padding","19":"resize-featured-image","20":"sales-flash-overlay","21":"woocommerce-text-align-left","22":"woocommerce-image-align-center","23":"do-quantity-buttons","25":"first","26":"instock","27":"shipping-taxable","28":"purchasable","29":"product-type-variable"},"acf":[],"yoast_head":"<!-- This site is optimized with the Yoast SEO plugin v27.1.1 - https:\/\/yoast.com\/product\/yoast-seo-wordpress\/ -->\n<title>Cinta protectora - Oller Pinturas y revestimientos<\/title>\n<meta name=\"description\" content=\"\u00a1Producto importante e imprescindible! Antes de empezar a pintar cualquier superficie, \u00a1protege el entorno! Esta cinta protectora es ideal para cubrir\" \/>\n<meta name=\"robots\" content=\"index, follow, max-snippet:-1, max-image-preview:large, max-video-preview:-1\" \/>\n<link rel=\"canonical\" href=\"https:\/\/ollerpintures.com\/es\/producto\/cinta-protectora\/\" \/>\n<meta property=\"og:locale\" content=\"es_ES\" \/>\n<meta property=\"og:type\" content=\"article\" \/>\n<meta property=\"og:title\" content=\"Cinta protectora - Oller Pinturas y revestimientos\" \/>\n<meta property=\"og:description\" content=\"\u00a1Producto importante e imprescindible! Antes de empezar a pintar cualquier superficie, \u00a1protege el entorno! Esta cinta protectora es ideal para cubrir\" \/>\n<meta property=\"og:url\" content=\"https:\/\/ollerpintures.com\/es\/producto\/cinta-protectora\/\" \/>\n<meta property=\"og:site_name\" content=\"Oller Pinturas y revestimientos\" \/>\n<meta property=\"article:publisher\" content=\"https:\/\/www.facebook.com\/people\/Oller-Pintures\/100063652056709\/\" \/>\n<meta property=\"article:modified_time\" content=\"2022-04-26T09:03:42+00:00\" \/>\n<meta property=\"og:image\" content=\"https:\/\/ollerpintures.com\/wp-content\/uploads\/2021\/01\/cinta-krepp-18mmx45m-de-miarco-proteccion-parapintar-oller.jpg\" \/>\n\t<meta property=\"og:image:width\" content=\"381\" \/>\n\t<meta property=\"og:image:height\" content=\"492\" \/>\n\t<meta property=\"og:image:type\" content=\"image\/jpeg\" \/>\n<meta name=\"twitter:card\" content=\"summary_large_image\" \/>\n<script type=\"application\/ld+json\" class=\"yoast-schema-graph\">{\"@context\":\"https:\/\/schema.org\",\"@graph\":[{\"@type\":\"WebPage\",\"@id\":\"https:\/\/ollerpintures.com\/es\/producto\/cinta-protectora\/\",\"url\":\"https:\/\/ollerpintures.com\/es\/producto\/cinta-protectora\/\",\"name\":\"Cinta protectora - Oller Pinturas y revestimientos\",\"isPartOf\":{\"@id\":\"https:\/\/ollerpintures.com\/es\/#website\"},\"primaryImageOfPage\":{\"@id\":\"https:\/\/ollerpintures.com\/es\/producto\/cinta-protectora\/#primaryimage\"},\"image\":{\"@id\":\"https:\/\/ollerpintures.com\/es\/producto\/cinta-protectora\/#primaryimage\"},\"thumbnailUrl\":\"https:\/\/ollerpintures.com\/wp-content\/uploads\/2021\/01\/cinta-krepp-18mmx45m-de-miarco-proteccion-parapintar-oller.jpg\",\"datePublished\":\"2021-01-18T09:29:22+00:00\",\"dateModified\":\"2022-04-26T09:03:42+00:00\",\"description\":\"\u00a1Producto importante e imprescindible! Antes de empezar a pintar cualquier superficie, \u00a1protege el entorno! Esta cinta protectora es ideal para cubrir\",\"breadcrumb\":{\"@id\":\"https:\/\/ollerpintures.com\/es\/producto\/cinta-protectora\/#breadcrumb\"},\"inLanguage\":\"es\",\"potentialAction\":[{\"@type\":\"ReadAction\",\"target\":[\"https:\/\/ollerpintures.com\/es\/producto\/cinta-protectora\/\"]}]},{\"@type\":\"ImageObject\",\"inLanguage\":\"es\",\"@id\":\"https:\/\/ollerpintures.com\/es\/producto\/cinta-protectora\/#primaryimage\",\"url\":\"https:\/\/ollerpintures.com\/wp-content\/uploads\/2021\/01\/cinta-krepp-18mmx45m-de-miarco-proteccion-parapintar-oller.jpg\",\"contentUrl\":\"https:\/\/ollerpintures.com\/wp-content\/uploads\/2021\/01\/cinta-krepp-18mmx45m-de-miarco-proteccion-parapintar-oller.jpg\",\"width\":381,\"height\":492,\"caption\":\"Cinta protectora para pintar\"},{\"@type\":\"BreadcrumbList\",\"@id\":\"https:\/\/ollerpintures.com\/es\/producto\/cinta-protectora\/#breadcrumb\",\"itemListElement\":[{\"@type\":\"ListItem\",\"position\":1,\"name\":\"Inici\",\"item\":\"https:\/\/ollerpintures.com\/es\/\"},{\"@type\":\"ListItem\",\"position\":2,\"name\":\"Tienda\",\"item\":\"https:\/\/ollerpintures.com\/es\/tienda\/\"},{\"@type\":\"ListItem\",\"position\":3,\"name\":\"Cinta protectora\"}]},{\"@type\":\"WebSite\",\"@id\":\"https:\/\/ollerpintures.com\/es\/#website\",\"url\":\"https:\/\/ollerpintures.com\/es\/\",\"name\":\"Oller Pinturas y Revestimientos\",\"description\":\"M\u00e1s de 50 a\u00f1os acompa\u00f1ando a profesionales y particulares con soluciones de pintura duraderas y sostenibles, seis tiendas de proximidad con servicio tintom\u00e9trico propio y un compromiso real con el oficio y las nuevas generaciones.\",\"publisher\":{\"@id\":\"https:\/\/ollerpintures.com\/es\/#organization\"},\"alternateName\":\"Oller Grup\",\"potentialAction\":[{\"@type\":\"SearchAction\",\"target\":{\"@type\":\"EntryPoint\",\"urlTemplate\":\"https:\/\/ollerpintures.com\/es\/?s={search_term_string}\"},\"query-input\":{\"@type\":\"PropertyValueSpecification\",\"valueRequired\":true,\"valueName\":\"search_term_string\"}}],\"inLanguage\":\"es\"},{\"@type\":\"Organization\",\"@id\":\"https:\/\/ollerpintures.com\/es\/#organization\",\"name\":\"Oller Pintures i Revestiments\",\"alternateName\":\"Oller Grup\",\"url\":\"https:\/\/ollerpintures.com\/es\/\",\"logo\":{\"@type\":\"ImageObject\",\"inLanguage\":\"es\",\"@id\":\"https:\/\/ollerpintures.com\/es\/#\/schema\/logo\/image\/\",\"url\":\"https:\/\/ollerpintures.com\/wp-content\/uploads\/2024\/05\/newLogo.png\",\"contentUrl\":\"https:\/\/ollerpintures.com\/wp-content\/uploads\/2024\/05\/newLogo.png\",\"width\":483,\"height\":244,\"caption\":\"Oller Pintures i Revestiments\"},\"image\":{\"@id\":\"https:\/\/ollerpintures.com\/es\/#\/schema\/logo\/image\/\"},\"sameAs\":[\"https:\/\/www.facebook.com\/people\/Oller-Pintures\/100063652056709\/\",\"https:\/\/www.instagram.com\/ollerpintures\/\",\"https:\/\/descriptor.es\/organization\/oller-grup\/\"]}]}<\/script>\n<!-- \/ Yoast SEO plugin. -->","yoast_head_json":{"title":"Cinta protectora - Oller Pinturas y revestimientos","description":"\u00a1Producto importante e imprescindible! Antes de empezar a pintar cualquier superficie, \u00a1protege el entorno! Esta cinta protectora es ideal para cubrir","robots":{"index":"index","follow":"follow","max-snippet":"max-snippet:-1","max-image-preview":"max-image-preview:large","max-video-preview":"max-video-preview:-1"},"canonical":"https:\/\/ollerpintures.com\/es\/producto\/cinta-protectora\/","og_locale":"es_ES","og_type":"article","og_title":"Cinta protectora - Oller Pinturas y revestimientos","og_description":"\u00a1Producto importante e imprescindible! Antes de empezar a pintar cualquier superficie, \u00a1protege el entorno! Esta cinta protectora es ideal para cubrir","og_url":"https:\/\/ollerpintures.com\/es\/producto\/cinta-protectora\/","og_site_name":"Oller Pinturas y revestimientos","article_publisher":"https:\/\/www.facebook.com\/people\/Oller-Pintures\/100063652056709\/","article_modified_time":"2022-04-26T09:03:42+00:00","og_image":[{"width":381,"height":492,"url":"https:\/\/ollerpintures.com\/wp-content\/uploads\/2021\/01\/cinta-krepp-18mmx45m-de-miarco-proteccion-parapintar-oller.jpg","type":"image\/jpeg"}],"twitter_card":"summary_large_image","schema":{"@context":"https:\/\/schema.org","@graph":[{"@type":"WebPage","@id":"https:\/\/ollerpintures.com\/es\/producto\/cinta-protectora\/","url":"https:\/\/ollerpintures.com\/es\/producto\/cinta-protectora\/","name":"Cinta protectora - Oller Pinturas y revestimientos","isPartOf":{"@id":"https:\/\/ollerpintures.com\/es\/#website"},"primaryImageOfPage":{"@id":"https:\/\/ollerpintures.com\/es\/producto\/cinta-protectora\/#primaryimage"},"image":{"@id":"https:\/\/ollerpintures.com\/es\/producto\/cinta-protectora\/#primaryimage"},"thumbnailUrl":"https:\/\/ollerpintures.com\/wp-content\/uploads\/2021\/01\/cinta-krepp-18mmx45m-de-miarco-proteccion-parapintar-oller.jpg","datePublished":"2021-01-18T09:29:22+00:00","dateModified":"2022-04-26T09:03:42+00:00","description":"\u00a1Producto importante e imprescindible! Antes de empezar a pintar cualquier superficie, \u00a1protege el entorno! Esta cinta protectora es ideal para cubrir","breadcrumb":{"@id":"https:\/\/ollerpintures.com\/es\/producto\/cinta-protectora\/#breadcrumb"},"inLanguage":"es","potentialAction":[{"@type":"ReadAction","target":["https:\/\/ollerpintures.com\/es\/producto\/cinta-protectora\/"]}]},{"@type":"ImageObject","inLanguage":"es","@id":"https:\/\/ollerpintures.com\/es\/producto\/cinta-protectora\/#primaryimage","url":"https:\/\/ollerpintures.com\/wp-content\/uploads\/2021\/01\/cinta-krepp-18mmx45m-de-miarco-proteccion-parapintar-oller.jpg","contentUrl":"https:\/\/ollerpintures.com\/wp-content\/uploads\/2021\/01\/cinta-krepp-18mmx45m-de-miarco-proteccion-parapintar-oller.jpg","width":381,"height":492,"caption":"Cinta protectora para pintar"},{"@type":"BreadcrumbList","@id":"https:\/\/ollerpintures.com\/es\/producto\/cinta-protectora\/#breadcrumb","itemListElement":[{"@type":"ListItem","position":1,"name":"Inici","item":"https:\/\/ollerpintures.com\/es\/"},{"@type":"ListItem","position":2,"name":"Tienda","item":"https:\/\/ollerpintures.com\/es\/tienda\/"},{"@type":"ListItem","position":3,"name":"Cinta protectora"}]},{"@type":"WebSite","@id":"https:\/\/ollerpintures.com\/es\/#website","url":"https:\/\/ollerpintures.com\/es\/","name":"Oller Pinturas y Revestimientos","description":"M\u00e1s de 50 a\u00f1os acompa\u00f1ando a profesionales y particulares con soluciones de pintura duraderas y sostenibles, seis tiendas de proximidad con servicio tintom\u00e9trico propio y un compromiso real con el oficio y las nuevas generaciones.","publisher":{"@id":"https:\/\/ollerpintures.com\/es\/#organization"},"alternateName":"Oller Grup","potentialAction":[{"@type":"SearchAction","target":{"@type":"EntryPoint","urlTemplate":"https:\/\/ollerpintures.com\/es\/?s={search_term_string}"},"query-input":{"@type":"PropertyValueSpecification","valueRequired":true,"valueName":"search_term_string"}}],"inLanguage":"es"},{"@type":"Organization","@id":"https:\/\/ollerpintures.com\/es\/#organization","name":"Oller Pintures i Revestiments","alternateName":"Oller Grup","url":"https:\/\/ollerpintures.com\/es\/","logo":{"@type":"ImageObject","inLanguage":"es","@id":"https:\/\/ollerpintures.com\/es\/#\/schema\/logo\/image\/","url":"https:\/\/ollerpintures.com\/wp-content\/uploads\/2024\/05\/newLogo.png","contentUrl":"https:\/\/ollerpintures.com\/wp-content\/uploads\/2024\/05\/newLogo.png","width":483,"height":244,"caption":"Oller Pintures i Revestiments"},"image":{"@id":"https:\/\/ollerpintures.com\/es\/#\/schema\/logo\/image\/"},"sameAs":["https:\/\/www.facebook.com\/people\/Oller-Pintures\/100063652056709\/","https:\/\/www.instagram.com\/ollerpintures\/","https:\/\/descriptor.es\/organization\/oller-grup\/"]}]}},"brands":[],"_links":{"self":[{"href":"https:\/\/ollerpintures.com\/es\/wp-json\/wp\/v2\/product\/6889","targetHints":{"allow":["GET"]}}],"collection":[{"href":"https:\/\/ollerpintures.com\/es\/wp-json\/wp\/v2\/product"}],"about":[{"href":"https:\/\/ollerpintures.com\/es\/wp-json\/wp\/v2\/types\/product"}],"wp:featuredmedia":[{"embeddable":true,"href":"https:\/\/ollerpintures.com\/es\/wp-json\/wp\/v2\/media\/6801"}],"wp:attachment":[{"href":"https:\/\/ollerpintures.com\/es\/wp-json\/wp\/v2\/media?parent=6889"}],"wp:term":[{"taxonomy":"pwb-brand","embeddable":true,"href":"https:\/\/ollerpintures.com\/es\/wp-json\/wp\/v2\/pwb-brand?post=6889"},{"taxonomy":"product_brand","embeddable":true,"href":"https:\/\/ollerpintures.com\/es\/wp-json\/wp\/v2\/product_brand?post=6889"},{"taxonomy":"product_cat","embeddable":true,"href":"https:\/\/ollerpintures.com\/es\/wp-json\/wp\/v2\/product_cat?post=6889"},{"taxonomy":"product_tag","embeddable":true,"href":"https:\/\/ollerpintures.com\/es\/wp-json\/wp\/v2\/product_tag?post=6889"}],"curies":[{"name":"wp","href":"https:\/\/api.w.org\/{rel}","templated":true}]}}