{"id":6867,"date":"2021-01-18T11:36:31","date_gmt":"2021-01-18T10:36:31","guid":{"rendered":"https:\/\/oller-pintures.c.wetopi.com\/producte\/masilla-aguaplast-express-beissier\/"},"modified":"2024-02-23T08:41:47","modified_gmt":"2024-02-23T07:41:47","slug":"masilla-aguaplast-express-beissier","status":"publish","type":"product","link":"https:\/\/ollerpintures.com\/es\/producto\/masilla-aguaplast-express-beissier\/","title":{"rendered":"Masilla Aguaplast Express Beissier"},"content":{"rendered":"<p>Esta Masilla Aguaplast Express de BEISSIER es un producto de <strong>Calidad Profesional.\u00a0<\/strong><\/p>\n<p><strong>No es un producto adecuado para utilizar en superficies exteriores.<\/strong> Para el resto de opciones, <strong>funciona genial<\/strong> y obtendr\u00e1s muy buenos resultados. Puedes cubrir<strong> desde 1mm de grosor hasta 50mm<\/strong> sin tener dificultades de adherencia en la mayor\u00eda de las superficies. Si aplicas el producto en un grosor de 10mm podr\u00e1s lijar la superficie en 1 hora.<\/p>\n<p>Apl\u00edcala sobre pladur, hormig\u00f3n, <a href=\"https:\/\/ollerpintures.com\/es\/categoria-producto\/pintura-es\/pinturas-especiales\/pintura-para-azulejos\/\">azulejos<\/a> y todo tipo de paredes interiores sin ning\u00fan tipo de problema. Con una sola mano conseguir\u00e1s el resultado esperado, \u00a1sin tener que repasar agujeros una vez seco! Es ideal para proyectos donde prevalezcan la rapidez y calidad.<\/p>\n<p>Compra Aguaplast Express para acabados profesionales en interiores, sobre casi cualquier material, Oller Grup recomienda esta masilla aguaplast de <a href=\"https:\/\/ollerpintures.com\/es\/marca\/beissier-es\/\">Beissier<\/a>.<\/p>\n","protected":false},"excerpt":{"rendered":"<p>Esta Masilla Aguaplast Express de BEISSIER es un producto de Calidad Profesional.\u00a0 No es un producto adecuado para utilizar en superficies exteriores. Para el resto &#8230; <\/p>\n<p class=\"read-more-container\"><a title=\"Masilla Aguaplast Express Beissier\" class=\"read-more button\" href=\"https:\/\/ollerpintures.com\/es\/producto\/masilla-aguaplast-express-beissier\/#more-6867\" aria-label=\"Leer m\u00e1s sobre Masilla Aguaplast Express Beissier\">Leer m\u00e1s<\/a><\/p>\n","protected":false},"featured_media":8186,"template":"","meta":{"_acf_changed":false},"pwb-brand":[789],"product_brand":[],"product_cat":[112,198,870],"product_tag":[410,210,213,411,412,590],"class_list":{"0":"post-6867","1":"product","2":"type-product","3":"status-publish","4":"has-post-thumbnail","6":"pwb-brand-beissier-es","7":"product_cat-herramientas-y-complementos","8":"product_cat-antes-de-pintar-prepara-la-superficie","9":"product_cat-masillas","10":"product_tag-complementos","11":"product_tag-herramientas","12":"product_tag-interior-es","13":"product_tag-masilla-es","14":"product_tag-preparacion","15":"product_tag-professional-quality-es","16":"no-featured-image-padding","17":"resize-featured-image","18":"sales-flash-overlay","19":"woocommerce-text-align-left","20":"woocommerce-image-align-center","21":"do-quantity-buttons","22":"wc-has-gallery","24":"first","25":"instock","26":"shipping-taxable","27":"purchasable","28":"product-type-variable"},"acf":[],"yoast_head":"<!-- This site is optimized with the Yoast SEO plugin v27.1.1 - https:\/\/yoast.com\/product\/yoast-seo-wordpress\/ -->\n<title>Aguaplast Express | Productos profesionales Beissier | Oller Grup<\/title>\n<meta name=\"description\" content=\"Compra Aguaplast Express para acabados profesionales en interiores, sobre casi cualquier material, Oller Grup recomienda esta masilla aguaplast de Beissier.\" \/>\n<meta name=\"robots\" content=\"index, follow, max-snippet:-1, max-image-preview:large, max-video-preview:-1\" \/>\n<link rel=\"canonical\" href=\"https:\/\/ollerpintures.com\/es\/producto\/masilla-aguaplast-express-beissier\/\" \/>\n<meta property=\"og:locale\" content=\"es_ES\" \/>\n<meta property=\"og:type\" content=\"article\" \/>\n<meta property=\"og:title\" content=\"Aguaplast Express | Productos profesionales Beissier | Oller Grup\" \/>\n<meta property=\"og:description\" content=\"Compra Aguaplast Express para acabados profesionales en interiores, sobre casi cualquier material, Oller Grup recomienda esta masilla aguaplast de Beissier.\" \/>\n<meta property=\"og:url\" content=\"https:\/\/ollerpintures.com\/es\/producto\/masilla-aguaplast-express-beissier\/\" \/>\n<meta property=\"og:site_name\" content=\"Oller Pinturas y revestimientos\" \/>\n<meta property=\"article:publisher\" content=\"https:\/\/www.facebook.com\/people\/Oller-Pintures\/100063652056709\/\" \/>\n<meta property=\"article:modified_time\" content=\"2024-02-23T07:41:47+00:00\" \/>\n<meta property=\"og:image\" content=\"https:\/\/ollerpintures.com\/wp-content\/uploads\/2021\/01\/masilla-beissier-aguaplast-express-comprar-online-oller.png\" \/>\n\t<meta property=\"og:image:width\" content=\"1080\" \/>\n\t<meta property=\"og:image:height\" content=\"1080\" \/>\n\t<meta property=\"og:image:type\" content=\"image\/png\" \/>\n<meta name=\"twitter:card\" content=\"summary_large_image\" \/>\n<meta name=\"twitter:label1\" content=\"Tiempo de lectura\" \/>\n\t<meta name=\"twitter:data1\" content=\"1 minuto\" \/>\n<script type=\"application\/ld+json\" class=\"yoast-schema-graph\">{\"@context\":\"https:\/\/schema.org\",\"@graph\":[{\"@type\":\"WebPage\",\"@id\":\"https:\/\/ollerpintures.com\/es\/producto\/masilla-aguaplast-express-beissier\/\",\"url\":\"https:\/\/ollerpintures.com\/es\/producto\/masilla-aguaplast-express-beissier\/\",\"name\":\"Aguaplast Express | Productos profesionales Beissier | Oller Grup\",\"isPartOf\":{\"@id\":\"https:\/\/ollerpintures.com\/es\/#website\"},\"primaryImageOfPage\":{\"@id\":\"https:\/\/ollerpintures.com\/es\/producto\/masilla-aguaplast-express-beissier\/#primaryimage\"},\"image\":{\"@id\":\"https:\/\/ollerpintures.com\/es\/producto\/masilla-aguaplast-express-beissier\/#primaryimage\"},\"thumbnailUrl\":\"https:\/\/ollerpintures.com\/wp-content\/uploads\/2021\/01\/masilla-beissier-aguaplast-express-comprar-online-oller.png\",\"datePublished\":\"2021-01-18T10:36:31+00:00\",\"dateModified\":\"2024-02-23T07:41:47+00:00\",\"description\":\"Compra Aguaplast Express para acabados profesionales en interiores, sobre casi cualquier material, Oller Grup recomienda esta masilla aguaplast de Beissier.\",\"breadcrumb\":{\"@id\":\"https:\/\/ollerpintures.com\/es\/producto\/masilla-aguaplast-express-beissier\/#breadcrumb\"},\"inLanguage\":\"es\",\"potentialAction\":[{\"@type\":\"ReadAction\",\"target\":[\"https:\/\/ollerpintures.com\/es\/producto\/masilla-aguaplast-express-beissier\/\"]}]},{\"@type\":\"ImageObject\",\"inLanguage\":\"es\",\"@id\":\"https:\/\/ollerpintures.com\/es\/producto\/masilla-aguaplast-express-beissier\/#primaryimage\",\"url\":\"https:\/\/ollerpintures.com\/wp-content\/uploads\/2021\/01\/masilla-beissier-aguaplast-express-comprar-online-oller.png\",\"contentUrl\":\"https:\/\/ollerpintures.com\/wp-content\/uploads\/2021\/01\/masilla-beissier-aguaplast-express-comprar-online-oller.png\",\"width\":1080,\"height\":1080,\"caption\":\"Aguaplast Express - Masilla para interiores BEISSIER\"},{\"@type\":\"BreadcrumbList\",\"@id\":\"https:\/\/ollerpintures.com\/es\/producto\/masilla-aguaplast-express-beissier\/#breadcrumb\",\"itemListElement\":[{\"@type\":\"ListItem\",\"position\":1,\"name\":\"Inici\",\"item\":\"https:\/\/ollerpintures.com\/es\/\"},{\"@type\":\"ListItem\",\"position\":2,\"name\":\"Tienda\",\"item\":\"https:\/\/ollerpintures.com\/es\/tienda\/\"},{\"@type\":\"ListItem\",\"position\":3,\"name\":\"Masilla Aguaplast Express Beissier\"}]},{\"@type\":\"WebSite\",\"@id\":\"https:\/\/ollerpintures.com\/es\/#website\",\"url\":\"https:\/\/ollerpintures.com\/es\/\",\"name\":\"Oller Pinturas y Revestimientos\",\"description\":\"M\u00e1s de 50 a\u00f1os acompa\u00f1ando a profesionales y particulares con soluciones de pintura duraderas y sostenibles, seis tiendas de proximidad con servicio tintom\u00e9trico propio y un compromiso real con el oficio y las nuevas generaciones.\",\"publisher\":{\"@id\":\"https:\/\/ollerpintures.com\/es\/#organization\"},\"alternateName\":\"Oller Grup\",\"potentialAction\":[{\"@type\":\"SearchAction\",\"target\":{\"@type\":\"EntryPoint\",\"urlTemplate\":\"https:\/\/ollerpintures.com\/es\/?s={search_term_string}\"},\"query-input\":{\"@type\":\"PropertyValueSpecification\",\"valueRequired\":true,\"valueName\":\"search_term_string\"}}],\"inLanguage\":\"es\"},{\"@type\":\"Organization\",\"@id\":\"https:\/\/ollerpintures.com\/es\/#organization\",\"name\":\"Oller Pintures i Revestiments\",\"alternateName\":\"Oller Grup\",\"url\":\"https:\/\/ollerpintures.com\/es\/\",\"logo\":{\"@type\":\"ImageObject\",\"inLanguage\":\"es\",\"@id\":\"https:\/\/ollerpintures.com\/es\/#\/schema\/logo\/image\/\",\"url\":\"https:\/\/ollerpintures.com\/wp-content\/uploads\/2024\/05\/newLogo.png\",\"contentUrl\":\"https:\/\/ollerpintures.com\/wp-content\/uploads\/2024\/05\/newLogo.png\",\"width\":483,\"height\":244,\"caption\":\"Oller Pintures i Revestiments\"},\"image\":{\"@id\":\"https:\/\/ollerpintures.com\/es\/#\/schema\/logo\/image\/\"},\"sameAs\":[\"https:\/\/www.facebook.com\/people\/Oller-Pintures\/100063652056709\/\",\"https:\/\/www.instagram.com\/ollerpintures\/\",\"https:\/\/descriptor.es\/organization\/oller-grup\/\"]}]}<\/script>\n<!-- \/ Yoast SEO plugin. -->","yoast_head_json":{"title":"Aguaplast Express | Productos profesionales Beissier | Oller Grup","description":"Compra Aguaplast Express para acabados profesionales en interiores, sobre casi cualquier material, Oller Grup recomienda esta masilla aguaplast de Beissier.","robots":{"index":"index","follow":"follow","max-snippet":"max-snippet:-1","max-image-preview":"max-image-preview:large","max-video-preview":"max-video-preview:-1"},"canonical":"https:\/\/ollerpintures.com\/es\/producto\/masilla-aguaplast-express-beissier\/","og_locale":"es_ES","og_type":"article","og_title":"Aguaplast Express | Productos profesionales Beissier | Oller Grup","og_description":"Compra Aguaplast Express para acabados profesionales en interiores, sobre casi cualquier material, Oller Grup recomienda esta masilla aguaplast de Beissier.","og_url":"https:\/\/ollerpintures.com\/es\/producto\/masilla-aguaplast-express-beissier\/","og_site_name":"Oller Pinturas y revestimientos","article_publisher":"https:\/\/www.facebook.com\/people\/Oller-Pintures\/100063652056709\/","article_modified_time":"2024-02-23T07:41:47+00:00","og_image":[{"width":1080,"height":1080,"url":"https:\/\/ollerpintures.com\/wp-content\/uploads\/2021\/01\/masilla-beissier-aguaplast-express-comprar-online-oller.png","type":"image\/png"}],"twitter_card":"summary_large_image","twitter_misc":{"Tiempo de lectura":"1 minuto"},"schema":{"@context":"https:\/\/schema.org","@graph":[{"@type":"WebPage","@id":"https:\/\/ollerpintures.com\/es\/producto\/masilla-aguaplast-express-beissier\/","url":"https:\/\/ollerpintures.com\/es\/producto\/masilla-aguaplast-express-beissier\/","name":"Aguaplast Express | Productos profesionales Beissier | Oller Grup","isPartOf":{"@id":"https:\/\/ollerpintures.com\/es\/#website"},"primaryImageOfPage":{"@id":"https:\/\/ollerpintures.com\/es\/producto\/masilla-aguaplast-express-beissier\/#primaryimage"},"image":{"@id":"https:\/\/ollerpintures.com\/es\/producto\/masilla-aguaplast-express-beissier\/#primaryimage"},"thumbnailUrl":"https:\/\/ollerpintures.com\/wp-content\/uploads\/2021\/01\/masilla-beissier-aguaplast-express-comprar-online-oller.png","datePublished":"2021-01-18T10:36:31+00:00","dateModified":"2024-02-23T07:41:47+00:00","description":"Compra Aguaplast Express para acabados profesionales en interiores, sobre casi cualquier material, Oller Grup recomienda esta masilla aguaplast de Beissier.","breadcrumb":{"@id":"https:\/\/ollerpintures.com\/es\/producto\/masilla-aguaplast-express-beissier\/#breadcrumb"},"inLanguage":"es","potentialAction":[{"@type":"ReadAction","target":["https:\/\/ollerpintures.com\/es\/producto\/masilla-aguaplast-express-beissier\/"]}]},{"@type":"ImageObject","inLanguage":"es","@id":"https:\/\/ollerpintures.com\/es\/producto\/masilla-aguaplast-express-beissier\/#primaryimage","url":"https:\/\/ollerpintures.com\/wp-content\/uploads\/2021\/01\/masilla-beissier-aguaplast-express-comprar-online-oller.png","contentUrl":"https:\/\/ollerpintures.com\/wp-content\/uploads\/2021\/01\/masilla-beissier-aguaplast-express-comprar-online-oller.png","width":1080,"height":1080,"caption":"Aguaplast Express - Masilla para interiores BEISSIER"},{"@type":"BreadcrumbList","@id":"https:\/\/ollerpintures.com\/es\/producto\/masilla-aguaplast-express-beissier\/#breadcrumb","itemListElement":[{"@type":"ListItem","position":1,"name":"Inici","item":"https:\/\/ollerpintures.com\/es\/"},{"@type":"ListItem","position":2,"name":"Tienda","item":"https:\/\/ollerpintures.com\/es\/tienda\/"},{"@type":"ListItem","position":3,"name":"Masilla Aguaplast Express Beissier"}]},{"@type":"WebSite","@id":"https:\/\/ollerpintures.com\/es\/#website","url":"https:\/\/ollerpintures.com\/es\/","name":"Oller Pinturas y Revestimientos","description":"M\u00e1s de 50 a\u00f1os acompa\u00f1ando a profesionales y particulares con soluciones de pintura duraderas y sostenibles, seis tiendas de proximidad con servicio tintom\u00e9trico propio y un compromiso real con el oficio y las nuevas generaciones.","publisher":{"@id":"https:\/\/ollerpintures.com\/es\/#organization"},"alternateName":"Oller Grup","potentialAction":[{"@type":"SearchAction","target":{"@type":"EntryPoint","urlTemplate":"https:\/\/ollerpintures.com\/es\/?s={search_term_string}"},"query-input":{"@type":"PropertyValueSpecification","valueRequired":true,"valueName":"search_term_string"}}],"inLanguage":"es"},{"@type":"Organization","@id":"https:\/\/ollerpintures.com\/es\/#organization","name":"Oller Pintures i Revestiments","alternateName":"Oller Grup","url":"https:\/\/ollerpintures.com\/es\/","logo":{"@type":"ImageObject","inLanguage":"es","@id":"https:\/\/ollerpintures.com\/es\/#\/schema\/logo\/image\/","url":"https:\/\/ollerpintures.com\/wp-content\/uploads\/2024\/05\/newLogo.png","contentUrl":"https:\/\/ollerpintures.com\/wp-content\/uploads\/2024\/05\/newLogo.png","width":483,"height":244,"caption":"Oller Pintures i Revestiments"},"image":{"@id":"https:\/\/ollerpintures.com\/es\/#\/schema\/logo\/image\/"},"sameAs":["https:\/\/www.facebook.com\/people\/Oller-Pintures\/100063652056709\/","https:\/\/www.instagram.com\/ollerpintures\/","https:\/\/descriptor.es\/organization\/oller-grup\/"]}]}},"brands":[{"id":789,"name":"Beissier","slug":"beissier-es"}],"_links":{"self":[{"href":"https:\/\/ollerpintures.com\/es\/wp-json\/wp\/v2\/product\/6867","targetHints":{"allow":["GET"]}}],"collection":[{"href":"https:\/\/ollerpintures.com\/es\/wp-json\/wp\/v2\/product"}],"about":[{"href":"https:\/\/ollerpintures.com\/es\/wp-json\/wp\/v2\/types\/product"}],"wp:featuredmedia":[{"embeddable":true,"href":"https:\/\/ollerpintures.com\/es\/wp-json\/wp\/v2\/media\/8186"}],"wp:attachment":[{"href":"https:\/\/ollerpintures.com\/es\/wp-json\/wp\/v2\/media?parent=6867"}],"wp:term":[{"taxonomy":"pwb-brand","embeddable":true,"href":"https:\/\/ollerpintures.com\/es\/wp-json\/wp\/v2\/pwb-brand?post=6867"},{"taxonomy":"product_brand","embeddable":true,"href":"https:\/\/ollerpintures.com\/es\/wp-json\/wp\/v2\/product_brand?post=6867"},{"taxonomy":"product_cat","embeddable":true,"href":"https:\/\/ollerpintures.com\/es\/wp-json\/wp\/v2\/product_cat?post=6867"},{"taxonomy":"product_tag","embeddable":true,"href":"https:\/\/ollerpintures.com\/es\/wp-json\/wp\/v2\/product_tag?post=6867"}],"curies":[{"name":"wp","href":"https:\/\/api.w.org\/{rel}","templated":true}]}}