{"id":6573,"date":"2020-12-23T23:02:37","date_gmt":"2020-12-23T22:02:37","guid":{"rendered":"https:\/\/oller-pintures.c.wetopi.com\/web-proves\/producte\/esmalte-para-azulejo-blatemlux-azulejos-750ml\/"},"modified":"2024-02-23T09:28:25","modified_gmt":"2024-02-23T08:28:25","slug":"esmalte-para-azulejo-blatemlux-azulejos-750ml","status":"publish","type":"product","link":"https:\/\/ollerpintures.com\/es\/producto\/esmalte-para-azulejo-blatemlux-azulejos-750ml\/","title":{"rendered":"Esmalte para azulejo BLATEMLUX Azulejos 750ml"},"content":{"rendered":"<p>BLATEMLUX Azulejos te lo pone f\u00e1cil para acabar tus trabajos profesionales de forma r\u00e1pida y eficiente o para mejorar tu hogar como un profesional.<br \/>\nCon este esmalte para azulejos,<strong> \u00a1renueva el ba\u00f1o y la cocina de la forma m\u00e1s f\u00e1cil, econ\u00f3mica y r\u00e1pida!<\/strong><\/p>\n<p>El esmalte Blatemlux Azulejos de Blatem <strong>es uno de los productos m\u00e1s vendidos en nuestras tiendas y online.<\/strong><\/p>\n<p>Para tener en cuenta: es un producto con <a href=\"https:\/\/ollerpintures.com\/es\/diferencia-esmalte-agua-esmalte-disolvente\/\" target=\"_blank\" rel=\"noopener\">base disolvente<\/a> y eso har\u00e1 que desprenda cierto olor mientras se aplica. A\u00fan as\u00ed, dar\u00e1 una gran adherencia y resistencia.<\/p>\n<p>Blatemlux Azulejos de <a href=\"https:\/\/ollerpintures.com\/es\/marca\/blatem-es\/\">BLATEM<\/a> es el esmalte ideal para renovar cocinas y ba\u00f1os, esmalte para azulejo de calidad disponible en tiendas Oller Grup y online.<\/p>\n<p>No dudes en consultarnos cualquier duda sobre este esmalte para azulejo. [ <a href=\"https:\/\/www.blatem.com\/es\/system\/files\/es_00602950100806.pdf\" target=\"_blank\" rel=\"noopener\">Ficha t\u00e9cnica<\/a> ]<\/p>\n","protected":false},"excerpt":{"rendered":"<div class=\"content\" tabindex=\"0\" aria-description=\"\">\n<div class=\"ac-container ac-adaptiveCard\">\n<div class=\"ac-textBlock\">\n<p>Blatemlux Azulejos es un esmalte sint\u00e9tico luminoso de calidad superior para pintar cualquier tipo de baldosas interiores (ba\u00f1os y cocinas), elaborado con la tecnolog\u00eda m\u00e1s innovadora para conseguir los mejores resultados. De gran poder cubriente, brillo, rendimiento, facilidad de aplicaci\u00f3n y alisado, as\u00ed como r\u00e1pido secado y alta resistencia a los impactos, raspaduras y detergentes. El esmalte Blatemlux Azulejos ofrece una magn\u00edfica fijaci\u00f3n y es uno de los superventas en tiendas Oller Grup y online.<\/p>\n<\/div>\n<\/div>\n<\/div>\n","protected":false},"featured_media":7162,"template":"","meta":{"_acf_changed":false},"pwb-brand":[786],"product_brand":[],"product_cat":[201,206,240],"product_tag":[330,239,238,225,221,215],"class_list":{"0":"post-6573","1":"product","2":"type-product","3":"status-publish","4":"has-post-thumbnail","6":"pwb-brand-blatem-es","7":"product_cat-pintura-es","8":"product_cat-interior","9":"product_cat-pintura-para-azulejos","10":"product_tag-azulejo-es-2","11":"product_tag-azulejo-es","12":"product_tag-blatem-es","13":"product_tag-esmalte","14":"product_tag-outlet-es","15":"product_tag-pintura-es","16":"no-featured-image-padding","17":"resize-featured-image","18":"sales-flash-overlay","19":"woocommerce-text-align-left","20":"woocommerce-image-align-center","21":"do-quantity-buttons","23":"first","24":"instock","25":"shipping-taxable","26":"purchasable","27":"product-type-variable"},"acf":[],"yoast_head":"<!-- This site is optimized with the Yoast SEO plugin v27.1.1 - https:\/\/yoast.com\/product\/yoast-seo-wordpress\/ -->\n<title>Esmalte para azulejo Blatemlux Azulejos | BLATEM | Oller Grup<\/title>\n<meta name=\"description\" content=\"Blatemlux Azulejos de BLATEM es el esmalte ideal para renovar cocinas y ba\u00f1os, esmalte para azulejo de calidad disponible en tiendas Oller Grup y online.\" \/>\n<meta name=\"robots\" content=\"index, follow, max-snippet:-1, max-image-preview:large, max-video-preview:-1\" \/>\n<link rel=\"canonical\" href=\"https:\/\/ollerpintures.com\/es\/producto\/esmalte-para-azulejo-blatemlux-azulejos-750ml\/\" \/>\n<meta property=\"og:locale\" content=\"es_ES\" \/>\n<meta property=\"og:type\" content=\"article\" \/>\n<meta property=\"og:title\" content=\"Esmalte para azulejo Blatemlux Azulejos | BLATEM | Oller Grup\" \/>\n<meta property=\"og:description\" content=\"Blatemlux Azulejos de BLATEM es el esmalte ideal para renovar cocinas y ba\u00f1os, esmalte para azulejo de calidad disponible en tiendas Oller Grup y online.\" \/>\n<meta property=\"og:url\" content=\"https:\/\/ollerpintures.com\/es\/producto\/esmalte-para-azulejo-blatemlux-azulejos-750ml\/\" \/>\n<meta property=\"og:site_name\" content=\"Oller Pinturas y revestimientos\" \/>\n<meta property=\"article:publisher\" content=\"https:\/\/www.facebook.com\/people\/Oller-Pintures\/100063652056709\/\" \/>\n<meta property=\"article:modified_time\" content=\"2024-02-23T08:28:25+00:00\" \/>\n<meta property=\"og:image\" content=\"https:\/\/ollerpintures.com\/wp-content\/uploads\/2020\/12\/blatem-pintura-para-azulejos-comprar-online-oller.png\" \/>\n\t<meta property=\"og:image:width\" content=\"1080\" \/>\n\t<meta property=\"og:image:height\" content=\"1080\" \/>\n\t<meta property=\"og:image:type\" content=\"image\/png\" \/>\n<meta name=\"twitter:card\" content=\"summary_large_image\" \/>\n<meta name=\"twitter:label1\" content=\"Tiempo de lectura\" \/>\n\t<meta name=\"twitter:data1\" content=\"1 minuto\" \/>\n<script type=\"application\/ld+json\" class=\"yoast-schema-graph\">{\"@context\":\"https:\/\/schema.org\",\"@graph\":[{\"@type\":\"WebPage\",\"@id\":\"https:\/\/ollerpintures.com\/es\/producto\/esmalte-para-azulejo-blatemlux-azulejos-750ml\/\",\"url\":\"https:\/\/ollerpintures.com\/es\/producto\/esmalte-para-azulejo-blatemlux-azulejos-750ml\/\",\"name\":\"Esmalte para azulejo Blatemlux Azulejos | BLATEM | Oller Grup\",\"isPartOf\":{\"@id\":\"https:\/\/ollerpintures.com\/es\/#website\"},\"primaryImageOfPage\":{\"@id\":\"https:\/\/ollerpintures.com\/es\/producto\/esmalte-para-azulejo-blatemlux-azulejos-750ml\/#primaryimage\"},\"image\":{\"@id\":\"https:\/\/ollerpintures.com\/es\/producto\/esmalte-para-azulejo-blatemlux-azulejos-750ml\/#primaryimage\"},\"thumbnailUrl\":\"https:\/\/ollerpintures.com\/wp-content\/uploads\/2020\/12\/blatem-pintura-para-azulejos-comprar-online-oller.png\",\"datePublished\":\"2020-12-23T22:02:37+00:00\",\"dateModified\":\"2024-02-23T08:28:25+00:00\",\"description\":\"Blatemlux Azulejos de BLATEM es el esmalte ideal para renovar cocinas y ba\u00f1os, esmalte para azulejo de calidad disponible en tiendas Oller Grup y online.\",\"breadcrumb\":{\"@id\":\"https:\/\/ollerpintures.com\/es\/producto\/esmalte-para-azulejo-blatemlux-azulejos-750ml\/#breadcrumb\"},\"inLanguage\":\"es\",\"potentialAction\":[{\"@type\":\"ReadAction\",\"target\":[\"https:\/\/ollerpintures.com\/es\/producto\/esmalte-para-azulejo-blatemlux-azulejos-750ml\/\"]}]},{\"@type\":\"ImageObject\",\"inLanguage\":\"es\",\"@id\":\"https:\/\/ollerpintures.com\/es\/producto\/esmalte-para-azulejo-blatemlux-azulejos-750ml\/#primaryimage\",\"url\":\"https:\/\/ollerpintures.com\/wp-content\/uploads\/2020\/12\/blatem-pintura-para-azulejos-comprar-online-oller.png\",\"contentUrl\":\"https:\/\/ollerpintures.com\/wp-content\/uploads\/2020\/12\/blatem-pintura-para-azulejos-comprar-online-oller.png\",\"width\":1080,\"height\":1080,\"caption\":\"Esmalte para azulejo - Blatemlux Azulejos\"},{\"@type\":\"BreadcrumbList\",\"@id\":\"https:\/\/ollerpintures.com\/es\/producto\/esmalte-para-azulejo-blatemlux-azulejos-750ml\/#breadcrumb\",\"itemListElement\":[{\"@type\":\"ListItem\",\"position\":1,\"name\":\"Inici\",\"item\":\"https:\/\/ollerpintures.com\/es\/\"},{\"@type\":\"ListItem\",\"position\":2,\"name\":\"Tienda\",\"item\":\"https:\/\/ollerpintures.com\/es\/tienda\/\"},{\"@type\":\"ListItem\",\"position\":3,\"name\":\"Esmalte para azulejo BLATEMLUX Azulejos 750ml\"}]},{\"@type\":\"WebSite\",\"@id\":\"https:\/\/ollerpintures.com\/es\/#website\",\"url\":\"https:\/\/ollerpintures.com\/es\/\",\"name\":\"Oller Pinturas y Revestimientos\",\"description\":\"M\u00e1s de 50 a\u00f1os acompa\u00f1ando a profesionales y particulares con soluciones de pintura duraderas y sostenibles, seis tiendas de proximidad con servicio tintom\u00e9trico propio y un compromiso real con el oficio y las nuevas generaciones.\",\"publisher\":{\"@id\":\"https:\/\/ollerpintures.com\/es\/#organization\"},\"alternateName\":\"Oller Grup\",\"potentialAction\":[{\"@type\":\"SearchAction\",\"target\":{\"@type\":\"EntryPoint\",\"urlTemplate\":\"https:\/\/ollerpintures.com\/es\/?s={search_term_string}\"},\"query-input\":{\"@type\":\"PropertyValueSpecification\",\"valueRequired\":true,\"valueName\":\"search_term_string\"}}],\"inLanguage\":\"es\"},{\"@type\":\"Organization\",\"@id\":\"https:\/\/ollerpintures.com\/es\/#organization\",\"name\":\"Oller Pintures i Revestiments\",\"alternateName\":\"Oller Grup\",\"url\":\"https:\/\/ollerpintures.com\/es\/\",\"logo\":{\"@type\":\"ImageObject\",\"inLanguage\":\"es\",\"@id\":\"https:\/\/ollerpintures.com\/es\/#\/schema\/logo\/image\/\",\"url\":\"https:\/\/ollerpintures.com\/wp-content\/uploads\/2024\/05\/newLogo.png\",\"contentUrl\":\"https:\/\/ollerpintures.com\/wp-content\/uploads\/2024\/05\/newLogo.png\",\"width\":483,\"height\":244,\"caption\":\"Oller Pintures i Revestiments\"},\"image\":{\"@id\":\"https:\/\/ollerpintures.com\/es\/#\/schema\/logo\/image\/\"},\"sameAs\":[\"https:\/\/www.facebook.com\/people\/Oller-Pintures\/100063652056709\/\",\"https:\/\/www.instagram.com\/ollerpintures\/\",\"https:\/\/descriptor.es\/organization\/oller-grup\/\"]}]}<\/script>\n<!-- \/ Yoast SEO plugin. -->","yoast_head_json":{"title":"Esmalte para azulejo Blatemlux Azulejos | BLATEM | Oller Grup","description":"Blatemlux Azulejos de BLATEM es el esmalte ideal para renovar cocinas y ba\u00f1os, esmalte para azulejo de calidad disponible en tiendas Oller Grup y online.","robots":{"index":"index","follow":"follow","max-snippet":"max-snippet:-1","max-image-preview":"max-image-preview:large","max-video-preview":"max-video-preview:-1"},"canonical":"https:\/\/ollerpintures.com\/es\/producto\/esmalte-para-azulejo-blatemlux-azulejos-750ml\/","og_locale":"es_ES","og_type":"article","og_title":"Esmalte para azulejo Blatemlux Azulejos | BLATEM | Oller Grup","og_description":"Blatemlux Azulejos de BLATEM es el esmalte ideal para renovar cocinas y ba\u00f1os, esmalte para azulejo de calidad disponible en tiendas Oller Grup y online.","og_url":"https:\/\/ollerpintures.com\/es\/producto\/esmalte-para-azulejo-blatemlux-azulejos-750ml\/","og_site_name":"Oller Pinturas y revestimientos","article_publisher":"https:\/\/www.facebook.com\/people\/Oller-Pintures\/100063652056709\/","article_modified_time":"2024-02-23T08:28:25+00:00","og_image":[{"width":1080,"height":1080,"url":"https:\/\/ollerpintures.com\/wp-content\/uploads\/2020\/12\/blatem-pintura-para-azulejos-comprar-online-oller.png","type":"image\/png"}],"twitter_card":"summary_large_image","twitter_misc":{"Tiempo de lectura":"1 minuto"},"schema":{"@context":"https:\/\/schema.org","@graph":[{"@type":"WebPage","@id":"https:\/\/ollerpintures.com\/es\/producto\/esmalte-para-azulejo-blatemlux-azulejos-750ml\/","url":"https:\/\/ollerpintures.com\/es\/producto\/esmalte-para-azulejo-blatemlux-azulejos-750ml\/","name":"Esmalte para azulejo Blatemlux Azulejos | BLATEM | Oller Grup","isPartOf":{"@id":"https:\/\/ollerpintures.com\/es\/#website"},"primaryImageOfPage":{"@id":"https:\/\/ollerpintures.com\/es\/producto\/esmalte-para-azulejo-blatemlux-azulejos-750ml\/#primaryimage"},"image":{"@id":"https:\/\/ollerpintures.com\/es\/producto\/esmalte-para-azulejo-blatemlux-azulejos-750ml\/#primaryimage"},"thumbnailUrl":"https:\/\/ollerpintures.com\/wp-content\/uploads\/2020\/12\/blatem-pintura-para-azulejos-comprar-online-oller.png","datePublished":"2020-12-23T22:02:37+00:00","dateModified":"2024-02-23T08:28:25+00:00","description":"Blatemlux Azulejos de BLATEM es el esmalte ideal para renovar cocinas y ba\u00f1os, esmalte para azulejo de calidad disponible en tiendas Oller Grup y online.","breadcrumb":{"@id":"https:\/\/ollerpintures.com\/es\/producto\/esmalte-para-azulejo-blatemlux-azulejos-750ml\/#breadcrumb"},"inLanguage":"es","potentialAction":[{"@type":"ReadAction","target":["https:\/\/ollerpintures.com\/es\/producto\/esmalte-para-azulejo-blatemlux-azulejos-750ml\/"]}]},{"@type":"ImageObject","inLanguage":"es","@id":"https:\/\/ollerpintures.com\/es\/producto\/esmalte-para-azulejo-blatemlux-azulejos-750ml\/#primaryimage","url":"https:\/\/ollerpintures.com\/wp-content\/uploads\/2020\/12\/blatem-pintura-para-azulejos-comprar-online-oller.png","contentUrl":"https:\/\/ollerpintures.com\/wp-content\/uploads\/2020\/12\/blatem-pintura-para-azulejos-comprar-online-oller.png","width":1080,"height":1080,"caption":"Esmalte para azulejo - Blatemlux Azulejos"},{"@type":"BreadcrumbList","@id":"https:\/\/ollerpintures.com\/es\/producto\/esmalte-para-azulejo-blatemlux-azulejos-750ml\/#breadcrumb","itemListElement":[{"@type":"ListItem","position":1,"name":"Inici","item":"https:\/\/ollerpintures.com\/es\/"},{"@type":"ListItem","position":2,"name":"Tienda","item":"https:\/\/ollerpintures.com\/es\/tienda\/"},{"@type":"ListItem","position":3,"name":"Esmalte para azulejo BLATEMLUX Azulejos 750ml"}]},{"@type":"WebSite","@id":"https:\/\/ollerpintures.com\/es\/#website","url":"https:\/\/ollerpintures.com\/es\/","name":"Oller Pinturas y Revestimientos","description":"M\u00e1s de 50 a\u00f1os acompa\u00f1ando a profesionales y particulares con soluciones de pintura duraderas y sostenibles, seis tiendas de proximidad con servicio tintom\u00e9trico propio y un compromiso real con el oficio y las nuevas generaciones.","publisher":{"@id":"https:\/\/ollerpintures.com\/es\/#organization"},"alternateName":"Oller Grup","potentialAction":[{"@type":"SearchAction","target":{"@type":"EntryPoint","urlTemplate":"https:\/\/ollerpintures.com\/es\/?s={search_term_string}"},"query-input":{"@type":"PropertyValueSpecification","valueRequired":true,"valueName":"search_term_string"}}],"inLanguage":"es"},{"@type":"Organization","@id":"https:\/\/ollerpintures.com\/es\/#organization","name":"Oller Pintures i Revestiments","alternateName":"Oller Grup","url":"https:\/\/ollerpintures.com\/es\/","logo":{"@type":"ImageObject","inLanguage":"es","@id":"https:\/\/ollerpintures.com\/es\/#\/schema\/logo\/image\/","url":"https:\/\/ollerpintures.com\/wp-content\/uploads\/2024\/05\/newLogo.png","contentUrl":"https:\/\/ollerpintures.com\/wp-content\/uploads\/2024\/05\/newLogo.png","width":483,"height":244,"caption":"Oller Pintures i Revestiments"},"image":{"@id":"https:\/\/ollerpintures.com\/es\/#\/schema\/logo\/image\/"},"sameAs":["https:\/\/www.facebook.com\/people\/Oller-Pintures\/100063652056709\/","https:\/\/www.instagram.com\/ollerpintures\/","https:\/\/descriptor.es\/organization\/oller-grup\/"]}]}},"brands":[{"id":786,"name":"Blatem","slug":"blatem-es"}],"_links":{"self":[{"href":"https:\/\/ollerpintures.com\/es\/wp-json\/wp\/v2\/product\/6573","targetHints":{"allow":["GET"]}}],"collection":[{"href":"https:\/\/ollerpintures.com\/es\/wp-json\/wp\/v2\/product"}],"about":[{"href":"https:\/\/ollerpintures.com\/es\/wp-json\/wp\/v2\/types\/product"}],"wp:featuredmedia":[{"embeddable":true,"href":"https:\/\/ollerpintures.com\/es\/wp-json\/wp\/v2\/media\/7162"}],"wp:attachment":[{"href":"https:\/\/ollerpintures.com\/es\/wp-json\/wp\/v2\/media?parent=6573"}],"wp:term":[{"taxonomy":"pwb-brand","embeddable":true,"href":"https:\/\/ollerpintures.com\/es\/wp-json\/wp\/v2\/pwb-brand?post=6573"},{"taxonomy":"product_brand","embeddable":true,"href":"https:\/\/ollerpintures.com\/es\/wp-json\/wp\/v2\/product_brand?post=6573"},{"taxonomy":"product_cat","embeddable":true,"href":"https:\/\/ollerpintures.com\/es\/wp-json\/wp\/v2\/product_cat?post=6573"},{"taxonomy":"product_tag","embeddable":true,"href":"https:\/\/ollerpintures.com\/es\/wp-json\/wp\/v2\/product_tag?post=6573"}],"curies":[{"name":"wp","href":"https:\/\/api.w.org\/{rel}","templated":true}]}}