{"id":6557,"date":"2020-12-23T23:09:12","date_gmt":"2020-12-23T22:09:12","guid":{"rendered":"https:\/\/oller-pintures.c.wetopi.com\/web-proves\/producte\/rodillo-antigota-para-pared-interior-liso-22cm\/"},"modified":"2025-03-30T08:44:28","modified_gmt":"2025-03-30T07:44:28","slug":"rodillo-antigota-para-pared-interior-liso-22cm","status":"publish","type":"product","link":"https:\/\/ollerpintures.com\/es\/producto\/rodillo-antigota-para-pared-interior-liso-22cm\/","title":{"rendered":"Rodillo antigota para pared interior liso 22cm"},"content":{"rendered":"<p>Este es el<strong> rodillo m\u00e1s vendido para pintar paredes y techos interiores con superficies lisas<\/strong>. Est\u00e1 hecho de hilo de poliamida (no es acr\u00edlico ni sint\u00e9tico) y, gracias a esto, \u00a1te dar\u00e1 <strong>muy buenos acabados y sin salpicaduras!<\/strong><\/p>\n<p>&nbsp;<\/p>\n<p>Caracter\u00edsticas<\/p>\n<ul>\n<li>Ideal para paredes y techos lisos interiores<\/li>\n<li>Hilo de poliamida<\/li>\n<li>Buenos acabados<\/li>\n<li>No salpica<\/li>\n<\/ul>\n<hr \/>\n<h4><span style=\"color: #ff6600;\">Consejo Oller:<\/span>\u00a0Para determinar qu\u00e9 rodillo es el m\u00e1s adecuado para el proyecto, necesitamos saber qu\u00e9 material queremos pintar (hierro, madera o pared), la extensi\u00f3n de la superficie (m2) y los acabados y calidad que queremos conseguir. \u00a1Con estos datos, pod\u00e9is valorar cual es el mejor rodillo para cada caso, siguiendo las recomendaciones que os dejamos en las descripciones de los productos!<\/h4>\n<hr \/>\n<h4><\/h4>\n","protected":false},"excerpt":{"rendered":"<p>Este es el rodillo m\u00e1s vendido para pintar paredes y techos interiores con superficies lisas. Est\u00e1 hecho de hilo de poliamida (no es acr\u00edlico ni &#8230; <\/p>\n<p class=\"read-more-container\"><a title=\"Rodillo antigota para pared interior liso 22cm\" class=\"read-more button\" href=\"https:\/\/ollerpintures.com\/es\/producto\/rodillo-antigota-para-pared-interior-liso-22cm\/#more-6557\" aria-label=\"Leer m\u00e1s sobre Rodillo antigota para pared interior liso 22cm\">Leer m\u00e1s<\/a><\/p>\n","protected":false},"featured_media":8020,"template":"","meta":{"_acf_changed":false},"pwb-brand":[],"product_brand":[],"product_cat":[112,199,200],"product_tag":[224,210,213,216,209],"class_list":{"0":"post-6557","1":"product","2":"type-product","3":"status-publish","4":"has-post-thumbnail","6":"product_cat-herramientas-y-complementos","7":"product_cat-para-pintar","8":"product_cat-rodillos","9":"product_tag-antigota-es","10":"product_tag-herramientas","11":"product_tag-interior-es","12":"product_tag-pared","13":"product_tag-rodillo","14":"no-featured-image-padding","15":"resize-featured-image","16":"sales-flash-overlay","17":"woocommerce-text-align-left","18":"woocommerce-image-align-center","19":"do-quantity-buttons","20":"wc-has-gallery","22":"first","23":"instock","24":"shipping-taxable","25":"purchasable","26":"product-type-simple"},"acf":[],"yoast_head":"<!-- This site is optimized with the Yoast SEO plugin v27.1.1 - https:\/\/yoast.com\/product\/yoast-seo-wordpress\/ -->\n<title>Rodillo antigota para pared interior liso 22cm - Oller Pinturas y revestimientos<\/title>\n<meta name=\"description\" content=\"Este es el rodillo m\u00e1s vendido para pintar paredes y techos interiores con superficies lisas. Est\u00e1 hecho de hilo de poliamida (no es acr\u00edlico ni\" \/>\n<meta name=\"robots\" content=\"index, follow, max-snippet:-1, max-image-preview:large, max-video-preview:-1\" \/>\n<link rel=\"canonical\" href=\"https:\/\/ollerpintures.com\/es\/producto\/rodillo-antigota-para-pared-interior-liso-22cm\/\" \/>\n<meta property=\"og:locale\" content=\"es_ES\" \/>\n<meta property=\"og:type\" content=\"article\" \/>\n<meta property=\"og:title\" content=\"Rodillo antigota para pared interior liso 22cm - Oller Pinturas y revestimientos\" \/>\n<meta property=\"og:description\" content=\"Este es el rodillo m\u00e1s vendido para pintar paredes y techos interiores con superficies lisas. Est\u00e1 hecho de hilo de poliamida (no es acr\u00edlico ni\" \/>\n<meta property=\"og:url\" content=\"https:\/\/ollerpintures.com\/es\/producto\/rodillo-antigota-para-pared-interior-liso-22cm\/\" \/>\n<meta property=\"og:site_name\" content=\"Oller Pinturas y revestimientos\" \/>\n<meta property=\"article:publisher\" content=\"https:\/\/www.facebook.com\/people\/Oller-Pintures\/100063652056709\/\" \/>\n<meta property=\"article:modified_time\" content=\"2025-03-30T07:44:28+00:00\" \/>\n<meta property=\"og:image\" content=\"https:\/\/ollerpintures.com\/wp-content\/uploads\/2020\/12\/rodillo-antigota-interior-comprar-online-oller-pintura.png\" \/>\n\t<meta property=\"og:image:width\" content=\"1080\" \/>\n\t<meta property=\"og:image:height\" content=\"1080\" \/>\n\t<meta property=\"og:image:type\" content=\"image\/png\" \/>\n<meta name=\"twitter:card\" content=\"summary_large_image\" \/>\n<meta name=\"twitter:label1\" content=\"Tiempo de lectura\" \/>\n\t<meta name=\"twitter:data1\" content=\"1 minuto\" \/>\n<script type=\"application\/ld+json\" class=\"yoast-schema-graph\">{\"@context\":\"https:\/\/schema.org\",\"@graph\":[{\"@type\":\"WebPage\",\"@id\":\"https:\/\/ollerpintures.com\/es\/producto\/rodillo-antigota-para-pared-interior-liso-22cm\/\",\"url\":\"https:\/\/ollerpintures.com\/es\/producto\/rodillo-antigota-para-pared-interior-liso-22cm\/\",\"name\":\"Rodillo antigota para pared interior liso 22cm - Oller Pinturas y revestimientos\",\"isPartOf\":{\"@id\":\"https:\/\/ollerpintures.com\/es\/#website\"},\"primaryImageOfPage\":{\"@id\":\"https:\/\/ollerpintures.com\/es\/producto\/rodillo-antigota-para-pared-interior-liso-22cm\/#primaryimage\"},\"image\":{\"@id\":\"https:\/\/ollerpintures.com\/es\/producto\/rodillo-antigota-para-pared-interior-liso-22cm\/#primaryimage\"},\"thumbnailUrl\":\"https:\/\/ollerpintures.com\/wp-content\/uploads\/2020\/12\/rodillo-antigota-interior-comprar-online-oller-pintura.png\",\"datePublished\":\"2020-12-23T22:09:12+00:00\",\"dateModified\":\"2025-03-30T07:44:28+00:00\",\"description\":\"Este es el rodillo m\u00e1s vendido para pintar paredes y techos interiores con superficies lisas. Est\u00e1 hecho de hilo de poliamida (no es acr\u00edlico ni\",\"breadcrumb\":{\"@id\":\"https:\/\/ollerpintures.com\/es\/producto\/rodillo-antigota-para-pared-interior-liso-22cm\/#breadcrumb\"},\"inLanguage\":\"es\",\"potentialAction\":[{\"@type\":\"ReadAction\",\"target\":[\"https:\/\/ollerpintures.com\/es\/producto\/rodillo-antigota-para-pared-interior-liso-22cm\/\"]}]},{\"@type\":\"ImageObject\",\"inLanguage\":\"es\",\"@id\":\"https:\/\/ollerpintures.com\/es\/producto\/rodillo-antigota-para-pared-interior-liso-22cm\/#primaryimage\",\"url\":\"https:\/\/ollerpintures.com\/wp-content\/uploads\/2020\/12\/rodillo-antigota-interior-comprar-online-oller-pintura.png\",\"contentUrl\":\"https:\/\/ollerpintures.com\/wp-content\/uploads\/2020\/12\/rodillo-antigota-interior-comprar-online-oller-pintura.png\",\"width\":1080,\"height\":1080,\"caption\":\"Rodillo Antigota\"},{\"@type\":\"BreadcrumbList\",\"@id\":\"https:\/\/ollerpintures.com\/es\/producto\/rodillo-antigota-para-pared-interior-liso-22cm\/#breadcrumb\",\"itemListElement\":[{\"@type\":\"ListItem\",\"position\":1,\"name\":\"Inici\",\"item\":\"https:\/\/ollerpintures.com\/es\/\"},{\"@type\":\"ListItem\",\"position\":2,\"name\":\"Tienda\",\"item\":\"https:\/\/ollerpintures.com\/es\/tienda\/\"},{\"@type\":\"ListItem\",\"position\":3,\"name\":\"Rodillo antigota para pared interior liso 22cm\"}]},{\"@type\":\"WebSite\",\"@id\":\"https:\/\/ollerpintures.com\/es\/#website\",\"url\":\"https:\/\/ollerpintures.com\/es\/\",\"name\":\"Oller Pinturas y Revestimientos\",\"description\":\"M\u00e1s de 50 a\u00f1os acompa\u00f1ando a profesionales y particulares con soluciones de pintura duraderas y sostenibles, seis tiendas de proximidad con servicio tintom\u00e9trico propio y un compromiso real con el oficio y las nuevas generaciones.\",\"publisher\":{\"@id\":\"https:\/\/ollerpintures.com\/es\/#organization\"},\"alternateName\":\"Oller Grup\",\"potentialAction\":[{\"@type\":\"SearchAction\",\"target\":{\"@type\":\"EntryPoint\",\"urlTemplate\":\"https:\/\/ollerpintures.com\/es\/?s={search_term_string}\"},\"query-input\":{\"@type\":\"PropertyValueSpecification\",\"valueRequired\":true,\"valueName\":\"search_term_string\"}}],\"inLanguage\":\"es\"},{\"@type\":\"Organization\",\"@id\":\"https:\/\/ollerpintures.com\/es\/#organization\",\"name\":\"Oller Pintures i Revestiments\",\"alternateName\":\"Oller Grup\",\"url\":\"https:\/\/ollerpintures.com\/es\/\",\"logo\":{\"@type\":\"ImageObject\",\"inLanguage\":\"es\",\"@id\":\"https:\/\/ollerpintures.com\/es\/#\/schema\/logo\/image\/\",\"url\":\"https:\/\/ollerpintures.com\/wp-content\/uploads\/2024\/05\/newLogo.png\",\"contentUrl\":\"https:\/\/ollerpintures.com\/wp-content\/uploads\/2024\/05\/newLogo.png\",\"width\":483,\"height\":244,\"caption\":\"Oller Pintures i Revestiments\"},\"image\":{\"@id\":\"https:\/\/ollerpintures.com\/es\/#\/schema\/logo\/image\/\"},\"sameAs\":[\"https:\/\/www.facebook.com\/people\/Oller-Pintures\/100063652056709\/\",\"https:\/\/www.instagram.com\/ollerpintures\/\",\"https:\/\/descriptor.es\/organization\/oller-grup\/\"]}]}<\/script>\n<!-- \/ Yoast SEO plugin. -->","yoast_head_json":{"title":"Rodillo antigota para pared interior liso 22cm - Oller Pinturas y revestimientos","description":"Este es el rodillo m\u00e1s vendido para pintar paredes y techos interiores con superficies lisas. Est\u00e1 hecho de hilo de poliamida (no es acr\u00edlico ni","robots":{"index":"index","follow":"follow","max-snippet":"max-snippet:-1","max-image-preview":"max-image-preview:large","max-video-preview":"max-video-preview:-1"},"canonical":"https:\/\/ollerpintures.com\/es\/producto\/rodillo-antigota-para-pared-interior-liso-22cm\/","og_locale":"es_ES","og_type":"article","og_title":"Rodillo antigota para pared interior liso 22cm - Oller Pinturas y revestimientos","og_description":"Este es el rodillo m\u00e1s vendido para pintar paredes y techos interiores con superficies lisas. Est\u00e1 hecho de hilo de poliamida (no es acr\u00edlico ni","og_url":"https:\/\/ollerpintures.com\/es\/producto\/rodillo-antigota-para-pared-interior-liso-22cm\/","og_site_name":"Oller Pinturas y revestimientos","article_publisher":"https:\/\/www.facebook.com\/people\/Oller-Pintures\/100063652056709\/","article_modified_time":"2025-03-30T07:44:28+00:00","og_image":[{"width":1080,"height":1080,"url":"https:\/\/ollerpintures.com\/wp-content\/uploads\/2020\/12\/rodillo-antigota-interior-comprar-online-oller-pintura.png","type":"image\/png"}],"twitter_card":"summary_large_image","twitter_misc":{"Tiempo de lectura":"1 minuto"},"schema":{"@context":"https:\/\/schema.org","@graph":[{"@type":"WebPage","@id":"https:\/\/ollerpintures.com\/es\/producto\/rodillo-antigota-para-pared-interior-liso-22cm\/","url":"https:\/\/ollerpintures.com\/es\/producto\/rodillo-antigota-para-pared-interior-liso-22cm\/","name":"Rodillo antigota para pared interior liso 22cm - Oller Pinturas y revestimientos","isPartOf":{"@id":"https:\/\/ollerpintures.com\/es\/#website"},"primaryImageOfPage":{"@id":"https:\/\/ollerpintures.com\/es\/producto\/rodillo-antigota-para-pared-interior-liso-22cm\/#primaryimage"},"image":{"@id":"https:\/\/ollerpintures.com\/es\/producto\/rodillo-antigota-para-pared-interior-liso-22cm\/#primaryimage"},"thumbnailUrl":"https:\/\/ollerpintures.com\/wp-content\/uploads\/2020\/12\/rodillo-antigota-interior-comprar-online-oller-pintura.png","datePublished":"2020-12-23T22:09:12+00:00","dateModified":"2025-03-30T07:44:28+00:00","description":"Este es el rodillo m\u00e1s vendido para pintar paredes y techos interiores con superficies lisas. Est\u00e1 hecho de hilo de poliamida (no es acr\u00edlico ni","breadcrumb":{"@id":"https:\/\/ollerpintures.com\/es\/producto\/rodillo-antigota-para-pared-interior-liso-22cm\/#breadcrumb"},"inLanguage":"es","potentialAction":[{"@type":"ReadAction","target":["https:\/\/ollerpintures.com\/es\/producto\/rodillo-antigota-para-pared-interior-liso-22cm\/"]}]},{"@type":"ImageObject","inLanguage":"es","@id":"https:\/\/ollerpintures.com\/es\/producto\/rodillo-antigota-para-pared-interior-liso-22cm\/#primaryimage","url":"https:\/\/ollerpintures.com\/wp-content\/uploads\/2020\/12\/rodillo-antigota-interior-comprar-online-oller-pintura.png","contentUrl":"https:\/\/ollerpintures.com\/wp-content\/uploads\/2020\/12\/rodillo-antigota-interior-comprar-online-oller-pintura.png","width":1080,"height":1080,"caption":"Rodillo Antigota"},{"@type":"BreadcrumbList","@id":"https:\/\/ollerpintures.com\/es\/producto\/rodillo-antigota-para-pared-interior-liso-22cm\/#breadcrumb","itemListElement":[{"@type":"ListItem","position":1,"name":"Inici","item":"https:\/\/ollerpintures.com\/es\/"},{"@type":"ListItem","position":2,"name":"Tienda","item":"https:\/\/ollerpintures.com\/es\/tienda\/"},{"@type":"ListItem","position":3,"name":"Rodillo antigota para pared interior liso 22cm"}]},{"@type":"WebSite","@id":"https:\/\/ollerpintures.com\/es\/#website","url":"https:\/\/ollerpintures.com\/es\/","name":"Oller Pinturas y Revestimientos","description":"M\u00e1s de 50 a\u00f1os acompa\u00f1ando a profesionales y particulares con soluciones de pintura duraderas y sostenibles, seis tiendas de proximidad con servicio tintom\u00e9trico propio y un compromiso real con el oficio y las nuevas generaciones.","publisher":{"@id":"https:\/\/ollerpintures.com\/es\/#organization"},"alternateName":"Oller Grup","potentialAction":[{"@type":"SearchAction","target":{"@type":"EntryPoint","urlTemplate":"https:\/\/ollerpintures.com\/es\/?s={search_term_string}"},"query-input":{"@type":"PropertyValueSpecification","valueRequired":true,"valueName":"search_term_string"}}],"inLanguage":"es"},{"@type":"Organization","@id":"https:\/\/ollerpintures.com\/es\/#organization","name":"Oller Pintures i Revestiments","alternateName":"Oller Grup","url":"https:\/\/ollerpintures.com\/es\/","logo":{"@type":"ImageObject","inLanguage":"es","@id":"https:\/\/ollerpintures.com\/es\/#\/schema\/logo\/image\/","url":"https:\/\/ollerpintures.com\/wp-content\/uploads\/2024\/05\/newLogo.png","contentUrl":"https:\/\/ollerpintures.com\/wp-content\/uploads\/2024\/05\/newLogo.png","width":483,"height":244,"caption":"Oller Pintures i Revestiments"},"image":{"@id":"https:\/\/ollerpintures.com\/es\/#\/schema\/logo\/image\/"},"sameAs":["https:\/\/www.facebook.com\/people\/Oller-Pintures\/100063652056709\/","https:\/\/www.instagram.com\/ollerpintures\/","https:\/\/descriptor.es\/organization\/oller-grup\/"]}]}},"brands":[],"_links":{"self":[{"href":"https:\/\/ollerpintures.com\/es\/wp-json\/wp\/v2\/product\/6557","targetHints":{"allow":["GET"]}}],"collection":[{"href":"https:\/\/ollerpintures.com\/es\/wp-json\/wp\/v2\/product"}],"about":[{"href":"https:\/\/ollerpintures.com\/es\/wp-json\/wp\/v2\/types\/product"}],"wp:featuredmedia":[{"embeddable":true,"href":"https:\/\/ollerpintures.com\/es\/wp-json\/wp\/v2\/media\/8020"}],"wp:attachment":[{"href":"https:\/\/ollerpintures.com\/es\/wp-json\/wp\/v2\/media?parent=6557"}],"wp:term":[{"taxonomy":"pwb-brand","embeddable":true,"href":"https:\/\/ollerpintures.com\/es\/wp-json\/wp\/v2\/pwb-brand?post=6557"},{"taxonomy":"product_brand","embeddable":true,"href":"https:\/\/ollerpintures.com\/es\/wp-json\/wp\/v2\/product_brand?post=6557"},{"taxonomy":"product_cat","embeddable":true,"href":"https:\/\/ollerpintures.com\/es\/wp-json\/wp\/v2\/product_cat?post=6557"},{"taxonomy":"product_tag","embeddable":true,"href":"https:\/\/ollerpintures.com\/es\/wp-json\/wp\/v2\/product_tag?post=6557"}],"curies":[{"name":"wp","href":"https:\/\/api.w.org\/{rel}","templated":true}]}}