{"id":32012,"date":"2026-02-09T18:31:06","date_gmt":"2026-02-09T17:31:06","guid":{"rendered":"https:\/\/ollerpintures.com\/?post_type=product&#038;p=32012"},"modified":"2026-02-09T18:31:06","modified_gmt":"2026-02-09T17:31:06","slug":"tesa-4319-cinta-krepp-rugoso-especial-curvas","status":"publish","type":"product","link":"https:\/\/ollerpintures.com\/es\/producto\/tesa-4319-cinta-krepp-rugoso-especial-curvas\/","title":{"rendered":"Tesa 4319 cinta krepp rugoso especial curvas"},"content":{"rendered":"<p>La tesa\u00ae 4319 es una cinta de enmascarar altamente crepada y flexible, especialmente dise\u00f1ada para trabajos de pintura que requieren precisi\u00f3n en curvas y formas tridimensionales. Est\u00e1 compuesta por un soporte de papel crepado de alta calidad combinado con un adhesivo de caucho natural, lo que le confiere una excelente conformabilidad y un rendimiento fiable incluso en aplicaciones exigentes.<\/p>\n<p>Gracias a su alta elongaci\u00f3n, la cinta puede estirarse durante la aplicaci\u00f3n, permitiendo adaptarse con facilidad a curvas, bordes irregulares y objetos tridimensionales, reduciendo correcciones y ahorrando tiempo. Su gruesa capa adhesiva garantiza una adherencia segura incluso sobre superficies rugosas, mientras que el soporte resistente la hace adecuada tambi\u00e9n para aplicaciones de protecci\u00f3n superficial donde se requiere una mayor resistencia mec\u00e1nica.<\/p>\n<p>La tesa\u00ae 4319 se puede rasgar manualmente, facilita un enmascarado r\u00e1pido y fiable y contribuye a obtener bordes de pintura uniformes y definidos. Adem\u00e1s, incorpora un enfoque m\u00e1s sostenible, con un 67 % de contenido biobasado en el producto total (excluyendo el liner), combinando rendimiento profesional y compromiso medioambiental.<\/p>\n","protected":false},"excerpt":{"rendered":"<h2>Cinta de enmascarar altamente flexible, ideal para curvas y superficies complejas<\/h2>\n<h3>Excelente adherencia incluso sobre superficies rugosas y tridimensionales.<\/h3>\n<p>Fabricada con papel crepado resistente y adhesivo de caucho natural.<\/p>\n","protected":false},"featured_media":32015,"template":"","meta":{"_acf_changed":false},"pwb-brand":[2386],"product_brand":[],"product_cat":[112,198,868],"product_tag":[],"class_list":{"0":"post-32012","1":"product","2":"type-product","3":"status-publish","4":"has-post-thumbnail","6":"pwb-brand-tesa","7":"product_cat-herramientas-y-complementos","8":"product_cat-antes-de-pintar-prepara-la-superficie","9":"product_cat-cintas-y-plasticos-protectores","10":"no-featured-image-padding","11":"resize-featured-image","12":"sales-flash-overlay","13":"woocommerce-text-align-left","14":"woocommerce-image-align-center","15":"do-quantity-buttons","17":"first","18":"instock","19":"sale","20":"shipping-taxable","21":"purchasable","22":"product-type-simple"},"acf":[],"yoast_head":"<!-- This site is optimized with the Yoast SEO plugin v27.1.1 - https:\/\/yoast.com\/product\/yoast-seo-wordpress\/ -->\n<title>Tesa 4319 cinta krepp rugoso especial curvas - Oller Pinturas y revestimientos<\/title>\n<meta name=\"description\" content=\"Cinta de enmascarar altamente flexible, ideal para curvas y superficies complejas Excelente adherencia incluso sobre superficies rugosas y tridimensionales. Fabricada con papel crepado resistente y adhesivo de caucho natural.\" \/>\n<meta name=\"robots\" content=\"index, follow, max-snippet:-1, max-image-preview:large, max-video-preview:-1\" \/>\n<link rel=\"canonical\" href=\"https:\/\/ollerpintures.com\/es\/producto\/tesa-4319-cinta-krepp-rugoso-especial-curvas\/\" \/>\n<meta property=\"og:locale\" content=\"es_ES\" \/>\n<meta property=\"og:type\" content=\"article\" \/>\n<meta property=\"og:title\" content=\"Tesa 4319 cinta krepp rugoso especial curvas - Oller Pinturas y revestimientos\" \/>\n<meta property=\"og:description\" content=\"Cinta de enmascarar altamente flexible, ideal para curvas y superficies complejas Excelente adherencia incluso sobre superficies rugosas y tridimensionales. Fabricada con papel crepado resistente y adhesivo de caucho natural.\" \/>\n<meta property=\"og:url\" content=\"https:\/\/ollerpintures.com\/es\/producto\/tesa-4319-cinta-krepp-rugoso-especial-curvas\/\" \/>\n<meta property=\"og:site_name\" content=\"Oller Pinturas y revestimientos\" \/>\n<meta property=\"article:publisher\" content=\"https:\/\/www.facebook.com\/people\/Oller-Pintures\/100063652056709\/\" \/>\n<meta property=\"og:image\" content=\"https:\/\/ollerpintures.com\/wp-content\/uploads\/2026\/02\/Post-de-Instagram-Consejos-Salud-Mental-Organico-Crema-Naranja-8.png\" \/>\n\t<meta property=\"og:image:width\" content=\"1080\" \/>\n\t<meta property=\"og:image:height\" content=\"1080\" \/>\n\t<meta property=\"og:image:type\" content=\"image\/png\" \/>\n<meta name=\"twitter:card\" content=\"summary_large_image\" \/>\n<meta name=\"twitter:label1\" content=\"Tiempo de lectura\" \/>\n\t<meta name=\"twitter:data1\" content=\"1 minuto\" \/>\n<script type=\"application\/ld+json\" class=\"yoast-schema-graph\">{\"@context\":\"https:\/\/schema.org\",\"@graph\":[{\"@type\":\"WebPage\",\"@id\":\"https:\/\/ollerpintures.com\/es\/producto\/tesa-4319-cinta-krepp-rugoso-especial-curvas\/\",\"url\":\"https:\/\/ollerpintures.com\/es\/producto\/tesa-4319-cinta-krepp-rugoso-especial-curvas\/\",\"name\":\"Tesa 4319 cinta krepp rugoso especial curvas - Oller Pinturas y revestimientos\",\"isPartOf\":{\"@id\":\"https:\/\/ollerpintures.com\/es\/#website\"},\"primaryImageOfPage\":{\"@id\":\"https:\/\/ollerpintures.com\/es\/producto\/tesa-4319-cinta-krepp-rugoso-especial-curvas\/#primaryimage\"},\"image\":{\"@id\":\"https:\/\/ollerpintures.com\/es\/producto\/tesa-4319-cinta-krepp-rugoso-especial-curvas\/#primaryimage\"},\"thumbnailUrl\":\"https:\/\/ollerpintures.com\/wp-content\/uploads\/2026\/02\/Post-de-Instagram-Consejos-Salud-Mental-Organico-Crema-Naranja-8.png\",\"datePublished\":\"2026-02-09T17:31:06+00:00\",\"description\":\"Cinta de enmascarar altamente flexible, ideal para curvas y superficies complejas Excelente adherencia incluso sobre superficies rugosas y tridimensionales. Fabricada con papel crepado resistente y adhesivo de caucho natural.\",\"breadcrumb\":{\"@id\":\"https:\/\/ollerpintures.com\/es\/producto\/tesa-4319-cinta-krepp-rugoso-especial-curvas\/#breadcrumb\"},\"inLanguage\":\"es\",\"potentialAction\":[{\"@type\":\"ReadAction\",\"target\":[\"https:\/\/ollerpintures.com\/es\/producto\/tesa-4319-cinta-krepp-rugoso-especial-curvas\/\"]}]},{\"@type\":\"ImageObject\",\"inLanguage\":\"es\",\"@id\":\"https:\/\/ollerpintures.com\/es\/producto\/tesa-4319-cinta-krepp-rugoso-especial-curvas\/#primaryimage\",\"url\":\"https:\/\/ollerpintures.com\/wp-content\/uploads\/2026\/02\/Post-de-Instagram-Consejos-Salud-Mental-Organico-Crema-Naranja-8.png\",\"contentUrl\":\"https:\/\/ollerpintures.com\/wp-content\/uploads\/2026\/02\/Post-de-Instagram-Consejos-Salud-Mental-Organico-Crema-Naranja-8.png\",\"width\":1080,\"height\":1080},{\"@type\":\"BreadcrumbList\",\"@id\":\"https:\/\/ollerpintures.com\/es\/producto\/tesa-4319-cinta-krepp-rugoso-especial-curvas\/#breadcrumb\",\"itemListElement\":[{\"@type\":\"ListItem\",\"position\":1,\"name\":\"Inici\",\"item\":\"https:\/\/ollerpintures.com\/es\/\"},{\"@type\":\"ListItem\",\"position\":2,\"name\":\"Tienda\",\"item\":\"https:\/\/ollerpintures.com\/es\/tienda\/\"},{\"@type\":\"ListItem\",\"position\":3,\"name\":\"Tesa 4319 cinta krepp rugoso especial curvas\"}]},{\"@type\":\"WebSite\",\"@id\":\"https:\/\/ollerpintures.com\/es\/#website\",\"url\":\"https:\/\/ollerpintures.com\/es\/\",\"name\":\"Oller Pinturas y Revestimientos\",\"description\":\"M\u00e1s de 50 a\u00f1os acompa\u00f1ando a profesionales y particulares con soluciones de pintura duraderas y sostenibles, seis tiendas de proximidad con servicio tintom\u00e9trico propio y un compromiso real con el oficio y las nuevas generaciones.\",\"publisher\":{\"@id\":\"https:\/\/ollerpintures.com\/es\/#organization\"},\"alternateName\":\"Oller Grup\",\"potentialAction\":[{\"@type\":\"SearchAction\",\"target\":{\"@type\":\"EntryPoint\",\"urlTemplate\":\"https:\/\/ollerpintures.com\/es\/?s={search_term_string}\"},\"query-input\":{\"@type\":\"PropertyValueSpecification\",\"valueRequired\":true,\"valueName\":\"search_term_string\"}}],\"inLanguage\":\"es\"},{\"@type\":\"Organization\",\"@id\":\"https:\/\/ollerpintures.com\/es\/#organization\",\"name\":\"Oller Pintures i Revestiments\",\"alternateName\":\"Oller Grup\",\"url\":\"https:\/\/ollerpintures.com\/es\/\",\"logo\":{\"@type\":\"ImageObject\",\"inLanguage\":\"es\",\"@id\":\"https:\/\/ollerpintures.com\/es\/#\/schema\/logo\/image\/\",\"url\":\"https:\/\/ollerpintures.com\/wp-content\/uploads\/2024\/05\/newLogo.png\",\"contentUrl\":\"https:\/\/ollerpintures.com\/wp-content\/uploads\/2024\/05\/newLogo.png\",\"width\":483,\"height\":244,\"caption\":\"Oller Pintures i Revestiments\"},\"image\":{\"@id\":\"https:\/\/ollerpintures.com\/es\/#\/schema\/logo\/image\/\"},\"sameAs\":[\"https:\/\/www.facebook.com\/people\/Oller-Pintures\/100063652056709\/\",\"https:\/\/www.instagram.com\/ollerpintures\/\",\"https:\/\/descriptor.es\/organization\/oller-grup\/\"]}]}<\/script>\n<!-- \/ Yoast SEO plugin. -->","yoast_head_json":{"title":"Tesa 4319 cinta krepp rugoso especial curvas - Oller Pinturas y revestimientos","description":"Cinta de enmascarar altamente flexible, ideal para curvas y superficies complejas Excelente adherencia incluso sobre superficies rugosas y tridimensionales. Fabricada con papel crepado resistente y adhesivo de caucho natural.","robots":{"index":"index","follow":"follow","max-snippet":"max-snippet:-1","max-image-preview":"max-image-preview:large","max-video-preview":"max-video-preview:-1"},"canonical":"https:\/\/ollerpintures.com\/es\/producto\/tesa-4319-cinta-krepp-rugoso-especial-curvas\/","og_locale":"es_ES","og_type":"article","og_title":"Tesa 4319 cinta krepp rugoso especial curvas - Oller Pinturas y revestimientos","og_description":"Cinta de enmascarar altamente flexible, ideal para curvas y superficies complejas Excelente adherencia incluso sobre superficies rugosas y tridimensionales. Fabricada con papel crepado resistente y adhesivo de caucho natural.","og_url":"https:\/\/ollerpintures.com\/es\/producto\/tesa-4319-cinta-krepp-rugoso-especial-curvas\/","og_site_name":"Oller Pinturas y revestimientos","article_publisher":"https:\/\/www.facebook.com\/people\/Oller-Pintures\/100063652056709\/","og_image":[{"width":1080,"height":1080,"url":"https:\/\/ollerpintures.com\/wp-content\/uploads\/2026\/02\/Post-de-Instagram-Consejos-Salud-Mental-Organico-Crema-Naranja-8.png","type":"image\/png"}],"twitter_card":"summary_large_image","twitter_misc":{"Tiempo de lectura":"1 minuto"},"schema":{"@context":"https:\/\/schema.org","@graph":[{"@type":"WebPage","@id":"https:\/\/ollerpintures.com\/es\/producto\/tesa-4319-cinta-krepp-rugoso-especial-curvas\/","url":"https:\/\/ollerpintures.com\/es\/producto\/tesa-4319-cinta-krepp-rugoso-especial-curvas\/","name":"Tesa 4319 cinta krepp rugoso especial curvas - Oller Pinturas y revestimientos","isPartOf":{"@id":"https:\/\/ollerpintures.com\/es\/#website"},"primaryImageOfPage":{"@id":"https:\/\/ollerpintures.com\/es\/producto\/tesa-4319-cinta-krepp-rugoso-especial-curvas\/#primaryimage"},"image":{"@id":"https:\/\/ollerpintures.com\/es\/producto\/tesa-4319-cinta-krepp-rugoso-especial-curvas\/#primaryimage"},"thumbnailUrl":"https:\/\/ollerpintures.com\/wp-content\/uploads\/2026\/02\/Post-de-Instagram-Consejos-Salud-Mental-Organico-Crema-Naranja-8.png","datePublished":"2026-02-09T17:31:06+00:00","description":"Cinta de enmascarar altamente flexible, ideal para curvas y superficies complejas Excelente adherencia incluso sobre superficies rugosas y tridimensionales. Fabricada con papel crepado resistente y adhesivo de caucho natural.","breadcrumb":{"@id":"https:\/\/ollerpintures.com\/es\/producto\/tesa-4319-cinta-krepp-rugoso-especial-curvas\/#breadcrumb"},"inLanguage":"es","potentialAction":[{"@type":"ReadAction","target":["https:\/\/ollerpintures.com\/es\/producto\/tesa-4319-cinta-krepp-rugoso-especial-curvas\/"]}]},{"@type":"ImageObject","inLanguage":"es","@id":"https:\/\/ollerpintures.com\/es\/producto\/tesa-4319-cinta-krepp-rugoso-especial-curvas\/#primaryimage","url":"https:\/\/ollerpintures.com\/wp-content\/uploads\/2026\/02\/Post-de-Instagram-Consejos-Salud-Mental-Organico-Crema-Naranja-8.png","contentUrl":"https:\/\/ollerpintures.com\/wp-content\/uploads\/2026\/02\/Post-de-Instagram-Consejos-Salud-Mental-Organico-Crema-Naranja-8.png","width":1080,"height":1080},{"@type":"BreadcrumbList","@id":"https:\/\/ollerpintures.com\/es\/producto\/tesa-4319-cinta-krepp-rugoso-especial-curvas\/#breadcrumb","itemListElement":[{"@type":"ListItem","position":1,"name":"Inici","item":"https:\/\/ollerpintures.com\/es\/"},{"@type":"ListItem","position":2,"name":"Tienda","item":"https:\/\/ollerpintures.com\/es\/tienda\/"},{"@type":"ListItem","position":3,"name":"Tesa 4319 cinta krepp rugoso especial curvas"}]},{"@type":"WebSite","@id":"https:\/\/ollerpintures.com\/es\/#website","url":"https:\/\/ollerpintures.com\/es\/","name":"Oller Pinturas y Revestimientos","description":"M\u00e1s de 50 a\u00f1os acompa\u00f1ando a profesionales y particulares con soluciones de pintura duraderas y sostenibles, seis tiendas de proximidad con servicio tintom\u00e9trico propio y un compromiso real con el oficio y las nuevas generaciones.","publisher":{"@id":"https:\/\/ollerpintures.com\/es\/#organization"},"alternateName":"Oller Grup","potentialAction":[{"@type":"SearchAction","target":{"@type":"EntryPoint","urlTemplate":"https:\/\/ollerpintures.com\/es\/?s={search_term_string}"},"query-input":{"@type":"PropertyValueSpecification","valueRequired":true,"valueName":"search_term_string"}}],"inLanguage":"es"},{"@type":"Organization","@id":"https:\/\/ollerpintures.com\/es\/#organization","name":"Oller Pintures i Revestiments","alternateName":"Oller Grup","url":"https:\/\/ollerpintures.com\/es\/","logo":{"@type":"ImageObject","inLanguage":"es","@id":"https:\/\/ollerpintures.com\/es\/#\/schema\/logo\/image\/","url":"https:\/\/ollerpintures.com\/wp-content\/uploads\/2024\/05\/newLogo.png","contentUrl":"https:\/\/ollerpintures.com\/wp-content\/uploads\/2024\/05\/newLogo.png","width":483,"height":244,"caption":"Oller Pintures i Revestiments"},"image":{"@id":"https:\/\/ollerpintures.com\/es\/#\/schema\/logo\/image\/"},"sameAs":["https:\/\/www.facebook.com\/people\/Oller-Pintures\/100063652056709\/","https:\/\/www.instagram.com\/ollerpintures\/","https:\/\/descriptor.es\/organization\/oller-grup\/"]}]}},"brands":[{"id":2386,"name":"Tesa","slug":"tesa"}],"_links":{"self":[{"href":"https:\/\/ollerpintures.com\/es\/wp-json\/wp\/v2\/product\/32012","targetHints":{"allow":["GET"]}}],"collection":[{"href":"https:\/\/ollerpintures.com\/es\/wp-json\/wp\/v2\/product"}],"about":[{"href":"https:\/\/ollerpintures.com\/es\/wp-json\/wp\/v2\/types\/product"}],"wp:featuredmedia":[{"embeddable":true,"href":"https:\/\/ollerpintures.com\/es\/wp-json\/wp\/v2\/media\/32015"}],"wp:attachment":[{"href":"https:\/\/ollerpintures.com\/es\/wp-json\/wp\/v2\/media?parent=32012"}],"wp:term":[{"taxonomy":"pwb-brand","embeddable":true,"href":"https:\/\/ollerpintures.com\/es\/wp-json\/wp\/v2\/pwb-brand?post=32012"},{"taxonomy":"product_brand","embeddable":true,"href":"https:\/\/ollerpintures.com\/es\/wp-json\/wp\/v2\/product_brand?post=32012"},{"taxonomy":"product_cat","embeddable":true,"href":"https:\/\/ollerpintures.com\/es\/wp-json\/wp\/v2\/product_cat?post=32012"},{"taxonomy":"product_tag","embeddable":true,"href":"https:\/\/ollerpintures.com\/es\/wp-json\/wp\/v2\/product_tag?post=32012"}],"curies":[{"name":"wp","href":"https:\/\/api.w.org\/{rel}","templated":true}]}}