{"id":31997,"date":"2026-02-09T17:55:26","date_gmt":"2026-02-09T16:55:26","guid":{"rendered":"https:\/\/ollerpintures.com\/?post_type=product&#038;p=31997"},"modified":"2026-02-09T17:55:27","modified_gmt":"2026-02-09T16:55:27","slug":"barpimo-barniz-ignifugo-ecobarp-mate-4l","status":"publish","type":"product","link":"https:\/\/ollerpintures.com\/es\/producto\/barpimo-barniz-ignifugo-ecobarp-mate-4l\/","title":{"rendered":"Barpimo barniz ignifugo ecobarp mate 4l"},"content":{"rendered":"<p>El barniz ign\u00edfugo Ecobarp al agua es un recubrimiento protector formulado a base de resinas especiales, dise\u00f1ado para ofrecer alta protecci\u00f3n contra el fuego junto con un acabado decorativo de gran calidad. Su composici\u00f3n al agua lo hace f\u00e1cil de aplicar y respetuoso con el entorno, garantizando m\u00e1xima durabilidad tanto en interior como en exterior.<\/p>\n<p>Gracias a su contenido en altos s\u00f3lidos, crea una pel\u00edcula resistente que repele el agua y la humedad ambiental, al mismo tiempo que regula la transpiraci\u00f3n natural de la madera, evitando deformaciones y prolongando su vida \u00fatil. Presenta una excelente resistencia frente a la intemperie y las radiaciones solares, manteniendo el aspecto y la protecci\u00f3n de la superficie con el paso del tiempo.<\/p>\n<p>Est\u00e1 indicado para el acabado y protecci\u00f3n de todo tipo de superficies de madera, como ventanas, puertas, vigas, cerchas y techos, aportando un acabado est\u00e9tico que realza la veta y la belleza natural de la madera, sin renunciar a una protecci\u00f3n ign\u00edfuga eficaz y duradera.<\/p>\n","protected":false},"excerpt":{"rendered":"<h2>Barniz ign\u00edfugo al agua para la protecci\u00f3n y acabado de la madera.<\/h2>\n<h3>Alta resistencia a la intemperie, la humedad y la radiaci\u00f3n solar.<\/h3>\n<p>Protege, decora y realza la belleza natural de la madera en interior y exterior.<\/p>\n","protected":false},"featured_media":31998,"template":"","meta":{"_acf_changed":false},"pwb-brand":[2326],"product_brand":[],"product_cat":[1966],"product_tag":[],"class_list":{"0":"post-31997","1":"product","2":"type-product","3":"status-publish","4":"has-post-thumbnail","6":"pwb-brand-barpimo-2","7":"product_cat-barniz","8":"no-featured-image-padding","9":"resize-featured-image","10":"sales-flash-overlay","11":"woocommerce-text-align-left","12":"woocommerce-image-align-center","13":"do-quantity-buttons","15":"first","16":"instock","17":"sale","18":"shipping-taxable","19":"purchasable","20":"product-type-simple"},"acf":[],"yoast_head":"<!-- This site is optimized with the Yoast SEO plugin v27.1.1 - https:\/\/yoast.com\/product\/yoast-seo-wordpress\/ -->\n<title>Barpimo barniz ignifugo ecobarp mate 4l - Oller Pinturas y revestimientos<\/title>\n<meta name=\"description\" content=\"Barniz ign\u00edfugo al agua para la protecci\u00f3n y acabado de la madera. Alta resistencia a la intemperie, la humedad y la radiaci\u00f3n solar. Protege, decora y realza la belleza natural de la madera en interior y exterior.\" \/>\n<meta name=\"robots\" content=\"index, follow, max-snippet:-1, max-image-preview:large, max-video-preview:-1\" \/>\n<link rel=\"canonical\" href=\"https:\/\/ollerpintures.com\/es\/producto\/barpimo-barniz-ignifugo-ecobarp-mate-4l\/\" \/>\n<meta property=\"og:locale\" content=\"es_ES\" \/>\n<meta property=\"og:type\" content=\"article\" \/>\n<meta property=\"og:title\" content=\"Barpimo barniz ignifugo ecobarp mate 4l - Oller Pinturas y revestimientos\" \/>\n<meta property=\"og:description\" content=\"Barniz ign\u00edfugo al agua para la protecci\u00f3n y acabado de la madera. Alta resistencia a la intemperie, la humedad y la radiaci\u00f3n solar. Protege, decora y realza la belleza natural de la madera en interior y exterior.\" \/>\n<meta property=\"og:url\" content=\"https:\/\/ollerpintures.com\/es\/producto\/barpimo-barniz-ignifugo-ecobarp-mate-4l\/\" \/>\n<meta property=\"og:site_name\" content=\"Oller Pinturas y revestimientos\" \/>\n<meta property=\"article:publisher\" content=\"https:\/\/www.facebook.com\/people\/Oller-Pintures\/100063652056709\/\" \/>\n<meta property=\"article:modified_time\" content=\"2026-02-09T16:55:27+00:00\" \/>\n<meta property=\"og:image\" content=\"https:\/\/ollerpintures.com\/wp-content\/uploads\/2026\/02\/Post-de-Instagram-Consejos-Salud-Mental-Organico-Crema-Naranja-5.jpg\" \/>\n\t<meta property=\"og:image:width\" content=\"1080\" \/>\n\t<meta property=\"og:image:height\" content=\"1080\" \/>\n\t<meta property=\"og:image:type\" content=\"image\/jpeg\" \/>\n<meta name=\"twitter:card\" content=\"summary_large_image\" \/>\n<meta name=\"twitter:label1\" content=\"Tiempo de lectura\" \/>\n\t<meta name=\"twitter:data1\" content=\"1 minuto\" \/>\n<script type=\"application\/ld+json\" class=\"yoast-schema-graph\">{\"@context\":\"https:\/\/schema.org\",\"@graph\":[{\"@type\":\"WebPage\",\"@id\":\"https:\/\/ollerpintures.com\/es\/producto\/barpimo-barniz-ignifugo-ecobarp-mate-4l\/\",\"url\":\"https:\/\/ollerpintures.com\/es\/producto\/barpimo-barniz-ignifugo-ecobarp-mate-4l\/\",\"name\":\"Barpimo barniz ignifugo ecobarp mate 4l - Oller Pinturas y revestimientos\",\"isPartOf\":{\"@id\":\"https:\/\/ollerpintures.com\/es\/#website\"},\"primaryImageOfPage\":{\"@id\":\"https:\/\/ollerpintures.com\/es\/producto\/barpimo-barniz-ignifugo-ecobarp-mate-4l\/#primaryimage\"},\"image\":{\"@id\":\"https:\/\/ollerpintures.com\/es\/producto\/barpimo-barniz-ignifugo-ecobarp-mate-4l\/#primaryimage\"},\"thumbnailUrl\":\"https:\/\/ollerpintures.com\/wp-content\/uploads\/2026\/02\/Post-de-Instagram-Consejos-Salud-Mental-Organico-Crema-Naranja-5.jpg\",\"datePublished\":\"2026-02-09T16:55:26+00:00\",\"dateModified\":\"2026-02-09T16:55:27+00:00\",\"description\":\"Barniz ign\u00edfugo al agua para la protecci\u00f3n y acabado de la madera. Alta resistencia a la intemperie, la humedad y la radiaci\u00f3n solar. Protege, decora y realza la belleza natural de la madera en interior y exterior.\",\"breadcrumb\":{\"@id\":\"https:\/\/ollerpintures.com\/es\/producto\/barpimo-barniz-ignifugo-ecobarp-mate-4l\/#breadcrumb\"},\"inLanguage\":\"es\",\"potentialAction\":[{\"@type\":\"ReadAction\",\"target\":[\"https:\/\/ollerpintures.com\/es\/producto\/barpimo-barniz-ignifugo-ecobarp-mate-4l\/\"]}]},{\"@type\":\"ImageObject\",\"inLanguage\":\"es\",\"@id\":\"https:\/\/ollerpintures.com\/es\/producto\/barpimo-barniz-ignifugo-ecobarp-mate-4l\/#primaryimage\",\"url\":\"https:\/\/ollerpintures.com\/wp-content\/uploads\/2026\/02\/Post-de-Instagram-Consejos-Salud-Mental-Organico-Crema-Naranja-5.jpg\",\"contentUrl\":\"https:\/\/ollerpintures.com\/wp-content\/uploads\/2026\/02\/Post-de-Instagram-Consejos-Salud-Mental-Organico-Crema-Naranja-5.jpg\",\"width\":1080,\"height\":1080},{\"@type\":\"BreadcrumbList\",\"@id\":\"https:\/\/ollerpintures.com\/es\/producto\/barpimo-barniz-ignifugo-ecobarp-mate-4l\/#breadcrumb\",\"itemListElement\":[{\"@type\":\"ListItem\",\"position\":1,\"name\":\"Inici\",\"item\":\"https:\/\/ollerpintures.com\/es\/\"},{\"@type\":\"ListItem\",\"position\":2,\"name\":\"Tienda\",\"item\":\"https:\/\/ollerpintures.com\/es\/tienda\/\"},{\"@type\":\"ListItem\",\"position\":3,\"name\":\"Barpimo barniz ignifugo ecobarp mate 4l\"}]},{\"@type\":\"WebSite\",\"@id\":\"https:\/\/ollerpintures.com\/es\/#website\",\"url\":\"https:\/\/ollerpintures.com\/es\/\",\"name\":\"Oller Pinturas y Revestimientos\",\"description\":\"M\u00e1s de 50 a\u00f1os acompa\u00f1ando a profesionales y particulares con soluciones de pintura duraderas y sostenibles, seis tiendas de proximidad con servicio tintom\u00e9trico propio y un compromiso real con el oficio y las nuevas generaciones.\",\"publisher\":{\"@id\":\"https:\/\/ollerpintures.com\/es\/#organization\"},\"alternateName\":\"Oller Grup\",\"potentialAction\":[{\"@type\":\"SearchAction\",\"target\":{\"@type\":\"EntryPoint\",\"urlTemplate\":\"https:\/\/ollerpintures.com\/es\/?s={search_term_string}\"},\"query-input\":{\"@type\":\"PropertyValueSpecification\",\"valueRequired\":true,\"valueName\":\"search_term_string\"}}],\"inLanguage\":\"es\"},{\"@type\":\"Organization\",\"@id\":\"https:\/\/ollerpintures.com\/es\/#organization\",\"name\":\"Oller Pintures i Revestiments\",\"alternateName\":\"Oller Grup\",\"url\":\"https:\/\/ollerpintures.com\/es\/\",\"logo\":{\"@type\":\"ImageObject\",\"inLanguage\":\"es\",\"@id\":\"https:\/\/ollerpintures.com\/es\/#\/schema\/logo\/image\/\",\"url\":\"https:\/\/ollerpintures.com\/wp-content\/uploads\/2024\/05\/newLogo.png\",\"contentUrl\":\"https:\/\/ollerpintures.com\/wp-content\/uploads\/2024\/05\/newLogo.png\",\"width\":483,\"height\":244,\"caption\":\"Oller Pintures i Revestiments\"},\"image\":{\"@id\":\"https:\/\/ollerpintures.com\/es\/#\/schema\/logo\/image\/\"},\"sameAs\":[\"https:\/\/www.facebook.com\/people\/Oller-Pintures\/100063652056709\/\",\"https:\/\/www.instagram.com\/ollerpintures\/\",\"https:\/\/descriptor.es\/organization\/oller-grup\/\"]}]}<\/script>\n<!-- \/ Yoast SEO plugin. -->","yoast_head_json":{"title":"Barpimo barniz ignifugo ecobarp mate 4l - Oller Pinturas y revestimientos","description":"Barniz ign\u00edfugo al agua para la protecci\u00f3n y acabado de la madera. Alta resistencia a la intemperie, la humedad y la radiaci\u00f3n solar. Protege, decora y realza la belleza natural de la madera en interior y exterior.","robots":{"index":"index","follow":"follow","max-snippet":"max-snippet:-1","max-image-preview":"max-image-preview:large","max-video-preview":"max-video-preview:-1"},"canonical":"https:\/\/ollerpintures.com\/es\/producto\/barpimo-barniz-ignifugo-ecobarp-mate-4l\/","og_locale":"es_ES","og_type":"article","og_title":"Barpimo barniz ignifugo ecobarp mate 4l - Oller Pinturas y revestimientos","og_description":"Barniz ign\u00edfugo al agua para la protecci\u00f3n y acabado de la madera. Alta resistencia a la intemperie, la humedad y la radiaci\u00f3n solar. Protege, decora y realza la belleza natural de la madera en interior y exterior.","og_url":"https:\/\/ollerpintures.com\/es\/producto\/barpimo-barniz-ignifugo-ecobarp-mate-4l\/","og_site_name":"Oller Pinturas y revestimientos","article_publisher":"https:\/\/www.facebook.com\/people\/Oller-Pintures\/100063652056709\/","article_modified_time":"2026-02-09T16:55:27+00:00","og_image":[{"width":1080,"height":1080,"url":"https:\/\/ollerpintures.com\/wp-content\/uploads\/2026\/02\/Post-de-Instagram-Consejos-Salud-Mental-Organico-Crema-Naranja-5.jpg","type":"image\/jpeg"}],"twitter_card":"summary_large_image","twitter_misc":{"Tiempo de lectura":"1 minuto"},"schema":{"@context":"https:\/\/schema.org","@graph":[{"@type":"WebPage","@id":"https:\/\/ollerpintures.com\/es\/producto\/barpimo-barniz-ignifugo-ecobarp-mate-4l\/","url":"https:\/\/ollerpintures.com\/es\/producto\/barpimo-barniz-ignifugo-ecobarp-mate-4l\/","name":"Barpimo barniz ignifugo ecobarp mate 4l - Oller Pinturas y revestimientos","isPartOf":{"@id":"https:\/\/ollerpintures.com\/es\/#website"},"primaryImageOfPage":{"@id":"https:\/\/ollerpintures.com\/es\/producto\/barpimo-barniz-ignifugo-ecobarp-mate-4l\/#primaryimage"},"image":{"@id":"https:\/\/ollerpintures.com\/es\/producto\/barpimo-barniz-ignifugo-ecobarp-mate-4l\/#primaryimage"},"thumbnailUrl":"https:\/\/ollerpintures.com\/wp-content\/uploads\/2026\/02\/Post-de-Instagram-Consejos-Salud-Mental-Organico-Crema-Naranja-5.jpg","datePublished":"2026-02-09T16:55:26+00:00","dateModified":"2026-02-09T16:55:27+00:00","description":"Barniz ign\u00edfugo al agua para la protecci\u00f3n y acabado de la madera. Alta resistencia a la intemperie, la humedad y la radiaci\u00f3n solar. Protege, decora y realza la belleza natural de la madera en interior y exterior.","breadcrumb":{"@id":"https:\/\/ollerpintures.com\/es\/producto\/barpimo-barniz-ignifugo-ecobarp-mate-4l\/#breadcrumb"},"inLanguage":"es","potentialAction":[{"@type":"ReadAction","target":["https:\/\/ollerpintures.com\/es\/producto\/barpimo-barniz-ignifugo-ecobarp-mate-4l\/"]}]},{"@type":"ImageObject","inLanguage":"es","@id":"https:\/\/ollerpintures.com\/es\/producto\/barpimo-barniz-ignifugo-ecobarp-mate-4l\/#primaryimage","url":"https:\/\/ollerpintures.com\/wp-content\/uploads\/2026\/02\/Post-de-Instagram-Consejos-Salud-Mental-Organico-Crema-Naranja-5.jpg","contentUrl":"https:\/\/ollerpintures.com\/wp-content\/uploads\/2026\/02\/Post-de-Instagram-Consejos-Salud-Mental-Organico-Crema-Naranja-5.jpg","width":1080,"height":1080},{"@type":"BreadcrumbList","@id":"https:\/\/ollerpintures.com\/es\/producto\/barpimo-barniz-ignifugo-ecobarp-mate-4l\/#breadcrumb","itemListElement":[{"@type":"ListItem","position":1,"name":"Inici","item":"https:\/\/ollerpintures.com\/es\/"},{"@type":"ListItem","position":2,"name":"Tienda","item":"https:\/\/ollerpintures.com\/es\/tienda\/"},{"@type":"ListItem","position":3,"name":"Barpimo barniz ignifugo ecobarp mate 4l"}]},{"@type":"WebSite","@id":"https:\/\/ollerpintures.com\/es\/#website","url":"https:\/\/ollerpintures.com\/es\/","name":"Oller Pinturas y Revestimientos","description":"M\u00e1s de 50 a\u00f1os acompa\u00f1ando a profesionales y particulares con soluciones de pintura duraderas y sostenibles, seis tiendas de proximidad con servicio tintom\u00e9trico propio y un compromiso real con el oficio y las nuevas generaciones.","publisher":{"@id":"https:\/\/ollerpintures.com\/es\/#organization"},"alternateName":"Oller Grup","potentialAction":[{"@type":"SearchAction","target":{"@type":"EntryPoint","urlTemplate":"https:\/\/ollerpintures.com\/es\/?s={search_term_string}"},"query-input":{"@type":"PropertyValueSpecification","valueRequired":true,"valueName":"search_term_string"}}],"inLanguage":"es"},{"@type":"Organization","@id":"https:\/\/ollerpintures.com\/es\/#organization","name":"Oller Pintures i Revestiments","alternateName":"Oller Grup","url":"https:\/\/ollerpintures.com\/es\/","logo":{"@type":"ImageObject","inLanguage":"es","@id":"https:\/\/ollerpintures.com\/es\/#\/schema\/logo\/image\/","url":"https:\/\/ollerpintures.com\/wp-content\/uploads\/2024\/05\/newLogo.png","contentUrl":"https:\/\/ollerpintures.com\/wp-content\/uploads\/2024\/05\/newLogo.png","width":483,"height":244,"caption":"Oller Pintures i Revestiments"},"image":{"@id":"https:\/\/ollerpintures.com\/es\/#\/schema\/logo\/image\/"},"sameAs":["https:\/\/www.facebook.com\/people\/Oller-Pintures\/100063652056709\/","https:\/\/www.instagram.com\/ollerpintures\/","https:\/\/descriptor.es\/organization\/oller-grup\/"]}]}},"brands":[{"id":2326,"name":"Barpimo","slug":"barpimo-2"}],"_links":{"self":[{"href":"https:\/\/ollerpintures.com\/es\/wp-json\/wp\/v2\/product\/31997","targetHints":{"allow":["GET"]}}],"collection":[{"href":"https:\/\/ollerpintures.com\/es\/wp-json\/wp\/v2\/product"}],"about":[{"href":"https:\/\/ollerpintures.com\/es\/wp-json\/wp\/v2\/types\/product"}],"wp:featuredmedia":[{"embeddable":true,"href":"https:\/\/ollerpintures.com\/es\/wp-json\/wp\/v2\/media\/31998"}],"wp:attachment":[{"href":"https:\/\/ollerpintures.com\/es\/wp-json\/wp\/v2\/media?parent=31997"}],"wp:term":[{"taxonomy":"pwb-brand","embeddable":true,"href":"https:\/\/ollerpintures.com\/es\/wp-json\/wp\/v2\/pwb-brand?post=31997"},{"taxonomy":"product_brand","embeddable":true,"href":"https:\/\/ollerpintures.com\/es\/wp-json\/wp\/v2\/product_brand?post=31997"},{"taxonomy":"product_cat","embeddable":true,"href":"https:\/\/ollerpintures.com\/es\/wp-json\/wp\/v2\/product_cat?post=31997"},{"taxonomy":"product_tag","embeddable":true,"href":"https:\/\/ollerpintures.com\/es\/wp-json\/wp\/v2\/product_tag?post=31997"}],"curies":[{"name":"wp","href":"https:\/\/api.w.org\/{rel}","templated":true}]}}