{"id":31946,"date":"2026-02-06T13:11:03","date_gmt":"2026-02-06T12:11:03","guid":{"rendered":"https:\/\/ollerpintures.com\/?post_type=product&#038;p=31946"},"modified":"2026-02-06T13:12:09","modified_gmt":"2026-02-06T12:12:09","slug":"ceys-totaltech-cartucho-blanco-280ml","status":"publish","type":"product","link":"https:\/\/ollerpintures.com\/es\/producto\/ceys-totaltech-cartucho-blanco-280ml\/","title":{"rendered":"Ceys Totaltech cartucho blanco 280ml"},"content":{"rendered":"<div class=\"flex flex-col text-sm\">\n<article class=\"text-token-text-primary w-full focus:outline-none [--shadow-height:45px] has-data-writing-block:pointer-events-none has-data-writing-block:-mt-(--shadow-height) has-data-writing-block:pt-(--shadow-height) [&amp;:has([data-writing-block])&gt;*]:pointer-events-auto scroll-mt-[calc(var(--header-height)+min(200px,max(70px,20svh)))]\" dir=\"auto\" tabindex=\"-1\" data-turn-id=\"request-WEB:a85807f0-f1a5-47cf-92af-aa24328a59a4-9\" data-testid=\"conversation-turn-20\" data-scroll-anchor=\"true\" data-turn=\"assistant\">\n<div class=\"text-base my-auto mx-auto pb-10 [--thread-content-margin:--spacing(4)] @w-sm\/main:[--thread-content-margin:--spacing(6)] @w-lg\/main:[--thread-content-margin:--spacing(16)] px-(--thread-content-margin)\">\n<div class=\"[--thread-content-max-width:40rem] @w-lg\/main:[--thread-content-max-width:48rem] mx-auto max-w-(--thread-content-max-width) flex-1 group\/turn-messages focus-visible:outline-hidden relative flex w-full min-w-0 flex-col agent-turn\" tabindex=\"-1\">\n<div class=\"flex max-w-full flex-col grow\">\n<div class=\"min-h-8 text-message relative flex w-full flex-col items-end gap-2 text-start break-words whitespace-normal [.text-message+&amp;]:mt-1\" dir=\"auto\" data-message-author-role=\"assistant\" data-message-id=\"7f4ad270-b163-4a50-81d1-6536983092e0\" data-message-model-slug=\"gpt-5-2\">\n<div class=\"flex w-full flex-col gap-1 empty:hidden first:pt-[1px]\">\n<div class=\"markdown prose dark:prose-invert w-full wrap-break-word light markdown-new-styling\">\n<p data-start=\"363\" data-end=\"1409\" data-is-last-node=\"\" data-is-only-node=\"\">Totaltech es un adhesivo sellador de alta polivalencia que, gracias a su exclusiva tecnolog\u00eda TRIPOLYMER, permite pegar, sellar y reparar todo tipo de materiales, incluso en condiciones extremas y tanto en interior como en exterior. Ofrece una elasticidad ultra alta del 370%, una resistencia a tracci\u00f3n de hasta 300 kg\/10 cm\u00b2 y un secado r\u00e1pido en solo 1 hora, adem\u00e1s de un alto poder de relleno y una adherencia excepcional sobre pr\u00e1cticamente cualquier superficie. Es 100% impermeable y herm\u00e9tico, resistente a los rayos UV y al cloro en aplicaciones en inmersi\u00f3n, pintable inmediatamente y formulado sin disolventes ni ftalatos, lo que lo hace seguro para superficies delicadas. Certificado para uso en agua potable y conforme a las normativas CE para sellados en fachadas, acristalamientos, juntas sanitarias y juntas peatonales, es la soluci\u00f3n ideal para aplicaciones profesionales y dom\u00e9sticas en sanitarios, mamparas, piscinas, fachadas, cubiertas, canalizaciones, carpinter\u00eda, construcci\u00f3n, caravanas y embarcaciones.<\/p>\n<\/div>\n<\/div>\n<\/div>\n<\/div>\n<div class=\"z-0 flex min-h-[46px] justify-start\"><\/div>\n<\/div>\n<\/div>\n<\/article>\n<\/div>\n<div class=\"pointer-events-none h-px w-px absolute bottom-0\" aria-hidden=\"true\" data-edge=\"true\"><\/div>\n","protected":false},"excerpt":{"rendered":"<h4 data-start=\"164\" data-end=\"334\">Totaltech Colores puede con todo.<br data-start=\"197\" data-end=\"200\" \/>Adhesivo sellador que pega, sella y repara cualquier material.<br data-start=\"262\" data-end=\"265\" \/>M\u00e1xima resistencia, elasticidad y durabilidad en interior y exterior.<\/h4>\n","protected":false},"featured_media":31947,"template":"","meta":{"_acf_changed":false},"pwb-brand":[2349],"product_brand":[],"product_cat":[2397,112],"product_tag":[],"class_list":{"0":"post-31946","1":"product","2":"type-product","3":"status-publish","4":"has-post-thumbnail","6":"pwb-brand-ceys-2","7":"product_cat-selladores-y-adhesivos","8":"product_cat-herramientas-y-complementos","9":"no-featured-image-padding","10":"resize-featured-image","11":"sales-flash-overlay","12":"woocommerce-text-align-left","13":"woocommerce-image-align-center","14":"do-quantity-buttons","16":"first","17":"instock","18":"sale","19":"shipping-taxable","20":"purchasable","21":"product-type-simple"},"acf":[],"yoast_head":"<!-- This site is optimized with the Yoast SEO plugin v27.1.1 - https:\/\/yoast.com\/product\/yoast-seo-wordpress\/ -->\n<title>Ceys Totaltech cartucho blanco 280ml - Oller Pinturas y revestimientos<\/title>\n<meta name=\"description\" content=\"Totaltech Colores puede con todo.Adhesivo sellador que pega, sella y repara cualquier material.M\u00e1xima resistencia, elasticidad y durabilidad en interior y exterior.\" \/>\n<meta name=\"robots\" content=\"index, follow, max-snippet:-1, max-image-preview:large, max-video-preview:-1\" \/>\n<link rel=\"canonical\" href=\"https:\/\/ollerpintures.com\/es\/producto\/ceys-totaltech-cartucho-blanco-280ml\/\" \/>\n<meta property=\"og:locale\" content=\"es_ES\" \/>\n<meta property=\"og:type\" content=\"article\" \/>\n<meta property=\"og:title\" content=\"Ceys Totaltech cartucho blanco 280ml - Oller Pinturas y revestimientos\" \/>\n<meta property=\"og:description\" content=\"Totaltech Colores puede con todo.Adhesivo sellador que pega, sella y repara cualquier material.M\u00e1xima resistencia, elasticidad y durabilidad en interior y exterior.\" \/>\n<meta property=\"og:url\" content=\"https:\/\/ollerpintures.com\/es\/producto\/ceys-totaltech-cartucho-blanco-280ml\/\" \/>\n<meta property=\"og:site_name\" content=\"Oller Pinturas y revestimientos\" \/>\n<meta property=\"article:publisher\" content=\"https:\/\/www.facebook.com\/people\/Oller-Pintures\/100063652056709\/\" \/>\n<meta property=\"article:modified_time\" content=\"2026-02-06T12:12:09+00:00\" \/>\n<meta property=\"og:image\" content=\"https:\/\/ollerpintures.com\/wp-content\/uploads\/2022\/05\/pinturas-venta-pinturas-distribuidores-mayorista-oller-pintures-granollers-tienda.jpg\" \/>\n\t<meta property=\"og:image:width\" content=\"1920\" \/>\n\t<meta property=\"og:image:height\" content=\"866\" \/>\n\t<meta property=\"og:image:type\" content=\"image\/jpeg\" \/>\n<meta name=\"twitter:card\" content=\"summary_large_image\" \/>\n<meta name=\"twitter:label1\" content=\"Tiempo de lectura\" \/>\n\t<meta name=\"twitter:data1\" content=\"1 minuto\" \/>\n<script type=\"application\/ld+json\" class=\"yoast-schema-graph\">{\"@context\":\"https:\/\/schema.org\",\"@graph\":[{\"@type\":\"WebPage\",\"@id\":\"https:\/\/ollerpintures.com\/es\/producto\/ceys-totaltech-cartucho-blanco-280ml\/\",\"url\":\"https:\/\/ollerpintures.com\/es\/producto\/ceys-totaltech-cartucho-blanco-280ml\/\",\"name\":\"Ceys Totaltech cartucho blanco 280ml - Oller Pinturas y revestimientos\",\"isPartOf\":{\"@id\":\"https:\/\/ollerpintures.com\/es\/#website\"},\"primaryImageOfPage\":{\"@id\":\"https:\/\/ollerpintures.com\/es\/producto\/ceys-totaltech-cartucho-blanco-280ml\/#primaryimage\"},\"image\":{\"@id\":\"https:\/\/ollerpintures.com\/es\/producto\/ceys-totaltech-cartucho-blanco-280ml\/#primaryimage\"},\"thumbnailUrl\":\"https:\/\/ollerpintures.com\/wp-content\/uploads\/2026\/02\/Silicona-neutra-sellatodo-Sella-todos-los-materiales.-DURA-INALTERABLE-X5-Silicona-neutra-de-maxima-durabilidad-sella-todo-tipo-de-materiales-incluso-de-construccion-resistiendo-al-paso-del-tie-3-pdf.jpg\",\"datePublished\":\"2026-02-06T12:11:03+00:00\",\"dateModified\":\"2026-02-06T12:12:09+00:00\",\"description\":\"Totaltech Colores puede con todo.Adhesivo sellador que pega, sella y repara cualquier material.M\u00e1xima resistencia, elasticidad y durabilidad en interior y exterior.\",\"breadcrumb\":{\"@id\":\"https:\/\/ollerpintures.com\/es\/producto\/ceys-totaltech-cartucho-blanco-280ml\/#breadcrumb\"},\"inLanguage\":\"es\",\"potentialAction\":[{\"@type\":\"ReadAction\",\"target\":[\"https:\/\/ollerpintures.com\/es\/producto\/ceys-totaltech-cartucho-blanco-280ml\/\"]}]},{\"@type\":\"ImageObject\",\"inLanguage\":\"es\",\"@id\":\"https:\/\/ollerpintures.com\/es\/producto\/ceys-totaltech-cartucho-blanco-280ml\/#primaryimage\",\"url\":\"https:\/\/ollerpintures.com\/wp-content\/uploads\/2026\/02\/Silicona-neutra-sellatodo-Sella-todos-los-materiales.-DURA-INALTERABLE-X5-Silicona-neutra-de-maxima-durabilidad-sella-todo-tipo-de-materiales-incluso-de-construccion-resistiendo-al-paso-del-tie-3-pdf.jpg\",\"contentUrl\":\"https:\/\/ollerpintures.com\/wp-content\/uploads\/2026\/02\/Silicona-neutra-sellatodo-Sella-todos-los-materiales.-DURA-INALTERABLE-X5-Silicona-neutra-de-maxima-durabilidad-sella-todo-tipo-de-materiales-incluso-de-construccion-resistiendo-al-paso-del-tie-3-pdf.jpg\"},{\"@type\":\"BreadcrumbList\",\"@id\":\"https:\/\/ollerpintures.com\/es\/producto\/ceys-totaltech-cartucho-blanco-280ml\/#breadcrumb\",\"itemListElement\":[{\"@type\":\"ListItem\",\"position\":1,\"name\":\"Inici\",\"item\":\"https:\/\/ollerpintures.com\/es\/\"},{\"@type\":\"ListItem\",\"position\":2,\"name\":\"Tienda\",\"item\":\"https:\/\/ollerpintures.com\/es\/tienda\/\"},{\"@type\":\"ListItem\",\"position\":3,\"name\":\"Ceys Totaltech cartucho blanco 280ml\"}]},{\"@type\":\"WebSite\",\"@id\":\"https:\/\/ollerpintures.com\/es\/#website\",\"url\":\"https:\/\/ollerpintures.com\/es\/\",\"name\":\"Oller Pinturas y Revestimientos\",\"description\":\"M\u00e1s de 50 a\u00f1os acompa\u00f1ando a profesionales y particulares con soluciones de pintura duraderas y sostenibles, seis tiendas de proximidad con servicio tintom\u00e9trico propio y un compromiso real con el oficio y las nuevas generaciones.\",\"publisher\":{\"@id\":\"https:\/\/ollerpintures.com\/es\/#organization\"},\"alternateName\":\"Oller Grup\",\"potentialAction\":[{\"@type\":\"SearchAction\",\"target\":{\"@type\":\"EntryPoint\",\"urlTemplate\":\"https:\/\/ollerpintures.com\/es\/?s={search_term_string}\"},\"query-input\":{\"@type\":\"PropertyValueSpecification\",\"valueRequired\":true,\"valueName\":\"search_term_string\"}}],\"inLanguage\":\"es\"},{\"@type\":\"Organization\",\"@id\":\"https:\/\/ollerpintures.com\/es\/#organization\",\"name\":\"Oller Pintures i Revestiments\",\"alternateName\":\"Oller Grup\",\"url\":\"https:\/\/ollerpintures.com\/es\/\",\"logo\":{\"@type\":\"ImageObject\",\"inLanguage\":\"es\",\"@id\":\"https:\/\/ollerpintures.com\/es\/#\/schema\/logo\/image\/\",\"url\":\"https:\/\/ollerpintures.com\/wp-content\/uploads\/2024\/05\/newLogo.png\",\"contentUrl\":\"https:\/\/ollerpintures.com\/wp-content\/uploads\/2024\/05\/newLogo.png\",\"width\":483,\"height\":244,\"caption\":\"Oller Pintures i Revestiments\"},\"image\":{\"@id\":\"https:\/\/ollerpintures.com\/es\/#\/schema\/logo\/image\/\"},\"sameAs\":[\"https:\/\/www.facebook.com\/people\/Oller-Pintures\/100063652056709\/\",\"https:\/\/www.instagram.com\/ollerpintures\/\",\"https:\/\/descriptor.es\/organization\/oller-grup\/\"]}]}<\/script>\n<!-- \/ Yoast SEO plugin. -->","yoast_head_json":{"title":"Ceys Totaltech cartucho blanco 280ml - Oller Pinturas y revestimientos","description":"Totaltech Colores puede con todo.Adhesivo sellador que pega, sella y repara cualquier material.M\u00e1xima resistencia, elasticidad y durabilidad en interior y exterior.","robots":{"index":"index","follow":"follow","max-snippet":"max-snippet:-1","max-image-preview":"max-image-preview:large","max-video-preview":"max-video-preview:-1"},"canonical":"https:\/\/ollerpintures.com\/es\/producto\/ceys-totaltech-cartucho-blanco-280ml\/","og_locale":"es_ES","og_type":"article","og_title":"Ceys Totaltech cartucho blanco 280ml - Oller Pinturas y revestimientos","og_description":"Totaltech Colores puede con todo.Adhesivo sellador que pega, sella y repara cualquier material.M\u00e1xima resistencia, elasticidad y durabilidad en interior y exterior.","og_url":"https:\/\/ollerpintures.com\/es\/producto\/ceys-totaltech-cartucho-blanco-280ml\/","og_site_name":"Oller Pinturas y revestimientos","article_publisher":"https:\/\/www.facebook.com\/people\/Oller-Pintures\/100063652056709\/","article_modified_time":"2026-02-06T12:12:09+00:00","og_image":[{"width":1920,"height":866,"url":"https:\/\/ollerpintures.com\/wp-content\/uploads\/2022\/05\/pinturas-venta-pinturas-distribuidores-mayorista-oller-pintures-granollers-tienda.jpg","type":"image\/jpeg"}],"twitter_card":"summary_large_image","twitter_misc":{"Tiempo de lectura":"1 minuto"},"schema":{"@context":"https:\/\/schema.org","@graph":[{"@type":"WebPage","@id":"https:\/\/ollerpintures.com\/es\/producto\/ceys-totaltech-cartucho-blanco-280ml\/","url":"https:\/\/ollerpintures.com\/es\/producto\/ceys-totaltech-cartucho-blanco-280ml\/","name":"Ceys Totaltech cartucho blanco 280ml - Oller Pinturas y revestimientos","isPartOf":{"@id":"https:\/\/ollerpintures.com\/es\/#website"},"primaryImageOfPage":{"@id":"https:\/\/ollerpintures.com\/es\/producto\/ceys-totaltech-cartucho-blanco-280ml\/#primaryimage"},"image":{"@id":"https:\/\/ollerpintures.com\/es\/producto\/ceys-totaltech-cartucho-blanco-280ml\/#primaryimage"},"thumbnailUrl":"https:\/\/ollerpintures.com\/wp-content\/uploads\/2026\/02\/Silicona-neutra-sellatodo-Sella-todos-los-materiales.-DURA-INALTERABLE-X5-Silicona-neutra-de-maxima-durabilidad-sella-todo-tipo-de-materiales-incluso-de-construccion-resistiendo-al-paso-del-tie-3-pdf.jpg","datePublished":"2026-02-06T12:11:03+00:00","dateModified":"2026-02-06T12:12:09+00:00","description":"Totaltech Colores puede con todo.Adhesivo sellador que pega, sella y repara cualquier material.M\u00e1xima resistencia, elasticidad y durabilidad en interior y exterior.","breadcrumb":{"@id":"https:\/\/ollerpintures.com\/es\/producto\/ceys-totaltech-cartucho-blanco-280ml\/#breadcrumb"},"inLanguage":"es","potentialAction":[{"@type":"ReadAction","target":["https:\/\/ollerpintures.com\/es\/producto\/ceys-totaltech-cartucho-blanco-280ml\/"]}]},{"@type":"ImageObject","inLanguage":"es","@id":"https:\/\/ollerpintures.com\/es\/producto\/ceys-totaltech-cartucho-blanco-280ml\/#primaryimage","url":"https:\/\/ollerpintures.com\/wp-content\/uploads\/2026\/02\/Silicona-neutra-sellatodo-Sella-todos-los-materiales.-DURA-INALTERABLE-X5-Silicona-neutra-de-maxima-durabilidad-sella-todo-tipo-de-materiales-incluso-de-construccion-resistiendo-al-paso-del-tie-3-pdf.jpg","contentUrl":"https:\/\/ollerpintures.com\/wp-content\/uploads\/2026\/02\/Silicona-neutra-sellatodo-Sella-todos-los-materiales.-DURA-INALTERABLE-X5-Silicona-neutra-de-maxima-durabilidad-sella-todo-tipo-de-materiales-incluso-de-construccion-resistiendo-al-paso-del-tie-3-pdf.jpg"},{"@type":"BreadcrumbList","@id":"https:\/\/ollerpintures.com\/es\/producto\/ceys-totaltech-cartucho-blanco-280ml\/#breadcrumb","itemListElement":[{"@type":"ListItem","position":1,"name":"Inici","item":"https:\/\/ollerpintures.com\/es\/"},{"@type":"ListItem","position":2,"name":"Tienda","item":"https:\/\/ollerpintures.com\/es\/tienda\/"},{"@type":"ListItem","position":3,"name":"Ceys Totaltech cartucho blanco 280ml"}]},{"@type":"WebSite","@id":"https:\/\/ollerpintures.com\/es\/#website","url":"https:\/\/ollerpintures.com\/es\/","name":"Oller Pinturas y Revestimientos","description":"M\u00e1s de 50 a\u00f1os acompa\u00f1ando a profesionales y particulares con soluciones de pintura duraderas y sostenibles, seis tiendas de proximidad con servicio tintom\u00e9trico propio y un compromiso real con el oficio y las nuevas generaciones.","publisher":{"@id":"https:\/\/ollerpintures.com\/es\/#organization"},"alternateName":"Oller Grup","potentialAction":[{"@type":"SearchAction","target":{"@type":"EntryPoint","urlTemplate":"https:\/\/ollerpintures.com\/es\/?s={search_term_string}"},"query-input":{"@type":"PropertyValueSpecification","valueRequired":true,"valueName":"search_term_string"}}],"inLanguage":"es"},{"@type":"Organization","@id":"https:\/\/ollerpintures.com\/es\/#organization","name":"Oller Pintures i Revestiments","alternateName":"Oller Grup","url":"https:\/\/ollerpintures.com\/es\/","logo":{"@type":"ImageObject","inLanguage":"es","@id":"https:\/\/ollerpintures.com\/es\/#\/schema\/logo\/image\/","url":"https:\/\/ollerpintures.com\/wp-content\/uploads\/2024\/05\/newLogo.png","contentUrl":"https:\/\/ollerpintures.com\/wp-content\/uploads\/2024\/05\/newLogo.png","width":483,"height":244,"caption":"Oller Pintures i Revestiments"},"image":{"@id":"https:\/\/ollerpintures.com\/es\/#\/schema\/logo\/image\/"},"sameAs":["https:\/\/www.facebook.com\/people\/Oller-Pintures\/100063652056709\/","https:\/\/www.instagram.com\/ollerpintures\/","https:\/\/descriptor.es\/organization\/oller-grup\/"]}]}},"brands":[{"id":2349,"name":"Ceys","slug":"ceys-2"}],"_links":{"self":[{"href":"https:\/\/ollerpintures.com\/es\/wp-json\/wp\/v2\/product\/31946","targetHints":{"allow":["GET"]}}],"collection":[{"href":"https:\/\/ollerpintures.com\/es\/wp-json\/wp\/v2\/product"}],"about":[{"href":"https:\/\/ollerpintures.com\/es\/wp-json\/wp\/v2\/types\/product"}],"wp:featuredmedia":[{"embeddable":true,"href":"https:\/\/ollerpintures.com\/es\/wp-json\/wp\/v2\/media\/31947"}],"wp:attachment":[{"href":"https:\/\/ollerpintures.com\/es\/wp-json\/wp\/v2\/media?parent=31946"}],"wp:term":[{"taxonomy":"pwb-brand","embeddable":true,"href":"https:\/\/ollerpintures.com\/es\/wp-json\/wp\/v2\/pwb-brand?post=31946"},{"taxonomy":"product_brand","embeddable":true,"href":"https:\/\/ollerpintures.com\/es\/wp-json\/wp\/v2\/product_brand?post=31946"},{"taxonomy":"product_cat","embeddable":true,"href":"https:\/\/ollerpintures.com\/es\/wp-json\/wp\/v2\/product_cat?post=31946"},{"taxonomy":"product_tag","embeddable":true,"href":"https:\/\/ollerpintures.com\/es\/wp-json\/wp\/v2\/product_tag?post=31946"}],"curies":[{"name":"wp","href":"https:\/\/api.w.org\/{rel}","templated":true}]}}