{"id":31933,"date":"2026-02-06T12:52:19","date_gmt":"2026-02-06T11:52:19","guid":{"rendered":"https:\/\/ollerpintures.com\/?post_type=product&#038;p=31933"},"modified":"2026-02-06T12:52:20","modified_gmt":"2026-02-06T11:52:20","slug":"ceys-silicona-neutra-sellatodo-color-blanco-280-ml","status":"publish","type":"product","link":"https:\/\/ollerpintures.com\/es\/producto\/ceys-silicona-neutra-sellatodo-color-blanco-280-ml\/","title":{"rendered":"Ceys silicona neutra sellatodo color blanco 280 ml"},"content":{"rendered":"<p>Sellatodo es una silicona neutra 100% de m\u00e1xima durabilidad, dise\u00f1ada para sellar todo tipo de materiales, incluidos los de construcci\u00f3n, ofreciendo una resistencia al paso del tiempo muy superior a la de los selladores convencionales. Gracias a su tecnolog\u00eda AUTOPROTECT, se autoprotege frente a agentes externos, no merma, no amarillea ni se reblandece, manteni\u00e9ndose inalterable hasta 5 veces m\u00e1s tiempo que otras siliconas multiusos. Apta para uso en interior y exterior, es impermeable, resistente al moho, a los rayos UV, a la nieve y a temperaturas extremas de -40 \u00baC a +180 \u00baC, con una elasticidad superior al 500%, secado en 2 horas y curado total en 24 horas, lo que la convierte en la soluci\u00f3n ideal para sellados duraderos en construcci\u00f3n, carpinter\u00eda met\u00e1lica, ventanas, ba\u00f1os, cocinas, instalaciones de climatizaci\u00f3n, juntas de dilataci\u00f3n no estructurales y m\u00faltiples aplicaciones profesionales y dom\u00e9sticas.<\/p>\n","protected":false},"excerpt":{"rendered":"<h4 data-start=\"194\" data-end=\"375\">Silicona neutra Sellatodo de m\u00e1xima durabilidad.<br data-start=\"242\" data-end=\"245\" \/>Sella todos los materiales y se mantiene inalterable X5 m\u00e1s tiempo.<br data-start=\"312\" data-end=\"315\" \/>Impermeable, el\u00e1stica y resistente para interior y exterior.<\/h4>\n","protected":false},"featured_media":31934,"template":"","meta":{"_acf_changed":false},"pwb-brand":[2349],"product_brand":[],"product_cat":[2397,112],"product_tag":[],"class_list":{"0":"post-31933","1":"product","2":"type-product","3":"status-publish","4":"has-post-thumbnail","6":"pwb-brand-ceys-2","7":"product_cat-selladores-y-adhesivos","8":"product_cat-herramientas-y-complementos","9":"no-featured-image-padding","10":"resize-featured-image","11":"sales-flash-overlay","12":"woocommerce-text-align-left","13":"woocommerce-image-align-center","14":"do-quantity-buttons","16":"first","17":"instock","18":"sale","19":"shipping-taxable","20":"purchasable","21":"product-type-simple"},"acf":[],"yoast_head":"<!-- This site is optimized with the Yoast SEO plugin v27.1.1 - https:\/\/yoast.com\/product\/yoast-seo-wordpress\/ -->\n<title>Ceys silicona neutra sellatodo color blanco 280 ml - Oller Pinturas y revestimientos<\/title>\n<meta name=\"description\" content=\"Silicona neutra Sellatodo de m\u00e1xima durabilidad.Sella todos los materiales y se mantiene inalterable X5 m\u00e1s tiempo.Impermeable, el\u00e1stica y resistente para interior y exterior.\" \/>\n<meta name=\"robots\" content=\"index, follow, max-snippet:-1, max-image-preview:large, max-video-preview:-1\" \/>\n<link rel=\"canonical\" href=\"https:\/\/ollerpintures.com\/es\/producto\/ceys-silicona-neutra-sellatodo-color-blanco-280-ml\/\" \/>\n<meta property=\"og:locale\" content=\"es_ES\" \/>\n<meta property=\"og:type\" content=\"article\" \/>\n<meta property=\"og:title\" content=\"Ceys silicona neutra sellatodo color blanco 280 ml - Oller Pinturas y revestimientos\" \/>\n<meta property=\"og:description\" content=\"Silicona neutra Sellatodo de m\u00e1xima durabilidad.Sella todos los materiales y se mantiene inalterable X5 m\u00e1s tiempo.Impermeable, el\u00e1stica y resistente para interior y exterior.\" \/>\n<meta property=\"og:url\" content=\"https:\/\/ollerpintures.com\/es\/producto\/ceys-silicona-neutra-sellatodo-color-blanco-280-ml\/\" \/>\n<meta property=\"og:site_name\" content=\"Oller Pinturas y revestimientos\" \/>\n<meta property=\"article:publisher\" content=\"https:\/\/www.facebook.com\/people\/Oller-Pintures\/100063652056709\/\" \/>\n<meta property=\"article:modified_time\" content=\"2026-02-06T11:52:20+00:00\" \/>\n<meta property=\"og:image\" content=\"https:\/\/ollerpintures.com\/wp-content\/uploads\/2022\/05\/pinturas-venta-pinturas-distribuidores-mayorista-oller-pintures-granollers-tienda.jpg\" \/>\n\t<meta property=\"og:image:width\" content=\"1920\" \/>\n\t<meta property=\"og:image:height\" content=\"866\" \/>\n\t<meta property=\"og:image:type\" content=\"image\/jpeg\" \/>\n<meta name=\"twitter:card\" content=\"summary_large_image\" \/>\n<meta name=\"twitter:label1\" content=\"Tiempo de lectura\" \/>\n\t<meta name=\"twitter:data1\" content=\"1 minuto\" \/>\n<script type=\"application\/ld+json\" class=\"yoast-schema-graph\">{\"@context\":\"https:\/\/schema.org\",\"@graph\":[{\"@type\":\"WebPage\",\"@id\":\"https:\/\/ollerpintures.com\/es\/producto\/ceys-silicona-neutra-sellatodo-color-blanco-280-ml\/\",\"url\":\"https:\/\/ollerpintures.com\/es\/producto\/ceys-silicona-neutra-sellatodo-color-blanco-280-ml\/\",\"name\":\"Ceys silicona neutra sellatodo color blanco 280 ml - Oller Pinturas y revestimientos\",\"isPartOf\":{\"@id\":\"https:\/\/ollerpintures.com\/es\/#website\"},\"primaryImageOfPage\":{\"@id\":\"https:\/\/ollerpintures.com\/es\/producto\/ceys-silicona-neutra-sellatodo-color-blanco-280-ml\/#primaryimage\"},\"image\":{\"@id\":\"https:\/\/ollerpintures.com\/es\/producto\/ceys-silicona-neutra-sellatodo-color-blanco-280-ml\/#primaryimage\"},\"thumbnailUrl\":\"https:\/\/ollerpintures.com\/wp-content\/uploads\/2026\/02\/Silicona-neutra-sellatodo-Sella-todos-los-materiales.-DURA-INALTERABLE-X5-Silicona-neutra-de-maxima-durabilidad-sella-todo-tipo-de-materiales-incluso-de-construccion-resistiendo-al-paso-del-tie-pdf.jpg\",\"datePublished\":\"2026-02-06T11:52:19+00:00\",\"dateModified\":\"2026-02-06T11:52:20+00:00\",\"description\":\"Silicona neutra Sellatodo de m\u00e1xima durabilidad.Sella todos los materiales y se mantiene inalterable X5 m\u00e1s tiempo.Impermeable, el\u00e1stica y resistente para interior y exterior.\",\"breadcrumb\":{\"@id\":\"https:\/\/ollerpintures.com\/es\/producto\/ceys-silicona-neutra-sellatodo-color-blanco-280-ml\/#breadcrumb\"},\"inLanguage\":\"es\",\"potentialAction\":[{\"@type\":\"ReadAction\",\"target\":[\"https:\/\/ollerpintures.com\/es\/producto\/ceys-silicona-neutra-sellatodo-color-blanco-280-ml\/\"]}]},{\"@type\":\"ImageObject\",\"inLanguage\":\"es\",\"@id\":\"https:\/\/ollerpintures.com\/es\/producto\/ceys-silicona-neutra-sellatodo-color-blanco-280-ml\/#primaryimage\",\"url\":\"https:\/\/ollerpintures.com\/wp-content\/uploads\/2026\/02\/Silicona-neutra-sellatodo-Sella-todos-los-materiales.-DURA-INALTERABLE-X5-Silicona-neutra-de-maxima-durabilidad-sella-todo-tipo-de-materiales-incluso-de-construccion-resistiendo-al-paso-del-tie-pdf.jpg\",\"contentUrl\":\"https:\/\/ollerpintures.com\/wp-content\/uploads\/2026\/02\/Silicona-neutra-sellatodo-Sella-todos-los-materiales.-DURA-INALTERABLE-X5-Silicona-neutra-de-maxima-durabilidad-sella-todo-tipo-de-materiales-incluso-de-construccion-resistiendo-al-paso-del-tie-pdf.jpg\"},{\"@type\":\"BreadcrumbList\",\"@id\":\"https:\/\/ollerpintures.com\/es\/producto\/ceys-silicona-neutra-sellatodo-color-blanco-280-ml\/#breadcrumb\",\"itemListElement\":[{\"@type\":\"ListItem\",\"position\":1,\"name\":\"Inici\",\"item\":\"https:\/\/ollerpintures.com\/es\/\"},{\"@type\":\"ListItem\",\"position\":2,\"name\":\"Tienda\",\"item\":\"https:\/\/ollerpintures.com\/es\/tienda\/\"},{\"@type\":\"ListItem\",\"position\":3,\"name\":\"Ceys silicona neutra sellatodo color blanco 280 ml\"}]},{\"@type\":\"WebSite\",\"@id\":\"https:\/\/ollerpintures.com\/es\/#website\",\"url\":\"https:\/\/ollerpintures.com\/es\/\",\"name\":\"Oller Pinturas y Revestimientos\",\"description\":\"M\u00e1s de 50 a\u00f1os acompa\u00f1ando a profesionales y particulares con soluciones de pintura duraderas y sostenibles, seis tiendas de proximidad con servicio tintom\u00e9trico propio y un compromiso real con el oficio y las nuevas generaciones.\",\"publisher\":{\"@id\":\"https:\/\/ollerpintures.com\/es\/#organization\"},\"alternateName\":\"Oller Grup\",\"potentialAction\":[{\"@type\":\"SearchAction\",\"target\":{\"@type\":\"EntryPoint\",\"urlTemplate\":\"https:\/\/ollerpintures.com\/es\/?s={search_term_string}\"},\"query-input\":{\"@type\":\"PropertyValueSpecification\",\"valueRequired\":true,\"valueName\":\"search_term_string\"}}],\"inLanguage\":\"es\"},{\"@type\":\"Organization\",\"@id\":\"https:\/\/ollerpintures.com\/es\/#organization\",\"name\":\"Oller Pintures i Revestiments\",\"alternateName\":\"Oller Grup\",\"url\":\"https:\/\/ollerpintures.com\/es\/\",\"logo\":{\"@type\":\"ImageObject\",\"inLanguage\":\"es\",\"@id\":\"https:\/\/ollerpintures.com\/es\/#\/schema\/logo\/image\/\",\"url\":\"https:\/\/ollerpintures.com\/wp-content\/uploads\/2024\/05\/newLogo.png\",\"contentUrl\":\"https:\/\/ollerpintures.com\/wp-content\/uploads\/2024\/05\/newLogo.png\",\"width\":483,\"height\":244,\"caption\":\"Oller Pintures i Revestiments\"},\"image\":{\"@id\":\"https:\/\/ollerpintures.com\/es\/#\/schema\/logo\/image\/\"},\"sameAs\":[\"https:\/\/www.facebook.com\/people\/Oller-Pintures\/100063652056709\/\",\"https:\/\/www.instagram.com\/ollerpintures\/\",\"https:\/\/descriptor.es\/organization\/oller-grup\/\"]}]}<\/script>\n<!-- \/ Yoast SEO plugin. -->","yoast_head_json":{"title":"Ceys silicona neutra sellatodo color blanco 280 ml - Oller Pinturas y revestimientos","description":"Silicona neutra Sellatodo de m\u00e1xima durabilidad.Sella todos los materiales y se mantiene inalterable X5 m\u00e1s tiempo.Impermeable, el\u00e1stica y resistente para interior y exterior.","robots":{"index":"index","follow":"follow","max-snippet":"max-snippet:-1","max-image-preview":"max-image-preview:large","max-video-preview":"max-video-preview:-1"},"canonical":"https:\/\/ollerpintures.com\/es\/producto\/ceys-silicona-neutra-sellatodo-color-blanco-280-ml\/","og_locale":"es_ES","og_type":"article","og_title":"Ceys silicona neutra sellatodo color blanco 280 ml - Oller Pinturas y revestimientos","og_description":"Silicona neutra Sellatodo de m\u00e1xima durabilidad.Sella todos los materiales y se mantiene inalterable X5 m\u00e1s tiempo.Impermeable, el\u00e1stica y resistente para interior y exterior.","og_url":"https:\/\/ollerpintures.com\/es\/producto\/ceys-silicona-neutra-sellatodo-color-blanco-280-ml\/","og_site_name":"Oller Pinturas y revestimientos","article_publisher":"https:\/\/www.facebook.com\/people\/Oller-Pintures\/100063652056709\/","article_modified_time":"2026-02-06T11:52:20+00:00","og_image":[{"width":1920,"height":866,"url":"https:\/\/ollerpintures.com\/wp-content\/uploads\/2022\/05\/pinturas-venta-pinturas-distribuidores-mayorista-oller-pintures-granollers-tienda.jpg","type":"image\/jpeg"}],"twitter_card":"summary_large_image","twitter_misc":{"Tiempo de lectura":"1 minuto"},"schema":{"@context":"https:\/\/schema.org","@graph":[{"@type":"WebPage","@id":"https:\/\/ollerpintures.com\/es\/producto\/ceys-silicona-neutra-sellatodo-color-blanco-280-ml\/","url":"https:\/\/ollerpintures.com\/es\/producto\/ceys-silicona-neutra-sellatodo-color-blanco-280-ml\/","name":"Ceys silicona neutra sellatodo color blanco 280 ml - Oller Pinturas y revestimientos","isPartOf":{"@id":"https:\/\/ollerpintures.com\/es\/#website"},"primaryImageOfPage":{"@id":"https:\/\/ollerpintures.com\/es\/producto\/ceys-silicona-neutra-sellatodo-color-blanco-280-ml\/#primaryimage"},"image":{"@id":"https:\/\/ollerpintures.com\/es\/producto\/ceys-silicona-neutra-sellatodo-color-blanco-280-ml\/#primaryimage"},"thumbnailUrl":"https:\/\/ollerpintures.com\/wp-content\/uploads\/2026\/02\/Silicona-neutra-sellatodo-Sella-todos-los-materiales.-DURA-INALTERABLE-X5-Silicona-neutra-de-maxima-durabilidad-sella-todo-tipo-de-materiales-incluso-de-construccion-resistiendo-al-paso-del-tie-pdf.jpg","datePublished":"2026-02-06T11:52:19+00:00","dateModified":"2026-02-06T11:52:20+00:00","description":"Silicona neutra Sellatodo de m\u00e1xima durabilidad.Sella todos los materiales y se mantiene inalterable X5 m\u00e1s tiempo.Impermeable, el\u00e1stica y resistente para interior y exterior.","breadcrumb":{"@id":"https:\/\/ollerpintures.com\/es\/producto\/ceys-silicona-neutra-sellatodo-color-blanco-280-ml\/#breadcrumb"},"inLanguage":"es","potentialAction":[{"@type":"ReadAction","target":["https:\/\/ollerpintures.com\/es\/producto\/ceys-silicona-neutra-sellatodo-color-blanco-280-ml\/"]}]},{"@type":"ImageObject","inLanguage":"es","@id":"https:\/\/ollerpintures.com\/es\/producto\/ceys-silicona-neutra-sellatodo-color-blanco-280-ml\/#primaryimage","url":"https:\/\/ollerpintures.com\/wp-content\/uploads\/2026\/02\/Silicona-neutra-sellatodo-Sella-todos-los-materiales.-DURA-INALTERABLE-X5-Silicona-neutra-de-maxima-durabilidad-sella-todo-tipo-de-materiales-incluso-de-construccion-resistiendo-al-paso-del-tie-pdf.jpg","contentUrl":"https:\/\/ollerpintures.com\/wp-content\/uploads\/2026\/02\/Silicona-neutra-sellatodo-Sella-todos-los-materiales.-DURA-INALTERABLE-X5-Silicona-neutra-de-maxima-durabilidad-sella-todo-tipo-de-materiales-incluso-de-construccion-resistiendo-al-paso-del-tie-pdf.jpg"},{"@type":"BreadcrumbList","@id":"https:\/\/ollerpintures.com\/es\/producto\/ceys-silicona-neutra-sellatodo-color-blanco-280-ml\/#breadcrumb","itemListElement":[{"@type":"ListItem","position":1,"name":"Inici","item":"https:\/\/ollerpintures.com\/es\/"},{"@type":"ListItem","position":2,"name":"Tienda","item":"https:\/\/ollerpintures.com\/es\/tienda\/"},{"@type":"ListItem","position":3,"name":"Ceys silicona neutra sellatodo color blanco 280 ml"}]},{"@type":"WebSite","@id":"https:\/\/ollerpintures.com\/es\/#website","url":"https:\/\/ollerpintures.com\/es\/","name":"Oller Pinturas y Revestimientos","description":"M\u00e1s de 50 a\u00f1os acompa\u00f1ando a profesionales y particulares con soluciones de pintura duraderas y sostenibles, seis tiendas de proximidad con servicio tintom\u00e9trico propio y un compromiso real con el oficio y las nuevas generaciones.","publisher":{"@id":"https:\/\/ollerpintures.com\/es\/#organization"},"alternateName":"Oller Grup","potentialAction":[{"@type":"SearchAction","target":{"@type":"EntryPoint","urlTemplate":"https:\/\/ollerpintures.com\/es\/?s={search_term_string}"},"query-input":{"@type":"PropertyValueSpecification","valueRequired":true,"valueName":"search_term_string"}}],"inLanguage":"es"},{"@type":"Organization","@id":"https:\/\/ollerpintures.com\/es\/#organization","name":"Oller Pintures i Revestiments","alternateName":"Oller Grup","url":"https:\/\/ollerpintures.com\/es\/","logo":{"@type":"ImageObject","inLanguage":"es","@id":"https:\/\/ollerpintures.com\/es\/#\/schema\/logo\/image\/","url":"https:\/\/ollerpintures.com\/wp-content\/uploads\/2024\/05\/newLogo.png","contentUrl":"https:\/\/ollerpintures.com\/wp-content\/uploads\/2024\/05\/newLogo.png","width":483,"height":244,"caption":"Oller Pintures i Revestiments"},"image":{"@id":"https:\/\/ollerpintures.com\/es\/#\/schema\/logo\/image\/"},"sameAs":["https:\/\/www.facebook.com\/people\/Oller-Pintures\/100063652056709\/","https:\/\/www.instagram.com\/ollerpintures\/","https:\/\/descriptor.es\/organization\/oller-grup\/"]}]}},"brands":[{"id":2349,"name":"Ceys","slug":"ceys-2"}],"_links":{"self":[{"href":"https:\/\/ollerpintures.com\/es\/wp-json\/wp\/v2\/product\/31933","targetHints":{"allow":["GET"]}}],"collection":[{"href":"https:\/\/ollerpintures.com\/es\/wp-json\/wp\/v2\/product"}],"about":[{"href":"https:\/\/ollerpintures.com\/es\/wp-json\/wp\/v2\/types\/product"}],"wp:featuredmedia":[{"embeddable":true,"href":"https:\/\/ollerpintures.com\/es\/wp-json\/wp\/v2\/media\/31934"}],"wp:attachment":[{"href":"https:\/\/ollerpintures.com\/es\/wp-json\/wp\/v2\/media?parent=31933"}],"wp:term":[{"taxonomy":"pwb-brand","embeddable":true,"href":"https:\/\/ollerpintures.com\/es\/wp-json\/wp\/v2\/pwb-brand?post=31933"},{"taxonomy":"product_brand","embeddable":true,"href":"https:\/\/ollerpintures.com\/es\/wp-json\/wp\/v2\/product_brand?post=31933"},{"taxonomy":"product_cat","embeddable":true,"href":"https:\/\/ollerpintures.com\/es\/wp-json\/wp\/v2\/product_cat?post=31933"},{"taxonomy":"product_tag","embeddable":true,"href":"https:\/\/ollerpintures.com\/es\/wp-json\/wp\/v2\/product_tag?post=31933"}],"curies":[{"name":"wp","href":"https:\/\/api.w.org\/{rel}","templated":true}]}}