{"id":31854,"date":"2026-02-06T11:03:24","date_gmt":"2026-02-06T10:03:24","guid":{"rendered":"https:\/\/ollerpintures.com\/?post_type=product&#038;p=31854"},"modified":"2026-02-06T11:03:25","modified_gmt":"2026-02-06T10:03:25","slug":"ceys-totaltech-blanco-290ml","status":"publish","type":"product","link":"https:\/\/ollerpintures.com\/es\/producto\/ceys-totaltech-blanco-290ml\/","title":{"rendered":"Ceys Totaltech blanco 290ml"},"content":{"rendered":"<p>Totaltech Colores es un adhesivo sellador de alta polivalencia que, gracias a su exclusiva tecnolog\u00eda TRIPOLYMER, permite <strong data-start=\"563\" data-end=\"590\">pegar, sellar y reparar<\/strong> pr\u00e1cticamente cualquier tipo de material, tanto en interior como en exterior, incluso en condiciones extremas. Ofrece una elasticidad ultra alta del 370%, una gran resistencia a tracci\u00f3n, secado r\u00e1pido en solo 1 hora y un alto poder de relleno, siendo adem\u00e1s 100% impermeable, herm\u00e9tico y altamente resistente a los rayos UV y al cloro en aplicaciones en inmersi\u00f3n. No contiene disolventes ni ftalatos, no ataca superficies delicadas y se puede pintar inmediatamente, siendo apto para agua potable y para sellados certificados en fachadas, acristalamientos, juntas sanitarias y juntas peatonales seg\u00fan normativa CE. Su m\u00e1xima adherencia sobre materiales como hormig\u00f3n, metales, pl\u00e1sticos, madera, cer\u00e1mica, PVC o aluminio lo convierte en la soluci\u00f3n ideal para sanitarios, mamparas, piscinas, fachadas, cubiertas, caravanas, embarcaciones y todo tipo de trabajos de construcci\u00f3n, instalaci\u00f3n y reparaci\u00f3n.<\/p>\n","protected":false},"excerpt":{"rendered":"<h4 data-start=\"211\" data-end=\"412\">Totaltech , el adhesivo sellador que puede con todo.<br data-start=\"270\" data-end=\"273\" \/>Pega, sella y repara cualquier material en interior y exterior.<br data-start=\"336\" data-end=\"339\" \/>Ultra el\u00e1stico, impermeable y resistente incluso en condiciones extremas.<\/h4>\n","protected":false},"featured_media":31855,"template":"","meta":{"_acf_changed":false},"pwb-brand":[],"product_brand":[],"product_cat":[2397,112],"product_tag":[],"class_list":{"0":"post-31854","1":"product","2":"type-product","3":"status-publish","4":"has-post-thumbnail","6":"product_cat-selladores-y-adhesivos","7":"product_cat-herramientas-y-complementos","8":"no-featured-image-padding","9":"resize-featured-image","10":"sales-flash-overlay","11":"woocommerce-text-align-left","12":"woocommerce-image-align-center","13":"do-quantity-buttons","15":"first","16":"instock","17":"sale","18":"shipping-taxable","19":"purchasable","20":"product-type-simple"},"acf":[],"yoast_head":"<!-- This site is optimized with the Yoast SEO plugin v27.1.1 - https:\/\/yoast.com\/product\/yoast-seo-wordpress\/ -->\n<title>Ceys Totaltech blanco 290ml - Oller Pinturas y revestimientos<\/title>\n<meta name=\"description\" content=\"Totaltech , el adhesivo sellador que puede con todo.Pega, sella y repara cualquier material en interior y exterior.Ultra el\u00e1stico, impermeable y resistente incluso en condiciones extremas.\" \/>\n<meta name=\"robots\" content=\"index, follow, max-snippet:-1, max-image-preview:large, max-video-preview:-1\" \/>\n<link rel=\"canonical\" href=\"https:\/\/ollerpintures.com\/es\/producto\/ceys-totaltech-blanco-290ml\/\" \/>\n<meta property=\"og:locale\" content=\"es_ES\" \/>\n<meta property=\"og:type\" content=\"article\" \/>\n<meta property=\"og:title\" content=\"Ceys Totaltech blanco 290ml - Oller Pinturas y revestimientos\" \/>\n<meta property=\"og:description\" content=\"Totaltech , el adhesivo sellador que puede con todo.Pega, sella y repara cualquier material en interior y exterior.Ultra el\u00e1stico, impermeable y resistente incluso en condiciones extremas.\" \/>\n<meta property=\"og:url\" content=\"https:\/\/ollerpintures.com\/es\/producto\/ceys-totaltech-blanco-290ml\/\" \/>\n<meta property=\"og:site_name\" content=\"Oller Pinturas y revestimientos\" \/>\n<meta property=\"article:publisher\" content=\"https:\/\/www.facebook.com\/people\/Oller-Pintures\/100063652056709\/\" \/>\n<meta property=\"article:modified_time\" content=\"2026-02-06T10:03:25+00:00\" \/>\n<meta property=\"og:image\" content=\"https:\/\/ollerpintures.com\/wp-content\/uploads\/2022\/05\/pinturas-venta-pinturas-distribuidores-mayorista-oller-pintures-granollers-tienda.jpg\" \/>\n\t<meta property=\"og:image:width\" content=\"1920\" \/>\n\t<meta property=\"og:image:height\" content=\"866\" \/>\n\t<meta property=\"og:image:type\" content=\"image\/jpeg\" \/>\n<meta name=\"twitter:card\" content=\"summary_large_image\" \/>\n<meta name=\"twitter:label1\" content=\"Tiempo de lectura\" \/>\n\t<meta name=\"twitter:data1\" content=\"1 minuto\" \/>\n<script type=\"application\/ld+json\" class=\"yoast-schema-graph\">{\"@context\":\"https:\/\/schema.org\",\"@graph\":[{\"@type\":\"WebPage\",\"@id\":\"https:\/\/ollerpintures.com\/es\/producto\/ceys-totaltech-blanco-290ml\/\",\"url\":\"https:\/\/ollerpintures.com\/es\/producto\/ceys-totaltech-blanco-290ml\/\",\"name\":\"Ceys Totaltech blanco 290ml - Oller Pinturas y revestimientos\",\"isPartOf\":{\"@id\":\"https:\/\/ollerpintures.com\/es\/#website\"},\"primaryImageOfPage\":{\"@id\":\"https:\/\/ollerpintures.com\/es\/producto\/ceys-totaltech-blanco-290ml\/#primaryimage\"},\"image\":{\"@id\":\"https:\/\/ollerpintures.com\/es\/producto\/ceys-totaltech-blanco-290ml\/#primaryimage\"},\"thumbnailUrl\":\"https:\/\/ollerpintures.com\/wp-content\/uploads\/2026\/02\/Diseno-sin-titulo-2-pdf.jpg\",\"datePublished\":\"2026-02-06T10:03:24+00:00\",\"dateModified\":\"2026-02-06T10:03:25+00:00\",\"description\":\"Totaltech , el adhesivo sellador que puede con todo.Pega, sella y repara cualquier material en interior y exterior.Ultra el\u00e1stico, impermeable y resistente incluso en condiciones extremas.\",\"breadcrumb\":{\"@id\":\"https:\/\/ollerpintures.com\/es\/producto\/ceys-totaltech-blanco-290ml\/#breadcrumb\"},\"inLanguage\":\"es\",\"potentialAction\":[{\"@type\":\"ReadAction\",\"target\":[\"https:\/\/ollerpintures.com\/es\/producto\/ceys-totaltech-blanco-290ml\/\"]}]},{\"@type\":\"ImageObject\",\"inLanguage\":\"es\",\"@id\":\"https:\/\/ollerpintures.com\/es\/producto\/ceys-totaltech-blanco-290ml\/#primaryimage\",\"url\":\"https:\/\/ollerpintures.com\/wp-content\/uploads\/2026\/02\/Diseno-sin-titulo-2-pdf.jpg\",\"contentUrl\":\"https:\/\/ollerpintures.com\/wp-content\/uploads\/2026\/02\/Diseno-sin-titulo-2-pdf.jpg\"},{\"@type\":\"BreadcrumbList\",\"@id\":\"https:\/\/ollerpintures.com\/es\/producto\/ceys-totaltech-blanco-290ml\/#breadcrumb\",\"itemListElement\":[{\"@type\":\"ListItem\",\"position\":1,\"name\":\"Inici\",\"item\":\"https:\/\/ollerpintures.com\/es\/\"},{\"@type\":\"ListItem\",\"position\":2,\"name\":\"Tienda\",\"item\":\"https:\/\/ollerpintures.com\/es\/tienda\/\"},{\"@type\":\"ListItem\",\"position\":3,\"name\":\"Ceys Totaltech blanco 290ml\"}]},{\"@type\":\"WebSite\",\"@id\":\"https:\/\/ollerpintures.com\/es\/#website\",\"url\":\"https:\/\/ollerpintures.com\/es\/\",\"name\":\"Oller Pinturas y Revestimientos\",\"description\":\"M\u00e1s de 50 a\u00f1os acompa\u00f1ando a profesionales y particulares con soluciones de pintura duraderas y sostenibles, seis tiendas de proximidad con servicio tintom\u00e9trico propio y un compromiso real con el oficio y las nuevas generaciones.\",\"publisher\":{\"@id\":\"https:\/\/ollerpintures.com\/es\/#organization\"},\"alternateName\":\"Oller Grup\",\"potentialAction\":[{\"@type\":\"SearchAction\",\"target\":{\"@type\":\"EntryPoint\",\"urlTemplate\":\"https:\/\/ollerpintures.com\/es\/?s={search_term_string}\"},\"query-input\":{\"@type\":\"PropertyValueSpecification\",\"valueRequired\":true,\"valueName\":\"search_term_string\"}}],\"inLanguage\":\"es\"},{\"@type\":\"Organization\",\"@id\":\"https:\/\/ollerpintures.com\/es\/#organization\",\"name\":\"Oller Pintures i Revestiments\",\"alternateName\":\"Oller Grup\",\"url\":\"https:\/\/ollerpintures.com\/es\/\",\"logo\":{\"@type\":\"ImageObject\",\"inLanguage\":\"es\",\"@id\":\"https:\/\/ollerpintures.com\/es\/#\/schema\/logo\/image\/\",\"url\":\"https:\/\/ollerpintures.com\/wp-content\/uploads\/2024\/05\/newLogo.png\",\"contentUrl\":\"https:\/\/ollerpintures.com\/wp-content\/uploads\/2024\/05\/newLogo.png\",\"width\":483,\"height\":244,\"caption\":\"Oller Pintures i Revestiments\"},\"image\":{\"@id\":\"https:\/\/ollerpintures.com\/es\/#\/schema\/logo\/image\/\"},\"sameAs\":[\"https:\/\/www.facebook.com\/people\/Oller-Pintures\/100063652056709\/\",\"https:\/\/www.instagram.com\/ollerpintures\/\",\"https:\/\/descriptor.es\/organization\/oller-grup\/\"]}]}<\/script>\n<!-- \/ Yoast SEO plugin. -->","yoast_head_json":{"title":"Ceys Totaltech blanco 290ml - Oller Pinturas y revestimientos","description":"Totaltech , el adhesivo sellador que puede con todo.Pega, sella y repara cualquier material en interior y exterior.Ultra el\u00e1stico, impermeable y resistente incluso en condiciones extremas.","robots":{"index":"index","follow":"follow","max-snippet":"max-snippet:-1","max-image-preview":"max-image-preview:large","max-video-preview":"max-video-preview:-1"},"canonical":"https:\/\/ollerpintures.com\/es\/producto\/ceys-totaltech-blanco-290ml\/","og_locale":"es_ES","og_type":"article","og_title":"Ceys Totaltech blanco 290ml - Oller Pinturas y revestimientos","og_description":"Totaltech , el adhesivo sellador que puede con todo.Pega, sella y repara cualquier material en interior y exterior.Ultra el\u00e1stico, impermeable y resistente incluso en condiciones extremas.","og_url":"https:\/\/ollerpintures.com\/es\/producto\/ceys-totaltech-blanco-290ml\/","og_site_name":"Oller Pinturas y revestimientos","article_publisher":"https:\/\/www.facebook.com\/people\/Oller-Pintures\/100063652056709\/","article_modified_time":"2026-02-06T10:03:25+00:00","og_image":[{"width":1920,"height":866,"url":"https:\/\/ollerpintures.com\/wp-content\/uploads\/2022\/05\/pinturas-venta-pinturas-distribuidores-mayorista-oller-pintures-granollers-tienda.jpg","type":"image\/jpeg"}],"twitter_card":"summary_large_image","twitter_misc":{"Tiempo de lectura":"1 minuto"},"schema":{"@context":"https:\/\/schema.org","@graph":[{"@type":"WebPage","@id":"https:\/\/ollerpintures.com\/es\/producto\/ceys-totaltech-blanco-290ml\/","url":"https:\/\/ollerpintures.com\/es\/producto\/ceys-totaltech-blanco-290ml\/","name":"Ceys Totaltech blanco 290ml - Oller Pinturas y revestimientos","isPartOf":{"@id":"https:\/\/ollerpintures.com\/es\/#website"},"primaryImageOfPage":{"@id":"https:\/\/ollerpintures.com\/es\/producto\/ceys-totaltech-blanco-290ml\/#primaryimage"},"image":{"@id":"https:\/\/ollerpintures.com\/es\/producto\/ceys-totaltech-blanco-290ml\/#primaryimage"},"thumbnailUrl":"https:\/\/ollerpintures.com\/wp-content\/uploads\/2026\/02\/Diseno-sin-titulo-2-pdf.jpg","datePublished":"2026-02-06T10:03:24+00:00","dateModified":"2026-02-06T10:03:25+00:00","description":"Totaltech , el adhesivo sellador que puede con todo.Pega, sella y repara cualquier material en interior y exterior.Ultra el\u00e1stico, impermeable y resistente incluso en condiciones extremas.","breadcrumb":{"@id":"https:\/\/ollerpintures.com\/es\/producto\/ceys-totaltech-blanco-290ml\/#breadcrumb"},"inLanguage":"es","potentialAction":[{"@type":"ReadAction","target":["https:\/\/ollerpintures.com\/es\/producto\/ceys-totaltech-blanco-290ml\/"]}]},{"@type":"ImageObject","inLanguage":"es","@id":"https:\/\/ollerpintures.com\/es\/producto\/ceys-totaltech-blanco-290ml\/#primaryimage","url":"https:\/\/ollerpintures.com\/wp-content\/uploads\/2026\/02\/Diseno-sin-titulo-2-pdf.jpg","contentUrl":"https:\/\/ollerpintures.com\/wp-content\/uploads\/2026\/02\/Diseno-sin-titulo-2-pdf.jpg"},{"@type":"BreadcrumbList","@id":"https:\/\/ollerpintures.com\/es\/producto\/ceys-totaltech-blanco-290ml\/#breadcrumb","itemListElement":[{"@type":"ListItem","position":1,"name":"Inici","item":"https:\/\/ollerpintures.com\/es\/"},{"@type":"ListItem","position":2,"name":"Tienda","item":"https:\/\/ollerpintures.com\/es\/tienda\/"},{"@type":"ListItem","position":3,"name":"Ceys Totaltech blanco 290ml"}]},{"@type":"WebSite","@id":"https:\/\/ollerpintures.com\/es\/#website","url":"https:\/\/ollerpintures.com\/es\/","name":"Oller Pinturas y Revestimientos","description":"M\u00e1s de 50 a\u00f1os acompa\u00f1ando a profesionales y particulares con soluciones de pintura duraderas y sostenibles, seis tiendas de proximidad con servicio tintom\u00e9trico propio y un compromiso real con el oficio y las nuevas generaciones.","publisher":{"@id":"https:\/\/ollerpintures.com\/es\/#organization"},"alternateName":"Oller Grup","potentialAction":[{"@type":"SearchAction","target":{"@type":"EntryPoint","urlTemplate":"https:\/\/ollerpintures.com\/es\/?s={search_term_string}"},"query-input":{"@type":"PropertyValueSpecification","valueRequired":true,"valueName":"search_term_string"}}],"inLanguage":"es"},{"@type":"Organization","@id":"https:\/\/ollerpintures.com\/es\/#organization","name":"Oller Pintures i Revestiments","alternateName":"Oller Grup","url":"https:\/\/ollerpintures.com\/es\/","logo":{"@type":"ImageObject","inLanguage":"es","@id":"https:\/\/ollerpintures.com\/es\/#\/schema\/logo\/image\/","url":"https:\/\/ollerpintures.com\/wp-content\/uploads\/2024\/05\/newLogo.png","contentUrl":"https:\/\/ollerpintures.com\/wp-content\/uploads\/2024\/05\/newLogo.png","width":483,"height":244,"caption":"Oller Pintures i Revestiments"},"image":{"@id":"https:\/\/ollerpintures.com\/es\/#\/schema\/logo\/image\/"},"sameAs":["https:\/\/www.facebook.com\/people\/Oller-Pintures\/100063652056709\/","https:\/\/www.instagram.com\/ollerpintures\/","https:\/\/descriptor.es\/organization\/oller-grup\/"]}]}},"brands":[],"_links":{"self":[{"href":"https:\/\/ollerpintures.com\/es\/wp-json\/wp\/v2\/product\/31854","targetHints":{"allow":["GET"]}}],"collection":[{"href":"https:\/\/ollerpintures.com\/es\/wp-json\/wp\/v2\/product"}],"about":[{"href":"https:\/\/ollerpintures.com\/es\/wp-json\/wp\/v2\/types\/product"}],"wp:featuredmedia":[{"embeddable":true,"href":"https:\/\/ollerpintures.com\/es\/wp-json\/wp\/v2\/media\/31855"}],"wp:attachment":[{"href":"https:\/\/ollerpintures.com\/es\/wp-json\/wp\/v2\/media?parent=31854"}],"wp:term":[{"taxonomy":"pwb-brand","embeddable":true,"href":"https:\/\/ollerpintures.com\/es\/wp-json\/wp\/v2\/pwb-brand?post=31854"},{"taxonomy":"product_brand","embeddable":true,"href":"https:\/\/ollerpintures.com\/es\/wp-json\/wp\/v2\/product_brand?post=31854"},{"taxonomy":"product_cat","embeddable":true,"href":"https:\/\/ollerpintures.com\/es\/wp-json\/wp\/v2\/product_cat?post=31854"},{"taxonomy":"product_tag","embeddable":true,"href":"https:\/\/ollerpintures.com\/es\/wp-json\/wp\/v2\/product_tag?post=31854"}],"curies":[{"name":"wp","href":"https:\/\/api.w.org\/{rel}","templated":true}]}}