{"id":31829,"date":"2026-02-06T10:20:53","date_gmt":"2026-02-06T09:20:53","guid":{"rendered":"https:\/\/ollerpintures.com\/?post_type=product&#038;p=31829"},"modified":"2026-02-06T10:22:19","modified_gmt":"2026-02-06T09:22:19","slug":"ceys-cinta-max-tape-plata-imbatible-25m-x-48mm-cinta-americana","status":"publish","type":"product","link":"https:\/\/ollerpintures.com\/es\/producto\/ceys-cinta-max-tape-plata-imbatible-25m-x-48mm-cinta-americana\/","title":{"rendered":"Ceys cinta max tape plata imbatible 25m x 48mm (cinta americana)"},"content":{"rendered":"<p>MAX Tape IMBATIBLE es una cinta adhesiva de alto rendimiento dise\u00f1ada para ofrecer una uni\u00f3n ultra resistente, flexible y duradera, incluso en las condiciones m\u00e1s exigentes. Gracias a su potente agarre inicial y su capacidad de adaptaci\u00f3n, es la soluci\u00f3n ideal para fijar, sellar y reparar de forma eficaz tanto en aplicaciones temporales como permanentes.<\/p>\n<p>Incorpora la exclusiva tecnolog\u00eda FIBRA MAXTECH, con una malla X3 veces m\u00e1s densa que una cinta americana est\u00e1ndar. Con m\u00e1s de 6.000 fibras entrecruzadas por m\u00b2, garantiza una resistencia superior frente al desgarre, el desgaste y la tracci\u00f3n, asegurando una uni\u00f3n s\u00f3lida y fiable. Es apta para superficies lisas y rugosas, se adhiere sobre todo tipo de materiales y soporta altas temperaturas, incluso en entornos extremos.<\/p>\n<p>Tu aliada definitiva en obra, taller o emergencias<\/p>\n<p>MAX Tape IMBATIBLE destaca por su m\u00e1xima polivalencia, convirti\u00e9ndose en la cinta de reparaci\u00f3n definitiva para m\u00faltiples sectores:<\/p>\n<p>Taller y mantenimiento: fijaci\u00f3n temporal de parachoques, reparaci\u00f3n de tuber\u00edas de canalizaci\u00f3n de fluidos.<\/p>\n<p>Instalaciones t\u00e9cnicas: sellado de conductos de ventilaci\u00f3n industrial y sistemas de extracci\u00f3n de gases.<\/p>\n<p>Sector el\u00e9ctrico y audiovisual: fijaci\u00f3n y ordenaci\u00f3n de cables, marcaci\u00f3n y fijaci\u00f3n de moquetas en sets.<\/p>\n<p>Construcci\u00f3n y obra: reparaci\u00f3n de fugas y grietas en mangueras industriales y de camiones hormigonera.<\/p>\n<p>Agricultura e instalaciones rurales: sellado de fisuras en bidones, reparaci\u00f3n de elementos de maquinaria agr\u00edcola.<\/p>\n<p>Hogar: protecci\u00f3n de pilares, reparaciones temporales en cajones de congeladores.<\/p>\n<p>Jard\u00edn y exterior: reparaci\u00f3n de mangueras de riego y juguetes de pl\u00e1stico.<\/p>\n<p>Deportes: refuerzo y reparaci\u00f3n de sacos de boxeo o sticks de hockey.<\/p>\n<p>Camping: reparaciones temporales de palos de trekking o lonas de autocaravana.<\/p>\n<p>Compatibilidad de materiales<\/p>\n<p>Cinta MAX es una cinta multiusos de alta durabilidad, con excelente adhesi\u00f3n sobre:<br \/>\nmadera, pl\u00e1stico, metal, cart\u00f3n, cuero, piel sint\u00e9tica, lona, caucho, entre otros.<\/p>\n<p>Modo de empleo<\/p>\n<p>La superficie debe estar limpia, seca y libre de polvo o grasa.<br \/>\nEvitar tocar el adhesivo con los dedos para no reducir su rendimiento.<br \/>\nPresionar firmemente durante la aplicaci\u00f3n para asegurar una adhesi\u00f3n \u00f3ptima.<br \/>\nEl m\u00e1ximo rendimiento se alcanza tras 24 horas a una temperatura de +23 \u00b0C.<\/p>\n","protected":false},"excerpt":{"rendered":"<h4 data-start=\"149\" data-end=\"288\">M\u00e1xima resistencia al desgarre y al desgaste.<br data-start=\"219\" data-end=\"222\" \/>La cinta de reparaci\u00f3n ultra resistente para situaciones extremas.<\/h4>\n","protected":false},"featured_media":31811,"template":"","meta":{"_acf_changed":false},"pwb-brand":[],"product_brand":[],"product_cat":[2397,112],"product_tag":[],"class_list":{"0":"post-31829","1":"product","2":"type-product","3":"status-publish","4":"has-post-thumbnail","6":"product_cat-selladores-y-adhesivos","7":"product_cat-herramientas-y-complementos","8":"no-featured-image-padding","9":"resize-featured-image","10":"sales-flash-overlay","11":"woocommerce-text-align-left","12":"woocommerce-image-align-center","13":"do-quantity-buttons","15":"first","16":"instock","17":"shipping-taxable","18":"purchasable","19":"product-type-simple"},"acf":[],"yoast_head":"<!-- This site is optimized with the Yoast SEO plugin v27.1.1 - https:\/\/yoast.com\/product\/yoast-seo-wordpress\/ -->\n<title>Ceys cinta max tape plata imbatible 25m x 48mm (cinta americana) - Oller Pinturas y revestimientos<\/title>\n<meta name=\"description\" content=\"M\u00e1xima resistencia al desgarre y al desgaste.La cinta de reparaci\u00f3n ultra resistente para situaciones extremas.\" \/>\n<meta name=\"robots\" content=\"index, follow, max-snippet:-1, max-image-preview:large, max-video-preview:-1\" \/>\n<link rel=\"canonical\" href=\"https:\/\/ollerpintures.com\/es\/producto\/ceys-cinta-max-tape-plata-imbatible-25m-x-48mm-cinta-americana\/\" \/>\n<meta property=\"og:locale\" content=\"es_ES\" \/>\n<meta property=\"og:type\" content=\"article\" \/>\n<meta property=\"og:title\" content=\"Ceys cinta max tape plata imbatible 25m x 48mm (cinta americana) - Oller Pinturas y revestimientos\" \/>\n<meta property=\"og:description\" content=\"M\u00e1xima resistencia al desgarre y al desgaste.La cinta de reparaci\u00f3n ultra resistente para situaciones extremas.\" \/>\n<meta property=\"og:url\" content=\"https:\/\/ollerpintures.com\/es\/producto\/ceys-cinta-max-tape-plata-imbatible-25m-x-48mm-cinta-americana\/\" \/>\n<meta property=\"og:site_name\" content=\"Oller Pinturas y revestimientos\" \/>\n<meta property=\"article:publisher\" content=\"https:\/\/www.facebook.com\/people\/Oller-Pintures\/100063652056709\/\" \/>\n<meta property=\"article:modified_time\" content=\"2026-02-06T09:22:19+00:00\" \/>\n<meta property=\"og:image\" content=\"https:\/\/ollerpintures.com\/wp-content\/uploads\/2026\/02\/Diseno-sin-titulo-3.jpg\" \/>\n\t<meta property=\"og:image:width\" content=\"1024\" \/>\n\t<meta property=\"og:image:height\" content=\"768\" \/>\n\t<meta property=\"og:image:type\" content=\"image\/jpeg\" \/>\n<meta name=\"twitter:card\" content=\"summary_large_image\" \/>\n<meta name=\"twitter:label1\" content=\"Tiempo de lectura\" \/>\n\t<meta name=\"twitter:data1\" content=\"2 minutos\" \/>\n<script type=\"application\/ld+json\" class=\"yoast-schema-graph\">{\"@context\":\"https:\/\/schema.org\",\"@graph\":[{\"@type\":\"WebPage\",\"@id\":\"https:\/\/ollerpintures.com\/es\/producto\/ceys-cinta-max-tape-plata-imbatible-25m-x-48mm-cinta-americana\/\",\"url\":\"https:\/\/ollerpintures.com\/es\/producto\/ceys-cinta-max-tape-plata-imbatible-25m-x-48mm-cinta-americana\/\",\"name\":\"Ceys cinta max tape plata imbatible 25m x 48mm (cinta americana) - Oller Pinturas y revestimientos\",\"isPartOf\":{\"@id\":\"https:\/\/ollerpintures.com\/es\/#website\"},\"primaryImageOfPage\":{\"@id\":\"https:\/\/ollerpintures.com\/es\/producto\/ceys-cinta-max-tape-plata-imbatible-25m-x-48mm-cinta-americana\/#primaryimage\"},\"image\":{\"@id\":\"https:\/\/ollerpintures.com\/es\/producto\/ceys-cinta-max-tape-plata-imbatible-25m-x-48mm-cinta-americana\/#primaryimage\"},\"thumbnailUrl\":\"https:\/\/ollerpintures.com\/wp-content\/uploads\/2026\/02\/Diseno-sin-titulo-3.jpg\",\"datePublished\":\"2026-02-06T09:20:53+00:00\",\"dateModified\":\"2026-02-06T09:22:19+00:00\",\"description\":\"M\u00e1xima resistencia al desgarre y al desgaste.La cinta de reparaci\u00f3n ultra resistente para situaciones extremas.\",\"breadcrumb\":{\"@id\":\"https:\/\/ollerpintures.com\/es\/producto\/ceys-cinta-max-tape-plata-imbatible-25m-x-48mm-cinta-americana\/#breadcrumb\"},\"inLanguage\":\"es\",\"potentialAction\":[{\"@type\":\"ReadAction\",\"target\":[\"https:\/\/ollerpintures.com\/es\/producto\/ceys-cinta-max-tape-plata-imbatible-25m-x-48mm-cinta-americana\/\"]}]},{\"@type\":\"ImageObject\",\"inLanguage\":\"es\",\"@id\":\"https:\/\/ollerpintures.com\/es\/producto\/ceys-cinta-max-tape-plata-imbatible-25m-x-48mm-cinta-americana\/#primaryimage\",\"url\":\"https:\/\/ollerpintures.com\/wp-content\/uploads\/2026\/02\/Diseno-sin-titulo-3.jpg\",\"contentUrl\":\"https:\/\/ollerpintures.com\/wp-content\/uploads\/2026\/02\/Diseno-sin-titulo-3.jpg\",\"width\":1024,\"height\":768},{\"@type\":\"BreadcrumbList\",\"@id\":\"https:\/\/ollerpintures.com\/es\/producto\/ceys-cinta-max-tape-plata-imbatible-25m-x-48mm-cinta-americana\/#breadcrumb\",\"itemListElement\":[{\"@type\":\"ListItem\",\"position\":1,\"name\":\"Inici\",\"item\":\"https:\/\/ollerpintures.com\/es\/\"},{\"@type\":\"ListItem\",\"position\":2,\"name\":\"Tienda\",\"item\":\"https:\/\/ollerpintures.com\/es\/tienda\/\"},{\"@type\":\"ListItem\",\"position\":3,\"name\":\"Ceys cinta max tape plata imbatible 25m x 48mm (cinta americana)\"}]},{\"@type\":\"WebSite\",\"@id\":\"https:\/\/ollerpintures.com\/es\/#website\",\"url\":\"https:\/\/ollerpintures.com\/es\/\",\"name\":\"Oller Pinturas y Revestimientos\",\"description\":\"M\u00e1s de 50 a\u00f1os acompa\u00f1ando a profesionales y particulares con soluciones de pintura duraderas y sostenibles, seis tiendas de proximidad con servicio tintom\u00e9trico propio y un compromiso real con el oficio y las nuevas generaciones.\",\"publisher\":{\"@id\":\"https:\/\/ollerpintures.com\/es\/#organization\"},\"alternateName\":\"Oller Grup\",\"potentialAction\":[{\"@type\":\"SearchAction\",\"target\":{\"@type\":\"EntryPoint\",\"urlTemplate\":\"https:\/\/ollerpintures.com\/es\/?s={search_term_string}\"},\"query-input\":{\"@type\":\"PropertyValueSpecification\",\"valueRequired\":true,\"valueName\":\"search_term_string\"}}],\"inLanguage\":\"es\"},{\"@type\":\"Organization\",\"@id\":\"https:\/\/ollerpintures.com\/es\/#organization\",\"name\":\"Oller Pintures i Revestiments\",\"alternateName\":\"Oller Grup\",\"url\":\"https:\/\/ollerpintures.com\/es\/\",\"logo\":{\"@type\":\"ImageObject\",\"inLanguage\":\"es\",\"@id\":\"https:\/\/ollerpintures.com\/es\/#\/schema\/logo\/image\/\",\"url\":\"https:\/\/ollerpintures.com\/wp-content\/uploads\/2024\/05\/newLogo.png\",\"contentUrl\":\"https:\/\/ollerpintures.com\/wp-content\/uploads\/2024\/05\/newLogo.png\",\"width\":483,\"height\":244,\"caption\":\"Oller Pintures i Revestiments\"},\"image\":{\"@id\":\"https:\/\/ollerpintures.com\/es\/#\/schema\/logo\/image\/\"},\"sameAs\":[\"https:\/\/www.facebook.com\/people\/Oller-Pintures\/100063652056709\/\",\"https:\/\/www.instagram.com\/ollerpintures\/\",\"https:\/\/descriptor.es\/organization\/oller-grup\/\"]}]}<\/script>\n<!-- \/ Yoast SEO plugin. -->","yoast_head_json":{"title":"Ceys cinta max tape plata imbatible 25m x 48mm (cinta americana) - Oller Pinturas y revestimientos","description":"M\u00e1xima resistencia al desgarre y al desgaste.La cinta de reparaci\u00f3n ultra resistente para situaciones extremas.","robots":{"index":"index","follow":"follow","max-snippet":"max-snippet:-1","max-image-preview":"max-image-preview:large","max-video-preview":"max-video-preview:-1"},"canonical":"https:\/\/ollerpintures.com\/es\/producto\/ceys-cinta-max-tape-plata-imbatible-25m-x-48mm-cinta-americana\/","og_locale":"es_ES","og_type":"article","og_title":"Ceys cinta max tape plata imbatible 25m x 48mm (cinta americana) - Oller Pinturas y revestimientos","og_description":"M\u00e1xima resistencia al desgarre y al desgaste.La cinta de reparaci\u00f3n ultra resistente para situaciones extremas.","og_url":"https:\/\/ollerpintures.com\/es\/producto\/ceys-cinta-max-tape-plata-imbatible-25m-x-48mm-cinta-americana\/","og_site_name":"Oller Pinturas y revestimientos","article_publisher":"https:\/\/www.facebook.com\/people\/Oller-Pintures\/100063652056709\/","article_modified_time":"2026-02-06T09:22:19+00:00","og_image":[{"width":1024,"height":768,"url":"https:\/\/ollerpintures.com\/wp-content\/uploads\/2026\/02\/Diseno-sin-titulo-3.jpg","type":"image\/jpeg"}],"twitter_card":"summary_large_image","twitter_misc":{"Tiempo de lectura":"2 minutos"},"schema":{"@context":"https:\/\/schema.org","@graph":[{"@type":"WebPage","@id":"https:\/\/ollerpintures.com\/es\/producto\/ceys-cinta-max-tape-plata-imbatible-25m-x-48mm-cinta-americana\/","url":"https:\/\/ollerpintures.com\/es\/producto\/ceys-cinta-max-tape-plata-imbatible-25m-x-48mm-cinta-americana\/","name":"Ceys cinta max tape plata imbatible 25m x 48mm (cinta americana) - Oller Pinturas y revestimientos","isPartOf":{"@id":"https:\/\/ollerpintures.com\/es\/#website"},"primaryImageOfPage":{"@id":"https:\/\/ollerpintures.com\/es\/producto\/ceys-cinta-max-tape-plata-imbatible-25m-x-48mm-cinta-americana\/#primaryimage"},"image":{"@id":"https:\/\/ollerpintures.com\/es\/producto\/ceys-cinta-max-tape-plata-imbatible-25m-x-48mm-cinta-americana\/#primaryimage"},"thumbnailUrl":"https:\/\/ollerpintures.com\/wp-content\/uploads\/2026\/02\/Diseno-sin-titulo-3.jpg","datePublished":"2026-02-06T09:20:53+00:00","dateModified":"2026-02-06T09:22:19+00:00","description":"M\u00e1xima resistencia al desgarre y al desgaste.La cinta de reparaci\u00f3n ultra resistente para situaciones extremas.","breadcrumb":{"@id":"https:\/\/ollerpintures.com\/es\/producto\/ceys-cinta-max-tape-plata-imbatible-25m-x-48mm-cinta-americana\/#breadcrumb"},"inLanguage":"es","potentialAction":[{"@type":"ReadAction","target":["https:\/\/ollerpintures.com\/es\/producto\/ceys-cinta-max-tape-plata-imbatible-25m-x-48mm-cinta-americana\/"]}]},{"@type":"ImageObject","inLanguage":"es","@id":"https:\/\/ollerpintures.com\/es\/producto\/ceys-cinta-max-tape-plata-imbatible-25m-x-48mm-cinta-americana\/#primaryimage","url":"https:\/\/ollerpintures.com\/wp-content\/uploads\/2026\/02\/Diseno-sin-titulo-3.jpg","contentUrl":"https:\/\/ollerpintures.com\/wp-content\/uploads\/2026\/02\/Diseno-sin-titulo-3.jpg","width":1024,"height":768},{"@type":"BreadcrumbList","@id":"https:\/\/ollerpintures.com\/es\/producto\/ceys-cinta-max-tape-plata-imbatible-25m-x-48mm-cinta-americana\/#breadcrumb","itemListElement":[{"@type":"ListItem","position":1,"name":"Inici","item":"https:\/\/ollerpintures.com\/es\/"},{"@type":"ListItem","position":2,"name":"Tienda","item":"https:\/\/ollerpintures.com\/es\/tienda\/"},{"@type":"ListItem","position":3,"name":"Ceys cinta max tape plata imbatible 25m x 48mm (cinta americana)"}]},{"@type":"WebSite","@id":"https:\/\/ollerpintures.com\/es\/#website","url":"https:\/\/ollerpintures.com\/es\/","name":"Oller Pinturas y Revestimientos","description":"M\u00e1s de 50 a\u00f1os acompa\u00f1ando a profesionales y particulares con soluciones de pintura duraderas y sostenibles, seis tiendas de proximidad con servicio tintom\u00e9trico propio y un compromiso real con el oficio y las nuevas generaciones.","publisher":{"@id":"https:\/\/ollerpintures.com\/es\/#organization"},"alternateName":"Oller Grup","potentialAction":[{"@type":"SearchAction","target":{"@type":"EntryPoint","urlTemplate":"https:\/\/ollerpintures.com\/es\/?s={search_term_string}"},"query-input":{"@type":"PropertyValueSpecification","valueRequired":true,"valueName":"search_term_string"}}],"inLanguage":"es"},{"@type":"Organization","@id":"https:\/\/ollerpintures.com\/es\/#organization","name":"Oller Pintures i Revestiments","alternateName":"Oller Grup","url":"https:\/\/ollerpintures.com\/es\/","logo":{"@type":"ImageObject","inLanguage":"es","@id":"https:\/\/ollerpintures.com\/es\/#\/schema\/logo\/image\/","url":"https:\/\/ollerpintures.com\/wp-content\/uploads\/2024\/05\/newLogo.png","contentUrl":"https:\/\/ollerpintures.com\/wp-content\/uploads\/2024\/05\/newLogo.png","width":483,"height":244,"caption":"Oller Pintures i Revestiments"},"image":{"@id":"https:\/\/ollerpintures.com\/es\/#\/schema\/logo\/image\/"},"sameAs":["https:\/\/www.facebook.com\/people\/Oller-Pintures\/100063652056709\/","https:\/\/www.instagram.com\/ollerpintures\/","https:\/\/descriptor.es\/organization\/oller-grup\/"]}]}},"brands":[],"_links":{"self":[{"href":"https:\/\/ollerpintures.com\/es\/wp-json\/wp\/v2\/product\/31829","targetHints":{"allow":["GET"]}}],"collection":[{"href":"https:\/\/ollerpintures.com\/es\/wp-json\/wp\/v2\/product"}],"about":[{"href":"https:\/\/ollerpintures.com\/es\/wp-json\/wp\/v2\/types\/product"}],"wp:featuredmedia":[{"embeddable":true,"href":"https:\/\/ollerpintures.com\/es\/wp-json\/wp\/v2\/media\/31811"}],"wp:attachment":[{"href":"https:\/\/ollerpintures.com\/es\/wp-json\/wp\/v2\/media?parent=31829"}],"wp:term":[{"taxonomy":"pwb-brand","embeddable":true,"href":"https:\/\/ollerpintures.com\/es\/wp-json\/wp\/v2\/pwb-brand?post=31829"},{"taxonomy":"product_brand","embeddable":true,"href":"https:\/\/ollerpintures.com\/es\/wp-json\/wp\/v2\/product_brand?post=31829"},{"taxonomy":"product_cat","embeddable":true,"href":"https:\/\/ollerpintures.com\/es\/wp-json\/wp\/v2\/product_cat?post=31829"},{"taxonomy":"product_tag","embeddable":true,"href":"https:\/\/ollerpintures.com\/es\/wp-json\/wp\/v2\/product_tag?post=31829"}],"curies":[{"name":"wp","href":"https:\/\/api.w.org\/{rel}","templated":true}]}}