{"id":31341,"date":"2025-11-25T10:59:46","date_gmt":"2025-11-25T09:59:46","guid":{"rendered":"https:\/\/ollerpintures.com\/?post_type=product&#038;p=31341"},"modified":"2026-02-09T17:08:19","modified_gmt":"2026-02-09T16:08:19","slug":"tesa-4344-precision-mask-standard-naranja-50m-x-50mm","status":"publish","type":"product","link":"https:\/\/ollerpintures.com\/es\/producto\/tesa-4344-precision-mask-standard-naranja-50m-x-50mm\/","title":{"rendered":"TESA 4344 Precision mask standard naranja 50m x 50mm"},"content":{"rendered":"<p>La tesa\u00ae 4344 Precision Mask est\u00e1 fabricada con un soporte de papel extrafino pero altamente resistente, combinado con un adhesivo acr\u00edlico de formulaci\u00f3n especial. Gracias a esta combinaci\u00f3n de materiales de alta calidad, la cinta puede retirarse f\u00e1cilmente hasta 5 meses despu\u00e9s de su aplicaci\u00f3n, permitiendo realizar m\u00faltiples tareas de pintura con un solo proceso de enmascarado.<\/p>\n<p data-start=\"479\" data-end=\"515\">Caracter\u00edsticas del producto<\/p>\n<ul data-start=\"516\" data-end=\"979\">\n<li data-start=\"516\" data-end=\"592\">Adecuada para pr\u00e1cticamente todos los trabajos de pintura en interiores.<\/li>\n<li data-start=\"593\" data-end=\"641\">Compatible con pinturas y lacas al agua.<\/li>\n<li data-start=\"642\" data-end=\"758\">Puede utilizarse en t\u00e9cnicas que requieren esp\u00e1tula, paleta o llana, manteniendo bordes limpios y definidos.<\/li>\n<li data-start=\"759\" data-end=\"848\">Apta para una gran variedad de superficies, como cristal, aluminio, PVC y madera.<\/li>\n<li data-start=\"849\" data-end=\"979\">Especialmente indicada para aplicaciones interiores donde se requiera un acabado\u00a0perfectamente preciso y sin imperfecciones.<\/li>\n<\/ul>\n","protected":false},"excerpt":{"rendered":"<h2 data-start=\"141\" data-end=\"460\">La tesa\u00ae 4344 Precision Mask es una cinta de enmascarar profesional ideal para pr\u00e1cticamente todo tipo de trabajos de pintura en interiores.<\/h2>\n<h3 data-start=\"141\" data-end=\"460\">Compatible con pinturas y lacas al agua, tambi\u00e9n puede emplearse en t\u00e9cnicas que requieren esp\u00e1tula, paleta o llana, manteniendo siempre un acabado limpio y definido.<\/h3>\n<p data-start=\"462\" data-end=\"780\">Gracias a su excelente capacidad de adhesi\u00f3n y precisi\u00f3n, es adecuada para una amplia variedad de superficies, como cristal, aluminio, PVC, madera tratada, entre otras.<br data-start=\"634\" data-end=\"637\" \/>Permite lograr bordes n\u00edtidos y resultados de alta calidad, convirti\u00e9ndola en la opci\u00f3n perfecta para pintores exigentes y trabajos detallados.<\/p>\n","protected":false},"featured_media":31335,"template":"","meta":{"_acf_changed":false},"pwb-brand":[2386],"product_brand":[],"product_cat":[198,868],"product_tag":[],"class_list":{"0":"post-31341","1":"product","2":"type-product","3":"status-publish","4":"has-post-thumbnail","6":"pwb-brand-tesa","7":"product_cat-antes-de-pintar-prepara-la-superficie","8":"product_cat-cintas-y-plasticos-protectores","9":"no-featured-image-padding","10":"resize-featured-image","11":"sales-flash-overlay","12":"woocommerce-text-align-left","13":"woocommerce-image-align-center","14":"do-quantity-buttons","16":"first","17":"instock","18":"shipping-taxable","19":"purchasable","20":"product-type-simple"},"acf":[],"yoast_head":"<!-- This site is optimized with the Yoast SEO plugin v27.1.1 - https:\/\/yoast.com\/product\/yoast-seo-wordpress\/ -->\n<title>TESA 4344 Precision mask standard naranja 50m x 50mm - Oller Pinturas y revestimientos<\/title>\n<meta name=\"description\" content=\"La tesa\u00ae 4344 Precision Mask es una cinta de enmascarar profesional ideal para pr\u00e1cticamente todo tipo de trabajos de pintura en interiores. Compatible con pinturas y lacas al agua, tambi\u00e9n puede emplearse en t\u00e9cnicas que requieren esp\u00e1tula, paleta o llana, manteniendo siempre un acabado limpio y definido. Gracias a su excelente capacidad de adhesi\u00f3n y precisi\u00f3n, es adecuada para una amplia variedad de superficies, como cristal, aluminio, PVC, madera tratada, entre otras.Permite lograr bordes n\u00edtidos y resultados de alta calidad, convirti\u00e9ndola en la opci\u00f3n perfecta para pintores exigentes y trabajos detallados.\" \/>\n<meta name=\"robots\" content=\"index, follow, max-snippet:-1, max-image-preview:large, max-video-preview:-1\" \/>\n<link rel=\"canonical\" href=\"https:\/\/ollerpintures.com\/es\/producto\/tesa-4344-precision-mask-standard-naranja-50m-x-50mm\/\" \/>\n<meta property=\"og:locale\" content=\"es_ES\" \/>\n<meta property=\"og:type\" content=\"article\" \/>\n<meta property=\"og:title\" content=\"TESA 4344 Precision mask standard naranja 50m x 50mm - Oller Pinturas y revestimientos\" \/>\n<meta property=\"og:description\" content=\"La tesa\u00ae 4344 Precision Mask es una cinta de enmascarar profesional ideal para pr\u00e1cticamente todo tipo de trabajos de pintura en interiores. Compatible con pinturas y lacas al agua, tambi\u00e9n puede emplearse en t\u00e9cnicas que requieren esp\u00e1tula, paleta o llana, manteniendo siempre un acabado limpio y definido. Gracias a su excelente capacidad de adhesi\u00f3n y precisi\u00f3n, es adecuada para una amplia variedad de superficies, como cristal, aluminio, PVC, madera tratada, entre otras.Permite lograr bordes n\u00edtidos y resultados de alta calidad, convirti\u00e9ndola en la opci\u00f3n perfecta para pintores exigentes y trabajos detallados.\" \/>\n<meta property=\"og:url\" content=\"https:\/\/ollerpintures.com\/es\/producto\/tesa-4344-precision-mask-standard-naranja-50m-x-50mm\/\" \/>\n<meta property=\"og:site_name\" content=\"Oller Pinturas y revestimientos\" \/>\n<meta property=\"article:publisher\" content=\"https:\/\/www.facebook.com\/people\/Oller-Pintures\/100063652056709\/\" \/>\n<meta property=\"article:modified_time\" content=\"2026-02-09T16:08:19+00:00\" \/>\n<meta property=\"og:image\" content=\"https:\/\/ollerpintures.com\/wp-content\/uploads\/2025\/11\/Screenshot-2025-11-25-105019_edited.png\" \/>\n\t<meta property=\"og:image:width\" content=\"482\" \/>\n\t<meta property=\"og:image:height\" content=\"363\" \/>\n\t<meta property=\"og:image:type\" content=\"image\/png\" \/>\n<meta name=\"twitter:card\" content=\"summary_large_image\" \/>\n<meta name=\"twitter:label1\" content=\"Tiempo de lectura\" \/>\n\t<meta name=\"twitter:data1\" content=\"1 minuto\" \/>\n<script type=\"application\/ld+json\" class=\"yoast-schema-graph\">{\"@context\":\"https:\/\/schema.org\",\"@graph\":[{\"@type\":\"WebPage\",\"@id\":\"https:\/\/ollerpintures.com\/es\/producto\/tesa-4344-precision-mask-standard-naranja-50m-x-50mm\/\",\"url\":\"https:\/\/ollerpintures.com\/es\/producto\/tesa-4344-precision-mask-standard-naranja-50m-x-50mm\/\",\"name\":\"TESA 4344 Precision mask standard naranja 50m x 50mm - Oller Pinturas y revestimientos\",\"isPartOf\":{\"@id\":\"https:\/\/ollerpintures.com\/es\/#website\"},\"primaryImageOfPage\":{\"@id\":\"https:\/\/ollerpintures.com\/es\/producto\/tesa-4344-precision-mask-standard-naranja-50m-x-50mm\/#primaryimage\"},\"image\":{\"@id\":\"https:\/\/ollerpintures.com\/es\/producto\/tesa-4344-precision-mask-standard-naranja-50m-x-50mm\/#primaryimage\"},\"thumbnailUrl\":\"https:\/\/ollerpintures.com\/wp-content\/uploads\/2025\/11\/Screenshot-2025-11-25-105019_edited.png\",\"datePublished\":\"2025-11-25T09:59:46+00:00\",\"dateModified\":\"2026-02-09T16:08:19+00:00\",\"description\":\"La tesa\u00ae 4344 Precision Mask es una cinta de enmascarar profesional ideal para pr\u00e1cticamente todo tipo de trabajos de pintura en interiores. Compatible con pinturas y lacas al agua, tambi\u00e9n puede emplearse en t\u00e9cnicas que requieren esp\u00e1tula, paleta o llana, manteniendo siempre un acabado limpio y definido. Gracias a su excelente capacidad de adhesi\u00f3n y precisi\u00f3n, es adecuada para una amplia variedad de superficies, como cristal, aluminio, PVC, madera tratada, entre otras.Permite lograr bordes n\u00edtidos y resultados de alta calidad, convirti\u00e9ndola en la opci\u00f3n perfecta para pintores exigentes y trabajos detallados.\",\"breadcrumb\":{\"@id\":\"https:\/\/ollerpintures.com\/es\/producto\/tesa-4344-precision-mask-standard-naranja-50m-x-50mm\/#breadcrumb\"},\"inLanguage\":\"es\",\"potentialAction\":[{\"@type\":\"ReadAction\",\"target\":[\"https:\/\/ollerpintures.com\/es\/producto\/tesa-4344-precision-mask-standard-naranja-50m-x-50mm\/\"]}]},{\"@type\":\"ImageObject\",\"inLanguage\":\"es\",\"@id\":\"https:\/\/ollerpintures.com\/es\/producto\/tesa-4344-precision-mask-standard-naranja-50m-x-50mm\/#primaryimage\",\"url\":\"https:\/\/ollerpintures.com\/wp-content\/uploads\/2025\/11\/Screenshot-2025-11-25-105019_edited.png\",\"contentUrl\":\"https:\/\/ollerpintures.com\/wp-content\/uploads\/2025\/11\/Screenshot-2025-11-25-105019_edited.png\",\"width\":482,\"height\":363},{\"@type\":\"BreadcrumbList\",\"@id\":\"https:\/\/ollerpintures.com\/es\/producto\/tesa-4344-precision-mask-standard-naranja-50m-x-50mm\/#breadcrumb\",\"itemListElement\":[{\"@type\":\"ListItem\",\"position\":1,\"name\":\"Inici\",\"item\":\"https:\/\/ollerpintures.com\/es\/\"},{\"@type\":\"ListItem\",\"position\":2,\"name\":\"Tienda\",\"item\":\"https:\/\/ollerpintures.com\/es\/tienda\/\"},{\"@type\":\"ListItem\",\"position\":3,\"name\":\"TESA 4344 Precision mask standard naranja 50m x 50mm\"}]},{\"@type\":\"WebSite\",\"@id\":\"https:\/\/ollerpintures.com\/es\/#website\",\"url\":\"https:\/\/ollerpintures.com\/es\/\",\"name\":\"Oller Pinturas y Revestimientos\",\"description\":\"M\u00e1s de 50 a\u00f1os acompa\u00f1ando a profesionales y particulares con soluciones de pintura duraderas y sostenibles, seis tiendas de proximidad con servicio tintom\u00e9trico propio y un compromiso real con el oficio y las nuevas generaciones.\",\"publisher\":{\"@id\":\"https:\/\/ollerpintures.com\/es\/#organization\"},\"alternateName\":\"Oller Grup\",\"potentialAction\":[{\"@type\":\"SearchAction\",\"target\":{\"@type\":\"EntryPoint\",\"urlTemplate\":\"https:\/\/ollerpintures.com\/es\/?s={search_term_string}\"},\"query-input\":{\"@type\":\"PropertyValueSpecification\",\"valueRequired\":true,\"valueName\":\"search_term_string\"}}],\"inLanguage\":\"es\"},{\"@type\":\"Organization\",\"@id\":\"https:\/\/ollerpintures.com\/es\/#organization\",\"name\":\"Oller Pintures i Revestiments\",\"alternateName\":\"Oller Grup\",\"url\":\"https:\/\/ollerpintures.com\/es\/\",\"logo\":{\"@type\":\"ImageObject\",\"inLanguage\":\"es\",\"@id\":\"https:\/\/ollerpintures.com\/es\/#\/schema\/logo\/image\/\",\"url\":\"https:\/\/ollerpintures.com\/wp-content\/uploads\/2024\/05\/newLogo.png\",\"contentUrl\":\"https:\/\/ollerpintures.com\/wp-content\/uploads\/2024\/05\/newLogo.png\",\"width\":483,\"height\":244,\"caption\":\"Oller Pintures i Revestiments\"},\"image\":{\"@id\":\"https:\/\/ollerpintures.com\/es\/#\/schema\/logo\/image\/\"},\"sameAs\":[\"https:\/\/www.facebook.com\/people\/Oller-Pintures\/100063652056709\/\",\"https:\/\/www.instagram.com\/ollerpintures\/\",\"https:\/\/descriptor.es\/organization\/oller-grup\/\"]}]}<\/script>\n<!-- \/ Yoast SEO plugin. -->","yoast_head_json":{"title":"TESA 4344 Precision mask standard naranja 50m x 50mm - Oller Pinturas y revestimientos","description":"La tesa\u00ae 4344 Precision Mask es una cinta de enmascarar profesional ideal para pr\u00e1cticamente todo tipo de trabajos de pintura en interiores. Compatible con pinturas y lacas al agua, tambi\u00e9n puede emplearse en t\u00e9cnicas que requieren esp\u00e1tula, paleta o llana, manteniendo siempre un acabado limpio y definido. Gracias a su excelente capacidad de adhesi\u00f3n y precisi\u00f3n, es adecuada para una amplia variedad de superficies, como cristal, aluminio, PVC, madera tratada, entre otras.Permite lograr bordes n\u00edtidos y resultados de alta calidad, convirti\u00e9ndola en la opci\u00f3n perfecta para pintores exigentes y trabajos detallados.","robots":{"index":"index","follow":"follow","max-snippet":"max-snippet:-1","max-image-preview":"max-image-preview:large","max-video-preview":"max-video-preview:-1"},"canonical":"https:\/\/ollerpintures.com\/es\/producto\/tesa-4344-precision-mask-standard-naranja-50m-x-50mm\/","og_locale":"es_ES","og_type":"article","og_title":"TESA 4344 Precision mask standard naranja 50m x 50mm - Oller Pinturas y revestimientos","og_description":"La tesa\u00ae 4344 Precision Mask es una cinta de enmascarar profesional ideal para pr\u00e1cticamente todo tipo de trabajos de pintura en interiores. Compatible con pinturas y lacas al agua, tambi\u00e9n puede emplearse en t\u00e9cnicas que requieren esp\u00e1tula, paleta o llana, manteniendo siempre un acabado limpio y definido. Gracias a su excelente capacidad de adhesi\u00f3n y precisi\u00f3n, es adecuada para una amplia variedad de superficies, como cristal, aluminio, PVC, madera tratada, entre otras.Permite lograr bordes n\u00edtidos y resultados de alta calidad, convirti\u00e9ndola en la opci\u00f3n perfecta para pintores exigentes y trabajos detallados.","og_url":"https:\/\/ollerpintures.com\/es\/producto\/tesa-4344-precision-mask-standard-naranja-50m-x-50mm\/","og_site_name":"Oller Pinturas y revestimientos","article_publisher":"https:\/\/www.facebook.com\/people\/Oller-Pintures\/100063652056709\/","article_modified_time":"2026-02-09T16:08:19+00:00","og_image":[{"width":482,"height":363,"url":"https:\/\/ollerpintures.com\/wp-content\/uploads\/2025\/11\/Screenshot-2025-11-25-105019_edited.png","type":"image\/png"}],"twitter_card":"summary_large_image","twitter_misc":{"Tiempo de lectura":"1 minuto"},"schema":{"@context":"https:\/\/schema.org","@graph":[{"@type":"WebPage","@id":"https:\/\/ollerpintures.com\/es\/producto\/tesa-4344-precision-mask-standard-naranja-50m-x-50mm\/","url":"https:\/\/ollerpintures.com\/es\/producto\/tesa-4344-precision-mask-standard-naranja-50m-x-50mm\/","name":"TESA 4344 Precision mask standard naranja 50m x 50mm - Oller Pinturas y revestimientos","isPartOf":{"@id":"https:\/\/ollerpintures.com\/es\/#website"},"primaryImageOfPage":{"@id":"https:\/\/ollerpintures.com\/es\/producto\/tesa-4344-precision-mask-standard-naranja-50m-x-50mm\/#primaryimage"},"image":{"@id":"https:\/\/ollerpintures.com\/es\/producto\/tesa-4344-precision-mask-standard-naranja-50m-x-50mm\/#primaryimage"},"thumbnailUrl":"https:\/\/ollerpintures.com\/wp-content\/uploads\/2025\/11\/Screenshot-2025-11-25-105019_edited.png","datePublished":"2025-11-25T09:59:46+00:00","dateModified":"2026-02-09T16:08:19+00:00","description":"La tesa\u00ae 4344 Precision Mask es una cinta de enmascarar profesional ideal para pr\u00e1cticamente todo tipo de trabajos de pintura en interiores. Compatible con pinturas y lacas al agua, tambi\u00e9n puede emplearse en t\u00e9cnicas que requieren esp\u00e1tula, paleta o llana, manteniendo siempre un acabado limpio y definido. Gracias a su excelente capacidad de adhesi\u00f3n y precisi\u00f3n, es adecuada para una amplia variedad de superficies, como cristal, aluminio, PVC, madera tratada, entre otras.Permite lograr bordes n\u00edtidos y resultados de alta calidad, convirti\u00e9ndola en la opci\u00f3n perfecta para pintores exigentes y trabajos detallados.","breadcrumb":{"@id":"https:\/\/ollerpintures.com\/es\/producto\/tesa-4344-precision-mask-standard-naranja-50m-x-50mm\/#breadcrumb"},"inLanguage":"es","potentialAction":[{"@type":"ReadAction","target":["https:\/\/ollerpintures.com\/es\/producto\/tesa-4344-precision-mask-standard-naranja-50m-x-50mm\/"]}]},{"@type":"ImageObject","inLanguage":"es","@id":"https:\/\/ollerpintures.com\/es\/producto\/tesa-4344-precision-mask-standard-naranja-50m-x-50mm\/#primaryimage","url":"https:\/\/ollerpintures.com\/wp-content\/uploads\/2025\/11\/Screenshot-2025-11-25-105019_edited.png","contentUrl":"https:\/\/ollerpintures.com\/wp-content\/uploads\/2025\/11\/Screenshot-2025-11-25-105019_edited.png","width":482,"height":363},{"@type":"BreadcrumbList","@id":"https:\/\/ollerpintures.com\/es\/producto\/tesa-4344-precision-mask-standard-naranja-50m-x-50mm\/#breadcrumb","itemListElement":[{"@type":"ListItem","position":1,"name":"Inici","item":"https:\/\/ollerpintures.com\/es\/"},{"@type":"ListItem","position":2,"name":"Tienda","item":"https:\/\/ollerpintures.com\/es\/tienda\/"},{"@type":"ListItem","position":3,"name":"TESA 4344 Precision mask standard naranja 50m x 50mm"}]},{"@type":"WebSite","@id":"https:\/\/ollerpintures.com\/es\/#website","url":"https:\/\/ollerpintures.com\/es\/","name":"Oller Pinturas y Revestimientos","description":"M\u00e1s de 50 a\u00f1os acompa\u00f1ando a profesionales y particulares con soluciones de pintura duraderas y sostenibles, seis tiendas de proximidad con servicio tintom\u00e9trico propio y un compromiso real con el oficio y las nuevas generaciones.","publisher":{"@id":"https:\/\/ollerpintures.com\/es\/#organization"},"alternateName":"Oller Grup","potentialAction":[{"@type":"SearchAction","target":{"@type":"EntryPoint","urlTemplate":"https:\/\/ollerpintures.com\/es\/?s={search_term_string}"},"query-input":{"@type":"PropertyValueSpecification","valueRequired":true,"valueName":"search_term_string"}}],"inLanguage":"es"},{"@type":"Organization","@id":"https:\/\/ollerpintures.com\/es\/#organization","name":"Oller Pintures i Revestiments","alternateName":"Oller Grup","url":"https:\/\/ollerpintures.com\/es\/","logo":{"@type":"ImageObject","inLanguage":"es","@id":"https:\/\/ollerpintures.com\/es\/#\/schema\/logo\/image\/","url":"https:\/\/ollerpintures.com\/wp-content\/uploads\/2024\/05\/newLogo.png","contentUrl":"https:\/\/ollerpintures.com\/wp-content\/uploads\/2024\/05\/newLogo.png","width":483,"height":244,"caption":"Oller Pintures i Revestiments"},"image":{"@id":"https:\/\/ollerpintures.com\/es\/#\/schema\/logo\/image\/"},"sameAs":["https:\/\/www.facebook.com\/people\/Oller-Pintures\/100063652056709\/","https:\/\/www.instagram.com\/ollerpintures\/","https:\/\/descriptor.es\/organization\/oller-grup\/"]}]}},"brands":[{"id":2386,"name":"Tesa","slug":"tesa"}],"_links":{"self":[{"href":"https:\/\/ollerpintures.com\/es\/wp-json\/wp\/v2\/product\/31341","targetHints":{"allow":["GET"]}}],"collection":[{"href":"https:\/\/ollerpintures.com\/es\/wp-json\/wp\/v2\/product"}],"about":[{"href":"https:\/\/ollerpintures.com\/es\/wp-json\/wp\/v2\/types\/product"}],"wp:featuredmedia":[{"embeddable":true,"href":"https:\/\/ollerpintures.com\/es\/wp-json\/wp\/v2\/media\/31335"}],"wp:attachment":[{"href":"https:\/\/ollerpintures.com\/es\/wp-json\/wp\/v2\/media?parent=31341"}],"wp:term":[{"taxonomy":"pwb-brand","embeddable":true,"href":"https:\/\/ollerpintures.com\/es\/wp-json\/wp\/v2\/pwb-brand?post=31341"},{"taxonomy":"product_brand","embeddable":true,"href":"https:\/\/ollerpintures.com\/es\/wp-json\/wp\/v2\/product_brand?post=31341"},{"taxonomy":"product_cat","embeddable":true,"href":"https:\/\/ollerpintures.com\/es\/wp-json\/wp\/v2\/product_cat?post=31341"},{"taxonomy":"product_tag","embeddable":true,"href":"https:\/\/ollerpintures.com\/es\/wp-json\/wp\/v2\/product_tag?post=31341"}],"curies":[{"name":"wp","href":"https:\/\/api.w.org\/{rel}","templated":true}]}}