{"id":31323,"date":"2025-11-25T10:38:43","date_gmt":"2025-11-25T09:38:43","guid":{"rendered":"https:\/\/ollerpintures.com\/?post_type=product&#038;p=31323"},"modified":"2026-02-09T17:21:09","modified_gmt":"2026-02-09T16:21:09","slug":"tesa-4333-precision-mask-sensitive-rosa-50m-x-38mm","status":"publish","type":"product","link":"https:\/\/ollerpintures.com\/es\/producto\/tesa-4333-precision-mask-sensitive-rosa-50m-x-38mm\/","title":{"rendered":"TESA 4333 Precision mask sensitive rosa 50m x 38mm"},"content":{"rendered":"<p>La tesa\u00ae 4333 Precision Mask Sensitive est\u00e1 compuesta por un soporte de papel extrafino y altamente resistente, combinado con un adhesivo acr\u00edlico modificado. Su soporte flexible permite que la cinta se adapte con precisi\u00f3n a diferentes superficies, incluso en zonas curvas o delicadas.<br data-start=\"359\" data-end=\"362\" \/>Adem\u00e1s, su adhesivo de formulaci\u00f3n especial garantiza una excelente adherencia en superficies sensibles y permite retirar la cinta sin dejar residuos hasta una semana despu\u00e9s de su aplicaci\u00f3n.<\/p>\n","protected":false},"excerpt":{"rendered":"<div class=\"flex max-w-full flex-col grow\">\n<div class=\"min-h-8 text-message relative flex w-full flex-col items-end gap-2 text-start break-words whitespace-normal [.text-message+&amp;]:mt-1\" dir=\"auto\" data-message-author-role=\"assistant\" data-message-id=\"7545832a-5d92-4a48-b861-ebfe0221169d\" data-message-model-slug=\"gpt-5-2\">\n<div class=\"flex w-full flex-col gap-1 empty:hidden first:pt-[1px]\">\n<div class=\"markdown prose dark:prose-invert w-full wrap-break-word light markdown-new-styling\">\n<h2 data-start=\"80\" data-end=\"356\">Soporte de papel extrafino y flexible que se adapta perfectamente incluso a superficies curvas o delicadas<\/h2>\n<h3 data-start=\"80\" data-end=\"356\">Adhesivo acr\u00edlico modificado que garantiza una excelente adherencia en superficies sensibles<\/h3>\n<p data-start=\"80\" data-end=\"356\">Retirada limpia y sin residuos hasta una semana despu\u00e9s de la aplicaci\u00f3n<\/p>\n<\/div>\n<\/div>\n<\/div>\n<\/div>\n<div class=\"z-0 flex min-h-[46px] justify-start\"><\/div>\n<div class=\"mt-3 w-full empty:hidden\">\n<div class=\"text-center\">\n<div>\n<div class=\"inline-flex border border-gray-100 dark:border-gray-700 rounded-xl\">\n<div class=\"text-token-text-secondary flex items-center justify-center gap-4 px-4 py-2.5 text-sm whitespace-nowrap\"><\/div>\n<\/div>\n<\/div>\n<\/div>\n<\/div>\n","protected":false},"featured_media":31319,"template":"","meta":{"_acf_changed":false},"pwb-brand":[2386],"product_brand":[],"product_cat":[198,868],"product_tag":[],"class_list":{"0":"post-31323","1":"product","2":"type-product","3":"status-publish","4":"has-post-thumbnail","6":"pwb-brand-tesa","7":"product_cat-antes-de-pintar-prepara-la-superficie","8":"product_cat-cintas-y-plasticos-protectores","9":"no-featured-image-padding","10":"resize-featured-image","11":"sales-flash-overlay","12":"woocommerce-text-align-left","13":"woocommerce-image-align-center","14":"do-quantity-buttons","16":"first","17":"instock","18":"shipping-taxable","19":"purchasable","20":"product-type-simple"},"acf":[],"yoast_head":"<!-- This site is optimized with the Yoast SEO plugin v27.1.1 - https:\/\/yoast.com\/product\/yoast-seo-wordpress\/ -->\n<title>TESA 4333 Precision mask sensitive rosa 50m x 38mm - Oller Pinturas y revestimientos<\/title>\n<meta name=\"description\" content=\"Soporte de papel extrafino y flexible que se adapta perfectamente incluso a superficies curvas o delicadas Adhesivo acr\u00edlico modificado que garantiza una excelente adherencia en superficies sensibles Retirada limpia y sin residuos hasta una semana despu\u00e9s de la aplicaci\u00f3n\" \/>\n<meta name=\"robots\" content=\"index, follow, max-snippet:-1, max-image-preview:large, max-video-preview:-1\" \/>\n<link rel=\"canonical\" href=\"https:\/\/ollerpintures.com\/es\/producto\/tesa-4333-precision-mask-sensitive-rosa-50m-x-38mm\/\" \/>\n<meta property=\"og:locale\" content=\"es_ES\" \/>\n<meta property=\"og:type\" content=\"article\" \/>\n<meta property=\"og:title\" content=\"TESA 4333 Precision mask sensitive rosa 50m x 38mm - Oller Pinturas y revestimientos\" \/>\n<meta property=\"og:description\" content=\"Soporte de papel extrafino y flexible que se adapta perfectamente incluso a superficies curvas o delicadas Adhesivo acr\u00edlico modificado que garantiza una excelente adherencia en superficies sensibles Retirada limpia y sin residuos hasta una semana despu\u00e9s de la aplicaci\u00f3n\" \/>\n<meta property=\"og:url\" content=\"https:\/\/ollerpintures.com\/es\/producto\/tesa-4333-precision-mask-sensitive-rosa-50m-x-38mm\/\" \/>\n<meta property=\"og:site_name\" content=\"Oller Pinturas y revestimientos\" \/>\n<meta property=\"article:publisher\" content=\"https:\/\/www.facebook.com\/people\/Oller-Pintures\/100063652056709\/\" \/>\n<meta property=\"article:modified_time\" content=\"2026-02-09T16:21:09+00:00\" \/>\n<meta property=\"og:image\" content=\"https:\/\/ollerpintures.com\/wp-content\/uploads\/2025\/11\/shopping-1.webp\" \/>\n\t<meta property=\"og:image:width\" content=\"1408\" \/>\n\t<meta property=\"og:image:height\" content=\"1920\" \/>\n\t<meta property=\"og:image:type\" content=\"image\/webp\" \/>\n<meta name=\"twitter:card\" content=\"summary_large_image\" \/>\n<meta name=\"twitter:label1\" content=\"Tiempo de lectura\" \/>\n\t<meta name=\"twitter:data1\" content=\"1 minuto\" \/>\n<script type=\"application\/ld+json\" class=\"yoast-schema-graph\">{\"@context\":\"https:\/\/schema.org\",\"@graph\":[{\"@type\":\"WebPage\",\"@id\":\"https:\/\/ollerpintures.com\/es\/producto\/tesa-4333-precision-mask-sensitive-rosa-50m-x-38mm\/\",\"url\":\"https:\/\/ollerpintures.com\/es\/producto\/tesa-4333-precision-mask-sensitive-rosa-50m-x-38mm\/\",\"name\":\"TESA 4333 Precision mask sensitive rosa 50m x 38mm - Oller Pinturas y revestimientos\",\"isPartOf\":{\"@id\":\"https:\/\/ollerpintures.com\/es\/#website\"},\"primaryImageOfPage\":{\"@id\":\"https:\/\/ollerpintures.com\/es\/producto\/tesa-4333-precision-mask-sensitive-rosa-50m-x-38mm\/#primaryimage\"},\"image\":{\"@id\":\"https:\/\/ollerpintures.com\/es\/producto\/tesa-4333-precision-mask-sensitive-rosa-50m-x-38mm\/#primaryimage\"},\"thumbnailUrl\":\"https:\/\/ollerpintures.com\/wp-content\/uploads\/2025\/11\/shopping-1.webp\",\"datePublished\":\"2025-11-25T09:38:43+00:00\",\"dateModified\":\"2026-02-09T16:21:09+00:00\",\"description\":\"Soporte de papel extrafino y flexible que se adapta perfectamente incluso a superficies curvas o delicadas Adhesivo acr\u00edlico modificado que garantiza una excelente adherencia en superficies sensibles Retirada limpia y sin residuos hasta una semana despu\u00e9s de la aplicaci\u00f3n\",\"breadcrumb\":{\"@id\":\"https:\/\/ollerpintures.com\/es\/producto\/tesa-4333-precision-mask-sensitive-rosa-50m-x-38mm\/#breadcrumb\"},\"inLanguage\":\"es\",\"potentialAction\":[{\"@type\":\"ReadAction\",\"target\":[\"https:\/\/ollerpintures.com\/es\/producto\/tesa-4333-precision-mask-sensitive-rosa-50m-x-38mm\/\"]}]},{\"@type\":\"ImageObject\",\"inLanguage\":\"es\",\"@id\":\"https:\/\/ollerpintures.com\/es\/producto\/tesa-4333-precision-mask-sensitive-rosa-50m-x-38mm\/#primaryimage\",\"url\":\"https:\/\/ollerpintures.com\/wp-content\/uploads\/2025\/11\/shopping-1.webp\",\"contentUrl\":\"https:\/\/ollerpintures.com\/wp-content\/uploads\/2025\/11\/shopping-1.webp\",\"width\":1408,\"height\":1920},{\"@type\":\"BreadcrumbList\",\"@id\":\"https:\/\/ollerpintures.com\/es\/producto\/tesa-4333-precision-mask-sensitive-rosa-50m-x-38mm\/#breadcrumb\",\"itemListElement\":[{\"@type\":\"ListItem\",\"position\":1,\"name\":\"Inici\",\"item\":\"https:\/\/ollerpintures.com\/es\/\"},{\"@type\":\"ListItem\",\"position\":2,\"name\":\"Tienda\",\"item\":\"https:\/\/ollerpintures.com\/es\/tienda\/\"},{\"@type\":\"ListItem\",\"position\":3,\"name\":\"TESA 4333 Precision mask sensitive rosa 50m x 38mm\"}]},{\"@type\":\"WebSite\",\"@id\":\"https:\/\/ollerpintures.com\/es\/#website\",\"url\":\"https:\/\/ollerpintures.com\/es\/\",\"name\":\"Oller Pinturas y Revestimientos\",\"description\":\"M\u00e1s de 50 a\u00f1os acompa\u00f1ando a profesionales y particulares con soluciones de pintura duraderas y sostenibles, seis tiendas de proximidad con servicio tintom\u00e9trico propio y un compromiso real con el oficio y las nuevas generaciones.\",\"publisher\":{\"@id\":\"https:\/\/ollerpintures.com\/es\/#organization\"},\"alternateName\":\"Oller Grup\",\"potentialAction\":[{\"@type\":\"SearchAction\",\"target\":{\"@type\":\"EntryPoint\",\"urlTemplate\":\"https:\/\/ollerpintures.com\/es\/?s={search_term_string}\"},\"query-input\":{\"@type\":\"PropertyValueSpecification\",\"valueRequired\":true,\"valueName\":\"search_term_string\"}}],\"inLanguage\":\"es\"},{\"@type\":\"Organization\",\"@id\":\"https:\/\/ollerpintures.com\/es\/#organization\",\"name\":\"Oller Pintures i Revestiments\",\"alternateName\":\"Oller Grup\",\"url\":\"https:\/\/ollerpintures.com\/es\/\",\"logo\":{\"@type\":\"ImageObject\",\"inLanguage\":\"es\",\"@id\":\"https:\/\/ollerpintures.com\/es\/#\/schema\/logo\/image\/\",\"url\":\"https:\/\/ollerpintures.com\/wp-content\/uploads\/2024\/05\/newLogo.png\",\"contentUrl\":\"https:\/\/ollerpintures.com\/wp-content\/uploads\/2024\/05\/newLogo.png\",\"width\":483,\"height\":244,\"caption\":\"Oller Pintures i Revestiments\"},\"image\":{\"@id\":\"https:\/\/ollerpintures.com\/es\/#\/schema\/logo\/image\/\"},\"sameAs\":[\"https:\/\/www.facebook.com\/people\/Oller-Pintures\/100063652056709\/\",\"https:\/\/www.instagram.com\/ollerpintures\/\",\"https:\/\/descriptor.es\/organization\/oller-grup\/\"]}]}<\/script>\n<!-- \/ Yoast SEO plugin. -->","yoast_head_json":{"title":"TESA 4333 Precision mask sensitive rosa 50m x 38mm - Oller Pinturas y revestimientos","description":"Soporte de papel extrafino y flexible que se adapta perfectamente incluso a superficies curvas o delicadas Adhesivo acr\u00edlico modificado que garantiza una excelente adherencia en superficies sensibles Retirada limpia y sin residuos hasta una semana despu\u00e9s de la aplicaci\u00f3n","robots":{"index":"index","follow":"follow","max-snippet":"max-snippet:-1","max-image-preview":"max-image-preview:large","max-video-preview":"max-video-preview:-1"},"canonical":"https:\/\/ollerpintures.com\/es\/producto\/tesa-4333-precision-mask-sensitive-rosa-50m-x-38mm\/","og_locale":"es_ES","og_type":"article","og_title":"TESA 4333 Precision mask sensitive rosa 50m x 38mm - Oller Pinturas y revestimientos","og_description":"Soporte de papel extrafino y flexible que se adapta perfectamente incluso a superficies curvas o delicadas Adhesivo acr\u00edlico modificado que garantiza una excelente adherencia en superficies sensibles Retirada limpia y sin residuos hasta una semana despu\u00e9s de la aplicaci\u00f3n","og_url":"https:\/\/ollerpintures.com\/es\/producto\/tesa-4333-precision-mask-sensitive-rosa-50m-x-38mm\/","og_site_name":"Oller Pinturas y revestimientos","article_publisher":"https:\/\/www.facebook.com\/people\/Oller-Pintures\/100063652056709\/","article_modified_time":"2026-02-09T16:21:09+00:00","og_image":[{"width":1408,"height":1920,"url":"https:\/\/ollerpintures.com\/wp-content\/uploads\/2025\/11\/shopping-1.webp","type":"image\/webp"}],"twitter_card":"summary_large_image","twitter_misc":{"Tiempo de lectura":"1 minuto"},"schema":{"@context":"https:\/\/schema.org","@graph":[{"@type":"WebPage","@id":"https:\/\/ollerpintures.com\/es\/producto\/tesa-4333-precision-mask-sensitive-rosa-50m-x-38mm\/","url":"https:\/\/ollerpintures.com\/es\/producto\/tesa-4333-precision-mask-sensitive-rosa-50m-x-38mm\/","name":"TESA 4333 Precision mask sensitive rosa 50m x 38mm - Oller Pinturas y revestimientos","isPartOf":{"@id":"https:\/\/ollerpintures.com\/es\/#website"},"primaryImageOfPage":{"@id":"https:\/\/ollerpintures.com\/es\/producto\/tesa-4333-precision-mask-sensitive-rosa-50m-x-38mm\/#primaryimage"},"image":{"@id":"https:\/\/ollerpintures.com\/es\/producto\/tesa-4333-precision-mask-sensitive-rosa-50m-x-38mm\/#primaryimage"},"thumbnailUrl":"https:\/\/ollerpintures.com\/wp-content\/uploads\/2025\/11\/shopping-1.webp","datePublished":"2025-11-25T09:38:43+00:00","dateModified":"2026-02-09T16:21:09+00:00","description":"Soporte de papel extrafino y flexible que se adapta perfectamente incluso a superficies curvas o delicadas Adhesivo acr\u00edlico modificado que garantiza una excelente adherencia en superficies sensibles Retirada limpia y sin residuos hasta una semana despu\u00e9s de la aplicaci\u00f3n","breadcrumb":{"@id":"https:\/\/ollerpintures.com\/es\/producto\/tesa-4333-precision-mask-sensitive-rosa-50m-x-38mm\/#breadcrumb"},"inLanguage":"es","potentialAction":[{"@type":"ReadAction","target":["https:\/\/ollerpintures.com\/es\/producto\/tesa-4333-precision-mask-sensitive-rosa-50m-x-38mm\/"]}]},{"@type":"ImageObject","inLanguage":"es","@id":"https:\/\/ollerpintures.com\/es\/producto\/tesa-4333-precision-mask-sensitive-rosa-50m-x-38mm\/#primaryimage","url":"https:\/\/ollerpintures.com\/wp-content\/uploads\/2025\/11\/shopping-1.webp","contentUrl":"https:\/\/ollerpintures.com\/wp-content\/uploads\/2025\/11\/shopping-1.webp","width":1408,"height":1920},{"@type":"BreadcrumbList","@id":"https:\/\/ollerpintures.com\/es\/producto\/tesa-4333-precision-mask-sensitive-rosa-50m-x-38mm\/#breadcrumb","itemListElement":[{"@type":"ListItem","position":1,"name":"Inici","item":"https:\/\/ollerpintures.com\/es\/"},{"@type":"ListItem","position":2,"name":"Tienda","item":"https:\/\/ollerpintures.com\/es\/tienda\/"},{"@type":"ListItem","position":3,"name":"TESA 4333 Precision mask sensitive rosa 50m x 38mm"}]},{"@type":"WebSite","@id":"https:\/\/ollerpintures.com\/es\/#website","url":"https:\/\/ollerpintures.com\/es\/","name":"Oller Pinturas y Revestimientos","description":"M\u00e1s de 50 a\u00f1os acompa\u00f1ando a profesionales y particulares con soluciones de pintura duraderas y sostenibles, seis tiendas de proximidad con servicio tintom\u00e9trico propio y un compromiso real con el oficio y las nuevas generaciones.","publisher":{"@id":"https:\/\/ollerpintures.com\/es\/#organization"},"alternateName":"Oller Grup","potentialAction":[{"@type":"SearchAction","target":{"@type":"EntryPoint","urlTemplate":"https:\/\/ollerpintures.com\/es\/?s={search_term_string}"},"query-input":{"@type":"PropertyValueSpecification","valueRequired":true,"valueName":"search_term_string"}}],"inLanguage":"es"},{"@type":"Organization","@id":"https:\/\/ollerpintures.com\/es\/#organization","name":"Oller Pintures i Revestiments","alternateName":"Oller Grup","url":"https:\/\/ollerpintures.com\/es\/","logo":{"@type":"ImageObject","inLanguage":"es","@id":"https:\/\/ollerpintures.com\/es\/#\/schema\/logo\/image\/","url":"https:\/\/ollerpintures.com\/wp-content\/uploads\/2024\/05\/newLogo.png","contentUrl":"https:\/\/ollerpintures.com\/wp-content\/uploads\/2024\/05\/newLogo.png","width":483,"height":244,"caption":"Oller Pintures i Revestiments"},"image":{"@id":"https:\/\/ollerpintures.com\/es\/#\/schema\/logo\/image\/"},"sameAs":["https:\/\/www.facebook.com\/people\/Oller-Pintures\/100063652056709\/","https:\/\/www.instagram.com\/ollerpintures\/","https:\/\/descriptor.es\/organization\/oller-grup\/"]}]}},"brands":[{"id":2386,"name":"Tesa","slug":"tesa"}],"_links":{"self":[{"href":"https:\/\/ollerpintures.com\/es\/wp-json\/wp\/v2\/product\/31323","targetHints":{"allow":["GET"]}}],"collection":[{"href":"https:\/\/ollerpintures.com\/es\/wp-json\/wp\/v2\/product"}],"about":[{"href":"https:\/\/ollerpintures.com\/es\/wp-json\/wp\/v2\/types\/product"}],"wp:featuredmedia":[{"embeddable":true,"href":"https:\/\/ollerpintures.com\/es\/wp-json\/wp\/v2\/media\/31319"}],"wp:attachment":[{"href":"https:\/\/ollerpintures.com\/es\/wp-json\/wp\/v2\/media?parent=31323"}],"wp:term":[{"taxonomy":"pwb-brand","embeddable":true,"href":"https:\/\/ollerpintures.com\/es\/wp-json\/wp\/v2\/pwb-brand?post=31323"},{"taxonomy":"product_brand","embeddable":true,"href":"https:\/\/ollerpintures.com\/es\/wp-json\/wp\/v2\/product_brand?post=31323"},{"taxonomy":"product_cat","embeddable":true,"href":"https:\/\/ollerpintures.com\/es\/wp-json\/wp\/v2\/product_cat?post=31323"},{"taxonomy":"product_tag","embeddable":true,"href":"https:\/\/ollerpintures.com\/es\/wp-json\/wp\/v2\/product_tag?post=31323"}],"curies":[{"name":"wp","href":"https:\/\/api.w.org\/{rel}","templated":true}]}}