{"id":31307,"date":"2025-11-25T10:19:04","date_gmt":"2025-11-25T09:19:04","guid":{"rendered":"https:\/\/ollerpintures.com\/?post_type=product&#038;p=31307"},"modified":"2026-02-09T16:57:32","modified_gmt":"2026-02-09T15:57:32","slug":"tesa-4440-precision-mask-exteriores-azul-50m-x-25mm","status":"publish","type":"product","link":"https:\/\/ollerpintures.com\/es\/producto\/tesa-4440-precision-mask-exteriores-azul-50m-x-25mm\/","title":{"rendered":"TESA 4440 Precision mask exteriores azul 50m x 25mm"},"content":{"rendered":"<p data-start=\"83\" data-end=\"467\">La cinta de precisi\u00f3n para pintores tesa\u00ae 4440 destaca por su soporte especial\u00a0<em data-start=\"166\" data-end=\"173\">washi<\/em>\u00a0plano, extremadamente resistente al desgarro, y por un adhesivo acr\u00edlico estable a los rayos UV. Gracias a su material base impermeabilizado, es ideal para trabajos de pintura profesionales en exteriores, con una duraci\u00f3n de hasta 26 semanas, incluso sobre superficies ligeramente rugosas.<\/p>\n<p data-start=\"469\" data-end=\"812\">Esta cinta permite conseguir bordes de pintura perfectos: precisos, limpios y n\u00edtidos. Es muy f\u00e1cil de utilizar, se puede rasgar a mano y se retira sin dejar residuos, incluso despu\u00e9s de varias semanas aplicada. Con un \u00fanico proceso de enmascarado podr\u00e1s aplicar varias capas de pintura, lo que supone un ahorro notable de tiempo y dinero.<\/p>\n<p data-start=\"814\" data-end=\"1032\">Compatible con todo tipo de pinturas, lacas y barnices, tambi\u00e9n es adecuada para peque\u00f1os trabajos de enlucido. Una soluci\u00f3n profesional y fiable para quienes buscan acabados impecables en exteriores.<\/p>\n","protected":false},"excerpt":{"rendered":"<h2>TESA 4440 Precision mask exteriores azul 50m x 25mm<\/h2>\n<h3 data-start=\"47\" data-end=\"236\">La cinta de pintor premium tesa 4440 es una herramienta muy \u00fatil para trabajos de pintura profesionales y exigentes en exteriores, y puede utilizarse all\u00ed durante hasta 26 semanas.<\/h3>\n<p>La puedes econtrar en nuestra web en distintas medidas.<\/p>\n<ul data-start=\"238\" data-end=\"440\">\n<li data-start=\"238\" data-end=\"308\">\n<p data-start=\"240\" data-end=\"308\">Trabajos de pintura profesionales en exteriores (hasta 26 semanas)<\/p>\n<\/li>\n<li data-start=\"309\" data-end=\"342\">\n<p data-start=\"311\" data-end=\"342\">Peque\u00f1os trabajos de enlucido<\/p>\n<\/li>\n<li data-start=\"343\" data-end=\"398\">\n<p data-start=\"345\" data-end=\"398\">Ideal para obtener bordes de pintura bien definidos<\/p>\n<\/li>\n<li data-start=\"399\" data-end=\"440\">\n<p data-start=\"401\" data-end=\"440\">Tambi\u00e9n apta para superficies rugosas<\/p>\n<\/li>\n<\/ul>\n","protected":false},"featured_media":31304,"template":"","meta":{"_acf_changed":false},"pwb-brand":[2386],"product_brand":[],"product_cat":[198,868],"product_tag":[],"class_list":{"0":"post-31307","1":"product","2":"type-product","3":"status-publish","4":"has-post-thumbnail","6":"pwb-brand-tesa","7":"product_cat-antes-de-pintar-prepara-la-superficie","8":"product_cat-cintas-y-plasticos-protectores","9":"no-featured-image-padding","10":"resize-featured-image","11":"sales-flash-overlay","12":"woocommerce-text-align-left","13":"woocommerce-image-align-center","14":"do-quantity-buttons","16":"first","17":"instock","18":"shipping-taxable","19":"purchasable","20":"product-type-simple"},"acf":[],"yoast_head":"<!-- This site is optimized with the Yoast SEO plugin v27.1.1 - https:\/\/yoast.com\/product\/yoast-seo-wordpress\/ -->\n<title>TESA 4440 Precision mask exteriores azul 50m x 25mm - Oller Pinturas y revestimientos<\/title>\n<meta name=\"description\" content=\"TESA 4440 Precision mask exteriores azul 50m x 25mm La cinta de pintor premium tesa 4440 es una herramienta muy \u00fatil para trabajos de pintura profesionales y exigentes en exteriores, y puede utilizarse all\u00ed durante hasta 26 semanas. La puedes econtrar en nuestra web en distintas medidas.    Trabajos de pintura profesionales en exteriores (hasta 26 semanas)    Peque\u00f1os trabajos de enlucido    Ideal para obtener bordes de pintura bien definidos    Tambi\u00e9n apta para superficies rugosas\" \/>\n<meta name=\"robots\" content=\"index, follow, max-snippet:-1, max-image-preview:large, max-video-preview:-1\" \/>\n<link rel=\"canonical\" href=\"https:\/\/ollerpintures.com\/es\/producto\/tesa-4440-precision-mask-exteriores-azul-50m-x-25mm\/\" \/>\n<meta property=\"og:locale\" content=\"es_ES\" \/>\n<meta property=\"og:type\" content=\"article\" \/>\n<meta property=\"og:title\" content=\"TESA 4440 Precision mask exteriores azul 50m x 25mm - Oller Pinturas y revestimientos\" \/>\n<meta property=\"og:description\" content=\"TESA 4440 Precision mask exteriores azul 50m x 25mm La cinta de pintor premium tesa 4440 es una herramienta muy \u00fatil para trabajos de pintura profesionales y exigentes en exteriores, y puede utilizarse all\u00ed durante hasta 26 semanas. La puedes econtrar en nuestra web en distintas medidas.    Trabajos de pintura profesionales en exteriores (hasta 26 semanas)    Peque\u00f1os trabajos de enlucido    Ideal para obtener bordes de pintura bien definidos    Tambi\u00e9n apta para superficies rugosas\" \/>\n<meta property=\"og:url\" content=\"https:\/\/ollerpintures.com\/es\/producto\/tesa-4440-precision-mask-exteriores-azul-50m-x-25mm\/\" \/>\n<meta property=\"og:site_name\" content=\"Oller Pinturas y revestimientos\" \/>\n<meta property=\"article:publisher\" content=\"https:\/\/www.facebook.com\/people\/Oller-Pintures\/100063652056709\/\" \/>\n<meta property=\"article:modified_time\" content=\"2026-02-09T15:57:32+00:00\" \/>\n<meta property=\"og:image\" content=\"https:\/\/ollerpintures.com\/wp-content\/uploads\/2025\/11\/tesa.webp\" \/>\n\t<meta property=\"og:image:width\" content=\"1416\" \/>\n\t<meta property=\"og:image:height\" content=\"1400\" \/>\n\t<meta property=\"og:image:type\" content=\"image\/webp\" \/>\n<meta name=\"twitter:card\" content=\"summary_large_image\" \/>\n<meta name=\"twitter:label1\" content=\"Tiempo de lectura\" \/>\n\t<meta name=\"twitter:data1\" content=\"1 minuto\" \/>\n<script type=\"application\/ld+json\" class=\"yoast-schema-graph\">{\"@context\":\"https:\/\/schema.org\",\"@graph\":[{\"@type\":\"WebPage\",\"@id\":\"https:\/\/ollerpintures.com\/es\/producto\/tesa-4440-precision-mask-exteriores-azul-50m-x-25mm\/\",\"url\":\"https:\/\/ollerpintures.com\/es\/producto\/tesa-4440-precision-mask-exteriores-azul-50m-x-25mm\/\",\"name\":\"TESA 4440 Precision mask exteriores azul 50m x 25mm - Oller Pinturas y revestimientos\",\"isPartOf\":{\"@id\":\"https:\/\/ollerpintures.com\/es\/#website\"},\"primaryImageOfPage\":{\"@id\":\"https:\/\/ollerpintures.com\/es\/producto\/tesa-4440-precision-mask-exteriores-azul-50m-x-25mm\/#primaryimage\"},\"image\":{\"@id\":\"https:\/\/ollerpintures.com\/es\/producto\/tesa-4440-precision-mask-exteriores-azul-50m-x-25mm\/#primaryimage\"},\"thumbnailUrl\":\"https:\/\/ollerpintures.com\/wp-content\/uploads\/2025\/11\/tesa.webp\",\"datePublished\":\"2025-11-25T09:19:04+00:00\",\"dateModified\":\"2026-02-09T15:57:32+00:00\",\"description\":\"TESA 4440 Precision mask exteriores azul 50m x 25mm La cinta de pintor premium tesa 4440 es una herramienta muy \u00fatil para trabajos de pintura profesionales y exigentes en exteriores, y puede utilizarse all\u00ed durante hasta 26 semanas. La puedes econtrar en nuestra web en distintas medidas. Trabajos de pintura profesionales en exteriores (hasta 26 semanas) Peque\u00f1os trabajos de enlucido Ideal para obtener bordes de pintura bien definidos Tambi\u00e9n apta para superficies rugosas\",\"breadcrumb\":{\"@id\":\"https:\/\/ollerpintures.com\/es\/producto\/tesa-4440-precision-mask-exteriores-azul-50m-x-25mm\/#breadcrumb\"},\"inLanguage\":\"es\",\"potentialAction\":[{\"@type\":\"ReadAction\",\"target\":[\"https:\/\/ollerpintures.com\/es\/producto\/tesa-4440-precision-mask-exteriores-azul-50m-x-25mm\/\"]}]},{\"@type\":\"ImageObject\",\"inLanguage\":\"es\",\"@id\":\"https:\/\/ollerpintures.com\/es\/producto\/tesa-4440-precision-mask-exteriores-azul-50m-x-25mm\/#primaryimage\",\"url\":\"https:\/\/ollerpintures.com\/wp-content\/uploads\/2025\/11\/tesa.webp\",\"contentUrl\":\"https:\/\/ollerpintures.com\/wp-content\/uploads\/2025\/11\/tesa.webp\",\"width\":1416,\"height\":1400},{\"@type\":\"BreadcrumbList\",\"@id\":\"https:\/\/ollerpintures.com\/es\/producto\/tesa-4440-precision-mask-exteriores-azul-50m-x-25mm\/#breadcrumb\",\"itemListElement\":[{\"@type\":\"ListItem\",\"position\":1,\"name\":\"Inici\",\"item\":\"https:\/\/ollerpintures.com\/es\/\"},{\"@type\":\"ListItem\",\"position\":2,\"name\":\"Tienda\",\"item\":\"https:\/\/ollerpintures.com\/es\/tienda\/\"},{\"@type\":\"ListItem\",\"position\":3,\"name\":\"TESA 4440 Precision mask exteriores azul 50m x 25mm\"}]},{\"@type\":\"WebSite\",\"@id\":\"https:\/\/ollerpintures.com\/es\/#website\",\"url\":\"https:\/\/ollerpintures.com\/es\/\",\"name\":\"Oller Pinturas y Revestimientos\",\"description\":\"M\u00e1s de 50 a\u00f1os acompa\u00f1ando a profesionales y particulares con soluciones de pintura duraderas y sostenibles, seis tiendas de proximidad con servicio tintom\u00e9trico propio y un compromiso real con el oficio y las nuevas generaciones.\",\"publisher\":{\"@id\":\"https:\/\/ollerpintures.com\/es\/#organization\"},\"alternateName\":\"Oller Grup\",\"potentialAction\":[{\"@type\":\"SearchAction\",\"target\":{\"@type\":\"EntryPoint\",\"urlTemplate\":\"https:\/\/ollerpintures.com\/es\/?s={search_term_string}\"},\"query-input\":{\"@type\":\"PropertyValueSpecification\",\"valueRequired\":true,\"valueName\":\"search_term_string\"}}],\"inLanguage\":\"es\"},{\"@type\":\"Organization\",\"@id\":\"https:\/\/ollerpintures.com\/es\/#organization\",\"name\":\"Oller Pintures i Revestiments\",\"alternateName\":\"Oller Grup\",\"url\":\"https:\/\/ollerpintures.com\/es\/\",\"logo\":{\"@type\":\"ImageObject\",\"inLanguage\":\"es\",\"@id\":\"https:\/\/ollerpintures.com\/es\/#\/schema\/logo\/image\/\",\"url\":\"https:\/\/ollerpintures.com\/wp-content\/uploads\/2024\/05\/newLogo.png\",\"contentUrl\":\"https:\/\/ollerpintures.com\/wp-content\/uploads\/2024\/05\/newLogo.png\",\"width\":483,\"height\":244,\"caption\":\"Oller Pintures i Revestiments\"},\"image\":{\"@id\":\"https:\/\/ollerpintures.com\/es\/#\/schema\/logo\/image\/\"},\"sameAs\":[\"https:\/\/www.facebook.com\/people\/Oller-Pintures\/100063652056709\/\",\"https:\/\/www.instagram.com\/ollerpintures\/\",\"https:\/\/descriptor.es\/organization\/oller-grup\/\"]}]}<\/script>\n<!-- \/ Yoast SEO plugin. -->","yoast_head_json":{"title":"TESA 4440 Precision mask exteriores azul 50m x 25mm - Oller Pinturas y revestimientos","description":"TESA 4440 Precision mask exteriores azul 50m x 25mm La cinta de pintor premium tesa 4440 es una herramienta muy \u00fatil para trabajos de pintura profesionales y exigentes en exteriores, y puede utilizarse all\u00ed durante hasta 26 semanas. La puedes econtrar en nuestra web en distintas medidas.    Trabajos de pintura profesionales en exteriores (hasta 26 semanas)    Peque\u00f1os trabajos de enlucido    Ideal para obtener bordes de pintura bien definidos    Tambi\u00e9n apta para superficies rugosas","robots":{"index":"index","follow":"follow","max-snippet":"max-snippet:-1","max-image-preview":"max-image-preview:large","max-video-preview":"max-video-preview:-1"},"canonical":"https:\/\/ollerpintures.com\/es\/producto\/tesa-4440-precision-mask-exteriores-azul-50m-x-25mm\/","og_locale":"es_ES","og_type":"article","og_title":"TESA 4440 Precision mask exteriores azul 50m x 25mm - Oller Pinturas y revestimientos","og_description":"TESA 4440 Precision mask exteriores azul 50m x 25mm La cinta de pintor premium tesa 4440 es una herramienta muy \u00fatil para trabajos de pintura profesionales y exigentes en exteriores, y puede utilizarse all\u00ed durante hasta 26 semanas. La puedes econtrar en nuestra web en distintas medidas.    Trabajos de pintura profesionales en exteriores (hasta 26 semanas)    Peque\u00f1os trabajos de enlucido    Ideal para obtener bordes de pintura bien definidos    Tambi\u00e9n apta para superficies rugosas","og_url":"https:\/\/ollerpintures.com\/es\/producto\/tesa-4440-precision-mask-exteriores-azul-50m-x-25mm\/","og_site_name":"Oller Pinturas y revestimientos","article_publisher":"https:\/\/www.facebook.com\/people\/Oller-Pintures\/100063652056709\/","article_modified_time":"2026-02-09T15:57:32+00:00","og_image":[{"width":1416,"height":1400,"url":"https:\/\/ollerpintures.com\/wp-content\/uploads\/2025\/11\/tesa.webp","type":"image\/webp"}],"twitter_card":"summary_large_image","twitter_misc":{"Tiempo de lectura":"1 minuto"},"schema":{"@context":"https:\/\/schema.org","@graph":[{"@type":"WebPage","@id":"https:\/\/ollerpintures.com\/es\/producto\/tesa-4440-precision-mask-exteriores-azul-50m-x-25mm\/","url":"https:\/\/ollerpintures.com\/es\/producto\/tesa-4440-precision-mask-exteriores-azul-50m-x-25mm\/","name":"TESA 4440 Precision mask exteriores azul 50m x 25mm - Oller Pinturas y revestimientos","isPartOf":{"@id":"https:\/\/ollerpintures.com\/es\/#website"},"primaryImageOfPage":{"@id":"https:\/\/ollerpintures.com\/es\/producto\/tesa-4440-precision-mask-exteriores-azul-50m-x-25mm\/#primaryimage"},"image":{"@id":"https:\/\/ollerpintures.com\/es\/producto\/tesa-4440-precision-mask-exteriores-azul-50m-x-25mm\/#primaryimage"},"thumbnailUrl":"https:\/\/ollerpintures.com\/wp-content\/uploads\/2025\/11\/tesa.webp","datePublished":"2025-11-25T09:19:04+00:00","dateModified":"2026-02-09T15:57:32+00:00","description":"TESA 4440 Precision mask exteriores azul 50m x 25mm La cinta de pintor premium tesa 4440 es una herramienta muy \u00fatil para trabajos de pintura profesionales y exigentes en exteriores, y puede utilizarse all\u00ed durante hasta 26 semanas. La puedes econtrar en nuestra web en distintas medidas. Trabajos de pintura profesionales en exteriores (hasta 26 semanas) Peque\u00f1os trabajos de enlucido Ideal para obtener bordes de pintura bien definidos Tambi\u00e9n apta para superficies rugosas","breadcrumb":{"@id":"https:\/\/ollerpintures.com\/es\/producto\/tesa-4440-precision-mask-exteriores-azul-50m-x-25mm\/#breadcrumb"},"inLanguage":"es","potentialAction":[{"@type":"ReadAction","target":["https:\/\/ollerpintures.com\/es\/producto\/tesa-4440-precision-mask-exteriores-azul-50m-x-25mm\/"]}]},{"@type":"ImageObject","inLanguage":"es","@id":"https:\/\/ollerpintures.com\/es\/producto\/tesa-4440-precision-mask-exteriores-azul-50m-x-25mm\/#primaryimage","url":"https:\/\/ollerpintures.com\/wp-content\/uploads\/2025\/11\/tesa.webp","contentUrl":"https:\/\/ollerpintures.com\/wp-content\/uploads\/2025\/11\/tesa.webp","width":1416,"height":1400},{"@type":"BreadcrumbList","@id":"https:\/\/ollerpintures.com\/es\/producto\/tesa-4440-precision-mask-exteriores-azul-50m-x-25mm\/#breadcrumb","itemListElement":[{"@type":"ListItem","position":1,"name":"Inici","item":"https:\/\/ollerpintures.com\/es\/"},{"@type":"ListItem","position":2,"name":"Tienda","item":"https:\/\/ollerpintures.com\/es\/tienda\/"},{"@type":"ListItem","position":3,"name":"TESA 4440 Precision mask exteriores azul 50m x 25mm"}]},{"@type":"WebSite","@id":"https:\/\/ollerpintures.com\/es\/#website","url":"https:\/\/ollerpintures.com\/es\/","name":"Oller Pinturas y Revestimientos","description":"M\u00e1s de 50 a\u00f1os acompa\u00f1ando a profesionales y particulares con soluciones de pintura duraderas y sostenibles, seis tiendas de proximidad con servicio tintom\u00e9trico propio y un compromiso real con el oficio y las nuevas generaciones.","publisher":{"@id":"https:\/\/ollerpintures.com\/es\/#organization"},"alternateName":"Oller Grup","potentialAction":[{"@type":"SearchAction","target":{"@type":"EntryPoint","urlTemplate":"https:\/\/ollerpintures.com\/es\/?s={search_term_string}"},"query-input":{"@type":"PropertyValueSpecification","valueRequired":true,"valueName":"search_term_string"}}],"inLanguage":"es"},{"@type":"Organization","@id":"https:\/\/ollerpintures.com\/es\/#organization","name":"Oller Pintures i Revestiments","alternateName":"Oller Grup","url":"https:\/\/ollerpintures.com\/es\/","logo":{"@type":"ImageObject","inLanguage":"es","@id":"https:\/\/ollerpintures.com\/es\/#\/schema\/logo\/image\/","url":"https:\/\/ollerpintures.com\/wp-content\/uploads\/2024\/05\/newLogo.png","contentUrl":"https:\/\/ollerpintures.com\/wp-content\/uploads\/2024\/05\/newLogo.png","width":483,"height":244,"caption":"Oller Pintures i Revestiments"},"image":{"@id":"https:\/\/ollerpintures.com\/es\/#\/schema\/logo\/image\/"},"sameAs":["https:\/\/www.facebook.com\/people\/Oller-Pintures\/100063652056709\/","https:\/\/www.instagram.com\/ollerpintures\/","https:\/\/descriptor.es\/organization\/oller-grup\/"]}]}},"brands":[{"id":2386,"name":"Tesa","slug":"tesa"}],"_links":{"self":[{"href":"https:\/\/ollerpintures.com\/es\/wp-json\/wp\/v2\/product\/31307","targetHints":{"allow":["GET"]}}],"collection":[{"href":"https:\/\/ollerpintures.com\/es\/wp-json\/wp\/v2\/product"}],"about":[{"href":"https:\/\/ollerpintures.com\/es\/wp-json\/wp\/v2\/types\/product"}],"wp:featuredmedia":[{"embeddable":true,"href":"https:\/\/ollerpintures.com\/es\/wp-json\/wp\/v2\/media\/31304"}],"wp:attachment":[{"href":"https:\/\/ollerpintures.com\/es\/wp-json\/wp\/v2\/media?parent=31307"}],"wp:term":[{"taxonomy":"pwb-brand","embeddable":true,"href":"https:\/\/ollerpintures.com\/es\/wp-json\/wp\/v2\/pwb-brand?post=31307"},{"taxonomy":"product_brand","embeddable":true,"href":"https:\/\/ollerpintures.com\/es\/wp-json\/wp\/v2\/product_brand?post=31307"},{"taxonomy":"product_cat","embeddable":true,"href":"https:\/\/ollerpintures.com\/es\/wp-json\/wp\/v2\/product_cat?post=31307"},{"taxonomy":"product_tag","embeddable":true,"href":"https:\/\/ollerpintures.com\/es\/wp-json\/wp\/v2\/product_tag?post=31307"}],"curies":[{"name":"wp","href":"https:\/\/api.w.org\/{rel}","templated":true}]}}