{"id":30259,"date":"2025-09-05T11:53:50","date_gmt":"2025-09-05T10:53:50","guid":{"rendered":"https:\/\/oller-pintures.c.wetopi.com\/?post_type=product&#038;p=30259"},"modified":"2025-09-15T11:32:30","modified_gmt":"2025-09-15T10:32:30","slug":"lijadora-excentrica-de-engranaje-ro-150-feq-festool-575069-copia-copia","status":"publish","type":"product","link":"https:\/\/ollerpintures.com\/es\/producto\/lijadora-excentrica-de-engranaje-ro-150-feq-festool-575069-copia-copia\/","title":{"rendered":"Set Planex Lijadora de pared y aspirador DLHS 2 225 EQI\/CTL 36 sep Festool 578424"},"content":{"rendered":"<p>Maquinaria Festool con referencia 578424. La Lijadora de pared PLANEX con luz LED y movimiento exc\u00e9ntrico para una calidad superficial sin estr\u00edas. Aplicaciones principales: Pulido de paredes y techos, tratamiento de masilla de yeso y masilla en dispersi\u00f3n&#8230;<\/p>\n<p>Caracter\u00edsticas:<\/p>\n<p>Pulir con luz integrada: anillo de luces LED en todo el contorno para detectar irregularidades<br \/>\nTrabajo m\u00e1s f\u00e1cil: adhesi\u00f3n por succi\u00f3n ajustable para disminuir el esfuerzo que deben realizar los brazos y la espalda; la PLANEX sostiene su propio peso en la pared o en el techo<br \/>\nAjustable individualmente: longitud de trabajo variable, se pueden montar hasta dos prolongaciones<br \/>\nTrabajo a mayor altura gracias al menor peso: el mango a T ergon\u00f3mico proporciona un mayor alcance con la herramienta acortada<br \/>\nDuradero y sin necesidad de mantenimiento: el motor EC sin escobillas es extremadamente robusto<br \/>\nAmpliaci\u00f3n digital: mediante la conexi\u00f3n a la Festool App, puede disfrutar de funciones adicionales, como el control individual del anillo de luces LED<br \/>\nMovimiento de pulido exc\u00e9ntrico para una calidad superficial sin estr\u00edas<\/p>\n","protected":false},"excerpt":{"rendered":"<p>Maquinaria Festool con referencia 578424. La Lijadora de pared PLANEX con luz LED y movimiento exc\u00e9ntrico para una calidad superficial sin estr\u00edas. Aplicaciones principales: Pulido &#8230; <\/p>\n<p class=\"read-more-container\"><a title=\"Set Planex Lijadora de pared y aspirador DLHS 2 225 EQI\/CTL 36 sep Festool 578424\" class=\"read-more button\" href=\"https:\/\/ollerpintures.com\/es\/producto\/lijadora-excentrica-de-engranaje-ro-150-feq-festool-575069-copia-copia\/#more-30259\" aria-label=\"Leer m\u00e1s sobre Set Planex Lijadora de pared y aspirador DLHS 2 225 EQI\/CTL 36 sep Festool 578424\">Leer m\u00e1s<\/a><\/p>\n","protected":false},"featured_media":30256,"template":"","meta":{"_acf_changed":false},"pwb-brand":[912],"product_brand":[],"product_cat":[813,1961,913,814],"product_tag":[2335,915,817],"class_list":{"0":"post-30259","1":"product","2":"type-product","3":"status-publish","4":"has-post-thumbnail","6":"pwb-brand-festool-es","7":"product_cat-maquinaria-oferta","8":"product_cat-festool-2","9":"product_cat-lijadora-saneadora","10":"product_cat-aspiradoras","11":"product_tag-lijadora-de-pared-planex","12":"product_tag-lijar-es","13":"product_tag-maquinaria-es","14":"no-featured-image-padding","15":"resize-featured-image","16":"sales-flash-overlay","17":"woocommerce-text-align-left","18":"woocommerce-image-align-center","19":"do-quantity-buttons","21":"first","22":"instock","23":"shipping-taxable","24":"purchasable","25":"product-type-simple"},"acf":[],"yoast_head":"<!-- This site is optimized with the Yoast SEO plugin v27.1.1 - https:\/\/yoast.com\/product\/yoast-seo-wordpress\/ -->\n<title>Set Planex Lijadora de pared y aspirador DLHS 2 225 EQI\/CTL 36 sep Festool 578424 - Oller Pinturas y revestimientos<\/title>\n<meta name=\"description\" content=\"Con la lijadora exc\u00e9ntrica Festool RO 150 FEQ tendr\u00e1s tres herramientas en una: para el lijado basto, fino y pulido, adem\u00e1s con cambio de plato r\u00e1pido.\" \/>\n<meta name=\"robots\" content=\"index, follow, max-snippet:-1, max-image-preview:large, max-video-preview:-1\" \/>\n<link rel=\"canonical\" href=\"https:\/\/ollerpintures.com\/es\/producto\/lijadora-excentrica-de-engranaje-ro-150-feq-festool-575069-copia-copia\/\" \/>\n<meta property=\"og:locale\" content=\"es_ES\" \/>\n<meta property=\"og:type\" content=\"article\" \/>\n<meta property=\"og:title\" content=\"Set Planex Lijadora de pared y aspirador DLHS 2 225 EQI\/CTL 36 sep Festool 578424 - Oller Pinturas y revestimientos\" \/>\n<meta property=\"og:description\" content=\"Con la lijadora exc\u00e9ntrica Festool RO 150 FEQ tendr\u00e1s tres herramientas en una: para el lijado basto, fino y pulido, adem\u00e1s con cambio de plato r\u00e1pido.\" \/>\n<meta property=\"og:url\" content=\"https:\/\/ollerpintures.com\/es\/producto\/lijadora-excentrica-de-engranaje-ro-150-feq-festool-575069-copia-copia\/\" \/>\n<meta property=\"og:site_name\" content=\"Oller Pinturas y revestimientos\" \/>\n<meta property=\"article:publisher\" content=\"https:\/\/www.facebook.com\/people\/Oller-Pintures\/100063652056709\/\" \/>\n<meta property=\"article:modified_time\" content=\"2025-09-15T10:32:30+00:00\" \/>\n<meta property=\"og:image\" content=\"https:\/\/ollerpintures.com\/wp-content\/uploads\/2025\/09\/Productes-WEB-E-Commerce-Oller-1.jpg\" \/>\n\t<meta property=\"og:image:width\" content=\"1080\" \/>\n\t<meta property=\"og:image:height\" content=\"1080\" \/>\n\t<meta property=\"og:image:type\" content=\"image\/jpeg\" \/>\n<meta name=\"twitter:card\" content=\"summary_large_image\" \/>\n<meta name=\"twitter:label1\" content=\"Tiempo de lectura\" \/>\n\t<meta name=\"twitter:data1\" content=\"2 minutos\" \/>\n<script type=\"application\/ld+json\" class=\"yoast-schema-graph\">{\"@context\":\"https:\/\/schema.org\",\"@graph\":[{\"@type\":\"WebPage\",\"@id\":\"https:\/\/ollerpintures.com\/es\/producto\/lijadora-excentrica-de-engranaje-ro-150-feq-festool-575069-copia-copia\/\",\"url\":\"https:\/\/ollerpintures.com\/es\/producto\/lijadora-excentrica-de-engranaje-ro-150-feq-festool-575069-copia-copia\/\",\"name\":\"Set Planex Lijadora de pared y aspirador DLHS 2 225 EQI\/CTL 36 sep Festool 578424 - Oller Pinturas y revestimientos\",\"isPartOf\":{\"@id\":\"https:\/\/ollerpintures.com\/es\/#website\"},\"primaryImageOfPage\":{\"@id\":\"https:\/\/ollerpintures.com\/es\/producto\/lijadora-excentrica-de-engranaje-ro-150-feq-festool-575069-copia-copia\/#primaryimage\"},\"image\":{\"@id\":\"https:\/\/ollerpintures.com\/es\/producto\/lijadora-excentrica-de-engranaje-ro-150-feq-festool-575069-copia-copia\/#primaryimage\"},\"thumbnailUrl\":\"https:\/\/ollerpintures.com\/wp-content\/uploads\/2025\/09\/Productes-WEB-E-Commerce-Oller-1.jpg\",\"datePublished\":\"2025-09-05T10:53:50+00:00\",\"dateModified\":\"2025-09-15T10:32:30+00:00\",\"description\":\"Con la lijadora exc\u00e9ntrica Festool RO 150 FEQ tendr\u00e1s tres herramientas en una: para el lijado basto, fino y pulido, adem\u00e1s con cambio de plato r\u00e1pido.\",\"breadcrumb\":{\"@id\":\"https:\/\/ollerpintures.com\/es\/producto\/lijadora-excentrica-de-engranaje-ro-150-feq-festool-575069-copia-copia\/#breadcrumb\"},\"inLanguage\":\"es\",\"potentialAction\":[{\"@type\":\"ReadAction\",\"target\":[\"https:\/\/ollerpintures.com\/es\/producto\/lijadora-excentrica-de-engranaje-ro-150-feq-festool-575069-copia-copia\/\"]}]},{\"@type\":\"ImageObject\",\"inLanguage\":\"es\",\"@id\":\"https:\/\/ollerpintures.com\/es\/producto\/lijadora-excentrica-de-engranaje-ro-150-feq-festool-575069-copia-copia\/#primaryimage\",\"url\":\"https:\/\/ollerpintures.com\/wp-content\/uploads\/2025\/09\/Productes-WEB-E-Commerce-Oller-1.jpg\",\"contentUrl\":\"https:\/\/ollerpintures.com\/wp-content\/uploads\/2025\/09\/Productes-WEB-E-Commerce-Oller-1.jpg\",\"width\":1080,\"height\":1080,\"caption\":\"Set Planex Lijadora de pared y aspirador DLHS 2 225 EQI\/CTL 36 set Festool 578424\"},{\"@type\":\"BreadcrumbList\",\"@id\":\"https:\/\/ollerpintures.com\/es\/producto\/lijadora-excentrica-de-engranaje-ro-150-feq-festool-575069-copia-copia\/#breadcrumb\",\"itemListElement\":[{\"@type\":\"ListItem\",\"position\":1,\"name\":\"Inici\",\"item\":\"https:\/\/ollerpintures.com\/es\/\"},{\"@type\":\"ListItem\",\"position\":2,\"name\":\"Tienda\",\"item\":\"https:\/\/ollerpintures.com\/es\/tienda\/\"},{\"@type\":\"ListItem\",\"position\":3,\"name\":\"Set Planex Lijadora de pared y aspirador DLHS 2 225 EQI\/CTL 36 sep Festool 578424\"}]},{\"@type\":\"WebSite\",\"@id\":\"https:\/\/ollerpintures.com\/es\/#website\",\"url\":\"https:\/\/ollerpintures.com\/es\/\",\"name\":\"Oller Pinturas y Revestimientos\",\"description\":\"M\u00e1s de 50 a\u00f1os acompa\u00f1ando a profesionales y particulares con soluciones de pintura duraderas y sostenibles, seis tiendas de proximidad con servicio tintom\u00e9trico propio y un compromiso real con el oficio y las nuevas generaciones.\",\"publisher\":{\"@id\":\"https:\/\/ollerpintures.com\/es\/#organization\"},\"alternateName\":\"Oller Grup\",\"potentialAction\":[{\"@type\":\"SearchAction\",\"target\":{\"@type\":\"EntryPoint\",\"urlTemplate\":\"https:\/\/ollerpintures.com\/es\/?s={search_term_string}\"},\"query-input\":{\"@type\":\"PropertyValueSpecification\",\"valueRequired\":true,\"valueName\":\"search_term_string\"}}],\"inLanguage\":\"es\"},{\"@type\":\"Organization\",\"@id\":\"https:\/\/ollerpintures.com\/es\/#organization\",\"name\":\"Oller Pintures i Revestiments\",\"alternateName\":\"Oller Grup\",\"url\":\"https:\/\/ollerpintures.com\/es\/\",\"logo\":{\"@type\":\"ImageObject\",\"inLanguage\":\"es\",\"@id\":\"https:\/\/ollerpintures.com\/es\/#\/schema\/logo\/image\/\",\"url\":\"https:\/\/ollerpintures.com\/wp-content\/uploads\/2024\/05\/newLogo.png\",\"contentUrl\":\"https:\/\/ollerpintures.com\/wp-content\/uploads\/2024\/05\/newLogo.png\",\"width\":483,\"height\":244,\"caption\":\"Oller Pintures i Revestiments\"},\"image\":{\"@id\":\"https:\/\/ollerpintures.com\/es\/#\/schema\/logo\/image\/\"},\"sameAs\":[\"https:\/\/www.facebook.com\/people\/Oller-Pintures\/100063652056709\/\",\"https:\/\/www.instagram.com\/ollerpintures\/\",\"https:\/\/descriptor.es\/organization\/oller-grup\/\"]}]}<\/script>\n<!-- \/ Yoast SEO plugin. -->","yoast_head_json":{"title":"Set Planex Lijadora de pared y aspirador DLHS 2 225 EQI\/CTL 36 sep Festool 578424 - Oller Pinturas y revestimientos","description":"Con la lijadora exc\u00e9ntrica Festool RO 150 FEQ tendr\u00e1s tres herramientas en una: para el lijado basto, fino y pulido, adem\u00e1s con cambio de plato r\u00e1pido.","robots":{"index":"index","follow":"follow","max-snippet":"max-snippet:-1","max-image-preview":"max-image-preview:large","max-video-preview":"max-video-preview:-1"},"canonical":"https:\/\/ollerpintures.com\/es\/producto\/lijadora-excentrica-de-engranaje-ro-150-feq-festool-575069-copia-copia\/","og_locale":"es_ES","og_type":"article","og_title":"Set Planex Lijadora de pared y aspirador DLHS 2 225 EQI\/CTL 36 sep Festool 578424 - Oller Pinturas y revestimientos","og_description":"Con la lijadora exc\u00e9ntrica Festool RO 150 FEQ tendr\u00e1s tres herramientas en una: para el lijado basto, fino y pulido, adem\u00e1s con cambio de plato r\u00e1pido.","og_url":"https:\/\/ollerpintures.com\/es\/producto\/lijadora-excentrica-de-engranaje-ro-150-feq-festool-575069-copia-copia\/","og_site_name":"Oller Pinturas y revestimientos","article_publisher":"https:\/\/www.facebook.com\/people\/Oller-Pintures\/100063652056709\/","article_modified_time":"2025-09-15T10:32:30+00:00","og_image":[{"width":1080,"height":1080,"url":"https:\/\/ollerpintures.com\/wp-content\/uploads\/2025\/09\/Productes-WEB-E-Commerce-Oller-1.jpg","type":"image\/jpeg"}],"twitter_card":"summary_large_image","twitter_misc":{"Tiempo de lectura":"2 minutos"},"schema":{"@context":"https:\/\/schema.org","@graph":[{"@type":"WebPage","@id":"https:\/\/ollerpintures.com\/es\/producto\/lijadora-excentrica-de-engranaje-ro-150-feq-festool-575069-copia-copia\/","url":"https:\/\/ollerpintures.com\/es\/producto\/lijadora-excentrica-de-engranaje-ro-150-feq-festool-575069-copia-copia\/","name":"Set Planex Lijadora de pared y aspirador DLHS 2 225 EQI\/CTL 36 sep Festool 578424 - Oller Pinturas y revestimientos","isPartOf":{"@id":"https:\/\/ollerpintures.com\/es\/#website"},"primaryImageOfPage":{"@id":"https:\/\/ollerpintures.com\/es\/producto\/lijadora-excentrica-de-engranaje-ro-150-feq-festool-575069-copia-copia\/#primaryimage"},"image":{"@id":"https:\/\/ollerpintures.com\/es\/producto\/lijadora-excentrica-de-engranaje-ro-150-feq-festool-575069-copia-copia\/#primaryimage"},"thumbnailUrl":"https:\/\/ollerpintures.com\/wp-content\/uploads\/2025\/09\/Productes-WEB-E-Commerce-Oller-1.jpg","datePublished":"2025-09-05T10:53:50+00:00","dateModified":"2025-09-15T10:32:30+00:00","description":"Con la lijadora exc\u00e9ntrica Festool RO 150 FEQ tendr\u00e1s tres herramientas en una: para el lijado basto, fino y pulido, adem\u00e1s con cambio de plato r\u00e1pido.","breadcrumb":{"@id":"https:\/\/ollerpintures.com\/es\/producto\/lijadora-excentrica-de-engranaje-ro-150-feq-festool-575069-copia-copia\/#breadcrumb"},"inLanguage":"es","potentialAction":[{"@type":"ReadAction","target":["https:\/\/ollerpintures.com\/es\/producto\/lijadora-excentrica-de-engranaje-ro-150-feq-festool-575069-copia-copia\/"]}]},{"@type":"ImageObject","inLanguage":"es","@id":"https:\/\/ollerpintures.com\/es\/producto\/lijadora-excentrica-de-engranaje-ro-150-feq-festool-575069-copia-copia\/#primaryimage","url":"https:\/\/ollerpintures.com\/wp-content\/uploads\/2025\/09\/Productes-WEB-E-Commerce-Oller-1.jpg","contentUrl":"https:\/\/ollerpintures.com\/wp-content\/uploads\/2025\/09\/Productes-WEB-E-Commerce-Oller-1.jpg","width":1080,"height":1080,"caption":"Set Planex Lijadora de pared y aspirador DLHS 2 225 EQI\/CTL 36 set Festool 578424"},{"@type":"BreadcrumbList","@id":"https:\/\/ollerpintures.com\/es\/producto\/lijadora-excentrica-de-engranaje-ro-150-feq-festool-575069-copia-copia\/#breadcrumb","itemListElement":[{"@type":"ListItem","position":1,"name":"Inici","item":"https:\/\/ollerpintures.com\/es\/"},{"@type":"ListItem","position":2,"name":"Tienda","item":"https:\/\/ollerpintures.com\/es\/tienda\/"},{"@type":"ListItem","position":3,"name":"Set Planex Lijadora de pared y aspirador DLHS 2 225 EQI\/CTL 36 sep Festool 578424"}]},{"@type":"WebSite","@id":"https:\/\/ollerpintures.com\/es\/#website","url":"https:\/\/ollerpintures.com\/es\/","name":"Oller Pinturas y Revestimientos","description":"M\u00e1s de 50 a\u00f1os acompa\u00f1ando a profesionales y particulares con soluciones de pintura duraderas y sostenibles, seis tiendas de proximidad con servicio tintom\u00e9trico propio y un compromiso real con el oficio y las nuevas generaciones.","publisher":{"@id":"https:\/\/ollerpintures.com\/es\/#organization"},"alternateName":"Oller Grup","potentialAction":[{"@type":"SearchAction","target":{"@type":"EntryPoint","urlTemplate":"https:\/\/ollerpintures.com\/es\/?s={search_term_string}"},"query-input":{"@type":"PropertyValueSpecification","valueRequired":true,"valueName":"search_term_string"}}],"inLanguage":"es"},{"@type":"Organization","@id":"https:\/\/ollerpintures.com\/es\/#organization","name":"Oller Pintures i Revestiments","alternateName":"Oller Grup","url":"https:\/\/ollerpintures.com\/es\/","logo":{"@type":"ImageObject","inLanguage":"es","@id":"https:\/\/ollerpintures.com\/es\/#\/schema\/logo\/image\/","url":"https:\/\/ollerpintures.com\/wp-content\/uploads\/2024\/05\/newLogo.png","contentUrl":"https:\/\/ollerpintures.com\/wp-content\/uploads\/2024\/05\/newLogo.png","width":483,"height":244,"caption":"Oller Pintures i Revestiments"},"image":{"@id":"https:\/\/ollerpintures.com\/es\/#\/schema\/logo\/image\/"},"sameAs":["https:\/\/www.facebook.com\/people\/Oller-Pintures\/100063652056709\/","https:\/\/www.instagram.com\/ollerpintures\/","https:\/\/descriptor.es\/organization\/oller-grup\/"]}]}},"brands":[{"id":912,"name":"Festool","slug":"festool-es"}],"_links":{"self":[{"href":"https:\/\/ollerpintures.com\/es\/wp-json\/wp\/v2\/product\/30259","targetHints":{"allow":["GET"]}}],"collection":[{"href":"https:\/\/ollerpintures.com\/es\/wp-json\/wp\/v2\/product"}],"about":[{"href":"https:\/\/ollerpintures.com\/es\/wp-json\/wp\/v2\/types\/product"}],"wp:featuredmedia":[{"embeddable":true,"href":"https:\/\/ollerpintures.com\/es\/wp-json\/wp\/v2\/media\/30256"}],"wp:attachment":[{"href":"https:\/\/ollerpintures.com\/es\/wp-json\/wp\/v2\/media?parent=30259"}],"wp:term":[{"taxonomy":"pwb-brand","embeddable":true,"href":"https:\/\/ollerpintures.com\/es\/wp-json\/wp\/v2\/pwb-brand?post=30259"},{"taxonomy":"product_brand","embeddable":true,"href":"https:\/\/ollerpintures.com\/es\/wp-json\/wp\/v2\/product_brand?post=30259"},{"taxonomy":"product_cat","embeddable":true,"href":"https:\/\/ollerpintures.com\/es\/wp-json\/wp\/v2\/product_cat?post=30259"},{"taxonomy":"product_tag","embeddable":true,"href":"https:\/\/ollerpintures.com\/es\/wp-json\/wp\/v2\/product_tag?post=30259"}],"curies":[{"name":"wp","href":"https:\/\/api.w.org\/{rel}","templated":true}]}}