{"id":29498,"date":"2025-04-08T11:20:01","date_gmt":"2025-04-08T10:20:01","guid":{"rendered":"https:\/\/oller-pintures.c.wetopi.com\/?post_type=product&#038;p=29498"},"modified":"2025-09-17T10:43:01","modified_gmt":"2025-09-17T09:43:01","slug":"blatem-plastico-mate-interior-verde-chroma-4l-copia","status":"publish","type":"product","link":"https:\/\/ollerpintures.com\/es\/producto\/blatem-plastico-mate-interior-verde-chroma-4l-copia\/","title":{"rendered":"Barpimo Barpityre pint. al agua neum\u00e1ticos 20k"},"content":{"rendered":"<p>Barpimo Barpityre pint. al agua Neum\u00e1ticos 20k &#8211; espec\u00edfico para neum\u00e1ticos, superficies de caucho, goma, etc&#8230;<\/p>\n<p>Tipo de Producto: Pintura Monocapa a base de Resinas especiales Hidrosolubles para el caucho con pigmentos de alta resistencia<\/p>\n<p>Caracter\u00edsticas:<\/p>\n<p>Propiedades Excelente adherencia<br \/>\nFacilidad de aplicaci\u00f3n<br \/>\nM\u00e1ximo Rendimiento<br \/>\nM\u00ednimo olor<br \/>\nAporta muy bajos contenidos a COV\u00b4s<br \/>\nCubrimiento<br \/>\nR\u00e1pido secado<br \/>\nBuena resistencia al impacto. Protecci\u00f3n frente a golpes<\/p>\n","protected":false},"excerpt":{"rendered":"<p>Barpimo Barpityre pint. al agua Neum\u00e1ticos 20k &#8211; espec\u00edfico para neum\u00e1ticos, superficies de caucho, goma, etc&#8230; Tipo de Producto: Pintura Monocapa a base de Resinas &#8230; <\/p>\n<p class=\"read-more-container\"><a title=\"Barpimo Barpityre pint. al agua neum\u00e1ticos 20k\" class=\"read-more button\" href=\"https:\/\/ollerpintures.com\/es\/producto\/blatem-plastico-mate-interior-verde-chroma-4l-copia\/#more-29498\" aria-label=\"Leer m\u00e1s sobre Barpimo Barpityre pint. al agua neum\u00e1ticos 20k\">Leer m\u00e1s<\/a><\/p>\n","protected":false},"featured_media":29506,"template":"","meta":{"_acf_changed":false},"pwb-brand":[2326],"product_brand":[],"product_cat":[2321,201,854],"product_tag":[2323,2324,2325,2322],"class_list":{"0":"post-29498","1":"product","2":"type-product","3":"status-publish","4":"has-post-thumbnail","6":"pwb-brand-barpimo-2","7":"product_cat-pintura-per-neumaticos","8":"product_cat-pintura-es","9":"product_cat-pinturas-especiales","10":"product_tag-adherencia-2","11":"product_tag-caucho","12":"product_tag-goma-2","13":"product_tag-neumaticos","14":"no-featured-image-padding","15":"resize-featured-image","16":"sales-flash-overlay","17":"woocommerce-text-align-left","18":"woocommerce-image-align-center","19":"do-quantity-buttons","21":"first","22":"instock","23":"shipping-taxable","24":"purchasable","25":"product-type-simple"},"acf":[],"yoast_head":"<!-- This site is optimized with the Yoast SEO plugin v27.1.1 - https:\/\/yoast.com\/product\/yoast-seo-wordpress\/ -->\n<title>Barpimo Barpityre pint. al agua neum\u00e1ticos 20k - CIN Valentine - Oller Pinturas y revestimientos<\/title>\n<meta name=\"description\" content=\"Barpimo Barpityre pint. al agua Neum\u00e1ticos 20k - espec\u00edfico para neum\u00e1ticos, superficies de caucho, goma, etc... Tipo de Producto: Pintura Monocapa a base\" \/>\n<meta name=\"robots\" content=\"index, follow, max-snippet:-1, max-image-preview:large, max-video-preview:-1\" \/>\n<link rel=\"canonical\" href=\"https:\/\/ollerpintures.com\/es\/producto\/blatem-plastico-mate-interior-verde-chroma-4l-copia\/\" \/>\n<meta property=\"og:locale\" content=\"es_ES\" \/>\n<meta property=\"og:type\" content=\"article\" \/>\n<meta property=\"og:title\" content=\"Barpimo Barpityre pint. al agua neum\u00e1ticos 20k - CIN Valentine - Oller Pinturas y revestimientos\" \/>\n<meta property=\"og:description\" content=\"Barpimo Barpityre pint. al agua Neum\u00e1ticos 20k - espec\u00edfico para neum\u00e1ticos, superficies de caucho, goma, etc... Tipo de Producto: Pintura Monocapa a base\" \/>\n<meta property=\"og:url\" content=\"https:\/\/ollerpintures.com\/es\/producto\/blatem-plastico-mate-interior-verde-chroma-4l-copia\/\" \/>\n<meta property=\"og:site_name\" content=\"Oller Pinturas y revestimientos\" \/>\n<meta property=\"article:publisher\" content=\"https:\/\/www.facebook.com\/people\/Oller-Pintures\/100063652056709\/\" \/>\n<meta property=\"article:modified_time\" content=\"2025-09-17T09:43:01+00:00\" \/>\n<meta property=\"og:image\" content=\"https:\/\/ollerpintures.com\/wp-content\/uploads\/2025\/04\/Productes-WEB-E-Commerce-Oller-9-1.jpg\" \/>\n\t<meta property=\"og:image:width\" content=\"1080\" \/>\n\t<meta property=\"og:image:height\" content=\"1080\" \/>\n\t<meta property=\"og:image:type\" content=\"image\/jpeg\" \/>\n<meta name=\"twitter:card\" content=\"summary_large_image\" \/>\n<meta name=\"twitter:label1\" content=\"Tiempo de lectura\" \/>\n\t<meta name=\"twitter:data1\" content=\"1 minuto\" \/>\n<script type=\"application\/ld+json\" class=\"yoast-schema-graph\">{\"@context\":\"https:\/\/schema.org\",\"@graph\":[{\"@type\":\"WebPage\",\"@id\":\"https:\/\/ollerpintures.com\/es\/producto\/blatem-plastico-mate-interior-verde-chroma-4l-copia\/\",\"url\":\"https:\/\/ollerpintures.com\/es\/producto\/blatem-plastico-mate-interior-verde-chroma-4l-copia\/\",\"name\":\"Barpimo Barpityre pint. al agua neum\u00e1ticos 20k - CIN Valentine - Oller Pinturas y revestimientos\",\"isPartOf\":{\"@id\":\"https:\/\/ollerpintures.com\/es\/#website\"},\"primaryImageOfPage\":{\"@id\":\"https:\/\/ollerpintures.com\/es\/producto\/blatem-plastico-mate-interior-verde-chroma-4l-copia\/#primaryimage\"},\"image\":{\"@id\":\"https:\/\/ollerpintures.com\/es\/producto\/blatem-plastico-mate-interior-verde-chroma-4l-copia\/#primaryimage\"},\"thumbnailUrl\":\"https:\/\/ollerpintures.com\/wp-content\/uploads\/2025\/04\/Productes-WEB-E-Commerce-Oller-9-1.jpg\",\"datePublished\":\"2025-04-08T10:20:01+00:00\",\"dateModified\":\"2025-09-17T09:43:01+00:00\",\"description\":\"Barpimo Barpityre pint. al agua Neum\u00e1ticos 20k - espec\u00edfico para neum\u00e1ticos, superficies de caucho, goma, etc... Tipo de Producto: Pintura Monocapa a base\",\"breadcrumb\":{\"@id\":\"https:\/\/ollerpintures.com\/es\/producto\/blatem-plastico-mate-interior-verde-chroma-4l-copia\/#breadcrumb\"},\"inLanguage\":\"es\",\"potentialAction\":[{\"@type\":\"ReadAction\",\"target\":[\"https:\/\/ollerpintures.com\/es\/producto\/blatem-plastico-mate-interior-verde-chroma-4l-copia\/\"]}]},{\"@type\":\"ImageObject\",\"inLanguage\":\"es\",\"@id\":\"https:\/\/ollerpintures.com\/es\/producto\/blatem-plastico-mate-interior-verde-chroma-4l-copia\/#primaryimage\",\"url\":\"https:\/\/ollerpintures.com\/wp-content\/uploads\/2025\/04\/Productes-WEB-E-Commerce-Oller-9-1.jpg\",\"contentUrl\":\"https:\/\/ollerpintures.com\/wp-content\/uploads\/2025\/04\/Productes-WEB-E-Commerce-Oller-9-1.jpg\",\"width\":1080,\"height\":1080,\"caption\":\"barpimo barpityre pint. al agua pneumaticos 20k\"},{\"@type\":\"BreadcrumbList\",\"@id\":\"https:\/\/ollerpintures.com\/es\/producto\/blatem-plastico-mate-interior-verde-chroma-4l-copia\/#breadcrumb\",\"itemListElement\":[{\"@type\":\"ListItem\",\"position\":1,\"name\":\"Inici\",\"item\":\"https:\/\/ollerpintures.com\/es\/\"},{\"@type\":\"ListItem\",\"position\":2,\"name\":\"Tienda\",\"item\":\"https:\/\/ollerpintures.com\/es\/tienda\/\"},{\"@type\":\"ListItem\",\"position\":3,\"name\":\"Barpimo Barpityre pint. al agua neum\u00e1ticos 20k\"}]},{\"@type\":\"WebSite\",\"@id\":\"https:\/\/ollerpintures.com\/es\/#website\",\"url\":\"https:\/\/ollerpintures.com\/es\/\",\"name\":\"Oller Pinturas y Revestimientos\",\"description\":\"M\u00e1s de 50 a\u00f1os acompa\u00f1ando a profesionales y particulares con soluciones de pintura duraderas y sostenibles, seis tiendas de proximidad con servicio tintom\u00e9trico propio y un compromiso real con el oficio y las nuevas generaciones.\",\"publisher\":{\"@id\":\"https:\/\/ollerpintures.com\/es\/#organization\"},\"alternateName\":\"Oller Grup\",\"potentialAction\":[{\"@type\":\"SearchAction\",\"target\":{\"@type\":\"EntryPoint\",\"urlTemplate\":\"https:\/\/ollerpintures.com\/es\/?s={search_term_string}\"},\"query-input\":{\"@type\":\"PropertyValueSpecification\",\"valueRequired\":true,\"valueName\":\"search_term_string\"}}],\"inLanguage\":\"es\"},{\"@type\":\"Organization\",\"@id\":\"https:\/\/ollerpintures.com\/es\/#organization\",\"name\":\"Oller Pintures i Revestiments\",\"alternateName\":\"Oller Grup\",\"url\":\"https:\/\/ollerpintures.com\/es\/\",\"logo\":{\"@type\":\"ImageObject\",\"inLanguage\":\"es\",\"@id\":\"https:\/\/ollerpintures.com\/es\/#\/schema\/logo\/image\/\",\"url\":\"https:\/\/ollerpintures.com\/wp-content\/uploads\/2024\/05\/newLogo.png\",\"contentUrl\":\"https:\/\/ollerpintures.com\/wp-content\/uploads\/2024\/05\/newLogo.png\",\"width\":483,\"height\":244,\"caption\":\"Oller Pintures i Revestiments\"},\"image\":{\"@id\":\"https:\/\/ollerpintures.com\/es\/#\/schema\/logo\/image\/\"},\"sameAs\":[\"https:\/\/www.facebook.com\/people\/Oller-Pintures\/100063652056709\/\",\"https:\/\/www.instagram.com\/ollerpintures\/\",\"https:\/\/descriptor.es\/organization\/oller-grup\/\"]}]}<\/script>\n<!-- \/ Yoast SEO plugin. -->","yoast_head_json":{"title":"Barpimo Barpityre pint. al agua neum\u00e1ticos 20k - CIN Valentine - Oller Pinturas y revestimientos","description":"Barpimo Barpityre pint. al agua Neum\u00e1ticos 20k - espec\u00edfico para neum\u00e1ticos, superficies de caucho, goma, etc... Tipo de Producto: Pintura Monocapa a base","robots":{"index":"index","follow":"follow","max-snippet":"max-snippet:-1","max-image-preview":"max-image-preview:large","max-video-preview":"max-video-preview:-1"},"canonical":"https:\/\/ollerpintures.com\/es\/producto\/blatem-plastico-mate-interior-verde-chroma-4l-copia\/","og_locale":"es_ES","og_type":"article","og_title":"Barpimo Barpityre pint. al agua neum\u00e1ticos 20k - CIN Valentine - Oller Pinturas y revestimientos","og_description":"Barpimo Barpityre pint. al agua Neum\u00e1ticos 20k - espec\u00edfico para neum\u00e1ticos, superficies de caucho, goma, etc... Tipo de Producto: Pintura Monocapa a base","og_url":"https:\/\/ollerpintures.com\/es\/producto\/blatem-plastico-mate-interior-verde-chroma-4l-copia\/","og_site_name":"Oller Pinturas y revestimientos","article_publisher":"https:\/\/www.facebook.com\/people\/Oller-Pintures\/100063652056709\/","article_modified_time":"2025-09-17T09:43:01+00:00","og_image":[{"width":1080,"height":1080,"url":"https:\/\/ollerpintures.com\/wp-content\/uploads\/2025\/04\/Productes-WEB-E-Commerce-Oller-9-1.jpg","type":"image\/jpeg"}],"twitter_card":"summary_large_image","twitter_misc":{"Tiempo de lectura":"1 minuto"},"schema":{"@context":"https:\/\/schema.org","@graph":[{"@type":"WebPage","@id":"https:\/\/ollerpintures.com\/es\/producto\/blatem-plastico-mate-interior-verde-chroma-4l-copia\/","url":"https:\/\/ollerpintures.com\/es\/producto\/blatem-plastico-mate-interior-verde-chroma-4l-copia\/","name":"Barpimo Barpityre pint. al agua neum\u00e1ticos 20k - CIN Valentine - Oller Pinturas y revestimientos","isPartOf":{"@id":"https:\/\/ollerpintures.com\/es\/#website"},"primaryImageOfPage":{"@id":"https:\/\/ollerpintures.com\/es\/producto\/blatem-plastico-mate-interior-verde-chroma-4l-copia\/#primaryimage"},"image":{"@id":"https:\/\/ollerpintures.com\/es\/producto\/blatem-plastico-mate-interior-verde-chroma-4l-copia\/#primaryimage"},"thumbnailUrl":"https:\/\/ollerpintures.com\/wp-content\/uploads\/2025\/04\/Productes-WEB-E-Commerce-Oller-9-1.jpg","datePublished":"2025-04-08T10:20:01+00:00","dateModified":"2025-09-17T09:43:01+00:00","description":"Barpimo Barpityre pint. al agua Neum\u00e1ticos 20k - espec\u00edfico para neum\u00e1ticos, superficies de caucho, goma, etc... Tipo de Producto: Pintura Monocapa a base","breadcrumb":{"@id":"https:\/\/ollerpintures.com\/es\/producto\/blatem-plastico-mate-interior-verde-chroma-4l-copia\/#breadcrumb"},"inLanguage":"es","potentialAction":[{"@type":"ReadAction","target":["https:\/\/ollerpintures.com\/es\/producto\/blatem-plastico-mate-interior-verde-chroma-4l-copia\/"]}]},{"@type":"ImageObject","inLanguage":"es","@id":"https:\/\/ollerpintures.com\/es\/producto\/blatem-plastico-mate-interior-verde-chroma-4l-copia\/#primaryimage","url":"https:\/\/ollerpintures.com\/wp-content\/uploads\/2025\/04\/Productes-WEB-E-Commerce-Oller-9-1.jpg","contentUrl":"https:\/\/ollerpintures.com\/wp-content\/uploads\/2025\/04\/Productes-WEB-E-Commerce-Oller-9-1.jpg","width":1080,"height":1080,"caption":"barpimo barpityre pint. al agua pneumaticos 20k"},{"@type":"BreadcrumbList","@id":"https:\/\/ollerpintures.com\/es\/producto\/blatem-plastico-mate-interior-verde-chroma-4l-copia\/#breadcrumb","itemListElement":[{"@type":"ListItem","position":1,"name":"Inici","item":"https:\/\/ollerpintures.com\/es\/"},{"@type":"ListItem","position":2,"name":"Tienda","item":"https:\/\/ollerpintures.com\/es\/tienda\/"},{"@type":"ListItem","position":3,"name":"Barpimo Barpityre pint. al agua neum\u00e1ticos 20k"}]},{"@type":"WebSite","@id":"https:\/\/ollerpintures.com\/es\/#website","url":"https:\/\/ollerpintures.com\/es\/","name":"Oller Pinturas y Revestimientos","description":"M\u00e1s de 50 a\u00f1os acompa\u00f1ando a profesionales y particulares con soluciones de pintura duraderas y sostenibles, seis tiendas de proximidad con servicio tintom\u00e9trico propio y un compromiso real con el oficio y las nuevas generaciones.","publisher":{"@id":"https:\/\/ollerpintures.com\/es\/#organization"},"alternateName":"Oller Grup","potentialAction":[{"@type":"SearchAction","target":{"@type":"EntryPoint","urlTemplate":"https:\/\/ollerpintures.com\/es\/?s={search_term_string}"},"query-input":{"@type":"PropertyValueSpecification","valueRequired":true,"valueName":"search_term_string"}}],"inLanguage":"es"},{"@type":"Organization","@id":"https:\/\/ollerpintures.com\/es\/#organization","name":"Oller Pintures i Revestiments","alternateName":"Oller Grup","url":"https:\/\/ollerpintures.com\/es\/","logo":{"@type":"ImageObject","inLanguage":"es","@id":"https:\/\/ollerpintures.com\/es\/#\/schema\/logo\/image\/","url":"https:\/\/ollerpintures.com\/wp-content\/uploads\/2024\/05\/newLogo.png","contentUrl":"https:\/\/ollerpintures.com\/wp-content\/uploads\/2024\/05\/newLogo.png","width":483,"height":244,"caption":"Oller Pintures i Revestiments"},"image":{"@id":"https:\/\/ollerpintures.com\/es\/#\/schema\/logo\/image\/"},"sameAs":["https:\/\/www.facebook.com\/people\/Oller-Pintures\/100063652056709\/","https:\/\/www.instagram.com\/ollerpintures\/","https:\/\/descriptor.es\/organization\/oller-grup\/"]}]}},"brands":[{"id":2326,"name":"Barpimo","slug":"barpimo-2"}],"_links":{"self":[{"href":"https:\/\/ollerpintures.com\/es\/wp-json\/wp\/v2\/product\/29498","targetHints":{"allow":["GET"]}}],"collection":[{"href":"https:\/\/ollerpintures.com\/es\/wp-json\/wp\/v2\/product"}],"about":[{"href":"https:\/\/ollerpintures.com\/es\/wp-json\/wp\/v2\/types\/product"}],"wp:featuredmedia":[{"embeddable":true,"href":"https:\/\/ollerpintures.com\/es\/wp-json\/wp\/v2\/media\/29506"}],"wp:attachment":[{"href":"https:\/\/ollerpintures.com\/es\/wp-json\/wp\/v2\/media?parent=29498"}],"wp:term":[{"taxonomy":"pwb-brand","embeddable":true,"href":"https:\/\/ollerpintures.com\/es\/wp-json\/wp\/v2\/pwb-brand?post=29498"},{"taxonomy":"product_brand","embeddable":true,"href":"https:\/\/ollerpintures.com\/es\/wp-json\/wp\/v2\/product_brand?post=29498"},{"taxonomy":"product_cat","embeddable":true,"href":"https:\/\/ollerpintures.com\/es\/wp-json\/wp\/v2\/product_cat?post=29498"},{"taxonomy":"product_tag","embeddable":true,"href":"https:\/\/ollerpintures.com\/es\/wp-json\/wp\/v2\/product_tag?post=29498"}],"curies":[{"name":"wp","href":"https:\/\/api.w.org\/{rel}","templated":true}]}}