{"id":28876,"date":"2025-03-04T10:01:38","date_gmt":"2025-03-04T09:01:38","guid":{"rendered":"https:\/\/oller-pintures.c.wetopi.com\/?post_type=product&#038;p=28876"},"modified":"2025-03-04T11:15:44","modified_gmt":"2025-03-04T10:15:44","slug":"blatem-eco-air-fotocatalitica-4l-copia","status":"publish","type":"product","link":"https:\/\/ollerpintures.com\/es\/producto\/blatem-eco-air-fotocatalitica-4l-copia\/","title":{"rendered":"Blatem pl\u00e1stico mate interior verde chroma 4l"},"content":{"rendered":"<div class=\"n4sEPd\">\n<div class=\"QFw9Te BLojaf\">\n<div id=\"ow6\">\n<p>Blatem pl\u00e1stico mate interior Verde Chroma 4l: espec\u00edfico principalmente en la producci\u00f3n de v\u00eddeo y fotograf\u00eda para permitir la sustituci\u00f3n del fondo por cine y tv. Alta calidad.<\/p>\n<p>Pintura pl\u00e1stica mate verde Chroma tambi\u00e9n conocido como &#8220;green screen,&#8221; se utiliza principalmente en la producci\u00f3n de v\u00eddeo y fotograf\u00eda para permitir la sustituci\u00f3n del fondo. Esto se hace mediante una t\u00e9cnica llamada &#8220;chroma key,&#8221; donde el color verde (o azul) se hace transparente digitalmente, permitiendo que otro v\u00eddeo o imagen se ponga en su sitio.<\/p>\n<p>Esta t\u00e9cnica es muy popular en la industria del cine, televisi\u00f3n e incluso en la creaci\u00f3n de contenido para redes sociales. Por ejemplo, puede utilizarse para crear efectos especiales, como hacer que una persona parezca que est\u00e1 en un lugar ex\u00f3tico sin tener que viajar all\u00ed realmente.<\/p>\n<\/div>\n<\/div>\n<div class=\"DVHrxd\"><\/div>\n<\/div>\n<div class=\"QcsUad BDJ8fb BLojaf sMVRZe hCXDsb wneUed\">\n<div class=\"usGWQd\">\n<div class=\"KkbLmb\">\n<div class=\"lRu31\" dir=\"ltr\"><\/div>\n<\/div>\n<\/div>\n<\/div>\n","protected":false},"excerpt":{"rendered":"<p>Blatem pl\u00e1stico mate interior Verde Chroma 4l: espec\u00edfico principalmente en la producci\u00f3n de v\u00eddeo y fotograf\u00eda para permitir la sustituci\u00f3n del fondo por cine y &#8230; <\/p>\n<p class=\"read-more-container\"><a title=\"Blatem pl\u00e1stico mate interior verde chroma 4l\" class=\"read-more button\" href=\"https:\/\/ollerpintures.com\/es\/producto\/blatem-eco-air-fotocatalitica-4l-copia\/#more-28876\" aria-label=\"Leer m\u00e1s sobre Blatem pl\u00e1stico mate interior verde chroma 4l\">Leer m\u00e1s<\/a><\/p>\n","protected":false},"featured_media":28882,"template":"","meta":{"_acf_changed":false},"pwb-brand":[786],"product_brand":[],"product_cat":[2134,201,854],"product_tag":[2135,213,2136],"class_list":{"0":"post-28876","1":"product","2":"type-product","3":"status-publish","4":"has-post-thumbnail","6":"pwb-brand-blatem-es","7":"product_cat-pintura-verde-chroma-green-screen","8":"product_cat-pintura-es","9":"product_cat-pinturas-especiales","10":"product_tag-green-screen-2","11":"product_tag-interior-es","12":"product_tag-produccion-de-video-i-fotografia","13":"no-featured-image-padding","14":"resize-featured-image","15":"sales-flash-overlay","16":"woocommerce-text-align-left","17":"woocommerce-image-align-center","18":"do-quantity-buttons","20":"first","21":"instock","22":"shipping-taxable","23":"purchasable","24":"product-type-simple"},"acf":[],"yoast_head":"<!-- This site is optimized with the Yoast SEO plugin v27.1.1 - https:\/\/yoast.com\/product\/yoast-seo-wordpress\/ -->\n<title>Blatem pl\u00e1stico mate interior verde chroma 4l - CIN Valentine - Oller Pinturas y revestimientos<\/title>\n<meta name=\"description\" content=\"Blatem pl\u00e1stico mate interior Verde Chroma 4l: espec\u00edfico principalmente en la producci\u00f3n de v\u00eddeo y fotograf\u00eda para permitir la sustituci\u00f3n del fondo por\" \/>\n<meta name=\"robots\" content=\"index, follow, max-snippet:-1, max-image-preview:large, max-video-preview:-1\" \/>\n<link rel=\"canonical\" href=\"https:\/\/ollerpintures.com\/es\/producto\/blatem-eco-air-fotocatalitica-4l-copia\/\" \/>\n<meta property=\"og:locale\" content=\"es_ES\" \/>\n<meta property=\"og:type\" content=\"article\" \/>\n<meta property=\"og:title\" content=\"Blatem pl\u00e1stico mate interior verde chroma 4l - CIN Valentine - Oller Pinturas y revestimientos\" \/>\n<meta property=\"og:description\" content=\"Blatem pl\u00e1stico mate interior Verde Chroma 4l: espec\u00edfico principalmente en la producci\u00f3n de v\u00eddeo y fotograf\u00eda para permitir la sustituci\u00f3n del fondo por\" \/>\n<meta property=\"og:url\" content=\"https:\/\/ollerpintures.com\/es\/producto\/blatem-eco-air-fotocatalitica-4l-copia\/\" \/>\n<meta property=\"og:site_name\" content=\"Oller Pinturas y revestimientos\" \/>\n<meta property=\"article:publisher\" content=\"https:\/\/www.facebook.com\/people\/Oller-Pintures\/100063652056709\/\" \/>\n<meta property=\"article:modified_time\" content=\"2025-03-04T10:15:44+00:00\" \/>\n<meta property=\"og:image\" content=\"https:\/\/ollerpintures.com\/wp-content\/uploads\/2025\/03\/Productes-WEB-E-Commerce-Oller-9.jpg\" \/>\n\t<meta property=\"og:image:width\" content=\"1080\" \/>\n\t<meta property=\"og:image:height\" content=\"1080\" \/>\n\t<meta property=\"og:image:type\" content=\"image\/jpeg\" \/>\n<meta name=\"twitter:card\" content=\"summary_large_image\" \/>\n<meta name=\"twitter:label1\" content=\"Tiempo de lectura\" \/>\n\t<meta name=\"twitter:data1\" content=\"1 minuto\" \/>\n<script type=\"application\/ld+json\" class=\"yoast-schema-graph\">{\"@context\":\"https:\/\/schema.org\",\"@graph\":[{\"@type\":\"WebPage\",\"@id\":\"https:\/\/ollerpintures.com\/es\/producto\/blatem-eco-air-fotocatalitica-4l-copia\/\",\"url\":\"https:\/\/ollerpintures.com\/es\/producto\/blatem-eco-air-fotocatalitica-4l-copia\/\",\"name\":\"Blatem pl\u00e1stico mate interior verde chroma 4l - CIN Valentine - Oller Pinturas y revestimientos\",\"isPartOf\":{\"@id\":\"https:\/\/ollerpintures.com\/es\/#website\"},\"primaryImageOfPage\":{\"@id\":\"https:\/\/ollerpintures.com\/es\/producto\/blatem-eco-air-fotocatalitica-4l-copia\/#primaryimage\"},\"image\":{\"@id\":\"https:\/\/ollerpintures.com\/es\/producto\/blatem-eco-air-fotocatalitica-4l-copia\/#primaryimage\"},\"thumbnailUrl\":\"https:\/\/ollerpintures.com\/wp-content\/uploads\/2025\/03\/Productes-WEB-E-Commerce-Oller-9.jpg\",\"datePublished\":\"2025-03-04T09:01:38+00:00\",\"dateModified\":\"2025-03-04T10:15:44+00:00\",\"description\":\"Blatem pl\u00e1stico mate interior Verde Chroma 4l: espec\u00edfico principalmente en la producci\u00f3n de v\u00eddeo y fotograf\u00eda para permitir la sustituci\u00f3n del fondo por\",\"breadcrumb\":{\"@id\":\"https:\/\/ollerpintures.com\/es\/producto\/blatem-eco-air-fotocatalitica-4l-copia\/#breadcrumb\"},\"inLanguage\":\"es\",\"potentialAction\":[{\"@type\":\"ReadAction\",\"target\":[\"https:\/\/ollerpintures.com\/es\/producto\/blatem-eco-air-fotocatalitica-4l-copia\/\"]}]},{\"@type\":\"ImageObject\",\"inLanguage\":\"es\",\"@id\":\"https:\/\/ollerpintures.com\/es\/producto\/blatem-eco-air-fotocatalitica-4l-copia\/#primaryimage\",\"url\":\"https:\/\/ollerpintures.com\/wp-content\/uploads\/2025\/03\/Productes-WEB-E-Commerce-Oller-9.jpg\",\"contentUrl\":\"https:\/\/ollerpintures.com\/wp-content\/uploads\/2025\/03\/Productes-WEB-E-Commerce-Oller-9.jpg\",\"width\":1080,\"height\":1080},{\"@type\":\"BreadcrumbList\",\"@id\":\"https:\/\/ollerpintures.com\/es\/producto\/blatem-eco-air-fotocatalitica-4l-copia\/#breadcrumb\",\"itemListElement\":[{\"@type\":\"ListItem\",\"position\":1,\"name\":\"Inici\",\"item\":\"https:\/\/ollerpintures.com\/es\/\"},{\"@type\":\"ListItem\",\"position\":2,\"name\":\"Tienda\",\"item\":\"https:\/\/ollerpintures.com\/es\/tienda\/\"},{\"@type\":\"ListItem\",\"position\":3,\"name\":\"Blatem pl\u00e1stico mate interior verde chroma 4l\"}]},{\"@type\":\"WebSite\",\"@id\":\"https:\/\/ollerpintures.com\/es\/#website\",\"url\":\"https:\/\/ollerpintures.com\/es\/\",\"name\":\"Oller Pinturas y Revestimientos\",\"description\":\"M\u00e1s de 50 a\u00f1os acompa\u00f1ando a profesionales y particulares con soluciones de pintura duraderas y sostenibles, seis tiendas de proximidad con servicio tintom\u00e9trico propio y un compromiso real con el oficio y las nuevas generaciones.\",\"publisher\":{\"@id\":\"https:\/\/ollerpintures.com\/es\/#organization\"},\"alternateName\":\"Oller Grup\",\"potentialAction\":[{\"@type\":\"SearchAction\",\"target\":{\"@type\":\"EntryPoint\",\"urlTemplate\":\"https:\/\/ollerpintures.com\/es\/?s={search_term_string}\"},\"query-input\":{\"@type\":\"PropertyValueSpecification\",\"valueRequired\":true,\"valueName\":\"search_term_string\"}}],\"inLanguage\":\"es\"},{\"@type\":\"Organization\",\"@id\":\"https:\/\/ollerpintures.com\/es\/#organization\",\"name\":\"Oller Pintures i Revestiments\",\"alternateName\":\"Oller Grup\",\"url\":\"https:\/\/ollerpintures.com\/es\/\",\"logo\":{\"@type\":\"ImageObject\",\"inLanguage\":\"es\",\"@id\":\"https:\/\/ollerpintures.com\/es\/#\/schema\/logo\/image\/\",\"url\":\"https:\/\/ollerpintures.com\/wp-content\/uploads\/2024\/05\/newLogo.png\",\"contentUrl\":\"https:\/\/ollerpintures.com\/wp-content\/uploads\/2024\/05\/newLogo.png\",\"width\":483,\"height\":244,\"caption\":\"Oller Pintures i Revestiments\"},\"image\":{\"@id\":\"https:\/\/ollerpintures.com\/es\/#\/schema\/logo\/image\/\"},\"sameAs\":[\"https:\/\/www.facebook.com\/people\/Oller-Pintures\/100063652056709\/\",\"https:\/\/www.instagram.com\/ollerpintures\/\",\"https:\/\/descriptor.es\/organization\/oller-grup\/\"]}]}<\/script>\n<!-- \/ Yoast SEO plugin. -->","yoast_head_json":{"title":"Blatem pl\u00e1stico mate interior verde chroma 4l - CIN Valentine - Oller Pinturas y revestimientos","description":"Blatem pl\u00e1stico mate interior Verde Chroma 4l: espec\u00edfico principalmente en la producci\u00f3n de v\u00eddeo y fotograf\u00eda para permitir la sustituci\u00f3n del fondo por","robots":{"index":"index","follow":"follow","max-snippet":"max-snippet:-1","max-image-preview":"max-image-preview:large","max-video-preview":"max-video-preview:-1"},"canonical":"https:\/\/ollerpintures.com\/es\/producto\/blatem-eco-air-fotocatalitica-4l-copia\/","og_locale":"es_ES","og_type":"article","og_title":"Blatem pl\u00e1stico mate interior verde chroma 4l - CIN Valentine - Oller Pinturas y revestimientos","og_description":"Blatem pl\u00e1stico mate interior Verde Chroma 4l: espec\u00edfico principalmente en la producci\u00f3n de v\u00eddeo y fotograf\u00eda para permitir la sustituci\u00f3n del fondo por","og_url":"https:\/\/ollerpintures.com\/es\/producto\/blatem-eco-air-fotocatalitica-4l-copia\/","og_site_name":"Oller Pinturas y revestimientos","article_publisher":"https:\/\/www.facebook.com\/people\/Oller-Pintures\/100063652056709\/","article_modified_time":"2025-03-04T10:15:44+00:00","og_image":[{"width":1080,"height":1080,"url":"https:\/\/ollerpintures.com\/wp-content\/uploads\/2025\/03\/Productes-WEB-E-Commerce-Oller-9.jpg","type":"image\/jpeg"}],"twitter_card":"summary_large_image","twitter_misc":{"Tiempo de lectura":"1 minuto"},"schema":{"@context":"https:\/\/schema.org","@graph":[{"@type":"WebPage","@id":"https:\/\/ollerpintures.com\/es\/producto\/blatem-eco-air-fotocatalitica-4l-copia\/","url":"https:\/\/ollerpintures.com\/es\/producto\/blatem-eco-air-fotocatalitica-4l-copia\/","name":"Blatem pl\u00e1stico mate interior verde chroma 4l - CIN Valentine - Oller Pinturas y revestimientos","isPartOf":{"@id":"https:\/\/ollerpintures.com\/es\/#website"},"primaryImageOfPage":{"@id":"https:\/\/ollerpintures.com\/es\/producto\/blatem-eco-air-fotocatalitica-4l-copia\/#primaryimage"},"image":{"@id":"https:\/\/ollerpintures.com\/es\/producto\/blatem-eco-air-fotocatalitica-4l-copia\/#primaryimage"},"thumbnailUrl":"https:\/\/ollerpintures.com\/wp-content\/uploads\/2025\/03\/Productes-WEB-E-Commerce-Oller-9.jpg","datePublished":"2025-03-04T09:01:38+00:00","dateModified":"2025-03-04T10:15:44+00:00","description":"Blatem pl\u00e1stico mate interior Verde Chroma 4l: espec\u00edfico principalmente en la producci\u00f3n de v\u00eddeo y fotograf\u00eda para permitir la sustituci\u00f3n del fondo por","breadcrumb":{"@id":"https:\/\/ollerpintures.com\/es\/producto\/blatem-eco-air-fotocatalitica-4l-copia\/#breadcrumb"},"inLanguage":"es","potentialAction":[{"@type":"ReadAction","target":["https:\/\/ollerpintures.com\/es\/producto\/blatem-eco-air-fotocatalitica-4l-copia\/"]}]},{"@type":"ImageObject","inLanguage":"es","@id":"https:\/\/ollerpintures.com\/es\/producto\/blatem-eco-air-fotocatalitica-4l-copia\/#primaryimage","url":"https:\/\/ollerpintures.com\/wp-content\/uploads\/2025\/03\/Productes-WEB-E-Commerce-Oller-9.jpg","contentUrl":"https:\/\/ollerpintures.com\/wp-content\/uploads\/2025\/03\/Productes-WEB-E-Commerce-Oller-9.jpg","width":1080,"height":1080},{"@type":"BreadcrumbList","@id":"https:\/\/ollerpintures.com\/es\/producto\/blatem-eco-air-fotocatalitica-4l-copia\/#breadcrumb","itemListElement":[{"@type":"ListItem","position":1,"name":"Inici","item":"https:\/\/ollerpintures.com\/es\/"},{"@type":"ListItem","position":2,"name":"Tienda","item":"https:\/\/ollerpintures.com\/es\/tienda\/"},{"@type":"ListItem","position":3,"name":"Blatem pl\u00e1stico mate interior verde chroma 4l"}]},{"@type":"WebSite","@id":"https:\/\/ollerpintures.com\/es\/#website","url":"https:\/\/ollerpintures.com\/es\/","name":"Oller Pinturas y Revestimientos","description":"M\u00e1s de 50 a\u00f1os acompa\u00f1ando a profesionales y particulares con soluciones de pintura duraderas y sostenibles, seis tiendas de proximidad con servicio tintom\u00e9trico propio y un compromiso real con el oficio y las nuevas generaciones.","publisher":{"@id":"https:\/\/ollerpintures.com\/es\/#organization"},"alternateName":"Oller Grup","potentialAction":[{"@type":"SearchAction","target":{"@type":"EntryPoint","urlTemplate":"https:\/\/ollerpintures.com\/es\/?s={search_term_string}"},"query-input":{"@type":"PropertyValueSpecification","valueRequired":true,"valueName":"search_term_string"}}],"inLanguage":"es"},{"@type":"Organization","@id":"https:\/\/ollerpintures.com\/es\/#organization","name":"Oller Pintures i Revestiments","alternateName":"Oller Grup","url":"https:\/\/ollerpintures.com\/es\/","logo":{"@type":"ImageObject","inLanguage":"es","@id":"https:\/\/ollerpintures.com\/es\/#\/schema\/logo\/image\/","url":"https:\/\/ollerpintures.com\/wp-content\/uploads\/2024\/05\/newLogo.png","contentUrl":"https:\/\/ollerpintures.com\/wp-content\/uploads\/2024\/05\/newLogo.png","width":483,"height":244,"caption":"Oller Pintures i Revestiments"},"image":{"@id":"https:\/\/ollerpintures.com\/es\/#\/schema\/logo\/image\/"},"sameAs":["https:\/\/www.facebook.com\/people\/Oller-Pintures\/100063652056709\/","https:\/\/www.instagram.com\/ollerpintures\/","https:\/\/descriptor.es\/organization\/oller-grup\/"]}]}},"brands":[{"id":786,"name":"Blatem","slug":"blatem-es"}],"_links":{"self":[{"href":"https:\/\/ollerpintures.com\/es\/wp-json\/wp\/v2\/product\/28876","targetHints":{"allow":["GET"]}}],"collection":[{"href":"https:\/\/ollerpintures.com\/es\/wp-json\/wp\/v2\/product"}],"about":[{"href":"https:\/\/ollerpintures.com\/es\/wp-json\/wp\/v2\/types\/product"}],"wp:featuredmedia":[{"embeddable":true,"href":"https:\/\/ollerpintures.com\/es\/wp-json\/wp\/v2\/media\/28882"}],"wp:attachment":[{"href":"https:\/\/ollerpintures.com\/es\/wp-json\/wp\/v2\/media?parent=28876"}],"wp:term":[{"taxonomy":"pwb-brand","embeddable":true,"href":"https:\/\/ollerpintures.com\/es\/wp-json\/wp\/v2\/pwb-brand?post=28876"},{"taxonomy":"product_brand","embeddable":true,"href":"https:\/\/ollerpintures.com\/es\/wp-json\/wp\/v2\/product_brand?post=28876"},{"taxonomy":"product_cat","embeddable":true,"href":"https:\/\/ollerpintures.com\/es\/wp-json\/wp\/v2\/product_cat?post=28876"},{"taxonomy":"product_tag","embeddable":true,"href":"https:\/\/ollerpintures.com\/es\/wp-json\/wp\/v2\/product_tag?post=28876"}],"curies":[{"name":"wp","href":"https:\/\/api.w.org\/{rel}","templated":true}]}}