{"id":27797,"date":"2024-11-13T10:45:56","date_gmt":"2024-11-13T09:45:56","guid":{"rendered":"https:\/\/oller-pintures.c.wetopi.com\/?post_type=product&#038;p=27797"},"modified":"2024-11-20T11:18:12","modified_gmt":"2024-11-20T10:18:12","slug":"valentine-profesional-pintura-al-agua-a10-4l-copia","status":"publish","type":"product","link":"https:\/\/ollerpintures.com\/es\/producto\/valentine-profesional-pintura-al-agua-a10-4l-copia\/","title":{"rendered":"Blatem Eco Air fotocat\u00e1litica 4L"},"content":{"rendered":"<div class=\"n4sEPd\">\n<div class=\"QFw9Te BLojaf\">\n<div id=\"ow6\"><\/div>\n<\/div>\n<div class=\"DVHrxd\">\n<div class=\"VfPpkd-Bz112c-Jh9lGc\"><\/div>\n<p><span data-is-tooltip-wrapper=\"true\"><button class=\"VfPpkd-Bz112c-LgbsSe VfPpkd-Bz112c-LgbsSe-OWXEXe-e5LLRc-SxQuSe yHy1rc eT1oJ mN1ivc ZihNHd GA2I6e\" data-disable-idom=\"true\" aria-label=\"Esborra el text d'origen\" data-tooltip-enabled=\"true\" data-tooltip-id=\"tt-c44\"><i class=\"material-icons-extended notranslate VfPpkd-kBDsod\" lang=\"\" aria-hidden=\"true\">clear<\/i><\/button><\/span><\/p>\n<div class=\"VfPpkd-Bz112c-RLmnJb\"><\/div>\n<div id=\"tt-c44\" class=\"EY8ABd-OWXEXe-TAWMXe\" role=\"tooltip\" aria-hidden=\"true\"><\/div>\n<\/div>\n<div class=\"UdTY9 BwTYAc leDWne\" aria-hidden=\"true\" data-location=\"1\">\n<div class=\"kO6q6e\"><\/div>\n<\/div>\n<div><\/div>\n<div class=\"ebT7ne sMVRZe\">\n<div class=\"F0pQVc\"><\/div>\n<\/div>\n<div class=\"FFpbKc\">\n<div class=\"xMmqsf\">\n<div>\n<div class=\"VfPpkd-Bz112c-Jh9lGc\"><\/div>\n<div class=\"VfPpkd-Bz112c-RLmnJb\"><\/div>\n<div id=\"tt-c9\" class=\"EY8ABd-OWXEXe-TAWMXe\" role=\"tooltip\" aria-hidden=\"true\"><\/div>\n<\/div>\n<div class=\"r375lc\">\n<div class=\"aJIq1d\" dir=\"ltr\" data-language-code=\"es\" data-language-name=\"castell\u00e0\" data-text=\"\" data-crosslingual-hint=\"undefined\" data-location=\"1\" data-enable-toggle-playback-speed=\"true\">\n<div class=\"m0Qfkd\">\n<div class=\"VfPpkd-Bz112c-Jh9lGc\"><\/div>\n<div class=\"VfPpkd-Bz112c-RLmnJb\"><\/div>\n<div id=\"ucj-11\" class=\"EY8ABd-OWXEXe-TAWMXe\" role=\"tooltip\" aria-hidden=\"true\"><\/div>\n<\/div>\n<\/div>\n<\/div>\n<p><span class=\"ZTPlmc\" dir=\"ltr\" role=\"img\" aria-label=\"Car\u00e0cters utilitzats: 381 de 5.000\">381\u00a0\/\u00a05.000<\/span><\/p>\n<div class=\"nidPne\">\n<div data-show-delay-ms=\"250\" data-append-to-body=\"true\" data-propagate-tooltip-mouseover-events=\"true\" data-anchor-corner=\"bottom-left\" data-enable-skip-handler=\"true\" data-popup-corner=\"top-left\">\n<div class=\"dig2sb\">\n<div class=\"scLCMd\">\n<div>\n<div class=\"goog-container goog-container-vertical\" tabindex=\"-1\"><\/div>\n<\/div>\n<\/div>\n<\/div>\n<\/div>\n<\/div>\n<\/div>\n<\/div>\n<\/div>\n<h2 id=\"ucj-12\" class=\"oBOnKe\">Resultats de traducci\u00f3<\/h2>\n<div class=\"QcsUad BDJ8fb BLojaf sMVRZe hCXDsb wneUed\">\n<h3 class=\"oBOnKe\">Resultat de traducci\u00f3<\/h3>\n<div class=\"usGWQd\">\n<div class=\"KkbLmb\">\n<div class=\"lRu31\" dir=\"ltr\"><span class=\"HwtZe\" lang=\"es\"><span class=\"jCAhz ChMk0b\"><span class=\"ryNqvb\">Blatem Eco Air fotocat\u00e1lica 4l &#8211; espec\u00edfico para superficies interiores.<\/span><\/span> <span class=\"jCAhz ChMk0b\"><span class=\"ryNqvb\">Acabado de excelente calidad. <\/span><\/span><span class=\"jCAhz\"><span class=\"ryNqvb\">Caracter\u00edsticas: <\/span><\/span><span class=\"jCAhz ChMk0b\"><span class=\"ryNqvb\">Pintura pl\u00e1stica mate sin olor para interiores, desarrollada para reducir las sustancias nocivas del ambiente, con la \u00faltima tecnolog\u00eda en pinturas por fotocat\u00e1lisis.<\/span><\/span> <span class=\"jCAhz ChMk0b\"><span class=\"ryNqvb\">Su formulaci\u00f3n sin olor permite ocupar las habitaciones el mismo d\u00eda. <\/span><\/span><span class=\"jCAhz ChMk0b\"><span class=\"ryNqvb\">Acabado: Mate<\/span><\/span><\/span><\/div>\n<\/div>\n<\/div>\n<\/div>\n","protected":false},"excerpt":{"rendered":"<p>clear 381\u00a0\/\u00a05.000 Resultats de traducci\u00f3 Resultat de traducci\u00f3 Blatem Eco Air fotocat\u00e1lica 4l &#8211; espec\u00edfico para superficies interiores. Acabado de excelente calidad. Caracter\u00edsticas: Pintura pl\u00e1stica &#8230; <\/p>\n<p class=\"read-more-container\"><a title=\"Blatem Eco Air fotocat\u00e1litica 4L\" class=\"read-more button\" href=\"https:\/\/ollerpintures.com\/es\/producto\/valentine-profesional-pintura-al-agua-a10-4l-copia\/#more-27797\" aria-label=\"Leer m\u00e1s sobre Blatem Eco Air fotocat\u00e1litica 4L\">Leer m\u00e1s<\/a><\/p>\n","protected":false},"featured_media":27819,"template":"","meta":{"_acf_changed":false},"pwb-brand":[786],"product_brand":[],"product_cat":[201,206,852,853],"product_tag":[214,2117,213],"class_list":{"0":"post-27797","1":"product","2":"type-product","3":"status-publish","4":"has-post-thumbnail","6":"pwb-brand-blatem-es","7":"product_cat-pintura-es","8":"product_cat-interior","9":"product_cat-pintura-ecologica-es","10":"product_cat-pintura-para-interior-blanca","11":"product_tag-exterior-es","12":"product_tag-fotocatalitica-2","13":"product_tag-interior-es","14":"no-featured-image-padding","15":"resize-featured-image","16":"sales-flash-overlay","17":"woocommerce-text-align-left","18":"woocommerce-image-align-center","19":"do-quantity-buttons","21":"first","22":"instock","23":"shipping-taxable","24":"purchasable","25":"product-type-simple"},"acf":[],"yoast_head":"<!-- This site is optimized with the Yoast SEO plugin v27.1.1 - https:\/\/yoast.com\/product\/yoast-seo-wordpress\/ -->\n<title>Blatem Eco Air fotocat\u00e1litica 4L - CIN Valentine - Oller Pinturas y revestimientos<\/title>\n<meta name=\"description\" content=\"Valentine profesional pintura al agua exterior en formato 4 litros espec\u00edfica para superficies interiores y exteriores, para acabados de excelente calidad.\" \/>\n<meta name=\"robots\" content=\"index, follow, max-snippet:-1, max-image-preview:large, max-video-preview:-1\" \/>\n<link rel=\"canonical\" href=\"https:\/\/ollerpintures.com\/es\/producto\/valentine-profesional-pintura-al-agua-a10-4l-copia\/\" \/>\n<meta property=\"og:locale\" content=\"es_ES\" \/>\n<meta property=\"og:type\" content=\"article\" \/>\n<meta property=\"og:title\" content=\"Blatem Eco Air fotocat\u00e1litica 4L - CIN Valentine - Oller Pinturas y revestimientos\" \/>\n<meta property=\"og:description\" content=\"Valentine profesional pintura al agua exterior en formato 4 litros espec\u00edfica para superficies interiores y exteriores, para acabados de excelente calidad.\" \/>\n<meta property=\"og:url\" content=\"https:\/\/ollerpintures.com\/es\/producto\/valentine-profesional-pintura-al-agua-a10-4l-copia\/\" \/>\n<meta property=\"og:site_name\" content=\"Oller Pinturas y revestimientos\" \/>\n<meta property=\"article:publisher\" content=\"https:\/\/www.facebook.com\/people\/Oller-Pintures\/100063652056709\/\" \/>\n<meta property=\"article:modified_time\" content=\"2024-11-20T10:18:12+00:00\" \/>\n<meta property=\"og:image\" content=\"https:\/\/ollerpintures.com\/wp-content\/uploads\/2024\/11\/eco_air_fotocatalitica_blatem_4l.jpg\" \/>\n\t<meta property=\"og:image:width\" content=\"1080\" \/>\n\t<meta property=\"og:image:height\" content=\"1080\" \/>\n\t<meta property=\"og:image:type\" content=\"image\/jpeg\" \/>\n<meta name=\"twitter:card\" content=\"summary_large_image\" \/>\n<meta name=\"twitter:label1\" content=\"Tiempo de lectura\" \/>\n\t<meta name=\"twitter:data1\" content=\"1 minuto\" \/>\n<script type=\"application\/ld+json\" class=\"yoast-schema-graph\">{\"@context\":\"https:\/\/schema.org\",\"@graph\":[{\"@type\":\"WebPage\",\"@id\":\"https:\/\/ollerpintures.com\/es\/producto\/valentine-profesional-pintura-al-agua-a10-4l-copia\/\",\"url\":\"https:\/\/ollerpintures.com\/es\/producto\/valentine-profesional-pintura-al-agua-a10-4l-copia\/\",\"name\":\"Blatem Eco Air fotocat\u00e1litica 4L - CIN Valentine - Oller Pinturas y revestimientos\",\"isPartOf\":{\"@id\":\"https:\/\/ollerpintures.com\/es\/#website\"},\"primaryImageOfPage\":{\"@id\":\"https:\/\/ollerpintures.com\/es\/producto\/valentine-profesional-pintura-al-agua-a10-4l-copia\/#primaryimage\"},\"image\":{\"@id\":\"https:\/\/ollerpintures.com\/es\/producto\/valentine-profesional-pintura-al-agua-a10-4l-copia\/#primaryimage\"},\"thumbnailUrl\":\"https:\/\/ollerpintures.com\/wp-content\/uploads\/2024\/11\/eco_air_fotocatalitica_blatem_4l.jpg\",\"datePublished\":\"2024-11-13T09:45:56+00:00\",\"dateModified\":\"2024-11-20T10:18:12+00:00\",\"description\":\"Valentine profesional pintura al agua exterior en formato 4 litros espec\u00edfica para superficies interiores y exteriores, para acabados de excelente calidad.\",\"breadcrumb\":{\"@id\":\"https:\/\/ollerpintures.com\/es\/producto\/valentine-profesional-pintura-al-agua-a10-4l-copia\/#breadcrumb\"},\"inLanguage\":\"es\",\"potentialAction\":[{\"@type\":\"ReadAction\",\"target\":[\"https:\/\/ollerpintures.com\/es\/producto\/valentine-profesional-pintura-al-agua-a10-4l-copia\/\"]}]},{\"@type\":\"ImageObject\",\"inLanguage\":\"es\",\"@id\":\"https:\/\/ollerpintures.com\/es\/producto\/valentine-profesional-pintura-al-agua-a10-4l-copia\/#primaryimage\",\"url\":\"https:\/\/ollerpintures.com\/wp-content\/uploads\/2024\/11\/eco_air_fotocatalitica_blatem_4l.jpg\",\"contentUrl\":\"https:\/\/ollerpintures.com\/wp-content\/uploads\/2024\/11\/eco_air_fotocatalitica_blatem_4l.jpg\",\"width\":1080,\"height\":1080,\"caption\":\"Pintura pl\u00e0stica mat sense olor per a interiors, desenvolupada per reduir les subst\u00e0ncies nocives de l'ambient, amb la darrera tecnologia en pintures per fotocat\u00e0lisi. La seva formulaci\u00f3 sense olor permet ocupar les habitacions el mateix dia.\"},{\"@type\":\"BreadcrumbList\",\"@id\":\"https:\/\/ollerpintures.com\/es\/producto\/valentine-profesional-pintura-al-agua-a10-4l-copia\/#breadcrumb\",\"itemListElement\":[{\"@type\":\"ListItem\",\"position\":1,\"name\":\"Inici\",\"item\":\"https:\/\/ollerpintures.com\/es\/\"},{\"@type\":\"ListItem\",\"position\":2,\"name\":\"Tienda\",\"item\":\"https:\/\/ollerpintures.com\/es\/tienda\/\"},{\"@type\":\"ListItem\",\"position\":3,\"name\":\"Blatem Eco Air fotocat\u00e1litica 4L\"}]},{\"@type\":\"WebSite\",\"@id\":\"https:\/\/ollerpintures.com\/es\/#website\",\"url\":\"https:\/\/ollerpintures.com\/es\/\",\"name\":\"Oller Pinturas y Revestimientos\",\"description\":\"M\u00e1s de 50 a\u00f1os acompa\u00f1ando a profesionales y particulares con soluciones de pintura duraderas y sostenibles, seis tiendas de proximidad con servicio tintom\u00e9trico propio y un compromiso real con el oficio y las nuevas generaciones.\",\"publisher\":{\"@id\":\"https:\/\/ollerpintures.com\/es\/#organization\"},\"alternateName\":\"Oller Grup\",\"potentialAction\":[{\"@type\":\"SearchAction\",\"target\":{\"@type\":\"EntryPoint\",\"urlTemplate\":\"https:\/\/ollerpintures.com\/es\/?s={search_term_string}\"},\"query-input\":{\"@type\":\"PropertyValueSpecification\",\"valueRequired\":true,\"valueName\":\"search_term_string\"}}],\"inLanguage\":\"es\"},{\"@type\":\"Organization\",\"@id\":\"https:\/\/ollerpintures.com\/es\/#organization\",\"name\":\"Oller Pintures i Revestiments\",\"alternateName\":\"Oller Grup\",\"url\":\"https:\/\/ollerpintures.com\/es\/\",\"logo\":{\"@type\":\"ImageObject\",\"inLanguage\":\"es\",\"@id\":\"https:\/\/ollerpintures.com\/es\/#\/schema\/logo\/image\/\",\"url\":\"https:\/\/ollerpintures.com\/wp-content\/uploads\/2024\/05\/newLogo.png\",\"contentUrl\":\"https:\/\/ollerpintures.com\/wp-content\/uploads\/2024\/05\/newLogo.png\",\"width\":483,\"height\":244,\"caption\":\"Oller Pintures i Revestiments\"},\"image\":{\"@id\":\"https:\/\/ollerpintures.com\/es\/#\/schema\/logo\/image\/\"},\"sameAs\":[\"https:\/\/www.facebook.com\/people\/Oller-Pintures\/100063652056709\/\",\"https:\/\/www.instagram.com\/ollerpintures\/\",\"https:\/\/descriptor.es\/organization\/oller-grup\/\"]}]}<\/script>\n<!-- \/ Yoast SEO plugin. -->","yoast_head_json":{"title":"Blatem Eco Air fotocat\u00e1litica 4L - CIN Valentine - Oller Pinturas y revestimientos","description":"Valentine profesional pintura al agua exterior en formato 4 litros espec\u00edfica para superficies interiores y exteriores, para acabados de excelente calidad.","robots":{"index":"index","follow":"follow","max-snippet":"max-snippet:-1","max-image-preview":"max-image-preview:large","max-video-preview":"max-video-preview:-1"},"canonical":"https:\/\/ollerpintures.com\/es\/producto\/valentine-profesional-pintura-al-agua-a10-4l-copia\/","og_locale":"es_ES","og_type":"article","og_title":"Blatem Eco Air fotocat\u00e1litica 4L - CIN Valentine - Oller Pinturas y revestimientos","og_description":"Valentine profesional pintura al agua exterior en formato 4 litros espec\u00edfica para superficies interiores y exteriores, para acabados de excelente calidad.","og_url":"https:\/\/ollerpintures.com\/es\/producto\/valentine-profesional-pintura-al-agua-a10-4l-copia\/","og_site_name":"Oller Pinturas y revestimientos","article_publisher":"https:\/\/www.facebook.com\/people\/Oller-Pintures\/100063652056709\/","article_modified_time":"2024-11-20T10:18:12+00:00","og_image":[{"width":1080,"height":1080,"url":"https:\/\/ollerpintures.com\/wp-content\/uploads\/2024\/11\/eco_air_fotocatalitica_blatem_4l.jpg","type":"image\/jpeg"}],"twitter_card":"summary_large_image","twitter_misc":{"Tiempo de lectura":"1 minuto"},"schema":{"@context":"https:\/\/schema.org","@graph":[{"@type":"WebPage","@id":"https:\/\/ollerpintures.com\/es\/producto\/valentine-profesional-pintura-al-agua-a10-4l-copia\/","url":"https:\/\/ollerpintures.com\/es\/producto\/valentine-profesional-pintura-al-agua-a10-4l-copia\/","name":"Blatem Eco Air fotocat\u00e1litica 4L - CIN Valentine - Oller Pinturas y revestimientos","isPartOf":{"@id":"https:\/\/ollerpintures.com\/es\/#website"},"primaryImageOfPage":{"@id":"https:\/\/ollerpintures.com\/es\/producto\/valentine-profesional-pintura-al-agua-a10-4l-copia\/#primaryimage"},"image":{"@id":"https:\/\/ollerpintures.com\/es\/producto\/valentine-profesional-pintura-al-agua-a10-4l-copia\/#primaryimage"},"thumbnailUrl":"https:\/\/ollerpintures.com\/wp-content\/uploads\/2024\/11\/eco_air_fotocatalitica_blatem_4l.jpg","datePublished":"2024-11-13T09:45:56+00:00","dateModified":"2024-11-20T10:18:12+00:00","description":"Valentine profesional pintura al agua exterior en formato 4 litros espec\u00edfica para superficies interiores y exteriores, para acabados de excelente calidad.","breadcrumb":{"@id":"https:\/\/ollerpintures.com\/es\/producto\/valentine-profesional-pintura-al-agua-a10-4l-copia\/#breadcrumb"},"inLanguage":"es","potentialAction":[{"@type":"ReadAction","target":["https:\/\/ollerpintures.com\/es\/producto\/valentine-profesional-pintura-al-agua-a10-4l-copia\/"]}]},{"@type":"ImageObject","inLanguage":"es","@id":"https:\/\/ollerpintures.com\/es\/producto\/valentine-profesional-pintura-al-agua-a10-4l-copia\/#primaryimage","url":"https:\/\/ollerpintures.com\/wp-content\/uploads\/2024\/11\/eco_air_fotocatalitica_blatem_4l.jpg","contentUrl":"https:\/\/ollerpintures.com\/wp-content\/uploads\/2024\/11\/eco_air_fotocatalitica_blatem_4l.jpg","width":1080,"height":1080,"caption":"Pintura pl\u00e0stica mat sense olor per a interiors, desenvolupada per reduir les subst\u00e0ncies nocives de l'ambient, amb la darrera tecnologia en pintures per fotocat\u00e0lisi. La seva formulaci\u00f3 sense olor permet ocupar les habitacions el mateix dia."},{"@type":"BreadcrumbList","@id":"https:\/\/ollerpintures.com\/es\/producto\/valentine-profesional-pintura-al-agua-a10-4l-copia\/#breadcrumb","itemListElement":[{"@type":"ListItem","position":1,"name":"Inici","item":"https:\/\/ollerpintures.com\/es\/"},{"@type":"ListItem","position":2,"name":"Tienda","item":"https:\/\/ollerpintures.com\/es\/tienda\/"},{"@type":"ListItem","position":3,"name":"Blatem Eco Air fotocat\u00e1litica 4L"}]},{"@type":"WebSite","@id":"https:\/\/ollerpintures.com\/es\/#website","url":"https:\/\/ollerpintures.com\/es\/","name":"Oller Pinturas y Revestimientos","description":"M\u00e1s de 50 a\u00f1os acompa\u00f1ando a profesionales y particulares con soluciones de pintura duraderas y sostenibles, seis tiendas de proximidad con servicio tintom\u00e9trico propio y un compromiso real con el oficio y las nuevas generaciones.","publisher":{"@id":"https:\/\/ollerpintures.com\/es\/#organization"},"alternateName":"Oller Grup","potentialAction":[{"@type":"SearchAction","target":{"@type":"EntryPoint","urlTemplate":"https:\/\/ollerpintures.com\/es\/?s={search_term_string}"},"query-input":{"@type":"PropertyValueSpecification","valueRequired":true,"valueName":"search_term_string"}}],"inLanguage":"es"},{"@type":"Organization","@id":"https:\/\/ollerpintures.com\/es\/#organization","name":"Oller Pintures i Revestiments","alternateName":"Oller Grup","url":"https:\/\/ollerpintures.com\/es\/","logo":{"@type":"ImageObject","inLanguage":"es","@id":"https:\/\/ollerpintures.com\/es\/#\/schema\/logo\/image\/","url":"https:\/\/ollerpintures.com\/wp-content\/uploads\/2024\/05\/newLogo.png","contentUrl":"https:\/\/ollerpintures.com\/wp-content\/uploads\/2024\/05\/newLogo.png","width":483,"height":244,"caption":"Oller Pintures i Revestiments"},"image":{"@id":"https:\/\/ollerpintures.com\/es\/#\/schema\/logo\/image\/"},"sameAs":["https:\/\/www.facebook.com\/people\/Oller-Pintures\/100063652056709\/","https:\/\/www.instagram.com\/ollerpintures\/","https:\/\/descriptor.es\/organization\/oller-grup\/"]}]}},"brands":[{"id":786,"name":"Blatem","slug":"blatem-es"}],"_links":{"self":[{"href":"https:\/\/ollerpintures.com\/es\/wp-json\/wp\/v2\/product\/27797","targetHints":{"allow":["GET"]}}],"collection":[{"href":"https:\/\/ollerpintures.com\/es\/wp-json\/wp\/v2\/product"}],"about":[{"href":"https:\/\/ollerpintures.com\/es\/wp-json\/wp\/v2\/types\/product"}],"wp:featuredmedia":[{"embeddable":true,"href":"https:\/\/ollerpintures.com\/es\/wp-json\/wp\/v2\/media\/27819"}],"wp:attachment":[{"href":"https:\/\/ollerpintures.com\/es\/wp-json\/wp\/v2\/media?parent=27797"}],"wp:term":[{"taxonomy":"pwb-brand","embeddable":true,"href":"https:\/\/ollerpintures.com\/es\/wp-json\/wp\/v2\/pwb-brand?post=27797"},{"taxonomy":"product_brand","embeddable":true,"href":"https:\/\/ollerpintures.com\/es\/wp-json\/wp\/v2\/product_brand?post=27797"},{"taxonomy":"product_cat","embeddable":true,"href":"https:\/\/ollerpintures.com\/es\/wp-json\/wp\/v2\/product_cat?post=27797"},{"taxonomy":"product_tag","embeddable":true,"href":"https:\/\/ollerpintures.com\/es\/wp-json\/wp\/v2\/product_tag?post=27797"}],"curies":[{"name":"wp","href":"https:\/\/api.w.org\/{rel}","templated":true}]}}