{"id":27760,"date":"2024-10-24T08:22:47","date_gmt":"2024-10-24T07:22:47","guid":{"rendered":"https:\/\/oller-pintures.c.wetopi.com\/?post_type=product&#038;p=27760"},"modified":"2026-04-14T14:00:29","modified_gmt":"2026-04-14T13:00:29","slug":"valentine-valon-pro-600-blanco-15l-y-llevate-el-rodillo-antigota-22cm-zenko-de-regalo-copia","status":"publish","type":"product","link":"https:\/\/ollerpintures.com\/es\/producto\/valentine-valon-pro-600-blanco-15l-y-llevate-el-rodillo-antigota-22cm-zenko-de-regalo-copia\/","title":{"rendered":"VALENTINE Val\u00f3n Pro 600 Blanco 15L \u00a1Y ll\u00e9vate EL RODILLO ANTIGOTA 22CM ZENKO DE REGALO!"},"content":{"rendered":"<p>Pintura Valentine Val\u00f3n Pro 600Blanco 15l &#8211; Pintura en el agua blanca de m\u00e1xima opacidad para interiores y exteriores con un buen comportamiento frente a peque\u00f1as reparaciones y retoques.<\/p>\n<p>Caracter\u00edsticas:<br \/>Excelente opacidad<br \/>Buen comportamiento frente a retoques y recortes<br \/>Buena aplicabilidad y rentabilidad<br \/>Pel\u00edcula resistente a la aparici\u00f3n de hongos y algas<\/p>\n","protected":false},"excerpt":{"rendered":"<p><br data-mce-bogus=\"1\"><\/p>\n","protected":false},"featured_media":27458,"template":"","meta":{"_acf_changed":false},"pwb-brand":[],"product_brand":[],"product_cat":[201,202,206,853,220],"product_tag":[2111,2112,2110],"class_list":{"0":"post-27760","1":"product","2":"type-product","3":"status-publish","4":"has-post-thumbnail","6":"product_cat-pintura-es","7":"product_cat-pintura-exterior","8":"product_cat-interior","9":"product_cat-pintura-para-interior-blanca","10":"product_cat-productos-outlet","11":"product_tag-interior-y-exterior","12":"product_tag-opacidad","13":"product_tag-pintura-plastica-2","14":"no-featured-image-padding","15":"resize-featured-image","16":"sales-flash-overlay","17":"woocommerce-text-align-left","18":"woocommerce-image-align-center","19":"do-quantity-buttons","21":"first","22":"instock","23":"shipping-taxable","24":"purchasable","25":"product-type-simple"},"acf":[],"yoast_head":"<!-- This site is optimized with the Yoast SEO plugin v27.1.1 - https:\/\/yoast.com\/product\/yoast-seo-wordpress\/ -->\n<title>VALENTINE Val\u00f3n Pro 600 Blanco 15L + RODILLO ANTIGOTA ZENKO - Oller Pinturas y revestimientos<\/title>\n<meta name=\"description\" content=\"Compra pinturas VALENTINE Val\u00f3n Pro 600 Blanco 15L y ll\u00e9vate un RODILLO ANTIGOTEO ZENKO de 22cm, con la garant\u00eda de Oller Pinturas y Revestimientos.\" \/>\n<meta name=\"robots\" content=\"index, follow, max-snippet:-1, max-image-preview:large, max-video-preview:-1\" \/>\n<link rel=\"canonical\" href=\"https:\/\/ollerpintures.com\/es\/producto\/valentine-valon-pro-600-blanco-15l-y-llevate-el-rodillo-antigota-22cm-zenko-de-regalo-copia\/\" \/>\n<meta property=\"og:locale\" content=\"es_ES\" \/>\n<meta property=\"og:type\" content=\"article\" \/>\n<meta property=\"og:title\" content=\"VALENTINE Val\u00f3n Pro 600 Blanco 15L + RODILLO ANTIGOTA ZENKO - Oller Pinturas y revestimientos\" \/>\n<meta property=\"og:description\" content=\"Compra pinturas VALENTINE Val\u00f3n Pro 600 Blanco 15L y ll\u00e9vate un RODILLO ANTIGOTEO ZENKO de 22cm, con la garant\u00eda de Oller Pinturas y Revestimientos.\" \/>\n<meta property=\"og:url\" content=\"https:\/\/ollerpintures.com\/es\/producto\/valentine-valon-pro-600-blanco-15l-y-llevate-el-rodillo-antigota-22cm-zenko-de-regalo-copia\/\" \/>\n<meta property=\"og:site_name\" content=\"Oller Pinturas y revestimientos\" \/>\n<meta property=\"article:publisher\" content=\"https:\/\/www.facebook.com\/people\/Oller-Pintures\/100063652056709\/\" \/>\n<meta property=\"article:modified_time\" content=\"2026-04-14T13:00:29+00:00\" \/>\n<meta property=\"og:image\" content=\"https:\/\/ollerpintures.com\/wp-content\/uploads\/2024\/08\/valentine_valon_pro_600_blanco_oferta.jpg\" \/>\n\t<meta property=\"og:image:width\" content=\"1080\" \/>\n\t<meta property=\"og:image:height\" content=\"1080\" \/>\n\t<meta property=\"og:image:type\" content=\"image\/jpeg\" \/>\n<meta name=\"twitter:card\" content=\"summary_large_image\" \/>\n<meta name=\"twitter:label1\" content=\"Tiempo de lectura\" \/>\n\t<meta name=\"twitter:data1\" content=\"1 minuto\" \/>\n<script type=\"application\/ld+json\" class=\"yoast-schema-graph\">{\"@context\":\"https:\/\/schema.org\",\"@graph\":[{\"@type\":\"WebPage\",\"@id\":\"https:\/\/ollerpintures.com\/es\/producto\/valentine-valon-pro-600-blanco-15l-y-llevate-el-rodillo-antigota-22cm-zenko-de-regalo-copia\/\",\"url\":\"https:\/\/ollerpintures.com\/es\/producto\/valentine-valon-pro-600-blanco-15l-y-llevate-el-rodillo-antigota-22cm-zenko-de-regalo-copia\/\",\"name\":\"VALENTINE Val\u00f3n Pro 600 Blanco 15L + RODILLO ANTIGOTA ZENKO - Oller Pinturas y revestimientos\",\"isPartOf\":{\"@id\":\"https:\/\/ollerpintures.com\/es\/#website\"},\"primaryImageOfPage\":{\"@id\":\"https:\/\/ollerpintures.com\/es\/producto\/valentine-valon-pro-600-blanco-15l-y-llevate-el-rodillo-antigota-22cm-zenko-de-regalo-copia\/#primaryimage\"},\"image\":{\"@id\":\"https:\/\/ollerpintures.com\/es\/producto\/valentine-valon-pro-600-blanco-15l-y-llevate-el-rodillo-antigota-22cm-zenko-de-regalo-copia\/#primaryimage\"},\"thumbnailUrl\":\"https:\/\/ollerpintures.com\/wp-content\/uploads\/2024\/08\/valentine_valon_pro_600_blanco_oferta.jpg\",\"datePublished\":\"2024-10-24T07:22:47+00:00\",\"dateModified\":\"2026-04-14T13:00:29+00:00\",\"description\":\"Compra pinturas VALENTINE Val\u00f3n Pro 600 Blanco 15L y ll\u00e9vate un RODILLO ANTIGOTEO ZENKO de 22cm, con la garant\u00eda de Oller Pinturas y Revestimientos.\",\"breadcrumb\":{\"@id\":\"https:\/\/ollerpintures.com\/es\/producto\/valentine-valon-pro-600-blanco-15l-y-llevate-el-rodillo-antigota-22cm-zenko-de-regalo-copia\/#breadcrumb\"},\"inLanguage\":\"es\",\"potentialAction\":[{\"@type\":\"ReadAction\",\"target\":[\"https:\/\/ollerpintures.com\/es\/producto\/valentine-valon-pro-600-blanco-15l-y-llevate-el-rodillo-antigota-22cm-zenko-de-regalo-copia\/\"]}]},{\"@type\":\"ImageObject\",\"inLanguage\":\"es\",\"@id\":\"https:\/\/ollerpintures.com\/es\/producto\/valentine-valon-pro-600-blanco-15l-y-llevate-el-rodillo-antigota-22cm-zenko-de-regalo-copia\/#primaryimage\",\"url\":\"https:\/\/ollerpintures.com\/wp-content\/uploads\/2024\/08\/valentine_valon_pro_600_blanco_oferta.jpg\",\"contentUrl\":\"https:\/\/ollerpintures.com\/wp-content\/uploads\/2024\/08\/valentine_valon_pro_600_blanco_oferta.jpg\",\"width\":1080,\"height\":1080,\"caption\":\"valentine valon pro 600 blanco\"},{\"@type\":\"BreadcrumbList\",\"@id\":\"https:\/\/ollerpintures.com\/es\/producto\/valentine-valon-pro-600-blanco-15l-y-llevate-el-rodillo-antigota-22cm-zenko-de-regalo-copia\/#breadcrumb\",\"itemListElement\":[{\"@type\":\"ListItem\",\"position\":1,\"name\":\"Inici\",\"item\":\"https:\/\/ollerpintures.com\/es\/\"},{\"@type\":\"ListItem\",\"position\":2,\"name\":\"Tienda\",\"item\":\"https:\/\/ollerpintures.com\/es\/tienda\/\"},{\"@type\":\"ListItem\",\"position\":3,\"name\":\"VALENTINE Val\u00f3n Pro 600 Blanco 15L \u00a1Y ll\u00e9vate EL RODILLO ANTIGOTA 22CM ZENKO DE REGALO!\"}]},{\"@type\":\"WebSite\",\"@id\":\"https:\/\/ollerpintures.com\/es\/#website\",\"url\":\"https:\/\/ollerpintures.com\/es\/\",\"name\":\"Oller Pinturas y Revestimientos\",\"description\":\"M\u00e1s de 50 a\u00f1os acompa\u00f1ando a profesionales y particulares con soluciones de pintura duraderas y sostenibles, seis tiendas de proximidad con servicio tintom\u00e9trico propio y un compromiso real con el oficio y las nuevas generaciones.\",\"publisher\":{\"@id\":\"https:\/\/ollerpintures.com\/es\/#organization\"},\"alternateName\":\"Oller Grup\",\"potentialAction\":[{\"@type\":\"SearchAction\",\"target\":{\"@type\":\"EntryPoint\",\"urlTemplate\":\"https:\/\/ollerpintures.com\/es\/?s={search_term_string}\"},\"query-input\":{\"@type\":\"PropertyValueSpecification\",\"valueRequired\":true,\"valueName\":\"search_term_string\"}}],\"inLanguage\":\"es\"},{\"@type\":\"Organization\",\"@id\":\"https:\/\/ollerpintures.com\/es\/#organization\",\"name\":\"Oller Pintures i Revestiments\",\"alternateName\":\"Oller Grup\",\"url\":\"https:\/\/ollerpintures.com\/es\/\",\"logo\":{\"@type\":\"ImageObject\",\"inLanguage\":\"es\",\"@id\":\"https:\/\/ollerpintures.com\/es\/#\/schema\/logo\/image\/\",\"url\":\"https:\/\/ollerpintures.com\/wp-content\/uploads\/2024\/05\/newLogo.png\",\"contentUrl\":\"https:\/\/ollerpintures.com\/wp-content\/uploads\/2024\/05\/newLogo.png\",\"width\":483,\"height\":244,\"caption\":\"Oller Pintures i Revestiments\"},\"image\":{\"@id\":\"https:\/\/ollerpintures.com\/es\/#\/schema\/logo\/image\/\"},\"sameAs\":[\"https:\/\/www.facebook.com\/people\/Oller-Pintures\/100063652056709\/\",\"https:\/\/www.instagram.com\/ollerpintures\/\",\"https:\/\/descriptor.es\/organization\/oller-grup\/\"]}]}<\/script>\n<!-- \/ Yoast SEO plugin. -->","yoast_head_json":{"title":"VALENTINE Val\u00f3n Pro 600 Blanco 15L + RODILLO ANTIGOTA ZENKO - Oller Pinturas y revestimientos","description":"Compra pinturas VALENTINE Val\u00f3n Pro 600 Blanco 15L y ll\u00e9vate un RODILLO ANTIGOTEO ZENKO de 22cm, con la garant\u00eda de Oller Pinturas y Revestimientos.","robots":{"index":"index","follow":"follow","max-snippet":"max-snippet:-1","max-image-preview":"max-image-preview:large","max-video-preview":"max-video-preview:-1"},"canonical":"https:\/\/ollerpintures.com\/es\/producto\/valentine-valon-pro-600-blanco-15l-y-llevate-el-rodillo-antigota-22cm-zenko-de-regalo-copia\/","og_locale":"es_ES","og_type":"article","og_title":"VALENTINE Val\u00f3n Pro 600 Blanco 15L + RODILLO ANTIGOTA ZENKO - Oller Pinturas y revestimientos","og_description":"Compra pinturas VALENTINE Val\u00f3n Pro 600 Blanco 15L y ll\u00e9vate un RODILLO ANTIGOTEO ZENKO de 22cm, con la garant\u00eda de Oller Pinturas y Revestimientos.","og_url":"https:\/\/ollerpintures.com\/es\/producto\/valentine-valon-pro-600-blanco-15l-y-llevate-el-rodillo-antigota-22cm-zenko-de-regalo-copia\/","og_site_name":"Oller Pinturas y revestimientos","article_publisher":"https:\/\/www.facebook.com\/people\/Oller-Pintures\/100063652056709\/","article_modified_time":"2026-04-14T13:00:29+00:00","og_image":[{"width":1080,"height":1080,"url":"https:\/\/ollerpintures.com\/wp-content\/uploads\/2024\/08\/valentine_valon_pro_600_blanco_oferta.jpg","type":"image\/jpeg"}],"twitter_card":"summary_large_image","twitter_misc":{"Tiempo de lectura":"1 minuto"},"schema":{"@context":"https:\/\/schema.org","@graph":[{"@type":"WebPage","@id":"https:\/\/ollerpintures.com\/es\/producto\/valentine-valon-pro-600-blanco-15l-y-llevate-el-rodillo-antigota-22cm-zenko-de-regalo-copia\/","url":"https:\/\/ollerpintures.com\/es\/producto\/valentine-valon-pro-600-blanco-15l-y-llevate-el-rodillo-antigota-22cm-zenko-de-regalo-copia\/","name":"VALENTINE Val\u00f3n Pro 600 Blanco 15L + RODILLO ANTIGOTA ZENKO - Oller Pinturas y revestimientos","isPartOf":{"@id":"https:\/\/ollerpintures.com\/es\/#website"},"primaryImageOfPage":{"@id":"https:\/\/ollerpintures.com\/es\/producto\/valentine-valon-pro-600-blanco-15l-y-llevate-el-rodillo-antigota-22cm-zenko-de-regalo-copia\/#primaryimage"},"image":{"@id":"https:\/\/ollerpintures.com\/es\/producto\/valentine-valon-pro-600-blanco-15l-y-llevate-el-rodillo-antigota-22cm-zenko-de-regalo-copia\/#primaryimage"},"thumbnailUrl":"https:\/\/ollerpintures.com\/wp-content\/uploads\/2024\/08\/valentine_valon_pro_600_blanco_oferta.jpg","datePublished":"2024-10-24T07:22:47+00:00","dateModified":"2026-04-14T13:00:29+00:00","description":"Compra pinturas VALENTINE Val\u00f3n Pro 600 Blanco 15L y ll\u00e9vate un RODILLO ANTIGOTEO ZENKO de 22cm, con la garant\u00eda de Oller Pinturas y Revestimientos.","breadcrumb":{"@id":"https:\/\/ollerpintures.com\/es\/producto\/valentine-valon-pro-600-blanco-15l-y-llevate-el-rodillo-antigota-22cm-zenko-de-regalo-copia\/#breadcrumb"},"inLanguage":"es","potentialAction":[{"@type":"ReadAction","target":["https:\/\/ollerpintures.com\/es\/producto\/valentine-valon-pro-600-blanco-15l-y-llevate-el-rodillo-antigota-22cm-zenko-de-regalo-copia\/"]}]},{"@type":"ImageObject","inLanguage":"es","@id":"https:\/\/ollerpintures.com\/es\/producto\/valentine-valon-pro-600-blanco-15l-y-llevate-el-rodillo-antigota-22cm-zenko-de-regalo-copia\/#primaryimage","url":"https:\/\/ollerpintures.com\/wp-content\/uploads\/2024\/08\/valentine_valon_pro_600_blanco_oferta.jpg","contentUrl":"https:\/\/ollerpintures.com\/wp-content\/uploads\/2024\/08\/valentine_valon_pro_600_blanco_oferta.jpg","width":1080,"height":1080,"caption":"valentine valon pro 600 blanco"},{"@type":"BreadcrumbList","@id":"https:\/\/ollerpintures.com\/es\/producto\/valentine-valon-pro-600-blanco-15l-y-llevate-el-rodillo-antigota-22cm-zenko-de-regalo-copia\/#breadcrumb","itemListElement":[{"@type":"ListItem","position":1,"name":"Inici","item":"https:\/\/ollerpintures.com\/es\/"},{"@type":"ListItem","position":2,"name":"Tienda","item":"https:\/\/ollerpintures.com\/es\/tienda\/"},{"@type":"ListItem","position":3,"name":"VALENTINE Val\u00f3n Pro 600 Blanco 15L \u00a1Y ll\u00e9vate EL RODILLO ANTIGOTA 22CM ZENKO DE REGALO!"}]},{"@type":"WebSite","@id":"https:\/\/ollerpintures.com\/es\/#website","url":"https:\/\/ollerpintures.com\/es\/","name":"Oller Pinturas y Revestimientos","description":"M\u00e1s de 50 a\u00f1os acompa\u00f1ando a profesionales y particulares con soluciones de pintura duraderas y sostenibles, seis tiendas de proximidad con servicio tintom\u00e9trico propio y un compromiso real con el oficio y las nuevas generaciones.","publisher":{"@id":"https:\/\/ollerpintures.com\/es\/#organization"},"alternateName":"Oller Grup","potentialAction":[{"@type":"SearchAction","target":{"@type":"EntryPoint","urlTemplate":"https:\/\/ollerpintures.com\/es\/?s={search_term_string}"},"query-input":{"@type":"PropertyValueSpecification","valueRequired":true,"valueName":"search_term_string"}}],"inLanguage":"es"},{"@type":"Organization","@id":"https:\/\/ollerpintures.com\/es\/#organization","name":"Oller Pintures i Revestiments","alternateName":"Oller Grup","url":"https:\/\/ollerpintures.com\/es\/","logo":{"@type":"ImageObject","inLanguage":"es","@id":"https:\/\/ollerpintures.com\/es\/#\/schema\/logo\/image\/","url":"https:\/\/ollerpintures.com\/wp-content\/uploads\/2024\/05\/newLogo.png","contentUrl":"https:\/\/ollerpintures.com\/wp-content\/uploads\/2024\/05\/newLogo.png","width":483,"height":244,"caption":"Oller Pintures i Revestiments"},"image":{"@id":"https:\/\/ollerpintures.com\/es\/#\/schema\/logo\/image\/"},"sameAs":["https:\/\/www.facebook.com\/people\/Oller-Pintures\/100063652056709\/","https:\/\/www.instagram.com\/ollerpintures\/","https:\/\/descriptor.es\/organization\/oller-grup\/"]}]}},"brands":[],"_links":{"self":[{"href":"https:\/\/ollerpintures.com\/es\/wp-json\/wp\/v2\/product\/27760","targetHints":{"allow":["GET"]}}],"collection":[{"href":"https:\/\/ollerpintures.com\/es\/wp-json\/wp\/v2\/product"}],"about":[{"href":"https:\/\/ollerpintures.com\/es\/wp-json\/wp\/v2\/types\/product"}],"wp:featuredmedia":[{"embeddable":true,"href":"https:\/\/ollerpintures.com\/es\/wp-json\/wp\/v2\/media\/27458"}],"wp:attachment":[{"href":"https:\/\/ollerpintures.com\/es\/wp-json\/wp\/v2\/media?parent=27760"}],"wp:term":[{"taxonomy":"pwb-brand","embeddable":true,"href":"https:\/\/ollerpintures.com\/es\/wp-json\/wp\/v2\/pwb-brand?post=27760"},{"taxonomy":"product_brand","embeddable":true,"href":"https:\/\/ollerpintures.com\/es\/wp-json\/wp\/v2\/product_brand?post=27760"},{"taxonomy":"product_cat","embeddable":true,"href":"https:\/\/ollerpintures.com\/es\/wp-json\/wp\/v2\/product_cat?post=27760"},{"taxonomy":"product_tag","embeddable":true,"href":"https:\/\/ollerpintures.com\/es\/wp-json\/wp\/v2\/product_tag?post=27760"}],"curies":[{"name":"wp","href":"https:\/\/api.w.org\/{rel}","templated":true}]}}