{"id":26217,"date":"2023-10-18T11:25:18","date_gmt":"2023-10-18T10:25:18","guid":{"rendered":"https:\/\/oller-pintures.c.wetopi.com\/?post_type=product&#038;p=26217"},"modified":"2024-04-03T05:50:28","modified_gmt":"2024-04-03T04:50:28","slug":"blatem-illusion-paint-negro-pizarras-750ml","status":"publish","type":"product","link":"https:\/\/ollerpintures.com\/es\/producto\/blatem-illusion-paint-negro-pizarras-750ml\/","title":{"rendered":"BLATEM illusion paint negro pizarras 750ml"},"content":{"rendered":"<p><strong>Blatem illusion paint negro pizarras 750ml<\/strong> espec\u00edfico para convertir superficies en pizarras.<\/p>\n<p><strong>Caracter\u00edsticas:<\/strong><\/p>\n<p>Pintura semimate al agua especialmente formulada para ofrecer un acabado liso excelente, elevado rendimiento, poder cubriente, elasticidad, dureza y secado r\u00e1pido. Es f\u00e1cil aplicaci\u00f3n y con extraordinaria nivelaci\u00f3n para convertir paredes en pizarras.<\/p>\n<p>Para el pintado y mantenimiento de pizarras<br \/>\nInterior<\/p>\n","protected":false},"excerpt":{"rendered":"<p>Blatem illusion paint negro pizarras 750ml espec\u00edfico para convertir superficies en pizarras. Caracter\u00edsticas: Pintura semimate al agua especialmente formulada para ofrecer un acabado liso excelente, &#8230; <\/p>\n<p class=\"read-more-container\"><a title=\"BLATEM illusion paint negro pizarras 750ml\" class=\"read-more button\" href=\"https:\/\/ollerpintures.com\/es\/producto\/blatem-illusion-paint-negro-pizarras-750ml\/#more-26217\" aria-label=\"Leer m\u00e1s sobre BLATEM illusion paint negro pizarras 750ml\">Leer m\u00e1s<\/a><\/p>\n","protected":false},"featured_media":26219,"template":"","meta":{"_acf_changed":false},"pwb-brand":[],"product_brand":[],"product_cat":[850,1993],"product_tag":[2095],"class_list":{"0":"post-26217","1":"product","2":"type-product","3":"status-publish","4":"has-post-thumbnail","6":"product_cat-pintura-decorativa-es","7":"product_cat-pintura-efecto-pizarra","8":"product_tag-crear-pizarras","9":"no-featured-image-padding","10":"resize-featured-image","11":"sales-flash-overlay","12":"woocommerce-text-align-left","13":"woocommerce-image-align-center","14":"do-quantity-buttons","16":"first","17":"instock","18":"shipping-taxable","19":"purchasable","20":"product-type-simple"},"acf":[],"yoast_head":"<!-- This site is optimized with the Yoast SEO plugin v27.1.1 - https:\/\/yoast.com\/product\/yoast-seo-wordpress\/ -->\n<title>BLATEM illusion paint negro pizarras 750ml - Oller Pinturas y revestimientos<\/title>\n<meta name=\"description\" content=\"Blatem illusion paint verde pizarras 750ml es una pintura espec\u00edfica para convertir superficies en pizarras, pintura semimate al agua acabado liso total.\" \/>\n<meta name=\"robots\" content=\"index, follow, max-snippet:-1, max-image-preview:large, max-video-preview:-1\" \/>\n<link rel=\"canonical\" href=\"https:\/\/ollerpintures.com\/es\/producto\/blatem-illusion-paint-negro-pizarras-750ml\/\" \/>\n<meta property=\"og:locale\" content=\"es_ES\" \/>\n<meta property=\"og:type\" content=\"article\" \/>\n<meta property=\"og:title\" content=\"BLATEM illusion paint negro pizarras 750ml - Oller Pinturas y revestimientos\" \/>\n<meta property=\"og:description\" content=\"Blatem illusion paint verde pizarras 750ml es una pintura espec\u00edfica para convertir superficies en pizarras, pintura semimate al agua acabado liso total.\" \/>\n<meta property=\"og:url\" content=\"https:\/\/ollerpintures.com\/es\/producto\/blatem-illusion-paint-negro-pizarras-750ml\/\" \/>\n<meta property=\"og:site_name\" content=\"Oller Pinturas y revestimientos\" \/>\n<meta property=\"article:publisher\" content=\"https:\/\/www.facebook.com\/people\/Oller-Pintures\/100063652056709\/\" \/>\n<meta property=\"article:modified_time\" content=\"2024-04-03T04:50:28+00:00\" \/>\n<meta property=\"og:image\" content=\"https:\/\/ollerpintures.com\/wp-content\/uploads\/2023\/10\/blatem-illusion-paint-negro-pizarras-750ml.jpg\" \/>\n\t<meta property=\"og:image:width\" content=\"1080\" \/>\n\t<meta property=\"og:image:height\" content=\"1080\" \/>\n\t<meta property=\"og:image:type\" content=\"image\/jpeg\" \/>\n<meta name=\"twitter:card\" content=\"summary_large_image\" \/>\n<meta name=\"twitter:label1\" content=\"Tiempo de lectura\" \/>\n\t<meta name=\"twitter:data1\" content=\"1 minuto\" \/>\n<script type=\"application\/ld+json\" class=\"yoast-schema-graph\">{\"@context\":\"https:\/\/schema.org\",\"@graph\":[{\"@type\":\"WebPage\",\"@id\":\"https:\/\/ollerpintures.com\/es\/producto\/blatem-illusion-paint-negro-pizarras-750ml\/\",\"url\":\"https:\/\/ollerpintures.com\/es\/producto\/blatem-illusion-paint-negro-pizarras-750ml\/\",\"name\":\"BLATEM illusion paint negro pizarras 750ml - Oller Pinturas y revestimientos\",\"isPartOf\":{\"@id\":\"https:\/\/ollerpintures.com\/es\/#website\"},\"primaryImageOfPage\":{\"@id\":\"https:\/\/ollerpintures.com\/es\/producto\/blatem-illusion-paint-negro-pizarras-750ml\/#primaryimage\"},\"image\":{\"@id\":\"https:\/\/ollerpintures.com\/es\/producto\/blatem-illusion-paint-negro-pizarras-750ml\/#primaryimage\"},\"thumbnailUrl\":\"https:\/\/ollerpintures.com\/wp-content\/uploads\/2023\/10\/blatem-illusion-paint-negro-pizarras-750ml.jpg\",\"datePublished\":\"2023-10-18T10:25:18+00:00\",\"dateModified\":\"2024-04-03T04:50:28+00:00\",\"description\":\"Blatem illusion paint verde pizarras 750ml es una pintura espec\u00edfica para convertir superficies en pizarras, pintura semimate al agua acabado liso total.\",\"breadcrumb\":{\"@id\":\"https:\/\/ollerpintures.com\/es\/producto\/blatem-illusion-paint-negro-pizarras-750ml\/#breadcrumb\"},\"inLanguage\":\"es\",\"potentialAction\":[{\"@type\":\"ReadAction\",\"target\":[\"https:\/\/ollerpintures.com\/es\/producto\/blatem-illusion-paint-negro-pizarras-750ml\/\"]}]},{\"@type\":\"ImageObject\",\"inLanguage\":\"es\",\"@id\":\"https:\/\/ollerpintures.com\/es\/producto\/blatem-illusion-paint-negro-pizarras-750ml\/#primaryimage\",\"url\":\"https:\/\/ollerpintures.com\/wp-content\/uploads\/2023\/10\/blatem-illusion-paint-negro-pizarras-750ml.jpg\",\"contentUrl\":\"https:\/\/ollerpintures.com\/wp-content\/uploads\/2023\/10\/blatem-illusion-paint-negro-pizarras-750ml.jpg\",\"width\":1080,\"height\":1080,\"caption\":\"blatem illusion paint negro pizarras\"},{\"@type\":\"BreadcrumbList\",\"@id\":\"https:\/\/ollerpintures.com\/es\/producto\/blatem-illusion-paint-negro-pizarras-750ml\/#breadcrumb\",\"itemListElement\":[{\"@type\":\"ListItem\",\"position\":1,\"name\":\"Inici\",\"item\":\"https:\/\/ollerpintures.com\/es\/\"},{\"@type\":\"ListItem\",\"position\":2,\"name\":\"Tienda\",\"item\":\"https:\/\/ollerpintures.com\/es\/tienda\/\"},{\"@type\":\"ListItem\",\"position\":3,\"name\":\"BLATEM illusion paint negro pizarras 750ml\"}]},{\"@type\":\"WebSite\",\"@id\":\"https:\/\/ollerpintures.com\/es\/#website\",\"url\":\"https:\/\/ollerpintures.com\/es\/\",\"name\":\"Oller Pinturas y Revestimientos\",\"description\":\"M\u00e1s de 50 a\u00f1os acompa\u00f1ando a profesionales y particulares con soluciones de pintura duraderas y sostenibles, seis tiendas de proximidad con servicio tintom\u00e9trico propio y un compromiso real con el oficio y las nuevas generaciones.\",\"publisher\":{\"@id\":\"https:\/\/ollerpintures.com\/es\/#organization\"},\"alternateName\":\"Oller Grup\",\"potentialAction\":[{\"@type\":\"SearchAction\",\"target\":{\"@type\":\"EntryPoint\",\"urlTemplate\":\"https:\/\/ollerpintures.com\/es\/?s={search_term_string}\"},\"query-input\":{\"@type\":\"PropertyValueSpecification\",\"valueRequired\":true,\"valueName\":\"search_term_string\"}}],\"inLanguage\":\"es\"},{\"@type\":\"Organization\",\"@id\":\"https:\/\/ollerpintures.com\/es\/#organization\",\"name\":\"Oller Pintures i Revestiments\",\"alternateName\":\"Oller Grup\",\"url\":\"https:\/\/ollerpintures.com\/es\/\",\"logo\":{\"@type\":\"ImageObject\",\"inLanguage\":\"es\",\"@id\":\"https:\/\/ollerpintures.com\/es\/#\/schema\/logo\/image\/\",\"url\":\"https:\/\/ollerpintures.com\/wp-content\/uploads\/2024\/05\/newLogo.png\",\"contentUrl\":\"https:\/\/ollerpintures.com\/wp-content\/uploads\/2024\/05\/newLogo.png\",\"width\":483,\"height\":244,\"caption\":\"Oller Pintures i Revestiments\"},\"image\":{\"@id\":\"https:\/\/ollerpintures.com\/es\/#\/schema\/logo\/image\/\"},\"sameAs\":[\"https:\/\/www.facebook.com\/people\/Oller-Pintures\/100063652056709\/\",\"https:\/\/www.instagram.com\/ollerpintures\/\",\"https:\/\/descriptor.es\/organization\/oller-grup\/\"]}]}<\/script>\n<!-- \/ Yoast SEO plugin. -->","yoast_head_json":{"title":"BLATEM illusion paint negro pizarras 750ml - Oller Pinturas y revestimientos","description":"Blatem illusion paint verde pizarras 750ml es una pintura espec\u00edfica para convertir superficies en pizarras, pintura semimate al agua acabado liso total.","robots":{"index":"index","follow":"follow","max-snippet":"max-snippet:-1","max-image-preview":"max-image-preview:large","max-video-preview":"max-video-preview:-1"},"canonical":"https:\/\/ollerpintures.com\/es\/producto\/blatem-illusion-paint-negro-pizarras-750ml\/","og_locale":"es_ES","og_type":"article","og_title":"BLATEM illusion paint negro pizarras 750ml - Oller Pinturas y revestimientos","og_description":"Blatem illusion paint verde pizarras 750ml es una pintura espec\u00edfica para convertir superficies en pizarras, pintura semimate al agua acabado liso total.","og_url":"https:\/\/ollerpintures.com\/es\/producto\/blatem-illusion-paint-negro-pizarras-750ml\/","og_site_name":"Oller Pinturas y revestimientos","article_publisher":"https:\/\/www.facebook.com\/people\/Oller-Pintures\/100063652056709\/","article_modified_time":"2024-04-03T04:50:28+00:00","og_image":[{"width":1080,"height":1080,"url":"https:\/\/ollerpintures.com\/wp-content\/uploads\/2023\/10\/blatem-illusion-paint-negro-pizarras-750ml.jpg","type":"image\/jpeg"}],"twitter_card":"summary_large_image","twitter_misc":{"Tiempo de lectura":"1 minuto"},"schema":{"@context":"https:\/\/schema.org","@graph":[{"@type":"WebPage","@id":"https:\/\/ollerpintures.com\/es\/producto\/blatem-illusion-paint-negro-pizarras-750ml\/","url":"https:\/\/ollerpintures.com\/es\/producto\/blatem-illusion-paint-negro-pizarras-750ml\/","name":"BLATEM illusion paint negro pizarras 750ml - Oller Pinturas y revestimientos","isPartOf":{"@id":"https:\/\/ollerpintures.com\/es\/#website"},"primaryImageOfPage":{"@id":"https:\/\/ollerpintures.com\/es\/producto\/blatem-illusion-paint-negro-pizarras-750ml\/#primaryimage"},"image":{"@id":"https:\/\/ollerpintures.com\/es\/producto\/blatem-illusion-paint-negro-pizarras-750ml\/#primaryimage"},"thumbnailUrl":"https:\/\/ollerpintures.com\/wp-content\/uploads\/2023\/10\/blatem-illusion-paint-negro-pizarras-750ml.jpg","datePublished":"2023-10-18T10:25:18+00:00","dateModified":"2024-04-03T04:50:28+00:00","description":"Blatem illusion paint verde pizarras 750ml es una pintura espec\u00edfica para convertir superficies en pizarras, pintura semimate al agua acabado liso total.","breadcrumb":{"@id":"https:\/\/ollerpintures.com\/es\/producto\/blatem-illusion-paint-negro-pizarras-750ml\/#breadcrumb"},"inLanguage":"es","potentialAction":[{"@type":"ReadAction","target":["https:\/\/ollerpintures.com\/es\/producto\/blatem-illusion-paint-negro-pizarras-750ml\/"]}]},{"@type":"ImageObject","inLanguage":"es","@id":"https:\/\/ollerpintures.com\/es\/producto\/blatem-illusion-paint-negro-pizarras-750ml\/#primaryimage","url":"https:\/\/ollerpintures.com\/wp-content\/uploads\/2023\/10\/blatem-illusion-paint-negro-pizarras-750ml.jpg","contentUrl":"https:\/\/ollerpintures.com\/wp-content\/uploads\/2023\/10\/blatem-illusion-paint-negro-pizarras-750ml.jpg","width":1080,"height":1080,"caption":"blatem illusion paint negro pizarras"},{"@type":"BreadcrumbList","@id":"https:\/\/ollerpintures.com\/es\/producto\/blatem-illusion-paint-negro-pizarras-750ml\/#breadcrumb","itemListElement":[{"@type":"ListItem","position":1,"name":"Inici","item":"https:\/\/ollerpintures.com\/es\/"},{"@type":"ListItem","position":2,"name":"Tienda","item":"https:\/\/ollerpintures.com\/es\/tienda\/"},{"@type":"ListItem","position":3,"name":"BLATEM illusion paint negro pizarras 750ml"}]},{"@type":"WebSite","@id":"https:\/\/ollerpintures.com\/es\/#website","url":"https:\/\/ollerpintures.com\/es\/","name":"Oller Pinturas y Revestimientos","description":"M\u00e1s de 50 a\u00f1os acompa\u00f1ando a profesionales y particulares con soluciones de pintura duraderas y sostenibles, seis tiendas de proximidad con servicio tintom\u00e9trico propio y un compromiso real con el oficio y las nuevas generaciones.","publisher":{"@id":"https:\/\/ollerpintures.com\/es\/#organization"},"alternateName":"Oller Grup","potentialAction":[{"@type":"SearchAction","target":{"@type":"EntryPoint","urlTemplate":"https:\/\/ollerpintures.com\/es\/?s={search_term_string}"},"query-input":{"@type":"PropertyValueSpecification","valueRequired":true,"valueName":"search_term_string"}}],"inLanguage":"es"},{"@type":"Organization","@id":"https:\/\/ollerpintures.com\/es\/#organization","name":"Oller Pintures i Revestiments","alternateName":"Oller Grup","url":"https:\/\/ollerpintures.com\/es\/","logo":{"@type":"ImageObject","inLanguage":"es","@id":"https:\/\/ollerpintures.com\/es\/#\/schema\/logo\/image\/","url":"https:\/\/ollerpintures.com\/wp-content\/uploads\/2024\/05\/newLogo.png","contentUrl":"https:\/\/ollerpintures.com\/wp-content\/uploads\/2024\/05\/newLogo.png","width":483,"height":244,"caption":"Oller Pintures i Revestiments"},"image":{"@id":"https:\/\/ollerpintures.com\/es\/#\/schema\/logo\/image\/"},"sameAs":["https:\/\/www.facebook.com\/people\/Oller-Pintures\/100063652056709\/","https:\/\/www.instagram.com\/ollerpintures\/","https:\/\/descriptor.es\/organization\/oller-grup\/"]}]}},"brands":[],"_links":{"self":[{"href":"https:\/\/ollerpintures.com\/es\/wp-json\/wp\/v2\/product\/26217","targetHints":{"allow":["GET"]}}],"collection":[{"href":"https:\/\/ollerpintures.com\/es\/wp-json\/wp\/v2\/product"}],"about":[{"href":"https:\/\/ollerpintures.com\/es\/wp-json\/wp\/v2\/types\/product"}],"wp:featuredmedia":[{"embeddable":true,"href":"https:\/\/ollerpintures.com\/es\/wp-json\/wp\/v2\/media\/26219"}],"wp:attachment":[{"href":"https:\/\/ollerpintures.com\/es\/wp-json\/wp\/v2\/media?parent=26217"}],"wp:term":[{"taxonomy":"pwb-brand","embeddable":true,"href":"https:\/\/ollerpintures.com\/es\/wp-json\/wp\/v2\/pwb-brand?post=26217"},{"taxonomy":"product_brand","embeddable":true,"href":"https:\/\/ollerpintures.com\/es\/wp-json\/wp\/v2\/product_brand?post=26217"},{"taxonomy":"product_cat","embeddable":true,"href":"https:\/\/ollerpintures.com\/es\/wp-json\/wp\/v2\/product_cat?post=26217"},{"taxonomy":"product_tag","embeddable":true,"href":"https:\/\/ollerpintures.com\/es\/wp-json\/wp\/v2\/product_tag?post=26217"}],"curies":[{"name":"wp","href":"https:\/\/api.w.org\/{rel}","templated":true}]}}