{"id":26186,"date":"2023-10-16T11:56:24","date_gmt":"2023-10-16T10:56:24","guid":{"rendered":"https:\/\/oller-pintures.c.wetopi.com\/?post_type=product&#038;p=26186"},"modified":"2024-04-02T08:33:36","modified_gmt":"2024-04-02T07:33:36","slug":"paso-pastillas-efervescentes-para-fosas-septicas-16-pastillas","status":"publish","type":"product","link":"https:\/\/ollerpintures.com\/es\/producto\/paso-pastillas-efervescentes-para-fosas-septicas-16-pastillas\/","title":{"rendered":"PASO pastillas efervescentes para fosas s\u00e9pticas 16 pastillas"},"content":{"rendered":"<p>Paso pastillas efervescentes para fosas s\u00e9pticas en presentaci\u00f3n de 16 pastillas; espec\u00edfico para limpieza y elimina malos olores, previene atascos.<\/p>\n<p>Caracter\u00edsticas:<\/p>\n<p>Pastillas para fosas s\u00e9pticas con f\u00f3rmula a base de enzimas que destruye de forma natural restos org\u00e1nicos de las fosas s\u00e9pticas consiguiendo posponer los gastos de limpieza de la fosa s\u00e9ptica y eliminar los malos olores.<\/p>\n<p>Menos olores<br \/>M\u00e1s eficacia<\/p>\n","protected":false},"excerpt":{"rendered":"<p><br data-mce-bogus=\"1\"><\/p>\n","protected":false},"featured_media":26205,"template":"","meta":{"_acf_changed":false},"pwb-brand":[],"product_brand":[],"product_cat":[112,2019],"product_tag":[2090,2091],"class_list":{"0":"post-26186","1":"product","2":"type-product","3":"status-publish","4":"has-post-thumbnail","6":"product_cat-herramientas-y-complementos","7":"product_cat-limpieza-profesional","8":"product_tag-atascos","9":"product_tag-menos-olores","10":"no-featured-image-padding","11":"resize-featured-image","12":"sales-flash-overlay","13":"woocommerce-text-align-left","14":"woocommerce-image-align-center","15":"do-quantity-buttons","17":"first","18":"instock","19":"shipping-taxable","20":"purchasable","21":"product-type-simple"},"acf":[],"yoast_head":"<!-- This site is optimized with the Yoast SEO plugin v27.1.1 - https:\/\/yoast.com\/product\/yoast-seo-wordpress\/ -->\n<title>PASO pastillas efervescentes para fosas s\u00e9pticas 16 pastillas - Oller Pinturas y revestimientos<\/title>\n<meta name=\"description\" content=\"Pastillas efervescentes por fosas s\u00e9pticas PASO en presentaci\u00f3n de 16 pastillas, espec\u00edfico para limpieza y eliminar malos olores, previene atascos.\" \/>\n<meta name=\"robots\" content=\"index, follow, max-snippet:-1, max-image-preview:large, max-video-preview:-1\" \/>\n<link rel=\"canonical\" href=\"https:\/\/ollerpintures.com\/es\/producto\/paso-pastillas-efervescentes-para-fosas-septicas-16-pastillas\/\" \/>\n<meta property=\"og:locale\" content=\"es_ES\" \/>\n<meta property=\"og:type\" content=\"article\" \/>\n<meta property=\"og:title\" content=\"PASO pastillas efervescentes para fosas s\u00e9pticas 16 pastillas - Oller Pinturas y revestimientos\" \/>\n<meta property=\"og:description\" content=\"Pastillas efervescentes por fosas s\u00e9pticas PASO en presentaci\u00f3n de 16 pastillas, espec\u00edfico para limpieza y eliminar malos olores, previene atascos.\" \/>\n<meta property=\"og:url\" content=\"https:\/\/ollerpintures.com\/es\/producto\/paso-pastillas-efervescentes-para-fosas-septicas-16-pastillas\/\" \/>\n<meta property=\"og:site_name\" content=\"Oller Pinturas y revestimientos\" \/>\n<meta property=\"article:publisher\" content=\"https:\/\/www.facebook.com\/people\/Oller-Pintures\/100063652056709\/\" \/>\n<meta property=\"article:modified_time\" content=\"2024-04-02T07:33:36+00:00\" \/>\n<meta property=\"og:image\" content=\"https:\/\/ollerpintures.com\/wp-content\/uploads\/2023\/10\/paso-fosas-septicas-16-pastillas.jpg\" \/>\n\t<meta property=\"og:image:width\" content=\"1080\" \/>\n\t<meta property=\"og:image:height\" content=\"1080\" \/>\n\t<meta property=\"og:image:type\" content=\"image\/jpeg\" \/>\n<meta name=\"twitter:card\" content=\"summary_large_image\" \/>\n<meta name=\"twitter:label1\" content=\"Tiempo de lectura\" \/>\n\t<meta name=\"twitter:data1\" content=\"1 minuto\" \/>\n<script type=\"application\/ld+json\" class=\"yoast-schema-graph\">{\"@context\":\"https:\/\/schema.org\",\"@graph\":[{\"@type\":\"WebPage\",\"@id\":\"https:\/\/ollerpintures.com\/es\/producto\/paso-pastillas-efervescentes-para-fosas-septicas-16-pastillas\/\",\"url\":\"https:\/\/ollerpintures.com\/es\/producto\/paso-pastillas-efervescentes-para-fosas-septicas-16-pastillas\/\",\"name\":\"PASO pastillas efervescentes para fosas s\u00e9pticas 16 pastillas - Oller Pinturas y revestimientos\",\"isPartOf\":{\"@id\":\"https:\/\/ollerpintures.com\/es\/#website\"},\"primaryImageOfPage\":{\"@id\":\"https:\/\/ollerpintures.com\/es\/producto\/paso-pastillas-efervescentes-para-fosas-septicas-16-pastillas\/#primaryimage\"},\"image\":{\"@id\":\"https:\/\/ollerpintures.com\/es\/producto\/paso-pastillas-efervescentes-para-fosas-septicas-16-pastillas\/#primaryimage\"},\"thumbnailUrl\":\"https:\/\/ollerpintures.com\/wp-content\/uploads\/2023\/10\/paso-fosas-septicas-16-pastillas.jpg\",\"datePublished\":\"2023-10-16T10:56:24+00:00\",\"dateModified\":\"2024-04-02T07:33:36+00:00\",\"description\":\"Pastillas efervescentes por fosas s\u00e9pticas PASO en presentaci\u00f3n de 16 pastillas, espec\u00edfico para limpieza y eliminar malos olores, previene atascos.\",\"breadcrumb\":{\"@id\":\"https:\/\/ollerpintures.com\/es\/producto\/paso-pastillas-efervescentes-para-fosas-septicas-16-pastillas\/#breadcrumb\"},\"inLanguage\":\"es\",\"potentialAction\":[{\"@type\":\"ReadAction\",\"target\":[\"https:\/\/ollerpintures.com\/es\/producto\/paso-pastillas-efervescentes-para-fosas-septicas-16-pastillas\/\"]}]},{\"@type\":\"ImageObject\",\"inLanguage\":\"es\",\"@id\":\"https:\/\/ollerpintures.com\/es\/producto\/paso-pastillas-efervescentes-para-fosas-septicas-16-pastillas\/#primaryimage\",\"url\":\"https:\/\/ollerpintures.com\/wp-content\/uploads\/2023\/10\/paso-fosas-septicas-16-pastillas.jpg\",\"contentUrl\":\"https:\/\/ollerpintures.com\/wp-content\/uploads\/2023\/10\/paso-fosas-septicas-16-pastillas.jpg\",\"width\":1080,\"height\":1080,\"caption\":\"paso fosas septicas 16 pastillas\"},{\"@type\":\"BreadcrumbList\",\"@id\":\"https:\/\/ollerpintures.com\/es\/producto\/paso-pastillas-efervescentes-para-fosas-septicas-16-pastillas\/#breadcrumb\",\"itemListElement\":[{\"@type\":\"ListItem\",\"position\":1,\"name\":\"Inici\",\"item\":\"https:\/\/ollerpintures.com\/es\/\"},{\"@type\":\"ListItem\",\"position\":2,\"name\":\"Tienda\",\"item\":\"https:\/\/ollerpintures.com\/es\/tienda\/\"},{\"@type\":\"ListItem\",\"position\":3,\"name\":\"PASO pastillas efervescentes para fosas s\u00e9pticas 16 pastillas\"}]},{\"@type\":\"WebSite\",\"@id\":\"https:\/\/ollerpintures.com\/es\/#website\",\"url\":\"https:\/\/ollerpintures.com\/es\/\",\"name\":\"Oller Pinturas y Revestimientos\",\"description\":\"M\u00e1s de 50 a\u00f1os acompa\u00f1ando a profesionales y particulares con soluciones de pintura duraderas y sostenibles, seis tiendas de proximidad con servicio tintom\u00e9trico propio y un compromiso real con el oficio y las nuevas generaciones.\",\"publisher\":{\"@id\":\"https:\/\/ollerpintures.com\/es\/#organization\"},\"alternateName\":\"Oller Grup\",\"potentialAction\":[{\"@type\":\"SearchAction\",\"target\":{\"@type\":\"EntryPoint\",\"urlTemplate\":\"https:\/\/ollerpintures.com\/es\/?s={search_term_string}\"},\"query-input\":{\"@type\":\"PropertyValueSpecification\",\"valueRequired\":true,\"valueName\":\"search_term_string\"}}],\"inLanguage\":\"es\"},{\"@type\":\"Organization\",\"@id\":\"https:\/\/ollerpintures.com\/es\/#organization\",\"name\":\"Oller Pintures i Revestiments\",\"alternateName\":\"Oller Grup\",\"url\":\"https:\/\/ollerpintures.com\/es\/\",\"logo\":{\"@type\":\"ImageObject\",\"inLanguage\":\"es\",\"@id\":\"https:\/\/ollerpintures.com\/es\/#\/schema\/logo\/image\/\",\"url\":\"https:\/\/ollerpintures.com\/wp-content\/uploads\/2024\/05\/newLogo.png\",\"contentUrl\":\"https:\/\/ollerpintures.com\/wp-content\/uploads\/2024\/05\/newLogo.png\",\"width\":483,\"height\":244,\"caption\":\"Oller Pintures i Revestiments\"},\"image\":{\"@id\":\"https:\/\/ollerpintures.com\/es\/#\/schema\/logo\/image\/\"},\"sameAs\":[\"https:\/\/www.facebook.com\/people\/Oller-Pintures\/100063652056709\/\",\"https:\/\/www.instagram.com\/ollerpintures\/\",\"https:\/\/descriptor.es\/organization\/oller-grup\/\"]}]}<\/script>\n<!-- \/ Yoast SEO plugin. -->","yoast_head_json":{"title":"PASO pastillas efervescentes para fosas s\u00e9pticas 16 pastillas - Oller Pinturas y revestimientos","description":"Pastillas efervescentes por fosas s\u00e9pticas PASO en presentaci\u00f3n de 16 pastillas, espec\u00edfico para limpieza y eliminar malos olores, previene atascos.","robots":{"index":"index","follow":"follow","max-snippet":"max-snippet:-1","max-image-preview":"max-image-preview:large","max-video-preview":"max-video-preview:-1"},"canonical":"https:\/\/ollerpintures.com\/es\/producto\/paso-pastillas-efervescentes-para-fosas-septicas-16-pastillas\/","og_locale":"es_ES","og_type":"article","og_title":"PASO pastillas efervescentes para fosas s\u00e9pticas 16 pastillas - Oller Pinturas y revestimientos","og_description":"Pastillas efervescentes por fosas s\u00e9pticas PASO en presentaci\u00f3n de 16 pastillas, espec\u00edfico para limpieza y eliminar malos olores, previene atascos.","og_url":"https:\/\/ollerpintures.com\/es\/producto\/paso-pastillas-efervescentes-para-fosas-septicas-16-pastillas\/","og_site_name":"Oller Pinturas y revestimientos","article_publisher":"https:\/\/www.facebook.com\/people\/Oller-Pintures\/100063652056709\/","article_modified_time":"2024-04-02T07:33:36+00:00","og_image":[{"width":1080,"height":1080,"url":"https:\/\/ollerpintures.com\/wp-content\/uploads\/2023\/10\/paso-fosas-septicas-16-pastillas.jpg","type":"image\/jpeg"}],"twitter_card":"summary_large_image","twitter_misc":{"Tiempo de lectura":"1 minuto"},"schema":{"@context":"https:\/\/schema.org","@graph":[{"@type":"WebPage","@id":"https:\/\/ollerpintures.com\/es\/producto\/paso-pastillas-efervescentes-para-fosas-septicas-16-pastillas\/","url":"https:\/\/ollerpintures.com\/es\/producto\/paso-pastillas-efervescentes-para-fosas-septicas-16-pastillas\/","name":"PASO pastillas efervescentes para fosas s\u00e9pticas 16 pastillas - Oller Pinturas y revestimientos","isPartOf":{"@id":"https:\/\/ollerpintures.com\/es\/#website"},"primaryImageOfPage":{"@id":"https:\/\/ollerpintures.com\/es\/producto\/paso-pastillas-efervescentes-para-fosas-septicas-16-pastillas\/#primaryimage"},"image":{"@id":"https:\/\/ollerpintures.com\/es\/producto\/paso-pastillas-efervescentes-para-fosas-septicas-16-pastillas\/#primaryimage"},"thumbnailUrl":"https:\/\/ollerpintures.com\/wp-content\/uploads\/2023\/10\/paso-fosas-septicas-16-pastillas.jpg","datePublished":"2023-10-16T10:56:24+00:00","dateModified":"2024-04-02T07:33:36+00:00","description":"Pastillas efervescentes por fosas s\u00e9pticas PASO en presentaci\u00f3n de 16 pastillas, espec\u00edfico para limpieza y eliminar malos olores, previene atascos.","breadcrumb":{"@id":"https:\/\/ollerpintures.com\/es\/producto\/paso-pastillas-efervescentes-para-fosas-septicas-16-pastillas\/#breadcrumb"},"inLanguage":"es","potentialAction":[{"@type":"ReadAction","target":["https:\/\/ollerpintures.com\/es\/producto\/paso-pastillas-efervescentes-para-fosas-septicas-16-pastillas\/"]}]},{"@type":"ImageObject","inLanguage":"es","@id":"https:\/\/ollerpintures.com\/es\/producto\/paso-pastillas-efervescentes-para-fosas-septicas-16-pastillas\/#primaryimage","url":"https:\/\/ollerpintures.com\/wp-content\/uploads\/2023\/10\/paso-fosas-septicas-16-pastillas.jpg","contentUrl":"https:\/\/ollerpintures.com\/wp-content\/uploads\/2023\/10\/paso-fosas-septicas-16-pastillas.jpg","width":1080,"height":1080,"caption":"paso fosas septicas 16 pastillas"},{"@type":"BreadcrumbList","@id":"https:\/\/ollerpintures.com\/es\/producto\/paso-pastillas-efervescentes-para-fosas-septicas-16-pastillas\/#breadcrumb","itemListElement":[{"@type":"ListItem","position":1,"name":"Inici","item":"https:\/\/ollerpintures.com\/es\/"},{"@type":"ListItem","position":2,"name":"Tienda","item":"https:\/\/ollerpintures.com\/es\/tienda\/"},{"@type":"ListItem","position":3,"name":"PASO pastillas efervescentes para fosas s\u00e9pticas 16 pastillas"}]},{"@type":"WebSite","@id":"https:\/\/ollerpintures.com\/es\/#website","url":"https:\/\/ollerpintures.com\/es\/","name":"Oller Pinturas y Revestimientos","description":"M\u00e1s de 50 a\u00f1os acompa\u00f1ando a profesionales y particulares con soluciones de pintura duraderas y sostenibles, seis tiendas de proximidad con servicio tintom\u00e9trico propio y un compromiso real con el oficio y las nuevas generaciones.","publisher":{"@id":"https:\/\/ollerpintures.com\/es\/#organization"},"alternateName":"Oller Grup","potentialAction":[{"@type":"SearchAction","target":{"@type":"EntryPoint","urlTemplate":"https:\/\/ollerpintures.com\/es\/?s={search_term_string}"},"query-input":{"@type":"PropertyValueSpecification","valueRequired":true,"valueName":"search_term_string"}}],"inLanguage":"es"},{"@type":"Organization","@id":"https:\/\/ollerpintures.com\/es\/#organization","name":"Oller Pintures i Revestiments","alternateName":"Oller Grup","url":"https:\/\/ollerpintures.com\/es\/","logo":{"@type":"ImageObject","inLanguage":"es","@id":"https:\/\/ollerpintures.com\/es\/#\/schema\/logo\/image\/","url":"https:\/\/ollerpintures.com\/wp-content\/uploads\/2024\/05\/newLogo.png","contentUrl":"https:\/\/ollerpintures.com\/wp-content\/uploads\/2024\/05\/newLogo.png","width":483,"height":244,"caption":"Oller Pintures i Revestiments"},"image":{"@id":"https:\/\/ollerpintures.com\/es\/#\/schema\/logo\/image\/"},"sameAs":["https:\/\/www.facebook.com\/people\/Oller-Pintures\/100063652056709\/","https:\/\/www.instagram.com\/ollerpintures\/","https:\/\/descriptor.es\/organization\/oller-grup\/"]}]}},"brands":[],"_links":{"self":[{"href":"https:\/\/ollerpintures.com\/es\/wp-json\/wp\/v2\/product\/26186","targetHints":{"allow":["GET"]}}],"collection":[{"href":"https:\/\/ollerpintures.com\/es\/wp-json\/wp\/v2\/product"}],"about":[{"href":"https:\/\/ollerpintures.com\/es\/wp-json\/wp\/v2\/types\/product"}],"wp:featuredmedia":[{"embeddable":true,"href":"https:\/\/ollerpintures.com\/es\/wp-json\/wp\/v2\/media\/26205"}],"wp:attachment":[{"href":"https:\/\/ollerpintures.com\/es\/wp-json\/wp\/v2\/media?parent=26186"}],"wp:term":[{"taxonomy":"pwb-brand","embeddable":true,"href":"https:\/\/ollerpintures.com\/es\/wp-json\/wp\/v2\/pwb-brand?post=26186"},{"taxonomy":"product_brand","embeddable":true,"href":"https:\/\/ollerpintures.com\/es\/wp-json\/wp\/v2\/product_brand?post=26186"},{"taxonomy":"product_cat","embeddable":true,"href":"https:\/\/ollerpintures.com\/es\/wp-json\/wp\/v2\/product_cat?post=26186"},{"taxonomy":"product_tag","embeddable":true,"href":"https:\/\/ollerpintures.com\/es\/wp-json\/wp\/v2\/product_tag?post=26186"}],"curies":[{"name":"wp","href":"https:\/\/api.w.org\/{rel}","templated":true}]}}