{"id":26116,"date":"2023-09-29T11:51:38","date_gmt":"2023-09-29T10:51:38","guid":{"rendered":"https:\/\/oller-pintures.c.wetopi.com\/?post_type=product&#038;p=26116"},"modified":"2023-10-11T11:27:43","modified_gmt":"2023-10-11T10:27:43","slug":"paso-abrillantador-de-suelos-parquet-1000ml","status":"publish","type":"product","link":"https:\/\/ollerpintures.com\/es\/producto\/paso-abrillantador-de-suelos-parquet-1000ml\/","title":{"rendered":"PASO abrillantador de suelos parquet 1000ml"},"content":{"rendered":"<p>Paso abrillantador de suelos parquet 1000ml espec\u00edfico para proteger el parqu\u00e9 y la madera barnizada de manchas y agresiones externas.<\/p>\n<p>Caracter\u00edsticas:<br \/>\nProtege el parqu\u00e9 y la madera barnizada de manchas y agresiones externas. M\u00e1s resistencia a los ara\u00f1azos y mayor protecci\u00f3n por m\u00e1s tiempo. Abrillanta y renueva su color natural. Evita y difumina los ara\u00f1azos. Secado r\u00e1pido. Antideslizante<\/p>\n<p>Devuelve el brillo<br \/>\nNo resbala<br \/>\nSecado r\u00e1pido<\/p>\n","protected":false},"excerpt":{"rendered":"<p>Paso abrillantador de suelos parquet 1000ml espec\u00edfico para proteger el parqu\u00e9 y la madera barnizada de manchas y agresiones externas. Caracter\u00edsticas: Protege el parqu\u00e9 y &#8230; <\/p>\n<p class=\"read-more-container\"><a title=\"PASO abrillantador de suelos parquet 1000ml\" class=\"read-more button\" href=\"https:\/\/ollerpintures.com\/es\/producto\/paso-abrillantador-de-suelos-parquet-1000ml\/#more-26116\" aria-label=\"Leer m\u00e1s sobre PASO abrillantador de suelos parquet 1000ml\">Leer m\u00e1s<\/a><\/p>\n","protected":false},"featured_media":26155,"template":"","meta":{"_acf_changed":false},"pwb-brand":[],"product_brand":[],"product_cat":[112,2019],"product_tag":[2045,2020,2044,2043],"class_list":{"0":"post-26116","1":"product","2":"type-product","3":"status-publish","4":"has-post-thumbnail","6":"product_cat-herramientas-y-complementos","7":"product_cat-limpieza-profesional","8":"product_tag-devuelve-el-brillo","9":"product_tag-limpieza","10":"product_tag-no-resbala","11":"product_tag-resistencia-a-rayaduras","12":"no-featured-image-padding","13":"resize-featured-image","14":"sales-flash-overlay","15":"woocommerce-text-align-left","16":"woocommerce-image-align-center","17":"do-quantity-buttons","19":"first","20":"instock","21":"shipping-taxable","22":"purchasable","23":"product-type-simple"},"acf":[],"yoast_head":"<!-- This site is optimized with the Yoast SEO plugin v27.1.1 - https:\/\/yoast.com\/product\/yoast-seo-wordpress\/ -->\n<title>PASO abrillantador de suelos parquet 1000ml - Oller Pinturas y revestimientos<\/title>\n<meta name=\"description\" content=\"Paso abrillantador de suelos parquet 1000ml espec\u00edfico para proteger el parqu\u00e9 y la madera barnizada de manchas y agresiones externas. Caracter\u00edsticas:\" \/>\n<meta name=\"robots\" content=\"index, follow, max-snippet:-1, max-image-preview:large, max-video-preview:-1\" \/>\n<link rel=\"canonical\" href=\"https:\/\/ollerpintures.com\/es\/producto\/paso-abrillantador-de-suelos-parquet-1000ml\/\" \/>\n<meta property=\"og:locale\" content=\"es_ES\" \/>\n<meta property=\"og:type\" content=\"article\" \/>\n<meta property=\"og:title\" content=\"PASO abrillantador de suelos parquet 1000ml - Oller Pinturas y revestimientos\" \/>\n<meta property=\"og:description\" content=\"Paso abrillantador de suelos parquet 1000ml espec\u00edfico para proteger el parqu\u00e9 y la madera barnizada de manchas y agresiones externas. Caracter\u00edsticas:\" \/>\n<meta property=\"og:url\" content=\"https:\/\/ollerpintures.com\/es\/producto\/paso-abrillantador-de-suelos-parquet-1000ml\/\" \/>\n<meta property=\"og:site_name\" content=\"Oller Pinturas y revestimientos\" \/>\n<meta property=\"article:publisher\" content=\"https:\/\/www.facebook.com\/people\/Oller-Pintures\/100063652056709\/\" \/>\n<meta property=\"article:modified_time\" content=\"2023-10-11T10:27:43+00:00\" \/>\n<meta property=\"og:image\" content=\"https:\/\/ollerpintures.com\/wp-content\/uploads\/2023\/09\/paso-abrillantador-protector-parquet-barniz-1000ml.jpg\" \/>\n\t<meta property=\"og:image:width\" content=\"1080\" \/>\n\t<meta property=\"og:image:height\" content=\"1080\" \/>\n\t<meta property=\"og:image:type\" content=\"image\/jpeg\" \/>\n<meta name=\"twitter:card\" content=\"summary_large_image\" \/>\n<meta name=\"twitter:label1\" content=\"Tiempo de lectura\" \/>\n\t<meta name=\"twitter:data1\" content=\"1 minuto\" \/>\n<script type=\"application\/ld+json\" class=\"yoast-schema-graph\">{\"@context\":\"https:\/\/schema.org\",\"@graph\":[{\"@type\":\"WebPage\",\"@id\":\"https:\/\/ollerpintures.com\/es\/producto\/paso-abrillantador-de-suelos-parquet-1000ml\/\",\"url\":\"https:\/\/ollerpintures.com\/es\/producto\/paso-abrillantador-de-suelos-parquet-1000ml\/\",\"name\":\"PASO abrillantador de suelos parquet 1000ml - Oller Pinturas y revestimientos\",\"isPartOf\":{\"@id\":\"https:\/\/ollerpintures.com\/es\/#website\"},\"primaryImageOfPage\":{\"@id\":\"https:\/\/ollerpintures.com\/es\/producto\/paso-abrillantador-de-suelos-parquet-1000ml\/#primaryimage\"},\"image\":{\"@id\":\"https:\/\/ollerpintures.com\/es\/producto\/paso-abrillantador-de-suelos-parquet-1000ml\/#primaryimage\"},\"thumbnailUrl\":\"https:\/\/ollerpintures.com\/wp-content\/uploads\/2023\/09\/paso-abrillantador-protector-parquet-barniz-1000ml.jpg\",\"datePublished\":\"2023-09-29T10:51:38+00:00\",\"dateModified\":\"2023-10-11T10:27:43+00:00\",\"description\":\"Paso abrillantador de suelos parquet 1000ml espec\u00edfico para proteger el parqu\u00e9 y la madera barnizada de manchas y agresiones externas. Caracter\u00edsticas:\",\"breadcrumb\":{\"@id\":\"https:\/\/ollerpintures.com\/es\/producto\/paso-abrillantador-de-suelos-parquet-1000ml\/#breadcrumb\"},\"inLanguage\":\"es\",\"potentialAction\":[{\"@type\":\"ReadAction\",\"target\":[\"https:\/\/ollerpintures.com\/es\/producto\/paso-abrillantador-de-suelos-parquet-1000ml\/\"]}]},{\"@type\":\"ImageObject\",\"inLanguage\":\"es\",\"@id\":\"https:\/\/ollerpintures.com\/es\/producto\/paso-abrillantador-de-suelos-parquet-1000ml\/#primaryimage\",\"url\":\"https:\/\/ollerpintures.com\/wp-content\/uploads\/2023\/09\/paso-abrillantador-protector-parquet-barniz-1000ml.jpg\",\"contentUrl\":\"https:\/\/ollerpintures.com\/wp-content\/uploads\/2023\/09\/paso-abrillantador-protector-parquet-barniz-1000ml.jpg\",\"width\":1080,\"height\":1080,\"caption\":\"paso abrillantador protector parquet barniz 1000ml\"},{\"@type\":\"BreadcrumbList\",\"@id\":\"https:\/\/ollerpintures.com\/es\/producto\/paso-abrillantador-de-suelos-parquet-1000ml\/#breadcrumb\",\"itemListElement\":[{\"@type\":\"ListItem\",\"position\":1,\"name\":\"Inici\",\"item\":\"https:\/\/ollerpintures.com\/es\/\"},{\"@type\":\"ListItem\",\"position\":2,\"name\":\"Tienda\",\"item\":\"https:\/\/ollerpintures.com\/es\/tienda\/\"},{\"@type\":\"ListItem\",\"position\":3,\"name\":\"PASO abrillantador de suelos parquet 1000ml\"}]},{\"@type\":\"WebSite\",\"@id\":\"https:\/\/ollerpintures.com\/es\/#website\",\"url\":\"https:\/\/ollerpintures.com\/es\/\",\"name\":\"Oller Pinturas y Revestimientos\",\"description\":\"M\u00e1s de 50 a\u00f1os acompa\u00f1ando a profesionales y particulares con soluciones de pintura duraderas y sostenibles, seis tiendas de proximidad con servicio tintom\u00e9trico propio y un compromiso real con el oficio y las nuevas generaciones.\",\"publisher\":{\"@id\":\"https:\/\/ollerpintures.com\/es\/#organization\"},\"alternateName\":\"Oller Grup\",\"potentialAction\":[{\"@type\":\"SearchAction\",\"target\":{\"@type\":\"EntryPoint\",\"urlTemplate\":\"https:\/\/ollerpintures.com\/es\/?s={search_term_string}\"},\"query-input\":{\"@type\":\"PropertyValueSpecification\",\"valueRequired\":true,\"valueName\":\"search_term_string\"}}],\"inLanguage\":\"es\"},{\"@type\":\"Organization\",\"@id\":\"https:\/\/ollerpintures.com\/es\/#organization\",\"name\":\"Oller Pintures i Revestiments\",\"alternateName\":\"Oller Grup\",\"url\":\"https:\/\/ollerpintures.com\/es\/\",\"logo\":{\"@type\":\"ImageObject\",\"inLanguage\":\"es\",\"@id\":\"https:\/\/ollerpintures.com\/es\/#\/schema\/logo\/image\/\",\"url\":\"https:\/\/ollerpintures.com\/wp-content\/uploads\/2024\/05\/newLogo.png\",\"contentUrl\":\"https:\/\/ollerpintures.com\/wp-content\/uploads\/2024\/05\/newLogo.png\",\"width\":483,\"height\":244,\"caption\":\"Oller Pintures i Revestiments\"},\"image\":{\"@id\":\"https:\/\/ollerpintures.com\/es\/#\/schema\/logo\/image\/\"},\"sameAs\":[\"https:\/\/www.facebook.com\/people\/Oller-Pintures\/100063652056709\/\",\"https:\/\/www.instagram.com\/ollerpintures\/\",\"https:\/\/descriptor.es\/organization\/oller-grup\/\"]}]}<\/script>\n<!-- \/ Yoast SEO plugin. -->","yoast_head_json":{"title":"PASO abrillantador de suelos parquet 1000ml - Oller Pinturas y revestimientos","description":"Paso abrillantador de suelos parquet 1000ml espec\u00edfico para proteger el parqu\u00e9 y la madera barnizada de manchas y agresiones externas. Caracter\u00edsticas:","robots":{"index":"index","follow":"follow","max-snippet":"max-snippet:-1","max-image-preview":"max-image-preview:large","max-video-preview":"max-video-preview:-1"},"canonical":"https:\/\/ollerpintures.com\/es\/producto\/paso-abrillantador-de-suelos-parquet-1000ml\/","og_locale":"es_ES","og_type":"article","og_title":"PASO abrillantador de suelos parquet 1000ml - Oller Pinturas y revestimientos","og_description":"Paso abrillantador de suelos parquet 1000ml espec\u00edfico para proteger el parqu\u00e9 y la madera barnizada de manchas y agresiones externas. Caracter\u00edsticas:","og_url":"https:\/\/ollerpintures.com\/es\/producto\/paso-abrillantador-de-suelos-parquet-1000ml\/","og_site_name":"Oller Pinturas y revestimientos","article_publisher":"https:\/\/www.facebook.com\/people\/Oller-Pintures\/100063652056709\/","article_modified_time":"2023-10-11T10:27:43+00:00","og_image":[{"width":1080,"height":1080,"url":"https:\/\/ollerpintures.com\/wp-content\/uploads\/2023\/09\/paso-abrillantador-protector-parquet-barniz-1000ml.jpg","type":"image\/jpeg"}],"twitter_card":"summary_large_image","twitter_misc":{"Tiempo de lectura":"1 minuto"},"schema":{"@context":"https:\/\/schema.org","@graph":[{"@type":"WebPage","@id":"https:\/\/ollerpintures.com\/es\/producto\/paso-abrillantador-de-suelos-parquet-1000ml\/","url":"https:\/\/ollerpintures.com\/es\/producto\/paso-abrillantador-de-suelos-parquet-1000ml\/","name":"PASO abrillantador de suelos parquet 1000ml - Oller Pinturas y revestimientos","isPartOf":{"@id":"https:\/\/ollerpintures.com\/es\/#website"},"primaryImageOfPage":{"@id":"https:\/\/ollerpintures.com\/es\/producto\/paso-abrillantador-de-suelos-parquet-1000ml\/#primaryimage"},"image":{"@id":"https:\/\/ollerpintures.com\/es\/producto\/paso-abrillantador-de-suelos-parquet-1000ml\/#primaryimage"},"thumbnailUrl":"https:\/\/ollerpintures.com\/wp-content\/uploads\/2023\/09\/paso-abrillantador-protector-parquet-barniz-1000ml.jpg","datePublished":"2023-09-29T10:51:38+00:00","dateModified":"2023-10-11T10:27:43+00:00","description":"Paso abrillantador de suelos parquet 1000ml espec\u00edfico para proteger el parqu\u00e9 y la madera barnizada de manchas y agresiones externas. Caracter\u00edsticas:","breadcrumb":{"@id":"https:\/\/ollerpintures.com\/es\/producto\/paso-abrillantador-de-suelos-parquet-1000ml\/#breadcrumb"},"inLanguage":"es","potentialAction":[{"@type":"ReadAction","target":["https:\/\/ollerpintures.com\/es\/producto\/paso-abrillantador-de-suelos-parquet-1000ml\/"]}]},{"@type":"ImageObject","inLanguage":"es","@id":"https:\/\/ollerpintures.com\/es\/producto\/paso-abrillantador-de-suelos-parquet-1000ml\/#primaryimage","url":"https:\/\/ollerpintures.com\/wp-content\/uploads\/2023\/09\/paso-abrillantador-protector-parquet-barniz-1000ml.jpg","contentUrl":"https:\/\/ollerpintures.com\/wp-content\/uploads\/2023\/09\/paso-abrillantador-protector-parquet-barniz-1000ml.jpg","width":1080,"height":1080,"caption":"paso abrillantador protector parquet barniz 1000ml"},{"@type":"BreadcrumbList","@id":"https:\/\/ollerpintures.com\/es\/producto\/paso-abrillantador-de-suelos-parquet-1000ml\/#breadcrumb","itemListElement":[{"@type":"ListItem","position":1,"name":"Inici","item":"https:\/\/ollerpintures.com\/es\/"},{"@type":"ListItem","position":2,"name":"Tienda","item":"https:\/\/ollerpintures.com\/es\/tienda\/"},{"@type":"ListItem","position":3,"name":"PASO abrillantador de suelos parquet 1000ml"}]},{"@type":"WebSite","@id":"https:\/\/ollerpintures.com\/es\/#website","url":"https:\/\/ollerpintures.com\/es\/","name":"Oller Pinturas y Revestimientos","description":"M\u00e1s de 50 a\u00f1os acompa\u00f1ando a profesionales y particulares con soluciones de pintura duraderas y sostenibles, seis tiendas de proximidad con servicio tintom\u00e9trico propio y un compromiso real con el oficio y las nuevas generaciones.","publisher":{"@id":"https:\/\/ollerpintures.com\/es\/#organization"},"alternateName":"Oller Grup","potentialAction":[{"@type":"SearchAction","target":{"@type":"EntryPoint","urlTemplate":"https:\/\/ollerpintures.com\/es\/?s={search_term_string}"},"query-input":{"@type":"PropertyValueSpecification","valueRequired":true,"valueName":"search_term_string"}}],"inLanguage":"es"},{"@type":"Organization","@id":"https:\/\/ollerpintures.com\/es\/#organization","name":"Oller Pintures i Revestiments","alternateName":"Oller Grup","url":"https:\/\/ollerpintures.com\/es\/","logo":{"@type":"ImageObject","inLanguage":"es","@id":"https:\/\/ollerpintures.com\/es\/#\/schema\/logo\/image\/","url":"https:\/\/ollerpintures.com\/wp-content\/uploads\/2024\/05\/newLogo.png","contentUrl":"https:\/\/ollerpintures.com\/wp-content\/uploads\/2024\/05\/newLogo.png","width":483,"height":244,"caption":"Oller Pintures i Revestiments"},"image":{"@id":"https:\/\/ollerpintures.com\/es\/#\/schema\/logo\/image\/"},"sameAs":["https:\/\/www.facebook.com\/people\/Oller-Pintures\/100063652056709\/","https:\/\/www.instagram.com\/ollerpintures\/","https:\/\/descriptor.es\/organization\/oller-grup\/"]}]}},"brands":[],"_links":{"self":[{"href":"https:\/\/ollerpintures.com\/es\/wp-json\/wp\/v2\/product\/26116","targetHints":{"allow":["GET"]}}],"collection":[{"href":"https:\/\/ollerpintures.com\/es\/wp-json\/wp\/v2\/product"}],"about":[{"href":"https:\/\/ollerpintures.com\/es\/wp-json\/wp\/v2\/types\/product"}],"wp:featuredmedia":[{"embeddable":true,"href":"https:\/\/ollerpintures.com\/es\/wp-json\/wp\/v2\/media\/26155"}],"wp:attachment":[{"href":"https:\/\/ollerpintures.com\/es\/wp-json\/wp\/v2\/media?parent=26116"}],"wp:term":[{"taxonomy":"pwb-brand","embeddable":true,"href":"https:\/\/ollerpintures.com\/es\/wp-json\/wp\/v2\/pwb-brand?post=26116"},{"taxonomy":"product_brand","embeddable":true,"href":"https:\/\/ollerpintures.com\/es\/wp-json\/wp\/v2\/product_brand?post=26116"},{"taxonomy":"product_cat","embeddable":true,"href":"https:\/\/ollerpintures.com\/es\/wp-json\/wp\/v2\/product_cat?post=26116"},{"taxonomy":"product_tag","embeddable":true,"href":"https:\/\/ollerpintures.com\/es\/wp-json\/wp\/v2\/product_tag?post=26116"}],"curies":[{"name":"wp","href":"https:\/\/api.w.org\/{rel}","templated":true}]}}