{"id":26076,"date":"2023-09-27T10:40:21","date_gmt":"2023-09-27T09:40:21","guid":{"rendered":"https:\/\/oller-pintures.c.wetopi.com\/?post_type=product&#038;p=26076"},"modified":"2024-04-03T06:32:33","modified_gmt":"2024-04-03T05:32:33","slug":"paso-desatascador-eliminaolores-biologico-1000ml","status":"publish","type":"product","link":"https:\/\/ollerpintures.com\/es\/producto\/paso-desatascador-eliminaolores-biologico-1000ml\/","title":{"rendered":"PASO desatascador eliminaolores biol\u00f3gico 1000ml"},"content":{"rendered":"<p>Paso desatascador eliminaolores biol\u00f3gico 1000ml espec\u00edfico para eliminar de ra\u00edz los malos olores en tuber\u00edas y desag\u00fces.<\/p>\n<p>Caracter\u00edsticas:<\/p>\n<ul>\n<li>Elimina olores y limpia tuber\u00edas a base de enzimas que destruye de forma natural los restos org\u00e1nicos que congestionan las tuber\u00edas, eliminando de ra\u00edz los malos olores.<\/li>\n<li>Recomendado para el mantenimiento de desag\u00fces propensos a los atascos, como tratamiento preventivo.<\/li>\n<li>Olor fresco.<\/li>\n<li>Destruye las materias org\u00e1nicas que obstruyen las tuber\u00edas.<\/li>\n<li>Previene la aparici\u00f3n de malos olores.<\/li>\n<\/ul>\n","protected":false},"excerpt":{"rendered":"<p>Paso desatascador eliminaolores biol\u00f3gico 1000ml espec\u00edfico para eliminar de ra\u00edz los malos olores en tuber\u00edas y desag\u00fces. Caracter\u00edsticas: Elimina olores y limpia tuber\u00edas a base &#8230; <\/p>\n<p class=\"read-more-container\"><a title=\"PASO desatascador eliminaolores biol\u00f3gico 1000ml\" class=\"read-more button\" href=\"https:\/\/ollerpintures.com\/es\/producto\/paso-desatascador-eliminaolores-biologico-1000ml\/#more-26076\" aria-label=\"Leer m\u00e1s sobre PASO desatascador eliminaolores biol\u00f3gico 1000ml\">Leer m\u00e1s<\/a><\/p>\n","protected":false},"featured_media":26078,"template":"","meta":{"_acf_changed":false},"pwb-brand":[],"product_brand":[],"product_cat":[112,2019],"product_tag":[2054,2058,2059],"class_list":{"0":"post-26076","1":"product","2":"type-product","3":"status-publish","4":"has-post-thumbnail","6":"product_cat-herramientas-y-complementos","7":"product_cat-limpieza-profesional","8":"product_tag-desatascador","9":"product_tag-eliminaolores","10":"product_tag-olor-fresco","11":"no-featured-image-padding","12":"resize-featured-image","13":"sales-flash-overlay","14":"woocommerce-text-align-left","15":"woocommerce-image-align-center","16":"do-quantity-buttons","18":"first","19":"instock","20":"shipping-taxable","21":"purchasable","22":"product-type-simple"},"acf":[],"yoast_head":"<!-- This site is optimized with the Yoast SEO plugin v27.1.1 - https:\/\/yoast.com\/product\/yoast-seo-wordpress\/ -->\n<title>PASO desatascador eliminaolores biol\u00f3gico 1000ml - Oller Pinturas y revestimientos<\/title>\n<meta name=\"description\" content=\"Paso desatascador eliminaolores biol\u00f3gico 1000ml a base de enzimas, espec\u00edfico para eliminar de ra\u00edz los malos olores en tuber\u00edas y desag\u00fces.\" \/>\n<meta name=\"robots\" content=\"index, follow, max-snippet:-1, max-image-preview:large, max-video-preview:-1\" \/>\n<link rel=\"canonical\" href=\"https:\/\/ollerpintures.com\/es\/producto\/paso-desatascador-eliminaolores-biologico-1000ml\/\" \/>\n<meta property=\"og:locale\" content=\"es_ES\" \/>\n<meta property=\"og:type\" content=\"article\" \/>\n<meta property=\"og:title\" content=\"PASO desatascador eliminaolores biol\u00f3gico 1000ml - Oller Pinturas y revestimientos\" \/>\n<meta property=\"og:description\" content=\"Paso desatascador eliminaolores biol\u00f3gico 1000ml a base de enzimas, espec\u00edfico para eliminar de ra\u00edz los malos olores en tuber\u00edas y desag\u00fces.\" \/>\n<meta property=\"og:url\" content=\"https:\/\/ollerpintures.com\/es\/producto\/paso-desatascador-eliminaolores-biologico-1000ml\/\" \/>\n<meta property=\"og:site_name\" content=\"Oller Pinturas y revestimientos\" \/>\n<meta property=\"article:publisher\" content=\"https:\/\/www.facebook.com\/people\/Oller-Pintures\/100063652056709\/\" \/>\n<meta property=\"article:modified_time\" content=\"2024-04-03T05:32:33+00:00\" \/>\n<meta property=\"og:image\" content=\"https:\/\/ollerpintures.com\/wp-content\/uploads\/2023\/09\/paso-desatascador-eliminaolores-biolog-1000ml.jpg\" \/>\n\t<meta property=\"og:image:width\" content=\"1080\" \/>\n\t<meta property=\"og:image:height\" content=\"1080\" \/>\n\t<meta property=\"og:image:type\" content=\"image\/jpeg\" \/>\n<meta name=\"twitter:card\" content=\"summary_large_image\" \/>\n<meta name=\"twitter:label1\" content=\"Tiempo de lectura\" \/>\n\t<meta name=\"twitter:data1\" content=\"1 minuto\" \/>\n<script type=\"application\/ld+json\" class=\"yoast-schema-graph\">{\"@context\":\"https:\/\/schema.org\",\"@graph\":[{\"@type\":\"WebPage\",\"@id\":\"https:\/\/ollerpintures.com\/es\/producto\/paso-desatascador-eliminaolores-biologico-1000ml\/\",\"url\":\"https:\/\/ollerpintures.com\/es\/producto\/paso-desatascador-eliminaolores-biologico-1000ml\/\",\"name\":\"PASO desatascador eliminaolores biol\u00f3gico 1000ml - Oller Pinturas y revestimientos\",\"isPartOf\":{\"@id\":\"https:\/\/ollerpintures.com\/es\/#website\"},\"primaryImageOfPage\":{\"@id\":\"https:\/\/ollerpintures.com\/es\/producto\/paso-desatascador-eliminaolores-biologico-1000ml\/#primaryimage\"},\"image\":{\"@id\":\"https:\/\/ollerpintures.com\/es\/producto\/paso-desatascador-eliminaolores-biologico-1000ml\/#primaryimage\"},\"thumbnailUrl\":\"https:\/\/ollerpintures.com\/wp-content\/uploads\/2023\/09\/paso-desatascador-eliminaolores-biolog-1000ml.jpg\",\"datePublished\":\"2023-09-27T09:40:21+00:00\",\"dateModified\":\"2024-04-03T05:32:33+00:00\",\"description\":\"Paso desatascador eliminaolores biol\u00f3gico 1000ml a base de enzimas, espec\u00edfico para eliminar de ra\u00edz los malos olores en tuber\u00edas y desag\u00fces.\",\"breadcrumb\":{\"@id\":\"https:\/\/ollerpintures.com\/es\/producto\/paso-desatascador-eliminaolores-biologico-1000ml\/#breadcrumb\"},\"inLanguage\":\"es\",\"potentialAction\":[{\"@type\":\"ReadAction\",\"target\":[\"https:\/\/ollerpintures.com\/es\/producto\/paso-desatascador-eliminaolores-biologico-1000ml\/\"]}]},{\"@type\":\"ImageObject\",\"inLanguage\":\"es\",\"@id\":\"https:\/\/ollerpintures.com\/es\/producto\/paso-desatascador-eliminaolores-biologico-1000ml\/#primaryimage\",\"url\":\"https:\/\/ollerpintures.com\/wp-content\/uploads\/2023\/09\/paso-desatascador-eliminaolores-biolog-1000ml.jpg\",\"contentUrl\":\"https:\/\/ollerpintures.com\/wp-content\/uploads\/2023\/09\/paso-desatascador-eliminaolores-biolog-1000ml.jpg\",\"width\":1080,\"height\":1080,\"caption\":\"PASO desatascador eliminaolores biol\u00f3gico 1000ml\"},{\"@type\":\"BreadcrumbList\",\"@id\":\"https:\/\/ollerpintures.com\/es\/producto\/paso-desatascador-eliminaolores-biologico-1000ml\/#breadcrumb\",\"itemListElement\":[{\"@type\":\"ListItem\",\"position\":1,\"name\":\"Inici\",\"item\":\"https:\/\/ollerpintures.com\/es\/\"},{\"@type\":\"ListItem\",\"position\":2,\"name\":\"Tienda\",\"item\":\"https:\/\/ollerpintures.com\/es\/tienda\/\"},{\"@type\":\"ListItem\",\"position\":3,\"name\":\"PASO desatascador eliminaolores biol\u00f3gico 1000ml\"}]},{\"@type\":\"WebSite\",\"@id\":\"https:\/\/ollerpintures.com\/es\/#website\",\"url\":\"https:\/\/ollerpintures.com\/es\/\",\"name\":\"Oller Pinturas y Revestimientos\",\"description\":\"M\u00e1s de 50 a\u00f1os acompa\u00f1ando a profesionales y particulares con soluciones de pintura duraderas y sostenibles, seis tiendas de proximidad con servicio tintom\u00e9trico propio y un compromiso real con el oficio y las nuevas generaciones.\",\"publisher\":{\"@id\":\"https:\/\/ollerpintures.com\/es\/#organization\"},\"alternateName\":\"Oller Grup\",\"potentialAction\":[{\"@type\":\"SearchAction\",\"target\":{\"@type\":\"EntryPoint\",\"urlTemplate\":\"https:\/\/ollerpintures.com\/es\/?s={search_term_string}\"},\"query-input\":{\"@type\":\"PropertyValueSpecification\",\"valueRequired\":true,\"valueName\":\"search_term_string\"}}],\"inLanguage\":\"es\"},{\"@type\":\"Organization\",\"@id\":\"https:\/\/ollerpintures.com\/es\/#organization\",\"name\":\"Oller Pintures i Revestiments\",\"alternateName\":\"Oller Grup\",\"url\":\"https:\/\/ollerpintures.com\/es\/\",\"logo\":{\"@type\":\"ImageObject\",\"inLanguage\":\"es\",\"@id\":\"https:\/\/ollerpintures.com\/es\/#\/schema\/logo\/image\/\",\"url\":\"https:\/\/ollerpintures.com\/wp-content\/uploads\/2024\/05\/newLogo.png\",\"contentUrl\":\"https:\/\/ollerpintures.com\/wp-content\/uploads\/2024\/05\/newLogo.png\",\"width\":483,\"height\":244,\"caption\":\"Oller Pintures i Revestiments\"},\"image\":{\"@id\":\"https:\/\/ollerpintures.com\/es\/#\/schema\/logo\/image\/\"},\"sameAs\":[\"https:\/\/www.facebook.com\/people\/Oller-Pintures\/100063652056709\/\",\"https:\/\/www.instagram.com\/ollerpintures\/\",\"https:\/\/descriptor.es\/organization\/oller-grup\/\"]}]}<\/script>\n<!-- \/ Yoast SEO plugin. -->","yoast_head_json":{"title":"PASO desatascador eliminaolores biol\u00f3gico 1000ml - Oller Pinturas y revestimientos","description":"Paso desatascador eliminaolores biol\u00f3gico 1000ml a base de enzimas, espec\u00edfico para eliminar de ra\u00edz los malos olores en tuber\u00edas y desag\u00fces.","robots":{"index":"index","follow":"follow","max-snippet":"max-snippet:-1","max-image-preview":"max-image-preview:large","max-video-preview":"max-video-preview:-1"},"canonical":"https:\/\/ollerpintures.com\/es\/producto\/paso-desatascador-eliminaolores-biologico-1000ml\/","og_locale":"es_ES","og_type":"article","og_title":"PASO desatascador eliminaolores biol\u00f3gico 1000ml - Oller Pinturas y revestimientos","og_description":"Paso desatascador eliminaolores biol\u00f3gico 1000ml a base de enzimas, espec\u00edfico para eliminar de ra\u00edz los malos olores en tuber\u00edas y desag\u00fces.","og_url":"https:\/\/ollerpintures.com\/es\/producto\/paso-desatascador-eliminaolores-biologico-1000ml\/","og_site_name":"Oller Pinturas y revestimientos","article_publisher":"https:\/\/www.facebook.com\/people\/Oller-Pintures\/100063652056709\/","article_modified_time":"2024-04-03T05:32:33+00:00","og_image":[{"width":1080,"height":1080,"url":"https:\/\/ollerpintures.com\/wp-content\/uploads\/2023\/09\/paso-desatascador-eliminaolores-biolog-1000ml.jpg","type":"image\/jpeg"}],"twitter_card":"summary_large_image","twitter_misc":{"Tiempo de lectura":"1 minuto"},"schema":{"@context":"https:\/\/schema.org","@graph":[{"@type":"WebPage","@id":"https:\/\/ollerpintures.com\/es\/producto\/paso-desatascador-eliminaolores-biologico-1000ml\/","url":"https:\/\/ollerpintures.com\/es\/producto\/paso-desatascador-eliminaolores-biologico-1000ml\/","name":"PASO desatascador eliminaolores biol\u00f3gico 1000ml - Oller Pinturas y revestimientos","isPartOf":{"@id":"https:\/\/ollerpintures.com\/es\/#website"},"primaryImageOfPage":{"@id":"https:\/\/ollerpintures.com\/es\/producto\/paso-desatascador-eliminaolores-biologico-1000ml\/#primaryimage"},"image":{"@id":"https:\/\/ollerpintures.com\/es\/producto\/paso-desatascador-eliminaolores-biologico-1000ml\/#primaryimage"},"thumbnailUrl":"https:\/\/ollerpintures.com\/wp-content\/uploads\/2023\/09\/paso-desatascador-eliminaolores-biolog-1000ml.jpg","datePublished":"2023-09-27T09:40:21+00:00","dateModified":"2024-04-03T05:32:33+00:00","description":"Paso desatascador eliminaolores biol\u00f3gico 1000ml a base de enzimas, espec\u00edfico para eliminar de ra\u00edz los malos olores en tuber\u00edas y desag\u00fces.","breadcrumb":{"@id":"https:\/\/ollerpintures.com\/es\/producto\/paso-desatascador-eliminaolores-biologico-1000ml\/#breadcrumb"},"inLanguage":"es","potentialAction":[{"@type":"ReadAction","target":["https:\/\/ollerpintures.com\/es\/producto\/paso-desatascador-eliminaolores-biologico-1000ml\/"]}]},{"@type":"ImageObject","inLanguage":"es","@id":"https:\/\/ollerpintures.com\/es\/producto\/paso-desatascador-eliminaolores-biologico-1000ml\/#primaryimage","url":"https:\/\/ollerpintures.com\/wp-content\/uploads\/2023\/09\/paso-desatascador-eliminaolores-biolog-1000ml.jpg","contentUrl":"https:\/\/ollerpintures.com\/wp-content\/uploads\/2023\/09\/paso-desatascador-eliminaolores-biolog-1000ml.jpg","width":1080,"height":1080,"caption":"PASO desatascador eliminaolores biol\u00f3gico 1000ml"},{"@type":"BreadcrumbList","@id":"https:\/\/ollerpintures.com\/es\/producto\/paso-desatascador-eliminaolores-biologico-1000ml\/#breadcrumb","itemListElement":[{"@type":"ListItem","position":1,"name":"Inici","item":"https:\/\/ollerpintures.com\/es\/"},{"@type":"ListItem","position":2,"name":"Tienda","item":"https:\/\/ollerpintures.com\/es\/tienda\/"},{"@type":"ListItem","position":3,"name":"PASO desatascador eliminaolores biol\u00f3gico 1000ml"}]},{"@type":"WebSite","@id":"https:\/\/ollerpintures.com\/es\/#website","url":"https:\/\/ollerpintures.com\/es\/","name":"Oller Pinturas y Revestimientos","description":"M\u00e1s de 50 a\u00f1os acompa\u00f1ando a profesionales y particulares con soluciones de pintura duraderas y sostenibles, seis tiendas de proximidad con servicio tintom\u00e9trico propio y un compromiso real con el oficio y las nuevas generaciones.","publisher":{"@id":"https:\/\/ollerpintures.com\/es\/#organization"},"alternateName":"Oller Grup","potentialAction":[{"@type":"SearchAction","target":{"@type":"EntryPoint","urlTemplate":"https:\/\/ollerpintures.com\/es\/?s={search_term_string}"},"query-input":{"@type":"PropertyValueSpecification","valueRequired":true,"valueName":"search_term_string"}}],"inLanguage":"es"},{"@type":"Organization","@id":"https:\/\/ollerpintures.com\/es\/#organization","name":"Oller Pintures i Revestiments","alternateName":"Oller Grup","url":"https:\/\/ollerpintures.com\/es\/","logo":{"@type":"ImageObject","inLanguage":"es","@id":"https:\/\/ollerpintures.com\/es\/#\/schema\/logo\/image\/","url":"https:\/\/ollerpintures.com\/wp-content\/uploads\/2024\/05\/newLogo.png","contentUrl":"https:\/\/ollerpintures.com\/wp-content\/uploads\/2024\/05\/newLogo.png","width":483,"height":244,"caption":"Oller Pintures i Revestiments"},"image":{"@id":"https:\/\/ollerpintures.com\/es\/#\/schema\/logo\/image\/"},"sameAs":["https:\/\/www.facebook.com\/people\/Oller-Pintures\/100063652056709\/","https:\/\/www.instagram.com\/ollerpintures\/","https:\/\/descriptor.es\/organization\/oller-grup\/"]}]}},"brands":[],"_links":{"self":[{"href":"https:\/\/ollerpintures.com\/es\/wp-json\/wp\/v2\/product\/26076","targetHints":{"allow":["GET"]}}],"collection":[{"href":"https:\/\/ollerpintures.com\/es\/wp-json\/wp\/v2\/product"}],"about":[{"href":"https:\/\/ollerpintures.com\/es\/wp-json\/wp\/v2\/types\/product"}],"wp:featuredmedia":[{"embeddable":true,"href":"https:\/\/ollerpintures.com\/es\/wp-json\/wp\/v2\/media\/26078"}],"wp:attachment":[{"href":"https:\/\/ollerpintures.com\/es\/wp-json\/wp\/v2\/media?parent=26076"}],"wp:term":[{"taxonomy":"pwb-brand","embeddable":true,"href":"https:\/\/ollerpintures.com\/es\/wp-json\/wp\/v2\/pwb-brand?post=26076"},{"taxonomy":"product_brand","embeddable":true,"href":"https:\/\/ollerpintures.com\/es\/wp-json\/wp\/v2\/product_brand?post=26076"},{"taxonomy":"product_cat","embeddable":true,"href":"https:\/\/ollerpintures.com\/es\/wp-json\/wp\/v2\/product_cat?post=26076"},{"taxonomy":"product_tag","embeddable":true,"href":"https:\/\/ollerpintures.com\/es\/wp-json\/wp\/v2\/product_tag?post=26076"}],"curies":[{"name":"wp","href":"https:\/\/api.w.org\/{rel}","templated":true}]}}