{"id":26059,"date":"2023-09-25T11:21:56","date_gmt":"2023-09-25T10:21:56","guid":{"rendered":"https:\/\/oller-pintures.c.wetopi.com\/?post_type=product&#038;p=26059"},"modified":"2023-09-25T11:27:25","modified_gmt":"2023-09-25T10:27:25","slug":"paso-humibox-lavanda-atrapa-la-humedad-250ml","status":"publish","type":"product","link":"https:\/\/ollerpintures.com\/es\/producto\/paso-humibox-lavanda-atrapa-la-humedad-250ml\/","title":{"rendered":"PASO humibox lavanda atrapa la humedad 250ml"},"content":{"rendered":"<p>Paso humibox lavanda atrapa la humedad 250ml captura 3 veces m\u00e1s la humedad con PAS Humibox Antihumedad y termina con los malos olores con un formato seguro.<\/p>\n<p>Caracter\u00edsticas:<br \/>\nDispositivo antihumedad desechable en formato bandeja con la tecnolog\u00eda exclusiva ABSOTECH3 basado en un granulado de m\u00e1xima eficacia por su capacidad de triple absorci\u00f3n respecto a las absorbe humedades convencionales. Termina con los malos olores, mantiene el aire fresco y previene el moho, alcanzando y manteniendo un nivel de humedad \u00f3ptimo.<\/p>\n<p>Sin dep\u00f3sito, sin repuestos, sin instalaci\u00f3n. Usar y tirar<br \/>\nRecintos de hasta 60m3<br \/>\nProporciona frescura, protecci\u00f3n y confort.<br \/>\nRegula la humedad relativa sin resecar el ambiente.<br \/>\n\u00a1Abrir y listo!<\/p>\n","protected":false},"excerpt":{"rendered":"<p>Paso humibox lavanda atrapa la humedad 250ml captura 3 veces m\u00e1s la humedad con PAS Humibox Antihumedad y termina con los malos olores con un &#8230; <\/p>\n<p class=\"read-more-container\"><a title=\"PASO humibox lavanda atrapa la humedad 250ml\" class=\"read-more button\" href=\"https:\/\/ollerpintures.com\/es\/producto\/paso-humibox-lavanda-atrapa-la-humedad-250ml\/#more-26059\" aria-label=\"Leer m\u00e1s sobre PASO humibox lavanda atrapa la humedad 250ml\">Leer m\u00e1s<\/a><\/p>\n","protected":false},"featured_media":26061,"template":"","meta":{"_acf_changed":false},"pwb-brand":[],"product_brand":[],"product_cat":[112,2019],"product_tag":[2048,2051,2049],"class_list":{"0":"post-26059","1":"product","2":"type-product","3":"status-publish","4":"has-post-thumbnail","6":"product_cat-herramientas-y-complementos","7":"product_cat-limpieza-profesional","8":"product_tag-antihumedad","9":"product_tag-lavanda-2","10":"product_tag-porporciona-frescor","11":"no-featured-image-padding","12":"resize-featured-image","13":"sales-flash-overlay","14":"woocommerce-text-align-left","15":"woocommerce-image-align-center","16":"do-quantity-buttons","18":"first","19":"outofstock","20":"shipping-taxable","21":"purchasable","22":"product-type-simple"},"acf":[],"yoast_head":"<!-- This site is optimized with the Yoast SEO plugin v27.1.1 - https:\/\/yoast.com\/product\/yoast-seo-wordpress\/ -->\n<title>PASO humibox lavanda atrapa la humedad 250ml - Oller Pinturas y revestimientos<\/title>\n<meta name=\"description\" content=\"Paso humibox lavanda atrapa la humedad 250ml captura 3 veces m\u00e1s la humedad con PAS Humibox Antihumedad y termina con los malos olores con un formato\" \/>\n<meta name=\"robots\" content=\"index, follow, max-snippet:-1, max-image-preview:large, max-video-preview:-1\" \/>\n<link rel=\"canonical\" href=\"https:\/\/ollerpintures.com\/es\/producto\/paso-humibox-lavanda-atrapa-la-humedad-250ml\/\" \/>\n<meta property=\"og:locale\" content=\"es_ES\" \/>\n<meta property=\"og:type\" content=\"article\" \/>\n<meta property=\"og:title\" content=\"PASO humibox lavanda atrapa la humedad 250ml - Oller Pinturas y revestimientos\" \/>\n<meta property=\"og:description\" content=\"Paso humibox lavanda atrapa la humedad 250ml captura 3 veces m\u00e1s la humedad con PAS Humibox Antihumedad y termina con los malos olores con un formato\" \/>\n<meta property=\"og:url\" content=\"https:\/\/ollerpintures.com\/es\/producto\/paso-humibox-lavanda-atrapa-la-humedad-250ml\/\" \/>\n<meta property=\"og:site_name\" content=\"Oller Pinturas y revestimientos\" \/>\n<meta property=\"article:publisher\" content=\"https:\/\/www.facebook.com\/people\/Oller-Pintures\/100063652056709\/\" \/>\n<meta property=\"article:modified_time\" content=\"2023-09-25T10:27:25+00:00\" \/>\n<meta property=\"og:image\" content=\"https:\/\/ollerpintures.com\/wp-content\/uploads\/2023\/09\/humibox-lavanda-2x60g.jpg\" \/>\n\t<meta property=\"og:image:width\" content=\"1080\" \/>\n\t<meta property=\"og:image:height\" content=\"1080\" \/>\n\t<meta property=\"og:image:type\" content=\"image\/jpeg\" \/>\n<meta name=\"twitter:card\" content=\"summary_large_image\" \/>\n<meta name=\"twitter:label1\" content=\"Tiempo de lectura\" \/>\n\t<meta name=\"twitter:data1\" content=\"1 minuto\" \/>\n<script type=\"application\/ld+json\" class=\"yoast-schema-graph\">{\"@context\":\"https:\/\/schema.org\",\"@graph\":[{\"@type\":\"WebPage\",\"@id\":\"https:\/\/ollerpintures.com\/es\/producto\/paso-humibox-lavanda-atrapa-la-humedad-250ml\/\",\"url\":\"https:\/\/ollerpintures.com\/es\/producto\/paso-humibox-lavanda-atrapa-la-humedad-250ml\/\",\"name\":\"PASO humibox lavanda atrapa la humedad 250ml - Oller Pinturas y revestimientos\",\"isPartOf\":{\"@id\":\"https:\/\/ollerpintures.com\/es\/#website\"},\"primaryImageOfPage\":{\"@id\":\"https:\/\/ollerpintures.com\/es\/producto\/paso-humibox-lavanda-atrapa-la-humedad-250ml\/#primaryimage\"},\"image\":{\"@id\":\"https:\/\/ollerpintures.com\/es\/producto\/paso-humibox-lavanda-atrapa-la-humedad-250ml\/#primaryimage\"},\"thumbnailUrl\":\"https:\/\/ollerpintures.com\/wp-content\/uploads\/2023\/09\/humibox-lavanda-2x60g.jpg\",\"datePublished\":\"2023-09-25T10:21:56+00:00\",\"dateModified\":\"2023-09-25T10:27:25+00:00\",\"description\":\"Paso humibox lavanda atrapa la humedad 250ml captura 3 veces m\u00e1s la humedad con PAS Humibox Antihumedad y termina con los malos olores con un formato\",\"breadcrumb\":{\"@id\":\"https:\/\/ollerpintures.com\/es\/producto\/paso-humibox-lavanda-atrapa-la-humedad-250ml\/#breadcrumb\"},\"inLanguage\":\"es\",\"potentialAction\":[{\"@type\":\"ReadAction\",\"target\":[\"https:\/\/ollerpintures.com\/es\/producto\/paso-humibox-lavanda-atrapa-la-humedad-250ml\/\"]}]},{\"@type\":\"ImageObject\",\"inLanguage\":\"es\",\"@id\":\"https:\/\/ollerpintures.com\/es\/producto\/paso-humibox-lavanda-atrapa-la-humedad-250ml\/#primaryimage\",\"url\":\"https:\/\/ollerpintures.com\/wp-content\/uploads\/2023\/09\/humibox-lavanda-2x60g.jpg\",\"contentUrl\":\"https:\/\/ollerpintures.com\/wp-content\/uploads\/2023\/09\/humibox-lavanda-2x60g.jpg\",\"width\":1080,\"height\":1080,\"caption\":\"humibox lavanda 2x60g\"},{\"@type\":\"BreadcrumbList\",\"@id\":\"https:\/\/ollerpintures.com\/es\/producto\/paso-humibox-lavanda-atrapa-la-humedad-250ml\/#breadcrumb\",\"itemListElement\":[{\"@type\":\"ListItem\",\"position\":1,\"name\":\"Inici\",\"item\":\"https:\/\/ollerpintures.com\/es\/\"},{\"@type\":\"ListItem\",\"position\":2,\"name\":\"Tienda\",\"item\":\"https:\/\/ollerpintures.com\/es\/tienda\/\"},{\"@type\":\"ListItem\",\"position\":3,\"name\":\"PASO humibox lavanda atrapa la humedad 250ml\"}]},{\"@type\":\"WebSite\",\"@id\":\"https:\/\/ollerpintures.com\/es\/#website\",\"url\":\"https:\/\/ollerpintures.com\/es\/\",\"name\":\"Oller Pinturas y Revestimientos\",\"description\":\"M\u00e1s de 50 a\u00f1os acompa\u00f1ando a profesionales y particulares con soluciones de pintura duraderas y sostenibles, seis tiendas de proximidad con servicio tintom\u00e9trico propio y un compromiso real con el oficio y las nuevas generaciones.\",\"publisher\":{\"@id\":\"https:\/\/ollerpintures.com\/es\/#organization\"},\"alternateName\":\"Oller Grup\",\"potentialAction\":[{\"@type\":\"SearchAction\",\"target\":{\"@type\":\"EntryPoint\",\"urlTemplate\":\"https:\/\/ollerpintures.com\/es\/?s={search_term_string}\"},\"query-input\":{\"@type\":\"PropertyValueSpecification\",\"valueRequired\":true,\"valueName\":\"search_term_string\"}}],\"inLanguage\":\"es\"},{\"@type\":\"Organization\",\"@id\":\"https:\/\/ollerpintures.com\/es\/#organization\",\"name\":\"Oller Pintures i Revestiments\",\"alternateName\":\"Oller Grup\",\"url\":\"https:\/\/ollerpintures.com\/es\/\",\"logo\":{\"@type\":\"ImageObject\",\"inLanguage\":\"es\",\"@id\":\"https:\/\/ollerpintures.com\/es\/#\/schema\/logo\/image\/\",\"url\":\"https:\/\/ollerpintures.com\/wp-content\/uploads\/2024\/05\/newLogo.png\",\"contentUrl\":\"https:\/\/ollerpintures.com\/wp-content\/uploads\/2024\/05\/newLogo.png\",\"width\":483,\"height\":244,\"caption\":\"Oller Pintures i Revestiments\"},\"image\":{\"@id\":\"https:\/\/ollerpintures.com\/es\/#\/schema\/logo\/image\/\"},\"sameAs\":[\"https:\/\/www.facebook.com\/people\/Oller-Pintures\/100063652056709\/\",\"https:\/\/www.instagram.com\/ollerpintures\/\",\"https:\/\/descriptor.es\/organization\/oller-grup\/\"]}]}<\/script>\n<!-- \/ Yoast SEO plugin. -->","yoast_head_json":{"title":"PASO humibox lavanda atrapa la humedad 250ml - Oller Pinturas y revestimientos","description":"Paso humibox lavanda atrapa la humedad 250ml captura 3 veces m\u00e1s la humedad con PAS Humibox Antihumedad y termina con los malos olores con un formato","robots":{"index":"index","follow":"follow","max-snippet":"max-snippet:-1","max-image-preview":"max-image-preview:large","max-video-preview":"max-video-preview:-1"},"canonical":"https:\/\/ollerpintures.com\/es\/producto\/paso-humibox-lavanda-atrapa-la-humedad-250ml\/","og_locale":"es_ES","og_type":"article","og_title":"PASO humibox lavanda atrapa la humedad 250ml - Oller Pinturas y revestimientos","og_description":"Paso humibox lavanda atrapa la humedad 250ml captura 3 veces m\u00e1s la humedad con PAS Humibox Antihumedad y termina con los malos olores con un formato","og_url":"https:\/\/ollerpintures.com\/es\/producto\/paso-humibox-lavanda-atrapa-la-humedad-250ml\/","og_site_name":"Oller Pinturas y revestimientos","article_publisher":"https:\/\/www.facebook.com\/people\/Oller-Pintures\/100063652056709\/","article_modified_time":"2023-09-25T10:27:25+00:00","og_image":[{"width":1080,"height":1080,"url":"https:\/\/ollerpintures.com\/wp-content\/uploads\/2023\/09\/humibox-lavanda-2x60g.jpg","type":"image\/jpeg"}],"twitter_card":"summary_large_image","twitter_misc":{"Tiempo de lectura":"1 minuto"},"schema":{"@context":"https:\/\/schema.org","@graph":[{"@type":"WebPage","@id":"https:\/\/ollerpintures.com\/es\/producto\/paso-humibox-lavanda-atrapa-la-humedad-250ml\/","url":"https:\/\/ollerpintures.com\/es\/producto\/paso-humibox-lavanda-atrapa-la-humedad-250ml\/","name":"PASO humibox lavanda atrapa la humedad 250ml - Oller Pinturas y revestimientos","isPartOf":{"@id":"https:\/\/ollerpintures.com\/es\/#website"},"primaryImageOfPage":{"@id":"https:\/\/ollerpintures.com\/es\/producto\/paso-humibox-lavanda-atrapa-la-humedad-250ml\/#primaryimage"},"image":{"@id":"https:\/\/ollerpintures.com\/es\/producto\/paso-humibox-lavanda-atrapa-la-humedad-250ml\/#primaryimage"},"thumbnailUrl":"https:\/\/ollerpintures.com\/wp-content\/uploads\/2023\/09\/humibox-lavanda-2x60g.jpg","datePublished":"2023-09-25T10:21:56+00:00","dateModified":"2023-09-25T10:27:25+00:00","description":"Paso humibox lavanda atrapa la humedad 250ml captura 3 veces m\u00e1s la humedad con PAS Humibox Antihumedad y termina con los malos olores con un formato","breadcrumb":{"@id":"https:\/\/ollerpintures.com\/es\/producto\/paso-humibox-lavanda-atrapa-la-humedad-250ml\/#breadcrumb"},"inLanguage":"es","potentialAction":[{"@type":"ReadAction","target":["https:\/\/ollerpintures.com\/es\/producto\/paso-humibox-lavanda-atrapa-la-humedad-250ml\/"]}]},{"@type":"ImageObject","inLanguage":"es","@id":"https:\/\/ollerpintures.com\/es\/producto\/paso-humibox-lavanda-atrapa-la-humedad-250ml\/#primaryimage","url":"https:\/\/ollerpintures.com\/wp-content\/uploads\/2023\/09\/humibox-lavanda-2x60g.jpg","contentUrl":"https:\/\/ollerpintures.com\/wp-content\/uploads\/2023\/09\/humibox-lavanda-2x60g.jpg","width":1080,"height":1080,"caption":"humibox lavanda 2x60g"},{"@type":"BreadcrumbList","@id":"https:\/\/ollerpintures.com\/es\/producto\/paso-humibox-lavanda-atrapa-la-humedad-250ml\/#breadcrumb","itemListElement":[{"@type":"ListItem","position":1,"name":"Inici","item":"https:\/\/ollerpintures.com\/es\/"},{"@type":"ListItem","position":2,"name":"Tienda","item":"https:\/\/ollerpintures.com\/es\/tienda\/"},{"@type":"ListItem","position":3,"name":"PASO humibox lavanda atrapa la humedad 250ml"}]},{"@type":"WebSite","@id":"https:\/\/ollerpintures.com\/es\/#website","url":"https:\/\/ollerpintures.com\/es\/","name":"Oller Pinturas y Revestimientos","description":"M\u00e1s de 50 a\u00f1os acompa\u00f1ando a profesionales y particulares con soluciones de pintura duraderas y sostenibles, seis tiendas de proximidad con servicio tintom\u00e9trico propio y un compromiso real con el oficio y las nuevas generaciones.","publisher":{"@id":"https:\/\/ollerpintures.com\/es\/#organization"},"alternateName":"Oller Grup","potentialAction":[{"@type":"SearchAction","target":{"@type":"EntryPoint","urlTemplate":"https:\/\/ollerpintures.com\/es\/?s={search_term_string}"},"query-input":{"@type":"PropertyValueSpecification","valueRequired":true,"valueName":"search_term_string"}}],"inLanguage":"es"},{"@type":"Organization","@id":"https:\/\/ollerpintures.com\/es\/#organization","name":"Oller Pintures i Revestiments","alternateName":"Oller Grup","url":"https:\/\/ollerpintures.com\/es\/","logo":{"@type":"ImageObject","inLanguage":"es","@id":"https:\/\/ollerpintures.com\/es\/#\/schema\/logo\/image\/","url":"https:\/\/ollerpintures.com\/wp-content\/uploads\/2024\/05\/newLogo.png","contentUrl":"https:\/\/ollerpintures.com\/wp-content\/uploads\/2024\/05\/newLogo.png","width":483,"height":244,"caption":"Oller Pintures i Revestiments"},"image":{"@id":"https:\/\/ollerpintures.com\/es\/#\/schema\/logo\/image\/"},"sameAs":["https:\/\/www.facebook.com\/people\/Oller-Pintures\/100063652056709\/","https:\/\/www.instagram.com\/ollerpintures\/","https:\/\/descriptor.es\/organization\/oller-grup\/"]}]}},"brands":[],"_links":{"self":[{"href":"https:\/\/ollerpintures.com\/es\/wp-json\/wp\/v2\/product\/26059","targetHints":{"allow":["GET"]}}],"collection":[{"href":"https:\/\/ollerpintures.com\/es\/wp-json\/wp\/v2\/product"}],"about":[{"href":"https:\/\/ollerpintures.com\/es\/wp-json\/wp\/v2\/types\/product"}],"wp:featuredmedia":[{"embeddable":true,"href":"https:\/\/ollerpintures.com\/es\/wp-json\/wp\/v2\/media\/26061"}],"wp:attachment":[{"href":"https:\/\/ollerpintures.com\/es\/wp-json\/wp\/v2\/media?parent=26059"}],"wp:term":[{"taxonomy":"pwb-brand","embeddable":true,"href":"https:\/\/ollerpintures.com\/es\/wp-json\/wp\/v2\/pwb-brand?post=26059"},{"taxonomy":"product_brand","embeddable":true,"href":"https:\/\/ollerpintures.com\/es\/wp-json\/wp\/v2\/product_brand?post=26059"},{"taxonomy":"product_cat","embeddable":true,"href":"https:\/\/ollerpintures.com\/es\/wp-json\/wp\/v2\/product_cat?post=26059"},{"taxonomy":"product_tag","embeddable":true,"href":"https:\/\/ollerpintures.com\/es\/wp-json\/wp\/v2\/product_tag?post=26059"}],"curies":[{"name":"wp","href":"https:\/\/api.w.org\/{rel}","templated":true}]}}