{"id":25995,"date":"2023-09-15T11:57:34","date_gmt":"2023-09-15T10:57:34","guid":{"rendered":"https:\/\/oller-pintures.c.wetopi.com\/?post_type=product&#038;p=25995"},"modified":"2023-09-20T10:45:23","modified_gmt":"2023-09-20T09:45:23","slug":"paso-eliminador-de-grasa-multiusos-profesional-500ml","status":"publish","type":"product","link":"https:\/\/ollerpintures.com\/es\/producto\/paso-eliminador-de-grasa-multiusos-profesional-500ml\/","title":{"rendered":"PASO eliminador de grasa multiusos profesional 500ml"},"content":{"rendered":"<p>Paso eliminador de grasa multiusos profesional 500ml espec\u00edfico para desincrusta hasta la grasa m\u00e1s persistente.<\/p>\n<p>Caracter\u00edsticas:<br \/>\nElimina grasas con un alto poder desincrustante que disuelve completamente tanto la grasa dom\u00e9stica como la grasa industrial m\u00e1s resistente. Sin esfuerzo. Eficacia inmediata.<\/p>\n<p>40% m\u00e1s poder desincrustante<br \/>\nM\u00e1s agentes disolventes<br \/>\nM\u00e1xima eficacia<br \/>\nR\u00e1pido<br \/>\nIncluso grasa industrial<br \/>\nEficacia inmediata<br \/>\nDoble funci\u00f3n pistola<\/p>\n","protected":false},"excerpt":{"rendered":"<p>Paso eliminador de grasa multiusos profesional 500ml espec\u00edfico para desincrusta hasta la grasa m\u00e1s persistente. Caracter\u00edsticas: Elimina grasas con un alto poder desincrustante que disuelve &#8230; <\/p>\n<p class=\"read-more-container\"><a title=\"PASO eliminador de grasa multiusos profesional 500ml\" class=\"read-more button\" href=\"https:\/\/ollerpintures.com\/es\/producto\/paso-eliminador-de-grasa-multiusos-profesional-500ml\/#more-25995\" aria-label=\"Leer m\u00e1s sobre PASO eliminador de grasa multiusos profesional 500ml\">Leer m\u00e1s<\/a><\/p>\n","protected":false},"featured_media":26014,"template":"","meta":{"_acf_changed":false},"pwb-brand":[],"product_brand":[],"product_cat":[112,2019],"product_tag":[2028,2020,2018,2029],"class_list":{"0":"post-25995","1":"product","2":"type-product","3":"status-publish","4":"has-post-thumbnail","6":"product_cat-herramientas-y-complementos","7":"product_cat-limpieza-profesional","8":"product_tag-eliminador-grasa-3","9":"product_tag-limpieza","10":"product_tag-multiusos-2","11":"product_tag-profesional-3","12":"no-featured-image-padding","13":"resize-featured-image","14":"sales-flash-overlay","15":"woocommerce-text-align-left","16":"woocommerce-image-align-center","17":"do-quantity-buttons","19":"first","20":"instock","21":"shipping-taxable","22":"purchasable","23":"product-type-simple"},"acf":[],"yoast_head":"<!-- This site is optimized with the Yoast SEO plugin v27.1.1 - https:\/\/yoast.com\/product\/yoast-seo-wordpress\/ -->\n<title>PASO eliminador de grasa multiusos profesional 500ml - Oller Pinturas y revestimientos<\/title>\n<meta name=\"description\" content=\"Paso eliminador de grasa multiusos profesional 500ml espec\u00edfico para desincrusta hasta la grasa m\u00e1s persistente. Caracter\u00edsticas: Elimina grasas con un\" \/>\n<meta name=\"robots\" content=\"index, follow, max-snippet:-1, max-image-preview:large, max-video-preview:-1\" \/>\n<link rel=\"canonical\" href=\"https:\/\/ollerpintures.com\/es\/producto\/paso-eliminador-de-grasa-multiusos-profesional-500ml\/\" \/>\n<meta property=\"og:locale\" content=\"es_ES\" \/>\n<meta property=\"og:type\" content=\"article\" \/>\n<meta property=\"og:title\" content=\"PASO eliminador de grasa multiusos profesional 500ml - Oller Pinturas y revestimientos\" \/>\n<meta property=\"og:description\" content=\"Paso eliminador de grasa multiusos profesional 500ml espec\u00edfico para desincrusta hasta la grasa m\u00e1s persistente. Caracter\u00edsticas: Elimina grasas con un\" \/>\n<meta property=\"og:url\" content=\"https:\/\/ollerpintures.com\/es\/producto\/paso-eliminador-de-grasa-multiusos-profesional-500ml\/\" \/>\n<meta property=\"og:site_name\" content=\"Oller Pinturas y revestimientos\" \/>\n<meta property=\"article:publisher\" content=\"https:\/\/www.facebook.com\/people\/Oller-Pintures\/100063652056709\/\" \/>\n<meta property=\"article:modified_time\" content=\"2023-09-20T09:45:23+00:00\" \/>\n<meta property=\"og:image\" content=\"https:\/\/ollerpintures.com\/wp-content\/uploads\/2023\/09\/paso-elimina-grasa-multiusos-500ml.png\" \/>\n\t<meta property=\"og:image:width\" content=\"1080\" \/>\n\t<meta property=\"og:image:height\" content=\"1080\" \/>\n\t<meta property=\"og:image:type\" content=\"image\/png\" \/>\n<meta name=\"twitter:card\" content=\"summary_large_image\" \/>\n<meta name=\"twitter:label1\" content=\"Tiempo de lectura\" \/>\n\t<meta name=\"twitter:data1\" content=\"1 minuto\" \/>\n<script type=\"application\/ld+json\" class=\"yoast-schema-graph\">{\"@context\":\"https:\/\/schema.org\",\"@graph\":[{\"@type\":\"WebPage\",\"@id\":\"https:\/\/ollerpintures.com\/es\/producto\/paso-eliminador-de-grasa-multiusos-profesional-500ml\/\",\"url\":\"https:\/\/ollerpintures.com\/es\/producto\/paso-eliminador-de-grasa-multiusos-profesional-500ml\/\",\"name\":\"PASO eliminador de grasa multiusos profesional 500ml - Oller Pinturas y revestimientos\",\"isPartOf\":{\"@id\":\"https:\/\/ollerpintures.com\/es\/#website\"},\"primaryImageOfPage\":{\"@id\":\"https:\/\/ollerpintures.com\/es\/producto\/paso-eliminador-de-grasa-multiusos-profesional-500ml\/#primaryimage\"},\"image\":{\"@id\":\"https:\/\/ollerpintures.com\/es\/producto\/paso-eliminador-de-grasa-multiusos-profesional-500ml\/#primaryimage\"},\"thumbnailUrl\":\"https:\/\/ollerpintures.com\/wp-content\/uploads\/2023\/09\/paso-elimina-grasa-multiusos-500ml.png\",\"datePublished\":\"2023-09-15T10:57:34+00:00\",\"dateModified\":\"2023-09-20T09:45:23+00:00\",\"description\":\"Paso eliminador de grasa multiusos profesional 500ml espec\u00edfico para desincrusta hasta la grasa m\u00e1s persistente. Caracter\u00edsticas: Elimina grasas con un\",\"breadcrumb\":{\"@id\":\"https:\/\/ollerpintures.com\/es\/producto\/paso-eliminador-de-grasa-multiusos-profesional-500ml\/#breadcrumb\"},\"inLanguage\":\"es\",\"potentialAction\":[{\"@type\":\"ReadAction\",\"target\":[\"https:\/\/ollerpintures.com\/es\/producto\/paso-eliminador-de-grasa-multiusos-profesional-500ml\/\"]}]},{\"@type\":\"ImageObject\",\"inLanguage\":\"es\",\"@id\":\"https:\/\/ollerpintures.com\/es\/producto\/paso-eliminador-de-grasa-multiusos-profesional-500ml\/#primaryimage\",\"url\":\"https:\/\/ollerpintures.com\/wp-content\/uploads\/2023\/09\/paso-elimina-grasa-multiusos-500ml.png\",\"contentUrl\":\"https:\/\/ollerpintures.com\/wp-content\/uploads\/2023\/09\/paso-elimina-grasa-multiusos-500ml.png\",\"width\":1080,\"height\":1080,\"caption\":\"limpieza elimina grasa multiusos 500ml\"},{\"@type\":\"BreadcrumbList\",\"@id\":\"https:\/\/ollerpintures.com\/es\/producto\/paso-eliminador-de-grasa-multiusos-profesional-500ml\/#breadcrumb\",\"itemListElement\":[{\"@type\":\"ListItem\",\"position\":1,\"name\":\"Inici\",\"item\":\"https:\/\/ollerpintures.com\/es\/\"},{\"@type\":\"ListItem\",\"position\":2,\"name\":\"Tienda\",\"item\":\"https:\/\/ollerpintures.com\/es\/tienda\/\"},{\"@type\":\"ListItem\",\"position\":3,\"name\":\"PASO eliminador de grasa multiusos profesional 500ml\"}]},{\"@type\":\"WebSite\",\"@id\":\"https:\/\/ollerpintures.com\/es\/#website\",\"url\":\"https:\/\/ollerpintures.com\/es\/\",\"name\":\"Oller Pinturas y Revestimientos\",\"description\":\"M\u00e1s de 50 a\u00f1os acompa\u00f1ando a profesionales y particulares con soluciones de pintura duraderas y sostenibles, seis tiendas de proximidad con servicio tintom\u00e9trico propio y un compromiso real con el oficio y las nuevas generaciones.\",\"publisher\":{\"@id\":\"https:\/\/ollerpintures.com\/es\/#organization\"},\"alternateName\":\"Oller Grup\",\"potentialAction\":[{\"@type\":\"SearchAction\",\"target\":{\"@type\":\"EntryPoint\",\"urlTemplate\":\"https:\/\/ollerpintures.com\/es\/?s={search_term_string}\"},\"query-input\":{\"@type\":\"PropertyValueSpecification\",\"valueRequired\":true,\"valueName\":\"search_term_string\"}}],\"inLanguage\":\"es\"},{\"@type\":\"Organization\",\"@id\":\"https:\/\/ollerpintures.com\/es\/#organization\",\"name\":\"Oller Pintures i Revestiments\",\"alternateName\":\"Oller Grup\",\"url\":\"https:\/\/ollerpintures.com\/es\/\",\"logo\":{\"@type\":\"ImageObject\",\"inLanguage\":\"es\",\"@id\":\"https:\/\/ollerpintures.com\/es\/#\/schema\/logo\/image\/\",\"url\":\"https:\/\/ollerpintures.com\/wp-content\/uploads\/2024\/05\/newLogo.png\",\"contentUrl\":\"https:\/\/ollerpintures.com\/wp-content\/uploads\/2024\/05\/newLogo.png\",\"width\":483,\"height\":244,\"caption\":\"Oller Pintures i Revestiments\"},\"image\":{\"@id\":\"https:\/\/ollerpintures.com\/es\/#\/schema\/logo\/image\/\"},\"sameAs\":[\"https:\/\/www.facebook.com\/people\/Oller-Pintures\/100063652056709\/\",\"https:\/\/www.instagram.com\/ollerpintures\/\",\"https:\/\/descriptor.es\/organization\/oller-grup\/\"]}]}<\/script>\n<!-- \/ Yoast SEO plugin. -->","yoast_head_json":{"title":"PASO eliminador de grasa multiusos profesional 500ml - Oller Pinturas y revestimientos","description":"Paso eliminador de grasa multiusos profesional 500ml espec\u00edfico para desincrusta hasta la grasa m\u00e1s persistente. Caracter\u00edsticas: Elimina grasas con un","robots":{"index":"index","follow":"follow","max-snippet":"max-snippet:-1","max-image-preview":"max-image-preview:large","max-video-preview":"max-video-preview:-1"},"canonical":"https:\/\/ollerpintures.com\/es\/producto\/paso-eliminador-de-grasa-multiusos-profesional-500ml\/","og_locale":"es_ES","og_type":"article","og_title":"PASO eliminador de grasa multiusos profesional 500ml - Oller Pinturas y revestimientos","og_description":"Paso eliminador de grasa multiusos profesional 500ml espec\u00edfico para desincrusta hasta la grasa m\u00e1s persistente. Caracter\u00edsticas: Elimina grasas con un","og_url":"https:\/\/ollerpintures.com\/es\/producto\/paso-eliminador-de-grasa-multiusos-profesional-500ml\/","og_site_name":"Oller Pinturas y revestimientos","article_publisher":"https:\/\/www.facebook.com\/people\/Oller-Pintures\/100063652056709\/","article_modified_time":"2023-09-20T09:45:23+00:00","og_image":[{"width":1080,"height":1080,"url":"https:\/\/ollerpintures.com\/wp-content\/uploads\/2023\/09\/paso-elimina-grasa-multiusos-500ml.png","type":"image\/png"}],"twitter_card":"summary_large_image","twitter_misc":{"Tiempo de lectura":"1 minuto"},"schema":{"@context":"https:\/\/schema.org","@graph":[{"@type":"WebPage","@id":"https:\/\/ollerpintures.com\/es\/producto\/paso-eliminador-de-grasa-multiusos-profesional-500ml\/","url":"https:\/\/ollerpintures.com\/es\/producto\/paso-eliminador-de-grasa-multiusos-profesional-500ml\/","name":"PASO eliminador de grasa multiusos profesional 500ml - Oller Pinturas y revestimientos","isPartOf":{"@id":"https:\/\/ollerpintures.com\/es\/#website"},"primaryImageOfPage":{"@id":"https:\/\/ollerpintures.com\/es\/producto\/paso-eliminador-de-grasa-multiusos-profesional-500ml\/#primaryimage"},"image":{"@id":"https:\/\/ollerpintures.com\/es\/producto\/paso-eliminador-de-grasa-multiusos-profesional-500ml\/#primaryimage"},"thumbnailUrl":"https:\/\/ollerpintures.com\/wp-content\/uploads\/2023\/09\/paso-elimina-grasa-multiusos-500ml.png","datePublished":"2023-09-15T10:57:34+00:00","dateModified":"2023-09-20T09:45:23+00:00","description":"Paso eliminador de grasa multiusos profesional 500ml espec\u00edfico para desincrusta hasta la grasa m\u00e1s persistente. Caracter\u00edsticas: Elimina grasas con un","breadcrumb":{"@id":"https:\/\/ollerpintures.com\/es\/producto\/paso-eliminador-de-grasa-multiusos-profesional-500ml\/#breadcrumb"},"inLanguage":"es","potentialAction":[{"@type":"ReadAction","target":["https:\/\/ollerpintures.com\/es\/producto\/paso-eliminador-de-grasa-multiusos-profesional-500ml\/"]}]},{"@type":"ImageObject","inLanguage":"es","@id":"https:\/\/ollerpintures.com\/es\/producto\/paso-eliminador-de-grasa-multiusos-profesional-500ml\/#primaryimage","url":"https:\/\/ollerpintures.com\/wp-content\/uploads\/2023\/09\/paso-elimina-grasa-multiusos-500ml.png","contentUrl":"https:\/\/ollerpintures.com\/wp-content\/uploads\/2023\/09\/paso-elimina-grasa-multiusos-500ml.png","width":1080,"height":1080,"caption":"limpieza elimina grasa multiusos 500ml"},{"@type":"BreadcrumbList","@id":"https:\/\/ollerpintures.com\/es\/producto\/paso-eliminador-de-grasa-multiusos-profesional-500ml\/#breadcrumb","itemListElement":[{"@type":"ListItem","position":1,"name":"Inici","item":"https:\/\/ollerpintures.com\/es\/"},{"@type":"ListItem","position":2,"name":"Tienda","item":"https:\/\/ollerpintures.com\/es\/tienda\/"},{"@type":"ListItem","position":3,"name":"PASO eliminador de grasa multiusos profesional 500ml"}]},{"@type":"WebSite","@id":"https:\/\/ollerpintures.com\/es\/#website","url":"https:\/\/ollerpintures.com\/es\/","name":"Oller Pinturas y Revestimientos","description":"M\u00e1s de 50 a\u00f1os acompa\u00f1ando a profesionales y particulares con soluciones de pintura duraderas y sostenibles, seis tiendas de proximidad con servicio tintom\u00e9trico propio y un compromiso real con el oficio y las nuevas generaciones.","publisher":{"@id":"https:\/\/ollerpintures.com\/es\/#organization"},"alternateName":"Oller Grup","potentialAction":[{"@type":"SearchAction","target":{"@type":"EntryPoint","urlTemplate":"https:\/\/ollerpintures.com\/es\/?s={search_term_string}"},"query-input":{"@type":"PropertyValueSpecification","valueRequired":true,"valueName":"search_term_string"}}],"inLanguage":"es"},{"@type":"Organization","@id":"https:\/\/ollerpintures.com\/es\/#organization","name":"Oller Pintures i Revestiments","alternateName":"Oller Grup","url":"https:\/\/ollerpintures.com\/es\/","logo":{"@type":"ImageObject","inLanguage":"es","@id":"https:\/\/ollerpintures.com\/es\/#\/schema\/logo\/image\/","url":"https:\/\/ollerpintures.com\/wp-content\/uploads\/2024\/05\/newLogo.png","contentUrl":"https:\/\/ollerpintures.com\/wp-content\/uploads\/2024\/05\/newLogo.png","width":483,"height":244,"caption":"Oller Pintures i Revestiments"},"image":{"@id":"https:\/\/ollerpintures.com\/es\/#\/schema\/logo\/image\/"},"sameAs":["https:\/\/www.facebook.com\/people\/Oller-Pintures\/100063652056709\/","https:\/\/www.instagram.com\/ollerpintures\/","https:\/\/descriptor.es\/organization\/oller-grup\/"]}]}},"brands":[],"_links":{"self":[{"href":"https:\/\/ollerpintures.com\/es\/wp-json\/wp\/v2\/product\/25995","targetHints":{"allow":["GET"]}}],"collection":[{"href":"https:\/\/ollerpintures.com\/es\/wp-json\/wp\/v2\/product"}],"about":[{"href":"https:\/\/ollerpintures.com\/es\/wp-json\/wp\/v2\/types\/product"}],"wp:featuredmedia":[{"embeddable":true,"href":"https:\/\/ollerpintures.com\/es\/wp-json\/wp\/v2\/media\/26014"}],"wp:attachment":[{"href":"https:\/\/ollerpintures.com\/es\/wp-json\/wp\/v2\/media?parent=25995"}],"wp:term":[{"taxonomy":"pwb-brand","embeddable":true,"href":"https:\/\/ollerpintures.com\/es\/wp-json\/wp\/v2\/pwb-brand?post=25995"},{"taxonomy":"product_brand","embeddable":true,"href":"https:\/\/ollerpintures.com\/es\/wp-json\/wp\/v2\/product_brand?post=25995"},{"taxonomy":"product_cat","embeddable":true,"href":"https:\/\/ollerpintures.com\/es\/wp-json\/wp\/v2\/product_cat?post=25995"},{"taxonomy":"product_tag","embeddable":true,"href":"https:\/\/ollerpintures.com\/es\/wp-json\/wp\/v2\/product_tag?post=25995"}],"curies":[{"name":"wp","href":"https:\/\/api.w.org\/{rel}","templated":true}]}}