{"id":25929,"date":"2023-09-08T17:31:42","date_gmt":"2023-09-08T16:31:42","guid":{"rendered":"https:\/\/oller-pintures.c.wetopi.com\/?post_type=product&#038;p=25929"},"modified":"2024-01-17T09:07:48","modified_gmt":"2024-01-17T08:07:48","slug":"carta-colores-ncs","status":"publish","type":"product","link":"https:\/\/ollerpintures.com\/es\/producto\/carta-colores-ncs\/","title":{"rendered":"Carta de Colores NCS | Carta NCS Selecci\u00f3n 980 | Pintura"},"content":{"rendered":"<p>Carta de colores NCS Selecci\u00f3n 980.<\/p>\n<p><a href=\"https:\/\/ollerpintures.com\/es\/cartas-de-color-para-pintura\/\">M\u00e1s informaci\u00f3n sobre las cartas de colores<\/a><\/p>\n","protected":false},"excerpt":{"rendered":"<p>Carta de colores NCS Selecci\u00f3n 980.<\/p>\n<div class=\"content\" tabindex=\"0\">\n<div class=\"ac-container ac-adaptiveCard\">\n<div class=\"ac-textBlock\">\n<p>Resumen de caracter\u00edsticas de la Carta de colores NCS Selecci\u00f3n 980:<\/p>\n<ul>\n<li>Contiene <strong>980 colores<\/strong> seleccionados de la gama completa de 2050 colores NCS.<\/li>\n<li>Incluye marcas en el C\u00edrculo NCS y el Tri\u00e1ngulo del NCS.<\/li>\n<li>Tiene una <strong>car\u00e1tula blanda<\/strong> para un transporte m\u00e1s c\u00f3modo.<\/li>\n<li>Incluye <strong>138 colores nuevos<\/strong>.<\/li>\n<li>Las notaciones de los colores NCS est\u00e1n impresas sobre el chip de color.<\/li>\n<\/ul>\n<\/div>\n<\/div>\n<\/div>\n","protected":false},"featured_media":20897,"template":"","meta":{"_acf_changed":false},"pwb-brand":[788],"product_brand":[],"product_cat":[112,1997],"product_tag":[1998],"class_list":{"0":"post-25929","1":"product","2":"type-product","3":"status-publish","4":"has-post-thumbnail","6":"pwb-brand-zenko-es","7":"product_cat-herramientas-y-complementos","8":"product_cat-cartas-de-colores","9":"product_tag-carta-colores","10":"no-featured-image-padding","11":"resize-featured-image","12":"sales-flash-overlay","13":"woocommerce-text-align-left","14":"woocommerce-image-align-center","15":"do-quantity-buttons","16":"wc-has-gallery","18":"first","19":"instock","20":"shipping-taxable","21":"purchasable","22":"product-type-simple"},"acf":[],"yoast_head":"<!-- This site is optimized with the Yoast SEO plugin v27.1.1 - https:\/\/yoast.com\/product\/yoast-seo-wordpress\/ -->\n<title>Carta de Colores NCS | Carta NCS Selecci\u00f3n 980 | Oller Pinturas<\/title>\n<meta name=\"description\" content=\"Carta de Colores NCS de pinturas Zenko disponible en Oller Pinturas, una versi\u00f3n c\u00f3moda y reducida de 980 colores NCS para profesionales.\" \/>\n<meta name=\"robots\" content=\"index, follow, max-snippet:-1, max-image-preview:large, max-video-preview:-1\" \/>\n<link rel=\"canonical\" href=\"https:\/\/ollerpintures.com\/es\/producto\/carta-colores-ncs\/\" \/>\n<meta property=\"og:locale\" content=\"es_ES\" \/>\n<meta property=\"og:type\" content=\"article\" \/>\n<meta property=\"og:title\" content=\"Carta de Colores NCS | Carta NCS Selecci\u00f3n 980 | Oller Pinturas\" \/>\n<meta property=\"og:description\" content=\"Carta de Colores NCS de pinturas Zenko disponible en Oller Pinturas, una versi\u00f3n c\u00f3moda y reducida de 980 colores NCS para profesionales.\" \/>\n<meta property=\"og:url\" content=\"https:\/\/ollerpintures.com\/es\/producto\/carta-colores-ncs\/\" \/>\n<meta property=\"og:site_name\" content=\"Oller Pinturas y revestimientos\" \/>\n<meta property=\"article:publisher\" content=\"https:\/\/www.facebook.com\/people\/Oller-Pintures\/100063652056709\/\" \/>\n<meta property=\"article:modified_time\" content=\"2024-01-17T08:07:48+00:00\" \/>\n<meta property=\"og:image\" content=\"https:\/\/ollerpintures.com\/wp-content\/uploads\/2022\/05\/carta-colores-ncs.jpg\" \/>\n\t<meta property=\"og:image:width\" content=\"1640\" \/>\n\t<meta property=\"og:image:height\" content=\"924\" \/>\n\t<meta property=\"og:image:type\" content=\"image\/jpeg\" \/>\n<meta name=\"twitter:card\" content=\"summary_large_image\" \/>\n<meta name=\"twitter:label1\" content=\"Tiempo de lectura\" \/>\n\t<meta name=\"twitter:data1\" content=\"1 minuto\" \/>\n<script type=\"application\/ld+json\" class=\"yoast-schema-graph\">{\"@context\":\"https:\/\/schema.org\",\"@graph\":[{\"@type\":\"WebPage\",\"@id\":\"https:\/\/ollerpintures.com\/es\/producto\/carta-colores-ncs\/\",\"url\":\"https:\/\/ollerpintures.com\/es\/producto\/carta-colores-ncs\/\",\"name\":\"Carta de Colores NCS | Carta NCS Selecci\u00f3n 980 | Oller Pinturas\",\"isPartOf\":{\"@id\":\"https:\/\/ollerpintures.com\/es\/#website\"},\"primaryImageOfPage\":{\"@id\":\"https:\/\/ollerpintures.com\/es\/producto\/carta-colores-ncs\/#primaryimage\"},\"image\":{\"@id\":\"https:\/\/ollerpintures.com\/es\/producto\/carta-colores-ncs\/#primaryimage\"},\"thumbnailUrl\":\"https:\/\/ollerpintures.com\/wp-content\/uploads\/2022\/05\/carta-colores-ncs.jpg\",\"datePublished\":\"2023-09-08T16:31:42+00:00\",\"dateModified\":\"2024-01-17T08:07:48+00:00\",\"description\":\"Carta de Colores NCS de pinturas Zenko disponible en Oller Pinturas, una versi\u00f3n c\u00f3moda y reducida de 980 colores NCS para profesionales.\",\"breadcrumb\":{\"@id\":\"https:\/\/ollerpintures.com\/es\/producto\/carta-colores-ncs\/#breadcrumb\"},\"inLanguage\":\"es\",\"potentialAction\":[{\"@type\":\"ReadAction\",\"target\":[\"https:\/\/ollerpintures.com\/es\/producto\/carta-colores-ncs\/\"]}]},{\"@type\":\"ImageObject\",\"inLanguage\":\"es\",\"@id\":\"https:\/\/ollerpintures.com\/es\/producto\/carta-colores-ncs\/#primaryimage\",\"url\":\"https:\/\/ollerpintures.com\/wp-content\/uploads\/2022\/05\/carta-colores-ncs.jpg\",\"contentUrl\":\"https:\/\/ollerpintures.com\/wp-content\/uploads\/2022\/05\/carta-colores-ncs.jpg\",\"width\":1640,\"height\":924,\"caption\":\"Carta de Colores NCS\"},{\"@type\":\"BreadcrumbList\",\"@id\":\"https:\/\/ollerpintures.com\/es\/producto\/carta-colores-ncs\/#breadcrumb\",\"itemListElement\":[{\"@type\":\"ListItem\",\"position\":1,\"name\":\"Inici\",\"item\":\"https:\/\/ollerpintures.com\/es\/\"},{\"@type\":\"ListItem\",\"position\":2,\"name\":\"Tienda\",\"item\":\"https:\/\/ollerpintures.com\/es\/tienda\/\"},{\"@type\":\"ListItem\",\"position\":3,\"name\":\"Carta de Colores NCS | Carta NCS Selecci\u00f3n 980 | Pintura\"}]},{\"@type\":\"WebSite\",\"@id\":\"https:\/\/ollerpintures.com\/es\/#website\",\"url\":\"https:\/\/ollerpintures.com\/es\/\",\"name\":\"Oller Pinturas y Revestimientos\",\"description\":\"M\u00e1s de 50 a\u00f1os acompa\u00f1ando a profesionales y particulares con soluciones de pintura duraderas y sostenibles, seis tiendas de proximidad con servicio tintom\u00e9trico propio y un compromiso real con el oficio y las nuevas generaciones.\",\"publisher\":{\"@id\":\"https:\/\/ollerpintures.com\/es\/#organization\"},\"alternateName\":\"Oller Grup\",\"potentialAction\":[{\"@type\":\"SearchAction\",\"target\":{\"@type\":\"EntryPoint\",\"urlTemplate\":\"https:\/\/ollerpintures.com\/es\/?s={search_term_string}\"},\"query-input\":{\"@type\":\"PropertyValueSpecification\",\"valueRequired\":true,\"valueName\":\"search_term_string\"}}],\"inLanguage\":\"es\"},{\"@type\":\"Organization\",\"@id\":\"https:\/\/ollerpintures.com\/es\/#organization\",\"name\":\"Oller Pintures i Revestiments\",\"alternateName\":\"Oller Grup\",\"url\":\"https:\/\/ollerpintures.com\/es\/\",\"logo\":{\"@type\":\"ImageObject\",\"inLanguage\":\"es\",\"@id\":\"https:\/\/ollerpintures.com\/es\/#\/schema\/logo\/image\/\",\"url\":\"https:\/\/ollerpintures.com\/wp-content\/uploads\/2024\/05\/newLogo.png\",\"contentUrl\":\"https:\/\/ollerpintures.com\/wp-content\/uploads\/2024\/05\/newLogo.png\",\"width\":483,\"height\":244,\"caption\":\"Oller Pintures i Revestiments\"},\"image\":{\"@id\":\"https:\/\/ollerpintures.com\/es\/#\/schema\/logo\/image\/\"},\"sameAs\":[\"https:\/\/www.facebook.com\/people\/Oller-Pintures\/100063652056709\/\",\"https:\/\/www.instagram.com\/ollerpintures\/\",\"https:\/\/descriptor.es\/organization\/oller-grup\/\"]}]}<\/script>\n<!-- \/ Yoast SEO plugin. -->","yoast_head_json":{"title":"Carta de Colores NCS | Carta NCS Selecci\u00f3n 980 | Oller Pinturas","description":"Carta de Colores NCS de pinturas Zenko disponible en Oller Pinturas, una versi\u00f3n c\u00f3moda y reducida de 980 colores NCS para profesionales.","robots":{"index":"index","follow":"follow","max-snippet":"max-snippet:-1","max-image-preview":"max-image-preview:large","max-video-preview":"max-video-preview:-1"},"canonical":"https:\/\/ollerpintures.com\/es\/producto\/carta-colores-ncs\/","og_locale":"es_ES","og_type":"article","og_title":"Carta de Colores NCS | Carta NCS Selecci\u00f3n 980 | Oller Pinturas","og_description":"Carta de Colores NCS de pinturas Zenko disponible en Oller Pinturas, una versi\u00f3n c\u00f3moda y reducida de 980 colores NCS para profesionales.","og_url":"https:\/\/ollerpintures.com\/es\/producto\/carta-colores-ncs\/","og_site_name":"Oller Pinturas y revestimientos","article_publisher":"https:\/\/www.facebook.com\/people\/Oller-Pintures\/100063652056709\/","article_modified_time":"2024-01-17T08:07:48+00:00","og_image":[{"width":1640,"height":924,"url":"https:\/\/ollerpintures.com\/wp-content\/uploads\/2022\/05\/carta-colores-ncs.jpg","type":"image\/jpeg"}],"twitter_card":"summary_large_image","twitter_misc":{"Tiempo de lectura":"1 minuto"},"schema":{"@context":"https:\/\/schema.org","@graph":[{"@type":"WebPage","@id":"https:\/\/ollerpintures.com\/es\/producto\/carta-colores-ncs\/","url":"https:\/\/ollerpintures.com\/es\/producto\/carta-colores-ncs\/","name":"Carta de Colores NCS | Carta NCS Selecci\u00f3n 980 | Oller Pinturas","isPartOf":{"@id":"https:\/\/ollerpintures.com\/es\/#website"},"primaryImageOfPage":{"@id":"https:\/\/ollerpintures.com\/es\/producto\/carta-colores-ncs\/#primaryimage"},"image":{"@id":"https:\/\/ollerpintures.com\/es\/producto\/carta-colores-ncs\/#primaryimage"},"thumbnailUrl":"https:\/\/ollerpintures.com\/wp-content\/uploads\/2022\/05\/carta-colores-ncs.jpg","datePublished":"2023-09-08T16:31:42+00:00","dateModified":"2024-01-17T08:07:48+00:00","description":"Carta de Colores NCS de pinturas Zenko disponible en Oller Pinturas, una versi\u00f3n c\u00f3moda y reducida de 980 colores NCS para profesionales.","breadcrumb":{"@id":"https:\/\/ollerpintures.com\/es\/producto\/carta-colores-ncs\/#breadcrumb"},"inLanguage":"es","potentialAction":[{"@type":"ReadAction","target":["https:\/\/ollerpintures.com\/es\/producto\/carta-colores-ncs\/"]}]},{"@type":"ImageObject","inLanguage":"es","@id":"https:\/\/ollerpintures.com\/es\/producto\/carta-colores-ncs\/#primaryimage","url":"https:\/\/ollerpintures.com\/wp-content\/uploads\/2022\/05\/carta-colores-ncs.jpg","contentUrl":"https:\/\/ollerpintures.com\/wp-content\/uploads\/2022\/05\/carta-colores-ncs.jpg","width":1640,"height":924,"caption":"Carta de Colores NCS"},{"@type":"BreadcrumbList","@id":"https:\/\/ollerpintures.com\/es\/producto\/carta-colores-ncs\/#breadcrumb","itemListElement":[{"@type":"ListItem","position":1,"name":"Inici","item":"https:\/\/ollerpintures.com\/es\/"},{"@type":"ListItem","position":2,"name":"Tienda","item":"https:\/\/ollerpintures.com\/es\/tienda\/"},{"@type":"ListItem","position":3,"name":"Carta de Colores NCS | Carta NCS Selecci\u00f3n 980 | Pintura"}]},{"@type":"WebSite","@id":"https:\/\/ollerpintures.com\/es\/#website","url":"https:\/\/ollerpintures.com\/es\/","name":"Oller Pinturas y Revestimientos","description":"M\u00e1s de 50 a\u00f1os acompa\u00f1ando a profesionales y particulares con soluciones de pintura duraderas y sostenibles, seis tiendas de proximidad con servicio tintom\u00e9trico propio y un compromiso real con el oficio y las nuevas generaciones.","publisher":{"@id":"https:\/\/ollerpintures.com\/es\/#organization"},"alternateName":"Oller Grup","potentialAction":[{"@type":"SearchAction","target":{"@type":"EntryPoint","urlTemplate":"https:\/\/ollerpintures.com\/es\/?s={search_term_string}"},"query-input":{"@type":"PropertyValueSpecification","valueRequired":true,"valueName":"search_term_string"}}],"inLanguage":"es"},{"@type":"Organization","@id":"https:\/\/ollerpintures.com\/es\/#organization","name":"Oller Pintures i Revestiments","alternateName":"Oller Grup","url":"https:\/\/ollerpintures.com\/es\/","logo":{"@type":"ImageObject","inLanguage":"es","@id":"https:\/\/ollerpintures.com\/es\/#\/schema\/logo\/image\/","url":"https:\/\/ollerpintures.com\/wp-content\/uploads\/2024\/05\/newLogo.png","contentUrl":"https:\/\/ollerpintures.com\/wp-content\/uploads\/2024\/05\/newLogo.png","width":483,"height":244,"caption":"Oller Pintures i Revestiments"},"image":{"@id":"https:\/\/ollerpintures.com\/es\/#\/schema\/logo\/image\/"},"sameAs":["https:\/\/www.facebook.com\/people\/Oller-Pintures\/100063652056709\/","https:\/\/www.instagram.com\/ollerpintures\/","https:\/\/descriptor.es\/organization\/oller-grup\/"]}]}},"brands":[{"id":788,"name":"Zenko","slug":"zenko-es"}],"_links":{"self":[{"href":"https:\/\/ollerpintures.com\/es\/wp-json\/wp\/v2\/product\/25929","targetHints":{"allow":["GET"]}}],"collection":[{"href":"https:\/\/ollerpintures.com\/es\/wp-json\/wp\/v2\/product"}],"about":[{"href":"https:\/\/ollerpintures.com\/es\/wp-json\/wp\/v2\/types\/product"}],"wp:featuredmedia":[{"embeddable":true,"href":"https:\/\/ollerpintures.com\/es\/wp-json\/wp\/v2\/media\/20897"}],"wp:attachment":[{"href":"https:\/\/ollerpintures.com\/es\/wp-json\/wp\/v2\/media?parent=25929"}],"wp:term":[{"taxonomy":"pwb-brand","embeddable":true,"href":"https:\/\/ollerpintures.com\/es\/wp-json\/wp\/v2\/pwb-brand?post=25929"},{"taxonomy":"product_brand","embeddable":true,"href":"https:\/\/ollerpintures.com\/es\/wp-json\/wp\/v2\/product_brand?post=25929"},{"taxonomy":"product_cat","embeddable":true,"href":"https:\/\/ollerpintures.com\/es\/wp-json\/wp\/v2\/product_cat?post=25929"},{"taxonomy":"product_tag","embeddable":true,"href":"https:\/\/ollerpintures.com\/es\/wp-json\/wp\/v2\/product_tag?post=25929"}],"curies":[{"name":"wp","href":"https:\/\/api.w.org\/{rel}","templated":true}]}}