{"id":25926,"date":"2023-09-08T09:39:26","date_gmt":"2023-09-08T08:39:26","guid":{"rendered":"https:\/\/oller-pintures.c.wetopi.com\/producte\/carta-colores-ral-k7\/"},"modified":"2024-01-17T09:25:22","modified_gmt":"2024-01-17T08:25:22","slug":"carta-colores-ral-k7","status":"publish","type":"product","link":"https:\/\/ollerpintures.com\/es\/producto\/carta-colores-ral-k7\/","title":{"rendered":"Carta de colores RAL | Carta RAL K7 | Carta Colores Pintura"},"content":{"rendered":"<p>Carta de colores RAL K7 con 190 colores para escoger, en formato abanico.<\/p>\n<p><a href=\"https:\/\/ollerpintures.com\/es\/cartas-de-color-para-pintura\/\">M\u00e1s informaci\u00f3n sobre las cartas de colores<\/a><\/p>\n","protected":false},"excerpt":{"rendered":"<p>Carta de colores RAL K7 con 190 colores para escoger en formato abanico.<\/p>\n<div class=\"content\" tabindex=\"0\">\n<div class=\"ac-container ac-adaptiveCard\">\n<div class=\"ac-textBlock\"><\/div>\n<p>Caracter\u00edsticas de la Carta de colores RAL K7:<\/p>\n<ul>\n<li>Cada p\u00e1gina tiene 6 colores.<\/li>\n<li>Incluye colores metalizados.<\/li>\n<li>Tama\u00f1o de la carta o abanico: 50 x 150 mm.<\/li>\n<li>Tama\u00f1o de la muestra de color: 20 x 50 mm.<\/li>\n<li>Acabado: Brillo.<\/li>\n<li>C\u00f3digos de colores de 4 cifras (ej. <a href=\"https:\/\/ollerpintures.com\/es\/producto\/sigmadur-550-ral-9001-blanco-crema\/\">RAL 9001<\/a>).<\/li>\n<\/ul>\n<\/div>\n<\/div>\n","protected":false},"featured_media":25925,"template":"","meta":{"_acf_changed":false},"pwb-brand":[],"product_brand":[],"product_cat":[112,1997],"product_tag":[1998],"class_list":{"0":"post-25926","1":"product","2":"type-product","3":"status-publish","4":"has-post-thumbnail","6":"product_cat-herramientas-y-complementos","7":"product_cat-cartas-de-colores","8":"product_tag-carta-colores","9":"no-featured-image-padding","10":"resize-featured-image","11":"sales-flash-overlay","12":"woocommerce-text-align-left","13":"woocommerce-image-align-center","14":"do-quantity-buttons","15":"wc-has-gallery","17":"first","18":"instock","19":"shipping-taxable","20":"purchasable","21":"product-type-simple"},"acf":[],"yoast_head":"<!-- This site is optimized with the Yoast SEO plugin v27.1.1 - https:\/\/yoast.com\/product\/yoast-seo-wordpress\/ -->\n<title>Carta de colores RAL | Carta RAL K7 | Carta Colores | Oller Grup<\/title>\n<meta name=\"description\" content=\"Carta de Colores RAL K7 de pinturas Zenko disponible en Oller Pinturas, una versi\u00f3n c\u00f3moda y reducida de 190 colores RAL para profesionales.\" \/>\n<meta name=\"robots\" content=\"index, follow, max-snippet:-1, max-image-preview:large, max-video-preview:-1\" \/>\n<link rel=\"canonical\" href=\"https:\/\/ollerpintures.com\/es\/producto\/carta-colores-ral-k7\/\" \/>\n<meta property=\"og:locale\" content=\"es_ES\" \/>\n<meta property=\"og:type\" content=\"article\" \/>\n<meta property=\"og:title\" content=\"Carta de colores RAL | Carta RAL K7 | Carta Colores | Oller Grup\" \/>\n<meta property=\"og:description\" content=\"Carta de Colores RAL K7 de pinturas Zenko disponible en Oller Pinturas, una versi\u00f3n c\u00f3moda y reducida de 190 colores RAL para profesionales.\" \/>\n<meta property=\"og:url\" content=\"https:\/\/ollerpintures.com\/es\/producto\/carta-colores-ral-k7\/\" \/>\n<meta property=\"og:site_name\" content=\"Oller Pinturas y revestimientos\" \/>\n<meta property=\"article:publisher\" content=\"https:\/\/www.facebook.com\/people\/Oller-Pintures\/100063652056709\/\" \/>\n<meta property=\"article:modified_time\" content=\"2024-01-17T08:25:22+00:00\" \/>\n<meta property=\"og:image\" content=\"https:\/\/ollerpintures.com\/wp-content\/uploads\/2023\/09\/carta-colores-ral-k-7-comprar-online.jpg\" \/>\n\t<meta property=\"og:image:width\" content=\"1080\" \/>\n\t<meta property=\"og:image:height\" content=\"1080\" \/>\n\t<meta property=\"og:image:type\" content=\"image\/jpeg\" \/>\n<meta name=\"twitter:card\" content=\"summary_large_image\" \/>\n<meta name=\"twitter:label1\" content=\"Tiempo de lectura\" \/>\n\t<meta name=\"twitter:data1\" content=\"1 minuto\" \/>\n<script type=\"application\/ld+json\" class=\"yoast-schema-graph\">{\"@context\":\"https:\/\/schema.org\",\"@graph\":[{\"@type\":\"WebPage\",\"@id\":\"https:\/\/ollerpintures.com\/es\/producto\/carta-colores-ral-k7\/\",\"url\":\"https:\/\/ollerpintures.com\/es\/producto\/carta-colores-ral-k7\/\",\"name\":\"Carta de colores RAL | Carta RAL K7 | Carta Colores | Oller Grup\",\"isPartOf\":{\"@id\":\"https:\/\/ollerpintures.com\/es\/#website\"},\"primaryImageOfPage\":{\"@id\":\"https:\/\/ollerpintures.com\/es\/producto\/carta-colores-ral-k7\/#primaryimage\"},\"image\":{\"@id\":\"https:\/\/ollerpintures.com\/es\/producto\/carta-colores-ral-k7\/#primaryimage\"},\"thumbnailUrl\":\"https:\/\/ollerpintures.com\/wp-content\/uploads\/2023\/09\/carta-colores-ral-k-7-comprar-online.jpg\",\"datePublished\":\"2023-09-08T08:39:26+00:00\",\"dateModified\":\"2024-01-17T08:25:22+00:00\",\"description\":\"Carta de Colores RAL K7 de pinturas Zenko disponible en Oller Pinturas, una versi\u00f3n c\u00f3moda y reducida de 190 colores RAL para profesionales.\",\"breadcrumb\":{\"@id\":\"https:\/\/ollerpintures.com\/es\/producto\/carta-colores-ral-k7\/#breadcrumb\"},\"inLanguage\":\"es\",\"potentialAction\":[{\"@type\":\"ReadAction\",\"target\":[\"https:\/\/ollerpintures.com\/es\/producto\/carta-colores-ral-k7\/\"]}]},{\"@type\":\"ImageObject\",\"inLanguage\":\"es\",\"@id\":\"https:\/\/ollerpintures.com\/es\/producto\/carta-colores-ral-k7\/#primaryimage\",\"url\":\"https:\/\/ollerpintures.com\/wp-content\/uploads\/2023\/09\/carta-colores-ral-k-7-comprar-online.jpg\",\"contentUrl\":\"https:\/\/ollerpintures.com\/wp-content\/uploads\/2023\/09\/carta-colores-ral-k-7-comprar-online.jpg\",\"width\":1080,\"height\":1080,\"caption\":\"carta colores ral k7 zenko\"},{\"@type\":\"BreadcrumbList\",\"@id\":\"https:\/\/ollerpintures.com\/es\/producto\/carta-colores-ral-k7\/#breadcrumb\",\"itemListElement\":[{\"@type\":\"ListItem\",\"position\":1,\"name\":\"Inici\",\"item\":\"https:\/\/ollerpintures.com\/es\/\"},{\"@type\":\"ListItem\",\"position\":2,\"name\":\"Tienda\",\"item\":\"https:\/\/ollerpintures.com\/es\/tienda\/\"},{\"@type\":\"ListItem\",\"position\":3,\"name\":\"Carta de colores RAL | Carta RAL K7 | Carta Colores Pintura\"}]},{\"@type\":\"WebSite\",\"@id\":\"https:\/\/ollerpintures.com\/es\/#website\",\"url\":\"https:\/\/ollerpintures.com\/es\/\",\"name\":\"Oller Pinturas y Revestimientos\",\"description\":\"M\u00e1s de 50 a\u00f1os acompa\u00f1ando a profesionales y particulares con soluciones de pintura duraderas y sostenibles, seis tiendas de proximidad con servicio tintom\u00e9trico propio y un compromiso real con el oficio y las nuevas generaciones.\",\"publisher\":{\"@id\":\"https:\/\/ollerpintures.com\/es\/#organization\"},\"alternateName\":\"Oller Grup\",\"potentialAction\":[{\"@type\":\"SearchAction\",\"target\":{\"@type\":\"EntryPoint\",\"urlTemplate\":\"https:\/\/ollerpintures.com\/es\/?s={search_term_string}\"},\"query-input\":{\"@type\":\"PropertyValueSpecification\",\"valueRequired\":true,\"valueName\":\"search_term_string\"}}],\"inLanguage\":\"es\"},{\"@type\":\"Organization\",\"@id\":\"https:\/\/ollerpintures.com\/es\/#organization\",\"name\":\"Oller Pintures i Revestiments\",\"alternateName\":\"Oller Grup\",\"url\":\"https:\/\/ollerpintures.com\/es\/\",\"logo\":{\"@type\":\"ImageObject\",\"inLanguage\":\"es\",\"@id\":\"https:\/\/ollerpintures.com\/es\/#\/schema\/logo\/image\/\",\"url\":\"https:\/\/ollerpintures.com\/wp-content\/uploads\/2024\/05\/newLogo.png\",\"contentUrl\":\"https:\/\/ollerpintures.com\/wp-content\/uploads\/2024\/05\/newLogo.png\",\"width\":483,\"height\":244,\"caption\":\"Oller Pintures i Revestiments\"},\"image\":{\"@id\":\"https:\/\/ollerpintures.com\/es\/#\/schema\/logo\/image\/\"},\"sameAs\":[\"https:\/\/www.facebook.com\/people\/Oller-Pintures\/100063652056709\/\",\"https:\/\/www.instagram.com\/ollerpintures\/\",\"https:\/\/descriptor.es\/organization\/oller-grup\/\"]}]}<\/script>\n<!-- \/ Yoast SEO plugin. -->","yoast_head_json":{"title":"Carta de colores RAL | Carta RAL K7 | Carta Colores | Oller Grup","description":"Carta de Colores RAL K7 de pinturas Zenko disponible en Oller Pinturas, una versi\u00f3n c\u00f3moda y reducida de 190 colores RAL para profesionales.","robots":{"index":"index","follow":"follow","max-snippet":"max-snippet:-1","max-image-preview":"max-image-preview:large","max-video-preview":"max-video-preview:-1"},"canonical":"https:\/\/ollerpintures.com\/es\/producto\/carta-colores-ral-k7\/","og_locale":"es_ES","og_type":"article","og_title":"Carta de colores RAL | Carta RAL K7 | Carta Colores | Oller Grup","og_description":"Carta de Colores RAL K7 de pinturas Zenko disponible en Oller Pinturas, una versi\u00f3n c\u00f3moda y reducida de 190 colores RAL para profesionales.","og_url":"https:\/\/ollerpintures.com\/es\/producto\/carta-colores-ral-k7\/","og_site_name":"Oller Pinturas y revestimientos","article_publisher":"https:\/\/www.facebook.com\/people\/Oller-Pintures\/100063652056709\/","article_modified_time":"2024-01-17T08:25:22+00:00","og_image":[{"width":1080,"height":1080,"url":"https:\/\/ollerpintures.com\/wp-content\/uploads\/2023\/09\/carta-colores-ral-k-7-comprar-online.jpg","type":"image\/jpeg"}],"twitter_card":"summary_large_image","twitter_misc":{"Tiempo de lectura":"1 minuto"},"schema":{"@context":"https:\/\/schema.org","@graph":[{"@type":"WebPage","@id":"https:\/\/ollerpintures.com\/es\/producto\/carta-colores-ral-k7\/","url":"https:\/\/ollerpintures.com\/es\/producto\/carta-colores-ral-k7\/","name":"Carta de colores RAL | Carta RAL K7 | Carta Colores | Oller Grup","isPartOf":{"@id":"https:\/\/ollerpintures.com\/es\/#website"},"primaryImageOfPage":{"@id":"https:\/\/ollerpintures.com\/es\/producto\/carta-colores-ral-k7\/#primaryimage"},"image":{"@id":"https:\/\/ollerpintures.com\/es\/producto\/carta-colores-ral-k7\/#primaryimage"},"thumbnailUrl":"https:\/\/ollerpintures.com\/wp-content\/uploads\/2023\/09\/carta-colores-ral-k-7-comprar-online.jpg","datePublished":"2023-09-08T08:39:26+00:00","dateModified":"2024-01-17T08:25:22+00:00","description":"Carta de Colores RAL K7 de pinturas Zenko disponible en Oller Pinturas, una versi\u00f3n c\u00f3moda y reducida de 190 colores RAL para profesionales.","breadcrumb":{"@id":"https:\/\/ollerpintures.com\/es\/producto\/carta-colores-ral-k7\/#breadcrumb"},"inLanguage":"es","potentialAction":[{"@type":"ReadAction","target":["https:\/\/ollerpintures.com\/es\/producto\/carta-colores-ral-k7\/"]}]},{"@type":"ImageObject","inLanguage":"es","@id":"https:\/\/ollerpintures.com\/es\/producto\/carta-colores-ral-k7\/#primaryimage","url":"https:\/\/ollerpintures.com\/wp-content\/uploads\/2023\/09\/carta-colores-ral-k-7-comprar-online.jpg","contentUrl":"https:\/\/ollerpintures.com\/wp-content\/uploads\/2023\/09\/carta-colores-ral-k-7-comprar-online.jpg","width":1080,"height":1080,"caption":"carta colores ral k7 zenko"},{"@type":"BreadcrumbList","@id":"https:\/\/ollerpintures.com\/es\/producto\/carta-colores-ral-k7\/#breadcrumb","itemListElement":[{"@type":"ListItem","position":1,"name":"Inici","item":"https:\/\/ollerpintures.com\/es\/"},{"@type":"ListItem","position":2,"name":"Tienda","item":"https:\/\/ollerpintures.com\/es\/tienda\/"},{"@type":"ListItem","position":3,"name":"Carta de colores RAL | Carta RAL K7 | Carta Colores Pintura"}]},{"@type":"WebSite","@id":"https:\/\/ollerpintures.com\/es\/#website","url":"https:\/\/ollerpintures.com\/es\/","name":"Oller Pinturas y Revestimientos","description":"M\u00e1s de 50 a\u00f1os acompa\u00f1ando a profesionales y particulares con soluciones de pintura duraderas y sostenibles, seis tiendas de proximidad con servicio tintom\u00e9trico propio y un compromiso real con el oficio y las nuevas generaciones.","publisher":{"@id":"https:\/\/ollerpintures.com\/es\/#organization"},"alternateName":"Oller Grup","potentialAction":[{"@type":"SearchAction","target":{"@type":"EntryPoint","urlTemplate":"https:\/\/ollerpintures.com\/es\/?s={search_term_string}"},"query-input":{"@type":"PropertyValueSpecification","valueRequired":true,"valueName":"search_term_string"}}],"inLanguage":"es"},{"@type":"Organization","@id":"https:\/\/ollerpintures.com\/es\/#organization","name":"Oller Pintures i Revestiments","alternateName":"Oller Grup","url":"https:\/\/ollerpintures.com\/es\/","logo":{"@type":"ImageObject","inLanguage":"es","@id":"https:\/\/ollerpintures.com\/es\/#\/schema\/logo\/image\/","url":"https:\/\/ollerpintures.com\/wp-content\/uploads\/2024\/05\/newLogo.png","contentUrl":"https:\/\/ollerpintures.com\/wp-content\/uploads\/2024\/05\/newLogo.png","width":483,"height":244,"caption":"Oller Pintures i Revestiments"},"image":{"@id":"https:\/\/ollerpintures.com\/es\/#\/schema\/logo\/image\/"},"sameAs":["https:\/\/www.facebook.com\/people\/Oller-Pintures\/100063652056709\/","https:\/\/www.instagram.com\/ollerpintures\/","https:\/\/descriptor.es\/organization\/oller-grup\/"]}]}},"brands":[],"_links":{"self":[{"href":"https:\/\/ollerpintures.com\/es\/wp-json\/wp\/v2\/product\/25926","targetHints":{"allow":["GET"]}}],"collection":[{"href":"https:\/\/ollerpintures.com\/es\/wp-json\/wp\/v2\/product"}],"about":[{"href":"https:\/\/ollerpintures.com\/es\/wp-json\/wp\/v2\/types\/product"}],"wp:featuredmedia":[{"embeddable":true,"href":"https:\/\/ollerpintures.com\/es\/wp-json\/wp\/v2\/media\/25925"}],"wp:attachment":[{"href":"https:\/\/ollerpintures.com\/es\/wp-json\/wp\/v2\/media?parent=25926"}],"wp:term":[{"taxonomy":"pwb-brand","embeddable":true,"href":"https:\/\/ollerpintures.com\/es\/wp-json\/wp\/v2\/pwb-brand?post=25926"},{"taxonomy":"product_brand","embeddable":true,"href":"https:\/\/ollerpintures.com\/es\/wp-json\/wp\/v2\/product_brand?post=25926"},{"taxonomy":"product_cat","embeddable":true,"href":"https:\/\/ollerpintures.com\/es\/wp-json\/wp\/v2\/product_cat?post=25926"},{"taxonomy":"product_tag","embeddable":true,"href":"https:\/\/ollerpintures.com\/es\/wp-json\/wp\/v2\/product_tag?post=25926"}],"curies":[{"name":"wp","href":"https:\/\/api.w.org\/{rel}","templated":true}]}}