{"id":25619,"date":"2023-08-23T15:31:11","date_gmt":"2023-08-23T14:31:11","guid":{"rendered":"https:\/\/oller-pintures.c.wetopi.com\/producte\/pistola-aerografica-gr-4001g\/"},"modified":"2024-09-14T10:08:38","modified_gmt":"2024-09-14T09:08:38","slug":"pistola-aerografica-gr-4001g","status":"publish","type":"product","link":"https:\/\/ollerpintures.com\/es\/producto\/pistola-aerografica-gr-4001g\/","title":{"rendered":"Pistola aerogr\u00e1fica GR-4001G 1,7mm y 2mm"},"content":{"rendered":"<p><strong>\u00a1Pistola aerogr\u00e1fica en oferta!<\/strong><\/p>\n<p>Pistola aerogr\u00e1fica de gravedad Green-Air GR-4001G de paso 1,7mm y 2mm con regulador de abanico y regulador de caudal de aire. Tiene un dep\u00f3sito de gravedad de 600ml y una rosca de entrada de aire 1\/4&#8243;.<\/p>\n<p>&nbsp;<\/p>\n<blockquote><p><strong>\u00a1Aprovecha esta oportunidad \u00fanica y ll\u00e9vate la pistola aerogr\u00e1fica GR-4001G de 1,7mm o 2,00mm a mitad de precio!<\/strong><\/p><\/blockquote>\n","protected":false},"excerpt":{"rendered":"<div class=\"content user-select-text\" tabindex=\"0\" aria-description=\"\" aria-label=\"Enviado por Copilot: La **pistola aerogr\u00e1fica** Green-Air GR-4001G es una herramienta vers\u00e1til y eficiente, ideal para diversas aplicaciones profesionales. A continuaci\u00f3n, se presentan tres casos de uso en diferentes industrias:\n\n- **Automoci\u00f3n**: En la industria automotriz, la pistola aerogr\u00e1fica se utiliza para aplicar pintura de manera uniforme en carrocer\u00edas de veh\u00edculos, garantizando un acabado liso y profesional.\n\n- **Carpinter\u00eda**: Los carpinteros emplean la pistola aerogr\u00e1fica para aplicar barnices y lacas en muebles y estructuras de madera, logrando una cobertura homog\u00e9nea y de alta calidad.\n\n- **Arte y Decoraci\u00f3n**: En el \u00e1mbito art\u00edstico, los pintores y decoradores utilizan la pistola aerogr\u00e1fica para crear murales, grafitis y otras obras de arte, permitiendo una aplicaci\u00f3n precisa y controlada de los colores.\n\n\u00bfTe gustar\u00eda saber m\u00e1s detalles sobre alguna de estas aplicaciones?\"><\/p>\n<div class=\"ac-container ac-adaptiveCard has-image\">\n<div class=\"ac-textBlock\">\n<p>La <strong>pistola aerogr\u00e1fica<\/strong> Green-Air GR-4001G es una herramienta vers\u00e1til y eficiente, ideal para diversas aplicaciones profesionales. Algunos ejemplos de uso en diferentes industrias:<\/p>\n<ul>\n<li><strong>Automoci\u00f3n<\/strong>: En la industria automotriz, la pistola aerogr\u00e1fica se utiliza para aplicar pintura de manera uniforme en carrocer\u00edas de veh\u00edculos, garantizando un acabado liso y profesional.<\/li>\n<li><strong>Carpinter\u00eda<\/strong>: Los carpinteros emplean la pistola aerogr\u00e1fica para aplicar <a href=\"https:\/\/ollerpintures.com\/es\/categoria-producto\/pintura-es\/tratamiento-para-madera-y-jardin\/barniz\/\">barnices<\/a> y lacas en muebles y estructuras de madera, logrando una cobertura homog\u00e9nea y de alta calidad.<\/li>\n<li><strong>Arte y Decoraci\u00f3n<\/strong>: En el \u00e1mbito art\u00edstico, los pintores y decoradores utilizan la pistola aerogr\u00e1fica para crear murales, grafitis y otras obras de arte, permitiendo una aplicaci\u00f3n precisa y controlada de los colores.<\/li>\n<\/ul>\n<\/div>\n<\/div>\n<div class=\"ad-container\"><\/div>\n<\/div>\n","protected":false},"featured_media":25617,"template":"","meta":{"_acf_changed":false},"pwb-brand":[],"product_brand":[],"product_cat":[813,1987],"product_tag":[817,326],"class_list":{"0":"post-25619","1":"product","2":"type-product","3":"status-publish","4":"has-post-thumbnail","6":"product_cat-maquinaria-oferta","7":"product_cat-airless-y-pistolas","8":"product_tag-maquinaria-es","9":"product_tag-pistola-es","10":"no-featured-image-padding","11":"resize-featured-image","12":"sales-flash-overlay","13":"woocommerce-text-align-left","14":"woocommerce-image-align-center","15":"do-quantity-buttons","17":"first","18":"instock","19":"sale","20":"shipping-taxable","21":"purchasable","22":"product-type-variable"},"acf":[],"yoast_head":"<!-- This site is optimized with the Yoast SEO plugin v27.1.1 - https:\/\/yoast.com\/product\/yoast-seo-wordpress\/ -->\n<title>Pistola aerogr\u00e1fica GR-4001G 1,7mm y 2mm - Oller Pinturas y revestimientos<\/title>\n<meta name=\"description\" content=\"La pistola aerogr\u00e1fica Green-Air GR-4001G es una herramienta vers\u00e1til y eficiente, ideal para diversas aplicaciones profesionales. Algunos ejemplos de uso en diferentes industrias:   Automoci\u00f3n: En la industria automotriz, la pistola aerogr\u00e1fica se utiliza para aplicar pintura de manera uniforme en carrocer\u00edas de veh\u00edculos, garantizando un acabado liso y profesional.  Carpinter\u00eda: Los carpinteros emplean la pistola aerogr\u00e1fica para aplicar barnices y lacas en muebles y estructuras de madera, logrando una cobertura homog\u00e9nea y de alta calidad.  Arte y Decoraci\u00f3n: En el \u00e1mbito art\u00edstico, los pintores y decoradores utilizan la pistola aerogr\u00e1fica para crear murales, grafitis y otras obras de arte, permitiendo una aplicaci\u00f3n precisa y controlada de los colores.\" \/>\n<meta name=\"robots\" content=\"index, follow, max-snippet:-1, max-image-preview:large, max-video-preview:-1\" \/>\n<link rel=\"canonical\" href=\"https:\/\/ollerpintures.com\/es\/producto\/pistola-aerografica-gr-4001g\/\" \/>\n<meta property=\"og:locale\" content=\"es_ES\" \/>\n<meta property=\"og:type\" content=\"article\" \/>\n<meta property=\"og:title\" content=\"Pistola aerogr\u00e1fica GR-4001G 1,7mm y 2mm - Oller Pinturas y revestimientos\" \/>\n<meta property=\"og:description\" content=\"La pistola aerogr\u00e1fica Green-Air GR-4001G es una herramienta vers\u00e1til y eficiente, ideal para diversas aplicaciones profesionales. Algunos ejemplos de uso en diferentes industrias:   Automoci\u00f3n: En la industria automotriz, la pistola aerogr\u00e1fica se utiliza para aplicar pintura de manera uniforme en carrocer\u00edas de veh\u00edculos, garantizando un acabado liso y profesional.  Carpinter\u00eda: Los carpinteros emplean la pistola aerogr\u00e1fica para aplicar barnices y lacas en muebles y estructuras de madera, logrando una cobertura homog\u00e9nea y de alta calidad.  Arte y Decoraci\u00f3n: En el \u00e1mbito art\u00edstico, los pintores y decoradores utilizan la pistola aerogr\u00e1fica para crear murales, grafitis y otras obras de arte, permitiendo una aplicaci\u00f3n precisa y controlada de los colores.\" \/>\n<meta property=\"og:url\" content=\"https:\/\/ollerpintures.com\/es\/producto\/pistola-aerografica-gr-4001g\/\" \/>\n<meta property=\"og:site_name\" content=\"Oller Pinturas y revestimientos\" \/>\n<meta property=\"article:publisher\" content=\"https:\/\/www.facebook.com\/people\/Oller-Pintures\/100063652056709\/\" \/>\n<meta property=\"article:modified_time\" content=\"2024-09-14T09:08:38+00:00\" \/>\n<meta property=\"og:image\" content=\"https:\/\/ollerpintures.com\/wp-content\/uploads\/2023\/08\/pistola-aerografica-gr-4001-g-oferta.jpg\" \/>\n\t<meta property=\"og:image:width\" content=\"1080\" \/>\n\t<meta property=\"og:image:height\" content=\"1080\" \/>\n\t<meta property=\"og:image:type\" content=\"image\/jpeg\" \/>\n<meta name=\"twitter:card\" content=\"summary_large_image\" \/>\n<meta name=\"twitter:label1\" content=\"Tiempo de lectura\" \/>\n\t<meta name=\"twitter:data1\" content=\"1 minuto\" \/>\n<script type=\"application\/ld+json\" class=\"yoast-schema-graph\">{\"@context\":\"https:\/\/schema.org\",\"@graph\":[{\"@type\":\"WebPage\",\"@id\":\"https:\/\/ollerpintures.com\/es\/producto\/pistola-aerografica-gr-4001g\/\",\"url\":\"https:\/\/ollerpintures.com\/es\/producto\/pistola-aerografica-gr-4001g\/\",\"name\":\"Pistola aerogr\u00e1fica GR-4001G 1,7mm y 2mm - Oller Pinturas y revestimientos\",\"isPartOf\":{\"@id\":\"https:\/\/ollerpintures.com\/es\/#website\"},\"primaryImageOfPage\":{\"@id\":\"https:\/\/ollerpintures.com\/es\/producto\/pistola-aerografica-gr-4001g\/#primaryimage\"},\"image\":{\"@id\":\"https:\/\/ollerpintures.com\/es\/producto\/pistola-aerografica-gr-4001g\/#primaryimage\"},\"thumbnailUrl\":\"https:\/\/ollerpintures.com\/wp-content\/uploads\/2023\/08\/pistola-aerografica-gr-4001-g-oferta.jpg\",\"datePublished\":\"2023-08-23T14:31:11+00:00\",\"dateModified\":\"2024-09-14T09:08:38+00:00\",\"description\":\"La pistola aerogr\u00e1fica Green-Air GR-4001G es una herramienta vers\u00e1til y eficiente, ideal para diversas aplicaciones profesionales. Algunos ejemplos de uso en diferentes industrias: Automoci\u00f3n: En la industria automotriz, la pistola aerogr\u00e1fica se utiliza para aplicar pintura de manera uniforme en carrocer\u00edas de veh\u00edculos, garantizando un acabado liso y profesional. Carpinter\u00eda: Los carpinteros emplean la pistola aerogr\u00e1fica para aplicar barnices y lacas en muebles y estructuras de madera, logrando una cobertura homog\u00e9nea y de alta calidad. Arte y Decoraci\u00f3n: En el \u00e1mbito art\u00edstico, los pintores y decoradores utilizan la pistola aerogr\u00e1fica para crear murales, grafitis y otras obras de arte, permitiendo una aplicaci\u00f3n precisa y controlada de los colores.\",\"breadcrumb\":{\"@id\":\"https:\/\/ollerpintures.com\/es\/producto\/pistola-aerografica-gr-4001g\/#breadcrumb\"},\"inLanguage\":\"es\",\"potentialAction\":[{\"@type\":\"ReadAction\",\"target\":[\"https:\/\/ollerpintures.com\/es\/producto\/pistola-aerografica-gr-4001g\/\"]}]},{\"@type\":\"ImageObject\",\"inLanguage\":\"es\",\"@id\":\"https:\/\/ollerpintures.com\/es\/producto\/pistola-aerografica-gr-4001g\/#primaryimage\",\"url\":\"https:\/\/ollerpintures.com\/wp-content\/uploads\/2023\/08\/pistola-aerografica-gr-4001-g-oferta.jpg\",\"contentUrl\":\"https:\/\/ollerpintures.com\/wp-content\/uploads\/2023\/08\/pistola-aerografica-gr-4001-g-oferta.jpg\",\"width\":1080,\"height\":1080,\"caption\":\"pistola aerografica gr-4001g 1,7mm 2mm green air\"},{\"@type\":\"BreadcrumbList\",\"@id\":\"https:\/\/ollerpintures.com\/es\/producto\/pistola-aerografica-gr-4001g\/#breadcrumb\",\"itemListElement\":[{\"@type\":\"ListItem\",\"position\":1,\"name\":\"Inici\",\"item\":\"https:\/\/ollerpintures.com\/es\/\"},{\"@type\":\"ListItem\",\"position\":2,\"name\":\"Tienda\",\"item\":\"https:\/\/ollerpintures.com\/es\/tienda\/\"},{\"@type\":\"ListItem\",\"position\":3,\"name\":\"Pistola aerogr\u00e1fica GR-4001G 1,7mm y 2mm\"}]},{\"@type\":\"WebSite\",\"@id\":\"https:\/\/ollerpintures.com\/es\/#website\",\"url\":\"https:\/\/ollerpintures.com\/es\/\",\"name\":\"Oller Pinturas y Revestimientos\",\"description\":\"M\u00e1s de 50 a\u00f1os acompa\u00f1ando a profesionales y particulares con soluciones de pintura duraderas y sostenibles, seis tiendas de proximidad con servicio tintom\u00e9trico propio y un compromiso real con el oficio y las nuevas generaciones.\",\"publisher\":{\"@id\":\"https:\/\/ollerpintures.com\/es\/#organization\"},\"alternateName\":\"Oller Grup\",\"potentialAction\":[{\"@type\":\"SearchAction\",\"target\":{\"@type\":\"EntryPoint\",\"urlTemplate\":\"https:\/\/ollerpintures.com\/es\/?s={search_term_string}\"},\"query-input\":{\"@type\":\"PropertyValueSpecification\",\"valueRequired\":true,\"valueName\":\"search_term_string\"}}],\"inLanguage\":\"es\"},{\"@type\":\"Organization\",\"@id\":\"https:\/\/ollerpintures.com\/es\/#organization\",\"name\":\"Oller Pintures i Revestiments\",\"alternateName\":\"Oller Grup\",\"url\":\"https:\/\/ollerpintures.com\/es\/\",\"logo\":{\"@type\":\"ImageObject\",\"inLanguage\":\"es\",\"@id\":\"https:\/\/ollerpintures.com\/es\/#\/schema\/logo\/image\/\",\"url\":\"https:\/\/ollerpintures.com\/wp-content\/uploads\/2024\/05\/newLogo.png\",\"contentUrl\":\"https:\/\/ollerpintures.com\/wp-content\/uploads\/2024\/05\/newLogo.png\",\"width\":483,\"height\":244,\"caption\":\"Oller Pintures i Revestiments\"},\"image\":{\"@id\":\"https:\/\/ollerpintures.com\/es\/#\/schema\/logo\/image\/\"},\"sameAs\":[\"https:\/\/www.facebook.com\/people\/Oller-Pintures\/100063652056709\/\",\"https:\/\/www.instagram.com\/ollerpintures\/\",\"https:\/\/descriptor.es\/organization\/oller-grup\/\"]}]}<\/script>\n<!-- \/ Yoast SEO plugin. -->","yoast_head_json":{"title":"Pistola aerogr\u00e1fica GR-4001G 1,7mm y 2mm - Oller Pinturas y revestimientos","description":"La pistola aerogr\u00e1fica Green-Air GR-4001G es una herramienta vers\u00e1til y eficiente, ideal para diversas aplicaciones profesionales. Algunos ejemplos de uso en diferentes industrias:   Automoci\u00f3n: En la industria automotriz, la pistola aerogr\u00e1fica se utiliza para aplicar pintura de manera uniforme en carrocer\u00edas de veh\u00edculos, garantizando un acabado liso y profesional.  Carpinter\u00eda: Los carpinteros emplean la pistola aerogr\u00e1fica para aplicar barnices y lacas en muebles y estructuras de madera, logrando una cobertura homog\u00e9nea y de alta calidad.  Arte y Decoraci\u00f3n: En el \u00e1mbito art\u00edstico, los pintores y decoradores utilizan la pistola aerogr\u00e1fica para crear murales, grafitis y otras obras de arte, permitiendo una aplicaci\u00f3n precisa y controlada de los colores.","robots":{"index":"index","follow":"follow","max-snippet":"max-snippet:-1","max-image-preview":"max-image-preview:large","max-video-preview":"max-video-preview:-1"},"canonical":"https:\/\/ollerpintures.com\/es\/producto\/pistola-aerografica-gr-4001g\/","og_locale":"es_ES","og_type":"article","og_title":"Pistola aerogr\u00e1fica GR-4001G 1,7mm y 2mm - Oller Pinturas y revestimientos","og_description":"La pistola aerogr\u00e1fica Green-Air GR-4001G es una herramienta vers\u00e1til y eficiente, ideal para diversas aplicaciones profesionales. Algunos ejemplos de uso en diferentes industrias:   Automoci\u00f3n: En la industria automotriz, la pistola aerogr\u00e1fica se utiliza para aplicar pintura de manera uniforme en carrocer\u00edas de veh\u00edculos, garantizando un acabado liso y profesional.  Carpinter\u00eda: Los carpinteros emplean la pistola aerogr\u00e1fica para aplicar barnices y lacas en muebles y estructuras de madera, logrando una cobertura homog\u00e9nea y de alta calidad.  Arte y Decoraci\u00f3n: En el \u00e1mbito art\u00edstico, los pintores y decoradores utilizan la pistola aerogr\u00e1fica para crear murales, grafitis y otras obras de arte, permitiendo una aplicaci\u00f3n precisa y controlada de los colores.","og_url":"https:\/\/ollerpintures.com\/es\/producto\/pistola-aerografica-gr-4001g\/","og_site_name":"Oller Pinturas y revestimientos","article_publisher":"https:\/\/www.facebook.com\/people\/Oller-Pintures\/100063652056709\/","article_modified_time":"2024-09-14T09:08:38+00:00","og_image":[{"width":1080,"height":1080,"url":"https:\/\/ollerpintures.com\/wp-content\/uploads\/2023\/08\/pistola-aerografica-gr-4001-g-oferta.jpg","type":"image\/jpeg"}],"twitter_card":"summary_large_image","twitter_misc":{"Tiempo de lectura":"1 minuto"},"schema":{"@context":"https:\/\/schema.org","@graph":[{"@type":"WebPage","@id":"https:\/\/ollerpintures.com\/es\/producto\/pistola-aerografica-gr-4001g\/","url":"https:\/\/ollerpintures.com\/es\/producto\/pistola-aerografica-gr-4001g\/","name":"Pistola aerogr\u00e1fica GR-4001G 1,7mm y 2mm - Oller Pinturas y revestimientos","isPartOf":{"@id":"https:\/\/ollerpintures.com\/es\/#website"},"primaryImageOfPage":{"@id":"https:\/\/ollerpintures.com\/es\/producto\/pistola-aerografica-gr-4001g\/#primaryimage"},"image":{"@id":"https:\/\/ollerpintures.com\/es\/producto\/pistola-aerografica-gr-4001g\/#primaryimage"},"thumbnailUrl":"https:\/\/ollerpintures.com\/wp-content\/uploads\/2023\/08\/pistola-aerografica-gr-4001-g-oferta.jpg","datePublished":"2023-08-23T14:31:11+00:00","dateModified":"2024-09-14T09:08:38+00:00","description":"La pistola aerogr\u00e1fica Green-Air GR-4001G es una herramienta vers\u00e1til y eficiente, ideal para diversas aplicaciones profesionales. Algunos ejemplos de uso en diferentes industrias: Automoci\u00f3n: En la industria automotriz, la pistola aerogr\u00e1fica se utiliza para aplicar pintura de manera uniforme en carrocer\u00edas de veh\u00edculos, garantizando un acabado liso y profesional. Carpinter\u00eda: Los carpinteros emplean la pistola aerogr\u00e1fica para aplicar barnices y lacas en muebles y estructuras de madera, logrando una cobertura homog\u00e9nea y de alta calidad. Arte y Decoraci\u00f3n: En el \u00e1mbito art\u00edstico, los pintores y decoradores utilizan la pistola aerogr\u00e1fica para crear murales, grafitis y otras obras de arte, permitiendo una aplicaci\u00f3n precisa y controlada de los colores.","breadcrumb":{"@id":"https:\/\/ollerpintures.com\/es\/producto\/pistola-aerografica-gr-4001g\/#breadcrumb"},"inLanguage":"es","potentialAction":[{"@type":"ReadAction","target":["https:\/\/ollerpintures.com\/es\/producto\/pistola-aerografica-gr-4001g\/"]}]},{"@type":"ImageObject","inLanguage":"es","@id":"https:\/\/ollerpintures.com\/es\/producto\/pistola-aerografica-gr-4001g\/#primaryimage","url":"https:\/\/ollerpintures.com\/wp-content\/uploads\/2023\/08\/pistola-aerografica-gr-4001-g-oferta.jpg","contentUrl":"https:\/\/ollerpintures.com\/wp-content\/uploads\/2023\/08\/pistola-aerografica-gr-4001-g-oferta.jpg","width":1080,"height":1080,"caption":"pistola aerografica gr-4001g 1,7mm 2mm green air"},{"@type":"BreadcrumbList","@id":"https:\/\/ollerpintures.com\/es\/producto\/pistola-aerografica-gr-4001g\/#breadcrumb","itemListElement":[{"@type":"ListItem","position":1,"name":"Inici","item":"https:\/\/ollerpintures.com\/es\/"},{"@type":"ListItem","position":2,"name":"Tienda","item":"https:\/\/ollerpintures.com\/es\/tienda\/"},{"@type":"ListItem","position":3,"name":"Pistola aerogr\u00e1fica GR-4001G 1,7mm y 2mm"}]},{"@type":"WebSite","@id":"https:\/\/ollerpintures.com\/es\/#website","url":"https:\/\/ollerpintures.com\/es\/","name":"Oller Pinturas y Revestimientos","description":"M\u00e1s de 50 a\u00f1os acompa\u00f1ando a profesionales y particulares con soluciones de pintura duraderas y sostenibles, seis tiendas de proximidad con servicio tintom\u00e9trico propio y un compromiso real con el oficio y las nuevas generaciones.","publisher":{"@id":"https:\/\/ollerpintures.com\/es\/#organization"},"alternateName":"Oller Grup","potentialAction":[{"@type":"SearchAction","target":{"@type":"EntryPoint","urlTemplate":"https:\/\/ollerpintures.com\/es\/?s={search_term_string}"},"query-input":{"@type":"PropertyValueSpecification","valueRequired":true,"valueName":"search_term_string"}}],"inLanguage":"es"},{"@type":"Organization","@id":"https:\/\/ollerpintures.com\/es\/#organization","name":"Oller Pintures i Revestiments","alternateName":"Oller Grup","url":"https:\/\/ollerpintures.com\/es\/","logo":{"@type":"ImageObject","inLanguage":"es","@id":"https:\/\/ollerpintures.com\/es\/#\/schema\/logo\/image\/","url":"https:\/\/ollerpintures.com\/wp-content\/uploads\/2024\/05\/newLogo.png","contentUrl":"https:\/\/ollerpintures.com\/wp-content\/uploads\/2024\/05\/newLogo.png","width":483,"height":244,"caption":"Oller Pintures i Revestiments"},"image":{"@id":"https:\/\/ollerpintures.com\/es\/#\/schema\/logo\/image\/"},"sameAs":["https:\/\/www.facebook.com\/people\/Oller-Pintures\/100063652056709\/","https:\/\/www.instagram.com\/ollerpintures\/","https:\/\/descriptor.es\/organization\/oller-grup\/"]}]}},"brands":[],"_links":{"self":[{"href":"https:\/\/ollerpintures.com\/es\/wp-json\/wp\/v2\/product\/25619","targetHints":{"allow":["GET"]}}],"collection":[{"href":"https:\/\/ollerpintures.com\/es\/wp-json\/wp\/v2\/product"}],"about":[{"href":"https:\/\/ollerpintures.com\/es\/wp-json\/wp\/v2\/types\/product"}],"wp:featuredmedia":[{"embeddable":true,"href":"https:\/\/ollerpintures.com\/es\/wp-json\/wp\/v2\/media\/25617"}],"wp:attachment":[{"href":"https:\/\/ollerpintures.com\/es\/wp-json\/wp\/v2\/media?parent=25619"}],"wp:term":[{"taxonomy":"pwb-brand","embeddable":true,"href":"https:\/\/ollerpintures.com\/es\/wp-json\/wp\/v2\/pwb-brand?post=25619"},{"taxonomy":"product_brand","embeddable":true,"href":"https:\/\/ollerpintures.com\/es\/wp-json\/wp\/v2\/product_brand?post=25619"},{"taxonomy":"product_cat","embeddable":true,"href":"https:\/\/ollerpintures.com\/es\/wp-json\/wp\/v2\/product_cat?post=25619"},{"taxonomy":"product_tag","embeddable":true,"href":"https:\/\/ollerpintures.com\/es\/wp-json\/wp\/v2\/product_tag?post=25619"}],"curies":[{"name":"wp","href":"https:\/\/api.w.org\/{rel}","templated":true}]}}