{"id":24932,"date":"2023-05-12T08:14:30","date_gmt":"2023-05-12T07:14:30","guid":{"rendered":"https:\/\/oller-pintures.c.wetopi.com\/?post_type=product&#038;p=24932"},"modified":"2024-07-09T18:47:23","modified_gmt":"2024-07-09T17:47:23","slug":"aceite-para-teca-xylazel-spray","status":"publish","type":"product","link":"https:\/\/ollerpintures.com\/es\/producto\/aceite-para-teca-xylazel-spray\/","title":{"rendered":"Aceite para teca XYLAZEL Miel en spray 400ml"},"content":{"rendered":"<p><strong>Aceite para teca de color miel<\/strong> para nutrir, proteger y revitalizar la madera. Esta pintura en spray es<strong> ideal para maderas tropicales y ex\u00f3ticas.<\/strong> Gracias a su filtro solar, da un mantenimiento id\u00f3neo a los muebles de jard\u00edn. Se aplica sobre maderas limpias sin barnizar para recuperar su color y brillo originales.<\/p>\n<p>&nbsp;<\/p>\n<p>Instrucciones de uso:<\/p>\n<ol>\n<li>Agitar bien antes de utilizar<\/li>\n<li>Aplicar sobre la superficie hasta saturar<\/li>\n<li>Esperar 20 minutos<\/li>\n<li>Tras 20 minutos, limpiar los excesos<\/li>\n<\/ol>\n","protected":false},"excerpt":{"rendered":"<p><strong>Aceite para teca de color miel<\/strong> para nutrir, proteger y revitalizar la madera. Esta pintura en spray es<strong> ideal para maderas tropicales y ex\u00f3ticas.<\/strong> Gracias a su filtro solar, da un mantenimiento id\u00f3neo a los muebles de jard\u00edn. Se aplica sobre maderas limpias sin barnizar para recuperar su color y brillo originales.<\/p>\n","protected":false},"featured_media":24943,"template":"","meta":{"_acf_changed":false},"pwb-brand":[1974],"product_brand":[],"product_cat":[825,834,633,706,220],"product_tag":[537,329],"class_list":{"0":"post-24932","1":"product","2":"type-product","3":"status-publish","4":"has-post-thumbnail","6":"pwb-brand-xylazel-2","7":"product_cat-tratamiento-para-madera-y-jardin","8":"product_cat-aceite-de-teca","9":"product_cat-sprays-es","10":"product_cat-spray-especial-es","11":"product_cat-productos-outlet","12":"product_tag-madera","13":"product_tag-spray-es","14":"no-featured-image-padding","15":"resize-featured-image","16":"sales-flash-overlay","17":"woocommerce-text-align-left","18":"woocommerce-image-align-center","19":"do-quantity-buttons","21":"first","22":"outofstock","23":"shipping-taxable","24":"purchasable","25":"product-type-simple"},"acf":[],"yoast_head":"<!-- This site is optimized with the Yoast SEO plugin v27.1.1 - https:\/\/yoast.com\/product\/yoast-seo-wordpress\/ -->\n<title>Aceite para teca XYLAZEL Miel en spray 400ml - Oller Pinturas y revestimientos<\/title>\n<meta name=\"description\" content=\"Aceite para teca de color miel para nutrir, proteger y revitalizar la madera. Esta pintura en spray es ideal para maderas tropicales y ex\u00f3ticas. Gracias a su filtro solar, da un mantenimiento id\u00f3neo a los muebles de jard\u00edn. Se aplica sobre maderas limpias sin barnizar para recuperar su color y brillo originales.\" \/>\n<meta name=\"robots\" content=\"index, follow, max-snippet:-1, max-image-preview:large, max-video-preview:-1\" \/>\n<link rel=\"canonical\" href=\"https:\/\/ollerpintures.com\/es\/producto\/aceite-para-teca-xylazel-spray\/\" \/>\n<meta property=\"og:locale\" content=\"es_ES\" \/>\n<meta property=\"og:type\" content=\"article\" \/>\n<meta property=\"og:title\" content=\"Aceite para teca XYLAZEL Miel en spray 400ml - Oller Pinturas y revestimientos\" \/>\n<meta property=\"og:description\" content=\"Aceite para teca de color miel para nutrir, proteger y revitalizar la madera. Esta pintura en spray es ideal para maderas tropicales y ex\u00f3ticas. Gracias a su filtro solar, da un mantenimiento id\u00f3neo a los muebles de jard\u00edn. Se aplica sobre maderas limpias sin barnizar para recuperar su color y brillo originales.\" \/>\n<meta property=\"og:url\" content=\"https:\/\/ollerpintures.com\/es\/producto\/aceite-para-teca-xylazel-spray\/\" \/>\n<meta property=\"og:site_name\" content=\"Oller Pinturas y revestimientos\" \/>\n<meta property=\"article:publisher\" content=\"https:\/\/www.facebook.com\/people\/Oller-Pintures\/100063652056709\/\" \/>\n<meta property=\"article:modified_time\" content=\"2024-07-09T17:47:23+00:00\" \/>\n<meta property=\"og:image\" content=\"https:\/\/ollerpintures.com\/wp-content\/uploads\/2023\/05\/aceite-para-teca-en-spray-miel-xylazel.jpg\" \/>\n\t<meta property=\"og:image:width\" content=\"1080\" \/>\n\t<meta property=\"og:image:height\" content=\"1080\" \/>\n\t<meta property=\"og:image:type\" content=\"image\/jpeg\" \/>\n<meta name=\"twitter:card\" content=\"summary_large_image\" \/>\n<script type=\"application\/ld+json\" class=\"yoast-schema-graph\">{\"@context\":\"https:\/\/schema.org\",\"@graph\":[{\"@type\":\"WebPage\",\"@id\":\"https:\/\/ollerpintures.com\/es\/producto\/aceite-para-teca-xylazel-spray\/\",\"url\":\"https:\/\/ollerpintures.com\/es\/producto\/aceite-para-teca-xylazel-spray\/\",\"name\":\"Aceite para teca XYLAZEL Miel en spray 400ml - Oller Pinturas y revestimientos\",\"isPartOf\":{\"@id\":\"https:\/\/ollerpintures.com\/es\/#website\"},\"primaryImageOfPage\":{\"@id\":\"https:\/\/ollerpintures.com\/es\/producto\/aceite-para-teca-xylazel-spray\/#primaryimage\"},\"image\":{\"@id\":\"https:\/\/ollerpintures.com\/es\/producto\/aceite-para-teca-xylazel-spray\/#primaryimage\"},\"thumbnailUrl\":\"https:\/\/ollerpintures.com\/wp-content\/uploads\/2023\/05\/aceite-para-teca-en-spray-miel-xylazel.jpg\",\"datePublished\":\"2023-05-12T07:14:30+00:00\",\"dateModified\":\"2024-07-09T17:47:23+00:00\",\"description\":\"Aceite para teca de color miel para nutrir, proteger y revitalizar la madera. Esta pintura en spray es ideal para maderas tropicales y ex\u00f3ticas. Gracias a su filtro solar, da un mantenimiento id\u00f3neo a los muebles de jard\u00edn. Se aplica sobre maderas limpias sin barnizar para recuperar su color y brillo originales.\",\"breadcrumb\":{\"@id\":\"https:\/\/ollerpintures.com\/es\/producto\/aceite-para-teca-xylazel-spray\/#breadcrumb\"},\"inLanguage\":\"es\",\"potentialAction\":[{\"@type\":\"ReadAction\",\"target\":[\"https:\/\/ollerpintures.com\/es\/producto\/aceite-para-teca-xylazel-spray\/\"]}]},{\"@type\":\"ImageObject\",\"inLanguage\":\"es\",\"@id\":\"https:\/\/ollerpintures.com\/es\/producto\/aceite-para-teca-xylazel-spray\/#primaryimage\",\"url\":\"https:\/\/ollerpintures.com\/wp-content\/uploads\/2023\/05\/aceite-para-teca-en-spray-miel-xylazel.jpg\",\"contentUrl\":\"https:\/\/ollerpintures.com\/wp-content\/uploads\/2023\/05\/aceite-para-teca-en-spray-miel-xylazel.jpg\",\"width\":1080,\"height\":1080,\"caption\":\"aceite para teca spray miel xylazel\"},{\"@type\":\"BreadcrumbList\",\"@id\":\"https:\/\/ollerpintures.com\/es\/producto\/aceite-para-teca-xylazel-spray\/#breadcrumb\",\"itemListElement\":[{\"@type\":\"ListItem\",\"position\":1,\"name\":\"Inici\",\"item\":\"https:\/\/ollerpintures.com\/es\/\"},{\"@type\":\"ListItem\",\"position\":2,\"name\":\"Tienda\",\"item\":\"https:\/\/ollerpintures.com\/es\/tienda\/\"},{\"@type\":\"ListItem\",\"position\":3,\"name\":\"Aceite para teca XYLAZEL Miel en spray 400ml\"}]},{\"@type\":\"WebSite\",\"@id\":\"https:\/\/ollerpintures.com\/es\/#website\",\"url\":\"https:\/\/ollerpintures.com\/es\/\",\"name\":\"Oller Pinturas y Revestimientos\",\"description\":\"M\u00e1s de 50 a\u00f1os acompa\u00f1ando a profesionales y particulares con soluciones de pintura duraderas y sostenibles, seis tiendas de proximidad con servicio tintom\u00e9trico propio y un compromiso real con el oficio y las nuevas generaciones.\",\"publisher\":{\"@id\":\"https:\/\/ollerpintures.com\/es\/#organization\"},\"alternateName\":\"Oller Grup\",\"potentialAction\":[{\"@type\":\"SearchAction\",\"target\":{\"@type\":\"EntryPoint\",\"urlTemplate\":\"https:\/\/ollerpintures.com\/es\/?s={search_term_string}\"},\"query-input\":{\"@type\":\"PropertyValueSpecification\",\"valueRequired\":true,\"valueName\":\"search_term_string\"}}],\"inLanguage\":\"es\"},{\"@type\":\"Organization\",\"@id\":\"https:\/\/ollerpintures.com\/es\/#organization\",\"name\":\"Oller Pintures i Revestiments\",\"alternateName\":\"Oller Grup\",\"url\":\"https:\/\/ollerpintures.com\/es\/\",\"logo\":{\"@type\":\"ImageObject\",\"inLanguage\":\"es\",\"@id\":\"https:\/\/ollerpintures.com\/es\/#\/schema\/logo\/image\/\",\"url\":\"https:\/\/ollerpintures.com\/wp-content\/uploads\/2024\/05\/newLogo.png\",\"contentUrl\":\"https:\/\/ollerpintures.com\/wp-content\/uploads\/2024\/05\/newLogo.png\",\"width\":483,\"height\":244,\"caption\":\"Oller Pintures i Revestiments\"},\"image\":{\"@id\":\"https:\/\/ollerpintures.com\/es\/#\/schema\/logo\/image\/\"},\"sameAs\":[\"https:\/\/www.facebook.com\/people\/Oller-Pintures\/100063652056709\/\",\"https:\/\/www.instagram.com\/ollerpintures\/\",\"https:\/\/descriptor.es\/organization\/oller-grup\/\"]}]}<\/script>\n<!-- \/ Yoast SEO plugin. -->","yoast_head_json":{"title":"Aceite para teca XYLAZEL Miel en spray 400ml - Oller Pinturas y revestimientos","description":"Aceite para teca de color miel para nutrir, proteger y revitalizar la madera. Esta pintura en spray es ideal para maderas tropicales y ex\u00f3ticas. Gracias a su filtro solar, da un mantenimiento id\u00f3neo a los muebles de jard\u00edn. Se aplica sobre maderas limpias sin barnizar para recuperar su color y brillo originales.","robots":{"index":"index","follow":"follow","max-snippet":"max-snippet:-1","max-image-preview":"max-image-preview:large","max-video-preview":"max-video-preview:-1"},"canonical":"https:\/\/ollerpintures.com\/es\/producto\/aceite-para-teca-xylazel-spray\/","og_locale":"es_ES","og_type":"article","og_title":"Aceite para teca XYLAZEL Miel en spray 400ml - Oller Pinturas y revestimientos","og_description":"Aceite para teca de color miel para nutrir, proteger y revitalizar la madera. Esta pintura en spray es ideal para maderas tropicales y ex\u00f3ticas. Gracias a su filtro solar, da un mantenimiento id\u00f3neo a los muebles de jard\u00edn. Se aplica sobre maderas limpias sin barnizar para recuperar su color y brillo originales.","og_url":"https:\/\/ollerpintures.com\/es\/producto\/aceite-para-teca-xylazel-spray\/","og_site_name":"Oller Pinturas y revestimientos","article_publisher":"https:\/\/www.facebook.com\/people\/Oller-Pintures\/100063652056709\/","article_modified_time":"2024-07-09T17:47:23+00:00","og_image":[{"width":1080,"height":1080,"url":"https:\/\/ollerpintures.com\/wp-content\/uploads\/2023\/05\/aceite-para-teca-en-spray-miel-xylazel.jpg","type":"image\/jpeg"}],"twitter_card":"summary_large_image","schema":{"@context":"https:\/\/schema.org","@graph":[{"@type":"WebPage","@id":"https:\/\/ollerpintures.com\/es\/producto\/aceite-para-teca-xylazel-spray\/","url":"https:\/\/ollerpintures.com\/es\/producto\/aceite-para-teca-xylazel-spray\/","name":"Aceite para teca XYLAZEL Miel en spray 400ml - Oller Pinturas y revestimientos","isPartOf":{"@id":"https:\/\/ollerpintures.com\/es\/#website"},"primaryImageOfPage":{"@id":"https:\/\/ollerpintures.com\/es\/producto\/aceite-para-teca-xylazel-spray\/#primaryimage"},"image":{"@id":"https:\/\/ollerpintures.com\/es\/producto\/aceite-para-teca-xylazel-spray\/#primaryimage"},"thumbnailUrl":"https:\/\/ollerpintures.com\/wp-content\/uploads\/2023\/05\/aceite-para-teca-en-spray-miel-xylazel.jpg","datePublished":"2023-05-12T07:14:30+00:00","dateModified":"2024-07-09T17:47:23+00:00","description":"Aceite para teca de color miel para nutrir, proteger y revitalizar la madera. Esta pintura en spray es ideal para maderas tropicales y ex\u00f3ticas. Gracias a su filtro solar, da un mantenimiento id\u00f3neo a los muebles de jard\u00edn. Se aplica sobre maderas limpias sin barnizar para recuperar su color y brillo originales.","breadcrumb":{"@id":"https:\/\/ollerpintures.com\/es\/producto\/aceite-para-teca-xylazel-spray\/#breadcrumb"},"inLanguage":"es","potentialAction":[{"@type":"ReadAction","target":["https:\/\/ollerpintures.com\/es\/producto\/aceite-para-teca-xylazel-spray\/"]}]},{"@type":"ImageObject","inLanguage":"es","@id":"https:\/\/ollerpintures.com\/es\/producto\/aceite-para-teca-xylazel-spray\/#primaryimage","url":"https:\/\/ollerpintures.com\/wp-content\/uploads\/2023\/05\/aceite-para-teca-en-spray-miel-xylazel.jpg","contentUrl":"https:\/\/ollerpintures.com\/wp-content\/uploads\/2023\/05\/aceite-para-teca-en-spray-miel-xylazel.jpg","width":1080,"height":1080,"caption":"aceite para teca spray miel xylazel"},{"@type":"BreadcrumbList","@id":"https:\/\/ollerpintures.com\/es\/producto\/aceite-para-teca-xylazel-spray\/#breadcrumb","itemListElement":[{"@type":"ListItem","position":1,"name":"Inici","item":"https:\/\/ollerpintures.com\/es\/"},{"@type":"ListItem","position":2,"name":"Tienda","item":"https:\/\/ollerpintures.com\/es\/tienda\/"},{"@type":"ListItem","position":3,"name":"Aceite para teca XYLAZEL Miel en spray 400ml"}]},{"@type":"WebSite","@id":"https:\/\/ollerpintures.com\/es\/#website","url":"https:\/\/ollerpintures.com\/es\/","name":"Oller Pinturas y Revestimientos","description":"M\u00e1s de 50 a\u00f1os acompa\u00f1ando a profesionales y particulares con soluciones de pintura duraderas y sostenibles, seis tiendas de proximidad con servicio tintom\u00e9trico propio y un compromiso real con el oficio y las nuevas generaciones.","publisher":{"@id":"https:\/\/ollerpintures.com\/es\/#organization"},"alternateName":"Oller Grup","potentialAction":[{"@type":"SearchAction","target":{"@type":"EntryPoint","urlTemplate":"https:\/\/ollerpintures.com\/es\/?s={search_term_string}"},"query-input":{"@type":"PropertyValueSpecification","valueRequired":true,"valueName":"search_term_string"}}],"inLanguage":"es"},{"@type":"Organization","@id":"https:\/\/ollerpintures.com\/es\/#organization","name":"Oller Pintures i Revestiments","alternateName":"Oller Grup","url":"https:\/\/ollerpintures.com\/es\/","logo":{"@type":"ImageObject","inLanguage":"es","@id":"https:\/\/ollerpintures.com\/es\/#\/schema\/logo\/image\/","url":"https:\/\/ollerpintures.com\/wp-content\/uploads\/2024\/05\/newLogo.png","contentUrl":"https:\/\/ollerpintures.com\/wp-content\/uploads\/2024\/05\/newLogo.png","width":483,"height":244,"caption":"Oller Pintures i Revestiments"},"image":{"@id":"https:\/\/ollerpintures.com\/es\/#\/schema\/logo\/image\/"},"sameAs":["https:\/\/www.facebook.com\/people\/Oller-Pintures\/100063652056709\/","https:\/\/www.instagram.com\/ollerpintures\/","https:\/\/descriptor.es\/organization\/oller-grup\/"]}]}},"brands":[{"id":1974,"name":"Xylazel","slug":"xylazel-2"}],"_links":{"self":[{"href":"https:\/\/ollerpintures.com\/es\/wp-json\/wp\/v2\/product\/24932","targetHints":{"allow":["GET"]}}],"collection":[{"href":"https:\/\/ollerpintures.com\/es\/wp-json\/wp\/v2\/product"}],"about":[{"href":"https:\/\/ollerpintures.com\/es\/wp-json\/wp\/v2\/types\/product"}],"wp:featuredmedia":[{"embeddable":true,"href":"https:\/\/ollerpintures.com\/es\/wp-json\/wp\/v2\/media\/24943"}],"wp:attachment":[{"href":"https:\/\/ollerpintures.com\/es\/wp-json\/wp\/v2\/media?parent=24932"}],"wp:term":[{"taxonomy":"pwb-brand","embeddable":true,"href":"https:\/\/ollerpintures.com\/es\/wp-json\/wp\/v2\/pwb-brand?post=24932"},{"taxonomy":"product_brand","embeddable":true,"href":"https:\/\/ollerpintures.com\/es\/wp-json\/wp\/v2\/product_brand?post=24932"},{"taxonomy":"product_cat","embeddable":true,"href":"https:\/\/ollerpintures.com\/es\/wp-json\/wp\/v2\/product_cat?post=24932"},{"taxonomy":"product_tag","embeddable":true,"href":"https:\/\/ollerpintures.com\/es\/wp-json\/wp\/v2\/product_tag?post=24932"}],"curies":[{"name":"wp","href":"https:\/\/api.w.org\/{rel}","templated":true}]}}