{"id":23777,"date":"2023-01-13T11:03:19","date_gmt":"2023-01-13T10:03:19","guid":{"rendered":"https:\/\/oller-pintures.c.wetopi.com\/?post_type=product&#038;p=23777"},"modified":"2023-01-16T12:28:52","modified_gmt":"2023-01-16T11:28:52","slug":"esmalte-ecologico-al-agua-titanlux-satinado-negro-250ml","status":"publish","type":"product","link":"https:\/\/ollerpintures.com\/es\/producto\/esmalte-ecologico-al-agua-titanlux-satinado-negro-250ml\/","title":{"rendered":"Esmalte ecol\u00f3gico al agua Titanlux  Satinado Negro 250ml"},"content":{"rendered":"<p>Esmalte <strong>multisuperficie al agua<\/strong> de m\u00e1xima calidad y uso universal para interior y exterior. Decora y protege <strong>con una sola capa<\/strong>. Con conservante <strong>anti-moho<\/strong>. No amarillea y conserva los colores y brillo. Respetuoso con las personas y medioambiente. <strong>Esmalte ecol\u00f3gico f\u00e1cil de aplicar<\/strong>, sin olor, secado y repintado muy r\u00e1pidos con secado profesional, lo que permite retomar la actividad al cabo de pocas horas de haber pintado. Gran <strong>resistencia<\/strong> a productos de limpieza dom\u00e9sticos, manchas (caf\u00e9, vino, salsas, aceites&#8230;), golpes y resistente a la intemperie. No deja marcas de pincel. 0% disolventes alif\u00e1ticos y arom\u00e1ticos, 0% metil etil cetoxima y 0% metales pesantes. Nueva tecnolog\u00eda que garantiza las prestaciones premium de <strong>resistencia, dureza, durabilidad, flexibilidad y lavabilidad<\/strong> del producto.<\/p>\n<p><strong>M\u00e9todos de aplicaci\u00f3n:\u00a0<\/strong><\/p>\n<ul>\n<li>Brocha<\/li>\n<li>Rodillo micro-fibra<\/li>\n<li>Pistola<\/li>\n<\/ul>\n<p><strong>Acabado<\/strong>: satinado<\/p>\n<p>&nbsp;<\/p>\n<p>&nbsp;<\/p>\n","protected":false},"excerpt":{"rendered":"<p><strong>Este producto puede tener un tiempo de entrega superior a las 72h.\u00a0<\/strong><\/p>\n","protected":false},"featured_media":23799,"template":"","meta":{"_acf_changed":false},"pwb-brand":[1965],"product_brand":[],"product_cat":[201,206,852,205,848,849,228],"product_tag":[247,225,214,213,227,215,774],"class_list":{"0":"post-23777","1":"product","2":"type-product","3":"status-publish","4":"has-post-thumbnail","6":"pwb-brand-titan-2","7":"product_cat-pintura-es","8":"product_cat-interior","9":"product_cat-pintura-ecologica-es","10":"product_cat-pintura-para-hierro","11":"product_cat-esmaltes-para-hierro","12":"product_cat-esmaltes-para-madera","13":"product_cat-pintura-para-puertas","14":"product_tag-ecologica-es","15":"product_tag-esmalte","16":"product_tag-exterior-es","17":"product_tag-interior-es","18":"product_tag-multisuperficie-es","19":"product_tag-pintura-es","20":"product_tag-pintura-ecologica-es","21":"no-featured-image-padding","22":"resize-featured-image","23":"sales-flash-overlay","24":"woocommerce-text-align-left","25":"woocommerce-image-align-center","26":"do-quantity-buttons","28":"first","29":"instock","30":"shipping-taxable","31":"purchasable","32":"product-type-simple"},"acf":[],"yoast_head":"<!-- This site is optimized with the Yoast SEO plugin v27.1.1 - https:\/\/yoast.com\/product\/yoast-seo-wordpress\/ -->\n<title>Esmalte ecol\u00f3gico al agua Titanlux Satinado Negro 250ml - Oller Pinturas y revestimientos<\/title>\n<meta name=\"description\" content=\"Este producto puede tener un tiempo de entrega superior a las 72h.\u00a0\" \/>\n<meta name=\"robots\" content=\"index, follow, max-snippet:-1, max-image-preview:large, max-video-preview:-1\" \/>\n<link rel=\"canonical\" href=\"https:\/\/ollerpintures.com\/es\/producto\/esmalte-ecologico-al-agua-titanlux-satinado-negro-250ml\/\" \/>\n<meta property=\"og:locale\" content=\"es_ES\" \/>\n<meta property=\"og:type\" content=\"article\" \/>\n<meta property=\"og:title\" content=\"Esmalte ecol\u00f3gico al agua Titanlux Satinado Negro 250ml - Oller Pinturas y revestimientos\" \/>\n<meta property=\"og:description\" content=\"Este producto puede tener un tiempo de entrega superior a las 72h.\u00a0\" \/>\n<meta property=\"og:url\" content=\"https:\/\/ollerpintures.com\/es\/producto\/esmalte-ecologico-al-agua-titanlux-satinado-negro-250ml\/\" \/>\n<meta property=\"og:site_name\" content=\"Oller Pinturas y revestimientos\" \/>\n<meta property=\"article:publisher\" content=\"https:\/\/www.facebook.com\/people\/Oller-Pintures\/100063652056709\/\" \/>\n<meta property=\"article:modified_time\" content=\"2023-01-16T11:28:52+00:00\" \/>\n<meta property=\"og:image\" content=\"https:\/\/ollerpintures.com\/wp-content\/uploads\/2023\/01\/esmalte-ecologico-titanlux-negro-oller-1.jpg\" \/>\n\t<meta property=\"og:image:width\" content=\"1080\" \/>\n\t<meta property=\"og:image:height\" content=\"1080\" \/>\n\t<meta property=\"og:image:type\" content=\"image\/jpeg\" \/>\n<meta name=\"twitter:card\" content=\"summary_large_image\" \/>\n<meta name=\"twitter:label1\" content=\"Tiempo de lectura\" \/>\n\t<meta name=\"twitter:data1\" content=\"1 minuto\" \/>\n<script type=\"application\/ld+json\" class=\"yoast-schema-graph\">{\"@context\":\"https:\/\/schema.org\",\"@graph\":[{\"@type\":\"WebPage\",\"@id\":\"https:\/\/ollerpintures.com\/es\/producto\/esmalte-ecologico-al-agua-titanlux-satinado-negro-250ml\/\",\"url\":\"https:\/\/ollerpintures.com\/es\/producto\/esmalte-ecologico-al-agua-titanlux-satinado-negro-250ml\/\",\"name\":\"Esmalte ecol\u00f3gico al agua Titanlux Satinado Negro 250ml - Oller Pinturas y revestimientos\",\"isPartOf\":{\"@id\":\"https:\/\/ollerpintures.com\/es\/#website\"},\"primaryImageOfPage\":{\"@id\":\"https:\/\/ollerpintures.com\/es\/producto\/esmalte-ecologico-al-agua-titanlux-satinado-negro-250ml\/#primaryimage\"},\"image\":{\"@id\":\"https:\/\/ollerpintures.com\/es\/producto\/esmalte-ecologico-al-agua-titanlux-satinado-negro-250ml\/#primaryimage\"},\"thumbnailUrl\":\"https:\/\/ollerpintures.com\/wp-content\/uploads\/2023\/01\/esmalte-ecologico-titanlux-negro-oller-1.jpg\",\"datePublished\":\"2023-01-13T10:03:19+00:00\",\"dateModified\":\"2023-01-16T11:28:52+00:00\",\"description\":\"Este producto puede tener un tiempo de entrega superior a las 72h.\u00a0\",\"breadcrumb\":{\"@id\":\"https:\/\/ollerpintures.com\/es\/producto\/esmalte-ecologico-al-agua-titanlux-satinado-negro-250ml\/#breadcrumb\"},\"inLanguage\":\"es\",\"potentialAction\":[{\"@type\":\"ReadAction\",\"target\":[\"https:\/\/ollerpintures.com\/es\/producto\/esmalte-ecologico-al-agua-titanlux-satinado-negro-250ml\/\"]}]},{\"@type\":\"ImageObject\",\"inLanguage\":\"es\",\"@id\":\"https:\/\/ollerpintures.com\/es\/producto\/esmalte-ecologico-al-agua-titanlux-satinado-negro-250ml\/#primaryimage\",\"url\":\"https:\/\/ollerpintures.com\/wp-content\/uploads\/2023\/01\/esmalte-ecologico-titanlux-negro-oller-1.jpg\",\"contentUrl\":\"https:\/\/ollerpintures.com\/wp-content\/uploads\/2023\/01\/esmalte-ecologico-titanlux-negro-oller-1.jpg\",\"width\":1080,\"height\":1080,\"caption\":\"esmalte ecologico titanlux negro oller\"},{\"@type\":\"BreadcrumbList\",\"@id\":\"https:\/\/ollerpintures.com\/es\/producto\/esmalte-ecologico-al-agua-titanlux-satinado-negro-250ml\/#breadcrumb\",\"itemListElement\":[{\"@type\":\"ListItem\",\"position\":1,\"name\":\"Inici\",\"item\":\"https:\/\/ollerpintures.com\/es\/\"},{\"@type\":\"ListItem\",\"position\":2,\"name\":\"Tienda\",\"item\":\"https:\/\/ollerpintures.com\/es\/tienda\/\"},{\"@type\":\"ListItem\",\"position\":3,\"name\":\"Esmalte ecol\u00f3gico al agua Titanlux Satinado Negro 250ml\"}]},{\"@type\":\"WebSite\",\"@id\":\"https:\/\/ollerpintures.com\/es\/#website\",\"url\":\"https:\/\/ollerpintures.com\/es\/\",\"name\":\"Oller Pinturas y Revestimientos\",\"description\":\"M\u00e1s de 50 a\u00f1os acompa\u00f1ando a profesionales y particulares con soluciones de pintura duraderas y sostenibles, seis tiendas de proximidad con servicio tintom\u00e9trico propio y un compromiso real con el oficio y las nuevas generaciones.\",\"publisher\":{\"@id\":\"https:\/\/ollerpintures.com\/es\/#organization\"},\"alternateName\":\"Oller Grup\",\"potentialAction\":[{\"@type\":\"SearchAction\",\"target\":{\"@type\":\"EntryPoint\",\"urlTemplate\":\"https:\/\/ollerpintures.com\/es\/?s={search_term_string}\"},\"query-input\":{\"@type\":\"PropertyValueSpecification\",\"valueRequired\":true,\"valueName\":\"search_term_string\"}}],\"inLanguage\":\"es\"},{\"@type\":\"Organization\",\"@id\":\"https:\/\/ollerpintures.com\/es\/#organization\",\"name\":\"Oller Pintures i Revestiments\",\"alternateName\":\"Oller Grup\",\"url\":\"https:\/\/ollerpintures.com\/es\/\",\"logo\":{\"@type\":\"ImageObject\",\"inLanguage\":\"es\",\"@id\":\"https:\/\/ollerpintures.com\/es\/#\/schema\/logo\/image\/\",\"url\":\"https:\/\/ollerpintures.com\/wp-content\/uploads\/2024\/05\/newLogo.png\",\"contentUrl\":\"https:\/\/ollerpintures.com\/wp-content\/uploads\/2024\/05\/newLogo.png\",\"width\":483,\"height\":244,\"caption\":\"Oller Pintures i Revestiments\"},\"image\":{\"@id\":\"https:\/\/ollerpintures.com\/es\/#\/schema\/logo\/image\/\"},\"sameAs\":[\"https:\/\/www.facebook.com\/people\/Oller-Pintures\/100063652056709\/\",\"https:\/\/www.instagram.com\/ollerpintures\/\",\"https:\/\/descriptor.es\/organization\/oller-grup\/\"]}]}<\/script>\n<!-- \/ Yoast SEO plugin. -->","yoast_head_json":{"title":"Esmalte ecol\u00f3gico al agua Titanlux Satinado Negro 250ml - Oller Pinturas y revestimientos","description":"Este producto puede tener un tiempo de entrega superior a las 72h.\u00a0","robots":{"index":"index","follow":"follow","max-snippet":"max-snippet:-1","max-image-preview":"max-image-preview:large","max-video-preview":"max-video-preview:-1"},"canonical":"https:\/\/ollerpintures.com\/es\/producto\/esmalte-ecologico-al-agua-titanlux-satinado-negro-250ml\/","og_locale":"es_ES","og_type":"article","og_title":"Esmalte ecol\u00f3gico al agua Titanlux Satinado Negro 250ml - Oller Pinturas y revestimientos","og_description":"Este producto puede tener un tiempo de entrega superior a las 72h.\u00a0","og_url":"https:\/\/ollerpintures.com\/es\/producto\/esmalte-ecologico-al-agua-titanlux-satinado-negro-250ml\/","og_site_name":"Oller Pinturas y revestimientos","article_publisher":"https:\/\/www.facebook.com\/people\/Oller-Pintures\/100063652056709\/","article_modified_time":"2023-01-16T11:28:52+00:00","og_image":[{"width":1080,"height":1080,"url":"https:\/\/ollerpintures.com\/wp-content\/uploads\/2023\/01\/esmalte-ecologico-titanlux-negro-oller-1.jpg","type":"image\/jpeg"}],"twitter_card":"summary_large_image","twitter_misc":{"Tiempo de lectura":"1 minuto"},"schema":{"@context":"https:\/\/schema.org","@graph":[{"@type":"WebPage","@id":"https:\/\/ollerpintures.com\/es\/producto\/esmalte-ecologico-al-agua-titanlux-satinado-negro-250ml\/","url":"https:\/\/ollerpintures.com\/es\/producto\/esmalte-ecologico-al-agua-titanlux-satinado-negro-250ml\/","name":"Esmalte ecol\u00f3gico al agua Titanlux Satinado Negro 250ml - Oller Pinturas y revestimientos","isPartOf":{"@id":"https:\/\/ollerpintures.com\/es\/#website"},"primaryImageOfPage":{"@id":"https:\/\/ollerpintures.com\/es\/producto\/esmalte-ecologico-al-agua-titanlux-satinado-negro-250ml\/#primaryimage"},"image":{"@id":"https:\/\/ollerpintures.com\/es\/producto\/esmalte-ecologico-al-agua-titanlux-satinado-negro-250ml\/#primaryimage"},"thumbnailUrl":"https:\/\/ollerpintures.com\/wp-content\/uploads\/2023\/01\/esmalte-ecologico-titanlux-negro-oller-1.jpg","datePublished":"2023-01-13T10:03:19+00:00","dateModified":"2023-01-16T11:28:52+00:00","description":"Este producto puede tener un tiempo de entrega superior a las 72h.\u00a0","breadcrumb":{"@id":"https:\/\/ollerpintures.com\/es\/producto\/esmalte-ecologico-al-agua-titanlux-satinado-negro-250ml\/#breadcrumb"},"inLanguage":"es","potentialAction":[{"@type":"ReadAction","target":["https:\/\/ollerpintures.com\/es\/producto\/esmalte-ecologico-al-agua-titanlux-satinado-negro-250ml\/"]}]},{"@type":"ImageObject","inLanguage":"es","@id":"https:\/\/ollerpintures.com\/es\/producto\/esmalte-ecologico-al-agua-titanlux-satinado-negro-250ml\/#primaryimage","url":"https:\/\/ollerpintures.com\/wp-content\/uploads\/2023\/01\/esmalte-ecologico-titanlux-negro-oller-1.jpg","contentUrl":"https:\/\/ollerpintures.com\/wp-content\/uploads\/2023\/01\/esmalte-ecologico-titanlux-negro-oller-1.jpg","width":1080,"height":1080,"caption":"esmalte ecologico titanlux negro oller"},{"@type":"BreadcrumbList","@id":"https:\/\/ollerpintures.com\/es\/producto\/esmalte-ecologico-al-agua-titanlux-satinado-negro-250ml\/#breadcrumb","itemListElement":[{"@type":"ListItem","position":1,"name":"Inici","item":"https:\/\/ollerpintures.com\/es\/"},{"@type":"ListItem","position":2,"name":"Tienda","item":"https:\/\/ollerpintures.com\/es\/tienda\/"},{"@type":"ListItem","position":3,"name":"Esmalte ecol\u00f3gico al agua Titanlux Satinado Negro 250ml"}]},{"@type":"WebSite","@id":"https:\/\/ollerpintures.com\/es\/#website","url":"https:\/\/ollerpintures.com\/es\/","name":"Oller Pinturas y Revestimientos","description":"M\u00e1s de 50 a\u00f1os acompa\u00f1ando a profesionales y particulares con soluciones de pintura duraderas y sostenibles, seis tiendas de proximidad con servicio tintom\u00e9trico propio y un compromiso real con el oficio y las nuevas generaciones.","publisher":{"@id":"https:\/\/ollerpintures.com\/es\/#organization"},"alternateName":"Oller Grup","potentialAction":[{"@type":"SearchAction","target":{"@type":"EntryPoint","urlTemplate":"https:\/\/ollerpintures.com\/es\/?s={search_term_string}"},"query-input":{"@type":"PropertyValueSpecification","valueRequired":true,"valueName":"search_term_string"}}],"inLanguage":"es"},{"@type":"Organization","@id":"https:\/\/ollerpintures.com\/es\/#organization","name":"Oller Pintures i Revestiments","alternateName":"Oller Grup","url":"https:\/\/ollerpintures.com\/es\/","logo":{"@type":"ImageObject","inLanguage":"es","@id":"https:\/\/ollerpintures.com\/es\/#\/schema\/logo\/image\/","url":"https:\/\/ollerpintures.com\/wp-content\/uploads\/2024\/05\/newLogo.png","contentUrl":"https:\/\/ollerpintures.com\/wp-content\/uploads\/2024\/05\/newLogo.png","width":483,"height":244,"caption":"Oller Pintures i Revestiments"},"image":{"@id":"https:\/\/ollerpintures.com\/es\/#\/schema\/logo\/image\/"},"sameAs":["https:\/\/www.facebook.com\/people\/Oller-Pintures\/100063652056709\/","https:\/\/www.instagram.com\/ollerpintures\/","https:\/\/descriptor.es\/organization\/oller-grup\/"]}]}},"brands":[{"id":1965,"name":"Titan","slug":"titan-2"}],"_links":{"self":[{"href":"https:\/\/ollerpintures.com\/es\/wp-json\/wp\/v2\/product\/23777","targetHints":{"allow":["GET"]}}],"collection":[{"href":"https:\/\/ollerpintures.com\/es\/wp-json\/wp\/v2\/product"}],"about":[{"href":"https:\/\/ollerpintures.com\/es\/wp-json\/wp\/v2\/types\/product"}],"wp:featuredmedia":[{"embeddable":true,"href":"https:\/\/ollerpintures.com\/es\/wp-json\/wp\/v2\/media\/23799"}],"wp:attachment":[{"href":"https:\/\/ollerpintures.com\/es\/wp-json\/wp\/v2\/media?parent=23777"}],"wp:term":[{"taxonomy":"pwb-brand","embeddable":true,"href":"https:\/\/ollerpintures.com\/es\/wp-json\/wp\/v2\/pwb-brand?post=23777"},{"taxonomy":"product_brand","embeddable":true,"href":"https:\/\/ollerpintures.com\/es\/wp-json\/wp\/v2\/product_brand?post=23777"},{"taxonomy":"product_cat","embeddable":true,"href":"https:\/\/ollerpintures.com\/es\/wp-json\/wp\/v2\/product_cat?post=23777"},{"taxonomy":"product_tag","embeddable":true,"href":"https:\/\/ollerpintures.com\/es\/wp-json\/wp\/v2\/product_tag?post=23777"}],"curies":[{"name":"wp","href":"https:\/\/api.w.org\/{rel}","templated":true}]}}