{"id":22275,"date":"2022-08-29T09:54:17","date_gmt":"2022-08-29T08:54:17","guid":{"rendered":"https:\/\/oller-pintures.c.wetopi.com\/?post_type=product&#038;p=22275"},"modified":"2022-08-30T11:14:31","modified_gmt":"2022-08-30T10:14:31","slug":"pintura-satinada-la-pajarita-sombra-tostada","status":"publish","type":"product","link":"https:\/\/ollerpintures.com\/es\/producto\/pintura-satinada-la-pajarita-sombra-tostada\/","title":{"rendered":"Pintura satinada LA PAJARITA Sombra Tostada"},"content":{"rendered":"<p>La Pintura Satinada es una <strong>pintura de base l\u00e1tex<\/strong> que permite realizar manualidades y pintar sobre un gran n\u00famero de superficies: <strong>lienzo, porexpan, papel mach\u00e9, madera, cart\u00f3n, corcho, goma eva<\/strong>&#8230; Sus <strong>colores son f\u00e1cilmente mezclables entre ellos<\/strong>, lo que nos permite dejar volar nuestra creatividad. Adem\u00e1s, dispone de un <strong>alto nivel de cubrici\u00f3n<\/strong>, es <strong>muy el\u00e1stica<\/strong> <strong>y<\/strong> <strong>resistente<\/strong> al paso del tiempo.<\/p>\n<p>Su formulaci\u00f3n la hace ideal para su uso en <strong>proyectos de creatividad infantil,<\/strong> ya que est\u00e1 realizada con materias primas que no contienen sustancias causantes de los problemas m\u00e1s habituales relacionados con alergias.<\/p>\n<p>Adem\u00e1s, la pintura satinada cumple con la<strong> normativa EN71-3<\/strong>, lo que la hace totalmente segura para su uso sobre juguetes y material que tenga que ser utilizado por ni\u00f1os y ni\u00f1as.<\/p>\n<p><strong>Aplicaciones<\/strong>:<\/p>\n<ul>\n<li>Manualidades infantiles<\/li>\n<li>Decoraci\u00f3n de muebles peque\u00f1os y elementos decorativos<\/li>\n<li>Personalizaci\u00f3n de accesorios<\/li>\n<li>Material escolar<\/li>\n<li>Iniciaci\u00f3n a la pintura e ilustraci\u00f3n juvenil<\/li>\n<\/ul>\n<p><strong>Superficies indicadas:<\/strong><\/p>\n<ul>\n<li>Cart\u00f3n<\/li>\n<li>Yeso<\/li>\n<li>Madera<\/li>\n<li>Metal<\/li>\n<li>Papel<\/li>\n<li>Lienzo<\/li>\n<li>Porexpan<\/li>\n<li>Papel mach\u00e9<\/li>\n<li>Piedra<\/li>\n<li>Corcho<\/li>\n<li>Goma Eva<\/li>\n<\/ul>\n<p><strong>Utensilios de aplicaci\u00f3n:\u00a0<\/strong><\/p>\n<ul>\n<li>Brocha<\/li>\n<li>Pincel<\/li>\n<li>Pistola<\/li>\n<li>Rodillo<\/li>\n<li>Aer\u00f3grafo<\/li>\n<\/ul>\n<p><strong>Caracter\u00edsticas:\u00a0<\/strong><\/p>\n<ul>\n<li>Acabado: satinado<\/li>\n<li>Densidad: 1.303<\/li>\n<li>Rendimiento: 10-12m2\/L<\/li>\n<li>Limpieza: agua y jab\u00f3n<\/li>\n<li>Secado al tacto: 30-40min<\/li>\n<li>Secado para repintado: 3-4h<\/li>\n<li>Secado total: 24h<\/li>\n<li>Diluyente: agua<\/li>\n<\/ul>\n<p>&nbsp;<\/p>\n<p><strong>Este producto puede tener un tiempo de entrega superior a 72h.<\/strong><\/p>\n<p>&nbsp;<\/p>\n<p>&nbsp;<\/p>\n<p>&nbsp;<\/p>\n","protected":false},"excerpt":{"rendered":"<p><strong>Este producto puede tener un tiempo de entrega superior a 72h.<\/strong><\/p>\n<p>La Pintura Satinada es una <strong>pintura de base l\u00e1tex<\/strong> que permite realizar <strong>manualidades<\/strong> y pintar sobre un gran n\u00famero de superficies: <strong>lienzo, porexpan, papel mach\u00e9, madera, piedra, cartr\u00f3n, corcho, goma eva<\/strong>&#8230; Sus<strong> colores son f\u00e1cilmente mezclables entre si<\/strong>, lo que nos permite dejar volar nuestra creatividad. Adem\u00e1s, dispone de un<strong> alto nivel de cubrici\u00f3n,<\/strong> es <strong>muy el\u00e1stica y resistente<\/strong> al paso del tiempo.<\/p>\n","protected":false},"featured_media":22279,"template":"","meta":{"_acf_changed":false},"pwb-brand":[1810],"product_brand":[],"product_cat":[201,850,1811],"product_tag":[1812,1813,215,1814],"class_list":{"0":"post-22275","1":"product","2":"type-product","3":"status-publish","4":"has-post-thumbnail","6":"pwb-brand-la-pajarita-2","7":"product_cat-pintura-es","8":"product_cat-pintura-decorativa-es","9":"product_cat-pintura-satinada-la-pajarita","10":"product_tag-la-pajarita-2","11":"product_tag-manualidades","12":"product_tag-pintura-es","13":"product_tag-pintura-decorativa-2","14":"no-featured-image-padding","15":"resize-featured-image","16":"sales-flash-overlay","17":"woocommerce-text-align-left","18":"woocommerce-image-align-center","19":"do-quantity-buttons","21":"first","22":"instock","23":"shipping-taxable","24":"purchasable","25":"product-type-variable"},"acf":[],"yoast_head":"<!-- This site is optimized with the Yoast SEO plugin v27.1.1 - https:\/\/yoast.com\/product\/yoast-seo-wordpress\/ -->\n<title>Pintura satinada LA PAJARITA Sombra Tostada - Oller Pinturas y revestimientos<\/title>\n<meta name=\"description\" content=\"Este producto puede tener un tiempo de entrega superior a 72h.  La Pintura Satinada es una pintura de base l\u00e1tex que permite realizar manualidades y pintar sobre un gran n\u00famero de superficies: lienzo, porexpan, papel mach\u00e9, madera, piedra, cartr\u00f3n, corcho, goma eva... Sus colores son f\u00e1cilmente mezclables entre si, lo que nos permite dejar volar nuestra creatividad. Adem\u00e1s, dispone de un alto nivel de cubrici\u00f3n, es muy el\u00e1stica y resistente al paso del tiempo.\" \/>\n<meta name=\"robots\" content=\"index, follow, max-snippet:-1, max-image-preview:large, max-video-preview:-1\" \/>\n<link rel=\"canonical\" href=\"https:\/\/ollerpintures.com\/es\/producto\/pintura-satinada-la-pajarita-sombra-tostada\/\" \/>\n<meta property=\"og:locale\" content=\"es_ES\" \/>\n<meta property=\"og:type\" content=\"article\" \/>\n<meta property=\"og:title\" content=\"Pintura satinada LA PAJARITA Sombra Tostada - Oller Pinturas y revestimientos\" \/>\n<meta property=\"og:description\" content=\"Este producto puede tener un tiempo de entrega superior a 72h.  La Pintura Satinada es una pintura de base l\u00e1tex que permite realizar manualidades y pintar sobre un gran n\u00famero de superficies: lienzo, porexpan, papel mach\u00e9, madera, piedra, cartr\u00f3n, corcho, goma eva... Sus colores son f\u00e1cilmente mezclables entre si, lo que nos permite dejar volar nuestra creatividad. Adem\u00e1s, dispone de un alto nivel de cubrici\u00f3n, es muy el\u00e1stica y resistente al paso del tiempo.\" \/>\n<meta property=\"og:url\" content=\"https:\/\/ollerpintures.com\/es\/producto\/pintura-satinada-la-pajarita-sombra-tostada\/\" \/>\n<meta property=\"og:site_name\" content=\"Oller Pinturas y revestimientos\" \/>\n<meta property=\"article:publisher\" content=\"https:\/\/www.facebook.com\/people\/Oller-Pintures\/100063652056709\/\" \/>\n<meta property=\"article:modified_time\" content=\"2022-08-30T10:14:31+00:00\" \/>\n<meta property=\"og:image\" content=\"https:\/\/ollerpintures.com\/wp-content\/uploads\/2022\/08\/comprar-pintura-la-pajarita-para-manualidades-satinada-sombra-tostada.jpg\" \/>\n\t<meta property=\"og:image:width\" content=\"1080\" \/>\n\t<meta property=\"og:image:height\" content=\"1080\" \/>\n\t<meta property=\"og:image:type\" content=\"image\/jpeg\" \/>\n<meta name=\"twitter:card\" content=\"summary_large_image\" \/>\n<meta name=\"twitter:label1\" content=\"Tiempo de lectura\" \/>\n\t<meta name=\"twitter:data1\" content=\"1 minuto\" \/>\n<script type=\"application\/ld+json\" class=\"yoast-schema-graph\">{\"@context\":\"https:\/\/schema.org\",\"@graph\":[{\"@type\":\"WebPage\",\"@id\":\"https:\/\/ollerpintures.com\/es\/producto\/pintura-satinada-la-pajarita-sombra-tostada\/\",\"url\":\"https:\/\/ollerpintures.com\/es\/producto\/pintura-satinada-la-pajarita-sombra-tostada\/\",\"name\":\"Pintura satinada LA PAJARITA Sombra Tostada - Oller Pinturas y revestimientos\",\"isPartOf\":{\"@id\":\"https:\/\/ollerpintures.com\/es\/#website\"},\"primaryImageOfPage\":{\"@id\":\"https:\/\/ollerpintures.com\/es\/producto\/pintura-satinada-la-pajarita-sombra-tostada\/#primaryimage\"},\"image\":{\"@id\":\"https:\/\/ollerpintures.com\/es\/producto\/pintura-satinada-la-pajarita-sombra-tostada\/#primaryimage\"},\"thumbnailUrl\":\"https:\/\/ollerpintures.com\/wp-content\/uploads\/2022\/08\/comprar-pintura-la-pajarita-para-manualidades-satinada-sombra-tostada.jpg\",\"datePublished\":\"2022-08-29T08:54:17+00:00\",\"dateModified\":\"2022-08-30T10:14:31+00:00\",\"description\":\"Este producto puede tener un tiempo de entrega superior a 72h. La Pintura Satinada es una pintura de base l\u00e1tex que permite realizar manualidades y pintar sobre un gran n\u00famero de superficies: lienzo, porexpan, papel mach\u00e9, madera, piedra, cartr\u00f3n, corcho, goma eva... Sus colores son f\u00e1cilmente mezclables entre si, lo que nos permite dejar volar nuestra creatividad. Adem\u00e1s, dispone de un alto nivel de cubrici\u00f3n, es muy el\u00e1stica y resistente al paso del tiempo.\",\"breadcrumb\":{\"@id\":\"https:\/\/ollerpintures.com\/es\/producto\/pintura-satinada-la-pajarita-sombra-tostada\/#breadcrumb\"},\"inLanguage\":\"es\",\"potentialAction\":[{\"@type\":\"ReadAction\",\"target\":[\"https:\/\/ollerpintures.com\/es\/producto\/pintura-satinada-la-pajarita-sombra-tostada\/\"]}]},{\"@type\":\"ImageObject\",\"inLanguage\":\"es\",\"@id\":\"https:\/\/ollerpintures.com\/es\/producto\/pintura-satinada-la-pajarita-sombra-tostada\/#primaryimage\",\"url\":\"https:\/\/ollerpintures.com\/wp-content\/uploads\/2022\/08\/comprar-pintura-la-pajarita-para-manualidades-satinada-sombra-tostada.jpg\",\"contentUrl\":\"https:\/\/ollerpintures.com\/wp-content\/uploads\/2022\/08\/comprar-pintura-la-pajarita-para-manualidades-satinada-sombra-tostada.jpg\",\"width\":1080,\"height\":1080,\"caption\":\"pintura satinada sombra tostada la pajarita\"},{\"@type\":\"BreadcrumbList\",\"@id\":\"https:\/\/ollerpintures.com\/es\/producto\/pintura-satinada-la-pajarita-sombra-tostada\/#breadcrumb\",\"itemListElement\":[{\"@type\":\"ListItem\",\"position\":1,\"name\":\"Inici\",\"item\":\"https:\/\/ollerpintures.com\/es\/\"},{\"@type\":\"ListItem\",\"position\":2,\"name\":\"Tienda\",\"item\":\"https:\/\/ollerpintures.com\/es\/tienda\/\"},{\"@type\":\"ListItem\",\"position\":3,\"name\":\"Pintura satinada LA PAJARITA Sombra Tostada\"}]},{\"@type\":\"WebSite\",\"@id\":\"https:\/\/ollerpintures.com\/es\/#website\",\"url\":\"https:\/\/ollerpintures.com\/es\/\",\"name\":\"Oller Pinturas y Revestimientos\",\"description\":\"M\u00e1s de 50 a\u00f1os acompa\u00f1ando a profesionales y particulares con soluciones de pintura duraderas y sostenibles, seis tiendas de proximidad con servicio tintom\u00e9trico propio y un compromiso real con el oficio y las nuevas generaciones.\",\"publisher\":{\"@id\":\"https:\/\/ollerpintures.com\/es\/#organization\"},\"alternateName\":\"Oller Grup\",\"potentialAction\":[{\"@type\":\"SearchAction\",\"target\":{\"@type\":\"EntryPoint\",\"urlTemplate\":\"https:\/\/ollerpintures.com\/es\/?s={search_term_string}\"},\"query-input\":{\"@type\":\"PropertyValueSpecification\",\"valueRequired\":true,\"valueName\":\"search_term_string\"}}],\"inLanguage\":\"es\"},{\"@type\":\"Organization\",\"@id\":\"https:\/\/ollerpintures.com\/es\/#organization\",\"name\":\"Oller Pintures i Revestiments\",\"alternateName\":\"Oller Grup\",\"url\":\"https:\/\/ollerpintures.com\/es\/\",\"logo\":{\"@type\":\"ImageObject\",\"inLanguage\":\"es\",\"@id\":\"https:\/\/ollerpintures.com\/es\/#\/schema\/logo\/image\/\",\"url\":\"https:\/\/ollerpintures.com\/wp-content\/uploads\/2024\/05\/newLogo.png\",\"contentUrl\":\"https:\/\/ollerpintures.com\/wp-content\/uploads\/2024\/05\/newLogo.png\",\"width\":483,\"height\":244,\"caption\":\"Oller Pintures i Revestiments\"},\"image\":{\"@id\":\"https:\/\/ollerpintures.com\/es\/#\/schema\/logo\/image\/\"},\"sameAs\":[\"https:\/\/www.facebook.com\/people\/Oller-Pintures\/100063652056709\/\",\"https:\/\/www.instagram.com\/ollerpintures\/\",\"https:\/\/descriptor.es\/organization\/oller-grup\/\"]}]}<\/script>\n<!-- \/ Yoast SEO plugin. -->","yoast_head_json":{"title":"Pintura satinada LA PAJARITA Sombra Tostada - Oller Pinturas y revestimientos","description":"Este producto puede tener un tiempo de entrega superior a 72h.  La Pintura Satinada es una pintura de base l\u00e1tex que permite realizar manualidades y pintar sobre un gran n\u00famero de superficies: lienzo, porexpan, papel mach\u00e9, madera, piedra, cartr\u00f3n, corcho, goma eva... Sus colores son f\u00e1cilmente mezclables entre si, lo que nos permite dejar volar nuestra creatividad. Adem\u00e1s, dispone de un alto nivel de cubrici\u00f3n, es muy el\u00e1stica y resistente al paso del tiempo.","robots":{"index":"index","follow":"follow","max-snippet":"max-snippet:-1","max-image-preview":"max-image-preview:large","max-video-preview":"max-video-preview:-1"},"canonical":"https:\/\/ollerpintures.com\/es\/producto\/pintura-satinada-la-pajarita-sombra-tostada\/","og_locale":"es_ES","og_type":"article","og_title":"Pintura satinada LA PAJARITA Sombra Tostada - Oller Pinturas y revestimientos","og_description":"Este producto puede tener un tiempo de entrega superior a 72h.  La Pintura Satinada es una pintura de base l\u00e1tex que permite realizar manualidades y pintar sobre un gran n\u00famero de superficies: lienzo, porexpan, papel mach\u00e9, madera, piedra, cartr\u00f3n, corcho, goma eva... Sus colores son f\u00e1cilmente mezclables entre si, lo que nos permite dejar volar nuestra creatividad. Adem\u00e1s, dispone de un alto nivel de cubrici\u00f3n, es muy el\u00e1stica y resistente al paso del tiempo.","og_url":"https:\/\/ollerpintures.com\/es\/producto\/pintura-satinada-la-pajarita-sombra-tostada\/","og_site_name":"Oller Pinturas y revestimientos","article_publisher":"https:\/\/www.facebook.com\/people\/Oller-Pintures\/100063652056709\/","article_modified_time":"2022-08-30T10:14:31+00:00","og_image":[{"width":1080,"height":1080,"url":"https:\/\/ollerpintures.com\/wp-content\/uploads\/2022\/08\/comprar-pintura-la-pajarita-para-manualidades-satinada-sombra-tostada.jpg","type":"image\/jpeg"}],"twitter_card":"summary_large_image","twitter_misc":{"Tiempo de lectura":"1 minuto"},"schema":{"@context":"https:\/\/schema.org","@graph":[{"@type":"WebPage","@id":"https:\/\/ollerpintures.com\/es\/producto\/pintura-satinada-la-pajarita-sombra-tostada\/","url":"https:\/\/ollerpintures.com\/es\/producto\/pintura-satinada-la-pajarita-sombra-tostada\/","name":"Pintura satinada LA PAJARITA Sombra Tostada - Oller Pinturas y revestimientos","isPartOf":{"@id":"https:\/\/ollerpintures.com\/es\/#website"},"primaryImageOfPage":{"@id":"https:\/\/ollerpintures.com\/es\/producto\/pintura-satinada-la-pajarita-sombra-tostada\/#primaryimage"},"image":{"@id":"https:\/\/ollerpintures.com\/es\/producto\/pintura-satinada-la-pajarita-sombra-tostada\/#primaryimage"},"thumbnailUrl":"https:\/\/ollerpintures.com\/wp-content\/uploads\/2022\/08\/comprar-pintura-la-pajarita-para-manualidades-satinada-sombra-tostada.jpg","datePublished":"2022-08-29T08:54:17+00:00","dateModified":"2022-08-30T10:14:31+00:00","description":"Este producto puede tener un tiempo de entrega superior a 72h. La Pintura Satinada es una pintura de base l\u00e1tex que permite realizar manualidades y pintar sobre un gran n\u00famero de superficies: lienzo, porexpan, papel mach\u00e9, madera, piedra, cartr\u00f3n, corcho, goma eva... Sus colores son f\u00e1cilmente mezclables entre si, lo que nos permite dejar volar nuestra creatividad. Adem\u00e1s, dispone de un alto nivel de cubrici\u00f3n, es muy el\u00e1stica y resistente al paso del tiempo.","breadcrumb":{"@id":"https:\/\/ollerpintures.com\/es\/producto\/pintura-satinada-la-pajarita-sombra-tostada\/#breadcrumb"},"inLanguage":"es","potentialAction":[{"@type":"ReadAction","target":["https:\/\/ollerpintures.com\/es\/producto\/pintura-satinada-la-pajarita-sombra-tostada\/"]}]},{"@type":"ImageObject","inLanguage":"es","@id":"https:\/\/ollerpintures.com\/es\/producto\/pintura-satinada-la-pajarita-sombra-tostada\/#primaryimage","url":"https:\/\/ollerpintures.com\/wp-content\/uploads\/2022\/08\/comprar-pintura-la-pajarita-para-manualidades-satinada-sombra-tostada.jpg","contentUrl":"https:\/\/ollerpintures.com\/wp-content\/uploads\/2022\/08\/comprar-pintura-la-pajarita-para-manualidades-satinada-sombra-tostada.jpg","width":1080,"height":1080,"caption":"pintura satinada sombra tostada la pajarita"},{"@type":"BreadcrumbList","@id":"https:\/\/ollerpintures.com\/es\/producto\/pintura-satinada-la-pajarita-sombra-tostada\/#breadcrumb","itemListElement":[{"@type":"ListItem","position":1,"name":"Inici","item":"https:\/\/ollerpintures.com\/es\/"},{"@type":"ListItem","position":2,"name":"Tienda","item":"https:\/\/ollerpintures.com\/es\/tienda\/"},{"@type":"ListItem","position":3,"name":"Pintura satinada LA PAJARITA Sombra Tostada"}]},{"@type":"WebSite","@id":"https:\/\/ollerpintures.com\/es\/#website","url":"https:\/\/ollerpintures.com\/es\/","name":"Oller Pinturas y Revestimientos","description":"M\u00e1s de 50 a\u00f1os acompa\u00f1ando a profesionales y particulares con soluciones de pintura duraderas y sostenibles, seis tiendas de proximidad con servicio tintom\u00e9trico propio y un compromiso real con el oficio y las nuevas generaciones.","publisher":{"@id":"https:\/\/ollerpintures.com\/es\/#organization"},"alternateName":"Oller Grup","potentialAction":[{"@type":"SearchAction","target":{"@type":"EntryPoint","urlTemplate":"https:\/\/ollerpintures.com\/es\/?s={search_term_string}"},"query-input":{"@type":"PropertyValueSpecification","valueRequired":true,"valueName":"search_term_string"}}],"inLanguage":"es"},{"@type":"Organization","@id":"https:\/\/ollerpintures.com\/es\/#organization","name":"Oller Pintures i Revestiments","alternateName":"Oller Grup","url":"https:\/\/ollerpintures.com\/es\/","logo":{"@type":"ImageObject","inLanguage":"es","@id":"https:\/\/ollerpintures.com\/es\/#\/schema\/logo\/image\/","url":"https:\/\/ollerpintures.com\/wp-content\/uploads\/2024\/05\/newLogo.png","contentUrl":"https:\/\/ollerpintures.com\/wp-content\/uploads\/2024\/05\/newLogo.png","width":483,"height":244,"caption":"Oller Pintures i Revestiments"},"image":{"@id":"https:\/\/ollerpintures.com\/es\/#\/schema\/logo\/image\/"},"sameAs":["https:\/\/www.facebook.com\/people\/Oller-Pintures\/100063652056709\/","https:\/\/www.instagram.com\/ollerpintures\/","https:\/\/descriptor.es\/organization\/oller-grup\/"]}]}},"brands":[{"id":1810,"name":"La Pajarita","slug":"la-pajarita-2"}],"_links":{"self":[{"href":"https:\/\/ollerpintures.com\/es\/wp-json\/wp\/v2\/product\/22275","targetHints":{"allow":["GET"]}}],"collection":[{"href":"https:\/\/ollerpintures.com\/es\/wp-json\/wp\/v2\/product"}],"about":[{"href":"https:\/\/ollerpintures.com\/es\/wp-json\/wp\/v2\/types\/product"}],"wp:featuredmedia":[{"embeddable":true,"href":"https:\/\/ollerpintures.com\/es\/wp-json\/wp\/v2\/media\/22279"}],"wp:attachment":[{"href":"https:\/\/ollerpintures.com\/es\/wp-json\/wp\/v2\/media?parent=22275"}],"wp:term":[{"taxonomy":"pwb-brand","embeddable":true,"href":"https:\/\/ollerpintures.com\/es\/wp-json\/wp\/v2\/pwb-brand?post=22275"},{"taxonomy":"product_brand","embeddable":true,"href":"https:\/\/ollerpintures.com\/es\/wp-json\/wp\/v2\/product_brand?post=22275"},{"taxonomy":"product_cat","embeddable":true,"href":"https:\/\/ollerpintures.com\/es\/wp-json\/wp\/v2\/product_cat?post=22275"},{"taxonomy":"product_tag","embeddable":true,"href":"https:\/\/ollerpintures.com\/es\/wp-json\/wp\/v2\/product_tag?post=22275"}],"curies":[{"name":"wp","href":"https:\/\/api.w.org\/{rel}","templated":true}]}}